{"id":10058,"date":"2016-09-08T15:42:03","date_gmt":"2016-09-08T13:42:03","guid":{"rendered":"https:\/\/pequod.nesodd1.no\/?page_id=10058"},"modified":"2020-10-27T08:43:51","modified_gmt":"2020-10-27T07:43:51","slug":"oksenoya-marina","status":"publish","type":"page","link":"https:\/\/pequod.nesodd1.no\/?page_id=10058","title":{"rendered":"Oksen\u00f8ya Marina"},"content":{"rendered":"<p><strong>Hvor:&nbsp;<\/strong>Oksen\u00f8ya, B\u00e6rum<br \/>\n<strong>Posisjon:&nbsp;<\/strong>59\u00b053&#8217;47.2&#8243;N 10\u00b035&#8217;48.1&#8243;E<br \/>\n<strong>Type drivstoff: <\/strong>Bensin og diesel<br \/>\n<strong>Drivstoffkvalitet:<\/strong> EN590<br \/>\n<strong>Leverand\u00f8r:&nbsp;<\/strong>Energi 1 Olje<br \/>\n<strong>Pumpe:&nbsp;<\/strong>Kortautomat 24 timer, bankkort\/Visa\/Mastercard<br \/>\n<strong>Pris (dato sist jeg fylte) : <span style=\"color: #800000;\">10,99<\/span><\/strong> (2018)<br \/>\n<strong>Kommentar:&nbsp;<\/strong>B\u00e5tutstyrsbutikk og kiosk p\u00e5 stedet. Utilgjengelig fra sj\u00f8veien p\u00e5 vinterstid ettersom isen fryser lett i dette omr\u00e5det. Tilbyr ogs\u00e5 vinteropplag og b\u00e5thotell.<\/p>\n<p><a href=\"https:\/\/pequod.nesodd1.no\/?attachment_id=10062\" rel=\"attachment wp-att-10062\"><img data-recalc-dims=\"1\" loading=\"lazy\" decoding=\"async\" data-attachment-id=\"10062\" data-permalink=\"https:\/\/pequod.nesodd1.no\/?attachment_id=10062\" data-orig-file=\"https:\/\/i0.wp.com\/pequod.nesodd1.no\/wp-content\/uploads\/2016\/09\/1-IMG_9377.CR2_.jpg?fit=640%2C427&amp;ssl=1\" data-orig-size=\"640,427\" data-comments-opened=\"1\" data-image-meta=\"{&quot;aperture&quot;:&quot;10&quot;,&quot;credit&quot;:&quot;Picasa&quot;,&quot;camera&quot;:&quot;Canon EOS 700D&quot;,&quot;caption&quot;:&quot;&quot;,&quot;created_timestamp&quot;:&quot;1405016311&quot;,&quot;copyright&quot;:&quot;&quot;,&quot;focal_length&quot;:&quot;28&quot;,&quot;iso&quot;:&quot;100&quot;,&quot;shutter_speed&quot;:&quot;0.008&quot;,&quot;title&quot;:&quot;&quot;,&quot;orientation&quot;:&quot;0&quot;}\" data-image-title=\"1-img_9377-cr2\" data-image-description=\"&lt;p&gt;Oksen\u00f8ya&lt;\/p&gt;\n\" data-image-caption=\"\" data-large-file=\"https:\/\/i0.wp.com\/pequod.nesodd1.no\/wp-content\/uploads\/2016\/09\/1-IMG_9377.CR2_.jpg?fit=640%2C427&amp;ssl=1\" class=\"alignleft wp-image-10062 size-medium\" src=\"https:\/\/i0.wp.com\/pequod.nesodd1.no\/wp-content\/uploads\/2016\/09\/1-IMG_9377.CR2_.jpg?resize=300%2C200&#038;ssl=1\" alt=\"1-img_9377-cr2\" width=\"300\" height=\"200\" srcset=\"https:\/\/i0.wp.com\/pequod.nesodd1.no\/wp-content\/uploads\/2016\/09\/1-IMG_9377.CR2_.jpg?resize=300%2C200&amp;ssl=1 300w, https:\/\/i0.wp.com\/pequod.nesodd1.no\/wp-content\/uploads\/2016\/09\/1-IMG_9377.CR2_.jpg?w=640&amp;ssl=1 640w\" sizes=\"auto, (max-width: 300px) 100vw, 300px\" \/><\/a>Har tradisjonelt v\u00e6rt den rimeligst dieselfyllinga innerst i Oslofjorden. Holdt seg mange \u00e5r under tosifra p\u00e5 pumpeprisen, men s\u00e5 kom Frp i regjering&#8230; Spr\u00f8tt &#8211; men sant! Har ikke fylt der p\u00e5 en stund, og ikke med nyb\u00e5ten &#8211; har tenkt \u00e5 pr\u00f8ve det etter hvert.<\/p>\n<p>Har de siste \u00e5rene f\u00e5tt konkurranse fra b\u00e5de Oppeg\u00e5rd b\u00e5tforening (som er n\u00e6rmest meg) og Ullern b\u00e5tforening p\u00e5 pris &#8211; leverand\u00f8r til samtlige er Energi 1.&nbsp; S\u00e6rlig Oppeg\u00e5rd har de siste par \u00e5rene v\u00e6rt noen \u00f8re rimeligere enn Oksen\u00f8ya, s\u00e5 derfor er det en stund siden jeg har v\u00e6rt her.<\/p>\n<p>Har ogs\u00e5 f\u00e5tt bensinfylling, noe de ikke hadde de f\u00f8rste \u00e5rene jeg brukte dem.<\/p>\n<p><a href=\"http:\/\/oksenoyamarina.no\/\" target=\"_blank\" rel=\"noopener noreferrer\">Nettside.<\/a><\/p>\n<h3>Related Images:<\/h3>","protected":false},"excerpt":{"rendered":"<p>Hvor:&nbsp;Oksen\u00f8ya, B\u00e6rum Posisjon:&nbsp;59\u00b053&#8217;47.2&#8243;N 10\u00b035&#8217;48.1&#8243;E Type drivstoff: Bensin og diesel Drivstoffkvalitet: EN590 Leverand\u00f8r:&nbsp;Energi 1 Olje Pumpe:&nbsp;Kortautomat 24 timer, bankkort\/Visa\/Mastercard Pris (dato sist jeg fylte) : 10,99 (2018) Kommentar:&nbsp;B\u00e5tutstyrsbutikk og kiosk p\u00e5 stedet. Utilgjengelig fra sj\u00f8veien p\u00e5 vinterstid ettersom isen fryser lett i dette omr\u00e5det. Tilbyr ogs\u00e5 vinteropplag og b\u00e5thotell. Har tradisjonelt v\u00e6rt den rimeligst dieselfyllinga innerst &hellip;<br \/><a href=\"https:\/\/pequod.nesodd1.no\/?page_id=10058\" class=\"more-link pen_element_default pen_icon_arrow_double\">Les<\/a><\/p>\n","protected":false},"author":1,"featured_media":9329,"parent":10056,"menu_order":0,"comment_status":"closed","ping_status":"closed","template":"","meta":{"_crdt_document":"","ngg_post_thumbnail":0,"footnotes":""},"class_list":["post-10058","page","type-page","status-publish","has-post-thumbnail","hentry"],"jetpack_shortlink":"https:\/\/wp.me\/P3Zd9b-2Ce","jetpack_sharing_enabled":true,"jetpack_likes_enabled":true,"jetpack-related-posts":[],"_links":{"self":[{"href":"https:\/\/pequod.nesodd1.no\/index.php?rest_route=\/wp\/v2\/pages\/10058","targetHints":{"allow":["GET"]}}],"collection":[{"href":"https:\/\/pequod.nesodd1.no\/index.php?rest_route=\/wp\/v2\/pages"}],"about":[{"href":"https:\/\/pequod.nesodd1.no\/index.php?rest_route=\/wp\/v2\/types\/page"}],"author":[{"embeddable":true,"href":"https:\/\/pequod.nesodd1.no\/index.php?rest_route=\/wp\/v2\/users\/1"}],"replies":[{"embeddable":true,"href":"https:\/\/pequod.nesodd1.no\/index.php?rest_route=%2Fwp%2Fv2%2Fcomments&post=10058"}],"version-history":[{"count":13,"href":"https:\/\/pequod.nesodd1.no\/index.php?rest_route=\/wp\/v2\/pages\/10058\/revisions"}],"predecessor-version":[{"id":20513,"href":"https:\/\/pequod.nesodd1.no\/index.php?rest_route=\/wp\/v2\/pages\/10058\/revisions\/20513"}],"up":[{"embeddable":true,"href":"https:\/\/pequod.nesodd1.no\/index.php?rest_route=\/wp\/v2\/pages\/10056"}],"wp:featuredmedia":[{"embeddable":true,"href":"https:\/\/pequod.nesodd1.no\/index.php?rest_route=\/wp\/v2\/media\/9329"}],"wp:attachment":[{"href":"https:\/\/pequod.nesodd1.no\/index.php?rest_route=%2Fwp%2Fv2%2Fmedia&parent=10058"}],"curies":[{"name":"wp","href":"https:\/\/api.w.org\/{rel}","templated":true}]}}