{"id":10076,"date":"2016-09-09T00:57:30","date_gmt":"2016-09-08T22:57:30","guid":{"rendered":"https:\/\/pequod.nesodd1.no\/?page_id=10076"},"modified":"2025-05-14T14:37:40","modified_gmt":"2025-05-14T12:37:40","slug":"oppegard-batforening","status":"publish","type":"page","link":"https:\/\/pequod.nesodd1.no\/?page_id=10076","title":{"rendered":"Oppeg\u00e5rd b\u00e5tforening"},"content":{"rendered":"<p><strong>Hvor:&nbsp;<\/strong>Oppeg\u00e5rd, Akershus (like ved Hvervenbukta)<br \/>\n<strong>Posisjon: <\/strong>59\u00b049&#8217;47.0&#8243;N 10\u00b045&#8217;49.9&#8243;E<br \/>\n<strong>Type drivstoff: <\/strong>Kun diesel? Mulig det har kommet bensin lenger inn.<br \/>\n<strong>Drivstoffkvalitet:<\/strong> EN590<br \/>\n<strong>Leverand\u00f8r:&nbsp;<\/strong>BLM Transport<br \/>\n<strong>Pumpe:&nbsp;<\/strong>Kortautomat 24 timer, bankkort\/Visa\/Mastercard<br \/>\n<strong>Pris (dato sist jeg fylte) :&nbsp; 14,79 <\/strong>(13.05.2025)<strong>&nbsp; &nbsp;Tidligere priser (utvalg): <\/strong>15.76 (12.08.24) &#8211;&nbsp; <span style=\"color: #008000;\">9,64<\/span> (27.11.20)<br \/>\n<strong>Kommentar:&nbsp;<\/strong>Pumpen er plassert p\u00e5 en ganske s\u00e5 h\u00f8y kai, s\u00e5 har du snekke eller en annen lav b\u00e5t, belag deg p\u00e5 klatring eller sjekk tidevannet f\u00f8rst!<strong>&nbsp;<\/strong><\/p>\n<p>Selv var jeg som snekkeskipper og amputert helt avhengig av flo for \u00e5 ha en sjanse til \u00e5 komme meg ut av og ned i b\u00e5ten her.<strong>&nbsp;<\/strong>Eller \u00e5 ha med meg mannskap som kunne ta klatringen for meg, men etter at jeg fikk ny b\u00e5t s\u00e5 klarer jeg det ganske bra alene. Men foretrekker fortsatt flo!<\/p>\n<p>Er en av de rimeligste i indre Oslofjord.<\/p>\n<figure id=\"attachment_18313\" aria-describedby=\"caption-attachment-18313\" style=\"width: 800px\" class=\"wp-caption aligncenter\"><a href=\"https:\/\/i0.wp.com\/pequod.nesodd1.no\/wp-content\/uploads\/2020\/04\/IMG-4517.jpg?ssl=1\"><img data-recalc-dims=\"1\" loading=\"lazy\" decoding=\"async\" data-attachment-id=\"18313\" data-permalink=\"https:\/\/pequod.nesodd1.no\/?attachment_id=18313\" data-orig-file=\"https:\/\/i0.wp.com\/pequod.nesodd1.no\/wp-content\/uploads\/2020\/04\/IMG-4517.jpg?fit=800%2C600&amp;ssl=1\" data-orig-size=\"800,600\" data-comments-opened=\"1\" data-image-meta=\"{&quot;aperture&quot;:&quot;1.8&quot;,&quot;credit&quot;:&quot;&quot;,&quot;camera&quot;:&quot;iPhone 8 Plus&quot;,&quot;caption&quot;:&quot;&quot;,&quot;created_timestamp&quot;:&quot;1587827943&quot;,&quot;copyright&quot;:&quot;&quot;,&quot;focal_length&quot;:&quot;3.99&quot;,&quot;iso&quot;:&quot;20&quot;,&quot;shutter_speed&quot;:&quot;0.0012706480304956&quot;,&quot;title&quot;:&quot;&quot;,&quot;orientation&quot;:&quot;1&quot;}\" data-image-title=\"IMG-4517\" data-image-description=\"&lt;p&gt;Oppeg\u00e5rd&lt;\/p&gt;\n\" data-image-caption=\"\" data-large-file=\"https:\/\/i0.wp.com\/pequod.nesodd1.no\/wp-content\/uploads\/2020\/04\/IMG-4517.jpg?fit=800%2C600&amp;ssl=1\" class=\"wp-image-18313 size-full\" src=\"https:\/\/i0.wp.com\/pequod.nesodd1.no\/wp-content\/uploads\/2020\/04\/IMG-4517.jpg?resize=800%2C600&#038;ssl=1\" alt=\"\" width=\"800\" height=\"600\" srcset=\"https:\/\/i0.wp.com\/pequod.nesodd1.no\/wp-content\/uploads\/2020\/04\/IMG-4517.jpg?w=800&amp;ssl=1 800w, https:\/\/i0.wp.com\/pequod.nesodd1.no\/wp-content\/uploads\/2020\/04\/IMG-4517.jpg?resize=300%2C225&amp;ssl=1 300w, https:\/\/i0.wp.com\/pequod.nesodd1.no\/wp-content\/uploads\/2020\/04\/IMG-4517.jpg?resize=100%2C75&amp;ssl=1 100w, https:\/\/i0.wp.com\/pequod.nesodd1.no\/wp-content\/uploads\/2020\/04\/IMG-4517.jpg?resize=768%2C576&amp;ssl=1 768w\" sizes=\"auto, (max-width: 800px) 100vw, 800px\" \/><\/a><figcaption id=\"caption-attachment-18313\" class=\"wp-caption-text\">Fortsatt litt h\u00f8yt opp, men denne gangen var det fj\u00e6re sj\u00f8.<\/figcaption><\/figure>\n<p>&nbsp;<\/p>\n<h3>Related Images:<\/h3>","protected":false},"excerpt":{"rendered":"<p>Hvor:&nbsp;Oppeg\u00e5rd, Akershus (like ved Hvervenbukta) Posisjon: 59\u00b049&#8217;47.0&#8243;N 10\u00b045&#8217;49.9&#8243;E Type drivstoff: Kun diesel? Mulig det har kommet bensin lenger inn. Drivstoffkvalitet: EN590 Leverand\u00f8r:&nbsp;BLM Transport Pumpe:&nbsp;Kortautomat 24 timer, bankkort\/Visa\/Mastercard Pris (dato sist jeg fylte) :&nbsp; 14,79 (13.05.2025)&nbsp; &nbsp;Tidligere priser (utvalg): 15.76 (12.08.24) &#8211;&nbsp; 9,64 (27.11.20) Kommentar:&nbsp;Pumpen er plassert p\u00e5 en ganske s\u00e5 h\u00f8y kai, s\u00e5 har du &hellip;<br \/><a href=\"https:\/\/pequod.nesodd1.no\/?page_id=10076\" class=\"more-link pen_element_default pen_icon_arrow_double\">Les<\/a><\/p>\n","protected":false},"author":1,"featured_media":11028,"parent":0,"menu_order":0,"comment_status":"closed","ping_status":"closed","template":"","meta":{"_crdt_document":"","ngg_post_thumbnail":0,"jetpack_post_was_ever_published":false,"footnotes":""},"class_list":["post-10076","page","type-page","status-publish","has-post-thumbnail","hentry"],"jetpack_shortlink":"https:\/\/wp.me\/P3Zd9b-2Cw","jetpack_sharing_enabled":true,"jetpack_likes_enabled":true,"jetpack-related-posts":[],"_links":{"self":[{"href":"https:\/\/pequod.nesodd1.no\/index.php?rest_route=\/wp\/v2\/pages\/10076","targetHints":{"allow":["GET"]}}],"collection":[{"href":"https:\/\/pequod.nesodd1.no\/index.php?rest_route=\/wp\/v2\/pages"}],"about":[{"href":"https:\/\/pequod.nesodd1.no\/index.php?rest_route=\/wp\/v2\/types\/page"}],"author":[{"embeddable":true,"href":"https:\/\/pequod.nesodd1.no\/index.php?rest_route=\/wp\/v2\/users\/1"}],"replies":[{"embeddable":true,"href":"https:\/\/pequod.nesodd1.no\/index.php?rest_route=%2Fwp%2Fv2%2Fcomments&post=10076"}],"version-history":[{"count":15,"href":"https:\/\/pequod.nesodd1.no\/index.php?rest_route=\/wp\/v2\/pages\/10076\/revisions"}],"predecessor-version":[{"id":30206,"href":"https:\/\/pequod.nesodd1.no\/index.php?rest_route=\/wp\/v2\/pages\/10076\/revisions\/30206"}],"wp:featuredmedia":[{"embeddable":true,"href":"https:\/\/pequod.nesodd1.no\/index.php?rest_route=\/wp\/v2\/media\/11028"}],"wp:attachment":[{"href":"https:\/\/pequod.nesodd1.no\/index.php?rest_route=%2Fwp%2Fv2%2Fmedia&parent=10076"}],"curies":[{"name":"wp","href":"https:\/\/api.w.org\/{rel}","templated":true}]}}