{"id":1020,"date":"2013-11-17T23:38:17","date_gmt":"2013-11-17T22:38:17","guid":{"rendered":"https:\/\/pequod.nesodd1.no\/?page_id=1020"},"modified":"2014-11-29T00:12:33","modified_gmt":"2014-11-28T23:12:33","slug":"1020-2","status":"publish","type":"page","link":"https:\/\/pequod.nesodd1.no\/?page_id=1020","title":{"rendered":"Familiedag p\u00e5 jobben &#8211; 17.november 2013"},"content":{"rendered":"<p>Det var familiedag p\u00e5 jobben i byen denne s\u00f8ndagen. S\u00e5 jeg tok med to av ungene og brukte egen b\u00e5t til og fra. Kj\u00f8rte rett over fra Oksval, mellom LInd\u00f8ya og Gressholmen, videre mellom Hoved\u00f8ya og Bleik\u00f8ya og inn i Bj\u00f8rvika. Fort\u00f8yde bak Operaen, dro p\u00e5 jobb og dr\u00f8ye halvannen time senere dro vi hjemover. Tok da ruta over Vippetangen, langs Hoved\u00f8ya, og mellom Lind\u00f8ya og Nakkholmen f\u00f8r vi satte kursen over til Oksval.<\/p>\n<p>&nbsp;<\/p>\n\n            <!-- Blueimp gallery -->\n            <div id=\"blueimp-gallery-6298\" class=\"blueimp-gallery blueimp-gallery-controls\">\n                <div class=\"slides\"><\/div>\n                <h3 class=\"title\"><\/h3>\n                <a class=\"prev\">\u2039<\/a>\n                <a class=\"next\">\u203a<\/a>\n                <a class=\"close\">\u00d7<\/a>\n                <a class=\"play-pause\"><\/a>\n                <ol class=\"indicator\"><\/ol>\n                <div class=\"modal fade\">\n                    <div class=\"modal-dialog\">\n                        <div class=\"modal-content\">\n                            <div class=\"modal-header\">\n                                <button type=\"button\" class=\"close\" aria-hidden=\"true\">\u00d7<\/button>\n                                <h4 class=\"modal-title\"><\/h4>\n                            <\/div>\n                            <div class=\"modal-body next\"><\/div>\n                            <div class=\"modal-footer\">\n                                <button type=\"button\" class=\"btn btn-default pull-left prev\">\n                                    <i class=\"glyphicon glyphicon-chevron-left\"><\/i>\n                                    Previous                                <\/button>\n                                <button type=\"button\" class=\"btn btn-primary next\">\n                                    Next                                    <i class=\"glyphicon glyphicon-chevron-right\"><\/i>\n                                <\/button>\n                            <\/div>\n                        <\/div>\n                    <\/div>\n                <\/div>\n            <\/div>\n\n            <script data-jetpack-boost=\"ignore\" type=\"text\/javascript\">\n            jQuery(function() {\n                jQuery.extend(blueimp.Gallery.prototype.options, {\n                    useBootstrapModal: false,\n                    hidePageScrollbars: false,\n                    container: \"#blueimp-gallery-6298\",\n                });\n            });\n            <\/script>\n\n            \n<h3>Related Images:<\/h3>","protected":false},"excerpt":{"rendered":"<p>Det var familiedag p\u00e5 jobben i byen denne s\u00f8ndagen. S\u00e5 jeg tok med to av ungene og brukte egen b\u00e5t til og fra. Kj\u00f8rte rett over fra Oksval, mellom LInd\u00f8ya og Gressholmen, videre mellom Hoved\u00f8ya og Bleik\u00f8ya og inn i Bj\u00f8rvika. Fort\u00f8yde bak Operaen, dro p\u00e5 jobb og dr\u00f8ye halvannen time senere dro vi hjemover. &hellip;<br \/><a href=\"https:\/\/pequod.nesodd1.no\/?p=6298\" class=\"more-link pen_element_default pen_icon_arrow_double\">Les<\/a><\/p>\n","protected":false},"author":1,"featured_media":0,"parent":122,"menu_order":0,"comment_status":"open","ping_status":"open","template":"","meta":{"_crdt_document":"","ngg_post_thumbnail":0,"jetpack_post_was_ever_published":false,"footnotes":""},"class_list":["post-1020","page","type-page","status-publish","hentry"],"jetpack_shortlink":"https:\/\/wp.me\/P3Zd9b-gs","jetpack_sharing_enabled":true,"jetpack_likes_enabled":true,"jetpack-related-posts":[],"_links":{"self":[{"href":"https:\/\/pequod.nesodd1.no\/index.php?rest_route=\/wp\/v2\/pages\/1020","targetHints":{"allow":["GET"]}}],"collection":[{"href":"https:\/\/pequod.nesodd1.no\/index.php?rest_route=\/wp\/v2\/pages"}],"about":[{"href":"https:\/\/pequod.nesodd1.no\/index.php?rest_route=\/wp\/v2\/types\/page"}],"author":[{"embeddable":true,"href":"https:\/\/pequod.nesodd1.no\/index.php?rest_route=\/wp\/v2\/users\/1"}],"replies":[{"embeddable":true,"href":"https:\/\/pequod.nesodd1.no\/index.php?rest_route=%2Fwp%2Fv2%2Fcomments&post=1020"}],"version-history":[{"count":3,"href":"https:\/\/pequod.nesodd1.no\/index.php?rest_route=\/wp\/v2\/pages\/1020\/revisions"}],"predecessor-version":[{"id":6299,"href":"https:\/\/pequod.nesodd1.no\/index.php?rest_route=\/wp\/v2\/pages\/1020\/revisions\/6299"}],"up":[{"embeddable":true,"href":"https:\/\/pequod.nesodd1.no\/index.php?rest_route=\/wp\/v2\/pages\/122"}],"wp:attachment":[{"href":"https:\/\/pequod.nesodd1.no\/index.php?rest_route=%2Fwp%2Fv2%2Fmedia&parent=1020"}],"curies":[{"name":"wp","href":"https:\/\/api.w.org\/{rel}","templated":true}]}}