{"id":10317,"date":"2016-10-05T13:20:32","date_gmt":"2016-10-05T11:20:32","guid":{"rendered":"https:\/\/pequod.nesodd1.no\/?page_id=10317"},"modified":"2021-05-18T20:57:56","modified_gmt":"2021-05-18T18:57:56","slug":"den-store-listen","status":"publish","type":"page","link":"https:\/\/pequod.nesodd1.no\/?page_id=10317","title":{"rendered":"Vedlikehold og oppussing"},"content":{"rendered":"<p><span style=\"color: #ff0000;\"><strong>Oppdatert 18.05.2021<\/strong><\/span><\/p>\n<p>Den &laquo;nye&raquo; b\u00e5ten har et mye mindre oppussingsbehov en snekka mi fra 1974 hadde. Men b\u00e5ten er fortsatt av den eldre garde, fra 1981. S\u00e5 det er noe som skal gj\u00f8res om bord her ogs\u00e5. Det viktigste er \u00e5 f\u00e5 tette lekkasjen og ordnet ankervinsjen akter. Resten er av &laquo;greit \u00e5 f\u00e5 gjort&raquo;-kategorien samt en \u00f8nskeliste. Lista under er stort sett tatt etter n\u00e5r jeg har kommet p\u00e5 det, ikke i noen prioritert rekkef\u00f8lge.<\/p>\n<ul>\n<li>Finne og tette lekkasje i frontkabin.<\/li>\n<li>Tette lekkasje fra takhj\u00f8rnet i cockpit<\/li>\n<li>Bytte skrogtrekk i frontkabin.<\/li>\n<li>Vaske frontkabin med mugg- og soppvask.<\/li>\n<li><em><span style=\"color: #339966;\">Reparere skader i gelcoat p\u00e5 styrbord side. Utf\u00f8rt 18.-21.mai 2020<\/span><\/em><\/li>\n<li>Reparere skader i gelcoat p\u00e5 babord side.<\/li>\n<li>Reparere et par hakk i gelcoaten inne i b\u00e5ten. <span style=\"color: #339966;\"><em>Delvis utf\u00f8rt mai 2020, m\u00e5 slipes ned.<\/em><\/span><\/li>\n<li><em><span style=\"color: #339966;\">Oppdatere kartbrikke i plotter. Utf\u00f8rt april 2020 og mars 2021.<\/span><\/em><\/li>\n<li>Koble VHF til plotter for GPS-koordinater.<\/li>\n<li>F\u00e5 ankringslanterne i drift. (Lysp\u00e6re innkj\u00f8pt 2019).<\/li>\n<li>F\u00e5 ankervinsj i drift. Sjekke sikring og fjerne irr.<\/li>\n<li>F\u00e5 hornet til \u00e5 virke. Sjekke sikring\/ledninger. <em><span style=\"color: #339966;\">Utf\u00f8rt april 2021.<\/span><\/em><\/li>\n<li>Feils\u00f8ke halvautomatisk lensepumpe. Sjekke sikring? <span style=\"color: #339966;\"><em>Ny pumpe mai 2021.<\/em><\/span><\/li>\n<li>Montere landstr\u00f8msanlegget. (Innkj\u00f8pt 2019).<\/li>\n<li>Montere inverter. (Innkj\u00f8pt 2019).<\/li>\n<li>Kj\u00f8pe og montere ankervinsj med fjernkontroll i baugen.<\/li>\n<li>Olje treverk p\u00e5 sidene ute<\/li>\n<li>Bestille ny kalesje til &laquo;soltak&raquo; i riktige dimensjoner. <em><span style=\"color: #339966;\">Utf\u00f8rt mai 2021.<\/span><\/em><\/li>\n<li>Impregnere hovedkalesje<\/li>\n<li>Nye s\u00f8mmer p\u00e5 hovedkalesje. <em><span style=\"color: #339966;\">Utf\u00f8rt mai 2021.<\/span><\/em><\/li>\n<li>Montere automatisk lensepumpe.<\/li>\n<li>Montere avsug til septiktank.<\/li>\n<li>Fikse automattenningen i gasskokeplate<\/li>\n<li>Sjekke ledning til turteller (d\u00e5rlig kontakt i displayet for motortimer)<\/li>\n<li>Bestille nytt, kantsydd teppe til d\u00f8rk i cockpit eller montere EVA Teak.<\/li>\n<li><em><span style=\"color: #339966;\">F\u00e5 navn p\u00e5 b\u00e5ten. Utf\u00f8rt 21. mai 2020<\/span><\/em><\/li>\n<li>F\u00e5 sjekket Wallas dieselvarmer.<\/li>\n<li>Skifte vindusviskermotor styrbord side. <em><span style=\"color: #339966;\">Utf\u00f8rt april 2020.<\/span><\/em><\/li>\n<li>Sjekke og evt. skifte vindusviskermotor babord side.<\/li>\n<li>Pussing, oljing og lakking av treverk inne i b\u00e5ten.<\/li>\n<li>Montere lensepumpe forut ogs\u00e5<\/li>\n<li style=\"list-style-type: none;\">&nbsp;<br \/>\n<h3><strong>Rutinemessig vedlikehold<\/strong><\/h3>\n<\/li>\n<li>Mai 2020: Skiftet sinkanoder p\u00e5 propell, baugpropell, ror og trimflaps<\/li>\n<li>14-15. mai 2021: Skiftet drivstoffilter, oljefilter, forfilter. Skiftet olje p\u00e5 motor. Skiftet sinkanode p\u00e5 motor.&nbsp;<\/li>\n<\/ul>\n<h3>Related Images:<\/h3>","protected":false},"excerpt":{"rendered":"<p>Oppdatert 18.05.2021 Den &laquo;nye&raquo; b\u00e5ten har et mye mindre oppussingsbehov en snekka mi fra 1974 hadde. Men b\u00e5ten er fortsatt av den eldre garde, fra 1981. S\u00e5 det er noe som skal gj\u00f8res om bord her ogs\u00e5. Det viktigste er \u00e5 f\u00e5 tette lekkasjen og ordnet ankervinsjen akter. Resten er av &laquo;greit \u00e5 f\u00e5 gjort&raquo;-kategorien &hellip;<br \/><a href=\"https:\/\/pequod.nesodd1.no\/?page_id=10317\" class=\"more-link pen_element_default pen_icon_arrow_double\">Les<\/a><\/p>\n","protected":false},"author":1,"featured_media":0,"parent":7933,"menu_order":0,"comment_status":"closed","ping_status":"closed","template":"","meta":{"_crdt_document":"","ngg_post_thumbnail":0,"jetpack_post_was_ever_published":false,"footnotes":""},"class_list":["post-10317","page","type-page","status-publish","hentry"],"jetpack_shortlink":"https:\/\/wp.me\/P3Zd9b-2Gp","jetpack_sharing_enabled":true,"jetpack_likes_enabled":true,"jetpack-related-posts":[],"_links":{"self":[{"href":"https:\/\/pequod.nesodd1.no\/index.php?rest_route=\/wp\/v2\/pages\/10317","targetHints":{"allow":["GET"]}}],"collection":[{"href":"https:\/\/pequod.nesodd1.no\/index.php?rest_route=\/wp\/v2\/pages"}],"about":[{"href":"https:\/\/pequod.nesodd1.no\/index.php?rest_route=\/wp\/v2\/types\/page"}],"author":[{"embeddable":true,"href":"https:\/\/pequod.nesodd1.no\/index.php?rest_route=\/wp\/v2\/users\/1"}],"replies":[{"embeddable":true,"href":"https:\/\/pequod.nesodd1.no\/index.php?rest_route=%2Fwp%2Fv2%2Fcomments&post=10317"}],"version-history":[{"count":50,"href":"https:\/\/pequod.nesodd1.no\/index.php?rest_route=\/wp\/v2\/pages\/10317\/revisions"}],"predecessor-version":[{"id":21877,"href":"https:\/\/pequod.nesodd1.no\/index.php?rest_route=\/wp\/v2\/pages\/10317\/revisions\/21877"}],"up":[{"embeddable":true,"href":"https:\/\/pequod.nesodd1.no\/index.php?rest_route=\/wp\/v2\/pages\/7933"}],"wp:attachment":[{"href":"https:\/\/pequod.nesodd1.no\/index.php?rest_route=%2Fwp%2Fv2%2Fmedia&parent=10317"}],"curies":[{"name":"wp","href":"https:\/\/api.w.org\/{rel}","templated":true}]}}