{"id":10563,"date":"2016-10-24T19:37:25","date_gmt":"2016-10-24T17:37:25","guid":{"rendered":"https:\/\/pequod.nesodd1.no\/?page_id=10563"},"modified":"2025-05-28T19:59:36","modified_gmt":"2025-05-28T17:59:36","slug":"oppussingslogg","status":"publish","type":"page","link":"https:\/\/pequod.nesodd1.no\/?page_id=10563","title":{"rendered":"Oppussingslogg"},"content":{"rendered":"<p><strong>Fast vedlikehold Tresjord 29<\/strong> (som bytte av olje, filter, sinkanoder, vask og polering osv.) er utf\u00f8rt:<\/p>\n<ul>\n<li>V\u00e5ren 2019 (bytte av gasslanger, sinkanode motor)<\/li>\n<li>Sommeren 2020 (olje\/filterbytte)<\/li>\n<li>V\u00e5ren 2021 (vask, polering, bytte sinkanoder, bunnstoffing)<\/li>\n<li>Sommeren 2022 (vask, rubbing, polering, bytte av sinkanoder, bunnstoffing)<\/li>\n<li>V\u00e5r\/sommer 2024 (olje- og filterskift, vask, polering under fenderlist, bytte av sinkanoder (ogs\u00e5 motor), bunnstoffing).<\/li>\n<\/ul>\n<p>&nbsp;<\/p>\n<p><strong>St\u00f8rre oppussinger, utskiftninger og forbedringer som er foretatt p\u00e5 b\u00e5ten i mitt eie.&nbsp; <\/strong><\/p>\n<p><em>Notater i kursiv er planlagte oppgaver.<\/em><span style=\"color: #008000;\"> Oppgaver i gr\u00f8nt er ferdig utf\u00f8rt.<\/span><\/p>\n<p>&nbsp;<\/p>\n<p><strong>Bergtatt II<\/strong><\/p>\n<table>\n<tbody>\n<tr>\n<td><b>Dato foretatt<\/b><\/td>\n<td><b>Foretatt av<\/b><\/td>\n<td><b>Type<\/b><\/td>\n<td><b>Merknad<\/b><\/td>\n<\/tr>\n<tr>\n<td>&nbsp;<\/td>\n<td>&nbsp;<\/td>\n<td>&nbsp;<\/td>\n<td>&nbsp;<\/td>\n<\/tr>\n<tr>\n<td><strong><span style=\"color: #000000;\">2025<\/span><\/strong><\/td>\n<td>&nbsp;<\/td>\n<td>&nbsp;<\/td>\n<td>&nbsp;<\/td>\n<\/tr>\n<tr>\n<td><span style=\"color: #008000;\">V\u00e5ren 2025<\/span><\/td>\n<td><span style=\"color: #008000;\">Erik<\/span><\/td>\n<td><span style=\"color: #008000;\">Ny batterlader<\/span><\/td>\n<td><span style=\"color: #008000;\">Ny Victron batterilader med bl\u00e5tann montert.<\/span><\/td>\n<\/tr>\n<tr>\n<td><em>Sommer 2025<\/em><\/td>\n<td><em>Meg<\/em><\/td>\n<td><span style=\"color: #008000;\">Ny<\/span> <span style=\"color: #008000;\">isolasjon <\/span><em>og skrogtrekk<\/em><\/td>\n<td><span style=\"color: #008000;\">Isolasjon montert 2024. <em><span style=\"color: #000000;\">Skrogtrekk legges p\u00e5 sommeren 2025.<\/span><\/em><\/span><\/td>\n<\/tr>\n<tr>\n<td><span style=\"color: #008000;\">V\u00e5ren 2025<\/span><\/td>\n<td><span style=\"color: #008000;\">Erik<\/span><\/td>\n<td><span style=\"color: #008000;\">Byttet pumpe p\u00e5 toalettet<\/span><\/td>\n<td><span style=\"color: #008000;\">Inkludert nye slanger og pakninger.<\/span><\/td>\n<\/tr>\n<tr>\n<td>V\u00e5r\/sommer 2025<\/td>\n<td>Meg<\/td>\n<td><em>Slipe treverk i cockpit\/forkabin<\/em><\/td>\n<td><em>Slipe og lakke treverk, <strong>er i gang.<\/strong><\/em><\/td>\n<\/tr>\n<tr>\n<td><em>Sommer 2025<\/em><\/td>\n<td><em>Meg<\/em><\/td>\n<td><em>Ferdiggj\u00f8re forkabin\/toalett<\/em><\/td>\n<td><em>Bore nye skruehull til vinduer, tette, legge p\u00e5 skrogbekledning<\/em><\/td>\n<\/tr>\n<tr>\n<td><em>Juni 2025<\/em><\/td>\n<td><em>Meg<\/em><\/td>\n<td><em>Bytte LCD-display turteller<\/em><\/td>\n<td><em>Bytte LCD-display i turteller, da det ikke virker. <strong>Har bestilt nytt display.<\/strong><\/em><\/td>\n<\/tr>\n<tr>\n<td><em>Sommer 2025<\/em><\/td>\n<td><em>Meg<\/em><\/td>\n<td><em>Pusse\/lakke sidetreverk<\/em><\/td>\n<td><em>Sist lakkert under dugnaden 2022. Trenger oppfriskning.<\/em><\/td>\n<\/tr>\n<tr>\n<td><em>Sommer\/h\u00f8st 2025<\/em><\/td>\n<td><em>Elektriker<\/em><\/td>\n<td><em>Montere galvanisk isolator<\/em><\/td>\n<td><em>Gj\u00f8res sammen med ferdiggj\u00f8ring av montasje av batterimonitor.<\/em><\/td>\n<\/tr>\n<tr>\n<td><em>Sommer 2025<\/em><\/td>\n<td><em>Meg<\/em><\/td>\n<td><em>Tette vindusluke<\/em><\/td>\n<td><em>Bestille og bytte til riktig gummilist. M\u00e5 bestilles av Tools Norge fra Tools Sverige.<\/em><\/td>\n<\/tr>\n<tr>\n<td><em>V\u00e5ren 2025<\/em><\/td>\n<td><em>Meg<\/em><\/td>\n<td><em>Fikse glassfiberskader<\/em><\/td>\n<td><em>Reparerer skader\/hull etter \u00f8delagte kalesjeknapper. sette p\u00e5 nye fester<\/em><\/td>\n<\/tr>\n<tr>\n<td><em>V\u00e5ren 2025<\/em><\/td>\n<td><em>Meg<\/em><\/td>\n<td><em>Montere USB-stikk<\/em><\/td>\n<td><em>Montere USB-stikk i forkabin og akterkabin. Mulig utsettes til 2026.<\/em><\/td>\n<\/tr>\n<tr>\n<td><em>Sommeren 2025<\/em><\/td>\n<td><em>Meg<\/em><\/td>\n<td><em>Flytte radio\/CD-spiller<\/em><\/td>\n<td><em>Flytte radio til et bedre sted i cockpiten. Pluss nye h\u00f8ytalere.<\/em><\/td>\n<\/tr>\n<tr>\n<td><em>Juni 2025<\/em><\/td>\n<td><em>Meg<\/em><\/td>\n<td><em>Bytte motorluker<\/em><\/td>\n<td><em>Alle motorluker m\u00e5 byttes. <strong>Er i gang, nye luker bestilt via Tangen Trelast.<\/strong><\/em><\/td>\n<\/tr>\n<tr>\n<td><em>Juni 2025<\/em><\/td>\n<td>Meg\/<em>Erik?<\/em><\/td>\n<td><em>Montere lensepumpe<\/em><\/td>\n<td><em>Lensepumpe i forkabinen. helst automatisk.<\/em><\/td>\n<\/tr>\n<tr>\n<td><span style=\"color: #008000;\">Mai 2025<\/span><\/td>\n<td><span style=\"color: #008000;\">Meg<\/span><\/td>\n<td><span style=\"color: #008000;\">Demontere gassanlegg<\/span><\/td>\n<td><span style=\"color: #008000;\">Fjerne slanger, gassbeholder og kokeapparat. Erstattes med EcoFlow som driver ordin\u00e6r kokeplate m.m.<\/span><\/td>\n<\/tr>\n<tr>\n<td><em>Sommeren 2025<\/em><\/td>\n<td><em>???<\/em><\/td>\n<td><em>Ny festestang til takkalesje<\/em><\/td>\n<td><em>Mistet en av festestengene i vinter. F\u00e5 laget ny hos et metallverksted eller noe lignende?<\/em><\/td>\n<\/tr>\n<tr>\n<td><em>Sommeren 2025<\/em><\/td>\n<td><em>RS Andersen<\/em><\/td>\n<td><em>Kalesjefiks<\/em><\/td>\n<td><em>Bytte glidel\u00e5s i kalesje og sy sammen noen l\u00f8se s\u00f8mmer.<\/em><\/td>\n<\/tr>\n<tr>\n<td>&nbsp;<\/td>\n<td>&nbsp;<\/td>\n<td>&nbsp;<\/td>\n<td>&nbsp;<\/td>\n<\/tr>\n<tr>\n<td><strong>2024<\/strong><\/td>\n<td>&nbsp;<\/td>\n<td>&nbsp;<\/td>\n<td>&nbsp;<\/td>\n<\/tr>\n<tr>\n<td><span style=\"color: #008000;\">April 2024<\/span><\/td>\n<td><span style=\"color: #008000;\">Engelsviken Slipp<\/span><\/td>\n<td><span style=\"color: #008000;\">Motorservice, ny pumpe<\/span><\/td>\n<td><span style=\"color: #008000;\">Bytte sj\u00f8vannspumpe, sjekke motor, inkl. bytte olje\/filter. Bytte sinkanode motor.<\/span><\/td>\n<\/tr>\n<tr>\n<td><span style=\"color: #008000;\">Juni\/juli 2024<\/span><\/td>\n<td><span style=\"color: #008000;\">Erik<\/span><\/td>\n<td><span style=\"color: #008000;\">Glassfiberst\u00f8p luke<\/span><\/td>\n<td><span style=\"color: #008000;\">Tette vindusluke i forkabin.<\/span><\/td>\n<\/tr>\n<tr>\n<td>&nbsp;<\/td>\n<td>&nbsp;<\/td>\n<td>&nbsp;<\/td>\n<td>&nbsp;<\/td>\n<\/tr>\n<tr>\n<td>&nbsp;<\/td>\n<td>&nbsp;<\/td>\n<td>&nbsp;<\/td>\n<td>&nbsp;<\/td>\n<\/tr>\n<tr>\n<td><span style=\"color: #008000;\">Sommer<\/span><em>\/h\u00f8st 2024<\/em><\/td>\n<td><span style=\"color: #008000;\">Meg<\/span><em>\/elektriker<\/em><\/td>\n<td><em>Montere batterimonitor<\/em><\/td>\n<td><em>Montere Victron batterimonitor p\u00e5 forbruksbatteriene. <\/em><em>Lar elektriker ta siste bit.&nbsp; <\/em><span style=\"color: #008000;\">Delvis ferdig. <\/span><span style=\"color: #008000;\">Viser n\u00e5 kun lading fra solceller og spenning p\u00e5 batteriene.<\/span><\/td>\n<\/tr>\n<tr>\n<td><span style=\"color: #008000;\">April 2024<\/span><\/td>\n<td><span style=\"color: #008000;\">Erik<\/span><\/td>\n<td><span style=\"color: #008000;\">Rette opp skadd reling<\/span><\/td>\n<td><span style=\"color: #008000;\">Rette opp b\u00f8y p\u00e5 reling\/rekke p\u00e5 styrbord side.<\/span><\/td>\n<\/tr>\n<tr>\n<td><span style=\"color: #008000;\">Juli 2024<\/span><\/td>\n<td><span style=\"color: #008000;\">Ragnar Ringstad AS<\/span><\/td>\n<td><span style=\"color: #008000;\">Bytte simringer i pakkboks<\/span><\/td>\n<td><span style=\"color: #008000;\">Fikk hjelp av venner til \u00e5 l\u00f8sne, RR monterte tilbake.<\/span><\/td>\n<\/tr>\n<tr>\n<td>&nbsp;<\/td>\n<td>&nbsp;<\/td>\n<td>&nbsp;<\/td>\n<td>&nbsp;<\/td>\n<\/tr>\n<tr>\n<td>&nbsp;<\/td>\n<td>&nbsp;<\/td>\n<td>&nbsp;<\/td>\n<td>&nbsp;<\/td>\n<\/tr>\n<tr>\n<td><strong>2023<\/strong><\/td>\n<td>&nbsp;<\/td>\n<td>&nbsp;<\/td>\n<td>&nbsp;<\/td>\n<\/tr>\n<tr>\n<td><span style=\"color: #008000;\">April 2023<\/span><\/td>\n<td><span style=\"color: #008000;\">Meg<\/span><\/td>\n<td><span style=\"color: #008000;\">Byttet 12-volt-uttak<\/span><\/td>\n<td><span style=\"color: #008000;\">Erstattet 12V med USB-uttak ved f\u00f8rerplass.<\/span><\/td>\n<\/tr>\n<tr>\n<td><span style=\"color: #008000;\">April 2023<\/span><\/td>\n<td><span style=\"color: #008000;\">Engelsviken Slipp<\/span><\/td>\n<td><span style=\"color: #008000;\">Reparasjon aksling\/feste<\/span><\/td>\n<td><span style=\"color: #008000;\">Nye skruer og feste av aksling til motor.&nbsp;<\/span><\/td>\n<\/tr>\n<tr>\n<td><strong>&nbsp;2022<\/strong><\/td>\n<td>&nbsp;<\/td>\n<td>&nbsp;<\/td>\n<td>&nbsp;<\/td>\n<\/tr>\n<tr>\n<td><span style=\"color: #008000;\">Mars\/April 2022<\/span><\/td>\n<td><span style=\"color: #008000;\">Meg<\/span><\/td>\n<td><span style=\"color: #008000;\">&nbsp;Nytt d\u00f8rkbelegg<\/span><\/td>\n<td><span style=\"color: #008000;\">La p\u00e5 EVA Teak d\u00f8rkbelegg i cockpit.<\/span><\/td>\n<\/tr>\n<tr>\n<td><span style=\"color: #008000;\">Sommer 2022<\/span><\/td>\n<td><span style=\"color: #008000;\">Dugnadsgjeng<\/span><\/td>\n<td><span style=\"color: #008000;\">&nbsp;Nytt startbatteri<\/span><\/td>\n<td>&nbsp;<\/td>\n<\/tr>\n<tr>\n<td><span style=\"color: #008000;\">Sommer 2022<\/span><\/td>\n<td><span style=\"color: #008000;\">Dugnadsgjeng<\/span><\/td>\n<td><span style=\"color: #008000;\">&nbsp;To nye forbruksbatterier<\/span><\/td>\n<td><span style=\"color: #008000;\">Brukte, men i god stand.<\/span><\/td>\n<\/tr>\n<tr>\n<td><span style=\"color: #008000;\">Sommer 2022<\/span><\/td>\n<td><span style=\"color: #008000;\">Dugnadsgjeng<\/span><\/td>\n<td><span style=\"color: #008000;\">&nbsp;Nytt sikringspanel<\/span><\/td>\n<td><span style=\"color: #008000;\">Fra porselenssikringer til flatsikringer. Nye ledninger. Kabelsalat ryddet opp i.<\/span><\/td>\n<\/tr>\n<tr>\n<td><span style=\"color: #008000;\">Sommer 2022<\/span><\/td>\n<td><span style=\"color: #008000;\">Dugnadsgjeng<\/span><\/td>\n<td><span style=\"color: #008000;\">Landstr\u00f8m montert<\/span><\/td>\n<td><span style=\"color: #008000;\">Inkludert inverter.<\/span><\/td>\n<\/tr>\n<tr>\n<td><span style=\"color: #008000;\">Sommer 2022<\/span><\/td>\n<td><span style=\"color: #008000;\">Dugnadsgjeng<\/span><\/td>\n<td><span style=\"color: #008000;\">&nbsp;Nytt ankervinsjrel\u00e9<\/span><\/td>\n<td>&nbsp;<\/td>\n<\/tr>\n<tr>\n<td><span style=\"color: #008000;\">Sommer 2022<\/span><\/td>\n<td><span style=\"color: #008000;\">Dugnadsgjeng<\/span><\/td>\n<td><span style=\"color: #008000;\">Teak p\u00e5 badeplattform pusset<\/span><\/td>\n<td><span style=\"color: #008000;\">Sveiset fester p\u00e5 nytt.<\/span><\/td>\n<\/tr>\n<tr>\n<td><span style=\"color: #008000;\">Sommer 2022<\/span><\/td>\n<td><span style=\"color: #008000;\">Dugnadsgjeng<\/span><\/td>\n<td><span style=\"color: #008000;\">&nbsp;Ekstra kontrollpanel&nbsp;<\/span><\/td>\n<td><span style=\"color: #008000;\">Til baugpropell.<\/span><\/td>\n<\/tr>\n<tr>\n<td><span style=\"color: #008000;\">Sommer 2022<\/span><\/td>\n<td><span style=\"color: #008000;\">Dugnadsgjeng<\/span><\/td>\n<td><span style=\"color: #008000;\">&nbsp;Ny hovedstr\u00f8mbryter<\/span><\/td>\n<td>&nbsp;<\/td>\n<\/tr>\n<tr>\n<td><span style=\"color: #008000;\">Sommer 2022<\/span><\/td>\n<td><span style=\"color: #008000;\">Dugnadsgjeng<\/span><\/td>\n<td><span style=\"color: #008000;\">&nbsp;Byttet skroggjennomf\u00f8ring septik<\/span><\/td>\n<td><span style=\"color: #008000;\">Nye slanger til septiktanken.<\/span><\/td>\n<\/tr>\n<tr>\n<td><span style=\"color: #008000;\">Sommer 2022<\/span><\/td>\n<td><span style=\"color: #008000;\">Dugnadsgjeng<\/span><\/td>\n<td><span style=\"color: #008000;\">&nbsp;Tatt ut og pakket om vinduer<\/span><\/td>\n<td><span style=\"color: #008000;\">I forkabin.<\/span><\/td>\n<\/tr>\n<tr>\n<td><span style=\"color: #008000;\">Sommer 2022<\/span><\/td>\n<td><span style=\"color: #008000;\">Dugnadsgjeng<\/span><\/td>\n<td><span style=\"color: #008000;\">&nbsp;Fjernet gammelt skrogtrekk<\/span><\/td>\n<td><span style=\"color: #008000;\">Forkabin strippet. Ferdiggj\u00f8res v\u00e5ren 2024.<\/span><\/td>\n<\/tr>\n<tr>\n<td><span style=\"color: #008000;\">Sommer 2022<\/span><\/td>\n<td><span style=\"color: #008000;\">Dugnadsgjeng<\/span><\/td>\n<td><span style=\"color: #008000;\">&nbsp;Teak p\u00e5 skuteside pusset opp<\/span><\/td>\n<td><span style=\"color: #008000;\">Slipt ned og lakkert.<\/span><\/td>\n<\/tr>\n<tr>\n<td><span style=\"color: #008000;\">Sommer 2022<\/span><\/td>\n<td><span style=\"color: #008000;\">Dugnadsgjeng<\/span><\/td>\n<td><span style=\"color: #008000;\">Skutesidene<\/span><\/td>\n<td><span style=\"color: #008000;\">Vasket, t\u00f8rrslipt, vannslipt, rubbet, polert og vokset.<\/span><\/td>\n<\/tr>\n<tr>\n<td><span style=\"color: #008000;\">Sommer 2022<\/span><\/td>\n<td><span style=\"color: #008000;\">Dugnadsgjeng<\/span><\/td>\n<td><span style=\"color: #008000;\">Glassfiberskader reparert<\/span><\/td>\n<td><span style=\"color: #008000;\">B\u00e5de over og under vannlinje. St\u00f8pt, primet og pusset.<\/span><\/td>\n<\/tr>\n<tr>\n<td><span style=\"color: #008000;\">Sommer 2022<\/span><\/td>\n<td><span style=\"color: #008000;\">Dugnadsgjeng<\/span><\/td>\n<td><span style=\"color: #008000;\">Fort\u00f8yningsluke i baug<\/span><\/td>\n<td><span style=\"color: #008000;\">Innvendig glassfiberskader reparert.<\/span><\/td>\n<\/tr>\n<tr>\n<td><span style=\"color: #008000;\">Sommer 2022<\/span><\/td>\n<td><span style=\"color: #008000;\">Dugnadsgjeng<\/span><\/td>\n<td><span style=\"color: #008000;\">Vask innvendig<\/span><\/td>\n<td><span style=\"color: #008000;\">Grundig vask av b\u00e5t i kabin, cockpit og akterlugar.<\/span><\/td>\n<\/tr>\n<tr>\n<td><span style=\"color: #008000;\">Sommer 2022<\/span><\/td>\n<td><span style=\"color: #008000;\">Dugnadsgjeng\/meg<\/span><\/td>\n<td><span style=\"color: #008000;\">Bunnstoffet<\/span><\/td>\n<td><span style=\"color: #008000;\">Sinkanoder p\u00e5 ror, propell og baugpropell byttet.<\/span><\/td>\n<\/tr>\n<tr>\n<td><span style=\"color: #008000;\">Sommer 2022<\/span><\/td>\n<td><span style=\"color: #008000;\">Wallas Service<\/span><\/td>\n<td><span style=\"color: #008000;\">Dieselvarmer totaloverhalt<\/span><\/td>\n<td><span style=\"color: #008000;\">Bl.a. nye viftemotorer, slanger, isolasjonsslange, in-line dieselfilter<\/span><\/td>\n<\/tr>\n<tr>\n<td><span style=\"color: #008000;\">Sommer 2022<\/span><\/td>\n<td><span style=\"color: #008000;\">Dugnadsgjeng<\/span><\/td>\n<td><span style=\"color: #008000;\">Skiftet T-ledd sj\u00f8vannsinntak<\/span><\/td>\n<td><span style=\"color: #008000;\">Pluss nye slanger og slangeklemmer<\/span><\/td>\n<\/tr>\n<tr>\n<td><span style=\"color: #008000;\">Sommer 2022<\/span><\/td>\n<td><span style=\"color: #008000;\">Dugnadsgjeng<\/span><\/td>\n<td><span style=\"color: #008000;\">Nye lufteventiler styrbord<\/span><\/td>\n<td>&nbsp;<\/td>\n<\/tr>\n<tr>\n<td>&nbsp;<\/td>\n<td>&nbsp;<\/td>\n<td>&nbsp;<\/td>\n<td>&nbsp;<\/td>\n<\/tr>\n<tr>\n<td><span style=\"color: #008000;\">H\u00f8st 2022<\/span><\/td>\n<td><span style=\"color: #008000;\">RS Andersen<\/span><\/td>\n<td><span style=\"color: #008000;\">Nye puter og madrasser<\/span><\/td>\n<td><span style=\"color: #008000;\">B\u00e5de i forkabin og akterkabin.<\/span><\/td>\n<\/tr>\n<tr>\n<td><strong>2021<\/strong><\/td>\n<td>&nbsp;<\/td>\n<td>&nbsp;<\/td>\n<td>&nbsp;<\/td>\n<\/tr>\n<tr>\n<td><span style=\"color: #008000;\">14.06.2021<\/span><\/td>\n<td><span style=\"color: #008000;\">&nbsp;Marin Elektro<\/span><\/td>\n<td><span style=\"color: #008000;\">&nbsp;Ny lader<\/span><\/td>\n<td>&nbsp;<\/td>\n<\/tr>\n<tr>\n<td><span style=\"color: #008000;\">31.03.2021<\/span><\/td>\n<td><span style=\"color: #008000;\">&nbsp;Meg<\/span><\/td>\n<td><span style=\"color: #008000;\">&nbsp;Reparasjon skade i kj\u00f8l<\/span><\/td>\n<td><span style=\"color: #008000;\">Pluss bunnstoffklatting, anodebytte, noe glassfiberreparasjon skuteside<\/span><\/td>\n<\/tr>\n<tr>\n<td><span style=\"color: #008000;\">13-14.05.2021<\/span><\/td>\n<td><span style=\"color: #008000;\">RS Andersen<\/span><\/td>\n<td><span style=\"color: #008000;\">&nbsp;Ny takkalesje f\u00f8rerplass&nbsp;<\/span><\/td>\n<td><span style=\"color: #008000;\">Pluss vask og rens av hovedkalesje.<\/span><\/td>\n<\/tr>\n<tr>\n<td><span style=\"color: #008000;\">13-15.05 2021<\/span><\/td>\n<td><span style=\"color: #008000;\">&nbsp;Erik\/meg<\/span><\/td>\n<td><span style=\"color: #008000;\">&nbsp;Bytte olje og filtre, ny lader<\/span><\/td>\n<td><span style=\"color: #008000;\">Pluss noe sm\u00e5elektrisk<\/span><\/td>\n<\/tr>\n<tr>\n<td><span style=\"color: #008000;\">31.03.2021<\/span><\/td>\n<td><span style=\"color: #008000;\">&nbsp;Erik<\/span><\/td>\n<td><span style=\"color: #008000;\">Bytte vindusviskermotor f\u00f8rerplass&nbsp;<\/span><\/td>\n<td><span style=\"color: #008000;\">M\u00e5tte bruke vinkelsliper, satt fast!<\/span><\/td>\n<\/tr>\n<tr>\n<td><span style=\"color: #008000;\">30.03.2021<\/span><\/td>\n<td><span style=\"color: #008000;\">&nbsp;Erik<\/span><\/td>\n<td><span style=\"color: #008000;\">&nbsp;Lyd i hornet.&nbsp;<\/span><\/td>\n<td><span style=\"color: #008000;\">I ett av to, mangler skrue til horn to.<\/span><\/td>\n<\/tr>\n<tr>\n<td>24.03.2021<\/td>\n<td>&nbsp;<span style=\"color: #ff0000;\">Norsk B\u00e5tservice<\/span><\/td>\n<td>&nbsp;Tetting av vinduer forkabin&nbsp;<\/td>\n<td>Fra utsiden. <span style=\"color: #ff0000;\">Hjalp ikke, d\u00e5rlig og dyrt, aldri mer! Bortkastet! Bare humbug! Styr unna dette firmaet!<\/span><\/td>\n<\/tr>\n<tr>\n<td><strong>2020<\/strong><\/td>\n<td>&nbsp;<\/td>\n<td>&nbsp;<\/td>\n<td>&nbsp;<\/td>\n<\/tr>\n<tr>\n<td><span style=\"color: #008000;\">Mai 2020<\/span><\/td>\n<td><span style=\"color: #008000;\">Meg<\/span><\/td>\n<td><span style=\"color: #008000;\">&nbsp;Bytte av 12V-uttak cockpit<\/span><\/td>\n<td><span style=\"color: #008000;\">Pluss vask, polering, bunnstoffing, bytte av sinkanoder, noe glassfiberreparasjon skuteside<\/span><\/td>\n<\/tr>\n<tr>\n<td><strong>2019<\/strong><\/td>\n<td>&nbsp;<\/td>\n<td>&nbsp;<\/td>\n<td>&nbsp;<\/td>\n<\/tr>\n<tr>\n<td><span style=\"color: #008000;\">11.07.2019<\/span><\/td>\n<td><span style=\"color: #008000;\">&nbsp;Erik<\/span><\/td>\n<td><span style=\"color: #008000;\">&nbsp;Nye slanger til gassapparat.&nbsp;<\/span><\/td>\n<td><span style=\"color: #008000;\">I Fredrikstad.<\/span><\/td>\n<\/tr>\n<tr>\n<td>&nbsp;<\/td>\n<td>&nbsp;<\/td>\n<td>&nbsp;<\/td>\n<td>&nbsp;<\/td>\n<\/tr>\n<\/tbody>\n<\/table>\n<p><strong>Bergtatt I:<\/strong><\/p>\n<p>Vask, polering, bunnstoffing og bytte av sinkanoder foretatt i 2014, 2015, 2016, 2017, 2018 (b\u00e5t solgt mars 2019). Impellerbytte av sj\u00f8vannspumpe samt bytte av talgpakning til pakkboks foretatt i 2016.&nbsp;<\/p>\n<table style=\"height: 100px;\" width=\"911\">\n<tbody>\n<tr>\n<td><b>Dato foretatt<\/b><\/td>\n<td><b>Foretatt av<\/b><\/td>\n<td><b>Type<\/b><\/td>\n<td><b>Merknad<\/b><\/td>\n<\/tr>\n<tr>\n<td>&nbsp;<span style=\"color: #008000;\">05.10.2016<\/span><\/td>\n<td><span style=\"color: #008000;\">&nbsp;Havnesjefen<\/span><\/td>\n<td><span style=\"color: #008000;\">&nbsp;Bytte av sj\u00f8vannsgjennomf\u00f8ring og kuleventil.<\/span><\/td>\n<td><span style=\"color: #008000;\">&nbsp;Messing.<\/span><\/td>\n<\/tr>\n<tr>\n<td><span style=\"color: #008000;\">&nbsp;Juni 2017<\/span><\/td>\n<td><span style=\"color: #008000;\">&nbsp;Meg<\/span><\/td>\n<td><span style=\"color: #008000;\">&nbsp;Nye f\u00f8rerstoler i burgunder Nirrox med Nidelv-logo.<\/span><\/td>\n<td><span style=\"color: #008000;\">&nbsp;Bestilt fra Nidelv.<\/span><\/td>\n<\/tr>\n<\/tbody>\n<\/table>\n<h3>Related Images:<\/h3>","protected":false},"excerpt":{"rendered":"<p>Fast vedlikehold Tresjord 29 (som bytte av olje, filter, sinkanoder, vask og polering osv.) er utf\u00f8rt: V\u00e5ren 2019 (bytte av gasslanger, sinkanode motor) Sommeren 2020 (olje\/filterbytte) V\u00e5ren 2021 (vask, polering, bytte sinkanoder, bunnstoffing) Sommeren 2022 (vask, rubbing, polering, bytte av sinkanoder, bunnstoffing) V\u00e5r\/sommer 2024 (olje- og filterskift, vask, polering under fenderlist, bytte av sinkanoder (ogs\u00e5 &hellip;<br \/><a href=\"https:\/\/pequod.nesodd1.no\/?page_id=10563\" class=\"more-link pen_element_default pen_icon_arrow_double\">Les<\/a><\/p>\n","protected":false},"author":1,"featured_media":0,"parent":0,"menu_order":0,"comment_status":"closed","ping_status":"closed","template":"","meta":{"_crdt_document":"","ngg_post_thumbnail":0,"jetpack_post_was_ever_published":false,"footnotes":""},"class_list":["post-10563","page","type-page","status-publish","hentry"],"jetpack_shortlink":"https:\/\/wp.me\/P3Zd9b-2Kn","jetpack_sharing_enabled":true,"jetpack_likes_enabled":true,"jetpack-related-posts":[],"_links":{"self":[{"href":"https:\/\/pequod.nesodd1.no\/index.php?rest_route=\/wp\/v2\/pages\/10563","targetHints":{"allow":["GET"]}}],"collection":[{"href":"https:\/\/pequod.nesodd1.no\/index.php?rest_route=\/wp\/v2\/pages"}],"about":[{"href":"https:\/\/pequod.nesodd1.no\/index.php?rest_route=\/wp\/v2\/types\/page"}],"author":[{"embeddable":true,"href":"https:\/\/pequod.nesodd1.no\/index.php?rest_route=\/wp\/v2\/users\/1"}],"replies":[{"embeddable":true,"href":"https:\/\/pequod.nesodd1.no\/index.php?rest_route=%2Fwp%2Fv2%2Fcomments&post=10563"}],"version-history":[{"count":62,"href":"https:\/\/pequod.nesodd1.no\/index.php?rest_route=\/wp\/v2\/pages\/10563\/revisions"}],"predecessor-version":[{"id":30331,"href":"https:\/\/pequod.nesodd1.no\/index.php?rest_route=\/wp\/v2\/pages\/10563\/revisions\/30331"}],"wp:attachment":[{"href":"https:\/\/pequod.nesodd1.no\/index.php?rest_route=%2Fwp%2Fv2%2Fmedia&parent=10563"}],"curies":[{"name":"wp","href":"https:\/\/api.w.org\/{rel}","templated":true}]}}