{"id":10625,"date":"2016-10-24T23:08:35","date_gmt":"2016-10-24T21:08:35","guid":{"rendered":"https:\/\/pequod.nesodd1.no\/?page_id=10625"},"modified":"2026-04-03T19:10:18","modified_gmt":"2026-04-03T17:10:18","slug":"fredrikstad-gjestehavn","status":"publish","type":"page","link":"https:\/\/pequod.nesodd1.no\/?page_id=10625","title":{"rendered":"Fredrikstad gjestehavn (V\u00e6rste) NEDLAGT"},"content":{"rendered":"<p><strong>Vurdering (5 anker er best): <a href=\"https:\/\/i0.wp.com\/pequod.nesodd1.no\/wp-content\/uploads\/2019\/10\/klistremerker-anker-og-tau-design.jpg.jpg?ssl=1\"><img data-recalc-dims=\"1\" loading=\"lazy\" decoding=\"async\" data-attachment-id=\"16489\" data-permalink=\"https:\/\/pequod.nesodd1.no\/?attachment_id=16489\" data-orig-file=\"https:\/\/i0.wp.com\/pequod.nesodd1.no\/wp-content\/uploads\/2019\/10\/klistremerker-anker-og-tau-design.jpg.jpg?fit=25%2C25&amp;ssl=1\" data-orig-size=\"25,25\" data-comments-opened=\"1\" data-image-meta=\"{&quot;aperture&quot;:&quot;0&quot;,&quot;credit&quot;:&quot;tribalium81&quot;,&quot;camera&quot;:&quot;&quot;,&quot;caption&quot;:&quot;&quot;,&quot;created_timestamp&quot;:&quot;0&quot;,&quot;copyright&quot;:&quot;tribalium81&quot;,&quot;focal_length&quot;:&quot;0&quot;,&quot;iso&quot;:&quot;0&quot;,&quot;shutter_speed&quot;:&quot;0&quot;,&quot;title&quot;:&quot;anchor and rope design&quot;,&quot;orientation&quot;:&quot;1&quot;}\" data-image-title=\"anchor and rope design\" data-image-description=\"\" data-image-caption=\"\" data-large-file=\"https:\/\/i0.wp.com\/pequod.nesodd1.no\/wp-content\/uploads\/2019\/10\/klistremerker-anker-og-tau-design.jpg.jpg?fit=25%2C25&amp;ssl=1\" class=\"alignnone size-full wp-image-16489\" src=\"https:\/\/i0.wp.com\/pequod.nesodd1.no\/wp-content\/uploads\/2019\/10\/klistremerker-anker-og-tau-design.jpg.jpg?resize=25%2C25&#038;ssl=1\" alt=\"\" width=\"25\" height=\"25\"><\/a><a href=\"https:\/\/i0.wp.com\/pequod.nesodd1.no\/wp-content\/uploads\/2019\/10\/klistremerker-anker-og-tau-design.jpg.jpg?ssl=1\"><img data-recalc-dims=\"1\" loading=\"lazy\" decoding=\"async\" data-attachment-id=\"16489\" data-permalink=\"https:\/\/pequod.nesodd1.no\/?attachment_id=16489\" data-orig-file=\"https:\/\/i0.wp.com\/pequod.nesodd1.no\/wp-content\/uploads\/2019\/10\/klistremerker-anker-og-tau-design.jpg.jpg?fit=25%2C25&amp;ssl=1\" data-orig-size=\"25,25\" data-comments-opened=\"1\" data-image-meta=\"{&quot;aperture&quot;:&quot;0&quot;,&quot;credit&quot;:&quot;tribalium81&quot;,&quot;camera&quot;:&quot;&quot;,&quot;caption&quot;:&quot;&quot;,&quot;created_timestamp&quot;:&quot;0&quot;,&quot;copyright&quot;:&quot;tribalium81&quot;,&quot;focal_length&quot;:&quot;0&quot;,&quot;iso&quot;:&quot;0&quot;,&quot;shutter_speed&quot;:&quot;0&quot;,&quot;title&quot;:&quot;anchor and rope design&quot;,&quot;orientation&quot;:&quot;1&quot;}\" data-image-title=\"anchor and rope design\" data-image-description=\"\" data-image-caption=\"\" data-large-file=\"https:\/\/i0.wp.com\/pequod.nesodd1.no\/wp-content\/uploads\/2019\/10\/klistremerker-anker-og-tau-design.jpg.jpg?fit=25%2C25&amp;ssl=1\" class=\"alignnone size-full wp-image-16489\" src=\"https:\/\/i0.wp.com\/pequod.nesodd1.no\/wp-content\/uploads\/2019\/10\/klistremerker-anker-og-tau-design.jpg.jpg?resize=25%2C25&#038;ssl=1\" alt=\"\" width=\"25\" height=\"25\"><\/a><a href=\"https:\/\/i0.wp.com\/pequod.nesodd1.no\/wp-content\/uploads\/2019\/10\/klistremerker-anker-og-tau-design.jpg.jpg?ssl=1\"><img data-recalc-dims=\"1\" loading=\"lazy\" decoding=\"async\" data-attachment-id=\"16489\" data-permalink=\"https:\/\/pequod.nesodd1.no\/?attachment_id=16489\" data-orig-file=\"https:\/\/i0.wp.com\/pequod.nesodd1.no\/wp-content\/uploads\/2019\/10\/klistremerker-anker-og-tau-design.jpg.jpg?fit=25%2C25&amp;ssl=1\" data-orig-size=\"25,25\" data-comments-opened=\"1\" data-image-meta=\"{&quot;aperture&quot;:&quot;0&quot;,&quot;credit&quot;:&quot;tribalium81&quot;,&quot;camera&quot;:&quot;&quot;,&quot;caption&quot;:&quot;&quot;,&quot;created_timestamp&quot;:&quot;0&quot;,&quot;copyright&quot;:&quot;tribalium81&quot;,&quot;focal_length&quot;:&quot;0&quot;,&quot;iso&quot;:&quot;0&quot;,&quot;shutter_speed&quot;:&quot;0&quot;,&quot;title&quot;:&quot;anchor and rope design&quot;,&quot;orientation&quot;:&quot;1&quot;}\" data-image-title=\"anchor and rope design\" data-image-description=\"\" data-image-caption=\"\" data-large-file=\"https:\/\/i0.wp.com\/pequod.nesodd1.no\/wp-content\/uploads\/2019\/10\/klistremerker-anker-og-tau-design.jpg.jpg?fit=25%2C25&amp;ssl=1\" class=\"alignnone size-full wp-image-16489\" src=\"https:\/\/i0.wp.com\/pequod.nesodd1.no\/wp-content\/uploads\/2019\/10\/klistremerker-anker-og-tau-design.jpg.jpg?resize=25%2C25&#038;ssl=1\" alt=\"\" width=\"25\" height=\"25\"><\/a><\/strong><br \/>\n<strong>Posisjon:<\/strong> 59\u00b012&#8217;50.4&#8243;N 10\u00b055&#8217;29.4&#8243;E<br \/>\n<strong>Bes\u00f8kt antall ganger:<\/strong> 9 <strong>Sist bes\u00f8kt:<\/strong> Mars 2024 <strong>Webkamera:<\/strong> Nei <a href=\"https:\/\/app.havneweb.no\/gjestehavn\/179\" target=\"_blank\" rel=\"noopener\">Hjemmeside<\/a><br \/>\n<strong>Fasiliteter:<\/strong> Str\u00f8m, vann. Toalett, dusj og vaskerom i det gule bygget p\u00e5 bildet.<br \/>\n<strong>Havneavgift<\/strong> (for 29-foter): Mellom 250 og 450 kroner for et d\u00f8gn!&nbsp; &nbsp;Automat eller via nettet. Kan ogs\u00e5 betale\/forh\u00e5ndsbestille via hjemmesiden.<br \/>\n<strong>Fort\u00f8yning:<\/strong> Langsides, b\u00e5s<br \/>\n<b>Tilrettelagt for funksjonshemmede:<\/b>&nbsp;Delvis. Rampa opp fra flytebryggen var noe bratt, men ved flo lar det seg vel gj\u00f8re.<\/p>\n<p><span style=\"color: #ff0000;\"><strong>OBS FOR SESONGEN 2026:&nbsp;<\/strong><span style=\"color: #000000;\">Flytebryggene med b\u00e5ser er fjernet p\u00e5 grunn av for d\u00e5rlig tilstand p\u00e5 selve kaikanten. S\u00e5 vidt vi forst\u00e5r er stengningen permanent. Usikker p\u00e5 om det ogs\u00e5 gjelder den innerste flytebrygga i den gamle dokken, men tror det. Det er planer om \u00e5 etablere ny gjestehavn p\u00e5 Odden (der FMV l\u00e5 og hvor det er kommet en liten sm\u00e5b\u00e5thavn), men i f\u00f8lge <a href=\"https:\/\/www.f-b.no\/ny-gjestehavn-pa-odden-statsforvalteren-sier-nei\/s\/5-59-3833316\" target=\"_blank\" rel=\"noopener\">Fredriksstad Blad per 22. februar<\/a> har Statsforvalteren bedt kommunen si nei til s\u00f8knaden om dispensasjon. Det betyr at det kun er &laquo;br\u00e5kebryggene&raquo; langs elvekanten utenfor restaurantene hvor det er gjesteplasser. Kapasiteten er dermed redusert med minst to tredeler! Vil oppdatere denne siden straks det kommer nyheter om eventuelt vedtak fra kommunen.<\/span><\/span><\/p>\n<p><a href=\"https:\/\/pequod.nesodd1.no\/?attachment_id=9533\" rel=\"attachment wp-att-10636\"><img data-recalc-dims=\"1\" loading=\"lazy\" decoding=\"async\" data-attachment-id=\"9533\" data-permalink=\"https:\/\/pequod.nesodd1.no\/?attachment_id=9533\" data-orig-file=\"https:\/\/i0.wp.com\/pequod.nesodd1.no\/wp-content\/uploads\/2016\/07\/IMG_9108.jpg?fit=640%2C480&amp;ssl=1\" data-orig-size=\"640,480\" data-comments-opened=\"1\" data-image-meta=\"{&quot;aperture&quot;:&quot;2.2&quot;,&quot;credit&quot;:&quot;&quot;,&quot;camera&quot;:&quot;iPhone 6&quot;,&quot;caption&quot;:&quot;&quot;,&quot;created_timestamp&quot;:&quot;1466861351&quot;,&quot;copyright&quot;:&quot;&quot;,&quot;focal_length&quot;:&quot;4.15&quot;,&quot;iso&quot;:&quot;32&quot;,&quot;shutter_speed&quot;:&quot;0.000252016129032&quot;,&quot;title&quot;:&quot;&quot;,&quot;orientation&quot;:&quot;1&quot;}\" data-image-title=\"IMG_9108\" data-image-description=\"&lt;p&gt;Fredrikstad, V\u00e6rste&lt;\/p&gt;\n\" data-image-caption=\"\" data-large-file=\"https:\/\/i0.wp.com\/pequod.nesodd1.no\/wp-content\/uploads\/2016\/07\/IMG_9108.jpg?fit=640%2C480&amp;ssl=1\" class=\"alignleft wp-image-9533 size-medium\" src=\"https:\/\/i0.wp.com\/pequod.nesodd1.no\/wp-content\/uploads\/2016\/07\/IMG_9108-300x225.jpg?resize=300%2C225\" width=\"300\" height=\"225\" srcset=\"https:\/\/i0.wp.com\/pequod.nesodd1.no\/wp-content\/uploads\/2016\/07\/IMG_9108.jpg?resize=300%2C225&amp;ssl=1 300w, https:\/\/i0.wp.com\/pequod.nesodd1.no\/wp-content\/uploads\/2016\/07\/IMG_9108.jpg?w=640&amp;ssl=1 640w\" sizes=\"auto, (max-width: 300px) 100vw, 300px\" \/><\/a><\/p>\n<p>Endte opp her ved en tilfeldighet f\u00f8rste gang p\u00e5 jakt etter et apotek som l\u00e5 n\u00e6r sj\u00f8en! Og fant det her! En rask tur i land for \u00e5 kj\u00f8pe insulin og deretter dro jeg.<\/p>\n<p>Denne gjestehavna ligger faktisk i en gammel flytedokk eller noe slikt, og ligger i enden av kanalen p\u00e5 nordsiden. Der du passerer n\u00e5r du skal ut Lera og Str\u00f8mtangen. Omr\u00e5det heter V\u00e6rste. Beliggenheten er veldig sentral og gir det tredje ankeret.<\/p>\n<p>Nye Fredrikstad Stadion ligger rett over veien. Rema 1000 og Europris ligger i samme bygning.<\/p>\n<p><a href=\"https:\/\/i0.wp.com\/pequod.nesodd1.no\/wp-content\/uploads\/2019\/10\/IMG-2069.jpg?ssl=1\"><img data-recalc-dims=\"1\" loading=\"lazy\" decoding=\"async\" data-attachment-id=\"16542\" data-permalink=\"https:\/\/pequod.nesodd1.no\/?attachment_id=16542\" data-orig-file=\"https:\/\/i0.wp.com\/pequod.nesodd1.no\/wp-content\/uploads\/2019\/10\/IMG-2069.jpg?fit=800%2C600&amp;ssl=1\" data-orig-size=\"800,600\" data-comments-opened=\"1\" data-image-meta=\"{&quot;aperture&quot;:&quot;1.8&quot;,&quot;credit&quot;:&quot;&quot;,&quot;camera&quot;:&quot;iPhone 8 Plus&quot;,&quot;caption&quot;:&quot;&quot;,&quot;created_timestamp&quot;:&quot;1569772653&quot;,&quot;copyright&quot;:&quot;&quot;,&quot;focal_length&quot;:&quot;3.99&quot;,&quot;iso&quot;:&quot;20&quot;,&quot;shutter_speed&quot;:&quot;0.00045808520384792&quot;,&quot;title&quot;:&quot;&quot;,&quot;orientation&quot;:&quot;1&quot;}\" data-image-title=\"IMG-2069\" data-image-description=\"&lt;p&gt;V\u00e6rste, Fredrikstad&lt;\/p&gt;\n\" data-image-caption=\"&lt;p&gt;Ingen tur til Fredrikstad p\u00e5 kurs denne gangen.&lt;\/p&gt;\n\" data-large-file=\"https:\/\/i0.wp.com\/pequod.nesodd1.no\/wp-content\/uploads\/2019\/10\/IMG-2069.jpg?fit=800%2C600&amp;ssl=1\" class=\"size-medium wp-image-16542 alignright\" src=\"https:\/\/i0.wp.com\/pequod.nesodd1.no\/wp-content\/uploads\/2019\/10\/IMG-2069.jpg?resize=300%2C225&#038;ssl=1\" alt=\"\" width=\"300\" height=\"225\" srcset=\"https:\/\/i0.wp.com\/pequod.nesodd1.no\/wp-content\/uploads\/2019\/10\/IMG-2069.jpg?resize=300%2C225&amp;ssl=1 300w, https:\/\/i0.wp.com\/pequod.nesodd1.no\/wp-content\/uploads\/2019\/10\/IMG-2069.jpg?resize=100%2C75&amp;ssl=1 100w, https:\/\/i0.wp.com\/pequod.nesodd1.no\/wp-content\/uploads\/2019\/10\/IMG-2069.jpg?resize=768%2C576&amp;ssl=1 768w, https:\/\/i0.wp.com\/pequod.nesodd1.no\/wp-content\/uploads\/2019\/10\/IMG-2069.jpg?w=800&amp;ssl=1 800w\" sizes=\"auto, (max-width: 300px) 100vw, 300px\" \/><\/a><\/p>\n<p>L\u00e5 jo her i veldig kort tid, men det var en liten og fin gjestehavn, dog uten noen fasiliteter av noe slag utover str\u00f8m og vann. S\u00e5 ikke noen toaletter eller dusjanlegg, men det kan jo hende de l\u00e5 i det kulturbygget som l\u00e5 rett ved siden av eller de gule containere p\u00e5 andre siden. Var her s\u00e5 kort tid at jeg ikke fikk sett meg s\u00e6rlig rundt p\u00e5 omr\u00e5det.<\/p>\n<p><strong>OPPDATERING 2024:<\/strong><\/p>\n<p>Et kort bes\u00f8k i p\u00e5skehelga f\u00f8rte til at jeg la meg p\u00e5 de nye bryggene med b\u00e5ser. P\u00e5 hjemmesiden til Borg Havn st\u00e5r det at gjestehavna \u00e5pnet 22. mars. Da var det litt overraskende at det ikke var str\u00f8m tilgjengelig p\u00e5 noen av de nye bryggene.&nbsp; Dette sto det ingenting om p\u00e5 nettsidene.<\/p>\n<figure id=\"attachment_28239\" aria-describedby=\"caption-attachment-28239\" style=\"width: 300px\" class=\"wp-caption alignleft\"><a href=\"https:\/\/i0.wp.com\/pequod.nesodd1.no\/wp-content\/uploads\/2024\/03\/434382098_10159555440822032_9155460723666236584_n.jpg?ssl=1\"><img data-recalc-dims=\"1\" loading=\"lazy\" decoding=\"async\" data-attachment-id=\"28239\" data-permalink=\"https:\/\/pequod.nesodd1.no\/?attachment_id=28239\" data-orig-file=\"https:\/\/i0.wp.com\/pequod.nesodd1.no\/wp-content\/uploads\/2024\/03\/434382098_10159555440822032_9155460723666236584_n.jpg?fit=2048%2C1536&amp;ssl=1\" data-orig-size=\"2048,1536\" data-comments-opened=\"1\" data-image-meta=\"{&quot;aperture&quot;:&quot;0&quot;,&quot;credit&quot;:&quot;&quot;,&quot;camera&quot;:&quot;&quot;,&quot;caption&quot;:&quot;&quot;,&quot;created_timestamp&quot;:&quot;0&quot;,&quot;copyright&quot;:&quot;&quot;,&quot;focal_length&quot;:&quot;0&quot;,&quot;iso&quot;:&quot;0&quot;,&quot;shutter_speed&quot;:&quot;0&quot;,&quot;title&quot;:&quot;&quot;,&quot;orientation&quot;:&quot;0&quot;}\" data-image-title=\"434382098_10159555440822032_9155460723666236584_n\" data-image-description=\"&lt;p&gt;Fredrikstad mars 2024&lt;\/p&gt;\n\" data-image-caption=\"&lt;p&gt;God plass i Fredrikstad!&lt;\/p&gt;\n\" data-large-file=\"https:\/\/i0.wp.com\/pequod.nesodd1.no\/wp-content\/uploads\/2024\/03\/434382098_10159555440822032_9155460723666236584_n.jpg?fit=940%2C705&amp;ssl=1\" class=\"wp-image-28239 size-medium\" src=\"https:\/\/i0.wp.com\/pequod.nesodd1.no\/wp-content\/uploads\/2024\/03\/434382098_10159555440822032_9155460723666236584_n.jpg?resize=300%2C225&#038;ssl=1\" alt=\"\" width=\"300\" height=\"225\" srcset=\"https:\/\/i0.wp.com\/pequod.nesodd1.no\/wp-content\/uploads\/2024\/03\/434382098_10159555440822032_9155460723666236584_n.jpg?resize=300%2C225&amp;ssl=1 300w, https:\/\/i0.wp.com\/pequod.nesodd1.no\/wp-content\/uploads\/2024\/03\/434382098_10159555440822032_9155460723666236584_n.jpg?resize=1024%2C768&amp;ssl=1 1024w, https:\/\/i0.wp.com\/pequod.nesodd1.no\/wp-content\/uploads\/2024\/03\/434382098_10159555440822032_9155460723666236584_n.jpg?resize=100%2C75&amp;ssl=1 100w, https:\/\/i0.wp.com\/pequod.nesodd1.no\/wp-content\/uploads\/2024\/03\/434382098_10159555440822032_9155460723666236584_n.jpg?resize=768%2C576&amp;ssl=1 768w, https:\/\/i0.wp.com\/pequod.nesodd1.no\/wp-content\/uploads\/2024\/03\/434382098_10159555440822032_9155460723666236584_n.jpg?resize=1536%2C1152&amp;ssl=1 1536w, https:\/\/i0.wp.com\/pequod.nesodd1.no\/wp-content\/uploads\/2024\/03\/434382098_10159555440822032_9155460723666236584_n.jpg?w=2048&amp;ssl=1 2048w, https:\/\/i0.wp.com\/pequod.nesodd1.no\/wp-content\/uploads\/2024\/03\/434382098_10159555440822032_9155460723666236584_n.jpg?w=1880&amp;ssl=1 1880w\" sizes=\"auto, (max-width: 300px) 100vw, 300px\" \/><\/a><figcaption id=\"caption-attachment-28239\" class=\"wp-caption-text\">Fredrikstad mars 2024<\/figcaption><\/figure>\n<p>Kun brygga inne i dokken var det str\u00f8m p\u00e5, men der l\u00e5 det en del andre b\u00e5ter, og siden det var en l\u00f8rdag fryktet jeg at det kom til \u00e5 bli litt slitsomt \u00e5 ligge der, s\u00e5 jeg valgte \u00e5 bli liggende p\u00e5 C-brygga. Ogs\u00e5 fordi det koster hele 450 kroner \u00e5 ligge p\u00e5 den brygga (uansett b\u00e5tst\u00f8rrelse), som jeg opplevde i fjor.<\/p>\n<p>N\u00e5 viser det seg at det er prisforskjeller p\u00e5 de nye bryggene, basert p\u00e5 b\u00e5sst\u00f8rrelsene. Der jeg la meg var prisen 350 kroner, men jeg s\u00e5 at jeg kunne ha lagt meg p\u00e5 D-brygga og betalt 250 kroner. S\u00e5 det er alts\u00e5 mulig \u00e5 ligge her til en overkommelig pris.&nbsp;<\/p>\n<p>Jeg l\u00e5 nesten helt ytterst p\u00e5 innsiden av en b\u00f8lgebryter og l\u00e5 ganske behagelig der tross trafikken fra Byferga.&nbsp;<\/p>\n<p>Borg Havn skal ha pluss for at de tilb\u00f8d meg \u00e5 ligge gratis her siden det ikke var str\u00f8m, men skal man ha langsidesplass er det alts\u00e5 r\u00e5dyrt.<\/p>\n<p><strong>OPPDATERING 2023: <\/strong><\/p>\n<p>Gjestehavna p\u00e5 V\u00e6rste er fra i sommer utvidet med hele 76 b\u00e5splasser nord for selve dokken med flytebrygga.<\/p>\n<p>Jeg har ikke pr\u00f8vd det nye anlegget eller sjekket prisen. Det ligger nok noe utsatt for b\u00e5t- og byfergetrafikken (ligger du innerst i selve dokken er du bedre beskyttet), men det er en velkommen utvidelse for oss som ikke trenger \u00e5 ligge rett utenfor byens restaurant- og natteliv i elva.<\/p>\n<p>Knipset bildet under da jeg passerte p\u00e5 vei nordover i slutten av juni &#8211; da var de under montering.<\/p>\n<p><a href=\"https:\/\/i0.wp.com\/pequod.nesodd1.no\/wp-content\/uploads\/2023\/07\/IMG-0813.jpg?ssl=1\"><img data-recalc-dims=\"1\" loading=\"lazy\" decoding=\"async\" data-attachment-id=\"27211\" data-permalink=\"https:\/\/pequod.nesodd1.no\/?attachment_id=27211\" data-orig-file=\"https:\/\/i0.wp.com\/pequod.nesodd1.no\/wp-content\/uploads\/2023\/07\/IMG-0813.jpg?fit=960%2C695&amp;ssl=1\" data-orig-size=\"960,695\" data-comments-opened=\"1\" data-image-meta=\"{&quot;aperture&quot;:&quot;1.78&quot;,&quot;credit&quot;:&quot;&quot;,&quot;camera&quot;:&quot;iPhone 14 Pro Max&quot;,&quot;caption&quot;:&quot;&quot;,&quot;created_timestamp&quot;:&quot;1687868695&quot;,&quot;copyright&quot;:&quot;&quot;,&quot;focal_length&quot;:&quot;6.86&quot;,&quot;iso&quot;:&quot;80&quot;,&quot;shutter_speed&quot;:&quot;7.2998029053216E-5&quot;,&quot;title&quot;:&quot;&quot;,&quot;orientation&quot;:&quot;1&quot;}\" data-image-title=\"IMG-0813\" data-image-description=\"&lt;p&gt;Fredrikstad, V\u00e6rste, nye plasser&lt;\/p&gt;\n\" data-image-caption=\"\" data-large-file=\"https:\/\/i0.wp.com\/pequod.nesodd1.no\/wp-content\/uploads\/2023\/07\/IMG-0813.jpg?fit=940%2C681&amp;ssl=1\" class=\"aligncenter size-full wp-image-27211\" src=\"https:\/\/i0.wp.com\/pequod.nesodd1.no\/wp-content\/uploads\/2023\/07\/IMG-0813.jpg?resize=940%2C681&#038;ssl=1\" alt=\"\" width=\"940\" height=\"681\" srcset=\"https:\/\/i0.wp.com\/pequod.nesodd1.no\/wp-content\/uploads\/2023\/07\/IMG-0813.jpg?w=960&amp;ssl=1 960w, https:\/\/i0.wp.com\/pequod.nesodd1.no\/wp-content\/uploads\/2023\/07\/IMG-0813.jpg?resize=300%2C217&amp;ssl=1 300w, https:\/\/i0.wp.com\/pequod.nesodd1.no\/wp-content\/uploads\/2023\/07\/IMG-0813.jpg?resize=100%2C72&amp;ssl=1 100w, https:\/\/i0.wp.com\/pequod.nesodd1.no\/wp-content\/uploads\/2023\/07\/IMG-0813.jpg?resize=768%2C556&amp;ssl=1 768w\" sizes=\"auto, (max-width: 940px) 100vw, 940px\" \/><\/a><\/p>\n<p>&nbsp;<\/p>\n<p><strong>OPPDATERING:<\/strong><\/p>\n<p>Har v\u00e6rt her flere ganger i ettertid (i selve Fredrikstad enda flere ganger, men har ligget p\u00e5 privat plass og ikke i gjestehavna). Dusj- og toalettanlegget er godkjent. Ganske nytt, men veldig enkelt. Er bobilparkering p\u00e5 land. Veldig greit sted \u00e5 ligge hvis du ikke orker \u00e5 ligge i selve elva rett ved siden av alle restaurantene og utestedene.&nbsp;<\/p>\n<p>Men du kan ogs\u00e5 v\u00e6re uheldig, som da jeg var der sist gang og fikk noen idioter &#8211; godt voksne folk &#8211; som la seg til og hadde full fest med avspilling av &laquo;grovisl\u00e5ter&raquo;. Dagen etter l\u00e5 det \u00f8lbokser og annet s\u00f8ppel str\u00f8dd utover brygga. Var p\u00e5 nippet til \u00e5 ringe politiet n\u00e5r de holdt p\u00e5 som verst, men dette var jo gamle folk, s\u00e5 de holdt ikke ut lenge utover natta f\u00f8r de sovnet&#8230;<\/p>\n<p>I Fredrikstad kan man ogs\u00e5 legge til flere steder langs kanalen (bildet under), men kan da som sagt v\u00e6re noe utsatt b\u00e5de for st\u00f8y fra b\u00e5de kafeer og puber, samt utsatt for trafikk i kanalen, ikke minst fra fergene.<\/p>\n<p>P\u00e5 de nye nettsidene der man kan forh\u00e5ndsbooke eller betale for den plassen man har lagt p\u00e5, er ikke gjesteplassene i selve elva med. Jeg tror kanskje det er fordi det er plasser som Fredrikstad kommune disponerer, og som ikke er driftet av Borg havn? P\u00e5 disse plassene, der det ogs\u00e5 er flere steder der det er lagt ut flytebrygger slik at det ikke blir slik som p\u00e5 bildet under, er det i alle fall automater p\u00e5 land som benyttes for betaling. Har ikke ligget p\u00e5 noen av disse stedene enn\u00e5, siden de ligger rett ved siden av restauranter med uteservering og nok ikke er de roligste plassene&#8230; Vet derfor heller ikke prisniv\u00e5et. Skal knipse et bilde av disse bryggene neste gang jeg er i Fredrikstad. Tror ikke det er noen slike plasser p\u00e5 Kr\u00e5ker\u00f8ysiden.<\/p>\n<p><a href=\"https:\/\/i0.wp.com\/pequod.nesodd1.no\/wp-content\/uploads\/2020\/04\/IMG-9938.jpg?ssl=1\"><img data-recalc-dims=\"1\" loading=\"lazy\" decoding=\"async\" data-attachment-id=\"18155\" data-permalink=\"https:\/\/pequod.nesodd1.no\/?attachment_id=18155\" data-orig-file=\"https:\/\/i0.wp.com\/pequod.nesodd1.no\/wp-content\/uploads\/2020\/04\/IMG-9938.jpg?fit=800%2C600&amp;ssl=1\" data-orig-size=\"800,600\" data-comments-opened=\"1\" data-image-meta=\"{&quot;aperture&quot;:&quot;1.8&quot;,&quot;credit&quot;:&quot;&quot;,&quot;camera&quot;:&quot;iPhone 8 Plus&quot;,&quot;caption&quot;:&quot;&quot;,&quot;created_timestamp&quot;:&quot;1562843717&quot;,&quot;copyright&quot;:&quot;&quot;,&quot;focal_length&quot;:&quot;3.99&quot;,&quot;iso&quot;:&quot;20&quot;,&quot;shutter_speed&quot;:&quot;0.00079176563737134&quot;,&quot;title&quot;:&quot;&quot;,&quot;orientation&quot;:&quot;1&quot;}\" data-image-title=\"IMG-9938\" data-image-description=\"&lt;p&gt;Fredrikstad&lt;\/p&gt;\n\" data-image-caption=\"\" data-large-file=\"https:\/\/i0.wp.com\/pequod.nesodd1.no\/wp-content\/uploads\/2020\/04\/IMG-9938.jpg?fit=800%2C600&amp;ssl=1\" class=\"aligncenter size-full wp-image-18155\" src=\"https:\/\/i0.wp.com\/pequod.nesodd1.no\/wp-content\/uploads\/2020\/04\/IMG-9938.jpg?resize=800%2C600&#038;ssl=1\" alt=\"\" width=\"800\" height=\"600\" srcset=\"https:\/\/i0.wp.com\/pequod.nesodd1.no\/wp-content\/uploads\/2020\/04\/IMG-9938.jpg?w=800&amp;ssl=1 800w, https:\/\/i0.wp.com\/pequod.nesodd1.no\/wp-content\/uploads\/2020\/04\/IMG-9938.jpg?resize=300%2C225&amp;ssl=1 300w, https:\/\/i0.wp.com\/pequod.nesodd1.no\/wp-content\/uploads\/2020\/04\/IMG-9938.jpg?resize=100%2C75&amp;ssl=1 100w, https:\/\/i0.wp.com\/pequod.nesodd1.no\/wp-content\/uploads\/2020\/04\/IMG-9938.jpg?resize=768%2C576&amp;ssl=1 768w\" sizes=\"auto, (max-width: 800px) 100vw, 800px\" \/><\/a><\/p>\n<h3>Related Images:<\/h3>","protected":false},"excerpt":{"rendered":"<p>Vurdering (5 anker er best): Posisjon: 59\u00b012&#8217;50.4&#8243;N 10\u00b055&#8217;29.4&#8243;E Bes\u00f8kt antall ganger: 9 Sist bes\u00f8kt: Mars 2024 Webkamera: Nei Hjemmeside Fasiliteter: Str\u00f8m, vann. Toalett, dusj og vaskerom i det gule bygget p\u00e5 bildet. Havneavgift (for 29-foter): Mellom 250 og 450 kroner for et d\u00f8gn!&nbsp; &nbsp;Automat eller via nettet. Kan ogs\u00e5 betale\/forh\u00e5ndsbestille via hjemmesiden. Fort\u00f8yning: Langsides, b\u00e5s &hellip;<br \/><a href=\"https:\/\/pequod.nesodd1.no\/?page_id=10625\" class=\"more-link pen_element_default pen_icon_arrow_double\">Les<\/a><\/p>\n","protected":false},"author":1,"featured_media":20142,"parent":5493,"menu_order":0,"comment_status":"closed","ping_status":"closed","template":"","meta":{"_crdt_document":"","ngg_post_thumbnail":0,"jetpack_post_was_ever_published":false,"footnotes":""},"class_list":["post-10625","page","type-page","status-publish","has-post-thumbnail","hentry"],"jetpack_shortlink":"https:\/\/wp.me\/P3Zd9b-2Ln","jetpack_sharing_enabled":true,"jetpack_likes_enabled":true,"jetpack-related-posts":[],"_links":{"self":[{"href":"https:\/\/pequod.nesodd1.no\/index.php?rest_route=\/wp\/v2\/pages\/10625","targetHints":{"allow":["GET"]}}],"collection":[{"href":"https:\/\/pequod.nesodd1.no\/index.php?rest_route=\/wp\/v2\/pages"}],"about":[{"href":"https:\/\/pequod.nesodd1.no\/index.php?rest_route=\/wp\/v2\/types\/page"}],"author":[{"embeddable":true,"href":"https:\/\/pequod.nesodd1.no\/index.php?rest_route=\/wp\/v2\/users\/1"}],"replies":[{"embeddable":true,"href":"https:\/\/pequod.nesodd1.no\/index.php?rest_route=%2Fwp%2Fv2%2Fcomments&post=10625"}],"version-history":[{"count":37,"href":"https:\/\/pequod.nesodd1.no\/index.php?rest_route=\/wp\/v2\/pages\/10625\/revisions"}],"predecessor-version":[{"id":31301,"href":"https:\/\/pequod.nesodd1.no\/index.php?rest_route=\/wp\/v2\/pages\/10625\/revisions\/31301"}],"up":[{"embeddable":true,"href":"https:\/\/pequod.nesodd1.no\/index.php?rest_route=\/wp\/v2\/pages\/5493"}],"wp:featuredmedia":[{"embeddable":true,"href":"https:\/\/pequod.nesodd1.no\/index.php?rest_route=\/wp\/v2\/media\/20142"}],"wp:attachment":[{"href":"https:\/\/pequod.nesodd1.no\/index.php?rest_route=%2Fwp%2Fv2%2Fmedia&parent=10625"}],"curies":[{"name":"wp","href":"https:\/\/api.w.org\/{rel}","templated":true}]}}