{"id":10629,"date":"2016-10-24T23:09:39","date_gmt":"2016-10-24T21:09:39","guid":{"rendered":"https:\/\/pequod.nesodd1.no\/?page_id=10629"},"modified":"2025-09-26T18:37:05","modified_gmt":"2025-09-26T16:37:05","slug":"hamburgsund-sverige","status":"publish","type":"page","link":"https:\/\/pequod.nesodd1.no\/?page_id=10629","title":{"rendered":"Hamburgsund (Sverige)"},"content":{"rendered":"<p><strong>Vurdering (5 anker er best): <a href=\"https:\/\/i0.wp.com\/pequod.nesodd1.no\/wp-content\/uploads\/2019\/10\/klistremerker-anker-og-tau-design.jpg.jpg?ssl=1\"><img data-recalc-dims=\"1\" loading=\"lazy\" decoding=\"async\" data-attachment-id=\"16489\" data-permalink=\"https:\/\/pequod.nesodd1.no\/?attachment_id=16489\" data-orig-file=\"https:\/\/i0.wp.com\/pequod.nesodd1.no\/wp-content\/uploads\/2019\/10\/klistremerker-anker-og-tau-design.jpg.jpg?fit=25%2C25&amp;ssl=1\" data-orig-size=\"25,25\" data-comments-opened=\"1\" data-image-meta=\"{&quot;aperture&quot;:&quot;0&quot;,&quot;credit&quot;:&quot;tribalium81&quot;,&quot;camera&quot;:&quot;&quot;,&quot;caption&quot;:&quot;&quot;,&quot;created_timestamp&quot;:&quot;0&quot;,&quot;copyright&quot;:&quot;tribalium81&quot;,&quot;focal_length&quot;:&quot;0&quot;,&quot;iso&quot;:&quot;0&quot;,&quot;shutter_speed&quot;:&quot;0&quot;,&quot;title&quot;:&quot;anchor and rope design&quot;,&quot;orientation&quot;:&quot;1&quot;}\" data-image-title=\"anchor and rope design\" data-image-description=\"\" data-image-caption=\"\" data-large-file=\"https:\/\/i0.wp.com\/pequod.nesodd1.no\/wp-content\/uploads\/2019\/10\/klistremerker-anker-og-tau-design.jpg.jpg?fit=25%2C25&amp;ssl=1\" class=\"alignnone size-full wp-image-16489\" src=\"https:\/\/i0.wp.com\/pequod.nesodd1.no\/wp-content\/uploads\/2019\/10\/klistremerker-anker-og-tau-design.jpg.jpg?resize=25%2C25&#038;ssl=1\" alt=\"\" width=\"25\" height=\"25\"><\/a><a href=\"https:\/\/i0.wp.com\/pequod.nesodd1.no\/wp-content\/uploads\/2019\/10\/klistremerker-anker-og-tau-design.jpg.jpg?ssl=1\"><img data-recalc-dims=\"1\" loading=\"lazy\" decoding=\"async\" data-attachment-id=\"16489\" data-permalink=\"https:\/\/pequod.nesodd1.no\/?attachment_id=16489\" data-orig-file=\"https:\/\/i0.wp.com\/pequod.nesodd1.no\/wp-content\/uploads\/2019\/10\/klistremerker-anker-og-tau-design.jpg.jpg?fit=25%2C25&amp;ssl=1\" data-orig-size=\"25,25\" data-comments-opened=\"1\" data-image-meta=\"{&quot;aperture&quot;:&quot;0&quot;,&quot;credit&quot;:&quot;tribalium81&quot;,&quot;camera&quot;:&quot;&quot;,&quot;caption&quot;:&quot;&quot;,&quot;created_timestamp&quot;:&quot;0&quot;,&quot;copyright&quot;:&quot;tribalium81&quot;,&quot;focal_length&quot;:&quot;0&quot;,&quot;iso&quot;:&quot;0&quot;,&quot;shutter_speed&quot;:&quot;0&quot;,&quot;title&quot;:&quot;anchor and rope design&quot;,&quot;orientation&quot;:&quot;1&quot;}\" data-image-title=\"anchor and rope design\" data-image-description=\"\" data-image-caption=\"\" data-large-file=\"https:\/\/i0.wp.com\/pequod.nesodd1.no\/wp-content\/uploads\/2019\/10\/klistremerker-anker-og-tau-design.jpg.jpg?fit=25%2C25&amp;ssl=1\" class=\"alignnone size-full wp-image-16489\" src=\"https:\/\/i0.wp.com\/pequod.nesodd1.no\/wp-content\/uploads\/2019\/10\/klistremerker-anker-og-tau-design.jpg.jpg?resize=25%2C25&#038;ssl=1\" alt=\"\" width=\"25\" height=\"25\"><\/a><a href=\"https:\/\/i0.wp.com\/pequod.nesodd1.no\/wp-content\/uploads\/2019\/10\/klistremerker-anker-og-tau-design.jpg.jpg?ssl=1\"><img data-recalc-dims=\"1\" loading=\"lazy\" decoding=\"async\" data-attachment-id=\"16489\" data-permalink=\"https:\/\/pequod.nesodd1.no\/?attachment_id=16489\" data-orig-file=\"https:\/\/i0.wp.com\/pequod.nesodd1.no\/wp-content\/uploads\/2019\/10\/klistremerker-anker-og-tau-design.jpg.jpg?fit=25%2C25&amp;ssl=1\" data-orig-size=\"25,25\" data-comments-opened=\"1\" data-image-meta=\"{&quot;aperture&quot;:&quot;0&quot;,&quot;credit&quot;:&quot;tribalium81&quot;,&quot;camera&quot;:&quot;&quot;,&quot;caption&quot;:&quot;&quot;,&quot;created_timestamp&quot;:&quot;0&quot;,&quot;copyright&quot;:&quot;tribalium81&quot;,&quot;focal_length&quot;:&quot;0&quot;,&quot;iso&quot;:&quot;0&quot;,&quot;shutter_speed&quot;:&quot;0&quot;,&quot;title&quot;:&quot;anchor and rope design&quot;,&quot;orientation&quot;:&quot;1&quot;}\" data-image-title=\"anchor and rope design\" data-image-description=\"\" data-image-caption=\"\" data-large-file=\"https:\/\/i0.wp.com\/pequod.nesodd1.no\/wp-content\/uploads\/2019\/10\/klistremerker-anker-og-tau-design.jpg.jpg?fit=25%2C25&amp;ssl=1\" class=\"alignnone size-full wp-image-16489\" src=\"https:\/\/i0.wp.com\/pequod.nesodd1.no\/wp-content\/uploads\/2019\/10\/klistremerker-anker-og-tau-design.jpg.jpg?resize=25%2C25&#038;ssl=1\" alt=\"\" width=\"25\" height=\"25\"><\/a><\/strong><br \/>\n<strong>Posisjon:<\/strong> 58\u00b033&#8217;4.3&#8243;N 11\u00b016&#8217;14.1&#8243;E<br \/>\n<strong>Bes\u00f8kt antall ganger:<\/strong> 2<strong> F\u00f8rst<\/strong> be<strong>s\u00f8kt:<\/strong> Oktober 2016 <strong>Sist bes\u00f8kt:<\/strong> September 2025 <strong>Webkamera:<\/strong> Nei (ikke noen som viser gjestebrygga) <a href=\"http:\/\/hamburgsund.com\/om-hamburgsund\/hamburgsunds-gasthamn\/\" target=\"_blank\" rel=\"noopener noreferrer\">Hjemmeside<\/a><br \/>\n<strong>Fasiliteter:<\/strong> Str\u00f8m, vann, toalett, dusj, vaskerom, s\u00f8ppel, drivstoffbrygge. Butikker, restauranter, minibank i umiddelbar n\u00e6rhet.<br \/>\n<strong>Havneavgift<\/strong> (for 29-foter): Noe dyrt til \u00e5 v\u00e6re i slutten av september:<strong> 250 SEK<\/strong> pluss<strong> 75 SEK<\/strong> for str\u00f8m.<br \/>\n<strong>Fort\u00f8yning:<\/strong> Langsides.<br \/>\n<b>Tilrettelagt for funksjonshemmede:<\/b>&nbsp;Ja. Ved flytebryggen p\u00e5 landsiden er det vanlig rampe opp fra brygga til land. Ogs\u00e5 handicaptoalett i servicebygget. Bryggen p\u00e5 Hamburg\u00f6 er ikke handicapvennlig.<\/p>\n<p><a href=\"https:\/\/pequod.nesodd1.no\/?attachment_id=10465\" rel=\"attachment wp-att-10465\"><img data-recalc-dims=\"1\" loading=\"lazy\" decoding=\"async\" data-attachment-id=\"10465\" data-permalink=\"https:\/\/pequod.nesodd1.no\/?attachment_id=10465\" data-orig-file=\"https:\/\/i0.wp.com\/pequod.nesodd1.no\/wp-content\/uploads\/2016\/10\/img_1306-1.jpg?fit=640%2C480&amp;ssl=1\" data-orig-size=\"640,480\" data-comments-opened=\"1\" data-image-meta=\"{&quot;aperture&quot;:&quot;2.2&quot;,&quot;credit&quot;:&quot;&quot;,&quot;camera&quot;:&quot;iPhone 6&quot;,&quot;caption&quot;:&quot;&quot;,&quot;created_timestamp&quot;:&quot;1476295103&quot;,&quot;copyright&quot;:&quot;&quot;,&quot;focal_length&quot;:&quot;4.15&quot;,&quot;iso&quot;:&quot;50&quot;,&quot;shutter_speed&quot;:&quot;0.030303030303&quot;,&quot;title&quot;:&quot;&quot;,&quot;orientation&quot;:&quot;1&quot;}\" data-image-title=\"img_1306-1.jpg\" data-image-description=\"&lt;p&gt;Hamburgssund, Hamburgsund&lt;\/p&gt;\n\" data-image-caption=\"\" data-large-file=\"https:\/\/i0.wp.com\/pequod.nesodd1.no\/wp-content\/uploads\/2016\/10\/img_1306-1.jpg?fit=640%2C480&amp;ssl=1\" class=\"alignleft wp-image-10465 \" src=\"https:\/\/i0.wp.com\/pequod.nesodd1.no\/wp-content\/uploads\/2016\/10\/img_1306-1-300x225.jpg?resize=322%2C241\" alt=\"img_1306-1.jpg\" width=\"322\" height=\"241\" srcset=\"https:\/\/i0.wp.com\/pequod.nesodd1.no\/wp-content\/uploads\/2016\/10\/img_1306-1.jpg?resize=300%2C225&amp;ssl=1 300w, https:\/\/i0.wp.com\/pequod.nesodd1.no\/wp-content\/uploads\/2016\/10\/img_1306-1.jpg?w=640&amp;ssl=1 640w\" sizes=\"auto, (max-width: 322px) 100vw, 322px\" \/><\/a>Gjestehavna i Hamburgsund er, s\u00e5vidt jeg vet, kommunal. Den er faktisk delt i to, en del ligger p\u00e5 landsiden og den andre over sundet p\u00e5 selve Hamburg\u00f6. Jeg bes\u00f8kte den f\u00f8rste. S\u00e5vidt jeg kan forst\u00e5 og se er brygga p\u00e5 den andre siden av sundet en eldre og h\u00f8y brygge som nok egner seg best til litt st\u00f8rre b\u00e5ter enn min<\/p>\n<p>Jeg kan dessverre ikke si s\u00e5 mye om denne gjestehavna, bortsett fra at den virker \u00e5 ha det som en gjestehavn skal ha! Jeg kom nemlig hit i h\u00f8stferien, og da var serviceanlegget og betalingsautomaten stengt. Jeg fikk kilt meg inn p\u00e5 en ledig plass p\u00e5 gjestebrygga, som var fylt opp med det som s\u00e5 ut til \u00e5 v\u00e6re b\u00e5ter i vinteropplag, akkurat som i Str\u00f6mstad. Men det var b\u00e5de vann og str\u00f8m p\u00e5 brygga, s\u00e5 da klager ikke jeg!<\/p>\n<p>Innseilingen til gjestehavna n\u00e5r du kommer fra nord er ganske s\u00e5 idyllisk, og den delen jeg bes\u00f8kte ligger p\u00e5 babord side like etter at du har passert den gule kabelferga. Det er som sagt str\u00f8m (trepolet) og vann p\u00e5 brygga, og g\u00e5r du til h\u00f8yre n\u00e5r du kommer i land ligger det et servicebygg der med dusj og toaletter samt betalingsautomat. Litt lenger inn s\u00e5 det ut til \u00e5 v\u00e6re s\u00f8ppelcontainere.<\/p>\n<p>G\u00e5r du til venstre kommer du straks til den lokale ICA-butikken som i tillegg til \u00e5 v\u00e6re en dagligvarebutikk ogs\u00e5 har et stort hj\u00f8rne med b\u00e5tutstyr- og tilbeh\u00f8r. Det er ogs\u00e5 en minibank der og flere serveringssteder (som var stengt n\u00e5r jeg ankom). S\u00e5 det meste er i umiddelbar n\u00e6rhet.<\/p>\n<p>Selve bebyggelsen ved gjestehavna er ganske s\u00e5 moderne. Ut fra det jeg s\u00e5 tror jeg det er nyere eldreboliger, for her var det mange rullatorer \u00e5 se! De koselige trebygningene langs sundet ligger lenger nordover, det var ikke s\u00e5 mange av dem \u00e5 se i gjestehavnsomr\u00e5det.<\/p>\n<p>Det blir garantert et bes\u00f8k til her n\u00e5r gradestokken begynner \u00e5 krype oppover igjen&#8230;<\/p>\n<p><a href=\"https:\/\/i0.wp.com\/pequod.nesodd1.no\/wp-content\/uploads\/2017\/08\/IMG_5184.JPG.8c19d6b201ce0765504ca4f82e26528f.jpg?ssl=1\"><img data-recalc-dims=\"1\" loading=\"lazy\" decoding=\"async\" data-attachment-id=\"12808\" data-permalink=\"https:\/\/pequod.nesodd1.no\/?attachment_id=12808\" data-orig-file=\"https:\/\/i0.wp.com\/pequod.nesodd1.no\/wp-content\/uploads\/2017\/08\/IMG_5184.JPG.8c19d6b201ce0765504ca4f82e26528f.jpg?fit=1000%2C750&amp;ssl=1\" data-orig-size=\"1000,750\" data-comments-opened=\"1\" data-image-meta=\"{&quot;aperture&quot;:&quot;0&quot;,&quot;credit&quot;:&quot;&quot;,&quot;camera&quot;:&quot;&quot;,&quot;caption&quot;:&quot;&quot;,&quot;created_timestamp&quot;:&quot;0&quot;,&quot;copyright&quot;:&quot;&quot;,&quot;focal_length&quot;:&quot;0&quot;,&quot;iso&quot;:&quot;0&quot;,&quot;shutter_speed&quot;:&quot;0&quot;,&quot;title&quot;:&quot;&quot;,&quot;orientation&quot;:&quot;0&quot;}\" data-image-title=\"IMG_5184.JPG.8c19d6b201ce0765504ca4f82e26528f\" data-image-description=\"&lt;p&gt;Hamburgssund&lt;\/p&gt;\n\" data-image-caption=\"\" data-large-file=\"https:\/\/i0.wp.com\/pequod.nesodd1.no\/wp-content\/uploads\/2017\/08\/IMG_5184.JPG.8c19d6b201ce0765504ca4f82e26528f.jpg?fit=940%2C705&amp;ssl=1\" class=\"aligncenter size-full wp-image-12808\" src=\"https:\/\/i0.wp.com\/pequod.nesodd1.no\/wp-content\/uploads\/2017\/08\/IMG_5184.JPG.8c19d6b201ce0765504ca4f82e26528f.jpg?resize=940%2C705&#038;ssl=1\" alt=\"\" width=\"940\" height=\"705\" srcset=\"https:\/\/i0.wp.com\/pequod.nesodd1.no\/wp-content\/uploads\/2017\/08\/IMG_5184.JPG.8c19d6b201ce0765504ca4f82e26528f.jpg?w=1000&amp;ssl=1 1000w, https:\/\/i0.wp.com\/pequod.nesodd1.no\/wp-content\/uploads\/2017\/08\/IMG_5184.JPG.8c19d6b201ce0765504ca4f82e26528f.jpg?resize=100%2C75&amp;ssl=1 100w, https:\/\/i0.wp.com\/pequod.nesodd1.no\/wp-content\/uploads\/2017\/08\/IMG_5184.JPG.8c19d6b201ce0765504ca4f82e26528f.jpg?resize=300%2C225&amp;ssl=1 300w, https:\/\/i0.wp.com\/pequod.nesodd1.no\/wp-content\/uploads\/2017\/08\/IMG_5184.JPG.8c19d6b201ce0765504ca4f82e26528f.jpg?resize=768%2C576&amp;ssl=1 768w\" sizes=\"auto, (max-width: 940px) 100vw, 940px\" \/><\/a><\/p>\n<h3>Related Images:<\/h3>","protected":false},"excerpt":{"rendered":"<p>Vurdering (5 anker er best): Posisjon: 58\u00b033&#8217;4.3&#8243;N 11\u00b016&#8217;14.1&#8243;E Bes\u00f8kt antall ganger: 2 F\u00f8rst bes\u00f8kt: Oktober 2016 Sist bes\u00f8kt: September 2025 Webkamera: Nei (ikke noen som viser gjestebrygga) Hjemmeside Fasiliteter: Str\u00f8m, vann, toalett, dusj, vaskerom, s\u00f8ppel, drivstoffbrygge. Butikker, restauranter, minibank i umiddelbar n\u00e6rhet. Havneavgift (for 29-foter): Noe dyrt til \u00e5 v\u00e6re i slutten av september: 250 &hellip;<br \/><a href=\"https:\/\/pequod.nesodd1.no\/?page_id=10629\" class=\"more-link pen_element_default pen_icon_arrow_double\">Les<\/a><\/p>\n","protected":false},"author":1,"featured_media":16669,"parent":5493,"menu_order":0,"comment_status":"closed","ping_status":"closed","template":"","meta":{"_crdt_document":"","ngg_post_thumbnail":0,"jetpack_post_was_ever_published":false,"footnotes":""},"class_list":["post-10629","page","type-page","status-publish","has-post-thumbnail","hentry"],"jetpack_shortlink":"https:\/\/wp.me\/P3Zd9b-2Lr","jetpack_sharing_enabled":true,"jetpack_likes_enabled":true,"jetpack-related-posts":[],"_links":{"self":[{"href":"https:\/\/pequod.nesodd1.no\/index.php?rest_route=\/wp\/v2\/pages\/10629","targetHints":{"allow":["GET"]}}],"collection":[{"href":"https:\/\/pequod.nesodd1.no\/index.php?rest_route=\/wp\/v2\/pages"}],"about":[{"href":"https:\/\/pequod.nesodd1.no\/index.php?rest_route=\/wp\/v2\/types\/page"}],"author":[{"embeddable":true,"href":"https:\/\/pequod.nesodd1.no\/index.php?rest_route=\/wp\/v2\/users\/1"}],"replies":[{"embeddable":true,"href":"https:\/\/pequod.nesodd1.no\/index.php?rest_route=%2Fwp%2Fv2%2Fcomments&post=10629"}],"version-history":[{"count":8,"href":"https:\/\/pequod.nesodd1.no\/index.php?rest_route=\/wp\/v2\/pages\/10629\/revisions"}],"predecessor-version":[{"id":30893,"href":"https:\/\/pequod.nesodd1.no\/index.php?rest_route=\/wp\/v2\/pages\/10629\/revisions\/30893"}],"up":[{"embeddable":true,"href":"https:\/\/pequod.nesodd1.no\/index.php?rest_route=\/wp\/v2\/pages\/5493"}],"wp:featuredmedia":[{"embeddable":true,"href":"https:\/\/pequod.nesodd1.no\/index.php?rest_route=\/wp\/v2\/media\/16669"}],"wp:attachment":[{"href":"https:\/\/pequod.nesodd1.no\/index.php?rest_route=%2Fwp%2Fv2%2Fmedia&parent=10629"}],"curies":[{"name":"wp","href":"https:\/\/api.w.org\/{rel}","templated":true}]}}