{"id":10750,"date":"2016-11-04T16:41:16","date_gmt":"2016-11-04T15:41:16","guid":{"rendered":"https:\/\/pequod.nesodd1.no\/?page_id=10750"},"modified":"2020-10-26T08:54:41","modified_gmt":"2020-10-26T07:54:41","slug":"holmen-fjordhotell-gjestehavn","status":"publish","type":"page","link":"https:\/\/pequod.nesodd1.no\/?page_id=10750","title":{"rendered":"Holmen fjordhotell, gjestebrygge"},"content":{"rendered":"<p><strong>Vurdering (5 anker er best): <a href=\"https:\/\/i0.wp.com\/pequod.nesodd1.no\/wp-content\/uploads\/2019\/10\/klistremerker-anker-og-tau-design.jpg.jpg?ssl=1\"><img data-recalc-dims=\"1\" loading=\"lazy\" decoding=\"async\" data-attachment-id=\"16489\" data-permalink=\"https:\/\/pequod.nesodd1.no\/?attachment_id=16489\" data-orig-file=\"https:\/\/i0.wp.com\/pequod.nesodd1.no\/wp-content\/uploads\/2019\/10\/klistremerker-anker-og-tau-design.jpg.jpg?fit=25%2C25&amp;ssl=1\" data-orig-size=\"25,25\" data-comments-opened=\"1\" data-image-meta=\"{&quot;aperture&quot;:&quot;0&quot;,&quot;credit&quot;:&quot;tribalium81&quot;,&quot;camera&quot;:&quot;&quot;,&quot;caption&quot;:&quot;&quot;,&quot;created_timestamp&quot;:&quot;0&quot;,&quot;copyright&quot;:&quot;tribalium81&quot;,&quot;focal_length&quot;:&quot;0&quot;,&quot;iso&quot;:&quot;0&quot;,&quot;shutter_speed&quot;:&quot;0&quot;,&quot;title&quot;:&quot;anchor and rope design&quot;,&quot;orientation&quot;:&quot;1&quot;}\" data-image-title=\"anchor and rope design\" data-image-description=\"\" data-image-caption=\"\" data-large-file=\"https:\/\/i0.wp.com\/pequod.nesodd1.no\/wp-content\/uploads\/2019\/10\/klistremerker-anker-og-tau-design.jpg.jpg?fit=25%2C25&amp;ssl=1\" class=\"alignnone size-full wp-image-16489\" src=\"https:\/\/i0.wp.com\/pequod.nesodd1.no\/wp-content\/uploads\/2019\/10\/klistremerker-anker-og-tau-design.jpg.jpg?resize=25%2C25&#038;ssl=1\" alt=\"\" width=\"25\" height=\"25\"><\/a><a href=\"https:\/\/i0.wp.com\/pequod.nesodd1.no\/wp-content\/uploads\/2019\/10\/klistremerker-anker-og-tau-design.jpg.jpg?ssl=1\"><img data-recalc-dims=\"1\" loading=\"lazy\" decoding=\"async\" data-attachment-id=\"16489\" data-permalink=\"https:\/\/pequod.nesodd1.no\/?attachment_id=16489\" data-orig-file=\"https:\/\/i0.wp.com\/pequod.nesodd1.no\/wp-content\/uploads\/2019\/10\/klistremerker-anker-og-tau-design.jpg.jpg?fit=25%2C25&amp;ssl=1\" data-orig-size=\"25,25\" data-comments-opened=\"1\" data-image-meta=\"{&quot;aperture&quot;:&quot;0&quot;,&quot;credit&quot;:&quot;tribalium81&quot;,&quot;camera&quot;:&quot;&quot;,&quot;caption&quot;:&quot;&quot;,&quot;created_timestamp&quot;:&quot;0&quot;,&quot;copyright&quot;:&quot;tribalium81&quot;,&quot;focal_length&quot;:&quot;0&quot;,&quot;iso&quot;:&quot;0&quot;,&quot;shutter_speed&quot;:&quot;0&quot;,&quot;title&quot;:&quot;anchor and rope design&quot;,&quot;orientation&quot;:&quot;1&quot;}\" data-image-title=\"anchor and rope design\" data-image-description=\"\" data-image-caption=\"\" data-large-file=\"https:\/\/i0.wp.com\/pequod.nesodd1.no\/wp-content\/uploads\/2019\/10\/klistremerker-anker-og-tau-design.jpg.jpg?fit=25%2C25&amp;ssl=1\" class=\"alignnone size-full wp-image-16489\" src=\"https:\/\/i0.wp.com\/pequod.nesodd1.no\/wp-content\/uploads\/2019\/10\/klistremerker-anker-og-tau-design.jpg.jpg?resize=25%2C25&#038;ssl=1\" alt=\"\" width=\"25\" height=\"25\"><\/a><\/strong><br \/>\n<strong>Posisjon:&nbsp;<\/strong>59\u00b051&#8217;4.8&#8243;N 10\u00b029&#8217;47.6&#8243;E<br \/>\n<strong>Bes\u00f8kt antall ganger:<\/strong>&nbsp;1&nbsp;<strong>Sist bes\u00f8kt:<\/strong> 29-30.10. 2016<br \/>\n<strong>Fasiliteter:<\/strong>&nbsp;Kun fort\u00f8yning. Noen str\u00f8mstolper p\u00e5 hovedbrygga.<br \/>\n<strong>Havneavgift<\/strong> (for 24-foter):&nbsp;Gratis for hotellets gjester.<br \/>\n<strong>Fort\u00f8yning:<\/strong> Langsides og i b\u00e5s.<br \/>\n<b>Tilrettelagt for funksjonshemmede:<\/b>&nbsp;Delvis. Rampa opp fra flytebryggen var noe bratt, men ved flo lar det seg vel gj\u00f8re.<\/p>\n<p><a href=\"https:\/\/pequod.nesodd1.no\/?attachment_id=10751\" rel=\"attachment wp-att-10751\"><img data-recalc-dims=\"1\" loading=\"lazy\" decoding=\"async\" data-attachment-id=\"10751\" data-permalink=\"https:\/\/pequod.nesodd1.no\/?attachment_id=10751\" data-orig-file=\"https:\/\/i0.wp.com\/pequod.nesodd1.no\/wp-content\/uploads\/2016\/11\/IMG_1527.jpg?fit=640%2C480&amp;ssl=1\" data-orig-size=\"640,480\" data-comments-opened=\"1\" data-image-meta=\"{&quot;aperture&quot;:&quot;2.2&quot;,&quot;credit&quot;:&quot;&quot;,&quot;camera&quot;:&quot;iPhone 6&quot;,&quot;caption&quot;:&quot;&quot;,&quot;created_timestamp&quot;:&quot;1477824111&quot;,&quot;copyright&quot;:&quot;&quot;,&quot;focal_length&quot;:&quot;4.15&quot;,&quot;iso&quot;:&quot;32&quot;,&quot;shutter_speed&quot;:&quot;0.000733137829912&quot;,&quot;title&quot;:&quot;&quot;,&quot;orientation&quot;:&quot;1&quot;}\" data-image-title=\"img_1527\" data-image-description=\"\" data-image-caption=\"\" data-large-file=\"https:\/\/i0.wp.com\/pequod.nesodd1.no\/wp-content\/uploads\/2016\/11\/IMG_1527.jpg?fit=640%2C480&amp;ssl=1\" class=\"alignleft size-medium wp-image-10751\" src=\"https:\/\/i0.wp.com\/pequod.nesodd1.no\/wp-content\/uploads\/2016\/11\/IMG_1527-300x225.jpg?resize=300%2C225\" alt=\"img_1527\" width=\"300\" height=\"225\" srcset=\"https:\/\/i0.wp.com\/pequod.nesodd1.no\/wp-content\/uploads\/2016\/11\/IMG_1527.jpg?resize=300%2C225&amp;ssl=1 300w, https:\/\/i0.wp.com\/pequod.nesodd1.no\/wp-content\/uploads\/2016\/11\/IMG_1527.jpg?w=640&amp;ssl=1 640w\" sizes=\"auto, (max-width: 300px) 100vw, 300px\" \/><\/a>Tok b\u00e5ten hit i forbindelse med et seminar p\u00e5 jobben. Fikk beskjed om at det ikke var lov \u00e5 overnatte i b\u00e5ten, men det var uansett i slutten oktober og jeg foretrakk en myk seng p\u00e5 hotellet framfor en tynn madrass i en snekke fra 1974&#8230;.<\/p>\n<p>Kunne ikke se vann eller str\u00f8m noe sted, i alle fall ikke p\u00e5 flytebrygga eller ved b\u00e5sene. Men s\u00e5 noen stolper p\u00e5 selve moloen. Kunne v\u00e6re str\u00f8mstolper. Tar forbehold om at det er noe slikt tilgjengelig, men at det var demontert\/l\u00e5st ned for sesongen.<\/p>\n<p>Regner med at dette er et sted hvor b\u00e5tfolket om sommeren kan ankomme for \u00e5 nyte en frokost, lunsj eller middag p\u00e5 hotellet for s\u00e5 \u00e5 dra igjen.<\/p>\n<p>N\u00e5r jeg ser antall b\u00e5tplasser tilgjengelig, s\u00e5 kan det jo tyde p\u00e5 at dette er et popul\u00e6rt sted \u00e5 bes\u00f8ke nettopp om sommeren?<\/p>\n<figure id=\"attachment_10702\" aria-describedby=\"caption-attachment-10702\" style=\"width: 960px\" class=\"wp-caption aligncenter\"><a href=\"https:\/\/i0.wp.com\/pequod.nesodd1.no\/wp-content\/uploads\/2016\/10\/14581308_1762973117290167_7855836013126514097_n.jpg?ssl=1\"><img data-recalc-dims=\"1\" loading=\"lazy\" decoding=\"async\" data-attachment-id=\"10702\" data-permalink=\"https:\/\/pequod.nesodd1.no\/?attachment_id=10702\" data-orig-file=\"https:\/\/i0.wp.com\/pequod.nesodd1.no\/wp-content\/uploads\/2016\/10\/14581308_1762973117290167_7855836013126514097_n.jpg?fit=960%2C720&amp;ssl=1\" data-orig-size=\"960,720\" data-comments-opened=\"1\" data-image-meta=\"{&quot;aperture&quot;:&quot;0&quot;,&quot;credit&quot;:&quot;&quot;,&quot;camera&quot;:&quot;&quot;,&quot;caption&quot;:&quot;&quot;,&quot;created_timestamp&quot;:&quot;0&quot;,&quot;copyright&quot;:&quot;&quot;,&quot;focal_length&quot;:&quot;0&quot;,&quot;iso&quot;:&quot;0&quot;,&quot;shutter_speed&quot;:&quot;0&quot;,&quot;title&quot;:&quot;&quot;,&quot;orientation&quot;:&quot;0&quot;}\" data-image-title=\"14581308_1762973117290167_7855836013126514097_n\" data-image-description=\"&lt;p&gt;Holmen fjordhotell&lt;\/p&gt;\n\" data-image-caption=\"&lt;p&gt;Holmen fjordhotell&lt;\/p&gt;\n\" data-large-file=\"https:\/\/i0.wp.com\/pequod.nesodd1.no\/wp-content\/uploads\/2016\/10\/14581308_1762973117290167_7855836013126514097_n.jpg?fit=940%2C705&amp;ssl=1\" class=\"size-full wp-image-10702\" src=\"https:\/\/i0.wp.com\/pequod.nesodd1.no\/wp-content\/uploads\/2016\/10\/14581308_1762973117290167_7855836013126514097_n.jpg?resize=940%2C705&#038;ssl=1\" alt=\"\" width=\"940\" height=\"705\" srcset=\"https:\/\/i0.wp.com\/pequod.nesodd1.no\/wp-content\/uploads\/2016\/10\/14581308_1762973117290167_7855836013126514097_n.jpg?w=960&amp;ssl=1 960w, https:\/\/i0.wp.com\/pequod.nesodd1.no\/wp-content\/uploads\/2016\/10\/14581308_1762973117290167_7855836013126514097_n.jpg?resize=300%2C225&amp;ssl=1 300w, https:\/\/i0.wp.com\/pequod.nesodd1.no\/wp-content\/uploads\/2016\/10\/14581308_1762973117290167_7855836013126514097_n.jpg?resize=768%2C576&amp;ssl=1 768w\" sizes=\"auto, (max-width: 940px) 100vw, 940px\" \/><\/a><figcaption id=\"caption-attachment-10702\" class=\"wp-caption-text\">Holmen fjordhotell<\/figcaption><\/figure>\n<h3>Related Images:<\/h3>","protected":false},"excerpt":{"rendered":"<p>Vurdering (5 anker er best): Posisjon:&nbsp;59\u00b051&#8217;4.8&#8243;N 10\u00b029&#8217;47.6&#8243;E Bes\u00f8kt antall ganger:&nbsp;1&nbsp;Sist bes\u00f8kt: 29-30.10. 2016 Fasiliteter:&nbsp;Kun fort\u00f8yning. Noen str\u00f8mstolper p\u00e5 hovedbrygga. Havneavgift (for 24-foter):&nbsp;Gratis for hotellets gjester. Fort\u00f8yning: Langsides og i b\u00e5s. Tilrettelagt for funksjonshemmede:&nbsp;Delvis. Rampa opp fra flytebryggen var noe bratt, men ved flo lar det seg vel gj\u00f8re. Tok b\u00e5ten hit i forbindelse med et &hellip;<br \/><a href=\"https:\/\/pequod.nesodd1.no\/?page_id=10750\" class=\"more-link pen_element_default pen_icon_arrow_double\">Les<\/a><\/p>\n","protected":false},"author":1,"featured_media":10703,"parent":5665,"menu_order":0,"comment_status":"closed","ping_status":"closed","template":"","meta":{"_crdt_document":"","ngg_post_thumbnail":0,"jetpack_post_was_ever_published":false,"footnotes":""},"class_list":["post-10750","page","type-page","status-publish","has-post-thumbnail","hentry"],"jetpack_shortlink":"https:\/\/wp.me\/P3Zd9b-2No","jetpack_sharing_enabled":true,"jetpack_likes_enabled":true,"jetpack-related-posts":[],"_links":{"self":[{"href":"https:\/\/pequod.nesodd1.no\/index.php?rest_route=\/wp\/v2\/pages\/10750","targetHints":{"allow":["GET"]}}],"collection":[{"href":"https:\/\/pequod.nesodd1.no\/index.php?rest_route=\/wp\/v2\/pages"}],"about":[{"href":"https:\/\/pequod.nesodd1.no\/index.php?rest_route=\/wp\/v2\/types\/page"}],"author":[{"embeddable":true,"href":"https:\/\/pequod.nesodd1.no\/index.php?rest_route=\/wp\/v2\/users\/1"}],"replies":[{"embeddable":true,"href":"https:\/\/pequod.nesodd1.no\/index.php?rest_route=%2Fwp%2Fv2%2Fcomments&post=10750"}],"version-history":[{"count":7,"href":"https:\/\/pequod.nesodd1.no\/index.php?rest_route=\/wp\/v2\/pages\/10750\/revisions"}],"predecessor-version":[{"id":18545,"href":"https:\/\/pequod.nesodd1.no\/index.php?rest_route=\/wp\/v2\/pages\/10750\/revisions\/18545"}],"up":[{"embeddable":true,"href":"https:\/\/pequod.nesodd1.no\/index.php?rest_route=\/wp\/v2\/pages\/5665"}],"wp:featuredmedia":[{"embeddable":true,"href":"https:\/\/pequod.nesodd1.no\/index.php?rest_route=\/wp\/v2\/media\/10703"}],"wp:attachment":[{"href":"https:\/\/pequod.nesodd1.no\/index.php?rest_route=%2Fwp%2Fv2%2Fmedia&parent=10750"}],"curies":[{"name":"wp","href":"https:\/\/api.w.org\/{rel}","templated":true}]}}