{"id":10755,"date":"2016-11-05T20:28:48","date_gmt":"2016-11-05T19:28:48","guid":{"rendered":"https:\/\/pequod.nesodd1.no\/?page_id=10755"},"modified":"2021-04-20T18:28:41","modified_gmt":"2021-04-20T16:28:41","slug":"sonskilen-batforening","status":"publish","type":"page","link":"https:\/\/pequod.nesodd1.no\/?page_id=10755","title":{"rendered":"Sonskilen b\u00e5thavn"},"content":{"rendered":"<p><strong>Hvor:&nbsp;<\/strong>Sonskilen, Vestby<br \/>\n<strong>Posisjon: <\/strong>59\u00b031&#8217;32.8&#8243;N 10\u00b041&#8217;2.0&#8243;E<br \/>\n<strong>Type drivstoff: <\/strong>Diesel<br \/>\n<strong>Drivstoffkvalitet:<\/strong> EN590<br \/>\n<strong>Leverand\u00f8r:&nbsp;<\/strong>UnoX\/BLM Transport<br \/>\n<strong>Pumpe:&nbsp;<\/strong>Kortautomat 24 timer, bankkort\/Visa\/Mastercard<br \/>\n<strong>Pris (dato sist jeg fylte) : <b><span style=\"color: #ff0000;\">11.43 <\/span><\/b><\/strong>(06.10.19)<br \/>\n<strong>Kommentar:&nbsp;<\/strong>Utilgjengelig fra sj\u00f8veien p\u00e5 vinterstid ettersom isen fryser lett i dette omr\u00e5det. Tilbyr ogs\u00e5 vinteropplag og service. Son gjestehavn rett ved siden av.<\/p>\n<p>Har stort sett v\u00e6rt ganske rimelig, men sist gang jeg fylte l\u00e5 de litt over det jeg har blitt vant til.<\/p>\n<p><a href=\"https:\/\/www.sonskilen.no\/selvbetjent-dieselanlegg.html\" target=\"_blank\" rel=\"noopener noreferrer\">Nettside.<\/a><br \/>\n<a href=\"https:\/\/webcam.coresecurity.no\/sonskilen.jpg\" target=\"_blank\" rel=\"noopener noreferrer\">Webkamera<\/a><\/p>\n<h3>Related Images:<\/h3>","protected":false},"excerpt":{"rendered":"<p>Hvor:&nbsp;Sonskilen, Vestby Posisjon: 59\u00b031&#8217;32.8&#8243;N 10\u00b041&#8217;2.0&#8243;E Type drivstoff: Diesel Drivstoffkvalitet: EN590 Leverand\u00f8r:&nbsp;UnoX\/BLM Transport Pumpe:&nbsp;Kortautomat 24 timer, bankkort\/Visa\/Mastercard Pris (dato sist jeg fylte) : 11.43 (06.10.19) Kommentar:&nbsp;Utilgjengelig fra sj\u00f8veien p\u00e5 vinterstid ettersom isen fryser lett i dette omr\u00e5det. Tilbyr ogs\u00e5 vinteropplag og service. Son gjestehavn rett ved siden av. Har stort sett v\u00e6rt ganske rimelig, men sist &hellip;<br \/><a href=\"https:\/\/pequod.nesodd1.no\/?page_id=10755\" class=\"more-link pen_element_default pen_icon_arrow_double\">Les<\/a><\/p>\n","protected":false},"author":1,"featured_media":15690,"parent":10056,"menu_order":0,"comment_status":"closed","ping_status":"closed","template":"","meta":{"_crdt_document":"","ngg_post_thumbnail":0,"jetpack_post_was_ever_published":false,"footnotes":""},"class_list":["post-10755","page","type-page","status-publish","has-post-thumbnail","hentry"],"jetpack_shortlink":"https:\/\/wp.me\/P3Zd9b-2Nt","jetpack_sharing_enabled":true,"jetpack_likes_enabled":true,"jetpack-related-posts":[],"_links":{"self":[{"href":"https:\/\/pequod.nesodd1.no\/index.php?rest_route=\/wp\/v2\/pages\/10755","targetHints":{"allow":["GET"]}}],"collection":[{"href":"https:\/\/pequod.nesodd1.no\/index.php?rest_route=\/wp\/v2\/pages"}],"about":[{"href":"https:\/\/pequod.nesodd1.no\/index.php?rest_route=\/wp\/v2\/types\/page"}],"author":[{"embeddable":true,"href":"https:\/\/pequod.nesodd1.no\/index.php?rest_route=\/wp\/v2\/users\/1"}],"replies":[{"embeddable":true,"href":"https:\/\/pequod.nesodd1.no\/index.php?rest_route=%2Fwp%2Fv2%2Fcomments&post=10755"}],"version-history":[{"count":10,"href":"https:\/\/pequod.nesodd1.no\/index.php?rest_route=\/wp\/v2\/pages\/10755\/revisions"}],"predecessor-version":[{"id":21658,"href":"https:\/\/pequod.nesodd1.no\/index.php?rest_route=\/wp\/v2\/pages\/10755\/revisions\/21658"}],"up":[{"embeddable":true,"href":"https:\/\/pequod.nesodd1.no\/index.php?rest_route=\/wp\/v2\/pages\/10056"}],"wp:featuredmedia":[{"embeddable":true,"href":"https:\/\/pequod.nesodd1.no\/index.php?rest_route=\/wp\/v2\/media\/15690"}],"wp:attachment":[{"href":"https:\/\/pequod.nesodd1.no\/index.php?rest_route=%2Fwp%2Fv2%2Fmedia&parent=10755"}],"curies":[{"name":"wp","href":"https:\/\/api.w.org\/{rel}","templated":true}]}}