{"id":10804,"date":"2016-11-09T19:31:08","date_gmt":"2016-11-09T18:31:08","guid":{"rendered":"https:\/\/pequod.nesodd1.no\/?page_id=10804"},"modified":"2016-11-09T19:31:08","modified_gmt":"2016-11-09T18:31:08","slug":"we-lave-rock-2016","status":"publish","type":"page","link":"https:\/\/pequod.nesodd1.no\/?page_id=10804","title":{"rendered":"We L\u00e5ve Rock 2016"},"content":{"rendered":"<p>Ogs\u00e5 i \u00e5r deltok jeg p\u00e5 We L\u00e5ve Rock 2016 p\u00e5 Holm g\u00e5rd i Holmsbu. Mesteparten av bildene er fra konsertene. Jeg tok b\u00e5ten fra Nesodden fredag, men p\u00e5 grunn av d\u00e5rlig v\u00e6r m\u00e5tte jeg s\u00f8ke landligge i S\u00e6tre. Ble kj\u00f8rt til og fra p\u00e5 fredagen for \u00e5 f\u00e5 med meg Aunt Mary. L\u00f8rdag var v\u00e6ret bedre, og jeg kom meg rundt Breiangen og inn til Holmsbu og fikk med meg dag to. Deretter var det overnatting i b\u00e5ten igjen f\u00f8r jeg dro hjem s\u00f8ndag.<\/p>\n\n            <!-- Blueimp gallery -->\n            <div id=\"blueimp-gallery-10803\" class=\"blueimp-gallery blueimp-gallery-controls\">\n                <div class=\"slides\"><\/div>\n                <h3 class=\"title\"><\/h3>\n                <a class=\"prev\">\u2039<\/a>\n                <a class=\"next\">\u203a<\/a>\n                <a class=\"close\">\u00d7<\/a>\n                <a class=\"play-pause\"><\/a>\n                <ol class=\"indicator\"><\/ol>\n                <div class=\"modal fade\">\n                    <div class=\"modal-dialog\">\n                        <div class=\"modal-content\">\n                            <div class=\"modal-header\">\n                                <button type=\"button\" class=\"close\" aria-hidden=\"true\">\u00d7<\/button>\n                                <h4 class=\"modal-title\"><\/h4>\n                            <\/div>\n                            <div class=\"modal-body next\"><\/div>\n                            <div class=\"modal-footer\">\n                                <button type=\"button\" class=\"btn btn-default pull-left prev\">\n                                    <i class=\"glyphicon glyphicon-chevron-left\"><\/i>\n                                    Previous                                <\/button>\n                                <button type=\"button\" class=\"btn btn-primary next\">\n                                    Next                                    <i class=\"glyphicon glyphicon-chevron-right\"><\/i>\n                                <\/button>\n                            <\/div>\n                        <\/div>\n                    <\/div>\n                <\/div>\n            <\/div>\n\n            <script data-jetpack-boost=\"ignore\" type=\"text\/javascript\">\n            jQuery(function() {\n                jQuery.extend(blueimp.Gallery.prototype.options, {\n                    useBootstrapModal: false,\n                    hidePageScrollbars: false,\n                    container: \"#blueimp-gallery-10803\",\n                });\n            });\n            <\/script>\n\n            \n<h3>Related Images:<\/h3>","protected":false},"excerpt":{"rendered":"<p>Ogs\u00e5 i \u00e5r deltok jeg p\u00e5 We L\u00e5ve Rock 2016 p\u00e5 Holm g\u00e5rd i Holmsbu. Mesteparten av bildene er fra konsertene. Jeg tok b\u00e5ten fra Nesodden fredag, men p\u00e5 grunn av d\u00e5rlig v\u00e6r m\u00e5tte jeg s\u00f8ke landligge i S\u00e6tre. Ble kj\u00f8rt til og fra p\u00e5 fredagen for \u00e5 f\u00e5 med meg Aunt Mary. L\u00f8rdag var &hellip;<br \/><a href=\"https:\/\/pequod.nesodd1.no\/?p=10803\" class=\"more-link pen_element_default pen_icon_arrow_double\">Les<\/a><\/p>\n","protected":false},"author":1,"featured_media":0,"parent":8947,"menu_order":0,"comment_status":"closed","ping_status":"closed","template":"","meta":{"_crdt_document":"","ngg_post_thumbnail":0,"jetpack_post_was_ever_published":false,"footnotes":""},"class_list":["post-10804","page","type-page","status-publish","hentry"],"jetpack_shortlink":"https:\/\/wp.me\/P3Zd9b-2Og","jetpack_sharing_enabled":true,"jetpack_likes_enabled":true,"jetpack-related-posts":[],"_links":{"self":[{"href":"https:\/\/pequod.nesodd1.no\/index.php?rest_route=\/wp\/v2\/pages\/10804","targetHints":{"allow":["GET"]}}],"collection":[{"href":"https:\/\/pequod.nesodd1.no\/index.php?rest_route=\/wp\/v2\/pages"}],"about":[{"href":"https:\/\/pequod.nesodd1.no\/index.php?rest_route=\/wp\/v2\/types\/page"}],"author":[{"embeddable":true,"href":"https:\/\/pequod.nesodd1.no\/index.php?rest_route=\/wp\/v2\/users\/1"}],"replies":[{"embeddable":true,"href":"https:\/\/pequod.nesodd1.no\/index.php?rest_route=%2Fwp%2Fv2%2Fcomments&post=10804"}],"version-history":[{"count":1,"href":"https:\/\/pequod.nesodd1.no\/index.php?rest_route=\/wp\/v2\/pages\/10804\/revisions"}],"predecessor-version":[{"id":10805,"href":"https:\/\/pequod.nesodd1.no\/index.php?rest_route=\/wp\/v2\/pages\/10804\/revisions\/10805"}],"up":[{"embeddable":true,"href":"https:\/\/pequod.nesodd1.no\/index.php?rest_route=\/wp\/v2\/pages\/8947"}],"wp:attachment":[{"href":"https:\/\/pequod.nesodd1.no\/index.php?rest_route=%2Fwp%2Fv2%2Fmedia&parent=10804"}],"curies":[{"name":"wp","href":"https:\/\/api.w.org\/{rel}","templated":true}]}}