{"id":1113,"date":"2013-11-26T20:00:32","date_gmt":"2013-11-26T19:00:32","guid":{"rendered":"https:\/\/pequod.nesodd1.no\/?page_id=1113"},"modified":"2014-11-29T00:41:07","modified_gmt":"2014-11-28T23:41:07","slug":"fredagstur-22-november","status":"publish","type":"page","link":"https:\/\/pequod.nesodd1.no\/?page_id=1113","title":{"rendered":"Fredagstur 22. november"},"content":{"rendered":"<p>Rakk en tur p\u00e5 fjorden etter at jeg hadde overnattet i b\u00e5ten for f\u00f8rste gang. Skulle rekke et fly til London senere p\u00e5 dagen, men v\u00e6ret var s\u00e5 fint at jeg bare m\u00e5tte ta en tur! For alt jeg vet kunne dette bli min siste i \u00e5r&#8230; S\u00e5 den varte 1 time og 45 minutter&#8230; Kj\u00f8rte f\u00f8rst mot Hellviktangen, deretter over fjorden mot Skj\u00e6rholmene, gjennom sundet mellom de to holmene, deretter babord og rett mot Husberg\u00f8ya som jeg rundet p\u00e5 styrbord side og deretter kj\u00f8rte nesten rundt f\u00f8r jeg passerte Lang\u00f8yene p\u00e5 babord side, rundet dem og satte kursen tilbake mot Oksval. Flott tur i 6-7 plussgrader, bl\u00e5 himmel og sol!<\/p>\n<p>&nbsp;<\/p>\n\n            \n<h3>Related Images:<\/h3>","protected":false},"excerpt":{"rendered":"<p>Rakk en tur p\u00e5 fjorden etter at jeg hadde overnattet i b\u00e5ten for f\u00f8rste gang. Skulle rekke et fly til London senere p\u00e5 dagen, men v\u00e6ret var s\u00e5 fint at jeg bare m\u00e5tte ta en tur! For alt jeg vet kunne dette bli min siste i \u00e5r&#8230; S\u00e5 den varte 1 time og 45 minutter&#8230; &hellip;<br \/><a href=\"https:\/\/pequod.nesodd1.no\/?fa_gallery=fredagstur-22-november-2013\" class=\"more-link pen_element_default pen_icon_arrow_double\">Les<\/a><\/p>\n","protected":false},"author":1,"featured_media":0,"parent":122,"menu_order":0,"comment_status":"open","ping_status":"open","template":"","meta":{"_crdt_document":"","ngg_post_thumbnail":0,"jetpack_post_was_ever_published":false,"footnotes":""},"class_list":["post-1113","page","type-page","status-publish","hentry"],"jetpack_shortlink":"https:\/\/wp.me\/P3Zd9b-hX","jetpack_sharing_enabled":true,"jetpack_likes_enabled":true,"jetpack-related-posts":[],"_links":{"self":[{"href":"https:\/\/pequod.nesodd1.no\/index.php?rest_route=\/wp\/v2\/pages\/1113","targetHints":{"allow":["GET"]}}],"collection":[{"href":"https:\/\/pequod.nesodd1.no\/index.php?rest_route=\/wp\/v2\/pages"}],"about":[{"href":"https:\/\/pequod.nesodd1.no\/index.php?rest_route=\/wp\/v2\/types\/page"}],"author":[{"embeddable":true,"href":"https:\/\/pequod.nesodd1.no\/index.php?rest_route=\/wp\/v2\/users\/1"}],"replies":[{"embeddable":true,"href":"https:\/\/pequod.nesodd1.no\/index.php?rest_route=%2Fwp%2Fv2%2Fcomments&post=1113"}],"version-history":[{"count":3,"href":"https:\/\/pequod.nesodd1.no\/index.php?rest_route=\/wp\/v2\/pages\/1113\/revisions"}],"predecessor-version":[{"id":6302,"href":"https:\/\/pequod.nesodd1.no\/index.php?rest_route=\/wp\/v2\/pages\/1113\/revisions\/6302"}],"up":[{"embeddable":true,"href":"https:\/\/pequod.nesodd1.no\/index.php?rest_route=\/wp\/v2\/pages\/122"}],"wp:attachment":[{"href":"https:\/\/pequod.nesodd1.no\/index.php?rest_route=%2Fwp%2Fv2%2Fmedia&parent=1113"}],"curies":[{"name":"wp","href":"https:\/\/api.w.org\/{rel}","templated":true}]}}