{"id":11316,"date":"2018-07-13T07:31:12","date_gmt":"2018-07-13T05:31:12","guid":{"rendered":"https:\/\/pequod.nesodd1.no\/?page_id=11316"},"modified":"2022-08-07T14:28:46","modified_gmt":"2022-08-07T12:28:46","slug":"kungshamn-sverige","status":"publish","type":"page","link":"https:\/\/pequod.nesodd1.no\/?page_id=11316","title":{"rendered":"Kungshamn (Sverige)"},"content":{"rendered":"<p><strong>Vurdering (5 anker er best): <a href=\"https:\/\/i0.wp.com\/pequod.nesodd1.no\/wp-content\/uploads\/2019\/10\/klistremerker-anker-og-tau-design.jpg.jpg?ssl=1\"><img data-recalc-dims=\"1\" loading=\"lazy\" decoding=\"async\" data-attachment-id=\"16489\" data-permalink=\"https:\/\/pequod.nesodd1.no\/?attachment_id=16489\" data-orig-file=\"https:\/\/i0.wp.com\/pequod.nesodd1.no\/wp-content\/uploads\/2019\/10\/klistremerker-anker-og-tau-design.jpg.jpg?fit=25%2C25&amp;ssl=1\" data-orig-size=\"25,25\" data-comments-opened=\"1\" data-image-meta=\"{&quot;aperture&quot;:&quot;0&quot;,&quot;credit&quot;:&quot;tribalium81&quot;,&quot;camera&quot;:&quot;&quot;,&quot;caption&quot;:&quot;&quot;,&quot;created_timestamp&quot;:&quot;0&quot;,&quot;copyright&quot;:&quot;tribalium81&quot;,&quot;focal_length&quot;:&quot;0&quot;,&quot;iso&quot;:&quot;0&quot;,&quot;shutter_speed&quot;:&quot;0&quot;,&quot;title&quot;:&quot;anchor and rope design&quot;,&quot;orientation&quot;:&quot;1&quot;}\" data-image-title=\"anchor and rope design\" data-image-description=\"\" data-image-caption=\"\" data-large-file=\"https:\/\/i0.wp.com\/pequod.nesodd1.no\/wp-content\/uploads\/2019\/10\/klistremerker-anker-og-tau-design.jpg.jpg?fit=25%2C25&amp;ssl=1\" class=\"alignnone size-full wp-image-16489\" src=\"https:\/\/i0.wp.com\/pequod.nesodd1.no\/wp-content\/uploads\/2019\/10\/klistremerker-anker-og-tau-design.jpg.jpg?resize=25%2C25&#038;ssl=1\" alt=\"\" width=\"25\" height=\"25\"><\/a><a href=\"https:\/\/i0.wp.com\/pequod.nesodd1.no\/wp-content\/uploads\/2019\/10\/klistremerker-anker-og-tau-design.jpg.jpg?ssl=1\"><img data-recalc-dims=\"1\" loading=\"lazy\" decoding=\"async\" data-attachment-id=\"16489\" data-permalink=\"https:\/\/pequod.nesodd1.no\/?attachment_id=16489\" data-orig-file=\"https:\/\/i0.wp.com\/pequod.nesodd1.no\/wp-content\/uploads\/2019\/10\/klistremerker-anker-og-tau-design.jpg.jpg?fit=25%2C25&amp;ssl=1\" data-orig-size=\"25,25\" data-comments-opened=\"1\" data-image-meta=\"{&quot;aperture&quot;:&quot;0&quot;,&quot;credit&quot;:&quot;tribalium81&quot;,&quot;camera&quot;:&quot;&quot;,&quot;caption&quot;:&quot;&quot;,&quot;created_timestamp&quot;:&quot;0&quot;,&quot;copyright&quot;:&quot;tribalium81&quot;,&quot;focal_length&quot;:&quot;0&quot;,&quot;iso&quot;:&quot;0&quot;,&quot;shutter_speed&quot;:&quot;0&quot;,&quot;title&quot;:&quot;anchor and rope design&quot;,&quot;orientation&quot;:&quot;1&quot;}\" data-image-title=\"anchor and rope design\" data-image-description=\"\" data-image-caption=\"\" data-large-file=\"https:\/\/i0.wp.com\/pequod.nesodd1.no\/wp-content\/uploads\/2019\/10\/klistremerker-anker-og-tau-design.jpg.jpg?fit=25%2C25&amp;ssl=1\" class=\"alignnone size-full wp-image-16489\" src=\"https:\/\/i0.wp.com\/pequod.nesodd1.no\/wp-content\/uploads\/2019\/10\/klistremerker-anker-og-tau-design.jpg.jpg?resize=25%2C25&#038;ssl=1\" alt=\"\" width=\"25\" height=\"25\"><\/a><a href=\"https:\/\/i0.wp.com\/pequod.nesodd1.no\/wp-content\/uploads\/2019\/10\/klistremerker-anker-og-tau-design.jpg.jpg?ssl=1\"><img data-recalc-dims=\"1\" loading=\"lazy\" decoding=\"async\" data-attachment-id=\"16489\" data-permalink=\"https:\/\/pequod.nesodd1.no\/?attachment_id=16489\" data-orig-file=\"https:\/\/i0.wp.com\/pequod.nesodd1.no\/wp-content\/uploads\/2019\/10\/klistremerker-anker-og-tau-design.jpg.jpg?fit=25%2C25&amp;ssl=1\" data-orig-size=\"25,25\" data-comments-opened=\"1\" data-image-meta=\"{&quot;aperture&quot;:&quot;0&quot;,&quot;credit&quot;:&quot;tribalium81&quot;,&quot;camera&quot;:&quot;&quot;,&quot;caption&quot;:&quot;&quot;,&quot;created_timestamp&quot;:&quot;0&quot;,&quot;copyright&quot;:&quot;tribalium81&quot;,&quot;focal_length&quot;:&quot;0&quot;,&quot;iso&quot;:&quot;0&quot;,&quot;shutter_speed&quot;:&quot;0&quot;,&quot;title&quot;:&quot;anchor and rope design&quot;,&quot;orientation&quot;:&quot;1&quot;}\" data-image-title=\"anchor and rope design\" data-image-description=\"\" data-image-caption=\"\" data-large-file=\"https:\/\/i0.wp.com\/pequod.nesodd1.no\/wp-content\/uploads\/2019\/10\/klistremerker-anker-og-tau-design.jpg.jpg?fit=25%2C25&amp;ssl=1\" class=\"alignnone size-full wp-image-16489\" src=\"https:\/\/i0.wp.com\/pequod.nesodd1.no\/wp-content\/uploads\/2019\/10\/klistremerker-anker-og-tau-design.jpg.jpg?resize=25%2C25&#038;ssl=1\" alt=\"\" width=\"25\" height=\"25\"><\/a><\/strong><br \/>\n<b>Posisjon:<\/b>58\u00b021&#8217;35.4&#8243;N 11\u00b014&#8217;45.2&#8243;E<br \/>\n<b>Bes\u00f8kt antall ganger: <\/b>3 <b>Sist bes\u00f8kt:<\/b> Juni 2022 <strong>Webkamera:<\/strong> Nei <a href=\"https:\/\/www.kungshamn.nu\/om\/hamnar\" target=\"_blank\" rel=\"noopener noreferrer\">Hjemmeside<\/a>&nbsp;<br \/>\n<b>Fasiliteter:<\/b> Str\u00f8m, vann, toalett, dusj, s\u00f8ppel, vaskemaskin, wifi. Butikker og restauranter i umiddelbar n\u00e6rhet. Drivstoff.<br \/>\n<b>Havneavgift (for 29-foter): <\/b>120 SEK inkl, str\u00f8m i lavsesongen. Automat. Forh\u00e5ndsbestilling via Dockspot.<br \/>\n<strong>Fort\u00f8yning:<\/strong>&nbsp;Langsides, b\u00e5s og baug mot brygge og anker akter.<br \/>\n<b>Tilrettelagt for funksjonshemmede:<\/b>: Hvis du f\u00e5r longsideplass ved flytebryggene, s\u00e5 ja. Det er vanlig rampe fra bryggene. Handicaptoalett i servicebygget.<\/p>\n<p><a href=\"https:\/\/pequod.nesodd1.no\/?attachment_id=14212\" rel=\"attachment wp-att-14212\"><img data-recalc-dims=\"1\" loading=\"lazy\" decoding=\"async\" data-attachment-id=\"14212\" data-permalink=\"https:\/\/pequod.nesodd1.no\/?attachment_id=14212\" data-orig-file=\"https:\/\/i0.wp.com\/pequod.nesodd1.no\/wp-content\/uploads\/2018\/07\/IMG_5754.jpg?fit=640%2C480&amp;ssl=1\" data-orig-size=\"640,480\" data-comments-opened=\"1\" data-image-meta=\"{&quot;aperture&quot;:&quot;1.8&quot;,&quot;credit&quot;:&quot;&quot;,&quot;camera&quot;:&quot;iPhone 7&quot;,&quot;caption&quot;:&quot;&quot;,&quot;created_timestamp&quot;:&quot;1502710955&quot;,&quot;copyright&quot;:&quot;&quot;,&quot;focal_length&quot;:&quot;3.99&quot;,&quot;iso&quot;:&quot;20&quot;,&quot;shutter_speed&quot;:&quot;0.000354987575435&quot;,&quot;title&quot;:&quot;&quot;,&quot;orientation&quot;:&quot;1&quot;}\" data-image-title=\"IMG_5754\" data-image-description=\"&lt;p&gt;Kungshamn&lt;\/p&gt;\n\" data-image-caption=\"\" data-large-file=\"https:\/\/i0.wp.com\/pequod.nesodd1.no\/wp-content\/uploads\/2018\/07\/IMG_5754.jpg?fit=640%2C480&amp;ssl=1\" class=\"alignleft size-medium wp-image-14212\" src=\"https:\/\/i0.wp.com\/pequod.nesodd1.no\/wp-content\/uploads\/2018\/07\/IMG_5754-300x225.jpg?resize=300%2C225\" alt=\"\" width=\"300\" height=\"225\" srcset=\"https:\/\/i0.wp.com\/pequod.nesodd1.no\/wp-content\/uploads\/2018\/07\/IMG_5754.jpg?resize=300%2C225&amp;ssl=1 300w, https:\/\/i0.wp.com\/pequod.nesodd1.no\/wp-content\/uploads\/2018\/07\/IMG_5754.jpg?resize=100%2C75&amp;ssl=1 100w, https:\/\/i0.wp.com\/pequod.nesodd1.no\/wp-content\/uploads\/2018\/07\/IMG_5754.jpg?w=640&amp;ssl=1 640w\" sizes=\"auto, (max-width: 300px) 100vw, 300px\" \/><\/a>Ligger sentralt til i forhold til b\u00e5de en relativt stor ICA og andre butikker og restauranter. Rent og hyggelig. Og sentralt.<\/p>\n<p>Havnekontoret med serviceanlegg og automat ligger p\u00e5 andre siden av veien, i et gult hus. P\u00e5 kvitteringen st\u00e5r det koden til s\u00f8ppelanlegget, som er ved parkeringsplassen like ved gjestehavna. Pr\u00f8vde ikke fasilitetene i servicebygget.<\/p>\n<p>Ligger et steinkast fra gjestehavnene i Sm\u00f6gen og Hassel\u00f6sund. Har ikke v\u00e6rt hos noen av disse, men tror det kan v\u00e6re ganske br\u00e5kete og travelt, spesielt i Sm\u00f6gen, n\u00e5r toppsesongen er i gang.<\/p>\n<p>Kungshamn virker umiddelbart roligere, men jeg vet jo ikke siden jeg overnattet der i lavsesongen. Dog er den en aktiv fiskehavn med ganske store fart\u00f8y som g\u00e5r ut og inn.<\/p>\n<p>Jeg la meg p\u00e5 en av de to langsidesplassene ved den ene flytebryggen. Disse plasene kan v\u00e6re noe utsatt for \u00f8vrig b\u00e5ttrafikk og vind fra &laquo;feil&raquo; retning. De \u00f8vrige plassene er i b\u00e5ser med ikke gangbare utriggere. Det gjelder ogs\u00e5 flytebryggen p\u00e5 innsiden av moloen, der det ogs\u00e5 er langsidesplasser langs kaikanten &#8211; men noe for h\u00f8y for meg.<\/p>\n<p><a href=\"https:\/\/i0.wp.com\/pequod.nesodd1.no\/wp-content\/uploads\/2022\/06\/IMG-2028.jpg?ssl=1\"><img data-recalc-dims=\"1\" loading=\"lazy\" decoding=\"async\" data-attachment-id=\"24376\" data-permalink=\"https:\/\/pequod.nesodd1.no\/?attachment_id=24376\" data-orig-file=\"https:\/\/i0.wp.com\/pequod.nesodd1.no\/wp-content\/uploads\/2022\/06\/IMG-2028.jpg?fit=960%2C720&amp;ssl=1\" data-orig-size=\"960,720\" data-comments-opened=\"1\" data-image-meta=\"{&quot;aperture&quot;:&quot;0&quot;,&quot;credit&quot;:&quot;&quot;,&quot;camera&quot;:&quot;&quot;,&quot;caption&quot;:&quot;&quot;,&quot;created_timestamp&quot;:&quot;0&quot;,&quot;copyright&quot;:&quot;&quot;,&quot;focal_length&quot;:&quot;0&quot;,&quot;iso&quot;:&quot;0&quot;,&quot;shutter_speed&quot;:&quot;0&quot;,&quot;title&quot;:&quot;&quot;,&quot;orientation&quot;:&quot;0&quot;}\" data-image-title=\"IMG-2028\" data-image-description=\"&lt;p&gt;Kungshamn, Sverige&lt;\/p&gt;\n\" data-image-caption=\"\" data-large-file=\"https:\/\/i0.wp.com\/pequod.nesodd1.no\/wp-content\/uploads\/2022\/06\/IMG-2028.jpg?fit=940%2C705&amp;ssl=1\" class=\"alignleft size-medium wp-image-24376\" src=\"https:\/\/i0.wp.com\/pequod.nesodd1.no\/wp-content\/uploads\/2022\/06\/IMG-2028.jpg?resize=300%2C225&#038;ssl=1\" alt=\"\" width=\"300\" height=\"225\" srcset=\"https:\/\/i0.wp.com\/pequod.nesodd1.no\/wp-content\/uploads\/2022\/06\/IMG-2028.jpg?resize=300%2C225&amp;ssl=1 300w, https:\/\/i0.wp.com\/pequod.nesodd1.no\/wp-content\/uploads\/2022\/06\/IMG-2028.jpg?resize=100%2C75&amp;ssl=1 100w, https:\/\/i0.wp.com\/pequod.nesodd1.no\/wp-content\/uploads\/2022\/06\/IMG-2028.jpg?resize=768%2C576&amp;ssl=1 768w, https:\/\/i0.wp.com\/pequod.nesodd1.no\/wp-content\/uploads\/2022\/06\/IMG-2028.jpg?w=960&amp;ssl=1 960w\" sizes=\"auto, (max-width: 300px) 100vw, 300px\" \/><\/a>Anbefaler en tur til Thai-restauranten i den gamle presteg\u00e5rden. Kort vei fra havna og god mat til rimelige priser. Hadde en velsmakende buffet da jeg var der i 2019. I 2022 bestilte jeg take-away, ogs\u00e5 den smakte himmelsk!<\/p>\n<p>Man kan ogs\u00e5 ta en b\u00e5treise til Sm\u00f6gen med klassiske treb\u00e5ter hvis man ikke vil dra dit med egen b\u00e5t. Jeg vurderte \u00e5 ta meg en tur, men var ikke helt i form, s\u00e5 jeg droppet det denne gangen. Jeg m\u00e5 vel en eller annen gang bes\u00f8ke Sm\u00f6gen ogs\u00e5, men det ble alts\u00e5 ikke denne gangen!<\/p>\n<p>Men jeg trives i Kungshamn! Anbefaler ogs\u00e5 innkj\u00f8p av ferskt bakverk i bakeriet lenger inn i havna (i retning mot broen). Det er ogs\u00e5 en jernvarehandel nede ved havna. Den har ogs\u00e5 noe b\u00e5tutstyr.<\/p>\n<p>P\u00e5 R\u00f6sholmen vest for gjestehavna er det drivstoff. Har ikke tanket der, s\u00e5 vet ikke prisniv\u00e5et.<\/p>\n<p><a href=\"https:\/\/i0.wp.com\/pequod.nesodd1.no\/wp-content\/uploads\/2020\/03\/IMG-1517.jpg?ssl=1\"><img data-recalc-dims=\"1\" loading=\"lazy\" decoding=\"async\" data-attachment-id=\"17701\" data-permalink=\"https:\/\/pequod.nesodd1.no\/?attachment_id=17701\" data-orig-file=\"https:\/\/i0.wp.com\/pequod.nesodd1.no\/wp-content\/uploads\/2020\/03\/IMG-1517.jpg?fit=800%2C600&amp;ssl=1\" data-orig-size=\"800,600\" data-comments-opened=\"1\" data-image-meta=\"{&quot;aperture&quot;:&quot;2.8&quot;,&quot;credit&quot;:&quot;&quot;,&quot;camera&quot;:&quot;iPhone 8 Plus&quot;,&quot;caption&quot;:&quot;&quot;,&quot;created_timestamp&quot;:&quot;1566307480&quot;,&quot;copyright&quot;:&quot;&quot;,&quot;focal_length&quot;:&quot;6.6&quot;,&quot;iso&quot;:&quot;20&quot;,&quot;shutter_speed&quot;:&quot;0.00087489063867017&quot;,&quot;title&quot;:&quot;&quot;,&quot;orientation&quot;:&quot;1&quot;}\" data-image-title=\"IMG-1517\" data-image-description=\"&lt;p&gt;Kungshamn&lt;\/p&gt;\n\" data-image-caption=\"\" data-large-file=\"https:\/\/i0.wp.com\/pequod.nesodd1.no\/wp-content\/uploads\/2020\/03\/IMG-1517.jpg?fit=800%2C600&amp;ssl=1\" class=\"aligncenter size-full wp-image-17701\" src=\"https:\/\/i0.wp.com\/pequod.nesodd1.no\/wp-content\/uploads\/2020\/03\/IMG-1517.jpg?resize=800%2C600&#038;ssl=1\" alt=\"\" width=\"800\" height=\"600\" srcset=\"https:\/\/i0.wp.com\/pequod.nesodd1.no\/wp-content\/uploads\/2020\/03\/IMG-1517.jpg?w=800&amp;ssl=1 800w, https:\/\/i0.wp.com\/pequod.nesodd1.no\/wp-content\/uploads\/2020\/03\/IMG-1517.jpg?resize=300%2C225&amp;ssl=1 300w, https:\/\/i0.wp.com\/pequod.nesodd1.no\/wp-content\/uploads\/2020\/03\/IMG-1517.jpg?resize=100%2C75&amp;ssl=1 100w, https:\/\/i0.wp.com\/pequod.nesodd1.no\/wp-content\/uploads\/2020\/03\/IMG-1517.jpg?resize=768%2C576&amp;ssl=1 768w\" sizes=\"auto, (max-width: 800px) 100vw, 800px\" \/><\/a><\/p>\n<p>&nbsp;<\/p>\n<p>&nbsp;<\/p>\n<p>&nbsp;<\/p>\n<h3>Related Images:<\/h3>","protected":false},"excerpt":{"rendered":"<p>Vurdering (5 anker er best): Posisjon:58\u00b021&#8217;35.4&#8243;N 11\u00b014&#8217;45.2&#8243;E Bes\u00f8kt antall ganger: 3 Sist bes\u00f8kt: Juni 2022 Webkamera: Nei Hjemmeside&nbsp; Fasiliteter: Str\u00f8m, vann, toalett, dusj, s\u00f8ppel, vaskemaskin, wifi. Butikker og restauranter i umiddelbar n\u00e6rhet. Drivstoff. Havneavgift (for 29-foter): 120 SEK inkl, str\u00f8m i lavsesongen. Automat. Forh\u00e5ndsbestilling via Dockspot. Fort\u00f8yning:&nbsp;Langsides, b\u00e5s og baug mot brygge og anker akter. &hellip;<br \/><a href=\"https:\/\/pequod.nesodd1.no\/?page_id=11316\" class=\"more-link pen_element_default pen_icon_arrow_double\">Les<\/a><\/p>\n","protected":false},"author":1,"featured_media":16667,"parent":5493,"menu_order":0,"comment_status":"closed","ping_status":"closed","template":"","meta":{"_crdt_document":"","ngg_post_thumbnail":0,"jetpack_post_was_ever_published":false,"footnotes":""},"class_list":["post-11316","page","type-page","status-publish","has-post-thumbnail","hentry"],"jetpack_shortlink":"https:\/\/wp.me\/P3Zd9b-2Ww","jetpack_sharing_enabled":true,"jetpack_likes_enabled":true,"jetpack-related-posts":[],"_links":{"self":[{"href":"https:\/\/pequod.nesodd1.no\/index.php?rest_route=\/wp\/v2\/pages\/11316","targetHints":{"allow":["GET"]}}],"collection":[{"href":"https:\/\/pequod.nesodd1.no\/index.php?rest_route=\/wp\/v2\/pages"}],"about":[{"href":"https:\/\/pequod.nesodd1.no\/index.php?rest_route=\/wp\/v2\/types\/page"}],"author":[{"embeddable":true,"href":"https:\/\/pequod.nesodd1.no\/index.php?rest_route=\/wp\/v2\/users\/1"}],"replies":[{"embeddable":true,"href":"https:\/\/pequod.nesodd1.no\/index.php?rest_route=%2Fwp%2Fv2%2Fcomments&post=11316"}],"version-history":[{"count":12,"href":"https:\/\/pequod.nesodd1.no\/index.php?rest_route=\/wp\/v2\/pages\/11316\/revisions"}],"predecessor-version":[{"id":24817,"href":"https:\/\/pequod.nesodd1.no\/index.php?rest_route=\/wp\/v2\/pages\/11316\/revisions\/24817"}],"up":[{"embeddable":true,"href":"https:\/\/pequod.nesodd1.no\/index.php?rest_route=\/wp\/v2\/pages\/5493"}],"wp:featuredmedia":[{"embeddable":true,"href":"https:\/\/pequod.nesodd1.no\/index.php?rest_route=\/wp\/v2\/media\/16667"}],"wp:attachment":[{"href":"https:\/\/pequod.nesodd1.no\/index.php?rest_route=%2Fwp%2Fv2%2Fmedia&parent=11316"}],"curies":[{"name":"wp","href":"https:\/\/api.w.org\/{rel}","templated":true}]}}