{"id":11436,"date":"2017-02-19T20:14:12","date_gmt":"2017-02-19T19:14:12","guid":{"rendered":"https:\/\/pequod.nesodd1.no\/?page_id=11436"},"modified":"2017-02-21T22:47:55","modified_gmt":"2017-02-21T21:47:55","slug":"battur-i-take-17-og-19-februar","status":"publish","type":"page","link":"https:\/\/pequod.nesodd1.no\/?page_id=11436","title":{"rendered":"B\u00e5ttur i t\u00e5ke 17 og 19. februar"},"content":{"rendered":"<p>Det er noe spesielt \u00e5 v\u00e6re utp\u00e5 sj\u00f8en i t\u00e5ke. Disse bildene er fra to turer jeg fikk med meg fredag 17 og s\u00f8ndag 19. februar. P\u00e5 de f\u00f8rste fem bildene fra fredag kom det ikke ordentlig med t\u00e5ke f\u00f8r p\u00e5 returen, mens p\u00e5 s\u00f8ndag var det tjukk t\u00e5ke hele tiden (de siste fem bildene). Om noen av bildene ser uskarpe ut, s\u00e5 er de ikke det &#8211; det er t\u00e5ka! M\u00e5tte ha b\u00e5ten med i flere av bildene fra s\u00f8ndag for \u00e5 i det hele tatt f\u00e5 autofokusen til \u00e5 fungere! T\u00e5ka gjorde det umulig, og det var like umulig, av samme grunn, \u00e5 pr\u00f8ve \u00e5 fokusere manuelt!<\/p>\n\n            \n<h3>Related Images:<\/h3>","protected":false},"excerpt":{"rendered":"<p>Det er noe spesielt \u00e5 v\u00e6re utp\u00e5 sj\u00f8en i t\u00e5ke. Disse bildene er fra to turer jeg fikk med meg fredag 17 og s\u00f8ndag 19. februar. P\u00e5 de f\u00f8rste fem bildene fra fredag kom det ikke ordentlig med t\u00e5ke f\u00f8r p\u00e5 returen, mens p\u00e5 s\u00f8ndag var det tjukk t\u00e5ke hele tiden (de siste fem bildene). &hellip;<br \/><a href=\"https:\/\/pequod.nesodd1.no\/?fa_gallery=taketur-i-februar\" class=\"more-link pen_element_default pen_icon_arrow_double\">Les<\/a><\/p>\n","protected":false},"author":1,"featured_media":0,"parent":11438,"menu_order":0,"comment_status":"closed","ping_status":"closed","template":"","meta":{"_crdt_document":"","ngg_post_thumbnail":0,"jetpack_post_was_ever_published":false,"footnotes":""},"class_list":["post-11436","page","type-page","status-publish","hentry"],"jetpack_shortlink":"https:\/\/wp.me\/P3Zd9b-2Ys","jetpack_sharing_enabled":true,"jetpack_likes_enabled":true,"jetpack-related-posts":[],"_links":{"self":[{"href":"https:\/\/pequod.nesodd1.no\/index.php?rest_route=\/wp\/v2\/pages\/11436","targetHints":{"allow":["GET"]}}],"collection":[{"href":"https:\/\/pequod.nesodd1.no\/index.php?rest_route=\/wp\/v2\/pages"}],"about":[{"href":"https:\/\/pequod.nesodd1.no\/index.php?rest_route=\/wp\/v2\/types\/page"}],"author":[{"embeddable":true,"href":"https:\/\/pequod.nesodd1.no\/index.php?rest_route=\/wp\/v2\/users\/1"}],"replies":[{"embeddable":true,"href":"https:\/\/pequod.nesodd1.no\/index.php?rest_route=%2Fwp%2Fv2%2Fcomments&post=11436"}],"version-history":[{"count":1,"href":"https:\/\/pequod.nesodd1.no\/index.php?rest_route=\/wp\/v2\/pages\/11436\/revisions"}],"predecessor-version":[{"id":11437,"href":"https:\/\/pequod.nesodd1.no\/index.php?rest_route=\/wp\/v2\/pages\/11436\/revisions\/11437"}],"up":[{"embeddable":true,"href":"https:\/\/pequod.nesodd1.no\/index.php?rest_route=\/wp\/v2\/pages\/11438"}],"wp:attachment":[{"href":"https:\/\/pequod.nesodd1.no\/index.php?rest_route=%2Fwp%2Fv2%2Fmedia&parent=11436"}],"curies":[{"name":"wp","href":"https:\/\/api.w.org\/{rel}","templated":true}]}}