{"id":11900,"date":"2017-03-27T09:53:01","date_gmt":"2017-03-27T07:53:01","guid":{"rendered":"https:\/\/pequod.nesodd1.no\/?page_id=11900"},"modified":"2020-04-03T20:45:07","modified_gmt":"2020-04-03T18:45:07","slug":"saetre-marina","status":"publish","type":"page","link":"https:\/\/pequod.nesodd1.no\/?page_id=11900","title":{"rendered":"S\u00e6tre Marina"},"content":{"rendered":"<figure id=\"attachment_7522\" aria-describedby=\"caption-attachment-7522\" style=\"width: 300px\" class=\"wp-caption alignleft\"><a href=\"https:\/\/i0.wp.com\/pequod.nesodd1.no\/wp-content\/uploads\/2015\/11\/image30.jpg?ssl=1\" rel=\"attachment wp-att-7522\"><img data-recalc-dims=\"1\" loading=\"lazy\" decoding=\"async\" data-attachment-id=\"7522\" data-permalink=\"https:\/\/pequod.nesodd1.no\/?attachment_id=7522\" data-orig-file=\"https:\/\/i0.wp.com\/pequod.nesodd1.no\/wp-content\/uploads\/2015\/11\/image30.jpg?fit=2893%2C2225&amp;ssl=1\" data-orig-size=\"2893,2225\" data-comments-opened=\"1\" data-image-meta=\"{&quot;aperture&quot;:&quot;0&quot;,&quot;credit&quot;:&quot;&quot;,&quot;camera&quot;:&quot;&quot;,&quot;caption&quot;:&quot;&quot;,&quot;created_timestamp&quot;:&quot;0&quot;,&quot;copyright&quot;:&quot;&quot;,&quot;focal_length&quot;:&quot;0&quot;,&quot;iso&quot;:&quot;0&quot;,&quot;shutter_speed&quot;:&quot;0&quot;,&quot;title&quot;:&quot;&quot;,&quot;orientation&quot;:&quot;1&quot;}\" data-image-title=\"image\" data-image-description=\"&lt;p&gt;S\u00e6tre&lt;\/p&gt;\n\" data-image-caption=\"\" data-large-file=\"https:\/\/i0.wp.com\/pequod.nesodd1.no\/wp-content\/uploads\/2015\/11\/image30.jpg?fit=940%2C723&amp;ssl=1\" class=\"wp-image-7522 size-medium\" src=\"https:\/\/i0.wp.com\/pequod.nesodd1.no\/wp-content\/uploads\/2015\/11\/image30.jpg?resize=300%2C231&#038;ssl=1\" alt=\"\" width=\"300\" height=\"231\" srcset=\"https:\/\/i0.wp.com\/pequod.nesodd1.no\/wp-content\/uploads\/2015\/11\/image30.jpg?resize=300%2C231&amp;ssl=1 300w, https:\/\/i0.wp.com\/pequod.nesodd1.no\/wp-content\/uploads\/2015\/11\/image30.jpg?resize=1024%2C788&amp;ssl=1 1024w, https:\/\/i0.wp.com\/pequod.nesodd1.no\/wp-content\/uploads\/2015\/11\/image30.jpg?w=1880&amp;ssl=1 1880w, https:\/\/i0.wp.com\/pequod.nesodd1.no\/wp-content\/uploads\/2015\/11\/image30.jpg?w=2820&amp;ssl=1 2820w\" sizes=\"auto, (max-width: 300px) 100vw, 300px\" \/><\/a><figcaption id=\"caption-attachment-7522\" class=\"wp-caption-text\">Drivstoffbrygga&nbsp;p\u00e5 S\u00e6tre.<\/figcaption><\/figure>\n<p><strong>Hvor:&nbsp;<\/strong>S\u00e6tre, Hurum (Asker)<br \/>\n<strong>Posisjon: <\/strong>59\u00b040&#8217;51.2&#8243;N 10\u00b031&#8217;54.4&#8243;E<br \/>\n<strong>Type drivstoff: <\/strong>Bensin og diesel<br \/>\n<strong>Drivstoffkvalitet:<\/strong> EN590<br \/>\n<strong>Leverand\u00f8r:&nbsp;&#8211;<\/strong><br \/>\n<strong>Pumpe:&nbsp;<\/strong>Bankkort\/Visa\/Mastercard<br \/>\n<strong>Pris (dato sist jeg fylte) : <span style=\"color: #993366;\">9,<\/span><span style=\"color: #800000;\">99<\/span><\/strong>&nbsp;(31.07.2016)<br \/>\n<strong>Kommentar:&nbsp;<\/strong>B\u00e5tutstyrsbutikk, kiosk og restaurant p\u00e5 stedet. Dagligvarebutikker og andre tilbud i umiddelbar n\u00e6rhet.<\/p>\n<p>Her har jeg vel bare fylt en gang! Da var det manuell betjening, s\u00e5 det kom en ungdom ut p\u00e5 brygga n\u00e5r vi la oss der og fylte for meg! Hyggelig pris var det ogs\u00e5 den gangen!<\/p>\n<p>Etter denne visitten har stedet f\u00e5tt nye eiere og det har kommet en 24-timers kortautomat, men jeg har ikke fylt der enn\u00e5, s\u00e5 jeg vet ikke hva prisen er der n\u00e5.<\/p>\n<p><a href=\"https:\/\/www.facebook.com\/Saetrehavnmarina\/\" target=\"_blank\" rel=\"noopener noreferrer\">Nettside.<\/a><\/p>\n<h3>Related Images:<\/h3>","protected":false},"excerpt":{"rendered":"<p>Hvor:&nbsp;S\u00e6tre, Hurum (Asker) Posisjon: 59\u00b040&#8217;51.2&#8243;N 10\u00b031&#8217;54.4&#8243;E Type drivstoff: Bensin og diesel Drivstoffkvalitet: EN590 Leverand\u00f8r:&nbsp;&#8211; Pumpe:&nbsp;Bankkort\/Visa\/Mastercard Pris (dato sist jeg fylte) : 9,99&nbsp;(31.07.2016) Kommentar:&nbsp;B\u00e5tutstyrsbutikk, kiosk og restaurant p\u00e5 stedet. Dagligvarebutikker og andre tilbud i umiddelbar n\u00e6rhet. Her har jeg vel bare fylt en gang! Da var det manuell betjening, s\u00e5 det kom en ungdom ut p\u00e5 &hellip;<br \/><a href=\"https:\/\/pequod.nesodd1.no\/?page_id=11900\" class=\"more-link pen_element_default pen_icon_arrow_double\">Les<\/a><\/p>\n","protected":false},"author":1,"featured_media":0,"parent":10056,"menu_order":0,"comment_status":"closed","ping_status":"closed","template":"","meta":{"_crdt_document":"","ngg_post_thumbnail":0,"jetpack_post_was_ever_published":false,"footnotes":""},"class_list":["post-11900","page","type-page","status-publish","hentry"],"jetpack_shortlink":"https:\/\/wp.me\/P3Zd9b-35W","jetpack_sharing_enabled":true,"jetpack_likes_enabled":true,"jetpack-related-posts":[],"_links":{"self":[{"href":"https:\/\/pequod.nesodd1.no\/index.php?rest_route=\/wp\/v2\/pages\/11900","targetHints":{"allow":["GET"]}}],"collection":[{"href":"https:\/\/pequod.nesodd1.no\/index.php?rest_route=\/wp\/v2\/pages"}],"about":[{"href":"https:\/\/pequod.nesodd1.no\/index.php?rest_route=\/wp\/v2\/types\/page"}],"author":[{"embeddable":true,"href":"https:\/\/pequod.nesodd1.no\/index.php?rest_route=\/wp\/v2\/users\/1"}],"replies":[{"embeddable":true,"href":"https:\/\/pequod.nesodd1.no\/index.php?rest_route=%2Fwp%2Fv2%2Fcomments&post=11900"}],"version-history":[{"count":6,"href":"https:\/\/pequod.nesodd1.no\/index.php?rest_route=\/wp\/v2\/pages\/11900\/revisions"}],"predecessor-version":[{"id":18006,"href":"https:\/\/pequod.nesodd1.no\/index.php?rest_route=\/wp\/v2\/pages\/11900\/revisions\/18006"}],"up":[{"embeddable":true,"href":"https:\/\/pequod.nesodd1.no\/index.php?rest_route=\/wp\/v2\/pages\/10056"}],"wp:attachment":[{"href":"https:\/\/pequod.nesodd1.no\/index.php?rest_route=%2Fwp%2Fv2%2Fmedia&parent=11900"}],"curies":[{"name":"wp","href":"https:\/\/api.w.org\/{rel}","templated":true}]}}