{"id":11938,"date":"2017-03-29T19:21:14","date_gmt":"2017-03-29T17:21:14","guid":{"rendered":"https:\/\/pequod.nesodd1.no\/?page_id=11938"},"modified":"2020-11-24T10:32:58","modified_gmt":"2020-11-24T09:32:58","slug":"om-bloggen","status":"publish","type":"page","link":"https:\/\/pequod.nesodd1.no\/?page_id=11938","title":{"rendered":"Noen ord om hvordan jeg tenker n\u00e5r jeg skriver blogg"},"content":{"rendered":"<ul>\n<li>For det f\u00f8rste vil du aldri kunne lese noen form for sponsede innlegg p\u00e5 denne siden, og jeg kommer heller ikke til \u00e5 ha noen reklamebannere her.<\/li>\n<li>Om jeg skriver positivt om et produkt eller en leverand\u00f8r, s\u00e5 er det alts\u00e5 fordi jeg mener det jeg skriver, ikke fordi jeg f\u00e5r betalt eller f\u00e5r gratis produkter ved \u00e5 skrive om dem.<\/li>\n<li>Jeg er journalist til daglig og kommer derfor aldri til \u00e5 skrive noe her som kan sette min integritet som journalist p\u00e5 spill.<\/li>\n<li>Bloggen redigeres derfor i utgangspunktet etter prinsippene i Redakt\u00f8rplakaten og V\u00e6r Varsom-plakaten.<\/li>\n<li>Jeg er ingen rosablogger, men skriver for moro skyld og har ikke tenkt \u00e5 tjene penger p\u00e5 bloggen &#8211; da burde jeg uansett valgt noe annet \u00e5 skrive om!<\/li>\n<li>Jeg skriver om reisene jeg gj\u00f8r med b\u00e5ten min, tanker jeg gj\u00f8r meg, hindringer jeg m\u00f8ter underveis, synspunkter og erfaringer, bilder og skildringer fra b\u00e5tturene.<\/li>\n<li>Jeg pr\u00f8ver ogs\u00e5 \u00e5 komme med tips og litt generelle b\u00e5trelaterte nyheter.<\/li>\n<li>Jeg skriver vel omtrent 90 prosent b\u00e5trelaterte innlegg, og noen som har mer privat tilsnitt og ikke n\u00f8dvendigvis handler om b\u00e5t.<\/li>\n<li>Jeg skriver d\u00f8nn \u00e6rlig, s\u00e5 driter jeg meg ut og g\u00e5r p\u00e5 grunn og slikt, s\u00e5 vil du f\u00e5 lese om det ogs\u00e5!<\/li>\n<li>Jeg skriver ikke om <u>alle<\/u> turene jeg tar med b\u00e5ten, men skriver om lengre turer og ogs\u00e5 om korte turer hvis det er noe spesielt med turen.<\/li>\n<li>Jeg skriver innlegg stort sett tre til fire ganger i uka i hovedsesongen (fra rundt mai og ut til midten av oktober), av og til mer, noen ganger mindre! Utenom det stort sett to til tre ganger i uka, av og til litt sjeldnere. I helgene tar jeg gjerne bloggfri, men det kan hende det dukker opp noe da ogs\u00e5! Og jeg skriver n\u00e5r jeg har noe \u00e5 skrive om, ikke bare for \u00e5 fylle opp bloggen!<\/li>\n<li>Jeg f\u00f8rer logg over alle turer jeg tar med b\u00e5ten der jeg tar med hvor lenge jeg var utp\u00e5, om jeg hadde meg meg passasjerer, v\u00e6ret, hvor vi dro, vind, effektive motortimer osv.<\/li>\n<li>Under fanen &laquo;Havner&raquo; skriver jeg litt kortfattet om alle havner jeg bes\u00f8ker med b\u00e5ten, b\u00e5de gjestehavner og uthavner. En liten oppsummering og vurdering av hver havn.<\/li>\n<\/ul>\n<p>&nbsp;<\/p>\n<h3>Related Images:<\/h3>","protected":false},"excerpt":{"rendered":"<p>For det f\u00f8rste vil du aldri kunne lese noen form for sponsede innlegg p\u00e5 denne siden, og jeg kommer heller ikke til \u00e5 ha noen reklamebannere her. Om jeg skriver positivt om et produkt eller en leverand\u00f8r, s\u00e5 er det alts\u00e5 fordi jeg mener det jeg skriver, ikke fordi jeg f\u00e5r betalt eller f\u00e5r gratis &hellip;<br \/><a href=\"https:\/\/pequod.nesodd1.no\/?page_id=11938\" class=\"more-link pen_element_default pen_icon_arrow_double\">Les<\/a><\/p>\n","protected":false},"author":1,"featured_media":1130,"parent":10071,"menu_order":0,"comment_status":"closed","ping_status":"closed","template":"","meta":{"_crdt_document":"","ngg_post_thumbnail":0,"jetpack_post_was_ever_published":false,"footnotes":""},"class_list":["post-11938","page","type-page","status-publish","has-post-thumbnail","hentry"],"jetpack_shortlink":"https:\/\/wp.me\/P3Zd9b-36y","jetpack_sharing_enabled":true,"jetpack_likes_enabled":true,"jetpack-related-posts":[],"_links":{"self":[{"href":"https:\/\/pequod.nesodd1.no\/index.php?rest_route=\/wp\/v2\/pages\/11938","targetHints":{"allow":["GET"]}}],"collection":[{"href":"https:\/\/pequod.nesodd1.no\/index.php?rest_route=\/wp\/v2\/pages"}],"about":[{"href":"https:\/\/pequod.nesodd1.no\/index.php?rest_route=\/wp\/v2\/types\/page"}],"author":[{"embeddable":true,"href":"https:\/\/pequod.nesodd1.no\/index.php?rest_route=\/wp\/v2\/users\/1"}],"replies":[{"embeddable":true,"href":"https:\/\/pequod.nesodd1.no\/index.php?rest_route=%2Fwp%2Fv2%2Fcomments&post=11938"}],"version-history":[{"count":13,"href":"https:\/\/pequod.nesodd1.no\/index.php?rest_route=\/wp\/v2\/pages\/11938\/revisions"}],"predecessor-version":[{"id":20816,"href":"https:\/\/pequod.nesodd1.no\/index.php?rest_route=\/wp\/v2\/pages\/11938\/revisions\/20816"}],"up":[{"embeddable":true,"href":"https:\/\/pequod.nesodd1.no\/index.php?rest_route=\/wp\/v2\/pages\/10071"}],"wp:featuredmedia":[{"embeddable":true,"href":"https:\/\/pequod.nesodd1.no\/index.php?rest_route=\/wp\/v2\/media\/1130"}],"wp:attachment":[{"href":"https:\/\/pequod.nesodd1.no\/index.php?rest_route=%2Fwp%2Fv2%2Fmedia&parent=11938"}],"curies":[{"name":"wp","href":"https:\/\/api.w.org\/{rel}","templated":true}]}}