{"id":11997,"date":"2017-03-31T20:08:27","date_gmt":"2017-03-31T18:08:27","guid":{"rendered":"https:\/\/pequod.nesodd1.no\/?page_id=11997"},"modified":"2020-03-30T20:20:41","modified_gmt":"2020-03-30T18:20:41","slug":"om-vhf","status":"publish","type":"page","link":"https:\/\/pequod.nesodd1.no\/?page_id=11997","title":{"rendered":"Om VHF"},"content":{"rendered":"<figure id=\"attachment_10157\" aria-describedby=\"caption-attachment-10157\" style=\"width: 161px\" class=\"wp-caption alignleft\"><a href=\"https:\/\/pequod.nesodd1.no\/?attachment_id=10157\" rel=\"attachment wp-att-10157\"><img data-recalc-dims=\"1\" loading=\"lazy\" decoding=\"async\" data-attachment-id=\"10157\" data-permalink=\"https:\/\/pequod.nesodd1.no\/?attachment_id=10157\" data-orig-file=\"https:\/\/i0.wp.com\/pequod.nesodd1.no\/wp-content\/uploads\/2016\/09\/HX870_FRONT_050315.jpg?fit=328%2C700&amp;ssl=1\" data-orig-size=\"328,700\" data-comments-opened=\"1\" data-image-meta=\"{&quot;aperture&quot;:&quot;0&quot;,&quot;credit&quot;:&quot;&quot;,&quot;camera&quot;:&quot;&quot;,&quot;caption&quot;:&quot;&quot;,&quot;created_timestamp&quot;:&quot;0&quot;,&quot;copyright&quot;:&quot;Copyright:TBK-inc&quot;,&quot;focal_length&quot;:&quot;0&quot;,&quot;iso&quot;:&quot;0&quot;,&quot;shutter_speed&quot;:&quot;0&quot;,&quot;title&quot;:&quot;&quot;,&quot;orientation&quot;:&quot;0&quot;}\" data-image-title=\"hx870_front_050315\" data-image-description=\"&lt;p&gt;VHF&lt;\/p&gt;\n\" data-image-caption=\"\" data-large-file=\"https:\/\/i0.wp.com\/pequod.nesodd1.no\/wp-content\/uploads\/2016\/09\/HX870_FRONT_050315.jpg?fit=328%2C700&amp;ssl=1\" class=\" wp-image-10157\" src=\"https:\/\/i0.wp.com\/pequod.nesodd1.no\/wp-content\/uploads\/2016\/09\/HX870_FRONT_050315.jpg?resize=161%2C343\" alt=\"\" width=\"161\" height=\"343\" srcset=\"https:\/\/i0.wp.com\/pequod.nesodd1.no\/wp-content\/uploads\/2016\/09\/HX870_FRONT_050315.jpg?w=328&amp;ssl=1 328w, https:\/\/i0.wp.com\/pequod.nesodd1.no\/wp-content\/uploads\/2016\/09\/HX870_FRONT_050315.jpg?resize=141%2C300&amp;ssl=1 141w\" sizes=\"auto, (max-width: 161px) 100vw, 161px\" \/><\/a><figcaption id=\"caption-attachment-10157\" class=\"wp-caption-text\">Standard Horizon HX870E<\/figcaption><\/figure>\n<p><strong>Bergtatt<\/strong> er utstyrt med b\u00e5de b\u00e6rbar og stasjon\u00e6r VHF-radio om bord. I snekka hadde jeg en b\u00e6rbar, mens i den nye b\u00e5ten var det montert en stasjon\u00e6r fra f\u00f8r, s\u00e5 n\u00e5 har jeg dobbelt opp. Spesielt om vinteren er det en viktig foranstaltning, da har jeg den b\u00e6rbare med meg i flytedrakten hele tiden.<\/p>\n<p>\u00c5 ha en slik radio om bord er sv\u00e6rt viktig for sikkerheten til sj\u00f8s, ikke bare for egen skyld &#8211; ogs\u00e5 for andres! Mobil og nettbrett fungerer ikke over alt hele tiden, noe en VHF-radio i utgangspunktet gj\u00f8r.<\/p>\n<p>Det finnes to typer VHF &#8211; stasjon\u00e6r og b\u00e6rbar. Den stasjon\u00e6re er mye kraftigere i sendestyrke (25 watt) og krever egen fastmontert antenne, mens en h\u00e5ndholdt\/b\u00e6rbar VHF klarer seg uten ekstern antenne, men har en mye mindre rekkevidde p\u00e5 opp til 6 watt.<\/p>\n<p>Den b\u00e6rbare er en Standard Horizon HX870E. Den har alle de egenskapene en h\u00e5ndholdt VHF m\u00e5 ha: Den har innebygget GPS, en egen Distress-knapp som du bare trykker inn og som sender posisjonen din til n\u00e6rmeste kystradiostasjon og b\u00e5ter, og den b\u00e5de flyter og sender ut et lyssignal.<\/p>\n<p>Jeg valgte \u00e5 legge litt penger i den og betale rett under 3.000 kroner. En fastmontert er rimeligere, du kan f\u00e5 en for halvparten, men m\u00e5 ogs\u00e5 ha ekstra antenne og kabler, s\u00e5&nbsp;i praksis blir det omtrent det samme. Du f\u00e5r ogs\u00e5 kj\u00f8pt rimeligere h\u00e5ndholdte.<\/p>\n<p>Jeg testet den ut sesongen 2017 og hadde fors\u00e5vidt god erfaring med den de fleste gangene, bortsett fra et par ganger under litt vanskelige forhold, s\u00e5 jeg er veldig forn\u00f8yd med at den nye n\u00e5 har en stasjon\u00e6r og kraftigere VHF-radio.<\/p>\n<figure id=\"attachment_17495\" aria-describedby=\"caption-attachment-17495\" style=\"width: 359px\" class=\"wp-caption alignright\"><a href=\"https:\/\/i0.wp.com\/pequod.nesodd1.no\/wp-content\/uploads\/2020\/03\/Navman_10_04.jpg?ssl=1\"><img data-recalc-dims=\"1\" loading=\"lazy\" decoding=\"async\" data-attachment-id=\"17495\" data-permalink=\"https:\/\/pequod.nesodd1.no\/?attachment_id=17495\" data-orig-file=\"https:\/\/i0.wp.com\/pequod.nesodd1.no\/wp-content\/uploads\/2020\/03\/Navman_10_04.jpg?fit=400%2C162&amp;ssl=1\" data-orig-size=\"400,162\" data-comments-opened=\"1\" data-image-meta=\"{&quot;aperture&quot;:&quot;0&quot;,&quot;credit&quot;:&quot;&quot;,&quot;camera&quot;:&quot;&quot;,&quot;caption&quot;:&quot;&quot;,&quot;created_timestamp&quot;:&quot;0&quot;,&quot;copyright&quot;:&quot;&quot;,&quot;focal_length&quot;:&quot;0&quot;,&quot;iso&quot;:&quot;0&quot;,&quot;shutter_speed&quot;:&quot;0&quot;,&quot;title&quot;:&quot;&quot;,&quot;orientation&quot;:&quot;0&quot;}\" data-image-title=\"Navman_10_04\" data-image-description=\"&lt;p&gt;VHF, Navman 7200, stasjon\u00e6r&lt;\/p&gt;\n\" data-image-caption=\"\" data-large-file=\"https:\/\/i0.wp.com\/pequod.nesodd1.no\/wp-content\/uploads\/2020\/03\/Navman_10_04.jpg?fit=400%2C162&amp;ssl=1\" class=\"wp-image-17495 \" src=\"https:\/\/i0.wp.com\/pequod.nesodd1.no\/wp-content\/uploads\/2020\/03\/Navman_10_04.jpg?resize=359%2C146&#038;ssl=1\" alt=\"\" width=\"359\" height=\"146\" srcset=\"https:\/\/i0.wp.com\/pequod.nesodd1.no\/wp-content\/uploads\/2020\/03\/Navman_10_04.jpg?resize=300%2C122&amp;ssl=1 300w, https:\/\/i0.wp.com\/pequod.nesodd1.no\/wp-content\/uploads\/2020\/03\/Navman_10_04.jpg?resize=100%2C41&amp;ssl=1 100w, https:\/\/i0.wp.com\/pequod.nesodd1.no\/wp-content\/uploads\/2020\/03\/Navman_10_04.jpg?w=400&amp;ssl=1 400w\" sizes=\"auto, (max-width: 359px) 100vw, 359px\" \/><\/a><figcaption id=\"caption-attachment-17495\" class=\"wp-caption-text\">Navman 7200<\/figcaption><\/figure>\n<p>Den stasjon\u00e6re er av typen Navman 7200. Den fulgte alts\u00e5 med nyb\u00e5ten. Det er ikke et merke som jeg kjenner spesielt godt til, men andre har sagt at det er et godt merke. Jeg vet ikke hvor gammel den er, men den fungerer bra i bruk og jeg h\u00f8rer den godt.<\/p>\n<p>Den overrasket meg et par ganger i begynnelsen ved \u00e5 komme med en alarm innimellom , og etter \u00e5 ha sjekket manualen fant jeg ut at den varslet om at jeg befant meg i et omr\u00e5de med mye fisk?! Vet ikke helt om den er til \u00e5 stole p\u00e5 slikt sett, men den har en del funksjoner som jeg ikke har f\u00e5tt satt meg inn i enn\u00e5.<\/p>\n<p>Det jeg synes er praktisk er at du kan legge inn tre favorittkanaler, og slippe \u00e5 scrolle gjennom for \u00e5 h\u00f8re gjennom. P\u00e5 den b\u00e6rbare jag har er det to slike muligheter. Jeg har selvsagt 16 p\u00e5 hele tiden, og s\u00e5 kan jeg raskt g\u00e5 over til kanal 66 &#8211; som er arbeidskanalen for mitt n\u00e6romr\u00e5de. Det tredje valget p\u00e5 den faste er kanal 12 &#8211; som er den kanalen havnemyndighetene vanligvis bruker.<\/p>\n<p>Den har ogs\u00e5 en Distress-knapp &#8211; DSC &#8211; og jeg har programmert inn mitt MMSI-nummer. Det siste var jeg heldig med, for forrige eier hadde faktisk ikke gjort det! Visstnok skal det v\u00e6re en komplisert prosess \u00e5 f\u00e5 endret MMSI-nummeret n\u00e5r det f\u00f8rst er satt inn, og VHF-en m\u00e5 i de fleste tilfeller leveres inn til forhandler for \u00e5 f\u00e5 det gjort, men det slapp alts\u00e5 jeg.<\/p>\n<p>Men jeg mangler en kabel som m\u00e5 kobles mellom VHF-en og kartplotteren for at DSC-oppkallet skal inneholde riktig posisjon. St\u00e5r p\u00e5 innkj\u00f8pslista! Slik det er n\u00e5 er det derfor kun Distress-knappen p\u00e5 den b\u00e6rbare som kan sende n\u00f8yaktig posisjon n\u00e5r jeg trykker den inn.<\/p>\n<figure id=\"attachment_11977\" aria-describedby=\"caption-attachment-11977\" style=\"width: 226px\" class=\"wp-caption alignleft\"><a href=\"https:\/\/pequod.nesodd1.no\/?attachment_id=11977\" rel=\"attachment wp-att-11977\"><img data-recalc-dims=\"1\" loading=\"lazy\" decoding=\"async\" data-attachment-id=\"11977\" data-permalink=\"https:\/\/pequod.nesodd1.no\/?attachment_id=11977\" data-orig-file=\"https:\/\/i0.wp.com\/pequod.nesodd1.no\/wp-content\/uploads\/2017\/03\/sertifikat.jpg?fit=640%2C414&amp;ssl=1\" data-orig-size=\"640,414\" data-comments-opened=\"1\" data-image-meta=\"{&quot;aperture&quot;:&quot;2.2&quot;,&quot;credit&quot;:&quot;&quot;,&quot;camera&quot;:&quot;iPhone 6&quot;,&quot;caption&quot;:&quot;&quot;,&quot;created_timestamp&quot;:&quot;1490797243&quot;,&quot;copyright&quot;:&quot;&quot;,&quot;focal_length&quot;:&quot;4.15&quot;,&quot;iso&quot;:&quot;500&quot;,&quot;shutter_speed&quot;:&quot;0.0588235294118&quot;,&quot;title&quot;:&quot;&quot;,&quot;orientation&quot;:&quot;1&quot;}\" data-image-title=\"sertifikat\" data-image-description=\"\" data-image-caption=\"\" data-large-file=\"https:\/\/i0.wp.com\/pequod.nesodd1.no\/wp-content\/uploads\/2017\/03\/sertifikat.jpg?fit=640%2C414&amp;ssl=1\" class=\"wp-image-11977\" src=\"https:\/\/i0.wp.com\/pequod.nesodd1.no\/wp-content\/uploads\/2017\/03\/sertifikat-300x194.jpg?resize=226%2C146\" alt=\"\" width=\"226\" height=\"146\" srcset=\"https:\/\/i0.wp.com\/pequod.nesodd1.no\/wp-content\/uploads\/2017\/03\/sertifikat.jpg?resize=300%2C194&amp;ssl=1 300w, https:\/\/i0.wp.com\/pequod.nesodd1.no\/wp-content\/uploads\/2017\/03\/sertifikat.jpg?resize=100%2C65&amp;ssl=1 100w, https:\/\/i0.wp.com\/pequod.nesodd1.no\/wp-content\/uploads\/2017\/03\/sertifikat.jpg?w=640&amp;ssl=1 640w\" sizes=\"auto, (max-width: 226px) 100vw, 226px\" \/><\/a><figcaption id=\"caption-attachment-11977\" class=\"wp-caption-text\">OBS: 100 \u00e5rs gyldighetstid! \ud83d\ude42<\/figcaption><\/figure>\n<p>For \u00e5 bruke en VHF lovlig m\u00e5 du ha lisens og et VHF-sertifikat. Jeg kj\u00f8pte boken &laquo;Mayday&raquo; &#8211; som er et pensumhefte for sertifikatet &#8211; og leste gjennom den mange, mange ganger f\u00f8r jeg tok eksamen p\u00e5 nett. Det gikk knirkefritt!<\/p>\n<p>P\u00e5 nettsidene til Telenor Kystradio finnes en online VHF-simulator der du kan teste bruk av radioen, med mange oppgaver du kan \u00f8ve deg p\u00e5, og som har utgangspunkt i pensum.<\/p>\n<p>Deretter kan du &#8211; som jeg gjorde &#8211; ta eksamen p\u00e5 nett. Du kan kombinere dette med et kurs &#8211; ogs\u00e5 det p\u00e5 nett &#8211; eller hvis du f\u00f8ler deg klar etter \u00e5 ha pugget innholdet i boken og \u00f8vd deg p\u00e5 simulatoren &#8211; ta eksamen direkte.<\/p>\n<p>Et lite tips: T\u00f8rrtren ofte p\u00e5 bruken, slik at rutinene ikke g\u00e5r i glemmeboka, eller kall opp Kystradioen for en radiosjekk. Det har jeg ikke gjort med denne enn\u00e5, noe jeg vel burde gj\u00f8re &#8211; jeg h\u00f8rer bra p\u00e5 den &#8211; men jeg vet egentlig ikke om de jeg snakker til h\u00f8rer meg!&nbsp;<\/p>\n<p>Det finnes ogs\u00e5 mulighet til \u00e5 ta praktiske kurs i regi av for eksempel Redningsselskapet &#8211; der vel helgekurs er mest vanlig.<\/p>\n<p>Jeg anbefaler deg ogs\u00e5 \u00e5 ta b\u00e5tf\u00f8rerpr\u00f8ven og\/eller kurs. Jeg valgte \u00e5 ta et b\u00e5tf\u00f8rerkurs over to dager, selv om jeg if\u00f8lge loven ikke trengte det. Plukket opp en god del tips da, og angrer ikke p\u00e5 det!<\/p>\n<p>Les mer om mine erfaringer:<\/p>\n<p><a href=\"https:\/\/pequod.nesodd1.no\/?p=2763\">B\u00e5tf\u00f8rerpr\u00f8ven unnagjort<\/a>&nbsp;&nbsp;<a href=\"https:\/\/pequod.nesodd1.no\/?p=10280\">Da er VHF-valget gjort<\/a>&nbsp;&nbsp;<a href=\"https:\/\/pequod.nesodd1.no\/?p=10791\">Da var VHF-eksamen avlagt<\/a>&nbsp;&nbsp;<a href=\"https:\/\/pequod.nesodd1.no\/?p=11878\">Sertifikatet p\u00e5 plass!<\/a><\/p>\n<p><a href=\"http:\/\/www.kystradio.no\/privat\/\" target=\"_blank\" rel=\"noopener noreferrer\">Informasjon fra Telenor Kystradio&nbsp;<\/a>&nbsp;&nbsp;<a href=\"https:\/\/www.redningsselskapet.no\/kurs\/\" target=\"_blank\" rel=\"noopener noreferrer\">Informasjon om kurs fra Redningsselskapet<\/a><\/p>\n<p>&nbsp;<\/p>\n<h3>Related Images:<\/h3>","protected":false},"excerpt":{"rendered":"<p>Bergtatt er utstyrt med b\u00e5de b\u00e6rbar og stasjon\u00e6r VHF-radio om bord. I snekka hadde jeg en b\u00e6rbar, mens i den nye b\u00e5ten var det montert en stasjon\u00e6r fra f\u00f8r, s\u00e5 n\u00e5 har jeg dobbelt opp. Spesielt om vinteren er det en viktig foranstaltning, da har jeg den b\u00e6rbare med meg i flytedrakten hele tiden. \u00c5 &hellip;<br \/><a href=\"https:\/\/pequod.nesodd1.no\/?page_id=11997\" class=\"more-link pen_element_default pen_icon_arrow_double\">Les<\/a><\/p>\n","protected":false},"author":1,"featured_media":17914,"parent":7896,"menu_order":0,"comment_status":"closed","ping_status":"closed","template":"","meta":{"_crdt_document":"","ngg_post_thumbnail":0,"jetpack_post_was_ever_published":false,"footnotes":""},"class_list":["post-11997","page","type-page","status-publish","has-post-thumbnail","hentry"],"jetpack_shortlink":"https:\/\/wp.me\/P3Zd9b-37v","jetpack_sharing_enabled":true,"jetpack_likes_enabled":true,"jetpack-related-posts":[],"_links":{"self":[{"href":"https:\/\/pequod.nesodd1.no\/index.php?rest_route=\/wp\/v2\/pages\/11997","targetHints":{"allow":["GET"]}}],"collection":[{"href":"https:\/\/pequod.nesodd1.no\/index.php?rest_route=\/wp\/v2\/pages"}],"about":[{"href":"https:\/\/pequod.nesodd1.no\/index.php?rest_route=\/wp\/v2\/types\/page"}],"author":[{"embeddable":true,"href":"https:\/\/pequod.nesodd1.no\/index.php?rest_route=\/wp\/v2\/users\/1"}],"replies":[{"embeddable":true,"href":"https:\/\/pequod.nesodd1.no\/index.php?rest_route=%2Fwp%2Fv2%2Fcomments&post=11997"}],"version-history":[{"count":17,"href":"https:\/\/pequod.nesodd1.no\/index.php?rest_route=\/wp\/v2\/pages\/11997\/revisions"}],"predecessor-version":[{"id":17917,"href":"https:\/\/pequod.nesodd1.no\/index.php?rest_route=\/wp\/v2\/pages\/11997\/revisions\/17917"}],"up":[{"embeddable":true,"href":"https:\/\/pequod.nesodd1.no\/index.php?rest_route=\/wp\/v2\/pages\/7896"}],"wp:featuredmedia":[{"embeddable":true,"href":"https:\/\/pequod.nesodd1.no\/index.php?rest_route=\/wp\/v2\/media\/17914"}],"wp:attachment":[{"href":"https:\/\/pequod.nesodd1.no\/index.php?rest_route=%2Fwp%2Fv2%2Fmedia&parent=11997"}],"curies":[{"name":"wp","href":"https:\/\/api.w.org\/{rel}","templated":true}]}}