{"id":12082,"date":"2017-04-06T18:25:22","date_gmt":"2017-04-06T16:25:22","guid":{"rendered":"https:\/\/pequod.nesodd1.no\/?page_id=12082"},"modified":"2020-10-27T07:51:06","modified_gmt":"2020-10-27T06:51:06","slug":"lindoya-marina","status":"publish","type":"page","link":"https:\/\/pequod.nesodd1.no\/?page_id=12082","title":{"rendered":"Lind\u00f8ya Marina"},"content":{"rendered":"<figure id=\"attachment_2688\" aria-describedby=\"caption-attachment-2688\" style=\"width: 300px\" class=\"wp-caption alignleft\"><a href=\"https:\/\/pequod.nesodd1.no\/?attachment_id=2688\" rel=\"attachment wp-att-2688\"><img data-recalc-dims=\"1\" loading=\"lazy\" decoding=\"async\" data-attachment-id=\"2688\" data-permalink=\"https:\/\/pequod.nesodd1.no\/?attachment_id=2688\" data-orig-file=\"https:\/\/i0.wp.com\/pequod.nesodd1.no\/wp-content\/uploads\/2014\/04\/lindoya3-e1413707473354.jpg?fit=800%2C600&amp;ssl=1\" data-orig-size=\"800,600\" data-comments-opened=\"1\" data-image-meta=\"{&quot;aperture&quot;:&quot;2.2&quot;,&quot;credit&quot;:&quot;&quot;,&quot;camera&quot;:&quot;iPhone 5s&quot;,&quot;caption&quot;:&quot;&quot;,&quot;created_timestamp&quot;:&quot;1398354872&quot;,&quot;copyright&quot;:&quot;&quot;,&quot;focal_length&quot;:&quot;4.12&quot;,&quot;iso&quot;:&quot;32&quot;,&quot;shutter_speed&quot;:&quot;0.000512032770097&quot;,&quot;title&quot;:&quot;&quot;}\" data-image-title=\"lindoya3\" data-image-description=\"&lt;p&gt;Lind\u00f8ya&lt;\/p&gt;\n\" data-image-caption=\"&lt;p&gt;Lind\u00f8ya. &amp;#8211; f\u00f8r brannen i 2015&lt;\/p&gt;\n\" data-large-file=\"https:\/\/i0.wp.com\/pequod.nesodd1.no\/wp-content\/uploads\/2014\/04\/lindoya3-e1413707473354.jpg?fit=940%2C705&amp;ssl=1\" class=\"wp-image-2688 size-medium\" src=\"https:\/\/i0.wp.com\/pequod.nesodd1.no\/wp-content\/uploads\/2014\/04\/lindoya3.jpg?resize=300%2C225&#038;ssl=1\" alt=\"\" width=\"300\" height=\"225\"><\/a><figcaption id=\"caption-attachment-2688\" class=\"wp-caption-text\">Lind\u00f8ya. &#8211; f\u00f8r brannen i 2015.<\/figcaption><\/figure>\n<p><strong>Hvor:<\/strong>&nbsp;Lind\u00f8ya, Oslofjorden<br \/>\n<strong>Posisjon:<\/strong> 59\u00b053&#8217;31.2&#8243;N 10\u00b043&#8217;14.9&#8243;E<br \/>\n<strong>Type drivstoff:<\/strong> Bensin og diesel<br \/>\n<strong>Drivstoffkvalitet:<\/strong>&nbsp;?<br \/>\n<strong>Leverand\u00f8r:<\/strong> Eco-1 (p\u00e5 diesel)<br \/>\n<strong>Pumpe:<\/strong> 24-timers automat&nbsp;som tar bankkort\/Visa\/Mastercard<br \/>\n<strong>Pris (dato sist jeg fylte) :<\/strong> <span style=\"color: #993366;\"><strong>12,15<\/strong><\/span>&nbsp;(10.02.2015)<br \/>\n<strong>Kommentar:&nbsp;<\/strong>Jeg har ikke fylt diesel her siden februar 2015. Til en stiv pris. Jeg unngikk deretter stedet nettopp fordi jeg oppdaget andre steder i n\u00e6rheten hvor jeg kunne fylle for flere kroner mindre per liter.<\/p>\n<p>I tillegg brant hele kiosken ned i august 2015. I 2016 eller 2017 &#8211; ikke helt sikker &#8211; kom det imidlertid opp pumper der igjen, da med en pris p\u00e5 rundt 11 kroner literen. Pumpene byr p\u00e5 fornybar diesel, et syntetisk drivstoff som endel b\u00e5tfolk er negative til, og som uansett ligger h\u00f8yere i pris enn vanlig diesel. Jeg har lest om motorb\u00e5ter som fikk tr\u00f8bbel og motorstopp etter \u00e5 ha brukt denne dieselen, s\u00e5 forel\u00f8pig har jeg holdt meg unna.<\/p>\n<p>For\u00f8vrig er det meningen at kiosken skal bygges opp igjen, men det har ikke skjedd noe enn\u00e5 (mars 2020)<\/p>\n<p><a href=\"https:\/\/eco-1.no\/stasjoner\/\" target=\"_blank\" rel=\"noopener noreferrer\">Nettside.<\/a><\/p>\n<h3>Related Images:<\/h3>","protected":false},"excerpt":{"rendered":"<p>Hvor:&nbsp;Lind\u00f8ya, Oslofjorden Posisjon: 59\u00b053&#8217;31.2&#8243;N 10\u00b043&#8217;14.9&#8243;E Type drivstoff: Bensin og diesel Drivstoffkvalitet:&nbsp;? Leverand\u00f8r: Eco-1 (p\u00e5 diesel) Pumpe: 24-timers automat&nbsp;som tar bankkort\/Visa\/Mastercard Pris (dato sist jeg fylte) : 12,15&nbsp;(10.02.2015) Kommentar:&nbsp;Jeg har ikke fylt diesel her siden februar 2015. Til en stiv pris. Jeg unngikk deretter stedet nettopp fordi jeg oppdaget andre steder i n\u00e6rheten hvor jeg kunne &hellip;<br \/><a href=\"https:\/\/pequod.nesodd1.no\/?page_id=12082\" class=\"more-link pen_element_default pen_icon_arrow_double\">Les<\/a><\/p>\n","protected":false},"author":1,"featured_media":3468,"parent":10056,"menu_order":0,"comment_status":"closed","ping_status":"closed","template":"","meta":{"_crdt_document":"","ngg_post_thumbnail":0,"jetpack_post_was_ever_published":false,"footnotes":""},"class_list":["post-12082","page","type-page","status-publish","has-post-thumbnail","hentry"],"jetpack_shortlink":"https:\/\/wp.me\/P3Zd9b-38S","jetpack_sharing_enabled":true,"jetpack_likes_enabled":true,"jetpack-related-posts":[],"_links":{"self":[{"href":"https:\/\/pequod.nesodd1.no\/index.php?rest_route=\/wp\/v2\/pages\/12082","targetHints":{"allow":["GET"]}}],"collection":[{"href":"https:\/\/pequod.nesodd1.no\/index.php?rest_route=\/wp\/v2\/pages"}],"about":[{"href":"https:\/\/pequod.nesodd1.no\/index.php?rest_route=\/wp\/v2\/types\/page"}],"author":[{"embeddable":true,"href":"https:\/\/pequod.nesodd1.no\/index.php?rest_route=\/wp\/v2\/users\/1"}],"replies":[{"embeddable":true,"href":"https:\/\/pequod.nesodd1.no\/index.php?rest_route=%2Fwp%2Fv2%2Fcomments&post=12082"}],"version-history":[{"count":4,"href":"https:\/\/pequod.nesodd1.no\/index.php?rest_route=\/wp\/v2\/pages\/12082\/revisions"}],"predecessor-version":[{"id":18002,"href":"https:\/\/pequod.nesodd1.no\/index.php?rest_route=\/wp\/v2\/pages\/12082\/revisions\/18002"}],"up":[{"embeddable":true,"href":"https:\/\/pequod.nesodd1.no\/index.php?rest_route=\/wp\/v2\/pages\/10056"}],"wp:featuredmedia":[{"embeddable":true,"href":"https:\/\/pequod.nesodd1.no\/index.php?rest_route=\/wp\/v2\/media\/3468"}],"wp:attachment":[{"href":"https:\/\/pequod.nesodd1.no\/index.php?rest_route=%2Fwp%2Fv2%2Fmedia&parent=12082"}],"curies":[{"name":"wp","href":"https:\/\/api.w.org\/{rel}","templated":true}]}}