{"id":12085,"date":"2017-04-06T18:59:31","date_gmt":"2017-04-06T16:59:31","guid":{"rendered":"https:\/\/pequod.nesodd1.no\/?page_id=12085"},"modified":"2020-10-27T08:06:37","modified_gmt":"2020-10-27T07:06:37","slug":"kavringen-marina","status":"publish","type":"page","link":"https:\/\/pequod.nesodd1.no\/?page_id=12085","title":{"rendered":"Kavringen Marina\/Sj\u00f8senter"},"content":{"rendered":"<p><strong>Hvor:<\/strong> Nesodden, Oslofjorden<br \/>\n<strong>Posisjon: <\/strong>59\u00b050&#8217;46.1&#8243;N 10\u00b038&#8217;40.1&#8243;E<br \/>\n<strong>Type drivstoff:<\/strong> Bensin og diesel<br \/>\n<strong>Drivstoffkvalitet:<\/strong> ?<br \/>\n<strong>Leverand\u00f8r:<\/strong>&nbsp;&#8211;<br \/>\n<strong>Pumpe:<\/strong> 24-timers automat som tar bankkort\/Visa\/Mastercard<br \/>\n<strong>Pris (dato sist jeg fylte) :<\/strong> <span style=\"color: #ff0000;\"><strong>10,95<\/strong><\/span> (11.07.20)<br \/>\n<strong>Kommentar:<\/strong> Om sommeren kiosk med noe b\u00e5trelatert utstyr. Motorverksted, kraner, vinteropplag, b\u00e5tplasser. Fyller ikke ofte her siden ogs\u00e5 disse ligger i \u00f8verste prisleie. Mest om vinteren hvis det er isfritt her, men pr\u00f8ver \u00e5 unng\u00e5 dem s\u00e5 mye som mulig. I sommersesongen kj\u00f8rer jeg forbi.<\/p>\n<figure id=\"attachment_4124\" aria-describedby=\"caption-attachment-4124\" style=\"width: 300px\" class=\"wp-caption alignleft\"><a href=\"https:\/\/i0.wp.com\/pequod.nesodd1.no\/wp-content\/uploads\/2014\/08\/IMG_0083.jpg?ssl=1\"><img data-recalc-dims=\"1\" loading=\"lazy\" decoding=\"async\" data-attachment-id=\"4124\" data-permalink=\"https:\/\/pequod.nesodd1.no\/?attachment_id=4124\" data-orig-file=\"https:\/\/i0.wp.com\/pequod.nesodd1.no\/wp-content\/uploads\/2014\/08\/IMG_0083.jpg?fit=800%2C534&amp;ssl=1\" data-orig-size=\"800,534\" data-comments-opened=\"1\" data-image-meta=\"{&quot;aperture&quot;:&quot;13&quot;,&quot;credit&quot;:&quot;Picasa&quot;,&quot;camera&quot;:&quot;Canon EOS 700D&quot;,&quot;caption&quot;:&quot;&quot;,&quot;created_timestamp&quot;:&quot;1408005238&quot;,&quot;copyright&quot;:&quot;&quot;,&quot;focal_length&quot;:&quot;18&quot;,&quot;iso&quot;:&quot;400&quot;,&quot;shutter_speed&quot;:&quot;0.0025&quot;,&quot;title&quot;:&quot;&quot;}\" data-image-title=\"IMG_0083\" data-image-description=\"&lt;p&gt;Kavringen&lt;\/p&gt;\n\" data-image-caption=\"&lt;p&gt;Kavringen 2014&lt;\/p&gt;\n\" data-large-file=\"https:\/\/i0.wp.com\/pequod.nesodd1.no\/wp-content\/uploads\/2014\/08\/IMG_0083.jpg?fit=800%2C534&amp;ssl=1\" class=\"size-medium wp-image-4124\" src=\"https:\/\/i0.wp.com\/pequod.nesodd1.no\/wp-content\/uploads\/2014\/08\/IMG_0083.jpg?resize=300%2C200&#038;ssl=1\" alt=\"\" width=\"300\" height=\"200\" srcset=\"https:\/\/i0.wp.com\/pequod.nesodd1.no\/wp-content\/uploads\/2014\/08\/IMG_0083.jpg?resize=300%2C200&amp;ssl=1 300w, https:\/\/i0.wp.com\/pequod.nesodd1.no\/wp-content\/uploads\/2014\/08\/IMG_0083.jpg?w=800&amp;ssl=1 800w\" sizes=\"auto, (max-width: 300px) 100vw, 300px\" \/><\/a><figcaption id=\"caption-attachment-4124\" class=\"wp-caption-text\">Kavringen 2014<\/figcaption><\/figure>\n<p>Bildet til venstre er fra 2014 &#8211; i 2017 kom det en ny stenmolo p\u00e5 utsiden (der det p\u00e5 bildet er en flytebrygge). Du ser litt av den p\u00e5 det nye bilde til h\u00f8yre.<\/p>\n<p>Da jeg var innom der en sommer, s\u00e5 kom det l\u00f8pende ei jente fra kiosken som hjalp til med fort\u00f8yning og som var blid og hyggelig. Det hjelper jo alltid p\u00e5 hum\u00f8ret&#8230;<\/p>\n<p>Prisniv\u00e5et har de siste \u00e5rene senket seg litt, men er fortsatt ganske dyrt. S\u00e5 det er fortsatt ingen favorittplass n\u00e5r det gjelder \u00e5 tanke diesel.<\/p>\n<p>Jeg har imidlertid hatt nyb\u00e5ten oppe p\u00e5 land der for vask, stoffing, polering og reparasjon og har bare godord \u00e5 si om folka som jobber der, serviceinnstilte og vennlige, selv om de alts\u00e5 er ganske s\u00e5 dyre p\u00e5 dieselen&#8230;<\/p>\n<p>Kiosken har v\u00e6rt stengt en periode da de som drev den ga seg, men sommeren 2020 \u00e5pnet den igjen med litt begrenset vareutvalg.<\/p>\n<p><a href=\"http:\/\/www.kavringen.no\/Kavringen\/Kavringen\/Kavringen.html\" target=\"_blank\" rel=\"noopener noreferrer\">Nettside.<\/a>&nbsp; <a href=\"https:\/\/www.facebook.com\/Kavringen-Marina-As-473214136084793\/\" target=\"_blank\" rel=\"noopener noreferrer\">Facebook<\/a>.<\/p>\n<p>&nbsp;<\/p>\n<h3>Related Images:<\/h3>","protected":false},"excerpt":{"rendered":"<p>Hvor: Nesodden, Oslofjorden Posisjon: 59\u00b050&#8217;46.1&#8243;N 10\u00b038&#8217;40.1&#8243;E Type drivstoff: Bensin og diesel Drivstoffkvalitet: ? Leverand\u00f8r:&nbsp;&#8211; Pumpe: 24-timers automat som tar bankkort\/Visa\/Mastercard Pris (dato sist jeg fylte) : 10,95 (11.07.20) Kommentar: Om sommeren kiosk med noe b\u00e5trelatert utstyr. Motorverksted, kraner, vinteropplag, b\u00e5tplasser. Fyller ikke ofte her siden ogs\u00e5 disse ligger i \u00f8verste prisleie. Mest om vinteren hvis &hellip;<br \/><a href=\"https:\/\/pequod.nesodd1.no\/?page_id=12085\" class=\"more-link pen_element_default pen_icon_arrow_double\">Les<\/a><\/p>\n","protected":false},"author":1,"featured_media":18536,"parent":10056,"menu_order":0,"comment_status":"closed","ping_status":"closed","template":"","meta":{"_crdt_document":"","ngg_post_thumbnail":0,"jetpack_post_was_ever_published":false,"footnotes":""},"class_list":["post-12085","page","type-page","status-publish","has-post-thumbnail","hentry"],"jetpack_shortlink":"https:\/\/wp.me\/P3Zd9b-38V","jetpack_sharing_enabled":true,"jetpack_likes_enabled":true,"jetpack-related-posts":[],"_links":{"self":[{"href":"https:\/\/pequod.nesodd1.no\/index.php?rest_route=\/wp\/v2\/pages\/12085","targetHints":{"allow":["GET"]}}],"collection":[{"href":"https:\/\/pequod.nesodd1.no\/index.php?rest_route=\/wp\/v2\/pages"}],"about":[{"href":"https:\/\/pequod.nesodd1.no\/index.php?rest_route=\/wp\/v2\/types\/page"}],"author":[{"embeddable":true,"href":"https:\/\/pequod.nesodd1.no\/index.php?rest_route=\/wp\/v2\/users\/1"}],"replies":[{"embeddable":true,"href":"https:\/\/pequod.nesodd1.no\/index.php?rest_route=%2Fwp%2Fv2%2Fcomments&post=12085"}],"version-history":[{"count":5,"href":"https:\/\/pequod.nesodd1.no\/index.php?rest_route=\/wp\/v2\/pages\/12085\/revisions"}],"predecessor-version":[{"id":20512,"href":"https:\/\/pequod.nesodd1.no\/index.php?rest_route=\/wp\/v2\/pages\/12085\/revisions\/20512"}],"up":[{"embeddable":true,"href":"https:\/\/pequod.nesodd1.no\/index.php?rest_route=\/wp\/v2\/pages\/10056"}],"wp:featuredmedia":[{"embeddable":true,"href":"https:\/\/pequod.nesodd1.no\/index.php?rest_route=\/wp\/v2\/media\/18536"}],"wp:attachment":[{"href":"https:\/\/pequod.nesodd1.no\/index.php?rest_route=%2Fwp%2Fv2%2Fmedia&parent=12085"}],"curies":[{"name":"wp","href":"https:\/\/api.w.org\/{rel}","templated":true}]}}