{"id":12550,"date":"2017-07-01T13:29:18","date_gmt":"2017-07-01T11:29:18","guid":{"rendered":"https:\/\/pequod.nesodd1.no\/?page_id=12550"},"modified":"2024-07-16T11:36:26","modified_gmt":"2024-07-16T09:36:26","slug":"brattholmen","status":"publish","type":"page","link":"https:\/\/pequod.nesodd1.no\/?page_id=12550","title":{"rendered":"Brattholmen"},"content":{"rendered":"<p><strong>Vurdering (5 anker er best): <a href=\"https:\/\/i0.wp.com\/pequod.nesodd1.no\/wp-content\/uploads\/2019\/10\/klistremerker-anker-og-tau-design.jpg.jpg?ssl=1\"><img data-recalc-dims=\"1\" loading=\"lazy\" decoding=\"async\" data-attachment-id=\"16489\" data-permalink=\"https:\/\/pequod.nesodd1.no\/?attachment_id=16489\" data-orig-file=\"https:\/\/i0.wp.com\/pequod.nesodd1.no\/wp-content\/uploads\/2019\/10\/klistremerker-anker-og-tau-design.jpg.jpg?fit=25%2C25&amp;ssl=1\" data-orig-size=\"25,25\" data-comments-opened=\"1\" data-image-meta=\"{&quot;aperture&quot;:&quot;0&quot;,&quot;credit&quot;:&quot;tribalium81&quot;,&quot;camera&quot;:&quot;&quot;,&quot;caption&quot;:&quot;&quot;,&quot;created_timestamp&quot;:&quot;0&quot;,&quot;copyright&quot;:&quot;tribalium81&quot;,&quot;focal_length&quot;:&quot;0&quot;,&quot;iso&quot;:&quot;0&quot;,&quot;shutter_speed&quot;:&quot;0&quot;,&quot;title&quot;:&quot;anchor and rope design&quot;,&quot;orientation&quot;:&quot;1&quot;}\" data-image-title=\"anchor and rope design\" data-image-description=\"\" data-image-caption=\"\" data-large-file=\"https:\/\/i0.wp.com\/pequod.nesodd1.no\/wp-content\/uploads\/2019\/10\/klistremerker-anker-og-tau-design.jpg.jpg?fit=25%2C25&amp;ssl=1\" class=\"alignnone size-full wp-image-16489\" src=\"https:\/\/i0.wp.com\/pequod.nesodd1.no\/wp-content\/uploads\/2019\/10\/klistremerker-anker-og-tau-design.jpg.jpg?resize=25%2C25&#038;ssl=1\" alt=\"\" width=\"25\" height=\"25\"><\/a><a href=\"https:\/\/i0.wp.com\/pequod.nesodd1.no\/wp-content\/uploads\/2019\/10\/klistremerker-anker-og-tau-design.jpg.jpg?ssl=1\"><img data-recalc-dims=\"1\" loading=\"lazy\" decoding=\"async\" data-attachment-id=\"16489\" data-permalink=\"https:\/\/pequod.nesodd1.no\/?attachment_id=16489\" data-orig-file=\"https:\/\/i0.wp.com\/pequod.nesodd1.no\/wp-content\/uploads\/2019\/10\/klistremerker-anker-og-tau-design.jpg.jpg?fit=25%2C25&amp;ssl=1\" data-orig-size=\"25,25\" data-comments-opened=\"1\" data-image-meta=\"{&quot;aperture&quot;:&quot;0&quot;,&quot;credit&quot;:&quot;tribalium81&quot;,&quot;camera&quot;:&quot;&quot;,&quot;caption&quot;:&quot;&quot;,&quot;created_timestamp&quot;:&quot;0&quot;,&quot;copyright&quot;:&quot;tribalium81&quot;,&quot;focal_length&quot;:&quot;0&quot;,&quot;iso&quot;:&quot;0&quot;,&quot;shutter_speed&quot;:&quot;0&quot;,&quot;title&quot;:&quot;anchor and rope design&quot;,&quot;orientation&quot;:&quot;1&quot;}\" data-image-title=\"anchor and rope design\" data-image-description=\"\" data-image-caption=\"\" data-large-file=\"https:\/\/i0.wp.com\/pequod.nesodd1.no\/wp-content\/uploads\/2019\/10\/klistremerker-anker-og-tau-design.jpg.jpg?fit=25%2C25&amp;ssl=1\" class=\"alignnone size-full wp-image-16489\" src=\"https:\/\/i0.wp.com\/pequod.nesodd1.no\/wp-content\/uploads\/2019\/10\/klistremerker-anker-og-tau-design.jpg.jpg?resize=25%2C25&#038;ssl=1\" alt=\"\" width=\"25\" height=\"25\"><\/a><a href=\"https:\/\/i0.wp.com\/pequod.nesodd1.no\/wp-content\/uploads\/2019\/10\/klistremerker-anker-og-tau-design.jpg.jpg?ssl=1\"><img data-recalc-dims=\"1\" loading=\"lazy\" decoding=\"async\" data-attachment-id=\"16489\" data-permalink=\"https:\/\/pequod.nesodd1.no\/?attachment_id=16489\" data-orig-file=\"https:\/\/i0.wp.com\/pequod.nesodd1.no\/wp-content\/uploads\/2019\/10\/klistremerker-anker-og-tau-design.jpg.jpg?fit=25%2C25&amp;ssl=1\" data-orig-size=\"25,25\" data-comments-opened=\"1\" data-image-meta=\"{&quot;aperture&quot;:&quot;0&quot;,&quot;credit&quot;:&quot;tribalium81&quot;,&quot;camera&quot;:&quot;&quot;,&quot;caption&quot;:&quot;&quot;,&quot;created_timestamp&quot;:&quot;0&quot;,&quot;copyright&quot;:&quot;tribalium81&quot;,&quot;focal_length&quot;:&quot;0&quot;,&quot;iso&quot;:&quot;0&quot;,&quot;shutter_speed&quot;:&quot;0&quot;,&quot;title&quot;:&quot;anchor and rope design&quot;,&quot;orientation&quot;:&quot;1&quot;}\" data-image-title=\"anchor and rope design\" data-image-description=\"\" data-image-caption=\"\" data-large-file=\"https:\/\/i0.wp.com\/pequod.nesodd1.no\/wp-content\/uploads\/2019\/10\/klistremerker-anker-og-tau-design.jpg.jpg?fit=25%2C25&amp;ssl=1\" class=\"alignnone size-full wp-image-16489\" src=\"https:\/\/i0.wp.com\/pequod.nesodd1.no\/wp-content\/uploads\/2019\/10\/klistremerker-anker-og-tau-design.jpg.jpg?resize=25%2C25&#038;ssl=1\" alt=\"\" width=\"25\" height=\"25\"><\/a><a href=\"https:\/\/i0.wp.com\/pequod.nesodd1.no\/wp-content\/uploads\/2019\/10\/klistremerker-anker-og-tau-design.jpg.jpg?ssl=1\"><img data-recalc-dims=\"1\" loading=\"lazy\" decoding=\"async\" data-attachment-id=\"16489\" data-permalink=\"https:\/\/pequod.nesodd1.no\/?attachment_id=16489\" data-orig-file=\"https:\/\/i0.wp.com\/pequod.nesodd1.no\/wp-content\/uploads\/2019\/10\/klistremerker-anker-og-tau-design.jpg.jpg?fit=25%2C25&amp;ssl=1\" data-orig-size=\"25,25\" data-comments-opened=\"1\" data-image-meta=\"{&quot;aperture&quot;:&quot;0&quot;,&quot;credit&quot;:&quot;tribalium81&quot;,&quot;camera&quot;:&quot;&quot;,&quot;caption&quot;:&quot;&quot;,&quot;created_timestamp&quot;:&quot;0&quot;,&quot;copyright&quot;:&quot;tribalium81&quot;,&quot;focal_length&quot;:&quot;0&quot;,&quot;iso&quot;:&quot;0&quot;,&quot;shutter_speed&quot;:&quot;0&quot;,&quot;title&quot;:&quot;anchor and rope design&quot;,&quot;orientation&quot;:&quot;1&quot;}\" data-image-title=\"anchor and rope design\" data-image-description=\"\" data-image-caption=\"\" data-large-file=\"https:\/\/i0.wp.com\/pequod.nesodd1.no\/wp-content\/uploads\/2019\/10\/klistremerker-anker-og-tau-design.jpg.jpg?fit=25%2C25&amp;ssl=1\" class=\"alignnone size-full wp-image-16489\" src=\"https:\/\/i0.wp.com\/pequod.nesodd1.no\/wp-content\/uploads\/2019\/10\/klistremerker-anker-og-tau-design.jpg.jpg?resize=25%2C25&#038;ssl=1\" alt=\"\" width=\"25\" height=\"25\"><\/a><\/strong><br \/>\n<strong>Posisjon:<\/strong> 59\u00b02&#8217;43.0&#8243;N 11\u00b06&#8217;58.8&#8243;E (der jeg l\u00e5)<br \/>\n<strong>Antall bes\u00f8k<\/strong>: 3&nbsp;<strong>Sist bes\u00f8kt:&nbsp;<\/strong>10.08.2017.<br \/>\n<a href=\"https:\/\/www.haldenbf.no\/?page_id=12\" target=\"_blank\" rel=\"noopener\">Hjemmeside<\/a><br \/>\n<strong>Fasiliteter:<\/strong>&nbsp; Flere sittebenker i kaiomr\u00e5det. Grillplasser med utegriller. Str\u00f8m (vanlig 2-pins-kontakt) og vann. &nbsp;Toaletter i klubbhuset til Halden b\u00e5tforening. &nbsp;Teltplass, sandstrender, volleyballbane, trampoline, barnesklie, stupet\u00e5rn, badefl\u00e5te, varmestue osv. Visstnok mulig \u00e5 overnatte i klubbhuset, men kanskje bare for medlemmer?<br \/>\n<strong>Havneavgift:&nbsp;<\/strong>Der jeg l\u00e5 var det et skilt om at dagfort\u00f8yning kostet 50 kroner. 200 for d\u00f8gnet. M\u00e5 betales til en vakt som holder til i klubbhuset. Tar kontanter og kort pluss Vipps.<br \/>\n<b>Fort\u00f8yning: <\/b>Langsides, baug og anker. Jeg la meg til i bukta nord\u00f8st p\u00e5 \u00f8ya. P\u00e5 andre siden, det blir vel p\u00e5 s\u00f8r\u00f8stsiden, er det en st\u00f8rre bukt der fort\u00f8yning skjer med en slags kroker\/liner som hang i lufta. I tillegg kan man legge seg p\u00e5 vestsiden ved klubbhuset.<br \/>\n<b>Tilrettelagt for funksjonshemmede:<\/b>&nbsp;Delvis. Det er laget brygger og gangbrygger hvor man lett kan ta seg fram til bens og rullestol.<\/p>\n<p><a href=\"https:\/\/pequod.nesodd1.no\/?attachment_id=12533\" rel=\"attachment wp-att-12533\"><img data-recalc-dims=\"1\" loading=\"lazy\" decoding=\"async\" data-attachment-id=\"12533\" data-permalink=\"https:\/\/pequod.nesodd1.no\/?attachment_id=12533\" data-orig-file=\"https:\/\/i0.wp.com\/pequod.nesodd1.no\/wp-content\/uploads\/2017\/06\/IMG_4243.jpg?fit=640%2C480&amp;ssl=1\" data-orig-size=\"640,480\" data-comments-opened=\"1\" data-image-meta=\"{&quot;aperture&quot;:&quot;2.2&quot;,&quot;credit&quot;:&quot;&quot;,&quot;camera&quot;:&quot;iPhone 6&quot;,&quot;caption&quot;:&quot;&quot;,&quot;created_timestamp&quot;:&quot;1497877993&quot;,&quot;copyright&quot;:&quot;&quot;,&quot;focal_length&quot;:&quot;4.15&quot;,&quot;iso&quot;:&quot;32&quot;,&quot;shutter_speed&quot;:&quot;0.00136612021858&quot;,&quot;title&quot;:&quot;&quot;,&quot;orientation&quot;:&quot;1&quot;}\" data-image-title=\"IMG_4243\" data-image-description=\"&lt;p&gt;Halden b\u00e5tforening, Brattholmen&lt;\/p&gt;\n\" data-image-caption=\"\" data-large-file=\"https:\/\/i0.wp.com\/pequod.nesodd1.no\/wp-content\/uploads\/2017\/06\/IMG_4243.jpg?fit=640%2C480&amp;ssl=1\" class=\"alignleft size-medium wp-image-12533\" src=\"https:\/\/i0.wp.com\/pequod.nesodd1.no\/wp-content\/uploads\/2017\/06\/IMG_4243-300x225.jpg?resize=300%2C225\" alt=\"\" width=\"300\" height=\"225\" srcset=\"https:\/\/i0.wp.com\/pequod.nesodd1.no\/wp-content\/uploads\/2017\/06\/IMG_4243.jpg?resize=300%2C225&amp;ssl=1 300w, https:\/\/i0.wp.com\/pequod.nesodd1.no\/wp-content\/uploads\/2017\/06\/IMG_4243.jpg?resize=100%2C75&amp;ssl=1 100w, https:\/\/i0.wp.com\/pequod.nesodd1.no\/wp-content\/uploads\/2017\/06\/IMG_4243.jpg?w=640&amp;ssl=1 640w\" sizes=\"auto, (max-width: 300px) 100vw, 300px\" \/><\/a>Dette er en liten perle av et sted! En idyllisk og vel tilrettelagt havn p\u00e5 Brattholmen s\u00f8r\u00f8st for Nordre Sand\u00f8y. Nesten p\u00e5 grensen til \u00e5 v\u00e6re en gjestehavn, men per definisjon er den ikke det, selv om alt er pent tilrettelagt.<\/p>\n<p>Faktisk er det hele tre steder du kan legge til. I bukta i nord (se bildet til h\u00f8yre), i bukta litt s\u00f8r\u00f8st for den igjen og p\u00e5 langsiden p\u00e5 vestre side mot Mak\u00f8ysundet (der klubbhuset befinner seg).<\/p>\n<p>Stedet er tilrettelagt av og for medlemmer i Halden B\u00e5tforening, men ogs\u00e5 andre er velkomne. Litt usikker hvordan det ordnes n\u00e5r det er fullt, om b\u00e5ter fra foreningen prioriteres.<\/p>\n<p>Et like fullt idyllisk sted som er spesielt egnet til barnefamilier. I den innerste og st\u00f8rste bukta nord-\u00f8st p\u00e5 holmen ligger du kanskje best beskyttet for v\u00e6r og vind. Et popul\u00e6rt sted som fort blir fullt.<\/p>\n<p><a href=\"https:\/\/i0.wp.com\/pequod.nesodd1.no\/wp-content\/uploads\/2017\/06\/IMG_4235.jpg?ssl=1\"><img data-recalc-dims=\"1\" loading=\"lazy\" decoding=\"async\" data-attachment-id=\"12536\" data-permalink=\"https:\/\/pequod.nesodd1.no\/?attachment_id=12536\" data-orig-file=\"https:\/\/i0.wp.com\/pequod.nesodd1.no\/wp-content\/uploads\/2017\/06\/IMG_4235.jpg?fit=640%2C480&amp;ssl=1\" data-orig-size=\"640,480\" data-comments-opened=\"1\" data-image-meta=\"{&quot;aperture&quot;:&quot;2.2&quot;,&quot;credit&quot;:&quot;&quot;,&quot;camera&quot;:&quot;iPhone 6&quot;,&quot;caption&quot;:&quot;&quot;,&quot;created_timestamp&quot;:&quot;1497874946&quot;,&quot;copyright&quot;:&quot;&quot;,&quot;focal_length&quot;:&quot;4.15&quot;,&quot;iso&quot;:&quot;32&quot;,&quot;shutter_speed&quot;:&quot;0.00048007681229&quot;,&quot;title&quot;:&quot;&quot;,&quot;orientation&quot;:&quot;1&quot;}\" data-image-title=\"IMG_4235\" data-image-description=\"&lt;p&gt;Halden B\u00e5tforening, Brattholmen&lt;\/p&gt;\n\" data-image-caption=\"\" data-large-file=\"https:\/\/i0.wp.com\/pequod.nesodd1.no\/wp-content\/uploads\/2017\/06\/IMG_4235.jpg?fit=640%2C480&amp;ssl=1\" class=\"aligncenter size-full wp-image-12536\" src=\"https:\/\/i0.wp.com\/pequod.nesodd1.no\/wp-content\/uploads\/2017\/06\/IMG_4235.jpg?resize=640%2C480&#038;ssl=1\" alt=\"\" width=\"640\" height=\"480\" srcset=\"https:\/\/i0.wp.com\/pequod.nesodd1.no\/wp-content\/uploads\/2017\/06\/IMG_4235.jpg?w=640&amp;ssl=1 640w, https:\/\/i0.wp.com\/pequod.nesodd1.no\/wp-content\/uploads\/2017\/06\/IMG_4235.jpg?resize=100%2C75&amp;ssl=1 100w, https:\/\/i0.wp.com\/pequod.nesodd1.no\/wp-content\/uploads\/2017\/06\/IMG_4235.jpg?resize=300%2C225&amp;ssl=1 300w\" sizes=\"auto, (max-width: 640px) 100vw, 640px\" \/><\/a><\/p>\n<p>&nbsp;<\/p>\n<h3>Related Images:<\/h3>","protected":false},"excerpt":{"rendered":"<p>Vurdering (5 anker er best): Posisjon: 59\u00b02&#8217;43.0&#8243;N 11\u00b06&#8217;58.8&#8243;E (der jeg l\u00e5) Antall bes\u00f8k: 3&nbsp;Sist bes\u00f8kt:&nbsp;10.08.2017. Hjemmeside Fasiliteter:&nbsp; Flere sittebenker i kaiomr\u00e5det. Grillplasser med utegriller. Str\u00f8m (vanlig 2-pins-kontakt) og vann. &nbsp;Toaletter i klubbhuset til Halden b\u00e5tforening. &nbsp;Teltplass, sandstrender, volleyballbane, trampoline, barnesklie, stupet\u00e5rn, badefl\u00e5te, varmestue osv. Visstnok mulig \u00e5 overnatte i klubbhuset, men kanskje bare for medlemmer? &hellip;<br \/><a href=\"https:\/\/pequod.nesodd1.no\/?page_id=12550\" class=\"more-link pen_element_default pen_icon_arrow_double\">Les<\/a><\/p>\n","protected":false},"author":1,"featured_media":12535,"parent":5495,"menu_order":0,"comment_status":"closed","ping_status":"closed","template":"","meta":{"_crdt_document":"","ngg_post_thumbnail":0,"jetpack_post_was_ever_published":false,"footnotes":""},"class_list":["post-12550","page","type-page","status-publish","has-post-thumbnail","hentry"],"jetpack_shortlink":"https:\/\/wp.me\/P3Zd9b-3gq","jetpack_sharing_enabled":true,"jetpack_likes_enabled":true,"jetpack-related-posts":[],"_links":{"self":[{"href":"https:\/\/pequod.nesodd1.no\/index.php?rest_route=\/wp\/v2\/pages\/12550","targetHints":{"allow":["GET"]}}],"collection":[{"href":"https:\/\/pequod.nesodd1.no\/index.php?rest_route=\/wp\/v2\/pages"}],"about":[{"href":"https:\/\/pequod.nesodd1.no\/index.php?rest_route=\/wp\/v2\/types\/page"}],"author":[{"embeddable":true,"href":"https:\/\/pequod.nesodd1.no\/index.php?rest_route=\/wp\/v2\/users\/1"}],"replies":[{"embeddable":true,"href":"https:\/\/pequod.nesodd1.no\/index.php?rest_route=%2Fwp%2Fv2%2Fcomments&post=12550"}],"version-history":[{"count":11,"href":"https:\/\/pequod.nesodd1.no\/index.php?rest_route=\/wp\/v2\/pages\/12550\/revisions"}],"predecessor-version":[{"id":28882,"href":"https:\/\/pequod.nesodd1.no\/index.php?rest_route=\/wp\/v2\/pages\/12550\/revisions\/28882"}],"up":[{"embeddable":true,"href":"https:\/\/pequod.nesodd1.no\/index.php?rest_route=\/wp\/v2\/pages\/5495"}],"wp:featuredmedia":[{"embeddable":true,"href":"https:\/\/pequod.nesodd1.no\/index.php?rest_route=\/wp\/v2\/media\/12535"}],"wp:attachment":[{"href":"https:\/\/pequod.nesodd1.no\/index.php?rest_route=%2Fwp%2Fv2%2Fmedia&parent=12550"}],"curies":[{"name":"wp","href":"https:\/\/api.w.org\/{rel}","templated":true}]}}