{"id":13132,"date":"2017-11-25T13:12:38","date_gmt":"2017-11-25T12:12:38","guid":{"rendered":"https:\/\/pequod.nesodd1.no\/?page_id=13132"},"modified":"2025-09-22T19:12:07","modified_gmt":"2025-09-22T17:12:07","slug":"stavern-gjestehavn","status":"publish","type":"page","link":"https:\/\/pequod.nesodd1.no\/?page_id=13132","title":{"rendered":"Stavern gjestehavn"},"content":{"rendered":"<p><strong>Vurdering (5 anker er best): <a href=\"https:\/\/i0.wp.com\/pequod.nesodd1.no\/wp-content\/uploads\/2019\/10\/klistremerker-anker-og-tau-design.jpg.jpg?ssl=1\"><img data-recalc-dims=\"1\" loading=\"lazy\" decoding=\"async\" data-attachment-id=\"16489\" data-permalink=\"https:\/\/pequod.nesodd1.no\/?attachment_id=16489\" data-orig-file=\"https:\/\/i0.wp.com\/pequod.nesodd1.no\/wp-content\/uploads\/2019\/10\/klistremerker-anker-og-tau-design.jpg.jpg?fit=25%2C25&amp;ssl=1\" data-orig-size=\"25,25\" data-comments-opened=\"1\" data-image-meta=\"{&quot;aperture&quot;:&quot;0&quot;,&quot;credit&quot;:&quot;tribalium81&quot;,&quot;camera&quot;:&quot;&quot;,&quot;caption&quot;:&quot;&quot;,&quot;created_timestamp&quot;:&quot;0&quot;,&quot;copyright&quot;:&quot;tribalium81&quot;,&quot;focal_length&quot;:&quot;0&quot;,&quot;iso&quot;:&quot;0&quot;,&quot;shutter_speed&quot;:&quot;0&quot;,&quot;title&quot;:&quot;anchor and rope design&quot;,&quot;orientation&quot;:&quot;1&quot;}\" data-image-title=\"anchor and rope design\" data-image-description=\"\" data-image-caption=\"\" data-medium-file=\"https:\/\/i0.wp.com\/pequod.nesodd1.no\/wp-content\/uploads\/2019\/10\/klistremerker-anker-og-tau-design.jpg.jpg?fit=25%2C25&amp;ssl=1\" data-large-file=\"https:\/\/i0.wp.com\/pequod.nesodd1.no\/wp-content\/uploads\/2019\/10\/klistremerker-anker-og-tau-design.jpg.jpg?fit=25%2C25&amp;ssl=1\" class=\"alignnone size-full wp-image-16489\" src=\"https:\/\/i0.wp.com\/pequod.nesodd1.no\/wp-content\/uploads\/2019\/10\/klistremerker-anker-og-tau-design.jpg.jpg?resize=25%2C25&#038;ssl=1\" alt=\"\" width=\"25\" height=\"25\"><\/a><a href=\"https:\/\/i0.wp.com\/pequod.nesodd1.no\/wp-content\/uploads\/2019\/10\/klistremerker-anker-og-tau-design.jpg.jpg?ssl=1\"><img data-recalc-dims=\"1\" loading=\"lazy\" decoding=\"async\" data-attachment-id=\"16489\" data-permalink=\"https:\/\/pequod.nesodd1.no\/?attachment_id=16489\" data-orig-file=\"https:\/\/i0.wp.com\/pequod.nesodd1.no\/wp-content\/uploads\/2019\/10\/klistremerker-anker-og-tau-design.jpg.jpg?fit=25%2C25&amp;ssl=1\" data-orig-size=\"25,25\" data-comments-opened=\"1\" data-image-meta=\"{&quot;aperture&quot;:&quot;0&quot;,&quot;credit&quot;:&quot;tribalium81&quot;,&quot;camera&quot;:&quot;&quot;,&quot;caption&quot;:&quot;&quot;,&quot;created_timestamp&quot;:&quot;0&quot;,&quot;copyright&quot;:&quot;tribalium81&quot;,&quot;focal_length&quot;:&quot;0&quot;,&quot;iso&quot;:&quot;0&quot;,&quot;shutter_speed&quot;:&quot;0&quot;,&quot;title&quot;:&quot;anchor and rope design&quot;,&quot;orientation&quot;:&quot;1&quot;}\" data-image-title=\"anchor and rope design\" data-image-description=\"\" data-image-caption=\"\" data-medium-file=\"https:\/\/i0.wp.com\/pequod.nesodd1.no\/wp-content\/uploads\/2019\/10\/klistremerker-anker-og-tau-design.jpg.jpg?fit=25%2C25&amp;ssl=1\" data-large-file=\"https:\/\/i0.wp.com\/pequod.nesodd1.no\/wp-content\/uploads\/2019\/10\/klistremerker-anker-og-tau-design.jpg.jpg?fit=25%2C25&amp;ssl=1\" class=\"alignnone size-full wp-image-16489\" src=\"https:\/\/i0.wp.com\/pequod.nesodd1.no\/wp-content\/uploads\/2019\/10\/klistremerker-anker-og-tau-design.jpg.jpg?resize=25%2C25&#038;ssl=1\" alt=\"\" width=\"25\" height=\"25\"><\/a><a href=\"https:\/\/i0.wp.com\/pequod.nesodd1.no\/wp-content\/uploads\/2019\/10\/klistremerker-anker-og-tau-design.jpg.jpg?ssl=1\"><img data-recalc-dims=\"1\" loading=\"lazy\" decoding=\"async\" data-attachment-id=\"16489\" data-permalink=\"https:\/\/pequod.nesodd1.no\/?attachment_id=16489\" data-orig-file=\"https:\/\/i0.wp.com\/pequod.nesodd1.no\/wp-content\/uploads\/2019\/10\/klistremerker-anker-og-tau-design.jpg.jpg?fit=25%2C25&amp;ssl=1\" data-orig-size=\"25,25\" data-comments-opened=\"1\" data-image-meta=\"{&quot;aperture&quot;:&quot;0&quot;,&quot;credit&quot;:&quot;tribalium81&quot;,&quot;camera&quot;:&quot;&quot;,&quot;caption&quot;:&quot;&quot;,&quot;created_timestamp&quot;:&quot;0&quot;,&quot;copyright&quot;:&quot;tribalium81&quot;,&quot;focal_length&quot;:&quot;0&quot;,&quot;iso&quot;:&quot;0&quot;,&quot;shutter_speed&quot;:&quot;0&quot;,&quot;title&quot;:&quot;anchor and rope design&quot;,&quot;orientation&quot;:&quot;1&quot;}\" data-image-title=\"anchor and rope design\" data-image-description=\"\" data-image-caption=\"\" data-medium-file=\"https:\/\/i0.wp.com\/pequod.nesodd1.no\/wp-content\/uploads\/2019\/10\/klistremerker-anker-og-tau-design.jpg.jpg?fit=25%2C25&amp;ssl=1\" data-large-file=\"https:\/\/i0.wp.com\/pequod.nesodd1.no\/wp-content\/uploads\/2019\/10\/klistremerker-anker-og-tau-design.jpg.jpg?fit=25%2C25&amp;ssl=1\" class=\"alignnone size-full wp-image-16489\" src=\"https:\/\/i0.wp.com\/pequod.nesodd1.no\/wp-content\/uploads\/2019\/10\/klistremerker-anker-og-tau-design.jpg.jpg?resize=25%2C25&#038;ssl=1\" alt=\"\" width=\"25\" height=\"25\"><\/a><\/strong><br \/>\n<b>Posisjon: <\/b>58\u00b0 59.970&#8242; N 10\u00b0 2.579&#8242; E<br \/>\n<b>Bes\u00f8kt antall ganger:<\/b> 15 <b>Sist bes\u00f8kt:<\/b> September 2025 <strong>Webkamera:<\/strong> Nei. <a href=\"https:\/\/larvik.havn.no\/vare-tjenester\/fritidsbater\/stavern-gjestehavn\/\" target=\"_blank\" rel=\"noopener\">Hjemmeside.<\/a><br \/>\n<b>Fasiliteter:<\/b> Servicebygg med dusj og toaletter. Str\u00f8m og vann. Wifi. Septikt\u00f8mming. Meget god restaurant like ved gjestehavna (Smak). Restauranten i servicebygget har jeg ikke pr\u00f8vd.. Butikker i gangavstand. Drivstoff.<br \/>\n<b>Havneavgift (for 29-foter): 350 NOK (2025)<\/b>. Go Marina-app fra 2023. 300 kr uten str\u00f8m, 350 kr med str\u00f8m. Du f\u00e5r egen kode for \u00e5 l\u00e5se opp str\u00f8mmen p\u00e5 stolpen og velge uttak. <strong>250 kroner<\/strong> inkl. str\u00f8m i lavsesongen.<br \/>\n<strong>Fort\u00f8yning:<\/strong> Langsides, baug\/anker, b\u00f8yer.<br \/>\n<b>Tilrettelagt for funksjonshemmede:&nbsp;<\/b>Delvis. Legger du til ved flytebryggen kan det by p\u00e5 en utfordring \u00e5 komme seg opp og ned p\u00e5 den buede gangbroen. For meg med protese m\u00e5tte jeg holde meg fast i rekkverket etter et regnskyll som gjorde broa glatt. Det er handicaptoalett, men det benyttet jeg ikke. Myntinnkast p\u00e5 toalettene p\u00e5 restaurantsiden, men p\u00e5 kortsiden mot gangbroen ligger det et toalett med kode som du f\u00e5r av havneverten eller betjeningen p\u00e5 restauranten Smak.<\/p>\n<p><a href=\"https:\/\/pequod.nesodd1.no\/?attachment_id=13057\" rel=\"attachment wp-att-13057\"><img data-recalc-dims=\"1\" loading=\"lazy\" decoding=\"async\" data-attachment-id=\"13057\" data-permalink=\"https:\/\/pequod.nesodd1.no\/?attachment_id=13057\" data-orig-file=\"https:\/\/i0.wp.com\/pequod.nesodd1.no\/wp-content\/uploads\/2017\/11\/img_6415.jpg?fit=1200%2C900&amp;ssl=1\" data-orig-size=\"1200,900\" data-comments-opened=\"1\" data-image-meta=\"{&quot;aperture&quot;:&quot;1.8&quot;,&quot;credit&quot;:&quot;&quot;,&quot;camera&quot;:&quot;iPhone 7&quot;,&quot;caption&quot;:&quot;&quot;,&quot;created_timestamp&quot;:&quot;1504443938&quot;,&quot;copyright&quot;:&quot;&quot;,&quot;focal_length&quot;:&quot;3.99&quot;,&quot;iso&quot;:&quot;20&quot;,&quot;shutter_speed&quot;:&quot;0.000271002710027&quot;,&quot;title&quot;:&quot;&quot;,&quot;orientation&quot;:&quot;1&quot;}\" data-image-title=\"img_6415.jpg\" data-image-description=\"\" data-image-caption=\"\" data-medium-file=\"https:\/\/i0.wp.com\/pequod.nesodd1.no\/wp-content\/uploads\/2017\/11\/img_6415.jpg?fit=300%2C225&amp;ssl=1\" data-large-file=\"https:\/\/i0.wp.com\/pequod.nesodd1.no\/wp-content\/uploads\/2017\/11\/img_6415.jpg?fit=940%2C705&amp;ssl=1\" class=\"alignleft size-medium wp-image-13057\" src=\"https:\/\/i0.wp.com\/pequod.nesodd1.no\/wp-content\/uploads\/2017\/11\/img_6415-300x225.jpg?resize=300%2C225\" alt=\"\" width=\"300\" height=\"225\" srcset=\"https:\/\/i0.wp.com\/pequod.nesodd1.no\/wp-content\/uploads\/2017\/11\/img_6415.jpg?resize=300%2C225&amp;ssl=1 300w, https:\/\/i0.wp.com\/pequod.nesodd1.no\/wp-content\/uploads\/2017\/11\/img_6415.jpg?resize=100%2C75&amp;ssl=1 100w, https:\/\/i0.wp.com\/pequod.nesodd1.no\/wp-content\/uploads\/2017\/11\/img_6415.jpg?resize=768%2C576&amp;ssl=1 768w, https:\/\/i0.wp.com\/pequod.nesodd1.no\/wp-content\/uploads\/2017\/11\/img_6415.jpg?resize=1024%2C768&amp;ssl=1 1024w, https:\/\/i0.wp.com\/pequod.nesodd1.no\/wp-content\/uploads\/2017\/11\/img_6415.jpg?w=1200&amp;ssl=1 1200w\" sizes=\"auto, (max-width: 300px) 100vw, 300px\" \/><\/a><\/p>\n<p>Havneverten Inger Kristine ble k\u00e5ret til \u00e5rets havnevert i 2015, og det m\u00e5 v\u00e6re p\u00e5 grunn av sitt gode hum\u00f8r og smittende entusiasme for b\u00e5tfolk og b\u00e5tliv. Man f\u00f8ler seg veldig velkommen, og servicen er p\u00e5 topp. Anker nummer fire er tildelt ene og alene p\u00e5 grunn av henne!<\/p>\n<p>Men det er nok et langt stykke til selve gjestehavna f\u00e5r noen utmerkelse. For denne kommunale havna er nemlig litt sliten. Flytebrygga er skjeiv og ranglete, str\u00f8mstolpene ust\u00f8dige &#8211; men virker. Toalettstandarden helt grei, men ikke mer. Noen automatisk betalingsl\u00f8sning via app eller automat finnes ikke, du m\u00e5 betale til havneverten eller i restauranten Smak hvis havnekontoret er stengt. Men det har funket fint ved mine bes\u00f8k.<\/p>\n<p><strong>OPPDATERING:<\/strong> Ved mitt bes\u00f8k i 2019 var det kommet nye str\u00f8mstolper p\u00e5 flytebrygga hvis jeg ikke tar helt feil.<\/p>\n<p>Ved samtlige av mine bes\u00f8k har jeg lagt meg til ved flytebrygga som du f\u00e5r p\u00e5 styrbord side n\u00e5r du kommer inn, av den enkle grunn at jeg foretrekker \u00e5 ligge langsides p\u00e5 grunn av protesen jeg bruker. Du kan ogs\u00e5 ligge langsides utenfor restauranten og i hj\u00f8rnet mot drivstoffbrygga. Og p\u00e5 babord side n\u00e5r du kommer inn er det ogs\u00e5 to brygger med gjesteplasser. Har ikke tittet s\u00e5 n\u00f8ye p\u00e5 dem, men tror det er ment at du m\u00e5 bruke anker akter og baug inn p\u00e5 noen av dem, er ogs\u00e5 b\u00f8yer. P\u00e5 den innerste kan du ogs\u00e5 ligge longside, men den er litt h\u00f8y. \u00c5 ligge utenp\u00e5 den ytterste kan nok bli en urolig aff\u00e6re med vind fra gal retning&#8230; Tror nok innsiden av den flytebrygga jeg foretrekker er best (ligger p\u00e5 utsiden av den p\u00e5 bildet nederst, men da var det greit v\u00e6r.)<\/p>\n<p><a href=\"https:\/\/pequod.nesodd1.no\/?attachment_id=13013\" rel=\"attachment wp-att-13013\"><img data-recalc-dims=\"1\" loading=\"lazy\" decoding=\"async\" data-attachment-id=\"13013\" data-permalink=\"https:\/\/pequod.nesodd1.no\/?attachment_id=13013\" data-orig-file=\"https:\/\/i0.wp.com\/pequod.nesodd1.no\/wp-content\/uploads\/2017\/10\/IMG_6525.jpg?fit=1201%2C900&amp;ssl=1\" data-orig-size=\"1201,900\" data-comments-opened=\"1\" data-image-meta=\"{&quot;aperture&quot;:&quot;1.8&quot;,&quot;credit&quot;:&quot;&quot;,&quot;camera&quot;:&quot;iPhone 7&quot;,&quot;caption&quot;:&quot;&quot;,&quot;created_timestamp&quot;:&quot;1504364982&quot;,&quot;copyright&quot;:&quot;&quot;,&quot;focal_length&quot;:&quot;3.99&quot;,&quot;iso&quot;:&quot;20&quot;,&quot;shutter_speed&quot;:&quot;0.000407000407&quot;,&quot;title&quot;:&quot;&quot;,&quot;orientation&quot;:&quot;1&quot;}\" data-image-title=\"IMG_6525\" data-image-description=\"&lt;p&gt;Stavern&lt;\/p&gt;\n\" data-image-caption=\"\" data-medium-file=\"https:\/\/i0.wp.com\/pequod.nesodd1.no\/wp-content\/uploads\/2017\/10\/IMG_6525.jpg?fit=300%2C225&amp;ssl=1\" data-large-file=\"https:\/\/i0.wp.com\/pequod.nesodd1.no\/wp-content\/uploads\/2017\/10\/IMG_6525.jpg?fit=940%2C704&amp;ssl=1\" class=\"alignright size-medium wp-image-13013\" src=\"https:\/\/i0.wp.com\/pequod.nesodd1.no\/wp-content\/uploads\/2017\/10\/IMG_6525-300x225.jpg?resize=300%2C225\" alt=\"\" width=\"300\" height=\"225\" srcset=\"https:\/\/i0.wp.com\/pequod.nesodd1.no\/wp-content\/uploads\/2017\/10\/IMG_6525.jpg?resize=300%2C225&amp;ssl=1 300w, https:\/\/i0.wp.com\/pequod.nesodd1.no\/wp-content\/uploads\/2017\/10\/IMG_6525.jpg?resize=100%2C75&amp;ssl=1 100w, https:\/\/i0.wp.com\/pequod.nesodd1.no\/wp-content\/uploads\/2017\/10\/IMG_6525.jpg?resize=768%2C576&amp;ssl=1 768w, https:\/\/i0.wp.com\/pequod.nesodd1.no\/wp-content\/uploads\/2017\/10\/IMG_6525.jpg?resize=1024%2C767&amp;ssl=1 1024w, https:\/\/i0.wp.com\/pequod.nesodd1.no\/wp-content\/uploads\/2017\/10\/IMG_6525.jpg?w=1201&amp;ssl=1 1201w\" sizes=\"auto, (max-width: 300px) 100vw, 300px\" \/><\/a>Havna ellers er idyllisk og ganske rolig hvis du da ikke legger deg til rett utenfor restauranten og nattklubben. Den ber\u00f8mte treb\u00e5thavna ligger p\u00e5 motsatt side av restaurant\/servicebygget og er vel verdt en titt. N\u00e6rmeste matbutikk ligger p\u00e5 andre siden av treb\u00e5thavna. Thaimaten til hun som har en liten kiosk like ved parkeringsplassen ved butikken er b\u00e5de rimelig og god hvis det av en eller annen grunn ikke frister med et bes\u00f8k p\u00e5 Smak.<\/p>\n<p>Drivstoffbrygga ligger vis-a-vis &laquo;restaurantbrygga&raquo; og der er ogs\u00e5 redningssk\u00f8yta stasjonert. Prisniv\u00e5et er ikke spesielt rimelig med tanke p\u00e5 hva man kan f\u00e5 diesel for innerst i Oslofjorden, men heller ikke noen blodpris.<\/p>\n<p><a href=\"https:\/\/i0.wp.com\/pequod.nesodd1.no\/wp-content\/uploads\/2019\/06\/939A1007-2.jpg?ssl=1\"><img data-recalc-dims=\"1\" loading=\"lazy\" decoding=\"async\" data-attachment-id=\"15843\" data-permalink=\"https:\/\/pequod.nesodd1.no\/?attachment_id=15843\" data-orig-file=\"https:\/\/i0.wp.com\/pequod.nesodd1.no\/wp-content\/uploads\/2019\/06\/939A1007-2.jpg?fit=800%2C487&amp;ssl=1\" data-orig-size=\"800,487\" data-comments-opened=\"1\" data-image-meta=\"{&quot;aperture&quot;:&quot;4.5&quot;,&quot;credit&quot;:&quot;&quot;,&quot;camera&quot;:&quot;Canon EOS 5D Mark IV&quot;,&quot;caption&quot;:&quot;&quot;,&quot;created_timestamp&quot;:&quot;1557345932&quot;,&quot;copyright&quot;:&quot;&quot;,&quot;focal_length&quot;:&quot;38&quot;,&quot;iso&quot;:&quot;3200&quot;,&quot;shutter_speed&quot;:&quot;0.033333333333333&quot;,&quot;title&quot;:&quot;&quot;,&quot;orientation&quot;:&quot;1&quot;}\" data-image-title=\"939A1007 (2)\" data-image-description=\"&lt;p&gt;Stavern, Smak&lt;\/p&gt;\n\" data-image-caption=\"\" data-medium-file=\"https:\/\/i0.wp.com\/pequod.nesodd1.no\/wp-content\/uploads\/2019\/06\/939A1007-2.jpg?fit=300%2C183&amp;ssl=1\" data-large-file=\"https:\/\/i0.wp.com\/pequod.nesodd1.no\/wp-content\/uploads\/2019\/06\/939A1007-2.jpg?fit=800%2C487&amp;ssl=1\" class=\"alignleft size-medium wp-image-15843\" src=\"https:\/\/i0.wp.com\/pequod.nesodd1.no\/wp-content\/uploads\/2019\/06\/939A1007-2.jpg?resize=300%2C183&#038;ssl=1\" alt=\"\" width=\"300\" height=\"183\" srcset=\"https:\/\/i0.wp.com\/pequod.nesodd1.no\/wp-content\/uploads\/2019\/06\/939A1007-2.jpg?resize=300%2C183&amp;ssl=1 300w, https:\/\/i0.wp.com\/pequod.nesodd1.no\/wp-content\/uploads\/2019\/06\/939A1007-2.jpg?resize=100%2C61&amp;ssl=1 100w, https:\/\/i0.wp.com\/pequod.nesodd1.no\/wp-content\/uploads\/2019\/06\/939A1007-2.jpg?resize=768%2C468&amp;ssl=1 768w, https:\/\/i0.wp.com\/pequod.nesodd1.no\/wp-content\/uploads\/2019\/06\/939A1007-2.jpg?w=800&amp;ssl=1 800w\" sizes=\"auto, (max-width: 300px) 100vw, 300px\" \/><\/a>Prisniv\u00e5et p\u00e5 restauranten Smak ligger vel p\u00e5 middels, men maten der er himmelsk og personalet veldig hyggelige. Smakte b\u00e5de den beste tapasen jeg noen gang har pr\u00f8vd, en fiskesuppe som sl\u00e5r Engelsvikens suppe ned i st\u00f8vlene og en utmerket hamburger servert med skikkelige store potetB\u00c5TER (selvsagt!). Anbefales p\u00e5 det varmeste!<\/p>\n<p>Kort vei til det meste av butikker, Fredriksvern og ikke minst minnehallen for krigsseilerne. Og Stavern er da uansett en veldig koselig by. Ganske stille utenom hovedsesongen dog. Ogs\u00e5 kort vei til n\u00e6rmeste bussholdeplass hvis du \u00f8nsker \u00e5 ta en tur inn til Larvik. Sjekk rutetabeller for hyppighet, gikk greit \u00e5 komme seg fram og tilbake den ene gangen jeg benyttet bussen.<\/p>\n<p><a href=\"https:\/\/i0.wp.com\/pequod.nesodd1.no\/wp-content\/uploads\/2023\/08\/IMG_1912.jpeg.26c38cf8e9a76f12a12540f6bdc31b1a.jpeg?ssl=1\"><img data-recalc-dims=\"1\" loading=\"lazy\" decoding=\"async\" data-attachment-id=\"27476\" data-permalink=\"https:\/\/pequod.nesodd1.no\/?attachment_id=27476\" data-orig-file=\"https:\/\/i0.wp.com\/pequod.nesodd1.no\/wp-content\/uploads\/2023\/08\/IMG_1912.jpeg.26c38cf8e9a76f12a12540f6bdc31b1a.jpeg?fit=1000%2C750&amp;ssl=1\" data-orig-size=\"1000,750\" data-comments-opened=\"1\" data-image-meta=\"{&quot;aperture&quot;:&quot;0&quot;,&quot;credit&quot;:&quot;&quot;,&quot;camera&quot;:&quot;&quot;,&quot;caption&quot;:&quot;&quot;,&quot;created_timestamp&quot;:&quot;0&quot;,&quot;copyright&quot;:&quot;&quot;,&quot;focal_length&quot;:&quot;0&quot;,&quot;iso&quot;:&quot;0&quot;,&quot;shutter_speed&quot;:&quot;0&quot;,&quot;title&quot;:&quot;&quot;,&quot;orientation&quot;:&quot;0&quot;}\" data-image-title=\"IMG_1912.jpeg.26c38cf8e9a76f12a12540f6bdc31b1a\" data-image-description=\"&lt;p&gt;Stavern, servicebygg&lt;\/p&gt;\n\" data-image-caption=\"\" data-medium-file=\"https:\/\/i0.wp.com\/pequod.nesodd1.no\/wp-content\/uploads\/2023\/08\/IMG_1912.jpeg.26c38cf8e9a76f12a12540f6bdc31b1a.jpeg?fit=300%2C225&amp;ssl=1\" data-large-file=\"https:\/\/i0.wp.com\/pequod.nesodd1.no\/wp-content\/uploads\/2023\/08\/IMG_1912.jpeg.26c38cf8e9a76f12a12540f6bdc31b1a.jpeg?fit=940%2C705&amp;ssl=1\" class=\"alignright size-medium wp-image-27476\" src=\"https:\/\/i0.wp.com\/pequod.nesodd1.no\/wp-content\/uploads\/2023\/08\/IMG_1912.jpeg.26c38cf8e9a76f12a12540f6bdc31b1a.jpeg?resize=300%2C225&#038;ssl=1\" alt=\"\" width=\"300\" height=\"225\" srcset=\"https:\/\/i0.wp.com\/pequod.nesodd1.no\/wp-content\/uploads\/2023\/08\/IMG_1912.jpeg.26c38cf8e9a76f12a12540f6bdc31b1a.jpeg?resize=300%2C225&amp;ssl=1 300w, https:\/\/i0.wp.com\/pequod.nesodd1.no\/wp-content\/uploads\/2023\/08\/IMG_1912.jpeg.26c38cf8e9a76f12a12540f6bdc31b1a.jpeg?resize=100%2C75&amp;ssl=1 100w, https:\/\/i0.wp.com\/pequod.nesodd1.no\/wp-content\/uploads\/2023\/08\/IMG_1912.jpeg.26c38cf8e9a76f12a12540f6bdc31b1a.jpeg?resize=768%2C576&amp;ssl=1 768w, https:\/\/i0.wp.com\/pequod.nesodd1.no\/wp-content\/uploads\/2023\/08\/IMG_1912.jpeg.26c38cf8e9a76f12a12540f6bdc31b1a.jpeg?w=1000&amp;ssl=1 1000w\" sizes=\"auto, (max-width: 300px) 100vw, 300px\" \/><\/a>Jeg har ikke v\u00e6rt inne i Larvik med b\u00e5ten, s\u00e5 jeg vet ikke helt hvordan det er der, men for meg er Stavern uansett et flott alternativ, s\u00e5 slipper jeg \u00e5 t\u00f8ffe inn &laquo;omveien&raquo; helt inn til Larvik. Som sagt gikk det greit \u00e5 ta buss til og fra om behovet for \u00e5 sjekke B\u00f8keskogen, Farrisbadet eller andre severdigheter i Larvik er der.<\/p>\n<p><strong>OPPDATERING 2023:&nbsp;<\/strong>Den omtalte havneverten Inger-Kristine forsvant i fjor, da kommunen overtok driften selv.<\/p>\n<p>I april 2023 var hele bygningen som inneholdt restauranten Smak (flyttet noen f\u00e5 meter) samt servicetilbudene til b\u00e5tfolket under oppussing. I august var serviceanlegget klart og har en veldig h\u00f8y standard!<\/p>\n<p>En klar forbedring fra det gamle og sannsynligvis et av de bedre serviceanleggene blant norske og svenske gjestehavner!<\/p>\n<figure id=\"attachment_15842\" aria-describedby=\"caption-attachment-15842\" style=\"width: 800px\" class=\"wp-caption aligncenter\"><a href=\"https:\/\/i0.wp.com\/pequod.nesodd1.no\/wp-content\/uploads\/2019\/06\/939A1001-2.jpg?ssl=1\"><img data-recalc-dims=\"1\" loading=\"lazy\" decoding=\"async\" data-attachment-id=\"15842\" data-permalink=\"https:\/\/pequod.nesodd1.no\/?attachment_id=15842\" data-orig-file=\"https:\/\/i0.wp.com\/pequod.nesodd1.no\/wp-content\/uploads\/2019\/06\/939A1001-2.jpg?fit=800%2C510&amp;ssl=1\" data-orig-size=\"800,510\" data-comments-opened=\"1\" data-image-meta=\"{&quot;aperture&quot;:&quot;7.1&quot;,&quot;credit&quot;:&quot;&quot;,&quot;camera&quot;:&quot;Canon EOS 5D Mark IV&quot;,&quot;caption&quot;:&quot;&quot;,&quot;created_timestamp&quot;:&quot;1557344381&quot;,&quot;copyright&quot;:&quot;&quot;,&quot;focal_length&quot;:&quot;100&quot;,&quot;iso&quot;:&quot;100&quot;,&quot;shutter_speed&quot;:&quot;0.00625&quot;,&quot;title&quot;:&quot;&quot;,&quot;orientation&quot;:&quot;1&quot;}\" data-image-title=\"939A1001 (2)\" data-image-description=\"&lt;p&gt;Stavern&lt;\/p&gt;\n\" data-image-caption=\"&lt;p&gt;P\u00e5 plass i Stavern&lt;\/p&gt;\n\" data-medium-file=\"https:\/\/i0.wp.com\/pequod.nesodd1.no\/wp-content\/uploads\/2019\/06\/939A1001-2.jpg?fit=300%2C191&amp;ssl=1\" data-large-file=\"https:\/\/i0.wp.com\/pequod.nesodd1.no\/wp-content\/uploads\/2019\/06\/939A1001-2.jpg?fit=800%2C510&amp;ssl=1\" class=\"size-full wp-image-15842\" src=\"https:\/\/i0.wp.com\/pequod.nesodd1.no\/wp-content\/uploads\/2019\/06\/939A1001-2.jpg?resize=800%2C510&#038;ssl=1\" alt=\"\" width=\"800\" height=\"510\" srcset=\"https:\/\/i0.wp.com\/pequod.nesodd1.no\/wp-content\/uploads\/2019\/06\/939A1001-2.jpg?w=800&amp;ssl=1 800w, https:\/\/i0.wp.com\/pequod.nesodd1.no\/wp-content\/uploads\/2019\/06\/939A1001-2.jpg?resize=100%2C64&amp;ssl=1 100w, https:\/\/i0.wp.com\/pequod.nesodd1.no\/wp-content\/uploads\/2019\/06\/939A1001-2.jpg?resize=300%2C191&amp;ssl=1 300w, https:\/\/i0.wp.com\/pequod.nesodd1.no\/wp-content\/uploads\/2019\/06\/939A1001-2.jpg?resize=768%2C490&amp;ssl=1 768w\" sizes=\"auto, (max-width: 800px) 100vw, 800px\" \/><\/a><figcaption id=\"caption-attachment-15842\" class=\"wp-caption-text\">P\u00e5 plass i Stavern<\/figcaption><\/figure>\n<h3>Related Images:<\/h3>","protected":false},"excerpt":{"rendered":"<p>Vurdering (5 anker er best): Posisjon: 58\u00b0 59.970&#8242; N 10\u00b0 2.579&#8242; E Bes\u00f8kt antall ganger: 15 Sist bes\u00f8kt: September 2025 Webkamera: Nei. Hjemmeside. Fasiliteter: Servicebygg med dusj og toaletter. Str\u00f8m og vann. Wifi. Septikt\u00f8mming. Meget god restaurant like ved gjestehavna (Smak). Restauranten i servicebygget har jeg ikke pr\u00f8vd.. Butikker i gangavstand. Drivstoff. Havneavgift (for 29-foter): &hellip;<br \/><a href=\"https:\/\/pequod.nesodd1.no\/?page_id=13132\" class=\"more-link pen_element_default pen_icon_arrow_double\">Les<\/a><\/p>\n","protected":false},"author":1,"featured_media":19704,"parent":5493,"menu_order":0,"comment_status":"closed","ping_status":"closed","template":"","meta":{"_crdt_document":"","ngg_post_thumbnail":0,"jetpack_post_was_ever_published":false,"footnotes":""},"class_list":["post-13132","page","type-page","status-publish","has-post-thumbnail","hentry"],"jetpack_shortlink":"https:\/\/wp.me\/P3Zd9b-3pO","jetpack_sharing_enabled":true,"jetpack_likes_enabled":true,"jetpack-related-posts":[],"_links":{"self":[{"href":"https:\/\/pequod.nesodd1.no\/index.php?rest_route=\/wp\/v2\/pages\/13132","targetHints":{"allow":["GET"]}}],"collection":[{"href":"https:\/\/pequod.nesodd1.no\/index.php?rest_route=\/wp\/v2\/pages"}],"about":[{"href":"https:\/\/pequod.nesodd1.no\/index.php?rest_route=\/wp\/v2\/types\/page"}],"author":[{"embeddable":true,"href":"https:\/\/pequod.nesodd1.no\/index.php?rest_route=\/wp\/v2\/users\/1"}],"replies":[{"embeddable":true,"href":"https:\/\/pequod.nesodd1.no\/index.php?rest_route=%2Fwp%2Fv2%2Fcomments&post=13132"}],"version-history":[{"count":32,"href":"https:\/\/pequod.nesodd1.no\/index.php?rest_route=\/wp\/v2\/pages\/13132\/revisions"}],"predecessor-version":[{"id":30871,"href":"https:\/\/pequod.nesodd1.no\/index.php?rest_route=\/wp\/v2\/pages\/13132\/revisions\/30871"}],"up":[{"embeddable":true,"href":"https:\/\/pequod.nesodd1.no\/index.php?rest_route=\/wp\/v2\/pages\/5493"}],"wp:featuredmedia":[{"embeddable":true,"href":"https:\/\/pequod.nesodd1.no\/index.php?rest_route=\/wp\/v2\/media\/19704"}],"wp:attachment":[{"href":"https:\/\/pequod.nesodd1.no\/index.php?rest_route=%2Fwp%2Fv2%2Fmedia&parent=13132"}],"curies":[{"name":"wp","href":"https:\/\/api.w.org\/{rel}","templated":true}]}}