{"id":13136,"date":"2018-02-01T17:09:44","date_gmt":"2018-02-01T16:09:44","guid":{"rendered":"https:\/\/pequod.nesodd1.no\/?page_id=13136"},"modified":"2025-09-30T19:34:13","modified_gmt":"2025-09-30T17:34:13","slug":"hunnebostrand-gjestehavn-sverige","status":"publish","type":"page","link":"https:\/\/pequod.nesodd1.no\/?page_id=13136","title":{"rendered":"Hunnebostrand gjestehavn (Sverige)"},"content":{"rendered":"<p><strong>Vurdering (5 anker er best): <a href=\"https:\/\/i0.wp.com\/pequod.nesodd1.no\/wp-content\/uploads\/2019\/10\/klistremerker-anker-og-tau-design.jpg.jpg?ssl=1\"><img data-recalc-dims=\"1\" loading=\"lazy\" decoding=\"async\" data-attachment-id=\"16489\" data-permalink=\"https:\/\/pequod.nesodd1.no\/?attachment_id=16489\" data-orig-file=\"https:\/\/i0.wp.com\/pequod.nesodd1.no\/wp-content\/uploads\/2019\/10\/klistremerker-anker-og-tau-design.jpg.jpg?fit=25%2C25&amp;ssl=1\" data-orig-size=\"25,25\" data-comments-opened=\"1\" data-image-meta=\"{&quot;aperture&quot;:&quot;0&quot;,&quot;credit&quot;:&quot;tribalium81&quot;,&quot;camera&quot;:&quot;&quot;,&quot;caption&quot;:&quot;&quot;,&quot;created_timestamp&quot;:&quot;0&quot;,&quot;copyright&quot;:&quot;tribalium81&quot;,&quot;focal_length&quot;:&quot;0&quot;,&quot;iso&quot;:&quot;0&quot;,&quot;shutter_speed&quot;:&quot;0&quot;,&quot;title&quot;:&quot;anchor and rope design&quot;,&quot;orientation&quot;:&quot;1&quot;}\" data-image-title=\"anchor and rope design\" data-image-description=\"\" data-image-caption=\"\" data-large-file=\"https:\/\/i0.wp.com\/pequod.nesodd1.no\/wp-content\/uploads\/2019\/10\/klistremerker-anker-og-tau-design.jpg.jpg?fit=25%2C25&amp;ssl=1\" class=\"alignnone size-full wp-image-16489\" src=\"https:\/\/i0.wp.com\/pequod.nesodd1.no\/wp-content\/uploads\/2019\/10\/klistremerker-anker-og-tau-design.jpg.jpg?resize=25%2C25&#038;ssl=1\" alt=\"\" width=\"25\" height=\"25\"><\/a><a href=\"https:\/\/i0.wp.com\/pequod.nesodd1.no\/wp-content\/uploads\/2019\/10\/klistremerker-anker-og-tau-design.jpg.jpg?ssl=1\"><img data-recalc-dims=\"1\" loading=\"lazy\" decoding=\"async\" data-attachment-id=\"16489\" data-permalink=\"https:\/\/pequod.nesodd1.no\/?attachment_id=16489\" data-orig-file=\"https:\/\/i0.wp.com\/pequod.nesodd1.no\/wp-content\/uploads\/2019\/10\/klistremerker-anker-og-tau-design.jpg.jpg?fit=25%2C25&amp;ssl=1\" data-orig-size=\"25,25\" data-comments-opened=\"1\" data-image-meta=\"{&quot;aperture&quot;:&quot;0&quot;,&quot;credit&quot;:&quot;tribalium81&quot;,&quot;camera&quot;:&quot;&quot;,&quot;caption&quot;:&quot;&quot;,&quot;created_timestamp&quot;:&quot;0&quot;,&quot;copyright&quot;:&quot;tribalium81&quot;,&quot;focal_length&quot;:&quot;0&quot;,&quot;iso&quot;:&quot;0&quot;,&quot;shutter_speed&quot;:&quot;0&quot;,&quot;title&quot;:&quot;anchor and rope design&quot;,&quot;orientation&quot;:&quot;1&quot;}\" data-image-title=\"anchor and rope design\" data-image-description=\"\" data-image-caption=\"\" data-large-file=\"https:\/\/i0.wp.com\/pequod.nesodd1.no\/wp-content\/uploads\/2019\/10\/klistremerker-anker-og-tau-design.jpg.jpg?fit=25%2C25&amp;ssl=1\" class=\"alignnone size-full wp-image-16489\" src=\"https:\/\/i0.wp.com\/pequod.nesodd1.no\/wp-content\/uploads\/2019\/10\/klistremerker-anker-og-tau-design.jpg.jpg?resize=25%2C25&#038;ssl=1\" alt=\"\" width=\"25\" height=\"25\"><\/a><a href=\"https:\/\/www.spleis.no\/project\/228190\/history\"><img data-recalc-dims=\"1\" loading=\"lazy\" decoding=\"async\" data-attachment-id=\"16489\" data-permalink=\"https:\/\/pequod.nesodd1.no\/?attachment_id=16489\" data-orig-file=\"https:\/\/i0.wp.com\/pequod.nesodd1.no\/wp-content\/uploads\/2019\/10\/klistremerker-anker-og-tau-design.jpg.jpg?fit=25%2C25&amp;ssl=1\" data-orig-size=\"25,25\" data-comments-opened=\"1\" data-image-meta=\"{&quot;aperture&quot;:&quot;0&quot;,&quot;credit&quot;:&quot;tribalium81&quot;,&quot;camera&quot;:&quot;&quot;,&quot;caption&quot;:&quot;&quot;,&quot;created_timestamp&quot;:&quot;0&quot;,&quot;copyright&quot;:&quot;tribalium81&quot;,&quot;focal_length&quot;:&quot;0&quot;,&quot;iso&quot;:&quot;0&quot;,&quot;shutter_speed&quot;:&quot;0&quot;,&quot;title&quot;:&quot;anchor and rope design&quot;,&quot;orientation&quot;:&quot;1&quot;}\" data-image-title=\"anchor and rope design\" data-image-description=\"\" data-image-caption=\"\" data-large-file=\"https:\/\/i0.wp.com\/pequod.nesodd1.no\/wp-content\/uploads\/2019\/10\/klistremerker-anker-og-tau-design.jpg.jpg?fit=25%2C25&amp;ssl=1\" class=\"alignnone size-full wp-image-16489\" src=\"https:\/\/i0.wp.com\/pequod.nesodd1.no\/wp-content\/uploads\/2019\/10\/klistremerker-anker-og-tau-design.jpg.jpg?resize=25%2C25&#038;ssl=1\" alt=\"\" width=\"25\" height=\"25\"><\/a><a href=\"https:\/\/www.spleis.no\/project\/228190\/history\"><img data-recalc-dims=\"1\" loading=\"lazy\" decoding=\"async\" data-attachment-id=\"16489\" data-permalink=\"https:\/\/pequod.nesodd1.no\/?attachment_id=16489\" data-orig-file=\"https:\/\/i0.wp.com\/pequod.nesodd1.no\/wp-content\/uploads\/2019\/10\/klistremerker-anker-og-tau-design.jpg.jpg?fit=25%2C25&amp;ssl=1\" data-orig-size=\"25,25\" data-comments-opened=\"1\" data-image-meta=\"{&quot;aperture&quot;:&quot;0&quot;,&quot;credit&quot;:&quot;tribalium81&quot;,&quot;camera&quot;:&quot;&quot;,&quot;caption&quot;:&quot;&quot;,&quot;created_timestamp&quot;:&quot;0&quot;,&quot;copyright&quot;:&quot;tribalium81&quot;,&quot;focal_length&quot;:&quot;0&quot;,&quot;iso&quot;:&quot;0&quot;,&quot;shutter_speed&quot;:&quot;0&quot;,&quot;title&quot;:&quot;anchor and rope design&quot;,&quot;orientation&quot;:&quot;1&quot;}\" data-image-title=\"anchor and rope design\" data-image-description=\"\" data-image-caption=\"\" data-large-file=\"https:\/\/i0.wp.com\/pequod.nesodd1.no\/wp-content\/uploads\/2019\/10\/klistremerker-anker-og-tau-design.jpg.jpg?fit=25%2C25&amp;ssl=1\" class=\"alignnone size-full wp-image-16489\" src=\"https:\/\/i0.wp.com\/pequod.nesodd1.no\/wp-content\/uploads\/2019\/10\/klistremerker-anker-og-tau-design.jpg.jpg?resize=25%2C25&#038;ssl=1\" alt=\"\" width=\"25\" height=\"25\"><\/a><\/strong><br \/>\n<strong>Posisjon:<\/strong> 58\u00b026&#8217;24.4&#8243;N 11\u00b017&#8217;32.8&#8243;E<br \/>\n<strong>Bes\u00f8kt antall ganger:<\/strong> 4 <strong>Sist bes\u00f8kt:<\/strong> September 2025 <strong>Webkamera:<\/strong> <a href=\"https:\/\/www.hunnebostrand.eu\/kamera\/Image1.jpg\" target=\"_blank\" rel=\"noopener noreferrer\">1<\/a> <em>&nbsp;<\/em><a href=\"http:\/\/www.sotenas.se\/upplevagora\/idrottmotionochfriluftsliv\/friluftslivochmotion\/batarochhamnar\/gasthamnar\/hunnebostrandsgasthamn.4.15eba9af15b0a9219ba3288c.html\" target=\"_blank\" rel=\"noopener noreferrer\">Hjemmeside<\/a><br \/>\n<strong>Fasiliteter:<\/strong> Str\u00f8m, vann, toalett, badstue, dusj, vaskerom, s\u00f8ppel, drivstoff. Butikker, restauranter, minibank i umiddelbar n\u00e6rhet. Et stykke \u00e5 g\u00e5 opp til n\u00e6rmeste Konsum dog, men langt fra uoverkommelig.<br \/>\n<strong>Havneavgift (for 29-foter):<\/strong> H\u00f8sten 2025 lavsesongpris 135 SEK pluss str\u00f8m 70 SEK. OBS: Kommunen endret prissettingen i 2024 slik at havna er mye dyrere om sommeren enn tidligere. Dockspot drop-in og forh\u00e5ndsbooking.<br \/>\n<strong>Fort\u00f8yning:<\/strong> Hovedsaklig b\u00e5ser (nye fra 2024), samt noen f\u00e5 lanhgsides og ellers baug mot brygge med faste tau.&nbsp;<br \/>\n<strong>Tilrettelagt for funksjonshemmede:<\/strong> Delvis. Ved flytebryggen jeg l\u00e5 p\u00e5 var det greit \u00e5 komme seg opp den vanlige rampa opp fra brygga til land. Litt bratt for rullestol, kanskje? Ogs\u00e5 handicaptoalett i servicebygget.&nbsp;<\/p>\n<p><a href=\"https:\/\/pequod.nesodd1.no\/?attachment_id=13489\" rel=\"attachment wp-att-13489\"><img data-recalc-dims=\"1\" loading=\"lazy\" decoding=\"async\" data-attachment-id=\"13489\" data-permalink=\"https:\/\/pequod.nesodd1.no\/?attachment_id=13489\" data-orig-file=\"https:\/\/i0.wp.com\/pequod.nesodd1.no\/wp-content\/uploads\/2018\/01\/IMG_5257.jpg?fit=640%2C480&amp;ssl=1\" data-orig-size=\"640,480\" data-comments-opened=\"1\" data-image-meta=\"{&quot;aperture&quot;:&quot;1.8&quot;,&quot;credit&quot;:&quot;&quot;,&quot;camera&quot;:&quot;iPhone 7&quot;,&quot;caption&quot;:&quot;&quot;,&quot;created_timestamp&quot;:&quot;1502401140&quot;,&quot;copyright&quot;:&quot;&quot;,&quot;focal_length&quot;:&quot;3.99&quot;,&quot;iso&quot;:&quot;100&quot;,&quot;shutter_speed&quot;:&quot;0.0588235294118&quot;,&quot;title&quot;:&quot;&quot;,&quot;orientation&quot;:&quot;1&quot;}\" data-image-title=\"IMG_5257\" data-image-description=\"\" data-image-caption=\"\" data-large-file=\"https:\/\/i0.wp.com\/pequod.nesodd1.no\/wp-content\/uploads\/2018\/01\/IMG_5257.jpg?fit=640%2C480&amp;ssl=1\" class=\"alignleft size-medium wp-image-13489\" src=\"https:\/\/i0.wp.com\/pequod.nesodd1.no\/wp-content\/uploads\/2018\/01\/IMG_5257-300x225.jpg?resize=300%2C225\" alt=\"\" width=\"300\" height=\"225\" srcset=\"https:\/\/i0.wp.com\/pequod.nesodd1.no\/wp-content\/uploads\/2018\/01\/IMG_5257.jpg?resize=300%2C225&amp;ssl=1 300w, https:\/\/i0.wp.com\/pequod.nesodd1.no\/wp-content\/uploads\/2018\/01\/IMG_5257.jpg?resize=100%2C75&amp;ssl=1 100w, https:\/\/i0.wp.com\/pequod.nesodd1.no\/wp-content\/uploads\/2018\/01\/IMG_5257.jpg?w=640&amp;ssl=1 640w\" sizes=\"auto, (max-width: 300px) 100vw, 300px\" \/><\/a><\/p>\n<p>Innseilingen til gjestehavna er enkel og grei, du ser det store fjellet (passende nok med navnet H\u00f6ge Berg) p\u00e5 lang avstand og gjestebryggene ligger til styrbord n\u00e5r du kommer inn.<\/p>\n<p>Det er som sagt str\u00f8m (trepolet) og vann p\u00e5 brygga, og g\u00e5r du til venstre for restauranten n\u00e5r du kommer i land fra flytebrygga som ligger innerst s\u00e5 ligger det et servicebygg der med dusj og toaletter samt betalingsautomat. Havnekontoret ligger ved siden av der igjen med betalingsautomat til venstre side hvis selve kontoret er stengt. Det er ogs\u00e5 s\u00f8ppelcontainere like ved.<\/p>\n<p>G\u00e5r du til venstre kommer du inn i en hyggelig gate med sm\u00e5 trehus, noen gamle, noen nye, men i gammel stil. Du kan rusle langs denne veien helt til du kommer til det lille fjellet, der det er en tursti med kunstinstallasjoner.<\/p>\n<p>Det ligger mange sm\u00e5 butikker, kafeer og restauranter p\u00e5 begge sider av gaten, men etter rundt 100 meter fra begynnelsen ved gjestehavna g\u00e5r det en bratt bakke opp til h\u00f8yre. G\u00e5r du den kommer du til stedets koselige trekirke som du f\u00e5r p\u00e5 venstre side av veien. Veien snur til h\u00f8yre like etter kirken, og der f\u00e5r du \u00f8ye p\u00e5 Konsum &#8211; som s\u00e5 vidt jeg oppdaget er den n\u00e6rmeste dagligvarebutikken.<\/p>\n<p><a href=\"https:\/\/pequod.nesodd1.no\/?attachment_id=13543\" rel=\"attachment wp-att-13543\"><img data-recalc-dims=\"1\" loading=\"lazy\" decoding=\"async\" data-attachment-id=\"13543\" data-permalink=\"https:\/\/pequod.nesodd1.no\/?attachment_id=13543\" data-orig-file=\"https:\/\/i0.wp.com\/pequod.nesodd1.no\/wp-content\/uploads\/2018\/02\/IMG_5265.JPG.38014dacdb002a5652bc42990de59483.jpg?fit=1000%2C750&amp;ssl=1\" data-orig-size=\"1000,750\" data-comments-opened=\"1\" data-image-meta=\"{&quot;aperture&quot;:&quot;0&quot;,&quot;credit&quot;:&quot;&quot;,&quot;camera&quot;:&quot;&quot;,&quot;caption&quot;:&quot;&quot;,&quot;created_timestamp&quot;:&quot;0&quot;,&quot;copyright&quot;:&quot;&quot;,&quot;focal_length&quot;:&quot;0&quot;,&quot;iso&quot;:&quot;0&quot;,&quot;shutter_speed&quot;:&quot;0&quot;,&quot;title&quot;:&quot;&quot;,&quot;orientation&quot;:&quot;0&quot;}\" data-image-title=\"IMG_5265.JPG.38014dacdb002a5652bc42990de59483\" data-image-description=\"&lt;p&gt;Hunnebostrand, Sverige&lt;\/p&gt;\n\" data-image-caption=\"\" data-large-file=\"https:\/\/i0.wp.com\/pequod.nesodd1.no\/wp-content\/uploads\/2018\/02\/IMG_5265.JPG.38014dacdb002a5652bc42990de59483.jpg?fit=940%2C705&amp;ssl=1\" class=\"alignleft size-medium wp-image-13543\" src=\"https:\/\/i0.wp.com\/pequod.nesodd1.no\/wp-content\/uploads\/2018\/02\/IMG_5265.JPG.38014dacdb002a5652bc42990de59483-300x225.jpg?resize=300%2C225\" alt=\"\" width=\"300\" height=\"225\" srcset=\"https:\/\/i0.wp.com\/pequod.nesodd1.no\/wp-content\/uploads\/2018\/02\/IMG_5265.JPG.38014dacdb002a5652bc42990de59483.jpg?resize=300%2C225&amp;ssl=1 300w, https:\/\/i0.wp.com\/pequod.nesodd1.no\/wp-content\/uploads\/2018\/02\/IMG_5265.JPG.38014dacdb002a5652bc42990de59483.jpg?resize=100%2C75&amp;ssl=1 100w, https:\/\/i0.wp.com\/pequod.nesodd1.no\/wp-content\/uploads\/2018\/02\/IMG_5265.JPG.38014dacdb002a5652bc42990de59483.jpg?resize=768%2C576&amp;ssl=1 768w, https:\/\/i0.wp.com\/pequod.nesodd1.no\/wp-content\/uploads\/2018\/02\/IMG_5265.JPG.38014dacdb002a5652bc42990de59483.jpg?w=1000&amp;ssl=1 1000w\" sizes=\"auto, (max-width: 300px) 100vw, 300px\" \/><\/a>Hovedinntrykket av Hunnebostrand var veldig positivt, og det blir garantert et bes\u00f8k til her n\u00e5r gradestokken begynner \u00e5 krype oppover igjen\u2026<\/p>\n<p>Det h\u00f8rer med til historien at jeg ringte havnevakta p\u00e5 telefon for \u00e5 forh\u00f8re meg om det var ledige plasser der jeg kunne legge til langsides. Jeg forklarte at jeg var handikappet og helst ville ligge langsides.<\/p>\n<p><a href=\"https:\/\/i0.wp.com\/pequod.nesodd1.no\/wp-content\/uploads\/2022\/06\/283902672_10158423170317032_4831755444216644978_n.jpg?ssl=1\"><img data-recalc-dims=\"1\" loading=\"lazy\" decoding=\"async\" data-attachment-id=\"24355\" data-permalink=\"https:\/\/pequod.nesodd1.no\/?attachment_id=24355\" data-orig-file=\"https:\/\/i0.wp.com\/pequod.nesodd1.no\/wp-content\/uploads\/2022\/06\/283902672_10158423170317032_4831755444216644978_n.jpg?fit=1536%2C2048&amp;ssl=1\" data-orig-size=\"1536,2048\" data-comments-opened=\"1\" data-image-meta=\"{&quot;aperture&quot;:&quot;0&quot;,&quot;credit&quot;:&quot;&quot;,&quot;camera&quot;:&quot;&quot;,&quot;caption&quot;:&quot;&quot;,&quot;created_timestamp&quot;:&quot;0&quot;,&quot;copyright&quot;:&quot;&quot;,&quot;focal_length&quot;:&quot;0&quot;,&quot;iso&quot;:&quot;0&quot;,&quot;shutter_speed&quot;:&quot;0&quot;,&quot;title&quot;:&quot;&quot;,&quot;orientation&quot;:&quot;0&quot;}\" data-image-title=\"283902672_10158423170317032_4831755444216644978_n\" data-image-description=\"&lt;p&gt;Hunnebostrand, skulpturparken, 2022&lt;\/p&gt;\n\" data-image-caption=\"\" data-large-file=\"https:\/\/i0.wp.com\/pequod.nesodd1.no\/wp-content\/uploads\/2022\/06\/283902672_10158423170317032_4831755444216644978_n.jpg?fit=768%2C1024&amp;ssl=1\" class=\"alignright size-medium wp-image-24355\" src=\"https:\/\/i0.wp.com\/pequod.nesodd1.no\/wp-content\/uploads\/2022\/06\/283902672_10158423170317032_4831755444216644978_n.jpg?resize=225%2C300&#038;ssl=1\" alt=\"\" width=\"225\" height=\"300\" srcset=\"https:\/\/i0.wp.com\/pequod.nesodd1.no\/wp-content\/uploads\/2022\/06\/283902672_10158423170317032_4831755444216644978_n.jpg?resize=225%2C300&amp;ssl=1 225w, https:\/\/i0.wp.com\/pequod.nesodd1.no\/wp-content\/uploads\/2022\/06\/283902672_10158423170317032_4831755444216644978_n.jpg?resize=768%2C1024&amp;ssl=1 768w, https:\/\/i0.wp.com\/pequod.nesodd1.no\/wp-content\/uploads\/2022\/06\/283902672_10158423170317032_4831755444216644978_n.jpg?resize=60%2C80&amp;ssl=1 60w, https:\/\/i0.wp.com\/pequod.nesodd1.no\/wp-content\/uploads\/2022\/06\/283902672_10158423170317032_4831755444216644978_n.jpg?resize=1152%2C1536&amp;ssl=1 1152w, https:\/\/i0.wp.com\/pequod.nesodd1.no\/wp-content\/uploads\/2022\/06\/283902672_10158423170317032_4831755444216644978_n.jpg?w=1536&amp;ssl=1 1536w\" sizes=\"auto, (max-width: 225px) 100vw, 225px\" \/><\/a>Han sa da at det var fullt p\u00e5 de stedene der man kunne ligge langsides, men sa at det bare var \u00e5 komme og legge meg langsides der man egentlig skulle ligge med baugen inn &#8211; det var nok plass.<\/p>\n<p>Denne im\u00f8tekommenheten var avgj\u00f8rende for at jeg valgte \u00e5 dra inn dit, og det angret jeg ikke p\u00e5. Vil gjerne bes\u00f8ke denne gjestehavna flere ganger.<\/p>\n<p><strong>OPPDATERING 2022:<\/strong> Endelig fikk jeg bes\u00f8kt Hunnebostrand igjen &#8211; denne gangen med nyb\u00e5ten! La meg faktisk langsides p\u00e5 nesten samme sted som f\u00f8r. Fikk tatt meg en tur bort til skulpturparken ved den gamle steinbruddet &#8211; anbefales! Kommer nye utstillinger\/skulpturer der hvert \u00e5r.<\/p>\n<p>Spiste ogs\u00e5 en aldeles nydelig Fish &amp; Chips p\u00e5 Bella G\u00e4stis &#8211; som ligger like ved der skulpturparken begynner. Hyggelig betjening og VELDIG god mat &#8211; s\u00e5 dit kommer jeg tilbake. Var ogs\u00e5 denne gangen her i lavsesongen, s\u00e5 det var ganske stille og rolig, og flere av utestedene var kun \u00e5pen om helgene. Kommer garantert tilbake hit, er et av de stedene i Sverige jeg trives best!<\/p>\n<p>Morsomt ogs\u00e5 at jeg traff p\u00e5 et eldre norsk ektepar i en seilb\u00e5t fra T\u00f8nsberg &#8211; som jeg traff flere ganger p\u00e5 Norgesturen min i 2021, blant annet i Farsund!<\/p>\n<p><a href=\"https:\/\/pequod.nesodd1.no\/?attachment_id=13490\" rel=\"attachment wp-att-13490\"><br \/>\n<\/a><a href=\"https:\/\/pequod.nesodd1.no\/?attachment_id=13490\" rel=\"attachment wp-att-13490\"><img data-recalc-dims=\"1\" loading=\"lazy\" decoding=\"async\" data-attachment-id=\"13490\" data-permalink=\"https:\/\/pequod.nesodd1.no\/?attachment_id=13490\" data-orig-file=\"https:\/\/i0.wp.com\/pequod.nesodd1.no\/wp-content\/uploads\/2018\/01\/IMG_5263.jpg?fit=640%2C480&amp;ssl=1\" data-orig-size=\"640,480\" data-comments-opened=\"1\" data-image-meta=\"{&quot;aperture&quot;:&quot;1.8&quot;,&quot;credit&quot;:&quot;&quot;,&quot;camera&quot;:&quot;iPhone 7&quot;,&quot;caption&quot;:&quot;&quot;,&quot;created_timestamp&quot;:&quot;1502451741&quot;,&quot;copyright&quot;:&quot;&quot;,&quot;focal_length&quot;:&quot;3.99&quot;,&quot;iso&quot;:&quot;20&quot;,&quot;shutter_speed&quot;:&quot;0.000271002710027&quot;,&quot;title&quot;:&quot;&quot;,&quot;orientation&quot;:&quot;1&quot;}\" data-image-title=\"IMG_5263\" data-image-description=\"\" data-image-caption=\"\" data-large-file=\"https:\/\/i0.wp.com\/pequod.nesodd1.no\/wp-content\/uploads\/2018\/01\/IMG_5263.jpg?fit=640%2C480&amp;ssl=1\" class=\"aligncenter wp-image-13490 size-full\" src=\"https:\/\/i0.wp.com\/pequod.nesodd1.no\/wp-content\/uploads\/2018\/01\/IMG_5263.jpg?resize=640%2C480&#038;ssl=1\" alt=\"\" width=\"640\" height=\"480\" srcset=\"https:\/\/i0.wp.com\/pequod.nesodd1.no\/wp-content\/uploads\/2018\/01\/IMG_5263.jpg?w=640&amp;ssl=1 640w, https:\/\/i0.wp.com\/pequod.nesodd1.no\/wp-content\/uploads\/2018\/01\/IMG_5263.jpg?resize=100%2C75&amp;ssl=1 100w, https:\/\/i0.wp.com\/pequod.nesodd1.no\/wp-content\/uploads\/2018\/01\/IMG_5263.jpg?resize=300%2C225&amp;ssl=1 300w\" sizes=\"auto, (max-width: 640px) 100vw, 640px\" \/><\/a><\/p>\n<h3>Related Images:<\/h3>","protected":false},"excerpt":{"rendered":"<p>Vurdering (5 anker er best): Posisjon: 58\u00b026&#8217;24.4&#8243;N 11\u00b017&#8217;32.8&#8243;E Bes\u00f8kt antall ganger: 4 Sist bes\u00f8kt: September 2025 Webkamera: 1 &nbsp;Hjemmeside Fasiliteter: Str\u00f8m, vann, toalett, badstue, dusj, vaskerom, s\u00f8ppel, drivstoff. Butikker, restauranter, minibank i umiddelbar n\u00e6rhet. Et stykke \u00e5 g\u00e5 opp til n\u00e6rmeste Konsum dog, men langt fra uoverkommelig. Havneavgift (for 29-foter): H\u00f8sten 2025 lavsesongpris 135 SEK &hellip;<br \/><a href=\"https:\/\/pequod.nesodd1.no\/?page_id=13136\" class=\"more-link pen_element_default pen_icon_arrow_double\">Les<\/a><\/p>\n","protected":false},"author":1,"featured_media":12809,"parent":5493,"menu_order":0,"comment_status":"closed","ping_status":"closed","template":"","meta":{"_crdt_document":"","ngg_post_thumbnail":0,"jetpack_post_was_ever_published":false,"footnotes":""},"class_list":["post-13136","page","type-page","status-publish","has-post-thumbnail","hentry"],"jetpack_shortlink":"https:\/\/wp.me\/P3Zd9b-3pS","jetpack_sharing_enabled":true,"jetpack_likes_enabled":true,"jetpack-related-posts":[],"_links":{"self":[{"href":"https:\/\/pequod.nesodd1.no\/index.php?rest_route=\/wp\/v2\/pages\/13136","targetHints":{"allow":["GET"]}}],"collection":[{"href":"https:\/\/pequod.nesodd1.no\/index.php?rest_route=\/wp\/v2\/pages"}],"about":[{"href":"https:\/\/pequod.nesodd1.no\/index.php?rest_route=\/wp\/v2\/types\/page"}],"author":[{"embeddable":true,"href":"https:\/\/pequod.nesodd1.no\/index.php?rest_route=\/wp\/v2\/users\/1"}],"replies":[{"embeddable":true,"href":"https:\/\/pequod.nesodd1.no\/index.php?rest_route=%2Fwp%2Fv2%2Fcomments&post=13136"}],"version-history":[{"count":22,"href":"https:\/\/pequod.nesodd1.no\/index.php?rest_route=\/wp\/v2\/pages\/13136\/revisions"}],"predecessor-version":[{"id":30926,"href":"https:\/\/pequod.nesodd1.no\/index.php?rest_route=\/wp\/v2\/pages\/13136\/revisions\/30926"}],"up":[{"embeddable":true,"href":"https:\/\/pequod.nesodd1.no\/index.php?rest_route=\/wp\/v2\/pages\/5493"}],"wp:featuredmedia":[{"embeddable":true,"href":"https:\/\/pequod.nesodd1.no\/index.php?rest_route=\/wp\/v2\/media\/12809"}],"wp:attachment":[{"href":"https:\/\/pequod.nesodd1.no\/index.php?rest_route=%2Fwp%2Fv2%2Fmedia&parent=13136"}],"curies":[{"name":"wp","href":"https:\/\/api.w.org\/{rel}","templated":true}]}}