{"id":13138,"date":"2018-04-03T13:26:05","date_gmt":"2018-04-03T11:26:05","guid":{"rendered":"https:\/\/pequod.nesodd1.no\/?page_id=13138"},"modified":"2021-03-10T19:34:26","modified_gmt":"2021-03-10T18:34:26","slug":"hallo-sverige","status":"publish","type":"page","link":"https:\/\/pequod.nesodd1.no\/?page_id=13138","title":{"rendered":"H\u00e5ll\u00f6 (Sverige) (uthavn)"},"content":{"rendered":"<p><strong>Vurdering (5 anker er best): <a href=\"https:\/\/i0.wp.com\/pequod.nesodd1.no\/wp-content\/uploads\/2019\/10\/klistremerker-anker-og-tau-design.jpg.jpg?ssl=1\"><img data-recalc-dims=\"1\" loading=\"lazy\" decoding=\"async\" data-attachment-id=\"16489\" data-permalink=\"https:\/\/pequod.nesodd1.no\/?attachment_id=16489\" data-orig-file=\"https:\/\/i0.wp.com\/pequod.nesodd1.no\/wp-content\/uploads\/2019\/10\/klistremerker-anker-og-tau-design.jpg.jpg?fit=25%2C25&amp;ssl=1\" data-orig-size=\"25,25\" data-comments-opened=\"1\" data-image-meta=\"{&quot;aperture&quot;:&quot;0&quot;,&quot;credit&quot;:&quot;tribalium81&quot;,&quot;camera&quot;:&quot;&quot;,&quot;caption&quot;:&quot;&quot;,&quot;created_timestamp&quot;:&quot;0&quot;,&quot;copyright&quot;:&quot;tribalium81&quot;,&quot;focal_length&quot;:&quot;0&quot;,&quot;iso&quot;:&quot;0&quot;,&quot;shutter_speed&quot;:&quot;0&quot;,&quot;title&quot;:&quot;anchor and rope design&quot;,&quot;orientation&quot;:&quot;1&quot;}\" data-image-title=\"anchor and rope design\" data-image-description=\"\" data-image-caption=\"\" data-large-file=\"https:\/\/i0.wp.com\/pequod.nesodd1.no\/wp-content\/uploads\/2019\/10\/klistremerker-anker-og-tau-design.jpg.jpg?fit=25%2C25&amp;ssl=1\" class=\"alignnone size-full wp-image-16489\" src=\"https:\/\/i0.wp.com\/pequod.nesodd1.no\/wp-content\/uploads\/2019\/10\/klistremerker-anker-og-tau-design.jpg.jpg?resize=25%2C25&#038;ssl=1\" alt=\"\" width=\"25\" height=\"25\"><\/a><a href=\"https:\/\/i0.wp.com\/pequod.nesodd1.no\/wp-content\/uploads\/2019\/10\/klistremerker-anker-og-tau-design.jpg.jpg?ssl=1\"><img data-recalc-dims=\"1\" loading=\"lazy\" decoding=\"async\" data-attachment-id=\"16489\" data-permalink=\"https:\/\/pequod.nesodd1.no\/?attachment_id=16489\" data-orig-file=\"https:\/\/i0.wp.com\/pequod.nesodd1.no\/wp-content\/uploads\/2019\/10\/klistremerker-anker-og-tau-design.jpg.jpg?fit=25%2C25&amp;ssl=1\" data-orig-size=\"25,25\" data-comments-opened=\"1\" data-image-meta=\"{&quot;aperture&quot;:&quot;0&quot;,&quot;credit&quot;:&quot;tribalium81&quot;,&quot;camera&quot;:&quot;&quot;,&quot;caption&quot;:&quot;&quot;,&quot;created_timestamp&quot;:&quot;0&quot;,&quot;copyright&quot;:&quot;tribalium81&quot;,&quot;focal_length&quot;:&quot;0&quot;,&quot;iso&quot;:&quot;0&quot;,&quot;shutter_speed&quot;:&quot;0&quot;,&quot;title&quot;:&quot;anchor and rope design&quot;,&quot;orientation&quot;:&quot;1&quot;}\" data-image-title=\"anchor and rope design\" data-image-description=\"\" data-image-caption=\"\" data-large-file=\"https:\/\/i0.wp.com\/pequod.nesodd1.no\/wp-content\/uploads\/2019\/10\/klistremerker-anker-og-tau-design.jpg.jpg?fit=25%2C25&amp;ssl=1\" class=\"alignnone size-full wp-image-16489\" src=\"https:\/\/i0.wp.com\/pequod.nesodd1.no\/wp-content\/uploads\/2019\/10\/klistremerker-anker-og-tau-design.jpg.jpg?resize=25%2C25&#038;ssl=1\" alt=\"\" width=\"25\" height=\"25\"><\/a><a href=\"https:\/\/i0.wp.com\/pequod.nesodd1.no\/wp-content\/uploads\/2019\/10\/klistremerker-anker-og-tau-design.jpg.jpg?ssl=1\"><img data-recalc-dims=\"1\" loading=\"lazy\" decoding=\"async\" data-attachment-id=\"16489\" data-permalink=\"https:\/\/pequod.nesodd1.no\/?attachment_id=16489\" data-orig-file=\"https:\/\/i0.wp.com\/pequod.nesodd1.no\/wp-content\/uploads\/2019\/10\/klistremerker-anker-og-tau-design.jpg.jpg?fit=25%2C25&amp;ssl=1\" data-orig-size=\"25,25\" data-comments-opened=\"1\" data-image-meta=\"{&quot;aperture&quot;:&quot;0&quot;,&quot;credit&quot;:&quot;tribalium81&quot;,&quot;camera&quot;:&quot;&quot;,&quot;caption&quot;:&quot;&quot;,&quot;created_timestamp&quot;:&quot;0&quot;,&quot;copyright&quot;:&quot;tribalium81&quot;,&quot;focal_length&quot;:&quot;0&quot;,&quot;iso&quot;:&quot;0&quot;,&quot;shutter_speed&quot;:&quot;0&quot;,&quot;title&quot;:&quot;anchor and rope design&quot;,&quot;orientation&quot;:&quot;1&quot;}\" data-image-title=\"anchor and rope design\" data-image-description=\"\" data-image-caption=\"\" data-large-file=\"https:\/\/i0.wp.com\/pequod.nesodd1.no\/wp-content\/uploads\/2019\/10\/klistremerker-anker-og-tau-design.jpg.jpg?fit=25%2C25&amp;ssl=1\" class=\"alignnone size-full wp-image-16489\" src=\"https:\/\/i0.wp.com\/pequod.nesodd1.no\/wp-content\/uploads\/2019\/10\/klistremerker-anker-og-tau-design.jpg.jpg?resize=25%2C25&#038;ssl=1\" alt=\"\" width=\"25\" height=\"25\"><\/a><\/strong><br \/>\n<strong>Posisjon:<\/strong> 58\u00b019&#8217;59.7&#8243;N 11\u00b013&#8217;5.6&#8243;E<br \/>\n<strong>Antall bes\u00f8k:<\/strong> 1 <strong>Sist bes\u00f8kt:<\/strong> 13.-14.08.2017.&nbsp; <strong>Webkamera<\/strong>: <a href=\"https:\/\/www.utposthallo.se\/Webkamera.htm\" target=\"_blank\" rel=\"noopener\">1<\/a> <a href=\"http:\/\/www.swedweather.com\/490006\/hallo.html\" target=\"_blank\" rel=\"noopener\">2<\/a> (flere valg) &#8211; Ingen viser dog havneomr\u00e5det.<br \/>\n<strong>Fasiliteter:<\/strong> Toaletter. Mulig dusj kan l\u00e5nes p\u00e5 vandrerhjemmet? Kafe p\u00e5 vandrerhjemmet. Museum. Kapell.<br \/>\n<strong>Fort\u00f8yning:<\/strong> Hovedsaklig med plugger\/ringer i fjellsiden. Jeg fikk ligge langsides ved en brygge som tilh\u00f8rte vandrerhjemmet p\u00e5 grunn av at jeg er amputert.<br \/>\n<strong>Tilrettelagt for funksjonshemmede:<\/strong> Nei. Hvis man f\u00e5r hjelp til \u00e5 komme i land fra selve brygga er det et slags trefortau opp til vandrerhjemmet, men ellers p\u00e5 \u00f8ya er det ganske kupert. Rullestolbrukere vil nok ha en utfordring.<\/p>\n<p><a href=\"https:\/\/pequod.nesodd1.no\/?attachment_id=13407\" rel=\"attachment wp-att-13407\"><img data-recalc-dims=\"1\" loading=\"lazy\" decoding=\"async\" data-attachment-id=\"13407\" data-permalink=\"https:\/\/pequod.nesodd1.no\/?attachment_id=13407\" data-orig-file=\"https:\/\/i0.wp.com\/pequod.nesodd1.no\/wp-content\/uploads\/2018\/01\/IMG_5679.jpg?fit=2016%2C1512&amp;ssl=1\" data-orig-size=\"2016,1512\" data-comments-opened=\"1\" data-image-meta=\"{&quot;aperture&quot;:&quot;1.8&quot;,&quot;credit&quot;:&quot;&quot;,&quot;camera&quot;:&quot;iPhone 7&quot;,&quot;caption&quot;:&quot;&quot;,&quot;created_timestamp&quot;:&quot;1502629100&quot;,&quot;copyright&quot;:&quot;&quot;,&quot;focal_length&quot;:&quot;3.99&quot;,&quot;iso&quot;:&quot;20&quot;,&quot;shutter_speed&quot;:&quot;0.000261028452101&quot;,&quot;title&quot;:&quot;&quot;,&quot;orientation&quot;:&quot;1&quot;}\" data-image-title=\"IMG_5679\" data-image-description=\"&lt;p&gt;H\u00e5ll\u00f6 Sverige&lt;\/p&gt;\n\" data-image-caption=\"\" data-large-file=\"https:\/\/i0.wp.com\/pequod.nesodd1.no\/wp-content\/uploads\/2018\/01\/IMG_5679.jpg?fit=940%2C705&amp;ssl=1\" class=\"size-medium wp-image-13407 alignleft\" src=\"https:\/\/i0.wp.com\/pequod.nesodd1.no\/wp-content\/uploads\/2018\/01\/IMG_5679-300x225.jpg?resize=300%2C225\" alt=\"\" width=\"300\" height=\"225\" srcset=\"https:\/\/i0.wp.com\/pequod.nesodd1.no\/wp-content\/uploads\/2018\/01\/IMG_5679.jpg?resize=300%2C225&amp;ssl=1 300w, https:\/\/i0.wp.com\/pequod.nesodd1.no\/wp-content\/uploads\/2018\/01\/IMG_5679.jpg?resize=100%2C75&amp;ssl=1 100w, https:\/\/i0.wp.com\/pequod.nesodd1.no\/wp-content\/uploads\/2018\/01\/IMG_5679.jpg?resize=768%2C576&amp;ssl=1 768w, https:\/\/i0.wp.com\/pequod.nesodd1.no\/wp-content\/uploads\/2018\/01\/IMG_5679.jpg?resize=1024%2C768&amp;ssl=1 1024w, https:\/\/i0.wp.com\/pequod.nesodd1.no\/wp-content\/uploads\/2018\/01\/IMG_5679.jpg?w=2016&amp;ssl=1 2016w, https:\/\/i0.wp.com\/pequod.nesodd1.no\/wp-content\/uploads\/2018\/01\/IMG_5679.jpg?w=1880&amp;ssl=1 1880w\" sizes=\"auto, (max-width: 300px) 100vw, 300px\" \/><\/a>Fantastisk sted som anbefales!<\/p>\n<p>H\u00e5ll\u00f6 er kanskje et sted som mange nordmenn g\u00e5r glipp av, der \u00f8ya ligger litt ute i havgapet vest for mer kjente Sm\u00f6gen og Kungshamn. For det f\u00f8rste ser den kanskje litt ugjestmild ut, og for det andre er det ikke plass til s\u00e5 veldig mange b\u00e5ter der, s\u00e5 n\u00e5r nordmenn kj\u00f8rer forbi er det nok stappfullt av lokale svensker de fleste gangene. Vandrerhjemmet p\u00e5 \u00f8ya er gjerne fullbooket for hele sommeren f\u00f8r sesongen er i gang&#8230;<\/p>\n<p>Men det er absolutt verdt \u00e5 ta en tur hvis man skulle v\u00e6re i n\u00e6rheten og man f\u00e5r kilt seg inn! Innseilingen er litt trang og grunn, men det er plass til flere b\u00e5ter s\u00f8rvest for brygga, som hovedsakelig er til bruk for b\u00e5ten som tilh\u00f8rer vandrerhjemmet. De \u00f8vrige b\u00e5tene legger til ved svabergene litt lenger inn. Vet ikke helt hvor dypt det er der, men p\u00e5 mitt bes\u00f8k l\u00e5 det i alle fall et par mindre seilb\u00e5ter der.<\/p>\n<figure id=\"attachment_12878\" aria-describedby=\"caption-attachment-12878\" style=\"width: 300px\" class=\"wp-caption alignright\"><a href=\"https:\/\/pequod.nesodd1.no\/?attachment_id=12878\" rel=\"attachment wp-att-12878\"><img data-recalc-dims=\"1\" loading=\"lazy\" decoding=\"async\" data-attachment-id=\"12878\" data-permalink=\"https:\/\/pequod.nesodd1.no\/?attachment_id=12878\" data-orig-file=\"https:\/\/i0.wp.com\/pequod.nesodd1.no\/wp-content\/uploads\/2017\/09\/IMG_5637.jpg?fit=640%2C480&amp;ssl=1\" data-orig-size=\"640,480\" data-comments-opened=\"1\" data-image-meta=\"{&quot;aperture&quot;:&quot;1.8&quot;,&quot;credit&quot;:&quot;&quot;,&quot;camera&quot;:&quot;iPhone 7&quot;,&quot;caption&quot;:&quot;&quot;,&quot;created_timestamp&quot;:&quot;1502648220&quot;,&quot;copyright&quot;:&quot;&quot;,&quot;focal_length&quot;:&quot;3.99&quot;,&quot;iso&quot;:&quot;20&quot;,&quot;shutter_speed&quot;:&quot;0.000261028452101&quot;,&quot;title&quot;:&quot;&quot;,&quot;orientation&quot;:&quot;1&quot;}\" data-image-title=\"IMG_5637\" data-image-description=\"&lt;p&gt;H\u00e5ll\u00f6, Sverige&lt;\/p&gt;\n\" data-image-caption=\"&lt;p&gt;Vandrerhjemmet, den original bygningen til venstre.&lt;\/p&gt;\n\" data-large-file=\"https:\/\/i0.wp.com\/pequod.nesodd1.no\/wp-content\/uploads\/2017\/09\/IMG_5637.jpg?fit=640%2C480&amp;ssl=1\" class=\"size-medium wp-image-12878\" src=\"https:\/\/i0.wp.com\/pequod.nesodd1.no\/wp-content\/uploads\/2017\/09\/IMG_5637-300x225.jpg?resize=300%2C225\" alt=\"\" width=\"300\" height=\"225\" srcset=\"https:\/\/i0.wp.com\/pequod.nesodd1.no\/wp-content\/uploads\/2017\/09\/IMG_5637.jpg?resize=300%2C225&amp;ssl=1 300w, https:\/\/i0.wp.com\/pequod.nesodd1.no\/wp-content\/uploads\/2017\/09\/IMG_5637.jpg?resize=100%2C75&amp;ssl=1 100w, https:\/\/i0.wp.com\/pequod.nesodd1.no\/wp-content\/uploads\/2017\/09\/IMG_5637.jpg?w=640&amp;ssl=1 640w\" sizes=\"auto, (max-width: 300px) 100vw, 300px\" \/><\/a><figcaption id=\"caption-attachment-12878\" class=\"wp-caption-text\">Vandrerhjemmet<\/figcaption><\/figure>\n<p>H\u00e5ll\u00f6 er en \u00f8y med rik historie og en veldig spesiell natur, helt fra det mest steinete og ugjestmilde til frodige omr\u00e5der. Foruten vandrerhjemmet er det mulig \u00e5 bes\u00f8ke toppen av fyret, for en mindre avgift, samt bes\u00f8ke et museum og et lite kapell.<\/p>\n<p>Det er en<a href=\"https:\/\/www.hallofyr.se\/\" target=\"_blank\" rel=\"noopener\"> ideell forening<\/a> som driver museet og fyret, s\u00e5 legg gjerne igjen noen kroner! Selv kj\u00f8pte jeg en caps og en liten bok om H\u00e5ll\u00f6. Anbefaler \u00e5 ta turen opp i fyrt\u00e5rnet &#8211; du f\u00e5r en fantastisk utsikt derfra!<\/p>\n<p>Skulle det v\u00e6re fullt eller du ikke vil ta sjansen p\u00e5 \u00e5 dra ut dit p\u00e5 bomtur, s\u00e5 g\u00e5r det i sommersesongen ferger ut til \u00f8ya b\u00e5de fra Sm\u00f6gen og Kungshamn. Jeg anbefaler et bes\u00f8k der.<\/p>\n<p>Jeg kommer tilbake s\u00e5 lenge jeg f\u00e5r presset meg inn!<\/p>\n<figure id=\"attachment_13406\" aria-describedby=\"caption-attachment-13406\" style=\"width: 1024px\" class=\"wp-caption aligncenter\"><a href=\"https:\/\/i0.wp.com\/pequod.nesodd1.no\/wp-content\/uploads\/2018\/01\/IMG_5564.jpg?ssl=1\"><img data-recalc-dims=\"1\" loading=\"lazy\" decoding=\"async\" data-attachment-id=\"13406\" data-permalink=\"https:\/\/pequod.nesodd1.no\/?attachment_id=13406\" data-orig-file=\"https:\/\/i0.wp.com\/pequod.nesodd1.no\/wp-content\/uploads\/2018\/01\/IMG_5564.jpg?fit=2016%2C1512&amp;ssl=1\" data-orig-size=\"2016,1512\" data-comments-opened=\"1\" data-image-meta=\"{&quot;aperture&quot;:&quot;1.8&quot;,&quot;credit&quot;:&quot;&quot;,&quot;camera&quot;:&quot;iPhone 7&quot;,&quot;caption&quot;:&quot;&quot;,&quot;created_timestamp&quot;:&quot;1502628694&quot;,&quot;copyright&quot;:&quot;&quot;,&quot;focal_length&quot;:&quot;3.99&quot;,&quot;iso&quot;:&quot;20&quot;,&quot;shutter_speed&quot;:&quot;0.00029197080292&quot;,&quot;title&quot;:&quot;&quot;,&quot;orientation&quot;:&quot;1&quot;}\" data-image-title=\"IMG_5564\" data-image-description=\"&lt;p&gt;H\u00e5ll\u00f6&lt;\/p&gt;\n\" data-image-caption=\"&lt;p&gt;H\u00e5ll\u00f6 i Sverige i august 2017. Bes\u00f8ker gjerne denne \u00f8ya en gang til!&lt;\/p&gt;\n\" data-large-file=\"https:\/\/i0.wp.com\/pequod.nesodd1.no\/wp-content\/uploads\/2018\/01\/IMG_5564.jpg?fit=940%2C705&amp;ssl=1\" class=\"size-large wp-image-13406\" src=\"https:\/\/i0.wp.com\/pequod.nesodd1.no\/wp-content\/uploads\/2018\/01\/IMG_5564.jpg?resize=940%2C705&#038;ssl=1\" alt=\"\" width=\"940\" height=\"705\" srcset=\"https:\/\/i0.wp.com\/pequod.nesodd1.no\/wp-content\/uploads\/2018\/01\/IMG_5564.jpg?resize=1024%2C768&amp;ssl=1 1024w, https:\/\/i0.wp.com\/pequod.nesodd1.no\/wp-content\/uploads\/2018\/01\/IMG_5564.jpg?resize=100%2C75&amp;ssl=1 100w, https:\/\/i0.wp.com\/pequod.nesodd1.no\/wp-content\/uploads\/2018\/01\/IMG_5564.jpg?resize=300%2C225&amp;ssl=1 300w, https:\/\/i0.wp.com\/pequod.nesodd1.no\/wp-content\/uploads\/2018\/01\/IMG_5564.jpg?resize=768%2C576&amp;ssl=1 768w, https:\/\/i0.wp.com\/pequod.nesodd1.no\/wp-content\/uploads\/2018\/01\/IMG_5564.jpg?w=2016&amp;ssl=1 2016w, https:\/\/i0.wp.com\/pequod.nesodd1.no\/wp-content\/uploads\/2018\/01\/IMG_5564.jpg?w=1880&amp;ssl=1 1880w\" sizes=\"auto, (max-width: 940px) 100vw, 940px\" \/><\/a><figcaption id=\"caption-attachment-13406\" class=\"wp-caption-text\">H\u00e5ll\u00f6 i Sverige i august 2017. Bes\u00f8ker gjerne denne \u00f8ya en gang til!<\/figcaption><\/figure>\n<h3>Related Images:<\/h3>","protected":false},"excerpt":{"rendered":"<p>Vurdering (5 anker er best): Posisjon: 58\u00b019&#8217;59.7&#8243;N 11\u00b013&#8217;5.6&#8243;E Antall bes\u00f8k: 1 Sist bes\u00f8kt: 13.-14.08.2017.&nbsp; Webkamera: 1 2 (flere valg) &#8211; Ingen viser dog havneomr\u00e5det. Fasiliteter: Toaletter. Mulig dusj kan l\u00e5nes p\u00e5 vandrerhjemmet? Kafe p\u00e5 vandrerhjemmet. Museum. Kapell. Fort\u00f8yning: Hovedsaklig med plugger\/ringer i fjellsiden. Jeg fikk ligge langsides ved en brygge som tilh\u00f8rte vandrerhjemmet p\u00e5 grunn &hellip;<br \/><a href=\"https:\/\/pequod.nesodd1.no\/?page_id=13138\" class=\"more-link pen_element_default pen_icon_arrow_double\">Les<\/a><\/p>\n","protected":false},"author":1,"featured_media":12877,"parent":5495,"menu_order":0,"comment_status":"closed","ping_status":"closed","template":"","meta":{"_crdt_document":"","ngg_post_thumbnail":0,"jetpack_post_was_ever_published":false,"footnotes":""},"class_list":["post-13138","page","type-page","status-publish","has-post-thumbnail","hentry"],"jetpack_shortlink":"https:\/\/wp.me\/P3Zd9b-3pU","jetpack_sharing_enabled":true,"jetpack_likes_enabled":true,"jetpack-related-posts":[],"_links":{"self":[{"href":"https:\/\/pequod.nesodd1.no\/index.php?rest_route=\/wp\/v2\/pages\/13138","targetHints":{"allow":["GET"]}}],"collection":[{"href":"https:\/\/pequod.nesodd1.no\/index.php?rest_route=\/wp\/v2\/pages"}],"about":[{"href":"https:\/\/pequod.nesodd1.no\/index.php?rest_route=\/wp\/v2\/types\/page"}],"author":[{"embeddable":true,"href":"https:\/\/pequod.nesodd1.no\/index.php?rest_route=\/wp\/v2\/users\/1"}],"replies":[{"embeddable":true,"href":"https:\/\/pequod.nesodd1.no\/index.php?rest_route=%2Fwp%2Fv2%2Fcomments&post=13138"}],"version-history":[{"count":11,"href":"https:\/\/pequod.nesodd1.no\/index.php?rest_route=\/wp\/v2\/pages\/13138\/revisions"}],"predecessor-version":[{"id":21285,"href":"https:\/\/pequod.nesodd1.no\/index.php?rest_route=\/wp\/v2\/pages\/13138\/revisions\/21285"}],"up":[{"embeddable":true,"href":"https:\/\/pequod.nesodd1.no\/index.php?rest_route=\/wp\/v2\/pages\/5495"}],"wp:featuredmedia":[{"embeddable":true,"href":"https:\/\/pequod.nesodd1.no\/index.php?rest_route=\/wp\/v2\/media\/12877"}],"wp:attachment":[{"href":"https:\/\/pequod.nesodd1.no\/index.php?rest_route=%2Fwp%2Fv2%2Fmedia&parent=13138"}],"curies":[{"name":"wp","href":"https:\/\/api.w.org\/{rel}","templated":true}]}}