{"id":13140,"date":"2018-07-13T10:25:49","date_gmt":"2018-07-13T08:25:49","guid":{"rendered":"https:\/\/pequod.nesodd1.no\/?page_id=13140"},"modified":"2022-08-07T14:59:53","modified_gmt":"2022-08-07T12:59:53","slug":"malmon-fiskehamnen-sverige","status":"publish","type":"page","link":"https:\/\/pequod.nesodd1.no\/?page_id=13140","title":{"rendered":"Malm\u00f6n\/Fiskehamnen (Sverige)"},"content":{"rendered":"<p><strong>Vurdering (5 anker er best): <a href=\"https:\/\/i0.wp.com\/pequod.nesodd1.no\/wp-content\/uploads\/2019\/10\/klistremerker-anker-og-tau-design.jpg.jpg?ssl=1\"><img data-recalc-dims=\"1\" loading=\"lazy\" decoding=\"async\" data-attachment-id=\"16489\" data-permalink=\"https:\/\/pequod.nesodd1.no\/?attachment_id=16489\" data-orig-file=\"https:\/\/i0.wp.com\/pequod.nesodd1.no\/wp-content\/uploads\/2019\/10\/klistremerker-anker-og-tau-design.jpg.jpg?fit=25%2C25&amp;ssl=1\" data-orig-size=\"25,25\" data-comments-opened=\"1\" data-image-meta=\"{&quot;aperture&quot;:&quot;0&quot;,&quot;credit&quot;:&quot;tribalium81&quot;,&quot;camera&quot;:&quot;&quot;,&quot;caption&quot;:&quot;&quot;,&quot;created_timestamp&quot;:&quot;0&quot;,&quot;copyright&quot;:&quot;tribalium81&quot;,&quot;focal_length&quot;:&quot;0&quot;,&quot;iso&quot;:&quot;0&quot;,&quot;shutter_speed&quot;:&quot;0&quot;,&quot;title&quot;:&quot;anchor and rope design&quot;,&quot;orientation&quot;:&quot;1&quot;}\" data-image-title=\"anchor and rope design\" data-image-description=\"\" data-image-caption=\"\" data-large-file=\"https:\/\/i0.wp.com\/pequod.nesodd1.no\/wp-content\/uploads\/2019\/10\/klistremerker-anker-og-tau-design.jpg.jpg?fit=25%2C25&amp;ssl=1\" class=\"alignnone size-full wp-image-16489\" src=\"https:\/\/i0.wp.com\/pequod.nesodd1.no\/wp-content\/uploads\/2019\/10\/klistremerker-anker-og-tau-design.jpg.jpg?resize=25%2C25&#038;ssl=1\" alt=\"\" width=\"25\" height=\"25\"><\/a><a href=\"https:\/\/i0.wp.com\/pequod.nesodd1.no\/wp-content\/uploads\/2019\/10\/klistremerker-anker-og-tau-design.jpg.jpg?ssl=1\"><img data-recalc-dims=\"1\" loading=\"lazy\" decoding=\"async\" data-attachment-id=\"16489\" data-permalink=\"https:\/\/pequod.nesodd1.no\/?attachment_id=16489\" data-orig-file=\"https:\/\/i0.wp.com\/pequod.nesodd1.no\/wp-content\/uploads\/2019\/10\/klistremerker-anker-og-tau-design.jpg.jpg?fit=25%2C25&amp;ssl=1\" data-orig-size=\"25,25\" data-comments-opened=\"1\" data-image-meta=\"{&quot;aperture&quot;:&quot;0&quot;,&quot;credit&quot;:&quot;tribalium81&quot;,&quot;camera&quot;:&quot;&quot;,&quot;caption&quot;:&quot;&quot;,&quot;created_timestamp&quot;:&quot;0&quot;,&quot;copyright&quot;:&quot;tribalium81&quot;,&quot;focal_length&quot;:&quot;0&quot;,&quot;iso&quot;:&quot;0&quot;,&quot;shutter_speed&quot;:&quot;0&quot;,&quot;title&quot;:&quot;anchor and rope design&quot;,&quot;orientation&quot;:&quot;1&quot;}\" data-image-title=\"anchor and rope design\" data-image-description=\"\" data-image-caption=\"\" data-large-file=\"https:\/\/i0.wp.com\/pequod.nesodd1.no\/wp-content\/uploads\/2019\/10\/klistremerker-anker-og-tau-design.jpg.jpg?fit=25%2C25&amp;ssl=1\" class=\"alignnone size-full wp-image-16489\" src=\"https:\/\/i0.wp.com\/pequod.nesodd1.no\/wp-content\/uploads\/2019\/10\/klistremerker-anker-og-tau-design.jpg.jpg?resize=25%2C25&#038;ssl=1\" alt=\"\" width=\"25\" height=\"25\"><\/a><a href=\"https:\/\/i0.wp.com\/pequod.nesodd1.no\/wp-content\/uploads\/2019\/10\/klistremerker-anker-og-tau-design.jpg.jpg?ssl=1\"><img data-recalc-dims=\"1\" loading=\"lazy\" decoding=\"async\" data-attachment-id=\"16489\" data-permalink=\"https:\/\/pequod.nesodd1.no\/?attachment_id=16489\" data-orig-file=\"https:\/\/i0.wp.com\/pequod.nesodd1.no\/wp-content\/uploads\/2019\/10\/klistremerker-anker-og-tau-design.jpg.jpg?fit=25%2C25&amp;ssl=1\" data-orig-size=\"25,25\" data-comments-opened=\"1\" data-image-meta=\"{&quot;aperture&quot;:&quot;0&quot;,&quot;credit&quot;:&quot;tribalium81&quot;,&quot;camera&quot;:&quot;&quot;,&quot;caption&quot;:&quot;&quot;,&quot;created_timestamp&quot;:&quot;0&quot;,&quot;copyright&quot;:&quot;tribalium81&quot;,&quot;focal_length&quot;:&quot;0&quot;,&quot;iso&quot;:&quot;0&quot;,&quot;shutter_speed&quot;:&quot;0&quot;,&quot;title&quot;:&quot;anchor and rope design&quot;,&quot;orientation&quot;:&quot;1&quot;}\" data-image-title=\"anchor and rope design\" data-image-description=\"\" data-image-caption=\"\" data-large-file=\"https:\/\/i0.wp.com\/pequod.nesodd1.no\/wp-content\/uploads\/2019\/10\/klistremerker-anker-og-tau-design.jpg.jpg?fit=25%2C25&amp;ssl=1\" class=\"alignnone size-full wp-image-16489\" src=\"https:\/\/i0.wp.com\/pequod.nesodd1.no\/wp-content\/uploads\/2019\/10\/klistremerker-anker-og-tau-design.jpg.jpg?resize=25%2C25&#038;ssl=1\" alt=\"\" width=\"25\" height=\"25\"><\/a><\/strong><br \/>\n<b>Posisjon:<\/b> 58\u00b020&#8217;47.0&#8243;N 11\u00b020&#8217;38.9&#8243;E<br \/>\n<b>Bes\u00f8kt antall ganger: <\/b>3&nbsp;<b>Sist bes\u00f8kt:<\/b> Juli 2022. <strong>Webkamera:<\/strong> <a href=\"http:\/\/www.bohusmalmonsservicetjanster.se\/bohus-malmon-webbkamera\" target=\"_blank\" rel=\"noopener noreferrer\">1<\/a><br \/>\n<b>Fasiliteter:<\/b> Str\u00f8m (50 kr ekstra), vann, s\u00f8ppel, dusj, wc.<br \/>\n<strong>Fort\u00f8yning:<\/strong>&nbsp;Langsides, b\u00e5s og baug mot brygge og anker akter.<br \/>\n<strong>Havneavgift:<\/strong> 365 SEK inkl, str\u00f8m i h\u00f8ysesongen, under halvparten i lavsesong. Betalingsautomaten for Fiskhamnen ligger inn til venstre hvis du ser p\u00e5 det eldste bildet.&nbsp;<br \/>\n<b>Tilrettelagt for funksjonshemmede:<\/b>: Nja. Der jeg l\u00e5 m\u00e5tte jeg klatre opp p\u00e5 brygga, s\u00e5 det var i alle fall ikke spesielt handicapvennlig. Har du en litt h\u00f8y b\u00e5t g\u00e5r det bra.<\/p>\n<figure id=\"attachment_14216\" aria-describedby=\"caption-attachment-14216\" style=\"width: 300px\" class=\"wp-caption alignleft\"><a href=\"https:\/\/pequod.nesodd1.no\/?attachment_id=14216\" rel=\"attachment wp-att-14216\"><img data-recalc-dims=\"1\" loading=\"lazy\" decoding=\"async\" data-attachment-id=\"14216\" data-permalink=\"https:\/\/pequod.nesodd1.no\/?attachment_id=14216\" data-orig-file=\"https:\/\/i0.wp.com\/pequod.nesodd1.no\/wp-content\/uploads\/2018\/07\/bergtatt_malmon2.jpg.455dbaea53de029d08c2a13711586568.jpg?fit=910%2C464&amp;ssl=1\" data-orig-size=\"910,464\" data-comments-opened=\"1\" data-image-meta=\"{&quot;aperture&quot;:&quot;0&quot;,&quot;credit&quot;:&quot;&quot;,&quot;camera&quot;:&quot;&quot;,&quot;caption&quot;:&quot;&quot;,&quot;created_timestamp&quot;:&quot;0&quot;,&quot;copyright&quot;:&quot;&quot;,&quot;focal_length&quot;:&quot;0&quot;,&quot;iso&quot;:&quot;0&quot;,&quot;shutter_speed&quot;:&quot;0&quot;,&quot;title&quot;:&quot;&quot;,&quot;orientation&quot;:&quot;0&quot;}\" data-image-title=\"bergtatt_malmon2.jpg.455dbaea53de029d08c2a13711586568\" data-image-description=\"&lt;p&gt;Bohus malm\u00f6n, diskhamnen&lt;\/p&gt;\n\" data-image-caption=\"&lt;p&gt;Gamleb\u00e5ten p\u00e5 favorittplassen i Fiskhamnen&lt;\/p&gt;\n\" data-large-file=\"https:\/\/i0.wp.com\/pequod.nesodd1.no\/wp-content\/uploads\/2018\/07\/bergtatt_malmon2.jpg.455dbaea53de029d08c2a13711586568.jpg?fit=910%2C464&amp;ssl=1\" class=\"wp-image-14216 size-medium\" src=\"https:\/\/i0.wp.com\/pequod.nesodd1.no\/wp-content\/uploads\/2018\/07\/bergtatt_malmon2.jpg.455dbaea53de029d08c2a13711586568.jpg?resize=300%2C153&#038;ssl=1\" alt=\"\" width=\"300\" height=\"153\" srcset=\"https:\/\/i0.wp.com\/pequod.nesodd1.no\/wp-content\/uploads\/2018\/07\/bergtatt_malmon2.jpg.455dbaea53de029d08c2a13711586568.jpg?resize=300%2C153&amp;ssl=1 300w, https:\/\/i0.wp.com\/pequod.nesodd1.no\/wp-content\/uploads\/2018\/07\/bergtatt_malmon2.jpg.455dbaea53de029d08c2a13711586568.jpg?resize=100%2C51&amp;ssl=1 100w, https:\/\/i0.wp.com\/pequod.nesodd1.no\/wp-content\/uploads\/2018\/07\/bergtatt_malmon2.jpg.455dbaea53de029d08c2a13711586568.jpg?resize=768%2C392&amp;ssl=1 768w, https:\/\/i0.wp.com\/pequod.nesodd1.no\/wp-content\/uploads\/2018\/07\/bergtatt_malmon2.jpg.455dbaea53de029d08c2a13711586568.jpg?w=910&amp;ssl=1 910w\" sizes=\"auto, (max-width: 300px) 100vw, 300px\" \/><\/a><figcaption id=\"caption-attachment-14216\" class=\"wp-caption-text\">Bergtatt I p\u00e5 bes\u00f8k i 2017.<\/figcaption><\/figure>\n<p>Ogs\u00e5 kjent som Bohus-Malm\u00f6n. Dette er s\u00e5 langt s\u00f8r jeg har v\u00e6rt i Sverige med snekka. Tok meg under \u00e9n time \u00e5 dra dit fra der jeg l\u00e5 p\u00e5 en privat og l\u00e5nt b\u00e5tplass ved Kungshamn. Ved mitt andre bes\u00f8k var det en overnatting f\u00f8r jeg fortsatte s\u00f8rover.<\/p>\n<p>Jeg la meg bak fyret longside ved en brygge rett overfor en holme med navnet Kalven. Lenger inn er det en sm\u00e5b\u00e5thavn med fiskeb\u00e5ter og litt andre b\u00e5ter, tror deler av den ogs\u00e5 er en gjestehavn. Jeg passerte den store gjestehavnen p\u00e5 styrbord side p\u00e5 vei inn til stedet som kalles Fiskehamnen. Det er litt mer rolig og koseligere enn den litt mer sentral passerte gjestehavna (Se <a href=\"https:\/\/pequod.nesodd1.no\/?page_id=24617\">marinaen<\/a>).<\/p>\n<figure id=\"attachment_16525\" aria-describedby=\"caption-attachment-16525\" style=\"width: 300px\" class=\"wp-caption alignright\"><a href=\"https:\/\/i0.wp.com\/pequod.nesodd1.no\/wp-content\/uploads\/2019\/10\/939A7429.jpg?ssl=1\"><img data-recalc-dims=\"1\" loading=\"lazy\" decoding=\"async\" data-attachment-id=\"16525\" data-permalink=\"https:\/\/pequod.nesodd1.no\/?attachment_id=16525\" data-orig-file=\"https:\/\/i0.wp.com\/pequod.nesodd1.no\/wp-content\/uploads\/2019\/10\/939A7429.jpg?fit=800%2C533&amp;ssl=1\" data-orig-size=\"800,533\" data-comments-opened=\"1\" data-image-meta=\"{&quot;aperture&quot;:&quot;6.3&quot;,&quot;credit&quot;:&quot;&quot;,&quot;camera&quot;:&quot;Canon EOS 5D Mark IV&quot;,&quot;caption&quot;:&quot;&quot;,&quot;created_timestamp&quot;:&quot;1565810825&quot;,&quot;copyright&quot;:&quot;&quot;,&quot;focal_length&quot;:&quot;85&quot;,&quot;iso&quot;:&quot;100&quot;,&quot;shutter_speed&quot;:&quot;0.0025&quot;,&quot;title&quot;:&quot;&quot;,&quot;orientation&quot;:&quot;1&quot;}\" data-image-title=\"939A7429\" data-image-description=\"&lt;p&gt;Bohus Malm\u00f6n, Sverige&lt;\/p&gt;\n\" data-image-caption=\"&lt;p&gt;Fort\u00f8yd p\u00e5 malm\u00f6n.&lt;\/p&gt;\n\" data-large-file=\"https:\/\/i0.wp.com\/pequod.nesodd1.no\/wp-content\/uploads\/2019\/10\/939A7429.jpg?fit=800%2C533&amp;ssl=1\" class=\"size-medium wp-image-16525\" src=\"https:\/\/i0.wp.com\/pequod.nesodd1.no\/wp-content\/uploads\/2019\/10\/939A7429.jpg?resize=300%2C200&#038;ssl=1\" alt=\"\" width=\"300\" height=\"200\" srcset=\"https:\/\/i0.wp.com\/pequod.nesodd1.no\/wp-content\/uploads\/2019\/10\/939A7429.jpg?resize=300%2C200&amp;ssl=1 300w, https:\/\/i0.wp.com\/pequod.nesodd1.no\/wp-content\/uploads\/2019\/10\/939A7429.jpg?resize=100%2C67&amp;ssl=1 100w, https:\/\/i0.wp.com\/pequod.nesodd1.no\/wp-content\/uploads\/2019\/10\/939A7429.jpg?resize=768%2C512&amp;ssl=1 768w, https:\/\/i0.wp.com\/pequod.nesodd1.no\/wp-content\/uploads\/2019\/10\/939A7429.jpg?w=800&amp;ssl=1 800w\" sizes=\"auto, (max-width: 300px) 100vw, 300px\" \/><\/a><figcaption id=\"caption-attachment-16525\" class=\"wp-caption-text\">Bergtatt II p\u00e5 bes\u00f8k i 2019<\/figcaption><\/figure>\n<p>Gikk p\u00e5 land og tok en liten tur rundt akkurat der jeg var. Helt innerst der automaten ligger er det dusj (tror jeg) og toalett.<\/p>\n<p>Veldig koselig \u00e5 ligge der jeg bruker \u00e5 legge meg, men det grunner litt nordover. Da jeg overnattet der i 2022 var det s\u00e5 vidt jeg unngikk \u00e5 g\u00e5 p\u00e5 grunn med akterenden. N\u00e5r jeg skulle dra m\u00e5tte jeg derfor bruke baugpropellen og styre b\u00e5ten for over for deretter \u00e5 snu baugen utover.<\/p>\n<p>Ville sittet fast hvis jeg hadde pr\u00f8vd \u00e5 bakke ut, men b\u00e5ten foran meg l\u00e5 litt for langt nordover&#8230; La meg s\u00e5 tett opptil den som mulig, s\u00e5 det gikk akkurat!<\/p>\n<p>Bildet fra 2017 er hentet fra et webkamera plassert p\u00e5 fyret rett imot. Takk til Lars H. som grabbet det for meg.<\/p>\n<p>Stedet er blitt et lite favorittsted for meg, stille og idyllisk.<\/p>\n<p>&nbsp;<\/p>\n<p><a href=\"https:\/\/i0.wp.com\/pequod.nesodd1.no\/wp-content\/uploads\/2017\/09\/IMG_5542.jpg?ssl=1\"><img data-recalc-dims=\"1\" loading=\"lazy\" decoding=\"async\" data-attachment-id=\"12852\" data-permalink=\"https:\/\/pequod.nesodd1.no\/?attachment_id=12852\" data-orig-file=\"https:\/\/i0.wp.com\/pequod.nesodd1.no\/wp-content\/uploads\/2017\/09\/IMG_5542.jpg?fit=640%2C480&amp;ssl=1\" data-orig-size=\"640,480\" data-comments-opened=\"1\" data-image-meta=\"{&quot;aperture&quot;:&quot;1.8&quot;,&quot;credit&quot;:&quot;&quot;,&quot;camera&quot;:&quot;iPhone 7&quot;,&quot;caption&quot;:&quot;&quot;,&quot;created_timestamp&quot;:&quot;1502570348&quot;,&quot;copyright&quot;:&quot;&quot;,&quot;focal_length&quot;:&quot;3.99&quot;,&quot;iso&quot;:&quot;25&quot;,&quot;shutter_speed&quot;:&quot;0.01&quot;,&quot;title&quot;:&quot;&quot;,&quot;orientation&quot;:&quot;1&quot;}\" data-image-title=\"IMG_5542\" data-image-description=\"&lt;p&gt;Malm\u00f6n, Sverige&lt;\/p&gt;\n\" data-image-caption=\"\" data-large-file=\"https:\/\/i0.wp.com\/pequod.nesodd1.no\/wp-content\/uploads\/2017\/09\/IMG_5542.jpg?fit=640%2C480&amp;ssl=1\" class=\"aligncenter wp-image-12852 size-full\" src=\"https:\/\/i0.wp.com\/pequod.nesodd1.no\/wp-content\/uploads\/2017\/09\/IMG_5542.jpg?resize=640%2C480&#038;ssl=1\" alt=\"\" width=\"640\" height=\"480\" srcset=\"https:\/\/i0.wp.com\/pequod.nesodd1.no\/wp-content\/uploads\/2017\/09\/IMG_5542.jpg?w=640&amp;ssl=1 640w, https:\/\/i0.wp.com\/pequod.nesodd1.no\/wp-content\/uploads\/2017\/09\/IMG_5542.jpg?resize=100%2C75&amp;ssl=1 100w, https:\/\/i0.wp.com\/pequod.nesodd1.no\/wp-content\/uploads\/2017\/09\/IMG_5542.jpg?resize=300%2C225&amp;ssl=1 300w\" sizes=\"auto, (max-width: 640px) 100vw, 640px\" \/><\/a><\/p>\n<h3>Related Images:<\/h3>","protected":false},"excerpt":{"rendered":"<p>Vurdering (5 anker er best): Posisjon: 58\u00b020&#8217;47.0&#8243;N 11\u00b020&#8217;38.9&#8243;E Bes\u00f8kt antall ganger: 3&nbsp;Sist bes\u00f8kt: Juli 2022. Webkamera: 1 Fasiliteter: Str\u00f8m (50 kr ekstra), vann, s\u00f8ppel, dusj, wc. Fort\u00f8yning:&nbsp;Langsides, b\u00e5s og baug mot brygge og anker akter. Havneavgift: 365 SEK inkl, str\u00f8m i h\u00f8ysesongen, under halvparten i lavsesong. Betalingsautomaten for Fiskhamnen ligger inn til venstre hvis du &hellip;<br \/><a href=\"https:\/\/pequod.nesodd1.no\/?page_id=13140\" class=\"more-link pen_element_default pen_icon_arrow_double\">Les<\/a><\/p>\n","protected":false},"author":1,"featured_media":16584,"parent":5493,"menu_order":0,"comment_status":"closed","ping_status":"closed","template":"","meta":{"_crdt_document":"","ngg_post_thumbnail":0,"jetpack_post_was_ever_published":false,"footnotes":""},"class_list":["post-13140","page","type-page","status-publish","has-post-thumbnail","hentry"],"jetpack_shortlink":"https:\/\/wp.me\/P3Zd9b-3pW","jetpack_sharing_enabled":true,"jetpack_likes_enabled":true,"jetpack-related-posts":[],"_links":{"self":[{"href":"https:\/\/pequod.nesodd1.no\/index.php?rest_route=\/wp\/v2\/pages\/13140","targetHints":{"allow":["GET"]}}],"collection":[{"href":"https:\/\/pequod.nesodd1.no\/index.php?rest_route=\/wp\/v2\/pages"}],"about":[{"href":"https:\/\/pequod.nesodd1.no\/index.php?rest_route=\/wp\/v2\/types\/page"}],"author":[{"embeddable":true,"href":"https:\/\/pequod.nesodd1.no\/index.php?rest_route=\/wp\/v2\/users\/1"}],"replies":[{"embeddable":true,"href":"https:\/\/pequod.nesodd1.no\/index.php?rest_route=%2Fwp%2Fv2%2Fcomments&post=13140"}],"version-history":[{"count":13,"href":"https:\/\/pequod.nesodd1.no\/index.php?rest_route=\/wp\/v2\/pages\/13140\/revisions"}],"predecessor-version":[{"id":24822,"href":"https:\/\/pequod.nesodd1.no\/index.php?rest_route=\/wp\/v2\/pages\/13140\/revisions\/24822"}],"up":[{"embeddable":true,"href":"https:\/\/pequod.nesodd1.no\/index.php?rest_route=\/wp\/v2\/pages\/5493"}],"wp:featuredmedia":[{"embeddable":true,"href":"https:\/\/pequod.nesodd1.no\/index.php?rest_route=\/wp\/v2\/media\/16584"}],"wp:attachment":[{"href":"https:\/\/pequod.nesodd1.no\/index.php?rest_route=%2Fwp%2Fv2%2Fmedia&parent=13140"}],"curies":[{"name":"wp","href":"https:\/\/api.w.org\/{rel}","templated":true}]}}