{"id":13142,"date":"2018-04-03T15:19:36","date_gmt":"2018-04-03T13:19:36","guid":{"rendered":"https:\/\/pequod.nesodd1.no\/?page_id=13142"},"modified":"2023-03-05T15:28:09","modified_gmt":"2023-03-05T14:28:09","slug":"horten-gjestehavn","status":"publish","type":"page","link":"https:\/\/pequod.nesodd1.no\/?page_id=13142","title":{"rendered":"Horten gjestehavn"},"content":{"rendered":"<p><strong>Vurdering (5 anker er best): <a href=\"https:\/\/i0.wp.com\/pequod.nesodd1.no\/wp-content\/uploads\/2019\/10\/klistremerker-anker-og-tau-design.jpg.jpg?ssl=1\"><img data-recalc-dims=\"1\" loading=\"lazy\" decoding=\"async\" data-attachment-id=\"16489\" data-permalink=\"https:\/\/pequod.nesodd1.no\/?attachment_id=16489\" data-orig-file=\"https:\/\/i0.wp.com\/pequod.nesodd1.no\/wp-content\/uploads\/2019\/10\/klistremerker-anker-og-tau-design.jpg.jpg?fit=25%2C25&amp;ssl=1\" data-orig-size=\"25,25\" data-comments-opened=\"1\" data-image-meta=\"{&quot;aperture&quot;:&quot;0&quot;,&quot;credit&quot;:&quot;tribalium81&quot;,&quot;camera&quot;:&quot;&quot;,&quot;caption&quot;:&quot;&quot;,&quot;created_timestamp&quot;:&quot;0&quot;,&quot;copyright&quot;:&quot;tribalium81&quot;,&quot;focal_length&quot;:&quot;0&quot;,&quot;iso&quot;:&quot;0&quot;,&quot;shutter_speed&quot;:&quot;0&quot;,&quot;title&quot;:&quot;anchor and rope design&quot;,&quot;orientation&quot;:&quot;1&quot;}\" data-image-title=\"anchor and rope design\" data-image-description=\"\" data-image-caption=\"\" data-medium-file=\"https:\/\/i0.wp.com\/pequod.nesodd1.no\/wp-content\/uploads\/2019\/10\/klistremerker-anker-og-tau-design.jpg.jpg?fit=25%2C25&amp;ssl=1\" data-large-file=\"https:\/\/i0.wp.com\/pequod.nesodd1.no\/wp-content\/uploads\/2019\/10\/klistremerker-anker-og-tau-design.jpg.jpg?fit=25%2C25&amp;ssl=1\" class=\"alignnone size-full wp-image-16489\" src=\"https:\/\/i0.wp.com\/pequod.nesodd1.no\/wp-content\/uploads\/2019\/10\/klistremerker-anker-og-tau-design.jpg.jpg?resize=25%2C25&#038;ssl=1\" alt=\"\" width=\"25\" height=\"25\"><\/a><a href=\"https:\/\/i0.wp.com\/pequod.nesodd1.no\/wp-content\/uploads\/2019\/10\/klistremerker-anker-og-tau-design.jpg.jpg?ssl=1\"><img data-recalc-dims=\"1\" loading=\"lazy\" decoding=\"async\" data-attachment-id=\"16489\" data-permalink=\"https:\/\/pequod.nesodd1.no\/?attachment_id=16489\" data-orig-file=\"https:\/\/i0.wp.com\/pequod.nesodd1.no\/wp-content\/uploads\/2019\/10\/klistremerker-anker-og-tau-design.jpg.jpg?fit=25%2C25&amp;ssl=1\" data-orig-size=\"25,25\" data-comments-opened=\"1\" data-image-meta=\"{&quot;aperture&quot;:&quot;0&quot;,&quot;credit&quot;:&quot;tribalium81&quot;,&quot;camera&quot;:&quot;&quot;,&quot;caption&quot;:&quot;&quot;,&quot;created_timestamp&quot;:&quot;0&quot;,&quot;copyright&quot;:&quot;tribalium81&quot;,&quot;focal_length&quot;:&quot;0&quot;,&quot;iso&quot;:&quot;0&quot;,&quot;shutter_speed&quot;:&quot;0&quot;,&quot;title&quot;:&quot;anchor and rope design&quot;,&quot;orientation&quot;:&quot;1&quot;}\" data-image-title=\"anchor and rope design\" data-image-description=\"\" data-image-caption=\"\" data-medium-file=\"https:\/\/i0.wp.com\/pequod.nesodd1.no\/wp-content\/uploads\/2019\/10\/klistremerker-anker-og-tau-design.jpg.jpg?fit=25%2C25&amp;ssl=1\" data-large-file=\"https:\/\/i0.wp.com\/pequod.nesodd1.no\/wp-content\/uploads\/2019\/10\/klistremerker-anker-og-tau-design.jpg.jpg?fit=25%2C25&amp;ssl=1\" class=\"alignnone size-full wp-image-16489\" src=\"https:\/\/i0.wp.com\/pequod.nesodd1.no\/wp-content\/uploads\/2019\/10\/klistremerker-anker-og-tau-design.jpg.jpg?resize=25%2C25&#038;ssl=1\" alt=\"\" width=\"25\" height=\"25\"><\/a><a href=\"https:\/\/i0.wp.com\/pequod.nesodd1.no\/wp-content\/uploads\/2019\/10\/klistremerker-anker-og-tau-design.jpg.jpg?ssl=1\"><img data-recalc-dims=\"1\" loading=\"lazy\" decoding=\"async\" data-attachment-id=\"16489\" data-permalink=\"https:\/\/pequod.nesodd1.no\/?attachment_id=16489\" data-orig-file=\"https:\/\/i0.wp.com\/pequod.nesodd1.no\/wp-content\/uploads\/2019\/10\/klistremerker-anker-og-tau-design.jpg.jpg?fit=25%2C25&amp;ssl=1\" data-orig-size=\"25,25\" data-comments-opened=\"1\" data-image-meta=\"{&quot;aperture&quot;:&quot;0&quot;,&quot;credit&quot;:&quot;tribalium81&quot;,&quot;camera&quot;:&quot;&quot;,&quot;caption&quot;:&quot;&quot;,&quot;created_timestamp&quot;:&quot;0&quot;,&quot;copyright&quot;:&quot;tribalium81&quot;,&quot;focal_length&quot;:&quot;0&quot;,&quot;iso&quot;:&quot;0&quot;,&quot;shutter_speed&quot;:&quot;0&quot;,&quot;title&quot;:&quot;anchor and rope design&quot;,&quot;orientation&quot;:&quot;1&quot;}\" data-image-title=\"anchor and rope design\" data-image-description=\"\" data-image-caption=\"\" data-medium-file=\"https:\/\/i0.wp.com\/pequod.nesodd1.no\/wp-content\/uploads\/2019\/10\/klistremerker-anker-og-tau-design.jpg.jpg?fit=25%2C25&amp;ssl=1\" data-large-file=\"https:\/\/i0.wp.com\/pequod.nesodd1.no\/wp-content\/uploads\/2019\/10\/klistremerker-anker-og-tau-design.jpg.jpg?fit=25%2C25&amp;ssl=1\" class=\"alignnone size-full wp-image-16489\" src=\"https:\/\/i0.wp.com\/pequod.nesodd1.no\/wp-content\/uploads\/2019\/10\/klistremerker-anker-og-tau-design.jpg.jpg?resize=25%2C25&#038;ssl=1\" alt=\"\" width=\"25\" height=\"25\"><\/a><\/strong><br \/>\n<strong>Posisjon:<\/strong> 59\u00b024&#8217;47.7&#8243;N 10\u00b029&#8217;21.9&#8243;E<br \/>\n<strong>Antall bes\u00f8k:<\/strong> 3 <strong>Sist bes\u00f8kt:<\/strong>&nbsp; 26. mai 2020&nbsp; <strong>Webkamera:<\/strong> <a href=\"https:\/\/www.hortenhavn.no\/webkamera\/horten\/\" target=\"_blank\" rel=\"noopener noreferrer\">1<\/a>&nbsp; <a title=\"Sykehusbrygga\" href=\"https:\/\/www.hortenhavn.no\/fritidsbat\/horten-gjestehavn\/\" target=\"_blank\" rel=\"noopener noreferrer\">Hjemmeside<\/a><br \/>\n<strong>Fasiliteter:<\/strong>&nbsp;Toalett, dusj, str\u00f8m og vann. Kafeer og butikker i umiddelbar n\u00e6rhet.<br \/>\n<strong>Havneavgift (for 29-foter):<\/strong> 215 NOK d\u00f8gn. Automat. Dockspot.<br \/>\n<b>Fort\u00f8yning:&nbsp;<\/b>Langsides og i b\u00e5s.<br \/>\n<b>Tilrettelagt for funksjonshemmede:<\/b>&nbsp;Tja. Standard opplegg med flytebrygge og landgang som man kan skyve opp en rullestol. Ved flo kan det bli bratt.<br \/>\n<a href=\"https:\/\/pequod.nesodd1.no\/?attachment_id=12932\"><img data-recalc-dims=\"1\" loading=\"lazy\" decoding=\"async\" data-attachment-id=\"12932\" data-permalink=\"https:\/\/pequod.nesodd1.no\/?attachment_id=12932\" data-orig-file=\"https:\/\/i0.wp.com\/pequod.nesodd1.no\/wp-content\/uploads\/2017\/10\/horten.jpg?fit=640%2C464&amp;ssl=1\" data-orig-size=\"640,464\" data-comments-opened=\"1\" data-image-meta=\"{&quot;aperture&quot;:&quot;1.8&quot;,&quot;credit&quot;:&quot;&quot;,&quot;camera&quot;:&quot;iPhone 7&quot;,&quot;caption&quot;:&quot;&quot;,&quot;created_timestamp&quot;:&quot;1502964674&quot;,&quot;copyright&quot;:&quot;&quot;,&quot;focal_length&quot;:&quot;3.99&quot;,&quot;iso&quot;:&quot;25&quot;,&quot;shutter_speed&quot;:&quot;0.000135007425408&quot;,&quot;title&quot;:&quot;&quot;,&quot;orientation&quot;:&quot;0&quot;}\" data-image-title=\"horten\" data-image-description=\"&lt;p&gt;Horten&lt;\/p&gt;\n\" data-image-caption=\"\" data-medium-file=\"https:\/\/i0.wp.com\/pequod.nesodd1.no\/wp-content\/uploads\/2017\/10\/horten.jpg?fit=300%2C218&amp;ssl=1\" data-large-file=\"https:\/\/i0.wp.com\/pequod.nesodd1.no\/wp-content\/uploads\/2017\/10\/horten.jpg?fit=640%2C464&amp;ssl=1\" class=\"wp-image-12932 size-medium alignleft\" src=\"https:\/\/i0.wp.com\/pequod.nesodd1.no\/wp-content\/uploads\/2017\/10\/horten-300x218.jpg?resize=300%2C218\" alt=\"\" width=\"300\" height=\"218\" data-attachment-id=\"5644\" data-permalink=\"https:\/\/pequod.nesodd1.no\/?attachment_id=5644\" data-orig-file=\"https:\/\/i0.wp.com\/pequod.nesodd1.no\/wp-content\/uploads\/2014\/10\/sykehusbrygga-e1413705954458.jpg?fit=800%2C600\" data-orig-size=\"800,600\" data-comments-opened=\"1\" data-image-meta=\"{&quot;aperture&quot;:&quot;2.2&quot;,&quot;credit&quot;:&quot;&quot;,&quot;camera&quot;:&quot;iPhone 5s&quot;,&quot;caption&quot;:&quot;&quot;,&quot;created_timestamp&quot;:&quot;1413108257&quot;,&quot;copyright&quot;:&quot;&quot;,&quot;focal_length&quot;:&quot;4.12&quot;,&quot;iso&quot;:&quot;32&quot;,&quot;shutter_speed&quot;:&quot;0.000780031201248&quot;,&quot;title&quot;:&quot;&quot;,&quot;orientation&quot;:&quot;1&quot;}\" data-image-title=\"sykehusbrygga\" data-image-description=\"\" data-medium-file=\"https:\/\/i0.wp.com\/pequod.nesodd1.no\/wp-content\/uploads\/2014\/10\/sykehusbrygga-e1413705954458.jpg?fit=300%2C225\" data-large-file=\"https:\/\/i0.wp.com\/pequod.nesodd1.no\/wp-content\/uploads\/2014\/10\/sykehusbrygga-e1413705954458.jpg?fit=1024%2C768\" srcset=\"https:\/\/i0.wp.com\/pequod.nesodd1.no\/wp-content\/uploads\/2017\/10\/horten.jpg?resize=300%2C218&amp;ssl=1 300w, https:\/\/i0.wp.com\/pequod.nesodd1.no\/wp-content\/uploads\/2017\/10\/horten.jpg?resize=100%2C73&amp;ssl=1 100w, https:\/\/i0.wp.com\/pequod.nesodd1.no\/wp-content\/uploads\/2017\/10\/horten.jpg?w=640&amp;ssl=1 640w\" sizes=\"auto, (max-width: 300px) 100vw, 300px\" \/><\/a><\/p>\n<p>Overnattet her p\u00e5 vei hjem fra Sverigetur. I midten av august og i midten av uka var det nok av plass. Str\u00f8mmen p\u00e5 stolpen hos meg virket imidlertid ikke, s\u00e5 jeg ringte havnevakta p\u00e5 mobil, og han kunne tydeligvis sjekke p\u00e5 nettet at det skulle v\u00e6re str\u00f8m der. S\u00e5 da ba han meg om \u00e5 skru opp den lille d\u00f8ra p\u00e5 selve stolpen, og ganske riktig, sikringen p\u00e5 akkurat den ene kursen jeg hadde koblet meg til var g\u00e5tt! S\u00e5 da var da bare \u00e5 dytte den opp igjen, og voila! Str\u00f8mmen kom!<\/p>\n<p>Valgte \u00e5 legge meg inntil en fast bryggekant slik at jeg kunne ligge longside ettersom de andre plassene alle var b\u00e5splasser, s\u00e5 da ble det litt klatring, men ikke verre enn at jeg kunne leve med det. L\u00e5 like ved Peppes, det gikk greit en litt gr\u00e5 hverdag i august, men sannsynligvis ganske br\u00e5kete en l\u00f8rdagskveld i juli med full sol&#8230;<\/p>\n<p>Ellers ligger gjestehavna omtrent midt i sentrum, s\u00e5 det er kort vei til det meste.<\/p>\n<p>Har ligget er et par ganger til og str\u00f8msystemet er litt spesielt. N\u00e5r du legger deg til i b\u00e5s eller langs kaikant, m\u00e5 du legge merke til nummeret p\u00e5 str\u00f8mstolpen. N\u00e5r du betaler for str\u00f8m m\u00e5 du nemlig taste inn hvor du ligger og deretter velge hvilken kontakt du skal benytte.<\/p>\n<p>Denne havna er egentlig ikke noen stor favoritt hos meg, jeg foretrekker \u00e5 ligge ved <a href=\"https:\/\/pequod.nesodd1.no\/?page_id=5639\">Sykehusbrygga<\/a> (selv om det ikke er str\u00f8m der), da er det kort vei til den kanskje mer interessante delen av byen for en som er turist&#8230;<\/p>\n<p>Synes blant annet at det er langt til n\u00e6rmeste dagligvarebutikk her fra gjestehavna. Det er riktignok et lite kj\u00f8pesenter rett overfor gjestehavna, men det er et kj\u00f8pesenter uten en dagligvarebutikk! Trodde ikke det fantes et senter uten det! N\u00e6rmeste blir da enten Rema i Lystlunden eller Prix og Spar opp i gatene bak kj\u00f8pesenteret. Ankommer du p\u00e5 en s\u00f8ndag ligger det en s\u00f8ndags\u00e5pen Rema-butikk i kj\u00f8pesenteret Linden Park &#8211; et godt stykke \u00e5 g\u00e5.<\/p>\n<figure id=\"attachment_15207\" aria-describedby=\"caption-attachment-15207\" style=\"width: 800px\" class=\"wp-caption aligncenter\"><a href=\"https:\/\/i0.wp.com\/pequod.nesodd1.no\/wp-content\/uploads\/2018\/11\/3785.jpg?ssl=1\"><img data-recalc-dims=\"1\" loading=\"lazy\" decoding=\"async\" data-attachment-id=\"15207\" data-permalink=\"https:\/\/pequod.nesodd1.no\/?attachment_id=15207\" data-orig-file=\"https:\/\/i0.wp.com\/pequod.nesodd1.no\/wp-content\/uploads\/2018\/11\/3785.jpg?fit=800%2C600&amp;ssl=1\" data-orig-size=\"800,600\" data-comments-opened=\"1\" data-image-meta=\"{&quot;aperture&quot;:&quot;2.8&quot;,&quot;credit&quot;:&quot;&quot;,&quot;camera&quot;:&quot;iPhone 8 Plus&quot;,&quot;caption&quot;:&quot;&quot;,&quot;created_timestamp&quot;:&quot;1535914402&quot;,&quot;copyright&quot;:&quot;&quot;,&quot;focal_length&quot;:&quot;6.6&quot;,&quot;iso&quot;:&quot;20&quot;,&quot;shutter_speed&quot;:&quot;0.00093808630394&quot;,&quot;title&quot;:&quot;&quot;,&quot;orientation&quot;:&quot;1&quot;}\" data-image-title=\"3785\" data-image-description=\"&lt;p&gt;Horten&lt;\/p&gt;\n\" data-image-caption=\"&lt;p&gt;Bergtatt fort\u00f8yd i Horten, etter en ikke helt elegant tillegging&amp;#8230;&lt;\/p&gt;\n\" data-medium-file=\"https:\/\/i0.wp.com\/pequod.nesodd1.no\/wp-content\/uploads\/2018\/11\/3785.jpg?fit=300%2C225&amp;ssl=1\" data-large-file=\"https:\/\/i0.wp.com\/pequod.nesodd1.no\/wp-content\/uploads\/2018\/11\/3785.jpg?fit=800%2C600&amp;ssl=1\" class=\"size-full wp-image-15207\" src=\"https:\/\/i0.wp.com\/pequod.nesodd1.no\/wp-content\/uploads\/2018\/11\/3785.jpg?resize=800%2C600&#038;ssl=1\" alt=\"\" width=\"800\" height=\"600\" srcset=\"https:\/\/i0.wp.com\/pequod.nesodd1.no\/wp-content\/uploads\/2018\/11\/3785.jpg?w=800&amp;ssl=1 800w, https:\/\/i0.wp.com\/pequod.nesodd1.no\/wp-content\/uploads\/2018\/11\/3785.jpg?resize=100%2C75&amp;ssl=1 100w, https:\/\/i0.wp.com\/pequod.nesodd1.no\/wp-content\/uploads\/2018\/11\/3785.jpg?resize=300%2C225&amp;ssl=1 300w, https:\/\/i0.wp.com\/pequod.nesodd1.no\/wp-content\/uploads\/2018\/11\/3785.jpg?resize=768%2C576&amp;ssl=1 768w\" sizes=\"auto, (max-width: 800px) 100vw, 800px\" \/><\/a><figcaption id=\"caption-attachment-15207\" class=\"wp-caption-text\">Bergtatt fort\u00f8yd i Horten p\u00e5 mitt andre bes\u00f8k, etter en ikke helt elegant tillegging&#8230;<\/figcaption><\/figure>\n<h3>Related Images:<\/h3>","protected":false},"excerpt":{"rendered":"<p>Vurdering (5 anker er best): Posisjon: 59\u00b024&#8217;47.7&#8243;N 10\u00b029&#8217;21.9&#8243;E Antall bes\u00f8k: 3 Sist bes\u00f8kt:&nbsp; 26. mai 2020&nbsp; Webkamera: 1&nbsp; Hjemmeside Fasiliteter:&nbsp;Toalett, dusj, str\u00f8m og vann. Kafeer og butikker i umiddelbar n\u00e6rhet. Havneavgift (for 29-foter): 215 NOK d\u00f8gn. Automat. Dockspot. Fort\u00f8yning:&nbsp;Langsides og i b\u00e5s. Tilrettelagt for funksjonshemmede:&nbsp;Tja. Standard opplegg med flytebrygge og landgang som man kan skyve &hellip;<br \/><a href=\"https:\/\/pequod.nesodd1.no\/?page_id=13142\" class=\"more-link pen_element_default pen_icon_arrow_double\">Les<\/a><\/p>\n","protected":false},"author":1,"featured_media":15615,"parent":5493,"menu_order":0,"comment_status":"closed","ping_status":"closed","template":"","meta":{"_crdt_document":"","ngg_post_thumbnail":0,"jetpack_post_was_ever_published":false,"footnotes":""},"class_list":["post-13142","page","type-page","status-publish","has-post-thumbnail","hentry"],"jetpack_shortlink":"https:\/\/wp.me\/P3Zd9b-3pY","jetpack_sharing_enabled":true,"jetpack_likes_enabled":true,"jetpack-related-posts":[],"_links":{"self":[{"href":"https:\/\/pequod.nesodd1.no\/index.php?rest_route=\/wp\/v2\/pages\/13142","targetHints":{"allow":["GET"]}}],"collection":[{"href":"https:\/\/pequod.nesodd1.no\/index.php?rest_route=\/wp\/v2\/pages"}],"about":[{"href":"https:\/\/pequod.nesodd1.no\/index.php?rest_route=\/wp\/v2\/types\/page"}],"author":[{"embeddable":true,"href":"https:\/\/pequod.nesodd1.no\/index.php?rest_route=\/wp\/v2\/users\/1"}],"replies":[{"embeddable":true,"href":"https:\/\/pequod.nesodd1.no\/index.php?rest_route=%2Fwp%2Fv2%2Fcomments&post=13142"}],"version-history":[{"count":14,"href":"https:\/\/pequod.nesodd1.no\/index.php?rest_route=\/wp\/v2\/pages\/13142\/revisions"}],"predecessor-version":[{"id":26137,"href":"https:\/\/pequod.nesodd1.no\/index.php?rest_route=\/wp\/v2\/pages\/13142\/revisions\/26137"}],"up":[{"embeddable":true,"href":"https:\/\/pequod.nesodd1.no\/index.php?rest_route=\/wp\/v2\/pages\/5493"}],"wp:featuredmedia":[{"embeddable":true,"href":"https:\/\/pequod.nesodd1.no\/index.php?rest_route=\/wp\/v2\/media\/15615"}],"wp:attachment":[{"href":"https:\/\/pequod.nesodd1.no\/index.php?rest_route=%2Fwp%2Fv2%2Fmedia&parent=13142"}],"curies":[{"name":"wp","href":"https:\/\/api.w.org\/{rel}","templated":true}]}}