{"id":1336,"date":"2013-12-16T00:30:03","date_gmt":"2013-12-15T23:30:03","guid":{"rendered":"https:\/\/pequod.nesodd1.no\/?page_id=1336"},"modified":"2014-11-29T02:20:38","modified_gmt":"2014-11-29T01:20:38","slug":"rundtur-15-desember","status":"publish","type":"page","link":"https:\/\/pequod.nesodd1.no\/?page_id=1336","title":{"rendered":"Rundtur 15. desember"},"content":{"rendered":"<p>Kanskje siste tur i \u00e5r? Det er meldt mildv\u00e6r til uka ogs\u00e5, s\u00e5 skr\u00e5sikker skal jeg ikke v\u00e6re! Ut fra Oksval mot Lind\u00f8ya, deretter over til Kongen og s\u00e5 langs Bygd\u00f8yneset, forbi Dyna fyr og Huk, over Lysakerfjorden til Vassholmene, inn Snar\u00f8ysundet der jeg snudde og kj\u00f8rte via Vassholmene over til Nesoddtangen og tilbake til Oksval.<\/p>\n\n            <!-- Blueimp gallery -->\n            <div id=\"blueimp-gallery-6308\" class=\"blueimp-gallery blueimp-gallery-controls\">\n                <div class=\"slides\"><\/div>\n                <h3 class=\"title\"><\/h3>\n                <a class=\"prev\">\u2039<\/a>\n                <a class=\"next\">\u203a<\/a>\n                <a class=\"close\">\u00d7<\/a>\n                <a class=\"play-pause\"><\/a>\n                <ol class=\"indicator\"><\/ol>\n                <div class=\"modal fade\">\n                    <div class=\"modal-dialog\">\n                        <div class=\"modal-content\">\n                            <div class=\"modal-header\">\n                                <button type=\"button\" class=\"close\" aria-hidden=\"true\">\u00d7<\/button>\n                                <h4 class=\"modal-title\"><\/h4>\n                            <\/div>\n                            <div class=\"modal-body next\"><\/div>\n                            <div class=\"modal-footer\">\n                                <button type=\"button\" class=\"btn btn-default pull-left prev\">\n                                    <i class=\"glyphicon glyphicon-chevron-left\"><\/i>\n                                    Previous                                <\/button>\n                                <button type=\"button\" class=\"btn btn-primary next\">\n                                    Next                                    <i class=\"glyphicon glyphicon-chevron-right\"><\/i>\n                                <\/button>\n                            <\/div>\n                        <\/div>\n                    <\/div>\n                <\/div>\n            <\/div>\n\n            <script data-jetpack-boost=\"ignore\" type=\"text\/javascript\">\n            jQuery(function() {\n                jQuery.extend(blueimp.Gallery.prototype.options, {\n                    useBootstrapModal: false,\n                    hidePageScrollbars: false,\n                    container: \"#blueimp-gallery-6308\",\n                });\n            });\n            <\/script>\n\n            \n<h3>Related Images:<\/h3>","protected":false},"excerpt":{"rendered":"<p>Kanskje siste tur i \u00e5r? Det er meldt mildv\u00e6r til uka ogs\u00e5, s\u00e5 skr\u00e5sikker skal jeg ikke v\u00e6re! Ut fra Oksval mot Lind\u00f8ya, deretter over til Kongen og s\u00e5 langs Bygd\u00f8yneset, forbi Dyna fyr og Huk, over Lysakerfjorden til Vassholmene, inn Snar\u00f8ysundet der jeg snudde og kj\u00f8rte via Vassholmene over til Nesoddtangen og tilbake til &hellip;<br \/><a href=\"https:\/\/pequod.nesodd1.no\/?p=6308\" class=\"more-link pen_element_default pen_icon_arrow_double\">Les<\/a><\/p>\n","protected":false},"author":1,"featured_media":0,"parent":122,"menu_order":0,"comment_status":"open","ping_status":"open","template":"","meta":{"_crdt_document":"","ngg_post_thumbnail":0,"jetpack_post_was_ever_published":false,"footnotes":""},"class_list":["post-1336","page","type-page","status-publish","hentry"],"jetpack_shortlink":"https:\/\/wp.me\/P3Zd9b-ly","jetpack_sharing_enabled":true,"jetpack_likes_enabled":true,"jetpack-related-posts":[],"_links":{"self":[{"href":"https:\/\/pequod.nesodd1.no\/index.php?rest_route=\/wp\/v2\/pages\/1336","targetHints":{"allow":["GET"]}}],"collection":[{"href":"https:\/\/pequod.nesodd1.no\/index.php?rest_route=\/wp\/v2\/pages"}],"about":[{"href":"https:\/\/pequod.nesodd1.no\/index.php?rest_route=\/wp\/v2\/types\/page"}],"author":[{"embeddable":true,"href":"https:\/\/pequod.nesodd1.no\/index.php?rest_route=\/wp\/v2\/users\/1"}],"replies":[{"embeddable":true,"href":"https:\/\/pequod.nesodd1.no\/index.php?rest_route=%2Fwp%2Fv2%2Fcomments&post=1336"}],"version-history":[{"count":2,"href":"https:\/\/pequod.nesodd1.no\/index.php?rest_route=\/wp\/v2\/pages\/1336\/revisions"}],"predecessor-version":[{"id":6309,"href":"https:\/\/pequod.nesodd1.no\/index.php?rest_route=\/wp\/v2\/pages\/1336\/revisions\/6309"}],"up":[{"embeddable":true,"href":"https:\/\/pequod.nesodd1.no\/index.php?rest_route=\/wp\/v2\/pages\/122"}],"wp:attachment":[{"href":"https:\/\/pequod.nesodd1.no\/index.php?rest_route=%2Fwp%2Fv2%2Fmedia&parent=1336"}],"curies":[{"name":"wp","href":"https:\/\/api.w.org\/{rel}","templated":true}]}}