{"id":13878,"date":"2018-04-03T16:06:55","date_gmt":"2018-04-03T14:06:55","guid":{"rendered":"https:\/\/pequod.nesodd1.no\/?page_id=13878"},"modified":"2025-09-18T17:44:33","modified_gmt":"2025-09-18T15:44:33","slug":"kragero-gjestehavn","status":"publish","type":"page","link":"https:\/\/pequod.nesodd1.no\/?page_id=13878","title":{"rendered":"Krager\u00f8 gjestehavn"},"content":{"rendered":"<p><strong>Vurdering (5 anker er best): <a href=\"https:\/\/i0.wp.com\/pequod.nesodd1.no\/wp-content\/uploads\/2019\/10\/klistremerker-anker-og-tau-design.jpg.jpg?ssl=1\"><img data-recalc-dims=\"1\" loading=\"lazy\" decoding=\"async\" data-attachment-id=\"16489\" data-permalink=\"https:\/\/pequod.nesodd1.no\/?attachment_id=16489\" data-orig-file=\"https:\/\/i0.wp.com\/pequod.nesodd1.no\/wp-content\/uploads\/2019\/10\/klistremerker-anker-og-tau-design.jpg.jpg?fit=25%2C25&amp;ssl=1\" data-orig-size=\"25,25\" data-comments-opened=\"1\" data-image-meta=\"{&quot;aperture&quot;:&quot;0&quot;,&quot;credit&quot;:&quot;tribalium81&quot;,&quot;camera&quot;:&quot;&quot;,&quot;caption&quot;:&quot;&quot;,&quot;created_timestamp&quot;:&quot;0&quot;,&quot;copyright&quot;:&quot;tribalium81&quot;,&quot;focal_length&quot;:&quot;0&quot;,&quot;iso&quot;:&quot;0&quot;,&quot;shutter_speed&quot;:&quot;0&quot;,&quot;title&quot;:&quot;anchor and rope design&quot;,&quot;orientation&quot;:&quot;1&quot;}\" data-image-title=\"anchor and rope design\" data-image-description=\"\" data-image-caption=\"\" data-medium-file=\"https:\/\/i0.wp.com\/pequod.nesodd1.no\/wp-content\/uploads\/2019\/10\/klistremerker-anker-og-tau-design.jpg.jpg?fit=25%2C25&amp;ssl=1\" data-large-file=\"https:\/\/i0.wp.com\/pequod.nesodd1.no\/wp-content\/uploads\/2019\/10\/klistremerker-anker-og-tau-design.jpg.jpg?fit=25%2C25&amp;ssl=1\" class=\"alignnone size-full wp-image-16489\" src=\"https:\/\/i0.wp.com\/pequod.nesodd1.no\/wp-content\/uploads\/2019\/10\/klistremerker-anker-og-tau-design.jpg.jpg?resize=25%2C25&#038;ssl=1\" alt=\"\" width=\"25\" height=\"25\"><\/a><a href=\"https:\/\/i0.wp.com\/pequod.nesodd1.no\/wp-content\/uploads\/2019\/10\/klistremerker-anker-og-tau-design.jpg.jpg?ssl=1\"><img data-recalc-dims=\"1\" loading=\"lazy\" decoding=\"async\" data-attachment-id=\"16489\" data-permalink=\"https:\/\/pequod.nesodd1.no\/?attachment_id=16489\" data-orig-file=\"https:\/\/i0.wp.com\/pequod.nesodd1.no\/wp-content\/uploads\/2019\/10\/klistremerker-anker-og-tau-design.jpg.jpg?fit=25%2C25&amp;ssl=1\" data-orig-size=\"25,25\" data-comments-opened=\"1\" data-image-meta=\"{&quot;aperture&quot;:&quot;0&quot;,&quot;credit&quot;:&quot;tribalium81&quot;,&quot;camera&quot;:&quot;&quot;,&quot;caption&quot;:&quot;&quot;,&quot;created_timestamp&quot;:&quot;0&quot;,&quot;copyright&quot;:&quot;tribalium81&quot;,&quot;focal_length&quot;:&quot;0&quot;,&quot;iso&quot;:&quot;0&quot;,&quot;shutter_speed&quot;:&quot;0&quot;,&quot;title&quot;:&quot;anchor and rope design&quot;,&quot;orientation&quot;:&quot;1&quot;}\" data-image-title=\"anchor and rope design\" data-image-description=\"\" data-image-caption=\"\" data-medium-file=\"https:\/\/i0.wp.com\/pequod.nesodd1.no\/wp-content\/uploads\/2019\/10\/klistremerker-anker-og-tau-design.jpg.jpg?fit=25%2C25&amp;ssl=1\" data-large-file=\"https:\/\/i0.wp.com\/pequod.nesodd1.no\/wp-content\/uploads\/2019\/10\/klistremerker-anker-og-tau-design.jpg.jpg?fit=25%2C25&amp;ssl=1\" class=\"alignnone size-full wp-image-16489\" src=\"https:\/\/i0.wp.com\/pequod.nesodd1.no\/wp-content\/uploads\/2019\/10\/klistremerker-anker-og-tau-design.jpg.jpg?resize=25%2C25&#038;ssl=1\" alt=\"\" width=\"25\" height=\"25\"><\/a><\/strong><br \/>\n<strong>Posisjon:<\/strong> Gunnarsholmen: 58\u00b051&#8217;54.7&#8243;N 9\u00b024&#8217;40.1&#8243;E &#8211;&nbsp; Ved RS: 58\u00b052&#8217;8.0&#8243;N 9\u00b024&#8217;56.1&#8243;E<br \/>\n<strong>Antall bes\u00f8k<\/strong>: 5 <strong>Sist bes\u00f8kt:<\/strong> August 2019 <strong>Webkamera:<\/strong> Nei. Hjemmeside kan du finne ut sj\u00f8l, jeg gidder ikke promotere svindlere.<br \/>\n<strong>Fasiliteter:<\/strong> Toalett, dusj, str\u00f8m og vann. Kafeer og butikker i umiddelbar n\u00e6rhet. Sanit\u00e6ranlegget ligger ute p\u00e5 Gunnarsholmen og det er et lite stykke \u00e5 g\u00e5, men det er samtidig et av de beste jeg har sett. Mulighet for drivstoffylling p\u00e5 andre siden av sundet, selv om det var ganske s\u00e5 dyrt der&#8230; (Krager\u00f8 Marine Service).<br \/>\n<strong>Havneavgift (for 29-foter):<\/strong> 374 NOK d\u00f8gn (2025)! Automat. Og dette gjelder fra 1. mars til 1. november! Kj\u00f8r forbi!&nbsp;<br \/>\n<strong>Fort\u00f8yning:<\/strong> Langsides og i b\u00e5s.<br \/>\n<strong>Tilrettelagt for funksjonshemmede:<\/strong>&nbsp; Standard opplegg med flytebrygge og landgang som man kan skyve opp en rullestol. Ved flo kan det bli bratt. Toalettanlegget p\u00e5 Gunnarsholmen er imidlertid det beste jeg har sett med tanke p\u00e5 funksjonshemmede, b\u00e5de dostol og dusjstol var p\u00e5 plass. Stjerne i boka.<\/p>\n<figure id=\"attachment_13062\" aria-describedby=\"caption-attachment-13062\" style=\"width: 300px\" class=\"wp-caption alignleft\"><a href=\"https:\/\/pequod.nesodd1.no\/?attachment_id=13062\" rel=\"attachment wp-att-13062\"><img data-recalc-dims=\"1\" loading=\"lazy\" decoding=\"async\" data-attachment-id=\"13062\" data-permalink=\"https:\/\/pequod.nesodd1.no\/?attachment_id=13062\" data-orig-file=\"https:\/\/i0.wp.com\/pequod.nesodd1.no\/wp-content\/uploads\/2017\/11\/img_6529.jpg?fit=1200%2C900&amp;ssl=1\" data-orig-size=\"1200,900\" data-comments-opened=\"1\" data-image-meta=\"{&quot;aperture&quot;:&quot;1.8&quot;,&quot;credit&quot;:&quot;&quot;,&quot;camera&quot;:&quot;iPhone 7&quot;,&quot;caption&quot;:&quot;&quot;,&quot;created_timestamp&quot;:&quot;1504533650&quot;,&quot;copyright&quot;:&quot;&quot;,&quot;focal_length&quot;:&quot;3.99&quot;,&quot;iso&quot;:&quot;80&quot;,&quot;shutter_speed&quot;:&quot;0.0588235294118&quot;,&quot;title&quot;:&quot;&quot;,&quot;orientation&quot;:&quot;1&quot;}\" data-image-title=\"img_6529.jpg\" data-image-description=\"&lt;p&gt;Krager\u00f8&lt;\/p&gt;\n\" data-image-caption=\"&lt;p&gt;Handicaptoalettet p\u00e5 Gunnarsholmen, meget bra!&lt;\/p&gt;\n\" data-medium-file=\"https:\/\/i0.wp.com\/pequod.nesodd1.no\/wp-content\/uploads\/2017\/11\/img_6529.jpg?fit=300%2C225&amp;ssl=1\" data-large-file=\"https:\/\/i0.wp.com\/pequod.nesodd1.no\/wp-content\/uploads\/2017\/11\/img_6529.jpg?fit=940%2C705&amp;ssl=1\" class=\"size-medium wp-image-13062\" src=\"https:\/\/i0.wp.com\/pequod.nesodd1.no\/wp-content\/uploads\/2017\/11\/img_6529-300x225.jpg?resize=300%2C225\" alt=\"\" width=\"300\" height=\"225\" srcset=\"https:\/\/i0.wp.com\/pequod.nesodd1.no\/wp-content\/uploads\/2017\/11\/img_6529.jpg?resize=300%2C225&amp;ssl=1 300w, https:\/\/i0.wp.com\/pequod.nesodd1.no\/wp-content\/uploads\/2017\/11\/img_6529.jpg?resize=100%2C75&amp;ssl=1 100w, https:\/\/i0.wp.com\/pequod.nesodd1.no\/wp-content\/uploads\/2017\/11\/img_6529.jpg?resize=768%2C576&amp;ssl=1 768w, https:\/\/i0.wp.com\/pequod.nesodd1.no\/wp-content\/uploads\/2017\/11\/img_6529.jpg?resize=1024%2C768&amp;ssl=1 1024w, https:\/\/i0.wp.com\/pequod.nesodd1.no\/wp-content\/uploads\/2017\/11\/img_6529.jpg?w=1200&amp;ssl=1 1200w\" sizes=\"auto, (max-width: 300px) 100vw, 300px\" \/><\/a><figcaption id=\"caption-attachment-13062\" class=\"wp-caption-text\">Handicaptoalettet p\u00e5 Gunnarsholmen, meget bra!<\/figcaption><\/figure>\n<p>Ankom f\u00f8rste gang (i 2017) etter at det hadde begynt \u00e5 m\u00f8rkne, og var litt usikker p\u00e5 hvor jeg kunne legge til. Endte med \u00e5 legge meg til i en b\u00e5s, men s\u00e5 etterp\u00e5 at jeg kunne ha lagt til longside p\u00e5 en brygge utenfor meg. Det ville i s\u00e5 fall ha v\u00e6rt n\u00e6rmere sanit\u00e6ranlegget ogs\u00e5. Men s\u00e5 er vel egentlig dette anlegget laget spesielt for badegjestene p\u00e5 Gunnarsholmen og ikke kun for gjester i b\u00e5thavna.<\/p>\n<p>Jeg brukte riktignok ikke noe annet p\u00e5 anlegget enn toalettet, s\u00e5 hvordan dusjen fungerte vet jeg ikke. Betalingen av havneavgiften p\u00e5 automaten var noe kronglete, et litt annerledes system enn jeg har v\u00e6rt borti f\u00f8r, men det gikk jo greit det ogs\u00e5. Fikk en kode p\u00e5 SMS. Har lest diverse pepper p\u00e5 nett om hvordan dette med dusjing fungerer\/ikke fungerer, men min erfaring med anlegget var alts\u00e5 positivt &#8211; men som sagt brukte jeg ikke dusjen denne gangen.<\/p>\n<p>Gjestehavna ligger sentralt til i Krager\u00f8, ved Barthebrygga. Det er kort avstand til det meste, faktisk kunne jeg tatt b\u00e5ten og lagt til ved Kiwi ogs\u00e5 (som ligger i noe som blir kalt for Blindtarmen), men det var jo koselig \u00e5 spasere litt rundt der ogs\u00e5, innimellom regnbygene.<\/p>\n<figure id=\"attachment_13879\" aria-describedby=\"caption-attachment-13879\" style=\"width: 300px\" class=\"wp-caption alignright\"><a href=\"https:\/\/pequod.nesodd1.no\/?attachment_id=13879\" rel=\"attachment wp-att-13879\"><img data-recalc-dims=\"1\" loading=\"lazy\" decoding=\"async\" data-attachment-id=\"13879\" data-permalink=\"https:\/\/pequod.nesodd1.no\/?attachment_id=13879\" data-orig-file=\"https:\/\/i0.wp.com\/pequod.nesodd1.no\/wp-content\/uploads\/2018\/04\/IMG_6548.jpg?fit=640%2C480&amp;ssl=1\" data-orig-size=\"640,480\" data-comments-opened=\"1\" data-image-meta=\"{&quot;aperture&quot;:&quot;1.8&quot;,&quot;credit&quot;:&quot;&quot;,&quot;camera&quot;:&quot;iPhone 7&quot;,&quot;caption&quot;:&quot;&quot;,&quot;created_timestamp&quot;:&quot;1504534057&quot;,&quot;copyright&quot;:&quot;&quot;,&quot;focal_length&quot;:&quot;3.99&quot;,&quot;iso&quot;:&quot;20&quot;,&quot;shutter_speed&quot;:&quot;0.000867302688638&quot;,&quot;title&quot;:&quot;&quot;,&quot;orientation&quot;:&quot;1&quot;}\" data-image-title=\"IMG_6548\" data-image-description=\"&lt;p&gt;Krager\u00f8&lt;\/p&gt;\n\" data-image-caption=\"&lt;p&gt;Krager\u00f8 er det n\u00e6rmeste jeg har kommet S\u00f8rlandet hittil. N\u00e5 skal det bli andre boller! Bildet er fra i fjor h\u00f8st. Bergtatt omtrent midt i bildet.&lt;\/p&gt;\n\" data-medium-file=\"https:\/\/i0.wp.com\/pequod.nesodd1.no\/wp-content\/uploads\/2018\/04\/IMG_6548.jpg?fit=300%2C225&amp;ssl=1\" data-large-file=\"https:\/\/i0.wp.com\/pequod.nesodd1.no\/wp-content\/uploads\/2018\/04\/IMG_6548.jpg?fit=640%2C480&amp;ssl=1\" class=\"size-medium wp-image-13879\" src=\"https:\/\/i0.wp.com\/pequod.nesodd1.no\/wp-content\/uploads\/2018\/04\/IMG_6548-300x225.jpg?resize=300%2C225\" alt=\"\" width=\"300\" height=\"225\" srcset=\"https:\/\/i0.wp.com\/pequod.nesodd1.no\/wp-content\/uploads\/2018\/04\/IMG_6548.jpg?resize=300%2C225&amp;ssl=1 300w, https:\/\/i0.wp.com\/pequod.nesodd1.no\/wp-content\/uploads\/2018\/04\/IMG_6548.jpg?resize=100%2C75&amp;ssl=1 100w, https:\/\/i0.wp.com\/pequod.nesodd1.no\/wp-content\/uploads\/2018\/04\/IMG_6548.jpg?w=640&amp;ssl=1 640w\" sizes=\"auto, (max-width: 300px) 100vw, 300px\" \/><\/a><figcaption id=\"caption-attachment-13879\" class=\"wp-caption-text\">Gamle Bergtatt omtrent midt i bildet.<\/figcaption><\/figure>\n<p>Selve standarden p\u00e5 gjestehavna er akkurat det, en helt standard, kommunal gjestehavn. Litt tungvint som sagt \u00e5 m\u00e5tte g\u00e5 helt ut til Gunnarsholmen for toalett og dusj, men det er vel det eneste jeg kan sette fingeren p\u00e5. Hadde jeg lagt meg til longside p\u00e5 den ytterste brygga ville jeg jo spart 100 meter&#8230;<\/p>\n<p>Fant en liten hyggelig kafe der jeg koste meg med ostekake og kaffe, en av de f\u00e5 som var \u00e5pen p\u00e5 en stille mandag, det er nok mer liv her i sommersesongen.<\/p>\n<p>Ble liggende v\u00e6rfast i Krager\u00f8 i to dager f\u00f8r jeg satte baugen hjemover. Et hyggelig bekjentskap, men nok enda bedre i pent sommerv\u00e6r.<\/p>\n<p>\u00c5 ligge p\u00e5 den ytterste flytebrygga n\u00e6rmest Gunnarsholmen er helt OK, men den ligger litt utsatt til ved vind, s\u00e5 det kan fort bli litt ubehagelig.<\/p>\n<figure id=\"attachment_17616\" aria-describedby=\"caption-attachment-17616\" style=\"width: 300px\" class=\"wp-caption alignleft\"><a href=\"https:\/\/i0.wp.com\/pequod.nesodd1.no\/wp-content\/uploads\/2020\/03\/IMG-4785.jpg?ssl=1\"><img data-recalc-dims=\"1\" loading=\"lazy\" decoding=\"async\" data-attachment-id=\"17616\" data-permalink=\"https:\/\/pequod.nesodd1.no\/?attachment_id=17616\" data-orig-file=\"https:\/\/i0.wp.com\/pequod.nesodd1.no\/wp-content\/uploads\/2020\/03\/IMG-4785.jpg?fit=800%2C600&amp;ssl=1\" data-orig-size=\"800,600\" data-comments-opened=\"1\" data-image-meta=\"{&quot;aperture&quot;:&quot;1.8&quot;,&quot;credit&quot;:&quot;&quot;,&quot;camera&quot;:&quot;iPhone 8 Plus&quot;,&quot;caption&quot;:&quot;&quot;,&quot;created_timestamp&quot;:&quot;1535722429&quot;,&quot;copyright&quot;:&quot;&quot;,&quot;focal_length&quot;:&quot;3.99&quot;,&quot;iso&quot;:&quot;25&quot;,&quot;shutter_speed&quot;:&quot;0.0002710027100271&quot;,&quot;title&quot;:&quot;&quot;,&quot;orientation&quot;:&quot;1&quot;}\" data-image-title=\"IMG-4785\" data-image-description=\"&lt;p&gt;Krager\u00f8&lt;\/p&gt;\n\" data-image-caption=\"&lt;p&gt;Her p\u00e5 nordsiden er det ogs\u00e5 noen gjestebrygger.&lt;\/p&gt;\n\" data-medium-file=\"https:\/\/i0.wp.com\/pequod.nesodd1.no\/wp-content\/uploads\/2020\/03\/IMG-4785.jpg?fit=300%2C225&amp;ssl=1\" data-large-file=\"https:\/\/i0.wp.com\/pequod.nesodd1.no\/wp-content\/uploads\/2020\/03\/IMG-4785.jpg?fit=800%2C600&amp;ssl=1\" class=\"size-medium wp-image-17616\" src=\"https:\/\/i0.wp.com\/pequod.nesodd1.no\/wp-content\/uploads\/2020\/03\/IMG-4785.jpg?resize=300%2C225&#038;ssl=1\" alt=\"\" width=\"300\" height=\"225\" srcset=\"https:\/\/i0.wp.com\/pequod.nesodd1.no\/wp-content\/uploads\/2020\/03\/IMG-4785.jpg?resize=300%2C225&amp;ssl=1 300w, https:\/\/i0.wp.com\/pequod.nesodd1.no\/wp-content\/uploads\/2020\/03\/IMG-4785.jpg?resize=100%2C75&amp;ssl=1 100w, https:\/\/i0.wp.com\/pequod.nesodd1.no\/wp-content\/uploads\/2020\/03\/IMG-4785.jpg?resize=768%2C576&amp;ssl=1 768w, https:\/\/i0.wp.com\/pequod.nesodd1.no\/wp-content\/uploads\/2020\/03\/IMG-4785.jpg?w=800&amp;ssl=1 800w\" sizes=\"auto, (max-width: 300px) 100vw, 300px\" \/><\/a><figcaption id=\"caption-attachment-17616\" class=\"wp-caption-text\">Her p\u00e5 nordsiden er det ogs\u00e5 noen gjestebrygger.<\/figcaption><\/figure>\n<p><strong>OPPDATERING:&nbsp;<\/strong>Har v\u00e6rt i Krager\u00f8 flere ganger etter min f\u00f8rste visitt i 2017. Erfaringene har v\u00e6rt litt ymse. Har m\u00f8tt en havnevakt \u00e9n gang, og det var en sv\u00e6rt negativ opplevelse. S\u00e5pass at jeg unng\u00e5r denne havna hvis det er mulig.<\/p>\n<p>Ankom sent, hadde smerter i foten og tenkte jeg kunne betale havneavgiften dagen etter p\u00e5 vei til butikken. Ble vekket om morgenen av en brysk vakt som gjorde oppmerksom p\u00e5 at man ikke hadde lov \u00e5 koble seg til str\u00f8m hvis man ikke hadde betalt havneavgift. Jeg forklarte at jeg ikke hadde orket \u00e5 gj\u00f8re det dagen f\u00f8r, og at jeg uansett skulle ligge der i ett d\u00f8gn til, s\u00e5 jeg skulle betale for to d\u00f8gn p\u00e5 automaten uansett.<\/p>\n<p>Han bare gryntet og gikk, og en halvtime etterp\u00e5 oppdaget jeg at han hadde revet av str\u00f8mkabelen uten \u00e5 si ifra!&nbsp; F\u00f8lte meg mistenkeliggjort som en som hadde tenkt \u00e5 vri seg unna betalingen.<\/p>\n<p>Kj\u00f8rte forbi Krager\u00f8 to ganger p\u00e5 rad etter denne opplevelsen, og stikker stort sett bare innom for proviantering heretter, og da legger jeg meg gjerne p\u00e5 flytebrygga som ligger n\u00e6rmere Kiwi (like ved der Redningssk\u00f8yta er stasjonert, f\u00f8r broen om det kommer fra nord). Jeg gidder ikke \u00e5 &laquo;kj\u00f8sse m\u00f8kk&raquo; &#8211; n\u00e5r jeg ikke f\u00f8ler meg velkommen driter jeg bare i \u00e5 bes\u00f8ke stedet!&nbsp;<\/p>\n<p>Og Krager\u00f8 kommune vet \u00e5 utnytte b\u00e5tfolket ettersom de n\u00e5 opererer med en hovedsesong (med full pris) som strekker seg fra 1. mai til 1. november! ALLE andre gjestehavner i Norges land har en hovedsesong fra rundt begynnelsen av juni til midten\/slutten av august, men ikke Krager\u00f8, nei!&nbsp;<\/p>\n<p>Jeg m\u00e5 innr\u00f8mme at jeg har f\u00e5tt Krager\u00f8 litt i halsen etter dette, ogs\u00e5 n\u00e5r de, i tillegg til \u00e5 ha sure havnevakter, ogs\u00e5 alts\u00e5 pr\u00f8ver \u00e5 utnytte b\u00e5tfolket med \u00e5 forlenge sesongen til november. Det er rett og slett usmakelig! Og jeg har h\u00f8rt fra andre b\u00e5tfolk at de ogs\u00e5 har hatt opplevelser med sure havnevakter, s\u00e5 jeg er tydeligvis ikke alene om dette. Selve byen er jo ganske koselig, og jeg har bare opplevd hyggelige folk i butikker og p\u00e5 restauranter og kafeer, men ikke i kommunen, alts\u00e5. S\u00e5 jeg drar forbi.<\/p>\n<p><strong>OPPDATERING 2023:<\/strong> P\u00e5 kommunens hjemmesider kan jeg n\u00e5 lese at de opererer med en hovedsesong fra <strong>15. MARS til 1. november!!!<\/strong> Er det mulig??? Kommer <span style=\"color: #ff0000;\"><strong>ALDRI<\/strong><\/span> til \u00e5 overnatte her lenger, av prinsipp!<\/p>\n<figure id=\"attachment_16016\" aria-describedby=\"caption-attachment-16016\" style=\"width: 1000px\" class=\"wp-caption aligncenter\"><a href=\"https:\/\/i0.wp.com\/pequod.nesodd1.no\/wp-content\/uploads\/2019\/07\/B80026EA-E4D5-4037-9B7F-891BFE358E49.jpeg.5b3a5dac8090743e8a794b154286461c.jpeg?ssl=1\"><img data-recalc-dims=\"1\" loading=\"lazy\" decoding=\"async\" data-attachment-id=\"16016\" data-permalink=\"https:\/\/pequod.nesodd1.no\/?attachment_id=16016\" data-orig-file=\"https:\/\/i0.wp.com\/pequod.nesodd1.no\/wp-content\/uploads\/2019\/07\/B80026EA-E4D5-4037-9B7F-891BFE358E49.jpeg.5b3a5dac8090743e8a794b154286461c.jpeg?fit=1000%2C750&amp;ssl=1\" data-orig-size=\"1000,750\" data-comments-opened=\"1\" data-image-meta=\"{&quot;aperture&quot;:&quot;0&quot;,&quot;credit&quot;:&quot;&quot;,&quot;camera&quot;:&quot;&quot;,&quot;caption&quot;:&quot;&quot;,&quot;created_timestamp&quot;:&quot;0&quot;,&quot;copyright&quot;:&quot;&quot;,&quot;focal_length&quot;:&quot;0&quot;,&quot;iso&quot;:&quot;0&quot;,&quot;shutter_speed&quot;:&quot;0&quot;,&quot;title&quot;:&quot;&quot;,&quot;orientation&quot;:&quot;0&quot;}\" data-image-title=\"B80026EA-E4D5-4037-9B7F-891BFE358E49.jpeg.5b3a5dac8090743e8a794b154286461c\" data-image-description=\"&lt;p&gt;Krager\u00f8&lt;\/p&gt;\n\" data-image-caption=\"&lt;p&gt;P\u00e5 plass i Krager\u00f8. Bildet tatt fra brua ved Kiwi etter noen innkj\u00f8p.&lt;\/p&gt;\n\" data-medium-file=\"https:\/\/i0.wp.com\/pequod.nesodd1.no\/wp-content\/uploads\/2019\/07\/B80026EA-E4D5-4037-9B7F-891BFE358E49.jpeg.5b3a5dac8090743e8a794b154286461c.jpeg?fit=300%2C225&amp;ssl=1\" data-large-file=\"https:\/\/i0.wp.com\/pequod.nesodd1.no\/wp-content\/uploads\/2019\/07\/B80026EA-E4D5-4037-9B7F-891BFE358E49.jpeg.5b3a5dac8090743e8a794b154286461c.jpeg?fit=940%2C705&amp;ssl=1\" class=\"size-full wp-image-16016\" src=\"https:\/\/i0.wp.com\/pequod.nesodd1.no\/wp-content\/uploads\/2019\/07\/B80026EA-E4D5-4037-9B7F-891BFE358E49.jpeg.5b3a5dac8090743e8a794b154286461c.jpeg?resize=940%2C705&#038;ssl=1\" alt=\"\" width=\"940\" height=\"705\" srcset=\"https:\/\/i0.wp.com\/pequod.nesodd1.no\/wp-content\/uploads\/2019\/07\/B80026EA-E4D5-4037-9B7F-891BFE358E49.jpeg.5b3a5dac8090743e8a794b154286461c.jpeg?w=1000&amp;ssl=1 1000w, https:\/\/i0.wp.com\/pequod.nesodd1.no\/wp-content\/uploads\/2019\/07\/B80026EA-E4D5-4037-9B7F-891BFE358E49.jpeg.5b3a5dac8090743e8a794b154286461c.jpeg?resize=100%2C75&amp;ssl=1 100w, https:\/\/i0.wp.com\/pequod.nesodd1.no\/wp-content\/uploads\/2019\/07\/B80026EA-E4D5-4037-9B7F-891BFE358E49.jpeg.5b3a5dac8090743e8a794b154286461c.jpeg?resize=300%2C225&amp;ssl=1 300w, https:\/\/i0.wp.com\/pequod.nesodd1.no\/wp-content\/uploads\/2019\/07\/B80026EA-E4D5-4037-9B7F-891BFE358E49.jpeg.5b3a5dac8090743e8a794b154286461c.jpeg?resize=768%2C576&amp;ssl=1 768w\" sizes=\"auto, (max-width: 940px) 100vw, 940px\" \/><\/a><figcaption id=\"caption-attachment-16016\" class=\"wp-caption-text\">P\u00e5 plass i Krager\u00f8. Bildet tatt fra brua ved Kiwi etter noen innkj\u00f8p.<\/figcaption><\/figure>\n<p>&nbsp;<\/p>\n<h3>Related Images:<\/h3>","protected":false},"excerpt":{"rendered":"<p>Vurdering (5 anker er best): Posisjon: Gunnarsholmen: 58\u00b051&#8217;54.7&#8243;N 9\u00b024&#8217;40.1&#8243;E &#8211;&nbsp; Ved RS: 58\u00b052&#8217;8.0&#8243;N 9\u00b024&#8217;56.1&#8243;E Antall bes\u00f8k: 5 Sist bes\u00f8kt: August 2019 Webkamera: Nei. Hjemmeside kan du finne ut sj\u00f8l, jeg gidder ikke promotere svindlere. Fasiliteter: Toalett, dusj, str\u00f8m og vann. Kafeer og butikker i umiddelbar n\u00e6rhet. Sanit\u00e6ranlegget ligger ute p\u00e5 Gunnarsholmen og det er et &hellip;<br \/><a href=\"https:\/\/pequod.nesodd1.no\/?page_id=13878\" class=\"more-link pen_element_default pen_icon_arrow_double\">Les<\/a><\/p>\n","protected":false},"author":1,"featured_media":15860,"parent":5493,"menu_order":0,"comment_status":"closed","ping_status":"closed","template":"","meta":{"_crdt_document":"","ngg_post_thumbnail":0,"jetpack_post_was_ever_published":false,"footnotes":""},"class_list":["post-13878","page","type-page","status-publish","has-post-thumbnail","hentry"],"jetpack_shortlink":"https:\/\/wp.me\/P3Zd9b-3BQ","jetpack_sharing_enabled":true,"jetpack_likes_enabled":true,"jetpack-related-posts":[],"_links":{"self":[{"href":"https:\/\/pequod.nesodd1.no\/index.php?rest_route=\/wp\/v2\/pages\/13878","targetHints":{"allow":["GET"]}}],"collection":[{"href":"https:\/\/pequod.nesodd1.no\/index.php?rest_route=\/wp\/v2\/pages"}],"about":[{"href":"https:\/\/pequod.nesodd1.no\/index.php?rest_route=\/wp\/v2\/types\/page"}],"author":[{"embeddable":true,"href":"https:\/\/pequod.nesodd1.no\/index.php?rest_route=\/wp\/v2\/users\/1"}],"replies":[{"embeddable":true,"href":"https:\/\/pequod.nesodd1.no\/index.php?rest_route=%2Fwp%2Fv2%2Fcomments&post=13878"}],"version-history":[{"count":17,"href":"https:\/\/pequod.nesodd1.no\/index.php?rest_route=\/wp\/v2\/pages\/13878\/revisions"}],"predecessor-version":[{"id":30811,"href":"https:\/\/pequod.nesodd1.no\/index.php?rest_route=\/wp\/v2\/pages\/13878\/revisions\/30811"}],"up":[{"embeddable":true,"href":"https:\/\/pequod.nesodd1.no\/index.php?rest_route=\/wp\/v2\/pages\/5493"}],"wp:featuredmedia":[{"embeddable":true,"href":"https:\/\/pequod.nesodd1.no\/index.php?rest_route=\/wp\/v2\/media\/15860"}],"wp:attachment":[{"href":"https:\/\/pequod.nesodd1.no\/index.php?rest_route=%2Fwp%2Fv2%2Fmedia&parent=13878"}],"curies":[{"name":"wp","href":"https:\/\/api.w.org\/{rel}","templated":true}]}}