{"id":14272,"date":"2018-07-18T09:45:13","date_gmt":"2018-07-18T07:45:13","guid":{"rendered":"https:\/\/pequod.nesodd1.no\/?page_id=14272"},"modified":"2020-10-26T09:00:20","modified_gmt":"2020-10-26T08:00:20","slug":"vollen-oslofjordmuseet","status":"publish","type":"page","link":"https:\/\/pequod.nesodd1.no\/?page_id=14272","title":{"rendered":"Vollen (Oslofjordmuseet)"},"content":{"rendered":"<p><strong>Vurdering (5 anker er best): <a href=\"https:\/\/i0.wp.com\/pequod.nesodd1.no\/wp-content\/uploads\/2019\/10\/klistremerker-anker-og-tau-design.jpg.jpg?ssl=1\"><img data-recalc-dims=\"1\" loading=\"lazy\" decoding=\"async\" data-attachment-id=\"16489\" data-permalink=\"https:\/\/pequod.nesodd1.no\/?attachment_id=16489\" data-orig-file=\"https:\/\/i0.wp.com\/pequod.nesodd1.no\/wp-content\/uploads\/2019\/10\/klistremerker-anker-og-tau-design.jpg.jpg?fit=25%2C25&amp;ssl=1\" data-orig-size=\"25,25\" data-comments-opened=\"1\" data-image-meta=\"{&quot;aperture&quot;:&quot;0&quot;,&quot;credit&quot;:&quot;tribalium81&quot;,&quot;camera&quot;:&quot;&quot;,&quot;caption&quot;:&quot;&quot;,&quot;created_timestamp&quot;:&quot;0&quot;,&quot;copyright&quot;:&quot;tribalium81&quot;,&quot;focal_length&quot;:&quot;0&quot;,&quot;iso&quot;:&quot;0&quot;,&quot;shutter_speed&quot;:&quot;0&quot;,&quot;title&quot;:&quot;anchor and rope design&quot;,&quot;orientation&quot;:&quot;1&quot;}\" data-image-title=\"anchor and rope design\" data-image-description=\"\" data-image-caption=\"\" data-large-file=\"https:\/\/i0.wp.com\/pequod.nesodd1.no\/wp-content\/uploads\/2019\/10\/klistremerker-anker-og-tau-design.jpg.jpg?fit=25%2C25&amp;ssl=1\" class=\"alignnone size-full wp-image-16489\" src=\"https:\/\/i0.wp.com\/pequod.nesodd1.no\/wp-content\/uploads\/2019\/10\/klistremerker-anker-og-tau-design.jpg.jpg?resize=25%2C25&#038;ssl=1\" alt=\"\" width=\"25\" height=\"25\"><\/a><a href=\"https:\/\/i0.wp.com\/pequod.nesodd1.no\/wp-content\/uploads\/2019\/10\/klistremerker-anker-og-tau-design.jpg.jpg?ssl=1\"><img data-recalc-dims=\"1\" loading=\"lazy\" decoding=\"async\" data-attachment-id=\"16489\" data-permalink=\"https:\/\/pequod.nesodd1.no\/?attachment_id=16489\" data-orig-file=\"https:\/\/i0.wp.com\/pequod.nesodd1.no\/wp-content\/uploads\/2019\/10\/klistremerker-anker-og-tau-design.jpg.jpg?fit=25%2C25&amp;ssl=1\" data-orig-size=\"25,25\" data-comments-opened=\"1\" data-image-meta=\"{&quot;aperture&quot;:&quot;0&quot;,&quot;credit&quot;:&quot;tribalium81&quot;,&quot;camera&quot;:&quot;&quot;,&quot;caption&quot;:&quot;&quot;,&quot;created_timestamp&quot;:&quot;0&quot;,&quot;copyright&quot;:&quot;tribalium81&quot;,&quot;focal_length&quot;:&quot;0&quot;,&quot;iso&quot;:&quot;0&quot;,&quot;shutter_speed&quot;:&quot;0&quot;,&quot;title&quot;:&quot;anchor and rope design&quot;,&quot;orientation&quot;:&quot;1&quot;}\" data-image-title=\"anchor and rope design\" data-image-description=\"\" data-image-caption=\"\" data-large-file=\"https:\/\/i0.wp.com\/pequod.nesodd1.no\/wp-content\/uploads\/2019\/10\/klistremerker-anker-og-tau-design.jpg.jpg?fit=25%2C25&amp;ssl=1\" class=\"alignnone size-full wp-image-16489\" src=\"https:\/\/i0.wp.com\/pequod.nesodd1.no\/wp-content\/uploads\/2019\/10\/klistremerker-anker-og-tau-design.jpg.jpg?resize=25%2C25&#038;ssl=1\" alt=\"\" width=\"25\" height=\"25\"><\/a><\/strong><br \/>\n<strong>Posisjon:<\/strong> 59\u00b048&#8217;27.3&#8243;N 10\u00b029&#8217;27.5&#8243;E<br \/>\n<b>Antall bes\u00f8k:<\/b>&nbsp;1&nbsp;<b>Sist bes\u00f8kt:<\/b>&nbsp;18.08. 2018<br \/>\n<b>Fasiliteter:<\/b> Kun brygge, ment for bes\u00f8kende, ikke langvarig opphold. Kafe og toalett p\u00e5 museet.<br \/>\n<strong>Fort\u00f8yning:&nbsp;<\/strong>Langsides. og i b\u00e5s (tror jeg)<br \/>\n<b>Tilrettelagt for funksjonshemmede:<\/b>&nbsp;Tja. Har du en litt h\u00f8y b\u00e5t skal vel en rullestol greit komme seg i land.<\/p>\n<figure id=\"attachment_12928\" aria-describedby=\"caption-attachment-12928\" style=\"width: 264px\" class=\"wp-caption alignleft\"><a href=\"https:\/\/pequod.nesodd1.no\/?attachment_id=12928\" rel=\"attachment wp-att-12928\"><img data-recalc-dims=\"1\" loading=\"lazy\" decoding=\"async\" data-attachment-id=\"12928\" data-permalink=\"https:\/\/pequod.nesodd1.no\/?attachment_id=12928\" data-orig-file=\"https:\/\/i0.wp.com\/pequod.nesodd1.no\/wp-content\/uploads\/2017\/10\/IMG_6152.jpg?fit=640%2C640&amp;ssl=1\" data-orig-size=\"640,640\" data-comments-opened=\"1\" data-image-meta=\"{&quot;aperture&quot;:&quot;1.8&quot;,&quot;credit&quot;:&quot;&quot;,&quot;camera&quot;:&quot;iPhone 7&quot;,&quot;caption&quot;:&quot;&quot;,&quot;created_timestamp&quot;:&quot;1503065125&quot;,&quot;copyright&quot;:&quot;&quot;,&quot;focal_length&quot;:&quot;3.99&quot;,&quot;iso&quot;:&quot;20&quot;,&quot;shutter_speed&quot;:&quot;0.00036496350365&quot;,&quot;title&quot;:&quot;&quot;,&quot;orientation&quot;:&quot;1&quot;}\" data-image-title=\"IMG_6152\" data-image-description=\"&lt;p&gt;Vollen, Oslofjordmuseet&lt;\/p&gt;\n\" data-image-caption=\"&lt;p&gt;Gjestebrygga ved Oslofjordmuseet&lt;\/p&gt;\n\" data-large-file=\"https:\/\/i0.wp.com\/pequod.nesodd1.no\/wp-content\/uploads\/2017\/10\/IMG_6152.jpg?fit=640%2C640&amp;ssl=1\" class=\" wp-image-12928\" src=\"https:\/\/i0.wp.com\/pequod.nesodd1.no\/wp-content\/uploads\/2017\/10\/IMG_6152-300x300.jpg?resize=264%2C264\" alt=\"\" width=\"264\" height=\"264\" srcset=\"https:\/\/i0.wp.com\/pequod.nesodd1.no\/wp-content\/uploads\/2017\/10\/IMG_6152.jpg?resize=300%2C300&amp;ssl=1 300w, https:\/\/i0.wp.com\/pequod.nesodd1.no\/wp-content\/uploads\/2017\/10\/IMG_6152.jpg?resize=80%2C80&amp;ssl=1 80w, https:\/\/i0.wp.com\/pequod.nesodd1.no\/wp-content\/uploads\/2017\/10\/IMG_6152.jpg?w=640&amp;ssl=1 640w\" sizes=\"auto, (max-width: 264px) 100vw, 264px\" \/><\/a><figcaption id=\"caption-attachment-12928\" class=\"wp-caption-text\">Gjestebrygga ved Oslofjordmuseet<\/figcaption><\/figure>\n<p>I fjor bes\u00f8kte jeg Oslofjordmuseet for andre gang p\u00e5 retur hjem fra b\u00e5tferie i Sverige. Siden forrige bes\u00f8k har museet f\u00e5tt anlagt en flott brygge i bukta der det ligger. Bukta har passende nok navnet Maudbukta.<\/p>\n<p>Jeg spurte p\u00e5 forh\u00e5nd om det var mulig \u00e5 legge til der, og fikk positivt svar. Dessuten, med min Nidelvsnekke fra 1974 er vel den n\u00e6rmest som veteranb\u00e5t \u00e5 regne, og den kunne glatt g\u00e5tt inn i museumssamlingen&#8230;<\/p>\n<p>Det er ganske grunt i bukta og det er en grunne p\u00e5 0,5 meter p\u00e5 veien inn til brygga, som man m\u00e5 v\u00e6re oppmerksom p\u00e5, ettersom den ikke er godt avmerket p\u00e5 kartet.<\/p>\n<p>Egner seg derfor best for mindre b\u00e5ter som ikke stikker dypt.<\/p>\n<p>Jeg tror ogs\u00e5 at b\u00e5sene helt ytterst mot moloen er til for gjesteb\u00e5ter, men jeg er ikke helt sikker.<\/p>\n<p>G\u00e5r du forbi museet (fortsetter til venstre) kommer du til en liten og koselig badestrand.<\/p>\n<figure id=\"attachment_14353\" aria-describedby=\"caption-attachment-14353\" style=\"width: 960px\" class=\"wp-caption aligncenter\"><a href=\"https:\/\/i0.wp.com\/pequod.nesodd1.no\/wp-content\/uploads\/2018\/08\/38777314_10155429584092032_3764639225509576704_n.jpg?ssl=1\"><img data-recalc-dims=\"1\" loading=\"lazy\" decoding=\"async\" data-attachment-id=\"14353\" data-permalink=\"https:\/\/pequod.nesodd1.no\/?attachment_id=14353\" data-orig-file=\"https:\/\/i0.wp.com\/pequod.nesodd1.no\/wp-content\/uploads\/2018\/08\/38777314_10155429584092032_3764639225509576704_n.jpg?fit=960%2C720&amp;ssl=1\" data-orig-size=\"960,720\" data-comments-opened=\"1\" data-image-meta=\"{&quot;aperture&quot;:&quot;0&quot;,&quot;credit&quot;:&quot;&quot;,&quot;camera&quot;:&quot;&quot;,&quot;caption&quot;:&quot;&quot;,&quot;created_timestamp&quot;:&quot;0&quot;,&quot;copyright&quot;:&quot;&quot;,&quot;focal_length&quot;:&quot;0&quot;,&quot;iso&quot;:&quot;0&quot;,&quot;shutter_speed&quot;:&quot;0&quot;,&quot;title&quot;:&quot;&quot;,&quot;orientation&quot;:&quot;0&quot;}\" data-image-title=\"38777314_10155429584092032_3764639225509576704_n\" data-image-description=\"&lt;p&gt;Vollen, Maudbukta, Oslofjordmuseet&lt;\/p&gt;\n\" data-image-caption=\"&lt;p&gt;Neste gang jeg skal p\u00e5 museet legger jeg til her igjen!&lt;\/p&gt;\n\" data-large-file=\"https:\/\/i0.wp.com\/pequod.nesodd1.no\/wp-content\/uploads\/2018\/08\/38777314_10155429584092032_3764639225509576704_n.jpg?fit=940%2C705&amp;ssl=1\" class=\"size-full wp-image-14353\" src=\"https:\/\/i0.wp.com\/pequod.nesodd1.no\/wp-content\/uploads\/2018\/08\/38777314_10155429584092032_3764639225509576704_n.jpg?resize=940%2C705&#038;ssl=1\" alt=\"\" width=\"940\" height=\"705\" srcset=\"https:\/\/i0.wp.com\/pequod.nesodd1.no\/wp-content\/uploads\/2018\/08\/38777314_10155429584092032_3764639225509576704_n.jpg?w=960&amp;ssl=1 960w, https:\/\/i0.wp.com\/pequod.nesodd1.no\/wp-content\/uploads\/2018\/08\/38777314_10155429584092032_3764639225509576704_n.jpg?resize=100%2C75&amp;ssl=1 100w, https:\/\/i0.wp.com\/pequod.nesodd1.no\/wp-content\/uploads\/2018\/08\/38777314_10155429584092032_3764639225509576704_n.jpg?resize=300%2C225&amp;ssl=1 300w, https:\/\/i0.wp.com\/pequod.nesodd1.no\/wp-content\/uploads\/2018\/08\/38777314_10155429584092032_3764639225509576704_n.jpg?resize=768%2C576&amp;ssl=1 768w\" sizes=\"auto, (max-width: 940px) 100vw, 940px\" \/><\/a><figcaption id=\"caption-attachment-14353\" class=\"wp-caption-text\">Utsikt fra Oslofjordmuseet<\/figcaption><\/figure>\n<h3>Related Images:<\/h3>","protected":false},"excerpt":{"rendered":"<p>Vurdering (5 anker er best): Posisjon: 59\u00b048&#8217;27.3&#8243;N 10\u00b029&#8217;27.5&#8243;E Antall bes\u00f8k:&nbsp;1&nbsp;Sist bes\u00f8kt:&nbsp;18.08. 2018 Fasiliteter: Kun brygge, ment for bes\u00f8kende, ikke langvarig opphold. Kafe og toalett p\u00e5 museet. Fort\u00f8yning:&nbsp;Langsides. og i b\u00e5s (tror jeg) Tilrettelagt for funksjonshemmede:&nbsp;Tja. Har du en litt h\u00f8y b\u00e5t skal vel en rullestol greit komme seg i land. I fjor bes\u00f8kte jeg Oslofjordmuseet &hellip;<br \/><a href=\"https:\/\/pequod.nesodd1.no\/?page_id=14272\" class=\"more-link pen_element_default pen_icon_arrow_double\">Les<\/a><\/p>\n","protected":false},"author":1,"featured_media":14355,"parent":5665,"menu_order":0,"comment_status":"closed","ping_status":"closed","template":"","meta":{"_crdt_document":"","ngg_post_thumbnail":0,"jetpack_post_was_ever_published":false,"footnotes":""},"class_list":["post-14272","page","type-page","status-publish","has-post-thumbnail","hentry"],"jetpack_shortlink":"https:\/\/wp.me\/P3Zd9b-3Ic","jetpack_sharing_enabled":true,"jetpack_likes_enabled":true,"jetpack-related-posts":[],"_links":{"self":[{"href":"https:\/\/pequod.nesodd1.no\/index.php?rest_route=\/wp\/v2\/pages\/14272","targetHints":{"allow":["GET"]}}],"collection":[{"href":"https:\/\/pequod.nesodd1.no\/index.php?rest_route=\/wp\/v2\/pages"}],"about":[{"href":"https:\/\/pequod.nesodd1.no\/index.php?rest_route=\/wp\/v2\/types\/page"}],"author":[{"embeddable":true,"href":"https:\/\/pequod.nesodd1.no\/index.php?rest_route=\/wp\/v2\/users\/1"}],"replies":[{"embeddable":true,"href":"https:\/\/pequod.nesodd1.no\/index.php?rest_route=%2Fwp%2Fv2%2Fcomments&post=14272"}],"version-history":[{"count":6,"href":"https:\/\/pequod.nesodd1.no\/index.php?rest_route=\/wp\/v2\/pages\/14272\/revisions"}],"predecessor-version":[{"id":18572,"href":"https:\/\/pequod.nesodd1.no\/index.php?rest_route=\/wp\/v2\/pages\/14272\/revisions\/18572"}],"up":[{"embeddable":true,"href":"https:\/\/pequod.nesodd1.no\/index.php?rest_route=\/wp\/v2\/pages\/5665"}],"wp:featuredmedia":[{"embeddable":true,"href":"https:\/\/pequod.nesodd1.no\/index.php?rest_route=\/wp\/v2\/media\/14355"}],"wp:attachment":[{"href":"https:\/\/pequod.nesodd1.no\/index.php?rest_route=%2Fwp%2Fv2%2Fmedia&parent=14272"}],"curies":[{"name":"wp","href":"https:\/\/api.w.org\/{rel}","templated":true}]}}