{"id":14275,"date":"2018-07-18T10:49:33","date_gmt":"2018-07-18T08:49:33","guid":{"rendered":"https:\/\/pequod.nesodd1.no\/?page_id=14275"},"modified":"2020-10-25T12:56:30","modified_gmt":"2020-10-25T11:56:30","slug":"hallangspollen-tiurlia-batforening","status":"publish","type":"page","link":"https:\/\/pequod.nesodd1.no\/?page_id=14275","title":{"rendered":"Hallangspollen (Tiurlia b\u00e5tforening)"},"content":{"rendered":"<p><strong>Vurdering (5 anker er best): <a href=\"https:\/\/i0.wp.com\/pequod.nesodd1.no\/wp-content\/uploads\/2019\/10\/klistremerker-anker-og-tau-design.jpg.jpg?ssl=1\"><img data-recalc-dims=\"1\" loading=\"lazy\" decoding=\"async\" data-attachment-id=\"16489\" data-permalink=\"https:\/\/pequod.nesodd1.no\/?attachment_id=16489\" data-orig-file=\"https:\/\/i0.wp.com\/pequod.nesodd1.no\/wp-content\/uploads\/2019\/10\/klistremerker-anker-og-tau-design.jpg.jpg?fit=25%2C25&amp;ssl=1\" data-orig-size=\"25,25\" data-comments-opened=\"1\" data-image-meta=\"{&quot;aperture&quot;:&quot;0&quot;,&quot;credit&quot;:&quot;tribalium81&quot;,&quot;camera&quot;:&quot;&quot;,&quot;caption&quot;:&quot;&quot;,&quot;created_timestamp&quot;:&quot;0&quot;,&quot;copyright&quot;:&quot;tribalium81&quot;,&quot;focal_length&quot;:&quot;0&quot;,&quot;iso&quot;:&quot;0&quot;,&quot;shutter_speed&quot;:&quot;0&quot;,&quot;title&quot;:&quot;anchor and rope design&quot;,&quot;orientation&quot;:&quot;1&quot;}\" data-image-title=\"anchor and rope design\" data-image-description=\"\" data-image-caption=\"\" data-large-file=\"https:\/\/i0.wp.com\/pequod.nesodd1.no\/wp-content\/uploads\/2019\/10\/klistremerker-anker-og-tau-design.jpg.jpg?fit=25%2C25&amp;ssl=1\" class=\"alignnone size-full wp-image-16489\" src=\"https:\/\/i0.wp.com\/pequod.nesodd1.no\/wp-content\/uploads\/2019\/10\/klistremerker-anker-og-tau-design.jpg.jpg?resize=25%2C25&#038;ssl=1\" alt=\"\" width=\"25\" height=\"25\"><\/a><\/strong><br \/>\n<strong>Posisjon:&nbsp;<\/strong>59\u00b041&#8217;25.2&#8243;N 10\u00b037&#8217;20.6&#8243;E<br \/>\n<b>Antall bes\u00f8k:<\/b> 2&nbsp;<b>Sist bes\u00f8kt:<\/b> 1.06.2019<br \/>\n<b>Fasiliteter:<\/b>&nbsp;Str\u00f8m og vann.<br \/>\n<strong>Fort\u00f8yning:<\/strong> Langsides.<br \/>\n<b>Tilrettelagt for funksjonshemmede:<\/b>&nbsp;Ikke spesielt, men vanlig flytebrygge med vanlig rampe opp p\u00e5 land.<\/p>\n<figure id=\"attachment_18151\" aria-describedby=\"caption-attachment-18151\" style=\"width: 300px\" class=\"wp-caption alignleft\"><a href=\"https:\/\/i0.wp.com\/pequod.nesodd1.no\/wp-content\/uploads\/2020\/04\/IMG-9324.jpg?ssl=1\" rel=\"attachment wp-att-14074\"><img data-recalc-dims=\"1\" loading=\"lazy\" decoding=\"async\" data-attachment-id=\"18151\" data-permalink=\"https:\/\/pequod.nesodd1.no\/?attachment_id=18151\" data-orig-file=\"https:\/\/i0.wp.com\/pequod.nesodd1.no\/wp-content\/uploads\/2020\/04\/IMG-9324.jpg?fit=800%2C600&amp;ssl=1\" data-orig-size=\"800,600\" data-comments-opened=\"1\" data-image-meta=\"{&quot;aperture&quot;:&quot;1.8&quot;,&quot;credit&quot;:&quot;&quot;,&quot;camera&quot;:&quot;iPhone 8 Plus&quot;,&quot;caption&quot;:&quot;&quot;,&quot;created_timestamp&quot;:&quot;1559412478&quot;,&quot;copyright&quot;:&quot;&quot;,&quot;focal_length&quot;:&quot;3.99&quot;,&quot;iso&quot;:&quot;20&quot;,&quot;shutter_speed&quot;:&quot;0.00093808630393996&quot;,&quot;title&quot;:&quot;&quot;,&quot;orientation&quot;:&quot;1&quot;}\" data-image-title=\"IMG-9324\" data-image-description=\"&lt;p&gt;Hallangspollen, Tiurlia&lt;\/p&gt;\n\" data-image-caption=\"&lt;p&gt;Fra bes\u00f8ket i 2019&lt;\/p&gt;\n\" data-large-file=\"https:\/\/i0.wp.com\/pequod.nesodd1.no\/wp-content\/uploads\/2020\/04\/IMG-9324.jpg?fit=800%2C600&amp;ssl=1\" class=\"wp-image-18151 size-medium\" src=\"https:\/\/i0.wp.com\/pequod.nesodd1.no\/wp-content\/uploads\/2020\/04\/IMG-9324.jpg?resize=300%2C225&#038;ssl=1\" alt=\"\" width=\"300\" height=\"225\" srcset=\"https:\/\/i0.wp.com\/pequod.nesodd1.no\/wp-content\/uploads\/2020\/04\/IMG-9324.jpg?resize=300%2C225&amp;ssl=1 300w, https:\/\/i0.wp.com\/pequod.nesodd1.no\/wp-content\/uploads\/2020\/04\/IMG-9324.jpg?resize=100%2C75&amp;ssl=1 100w, https:\/\/i0.wp.com\/pequod.nesodd1.no\/wp-content\/uploads\/2020\/04\/IMG-9324.jpg?resize=768%2C576&amp;ssl=1 768w, https:\/\/i0.wp.com\/pequod.nesodd1.no\/wp-content\/uploads\/2020\/04\/IMG-9324.jpg?w=800&amp;ssl=1 800w\" sizes=\"auto, (max-width: 300px) 100vw, 300px\" \/><\/a><figcaption id=\"caption-attachment-18151\" class=\"wp-caption-text\">Fra bes\u00f8ket i 2019<\/figcaption><\/figure>\n<p>Gjestebrygga til Tiurlia b\u00e5tforening ligger idyllisk til inne i Hallangspollen. Den er enkel og noe sliten, men det f\u00f8lger med b\u00e5de str\u00f8m og vann. Noe utsatt for vind fra vest, og det m\u00e5 fendres godt. Den er vel i utgangspunktet f\u00f8rst og fremst plassert der som en b\u00f8lgebryter og b\u00e6rer preg av det.<\/p>\n<p>Mulig det er noen toaletter inne p\u00e5 land, men det s\u00e5 jeg ikke etter da jeg var p\u00e5 bes\u00f8k hos venner med hytte i n\u00e6rheten.<\/p>\n<p>Tilleggingen skjer fortrinnsvis p\u00e5 innsiden (\u00f8stsiden) av flytebrygga ettersom det er badeplass p\u00e5 den andre siden.<\/p>\n<p>Stille og rolig sted. Trolig ingen vaktordning p\u00e5 stedet.<\/p>\n<p>Det er drivstoffylling lenger ut i Hallangspollen, men den anbefales ikke da det vel er landets dyreste(!) (ved Heitmann). Stikk heller over til S\u00e6tre eller stikk inn til Dr\u00f8bak b\u00e5tforening (ikke Vindfangerbukta) der pumpeprisen er flere kroner lavere!<\/p>\n<figure id=\"attachment_14075\" aria-describedby=\"caption-attachment-14075\" style=\"width: 640px\" class=\"wp-caption aligncenter\"><a href=\"https:\/\/i0.wp.com\/pequod.nesodd1.no\/wp-content\/uploads\/2018\/06\/IMG_1312.jpg?ssl=1\"><img data-recalc-dims=\"1\" loading=\"lazy\" decoding=\"async\" data-attachment-id=\"14075\" data-permalink=\"https:\/\/pequod.nesodd1.no\/?attachment_id=14075\" data-orig-file=\"https:\/\/i0.wp.com\/pequod.nesodd1.no\/wp-content\/uploads\/2018\/06\/IMG_1312.jpg?fit=640%2C480&amp;ssl=1\" data-orig-size=\"640,480\" data-comments-opened=\"1\" data-image-meta=\"{&quot;aperture&quot;:&quot;1.8&quot;,&quot;credit&quot;:&quot;&quot;,&quot;camera&quot;:&quot;iPhone 7&quot;,&quot;caption&quot;:&quot;&quot;,&quot;created_timestamp&quot;:&quot;1528554938&quot;,&quot;copyright&quot;:&quot;&quot;,&quot;focal_length&quot;:&quot;3.99&quot;,&quot;iso&quot;:&quot;20&quot;,&quot;shutter_speed&quot;:&quot;0.000385951370127&quot;,&quot;title&quot;:&quot;&quot;,&quot;orientation&quot;:&quot;1&quot;}\" data-image-title=\"IMG_1312\" data-image-description=\"&lt;p&gt;Hallangspollen&lt;\/p&gt;\n\" data-image-caption=\"\" data-large-file=\"https:\/\/i0.wp.com\/pequod.nesodd1.no\/wp-content\/uploads\/2018\/06\/IMG_1312.jpg?fit=640%2C480&amp;ssl=1\" class=\"wp-image-14075 size-full\" src=\"https:\/\/i0.wp.com\/pequod.nesodd1.no\/wp-content\/uploads\/2018\/06\/IMG_1312.jpg?resize=640%2C480&#038;ssl=1\" alt=\"\" width=\"640\" height=\"480\" srcset=\"https:\/\/i0.wp.com\/pequod.nesodd1.no\/wp-content\/uploads\/2018\/06\/IMG_1312.jpg?w=640&amp;ssl=1 640w, https:\/\/i0.wp.com\/pequod.nesodd1.no\/wp-content\/uploads\/2018\/06\/IMG_1312.jpg?resize=100%2C75&amp;ssl=1 100w, https:\/\/i0.wp.com\/pequod.nesodd1.no\/wp-content\/uploads\/2018\/06\/IMG_1312.jpg?resize=300%2C225&amp;ssl=1 300w\" sizes=\"auto, (max-width: 640px) 100vw, 640px\" \/><\/a><figcaption id=\"caption-attachment-14075\" class=\"wp-caption-text\">Veien ned til brygga<\/figcaption><\/figure>\n<p>&nbsp;<\/p>\n<h3>Related Images:<\/h3>","protected":false},"excerpt":{"rendered":"<p>Vurdering (5 anker er best): Posisjon:&nbsp;59\u00b041&#8217;25.2&#8243;N 10\u00b037&#8217;20.6&#8243;E Antall bes\u00f8k: 2&nbsp;Sist bes\u00f8kt: 1.06.2019 Fasiliteter:&nbsp;Str\u00f8m og vann. Fort\u00f8yning: Langsides. Tilrettelagt for funksjonshemmede:&nbsp;Ikke spesielt, men vanlig flytebrygge med vanlig rampe opp p\u00e5 land. Gjestebrygga til Tiurlia b\u00e5tforening ligger idyllisk til inne i Hallangspollen. Den er enkel og noe sliten, men det f\u00f8lger med b\u00e5de str\u00f8m og vann. Noe &hellip;<br \/><a href=\"https:\/\/pequod.nesodd1.no\/?page_id=14275\" class=\"more-link pen_element_default pen_icon_arrow_double\">Les<\/a><\/p>\n","protected":false},"author":1,"featured_media":15821,"parent":5665,"menu_order":0,"comment_status":"closed","ping_status":"closed","template":"","meta":{"_crdt_document":"","ngg_post_thumbnail":0,"jetpack_post_was_ever_published":false,"footnotes":""},"class_list":["post-14275","page","type-page","status-publish","has-post-thumbnail","hentry"],"jetpack_shortlink":"https:\/\/wp.me\/P3Zd9b-3If","jetpack_sharing_enabled":true,"jetpack_likes_enabled":true,"jetpack-related-posts":[],"_links":{"self":[{"href":"https:\/\/pequod.nesodd1.no\/index.php?rest_route=\/wp\/v2\/pages\/14275","targetHints":{"allow":["GET"]}}],"collection":[{"href":"https:\/\/pequod.nesodd1.no\/index.php?rest_route=\/wp\/v2\/pages"}],"about":[{"href":"https:\/\/pequod.nesodd1.no\/index.php?rest_route=\/wp\/v2\/types\/page"}],"author":[{"embeddable":true,"href":"https:\/\/pequod.nesodd1.no\/index.php?rest_route=\/wp\/v2\/users\/1"}],"replies":[{"embeddable":true,"href":"https:\/\/pequod.nesodd1.no\/index.php?rest_route=%2Fwp%2Fv2%2Fcomments&post=14275"}],"version-history":[{"count":4,"href":"https:\/\/pequod.nesodd1.no\/index.php?rest_route=\/wp\/v2\/pages\/14275\/revisions"}],"predecessor-version":[{"id":18152,"href":"https:\/\/pequod.nesodd1.no\/index.php?rest_route=\/wp\/v2\/pages\/14275\/revisions\/18152"}],"up":[{"embeddable":true,"href":"https:\/\/pequod.nesodd1.no\/index.php?rest_route=\/wp\/v2\/pages\/5665"}],"wp:featuredmedia":[{"embeddable":true,"href":"https:\/\/pequod.nesodd1.no\/index.php?rest_route=\/wp\/v2\/media\/15821"}],"wp:attachment":[{"href":"https:\/\/pequod.nesodd1.no\/index.php?rest_route=%2Fwp%2Fv2%2Fmedia&parent=14275"}],"curies":[{"name":"wp","href":"https:\/\/api.w.org\/{rel}","templated":true}]}}