{"id":14465,"date":"2018-09-03T22:01:10","date_gmt":"2018-09-03T20:01:10","guid":{"rendered":"https:\/\/pequod.nesodd1.no\/?page_id=14465"},"modified":"2025-03-30T19:27:03","modified_gmt":"2025-03-30T17:27:03","slug":"kristiansand-gjestehavn","status":"publish","type":"page","link":"https:\/\/pequod.nesodd1.no\/?page_id=14465","title":{"rendered":"Kristiansand gjestehavn"},"content":{"rendered":"<p><strong>Vurdering (5 anker er best): <a href=\"https:\/\/i0.wp.com\/pequod.nesodd1.no\/wp-content\/uploads\/2019\/10\/klistremerker-anker-og-tau-design.jpg.jpg?ssl=1\"><img data-recalc-dims=\"1\" loading=\"lazy\" decoding=\"async\" data-attachment-id=\"16489\" data-permalink=\"https:\/\/pequod.nesodd1.no\/?attachment_id=16489\" data-orig-file=\"https:\/\/i0.wp.com\/pequod.nesodd1.no\/wp-content\/uploads\/2019\/10\/klistremerker-anker-og-tau-design.jpg.jpg?fit=25%2C25&amp;ssl=1\" data-orig-size=\"25,25\" data-comments-opened=\"1\" data-image-meta=\"{&quot;aperture&quot;:&quot;0&quot;,&quot;credit&quot;:&quot;tribalium81&quot;,&quot;camera&quot;:&quot;&quot;,&quot;caption&quot;:&quot;&quot;,&quot;created_timestamp&quot;:&quot;0&quot;,&quot;copyright&quot;:&quot;tribalium81&quot;,&quot;focal_length&quot;:&quot;0&quot;,&quot;iso&quot;:&quot;0&quot;,&quot;shutter_speed&quot;:&quot;0&quot;,&quot;title&quot;:&quot;anchor and rope design&quot;,&quot;orientation&quot;:&quot;1&quot;}\" data-image-title=\"anchor and rope design\" data-image-description=\"\" data-image-caption=\"\" data-medium-file=\"https:\/\/i0.wp.com\/pequod.nesodd1.no\/wp-content\/uploads\/2019\/10\/klistremerker-anker-og-tau-design.jpg.jpg?fit=25%2C25&amp;ssl=1\" data-large-file=\"https:\/\/i0.wp.com\/pequod.nesodd1.no\/wp-content\/uploads\/2019\/10\/klistremerker-anker-og-tau-design.jpg.jpg?fit=25%2C25&amp;ssl=1\" class=\"alignnone size-full wp-image-16489\" src=\"https:\/\/i0.wp.com\/pequod.nesodd1.no\/wp-content\/uploads\/2019\/10\/klistremerker-anker-og-tau-design.jpg.jpg?resize=25%2C25&#038;ssl=1\" alt=\"\" width=\"25\" height=\"25\"><\/a><a href=\"https:\/\/i0.wp.com\/pequod.nesodd1.no\/wp-content\/uploads\/2019\/10\/klistremerker-anker-og-tau-design.jpg.jpg?ssl=1\"><img data-recalc-dims=\"1\" loading=\"lazy\" decoding=\"async\" data-attachment-id=\"16489\" data-permalink=\"https:\/\/pequod.nesodd1.no\/?attachment_id=16489\" data-orig-file=\"https:\/\/i0.wp.com\/pequod.nesodd1.no\/wp-content\/uploads\/2019\/10\/klistremerker-anker-og-tau-design.jpg.jpg?fit=25%2C25&amp;ssl=1\" data-orig-size=\"25,25\" data-comments-opened=\"1\" data-image-meta=\"{&quot;aperture&quot;:&quot;0&quot;,&quot;credit&quot;:&quot;tribalium81&quot;,&quot;camera&quot;:&quot;&quot;,&quot;caption&quot;:&quot;&quot;,&quot;created_timestamp&quot;:&quot;0&quot;,&quot;copyright&quot;:&quot;tribalium81&quot;,&quot;focal_length&quot;:&quot;0&quot;,&quot;iso&quot;:&quot;0&quot;,&quot;shutter_speed&quot;:&quot;0&quot;,&quot;title&quot;:&quot;anchor and rope design&quot;,&quot;orientation&quot;:&quot;1&quot;}\" data-image-title=\"anchor and rope design\" data-image-description=\"\" data-image-caption=\"\" data-medium-file=\"https:\/\/i0.wp.com\/pequod.nesodd1.no\/wp-content\/uploads\/2019\/10\/klistremerker-anker-og-tau-design.jpg.jpg?fit=25%2C25&amp;ssl=1\" data-large-file=\"https:\/\/i0.wp.com\/pequod.nesodd1.no\/wp-content\/uploads\/2019\/10\/klistremerker-anker-og-tau-design.jpg.jpg?fit=25%2C25&amp;ssl=1\" class=\"alignnone size-full wp-image-16489\" src=\"https:\/\/i0.wp.com\/pequod.nesodd1.no\/wp-content\/uploads\/2019\/10\/klistremerker-anker-og-tau-design.jpg.jpg?resize=25%2C25&#038;ssl=1\" alt=\"\" width=\"25\" height=\"25\"><\/a><a href=\"https:\/\/i0.wp.com\/pequod.nesodd1.no\/wp-content\/uploads\/2019\/10\/klistremerker-anker-og-tau-design.jpg.jpg?ssl=1\"><img data-recalc-dims=\"1\" loading=\"lazy\" decoding=\"async\" data-attachment-id=\"16489\" data-permalink=\"https:\/\/pequod.nesodd1.no\/?attachment_id=16489\" data-orig-file=\"https:\/\/i0.wp.com\/pequod.nesodd1.no\/wp-content\/uploads\/2019\/10\/klistremerker-anker-og-tau-design.jpg.jpg?fit=25%2C25&amp;ssl=1\" data-orig-size=\"25,25\" data-comments-opened=\"1\" data-image-meta=\"{&quot;aperture&quot;:&quot;0&quot;,&quot;credit&quot;:&quot;tribalium81&quot;,&quot;camera&quot;:&quot;&quot;,&quot;caption&quot;:&quot;&quot;,&quot;created_timestamp&quot;:&quot;0&quot;,&quot;copyright&quot;:&quot;tribalium81&quot;,&quot;focal_length&quot;:&quot;0&quot;,&quot;iso&quot;:&quot;0&quot;,&quot;shutter_speed&quot;:&quot;0&quot;,&quot;title&quot;:&quot;anchor and rope design&quot;,&quot;orientation&quot;:&quot;1&quot;}\" data-image-title=\"anchor and rope design\" data-image-description=\"\" data-image-caption=\"\" data-medium-file=\"https:\/\/i0.wp.com\/pequod.nesodd1.no\/wp-content\/uploads\/2019\/10\/klistremerker-anker-og-tau-design.jpg.jpg?fit=25%2C25&amp;ssl=1\" data-large-file=\"https:\/\/i0.wp.com\/pequod.nesodd1.no\/wp-content\/uploads\/2019\/10\/klistremerker-anker-og-tau-design.jpg.jpg?fit=25%2C25&amp;ssl=1\" class=\"alignnone size-full wp-image-16489\" src=\"https:\/\/i0.wp.com\/pequod.nesodd1.no\/wp-content\/uploads\/2019\/10\/klistremerker-anker-og-tau-design.jpg.jpg?resize=25%2C25&#038;ssl=1\" alt=\"\" width=\"25\" height=\"25\"><\/a><\/strong><br \/>\n<strong>Posisjon:<\/strong> 58\u00b08&#8217;35.0&#8243;N 8\u00b00&#8217;8.6&#8243;E<br \/>\n<strong>Bes\u00f8kt antall ganger:<\/strong> 8 <strong>Sist bes\u00f8kt:<\/strong> April 2023&nbsp; <a href=\"https:\/\/www.krsgjestehavn.no\/webkamera\" target=\"_blank\" rel=\"noopener\">Webkamera<\/a> (kun indre havn) <a href=\"https:\/\/kristiansandgjestehavn.no\/\" target=\"_blank\" rel=\"noopener noreferrer\">Hjemmeside<\/a><br \/>\n<strong>Fasiliteter:<\/strong> Servicebygg med dusj og toaletter og vaskemaskiner. Str\u00f8m og vann. S\u00f8ppel. Grei WiFi. (N\u00e5r koden virker). Restaurant\/grill i samme bygg som serviceanlegget. Kiosk i havnekontoret.<br \/>\n<strong>Havneavgift (for 29<\/strong><strong>-foter): 300 NOK.<\/strong>&nbsp; M\u00e5 betales manuelt i havnekontoret eller via Vipps. Etter \u00e5pningstid ingen adgang til serviceanlegget. Det finnes en liten dusj\/WC p\u00e5 utsiden, men denne m\u00e5 man ha kode til. S\u00e5 hvis du ankommer utenom \u00e5pningstid&#8230;<br \/>\n<strong>Fort\u00f8yning:<\/strong> Langsides flytebrygge eller kaikant samt b\u00e5ser. Har b\u00e5de ytre og indre havn der sistnevnte har fort\u00f8yning til kaikant og noen dybdebegrensinger.<br \/>\n<strong>Tilrettelagt for funksjonshemmede:<\/strong>&nbsp;Tja. Ikke spesielt, men heller ikke uoverkommelig. Den vanlige rampa opp fra flytebryggene i ytre havn.<\/p>\n<figure id=\"attachment_14514\" aria-describedby=\"caption-attachment-14514\" style=\"width: 300px\" class=\"wp-caption alignleft\"><a href=\"https:\/\/pequod.nesodd1.no\/?attachment_id=14514\" rel=\"attachment wp-att-14514\"><img data-recalc-dims=\"1\" loading=\"lazy\" decoding=\"async\" data-attachment-id=\"14514\" data-permalink=\"https:\/\/pequod.nesodd1.no\/?attachment_id=14514\" data-orig-file=\"https:\/\/i0.wp.com\/pequod.nesodd1.no\/wp-content\/uploads\/2018\/09\/1538.jpg?fit=800%2C600&amp;ssl=1\" data-orig-size=\"800,600\" data-comments-opened=\"1\" data-image-meta=\"{&quot;aperture&quot;:&quot;1.8&quot;,&quot;credit&quot;:&quot;&quot;,&quot;camera&quot;:&quot;iPhone 8 Plus&quot;,&quot;caption&quot;:&quot;&quot;,&quot;created_timestamp&quot;:&quot;1534527794&quot;,&quot;copyright&quot;:&quot;&quot;,&quot;focal_length&quot;:&quot;3.99&quot;,&quot;iso&quot;:&quot;20&quot;,&quot;shutter_speed&quot;:&quot;0.000437062937063&quot;,&quot;title&quot;:&quot;&quot;,&quot;orientation&quot;:&quot;1&quot;}\" data-image-title=\"1538\" data-image-description=\"&lt;p&gt;kristiansand gjestehavn&lt;\/p&gt;\n\" data-image-caption=\"&lt;p&gt;Indre havn&lt;\/p&gt;\n\" data-medium-file=\"https:\/\/i0.wp.com\/pequod.nesodd1.no\/wp-content\/uploads\/2018\/09\/1538.jpg?fit=300%2C225&amp;ssl=1\" data-large-file=\"https:\/\/i0.wp.com\/pequod.nesodd1.no\/wp-content\/uploads\/2018\/09\/1538.jpg?fit=800%2C600&amp;ssl=1\" class=\"size-medium wp-image-14514\" src=\"https:\/\/i0.wp.com\/pequod.nesodd1.no\/wp-content\/uploads\/2018\/09\/1538-300x225.jpg?resize=300%2C225\" alt=\"\" width=\"300\" height=\"225\" srcset=\"https:\/\/i0.wp.com\/pequod.nesodd1.no\/wp-content\/uploads\/2018\/09\/1538.jpg?resize=300%2C225&amp;ssl=1 300w, https:\/\/i0.wp.com\/pequod.nesodd1.no\/wp-content\/uploads\/2018\/09\/1538.jpg?resize=100%2C75&amp;ssl=1 100w, https:\/\/i0.wp.com\/pequod.nesodd1.no\/wp-content\/uploads\/2018\/09\/1538.jpg?resize=768%2C576&amp;ssl=1 768w, https:\/\/i0.wp.com\/pequod.nesodd1.no\/wp-content\/uploads\/2018\/09\/1538.jpg?w=800&amp;ssl=1 800w\" sizes=\"auto, (max-width: 300px) 100vw, 300px\" \/><\/a><figcaption id=\"caption-attachment-14514\" class=\"wp-caption-text\">Indre havn<\/figcaption><\/figure>\n<p>Gjestehavna ligger sv\u00e6rt sentralt til med gangavstand til g\u00e5gata Markens. I sommersesongen er havnekontoret \u00e5pent til 22.00, i skuldersesongen bare til 16.00. Siden jeg ankom etter stengetid f\u00f8rste gang fikk jeg ikke adgang hverken til toalett eller dusj.<\/p>\n<p>Jeg fikk ogs\u00e5 feilmelding p\u00e5 passordet til WiFi-anlegget (som sto skrevet p\u00e5 en lapp i vinduet), men dagen etter funket det.<\/p>\n<p>Det m\u00e5 kj\u00f8pes poletter til vaskemaskiner og t\u00f8rketromler og til dusjen. P\u00e5 havnekontoret. I \u00e5pningstiden. Utenom f\u00e5r du stinke hvis du ikke har f\u00e5tt tak i koden til den kombinerte dusj- og toalett-l\u00f8sningen som ligger p\u00e5 utsiden og som tydeligvis alle i Kristiansand kjenner koden til&#8230;<\/p>\n<p>Grei gjestehavn egentlig, men i h\u00f8ysesongen kan det sikkert bli br\u00e5kete. Jeg opplevde full fest i nabob\u00e5tene to av de tre gangene jeg var der. Og ingen vakter til \u00e5 si ifra. Ellers sentralt og greit.<\/p>\n<p>Helt OK standard p\u00e5 toalett og dusj, men heller ikke mer. P\u00e5 serviceanlegget var to toaletter og en dusj i ustand da jeg var der, s\u00e5 kapasiteten var bare halvparten av vanlig. Ogs\u00e5 en av vaskemaskinene var merket med &laquo;I ustand&raquo;.<\/p>\n<figure id=\"attachment_17624\" aria-describedby=\"caption-attachment-17624\" style=\"width: 300px\" class=\"wp-caption alignleft\"><a href=\"https:\/\/i0.wp.com\/pequod.nesodd1.no\/wp-content\/uploads\/2020\/03\/IMG-0679.jpg?ssl=1\"><img data-recalc-dims=\"1\" loading=\"lazy\" decoding=\"async\" data-attachment-id=\"17624\" data-permalink=\"https:\/\/pequod.nesodd1.no\/?attachment_id=17624\" data-orig-file=\"https:\/\/i0.wp.com\/pequod.nesodd1.no\/wp-content\/uploads\/2020\/03\/IMG-0679.jpg?fit=800%2C600&amp;ssl=1\" data-orig-size=\"800,600\" data-comments-opened=\"1\" data-image-meta=\"{&quot;aperture&quot;:&quot;1.8&quot;,&quot;credit&quot;:&quot;&quot;,&quot;camera&quot;:&quot;iPhone 8 Plus&quot;,&quot;caption&quot;:&quot;&quot;,&quot;created_timestamp&quot;:&quot;1564740524&quot;,&quot;copyright&quot;:&quot;&quot;,&quot;focal_length&quot;:&quot;3.99&quot;,&quot;iso&quot;:&quot;20&quot;,&quot;shutter_speed&quot;:&quot;0.00041597337770383&quot;,&quot;title&quot;:&quot;&quot;,&quot;orientation&quot;:&quot;1&quot;}\" data-image-title=\"IMG-0679\" data-image-description=\"&lt;p&gt;Kristiansand, gjestehavn&lt;\/p&gt;\n\" data-image-caption=\"&lt;p&gt;Servicebygget med kiosk og restaurant p\u00e5 baksiden.&lt;\/p&gt;\n\" data-medium-file=\"https:\/\/i0.wp.com\/pequod.nesodd1.no\/wp-content\/uploads\/2020\/03\/IMG-0679.jpg?fit=300%2C225&amp;ssl=1\" data-large-file=\"https:\/\/i0.wp.com\/pequod.nesodd1.no\/wp-content\/uploads\/2020\/03\/IMG-0679.jpg?fit=800%2C600&amp;ssl=1\" class=\"size-medium wp-image-17624\" src=\"https:\/\/i0.wp.com\/pequod.nesodd1.no\/wp-content\/uploads\/2020\/03\/IMG-0679.jpg?resize=300%2C225&#038;ssl=1\" alt=\"\" width=\"300\" height=\"225\" srcset=\"https:\/\/i0.wp.com\/pequod.nesodd1.no\/wp-content\/uploads\/2020\/03\/IMG-0679.jpg?resize=300%2C225&amp;ssl=1 300w, https:\/\/i0.wp.com\/pequod.nesodd1.no\/wp-content\/uploads\/2020\/03\/IMG-0679.jpg?resize=100%2C75&amp;ssl=1 100w, https:\/\/i0.wp.com\/pequod.nesodd1.no\/wp-content\/uploads\/2020\/03\/IMG-0679.jpg?resize=768%2C576&amp;ssl=1 768w, https:\/\/i0.wp.com\/pequod.nesodd1.no\/wp-content\/uploads\/2020\/03\/IMG-0679.jpg?w=800&amp;ssl=1 800w\" sizes=\"auto, (max-width: 300px) 100vw, 300px\" \/><\/a><figcaption id=\"caption-attachment-17624\" class=\"wp-caption-text\">Servicebygget med kiosk og restaurant p\u00e5 baksiden.<\/figcaption><\/figure>\n<p>Kristiansand kommune ble k\u00e5ret til \u00e5rets b\u00e5tkommune s\u00e5 sent som i 2017 av KNBF. Det kan umulig ha v\u00e6rt med tanke p\u00e5 denne gjestehavna, for her er mye p\u00e5 halv tolv, og det har ikke bedret seg etter mitt f\u00f8rste bes\u00f8k i 2018.<\/p>\n<p>S\u00e5 sent som sommeren 2019 var samme vaskemaskiner og dusjer i ustand som \u00e5ret f\u00f8r&#8230;Det kan virke som kommunen har sovet p\u00e5 sine laurb\u00e6r siden 2017.<\/p>\n<p>Dog skal det sies at den unge jenta i kiosken i alle fall var smilende og hyggelig da jeg betalte for meg i august 2019.<\/p>\n<p>For\u00f8vrig ligger du veldig utsatt for vind hvis du legger deg p\u00e5 utsiden av b\u00f8lgebryteren. B\u00e5splassene innerst er dobbeltb\u00e5ser for store og brede b\u00e5ter (eller to b\u00e5ter ved siden av hverandre i hver b\u00e5s), b\u00e5de snekka mi og Tresfjorden blir sm\u00e5b\u00e5ter til sammenligning&#8230;<\/p>\n<figure id=\"attachment_17625\" aria-describedby=\"caption-attachment-17625\" style=\"width: 300px\" class=\"wp-caption alignright\"><a href=\"https:\/\/i0.wp.com\/pequod.nesodd1.no\/wp-content\/uploads\/2020\/03\/IMG-0676.jpg?ssl=1\"><img data-recalc-dims=\"1\" loading=\"lazy\" decoding=\"async\" data-attachment-id=\"17625\" data-permalink=\"https:\/\/pequod.nesodd1.no\/?attachment_id=17625\" data-orig-file=\"https:\/\/i0.wp.com\/pequod.nesodd1.no\/wp-content\/uploads\/2020\/03\/IMG-0676.jpg?fit=800%2C600&amp;ssl=1\" data-orig-size=\"800,600\" data-comments-opened=\"1\" data-image-meta=\"{&quot;aperture&quot;:&quot;1.8&quot;,&quot;credit&quot;:&quot;&quot;,&quot;camera&quot;:&quot;iPhone 8 Plus&quot;,&quot;caption&quot;:&quot;&quot;,&quot;created_timestamp&quot;:&quot;1564740102&quot;,&quot;copyright&quot;:&quot;&quot;,&quot;focal_length&quot;:&quot;3.99&quot;,&quot;iso&quot;:&quot;20&quot;,&quot;shutter_speed&quot;:&quot;0.00035398230088496&quot;,&quot;title&quot;:&quot;&quot;,&quot;orientation&quot;:&quot;1&quot;}\" data-image-title=\"IMG-0676\" data-image-description=\"&lt;p&gt;Kristiansand, gjestehavn&lt;\/p&gt;\n\" data-image-caption=\"&lt;p&gt;Bergtatt II p\u00e5 plass i august 2019.&lt;\/p&gt;\n\" data-medium-file=\"https:\/\/i0.wp.com\/pequod.nesodd1.no\/wp-content\/uploads\/2020\/03\/IMG-0676.jpg?fit=300%2C225&amp;ssl=1\" data-large-file=\"https:\/\/i0.wp.com\/pequod.nesodd1.no\/wp-content\/uploads\/2020\/03\/IMG-0676.jpg?fit=800%2C600&amp;ssl=1\" class=\"size-medium wp-image-17625\" src=\"https:\/\/i0.wp.com\/pequod.nesodd1.no\/wp-content\/uploads\/2020\/03\/IMG-0676.jpg?resize=300%2C225&#038;ssl=1\" alt=\"\" width=\"300\" height=\"225\" srcset=\"https:\/\/i0.wp.com\/pequod.nesodd1.no\/wp-content\/uploads\/2020\/03\/IMG-0676.jpg?resize=300%2C225&amp;ssl=1 300w, https:\/\/i0.wp.com\/pequod.nesodd1.no\/wp-content\/uploads\/2020\/03\/IMG-0676.jpg?resize=100%2C75&amp;ssl=1 100w, https:\/\/i0.wp.com\/pequod.nesodd1.no\/wp-content\/uploads\/2020\/03\/IMG-0676.jpg?resize=768%2C576&amp;ssl=1 768w, https:\/\/i0.wp.com\/pequod.nesodd1.no\/wp-content\/uploads\/2020\/03\/IMG-0676.jpg?w=800&amp;ssl=1 800w\" sizes=\"auto, (max-width: 300px) 100vw, 300px\" \/><\/a><figcaption id=\"caption-attachment-17625\" class=\"wp-caption-text\">Bergtatt II p\u00e5 plass i august 2019.<\/figcaption><\/figure>\n<p>Jeg liker ikke slike brede b\u00e5ser med plass til to b\u00e5ter ved siden av hverandre, foretrekker enkeltb\u00e5ser, men smak og behag.&nbsp;<\/p>\n<p><strong>OPPDATERING 2023:<\/strong> Det er n\u00e5 kommet en ny indre flytebrygge i ytre havn. Det er plassert solide gangbare utriggere p\u00e5 begge sider av denne, samt p\u00e5 innsiden av den ytterste flytebrygga\/b\u00f8lgebryteren. En klar forbedring som ogs\u00e5 \u00f8ker antall plasser i havna.<\/p>\n<p>Om det foreligger planer om \u00e5 oppgradere serviceanlegget ogs\u00e5, vet jeg ikke. Heller ikke om det kommer en app eller automatbetaling.&nbsp;<\/p>\n<p>Jeg betalte 230 kroner for overnatting i april, som regnes som vintersesong. Prisen i sommersesongen er 300 kroner, hvis jeg har forst\u00e5tt det riktig.<\/p>\n<figure id=\"attachment_26594\" aria-describedby=\"caption-attachment-26594\" style=\"width: 960px\" class=\"wp-caption aligncenter\"><a href=\"https:\/\/i0.wp.com\/pequod.nesodd1.no\/wp-content\/uploads\/2023\/04\/342359748_150930754601568_2213001066111625612_n.jpg?ssl=1\"><img data-recalc-dims=\"1\" loading=\"lazy\" decoding=\"async\" data-attachment-id=\"26594\" data-permalink=\"https:\/\/pequod.nesodd1.no\/?attachment_id=26594\" data-orig-file=\"https:\/\/i0.wp.com\/pequod.nesodd1.no\/wp-content\/uploads\/2023\/04\/342359748_150930754601568_2213001066111625612_n.jpg?fit=960%2C720&amp;ssl=1\" data-orig-size=\"960,720\" data-comments-opened=\"1\" data-image-meta=\"{&quot;aperture&quot;:&quot;0&quot;,&quot;credit&quot;:&quot;&quot;,&quot;camera&quot;:&quot;&quot;,&quot;caption&quot;:&quot;&quot;,&quot;created_timestamp&quot;:&quot;0&quot;,&quot;copyright&quot;:&quot;&quot;,&quot;focal_length&quot;:&quot;0&quot;,&quot;iso&quot;:&quot;0&quot;,&quot;shutter_speed&quot;:&quot;0&quot;,&quot;title&quot;:&quot;&quot;,&quot;orientation&quot;:&quot;0&quot;}\" data-image-title=\"342359748_150930754601568_2213001066111625612_n\" data-image-description=\"&lt;p&gt;Kristiansand, gjstehavn, ytre havn&lt;\/p&gt;\n\" data-image-caption=\"&lt;p&gt;Ny solid flytebrygge og like solide utriggere&lt;\/p&gt;\n\" data-medium-file=\"https:\/\/i0.wp.com\/pequod.nesodd1.no\/wp-content\/uploads\/2023\/04\/342359748_150930754601568_2213001066111625612_n.jpg?fit=300%2C225&amp;ssl=1\" data-large-file=\"https:\/\/i0.wp.com\/pequod.nesodd1.no\/wp-content\/uploads\/2023\/04\/342359748_150930754601568_2213001066111625612_n.jpg?fit=940%2C705&amp;ssl=1\" class=\"size-full wp-image-26594\" src=\"https:\/\/i0.wp.com\/pequod.nesodd1.no\/wp-content\/uploads\/2023\/04\/342359748_150930754601568_2213001066111625612_n.jpg?resize=940%2C705&#038;ssl=1\" alt=\"\" width=\"940\" height=\"705\" srcset=\"https:\/\/i0.wp.com\/pequod.nesodd1.no\/wp-content\/uploads\/2023\/04\/342359748_150930754601568_2213001066111625612_n.jpg?w=960&amp;ssl=1 960w, https:\/\/i0.wp.com\/pequod.nesodd1.no\/wp-content\/uploads\/2023\/04\/342359748_150930754601568_2213001066111625612_n.jpg?resize=300%2C225&amp;ssl=1 300w, https:\/\/i0.wp.com\/pequod.nesodd1.no\/wp-content\/uploads\/2023\/04\/342359748_150930754601568_2213001066111625612_n.jpg?resize=100%2C75&amp;ssl=1 100w, https:\/\/i0.wp.com\/pequod.nesodd1.no\/wp-content\/uploads\/2023\/04\/342359748_150930754601568_2213001066111625612_n.jpg?resize=768%2C576&amp;ssl=1 768w\" sizes=\"auto, (max-width: 940px) 100vw, 940px\" \/><\/a><figcaption id=\"caption-attachment-26594\" class=\"wp-caption-text\">Ny solid flytebrygge og like solide utriggere<\/figcaption><\/figure>\n<h3>Related Images:<\/h3>","protected":false},"excerpt":{"rendered":"<p>Vurdering (5 anker er best): Posisjon: 58\u00b08&#8217;35.0&#8243;N 8\u00b00&#8217;8.6&#8243;E Bes\u00f8kt antall ganger: 8 Sist bes\u00f8kt: April 2023&nbsp; Webkamera (kun indre havn) Hjemmeside Fasiliteter: Servicebygg med dusj og toaletter og vaskemaskiner. Str\u00f8m og vann. S\u00f8ppel. Grei WiFi. (N\u00e5r koden virker). Restaurant\/grill i samme bygg som serviceanlegget. Kiosk i havnekontoret. Havneavgift (for 29-foter): 300 NOK.&nbsp; M\u00e5 betales manuelt &hellip;<br \/><a href=\"https:\/\/pequod.nesodd1.no\/?page_id=14465\" class=\"more-link pen_element_default pen_icon_arrow_double\">Les<\/a><\/p>\n","protected":false},"author":1,"featured_media":14515,"parent":5493,"menu_order":0,"comment_status":"closed","ping_status":"closed","template":"","meta":{"_crdt_document":"","ngg_post_thumbnail":0,"jetpack_post_was_ever_published":false,"footnotes":""},"class_list":["post-14465","page","type-page","status-publish","has-post-thumbnail","hentry"],"jetpack_shortlink":"https:\/\/wp.me\/P3Zd9b-3Lj","jetpack_sharing_enabled":true,"jetpack_likes_enabled":true,"jetpack-related-posts":[],"_links":{"self":[{"href":"https:\/\/pequod.nesodd1.no\/index.php?rest_route=\/wp\/v2\/pages\/14465","targetHints":{"allow":["GET"]}}],"collection":[{"href":"https:\/\/pequod.nesodd1.no\/index.php?rest_route=\/wp\/v2\/pages"}],"about":[{"href":"https:\/\/pequod.nesodd1.no\/index.php?rest_route=\/wp\/v2\/types\/page"}],"author":[{"embeddable":true,"href":"https:\/\/pequod.nesodd1.no\/index.php?rest_route=\/wp\/v2\/users\/1"}],"replies":[{"embeddable":true,"href":"https:\/\/pequod.nesodd1.no\/index.php?rest_route=%2Fwp%2Fv2%2Fcomments&post=14465"}],"version-history":[{"count":17,"href":"https:\/\/pequod.nesodd1.no\/index.php?rest_route=\/wp\/v2\/pages\/14465\/revisions"}],"predecessor-version":[{"id":29993,"href":"https:\/\/pequod.nesodd1.no\/index.php?rest_route=\/wp\/v2\/pages\/14465\/revisions\/29993"}],"up":[{"embeddable":true,"href":"https:\/\/pequod.nesodd1.no\/index.php?rest_route=\/wp\/v2\/pages\/5493"}],"wp:featuredmedia":[{"embeddable":true,"href":"https:\/\/pequod.nesodd1.no\/index.php?rest_route=\/wp\/v2\/media\/14515"}],"wp:attachment":[{"href":"https:\/\/pequod.nesodd1.no\/index.php?rest_route=%2Fwp%2Fv2%2Fmedia&parent=14465"}],"curies":[{"name":"wp","href":"https:\/\/api.w.org\/{rel}","templated":true}]}}