{"id":14467,"date":"2018-10-21T15:34:44","date_gmt":"2018-10-21T13:34:44","guid":{"rendered":"https:\/\/pequod.nesodd1.no\/?page_id=14467"},"modified":"2025-09-13T13:30:30","modified_gmt":"2025-09-13T11:30:30","slug":"mandal-gjestehavn","status":"publish","type":"page","link":"https:\/\/pequod.nesodd1.no\/?page_id=14467","title":{"rendered":"Mandal gjestehavn"},"content":{"rendered":"<p><strong>Vurdering (5 anker er best): <a href=\"https:\/\/i0.wp.com\/pequod.nesodd1.no\/wp-content\/uploads\/2019\/10\/klistremerker-anker-og-tau-design.jpg.jpg?ssl=1\"><img data-recalc-dims=\"1\" loading=\"lazy\" decoding=\"async\" data-attachment-id=\"16489\" data-permalink=\"https:\/\/pequod.nesodd1.no\/?attachment_id=16489\" data-orig-file=\"https:\/\/i0.wp.com\/pequod.nesodd1.no\/wp-content\/uploads\/2019\/10\/klistremerker-anker-og-tau-design.jpg.jpg?fit=25%2C25&amp;ssl=1\" data-orig-size=\"25,25\" data-comments-opened=\"1\" data-image-meta=\"{&quot;aperture&quot;:&quot;0&quot;,&quot;credit&quot;:&quot;tribalium81&quot;,&quot;camera&quot;:&quot;&quot;,&quot;caption&quot;:&quot;&quot;,&quot;created_timestamp&quot;:&quot;0&quot;,&quot;copyright&quot;:&quot;tribalium81&quot;,&quot;focal_length&quot;:&quot;0&quot;,&quot;iso&quot;:&quot;0&quot;,&quot;shutter_speed&quot;:&quot;0&quot;,&quot;title&quot;:&quot;anchor and rope design&quot;,&quot;orientation&quot;:&quot;1&quot;}\" data-image-title=\"anchor and rope design\" data-image-description=\"\" data-image-caption=\"\" data-large-file=\"https:\/\/i0.wp.com\/pequod.nesodd1.no\/wp-content\/uploads\/2019\/10\/klistremerker-anker-og-tau-design.jpg.jpg?fit=25%2C25&amp;ssl=1\" class=\"alignnone size-full wp-image-16489\" src=\"https:\/\/i0.wp.com\/pequod.nesodd1.no\/wp-content\/uploads\/2019\/10\/klistremerker-anker-og-tau-design.jpg.jpg?resize=25%2C25&#038;ssl=1\" alt=\"\" width=\"25\" height=\"25\"><\/a><a href=\"https:\/\/i0.wp.com\/pequod.nesodd1.no\/wp-content\/uploads\/2019\/10\/klistremerker-anker-og-tau-design.jpg.jpg?ssl=1\"><img data-recalc-dims=\"1\" loading=\"lazy\" decoding=\"async\" data-attachment-id=\"16489\" data-permalink=\"https:\/\/pequod.nesodd1.no\/?attachment_id=16489\" data-orig-file=\"https:\/\/i0.wp.com\/pequod.nesodd1.no\/wp-content\/uploads\/2019\/10\/klistremerker-anker-og-tau-design.jpg.jpg?fit=25%2C25&amp;ssl=1\" data-orig-size=\"25,25\" data-comments-opened=\"1\" data-image-meta=\"{&quot;aperture&quot;:&quot;0&quot;,&quot;credit&quot;:&quot;tribalium81&quot;,&quot;camera&quot;:&quot;&quot;,&quot;caption&quot;:&quot;&quot;,&quot;created_timestamp&quot;:&quot;0&quot;,&quot;copyright&quot;:&quot;tribalium81&quot;,&quot;focal_length&quot;:&quot;0&quot;,&quot;iso&quot;:&quot;0&quot;,&quot;shutter_speed&quot;:&quot;0&quot;,&quot;title&quot;:&quot;anchor and rope design&quot;,&quot;orientation&quot;:&quot;1&quot;}\" data-image-title=\"anchor and rope design\" data-image-description=\"\" data-image-caption=\"\" data-large-file=\"https:\/\/i0.wp.com\/pequod.nesodd1.no\/wp-content\/uploads\/2019\/10\/klistremerker-anker-og-tau-design.jpg.jpg?fit=25%2C25&amp;ssl=1\" class=\"alignnone size-full wp-image-16489\" src=\"https:\/\/i0.wp.com\/pequod.nesodd1.no\/wp-content\/uploads\/2019\/10\/klistremerker-anker-og-tau-design.jpg.jpg?resize=25%2C25&#038;ssl=1\" alt=\"\" width=\"25\" height=\"25\"><\/a><a href=\"https:\/\/i0.wp.com\/pequod.nesodd1.no\/wp-content\/uploads\/2019\/10\/klistremerker-anker-og-tau-design.jpg.jpg?ssl=1\"><img data-recalc-dims=\"1\" loading=\"lazy\" decoding=\"async\" data-attachment-id=\"16489\" data-permalink=\"https:\/\/pequod.nesodd1.no\/?attachment_id=16489\" data-orig-file=\"https:\/\/i0.wp.com\/pequod.nesodd1.no\/wp-content\/uploads\/2019\/10\/klistremerker-anker-og-tau-design.jpg.jpg?fit=25%2C25&amp;ssl=1\" data-orig-size=\"25,25\" data-comments-opened=\"1\" data-image-meta=\"{&quot;aperture&quot;:&quot;0&quot;,&quot;credit&quot;:&quot;tribalium81&quot;,&quot;camera&quot;:&quot;&quot;,&quot;caption&quot;:&quot;&quot;,&quot;created_timestamp&quot;:&quot;0&quot;,&quot;copyright&quot;:&quot;tribalium81&quot;,&quot;focal_length&quot;:&quot;0&quot;,&quot;iso&quot;:&quot;0&quot;,&quot;shutter_speed&quot;:&quot;0&quot;,&quot;title&quot;:&quot;anchor and rope design&quot;,&quot;orientation&quot;:&quot;1&quot;}\" data-image-title=\"anchor and rope design\" data-image-description=\"\" data-image-caption=\"\" data-large-file=\"https:\/\/i0.wp.com\/pequod.nesodd1.no\/wp-content\/uploads\/2019\/10\/klistremerker-anker-og-tau-design.jpg.jpg?fit=25%2C25&amp;ssl=1\" class=\"alignnone size-full wp-image-16489\" src=\"https:\/\/i0.wp.com\/pequod.nesodd1.no\/wp-content\/uploads\/2019\/10\/klistremerker-anker-og-tau-design.jpg.jpg?resize=25%2C25&#038;ssl=1\" alt=\"\" width=\"25\" height=\"25\"><\/a><a href=\"https:\/\/i0.wp.com\/pequod.nesodd1.no\/wp-content\/uploads\/2019\/10\/klistremerker-anker-og-tau-design.jpg.jpg?ssl=1\"><img data-recalc-dims=\"1\" loading=\"lazy\" decoding=\"async\" data-attachment-id=\"16489\" data-permalink=\"https:\/\/pequod.nesodd1.no\/?attachment_id=16489\" data-orig-file=\"https:\/\/i0.wp.com\/pequod.nesodd1.no\/wp-content\/uploads\/2019\/10\/klistremerker-anker-og-tau-design.jpg.jpg?fit=25%2C25&amp;ssl=1\" data-orig-size=\"25,25\" data-comments-opened=\"1\" data-image-meta=\"{&quot;aperture&quot;:&quot;0&quot;,&quot;credit&quot;:&quot;tribalium81&quot;,&quot;camera&quot;:&quot;&quot;,&quot;caption&quot;:&quot;&quot;,&quot;created_timestamp&quot;:&quot;0&quot;,&quot;copyright&quot;:&quot;tribalium81&quot;,&quot;focal_length&quot;:&quot;0&quot;,&quot;iso&quot;:&quot;0&quot;,&quot;shutter_speed&quot;:&quot;0&quot;,&quot;title&quot;:&quot;anchor and rope design&quot;,&quot;orientation&quot;:&quot;1&quot;}\" data-image-title=\"anchor and rope design\" data-image-description=\"\" data-image-caption=\"\" data-large-file=\"https:\/\/i0.wp.com\/pequod.nesodd1.no\/wp-content\/uploads\/2019\/10\/klistremerker-anker-og-tau-design.jpg.jpg?fit=25%2C25&amp;ssl=1\" class=\"alignnone size-full wp-image-16489\" src=\"https:\/\/i0.wp.com\/pequod.nesodd1.no\/wp-content\/uploads\/2019\/10\/klistremerker-anker-og-tau-design.jpg.jpg?resize=25%2C25&#038;ssl=1\" alt=\"\" width=\"25\" height=\"25\"><\/a><\/strong><br \/>\n<b>Posisjon: <\/b>58\u00b01&#8217;28.2&#8243;N 7\u00b027&#8217;8.9&#8243;E<br \/>\n<b>Bes\u00f8kt antall ganger:<\/b> 12 <b>Sist bes\u00f8kt:<\/b> September 2025.&nbsp; Webkamera: Nei. <a href=\"https:\/\/www.lindesneshavn.no\/mandal-gjestehavn\" target=\"_blank\" rel=\"noopener noreferrer\">Hjemmeside<\/a><br \/>\n<b>Fasiliteter:<\/b> Servicebygg med dusj, toaletter og vaskemaskin\/t\u00f8rketromler (60\/40). Str\u00f8m og vann. S\u00f8ppel. WiFi. Septikt\u00f8mming og diesel i n\u00e6rheten (styrbord side ved innseilingen til elva), Dagligvarebutikker, kj\u00f8pesenter, restauranter og puber og det meste du kan forlange i umiddelbar n\u00e6rhet.&nbsp;<br \/>\n<b>Havneavgift (for 29-foter): 249 NOK <\/b>(hovedsesongen 2025) pluss 75,- i str\u00f8m (kan velges bort). Etter 31.8 er prisen 139 kr (2024) pluss str\u00f8m. Automat. Avgiften gjelder etter kl.18 og fram til kl.09 dagen etter. Men ettersom det er gratis \u00e5 ligge der p\u00e5 dagtid kan du alts\u00e5 ligge der fram til da uten \u00e5 betale ekstra.<br \/>\n<strong>Fort\u00f8yning:<\/strong> Langsides ved flytebrygge p\u00e5 pir 1, de \u00f8vrige, pir 2,3,4 og 5, er b\u00e5ser. Det er ogs\u00e5 noen longsideplasser mellom pirene samt rett etter den andre broa p\u00e5 babord side ved \u00d8vrebyen. Ogs\u00e5 utenfor kulturhuset Buen er det longsideplasser.<br \/>\n<b>Tilrettelagt for funksjonshemmede:&nbsp; <\/b>Delvis. Vanlig rampe opp fra flytebryggene, noe brattere ved fj\u00e6re sj\u00f8. Ogs\u00e5 eget handicaptoalett i servicebygget.<\/p>\n<p><a href=\"https:\/\/pequod.nesodd1.no\/?attachment_id=15026\" rel=\"attachment wp-att-15026\"><img data-recalc-dims=\"1\" loading=\"lazy\" decoding=\"async\" data-attachment-id=\"15026\" data-permalink=\"https:\/\/pequod.nesodd1.no\/?attachment_id=15026\" data-orig-file=\"https:\/\/i0.wp.com\/pequod.nesodd1.no\/wp-content\/uploads\/2018\/10\/IMG-3370.jpg?fit=800%2C600&amp;ssl=1\" data-orig-size=\"800,600\" data-comments-opened=\"1\" data-image-meta=\"{&quot;aperture&quot;:&quot;1.8&quot;,&quot;credit&quot;:&quot;&quot;,&quot;camera&quot;:&quot;iPhone 8 Plus&quot;,&quot;caption&quot;:&quot;&quot;,&quot;created_timestamp&quot;:&quot;1535050531&quot;,&quot;copyright&quot;:&quot;&quot;,&quot;focal_length&quot;:&quot;3.99&quot;,&quot;iso&quot;:&quot;20&quot;,&quot;shutter_speed&quot;:&quot;0.00206611570248&quot;,&quot;title&quot;:&quot;&quot;,&quot;orientation&quot;:&quot;1&quot;}\" data-image-title=\"IMG-3370\" data-image-description=\"&lt;p&gt;Mandal, gjestehavn&lt;\/p&gt;\n\" data-image-caption=\"&lt;p&gt;Gjestehavna i Mandal&lt;\/p&gt;\n\" data-large-file=\"https:\/\/i0.wp.com\/pequod.nesodd1.no\/wp-content\/uploads\/2018\/10\/IMG-3370.jpg?fit=800%2C600&amp;ssl=1\" class=\"alignleft size-medium wp-image-15026\" src=\"https:\/\/i0.wp.com\/pequod.nesodd1.no\/wp-content\/uploads\/2018\/10\/IMG-3370-300x225.jpg?resize=300%2C225\" alt=\"\" width=\"300\" height=\"225\" srcset=\"https:\/\/i0.wp.com\/pequod.nesodd1.no\/wp-content\/uploads\/2018\/10\/IMG-3370.jpg?resize=300%2C225&amp;ssl=1 300w, https:\/\/i0.wp.com\/pequod.nesodd1.no\/wp-content\/uploads\/2018\/10\/IMG-3370.jpg?resize=100%2C75&amp;ssl=1 100w, https:\/\/i0.wp.com\/pequod.nesodd1.no\/wp-content\/uploads\/2018\/10\/IMG-3370.jpg?resize=768%2C576&amp;ssl=1 768w, https:\/\/i0.wp.com\/pequod.nesodd1.no\/wp-content\/uploads\/2018\/10\/IMG-3370.jpg?w=800&amp;ssl=1 800w\" sizes=\"auto, (max-width: 300px) 100vw, 300px\" \/><\/a>Gjestehavna i Mandal ligger sentralt midt i byen i elva. Den f\u00f8rste piren f\u00e5r du p\u00e5 babord side og det er den eneste (som jeg vet om) som du kan legge til longside p\u00e5 begge sider. De \u00f8vrige lenger inn er vanlige b\u00e5splasser.&nbsp;<\/p>\n<p>Jeg betalte bare 100 kroner (2018) ettersom jeg kom utenom hovedsesongen og prisene var halvert. Usikker p\u00e5 om servicebygget var \u00e5pent ettersom du m\u00e5tte kj\u00f8pe et gjestekort og fylle det opp med en viss sum for \u00e5 kunne f\u00e5 adgang til servicebygget og benytte dusjer og toaletter. Jeg valgte \u00e5 ikke kj\u00f8pe et slikt kort denne gangen, men det er det samme systemet som gjestehavna i Halden bruker, med \u00e9n viktig forskjell: Her kan du nemlig resirkulere kortet, noe som er mye mer milj\u00f8vennlig, og noe Halden ikke gj\u00f8r. Det synes jeg er veldig positivt!<\/p>\n<p><a href=\"https:\/\/pequod.nesodd1.no\/?attachment_id=15027\" rel=\"attachment wp-att-15027\"><img data-recalc-dims=\"1\" loading=\"lazy\" decoding=\"async\" data-attachment-id=\"15027\" data-permalink=\"https:\/\/pequod.nesodd1.no\/?attachment_id=15027\" data-orig-file=\"https:\/\/i0.wp.com\/pequod.nesodd1.no\/wp-content\/uploads\/2018\/10\/IMG-3376.jpg?fit=800%2C600&amp;ssl=1\" data-orig-size=\"800,600\" data-comments-opened=\"1\" data-image-meta=\"{&quot;aperture&quot;:&quot;2.8&quot;,&quot;credit&quot;:&quot;&quot;,&quot;camera&quot;:&quot;iPhone 8 Plus&quot;,&quot;caption&quot;:&quot;&quot;,&quot;created_timestamp&quot;:&quot;1535050923&quot;,&quot;copyright&quot;:&quot;&quot;,&quot;focal_length&quot;:&quot;6.6&quot;,&quot;iso&quot;:&quot;20&quot;,&quot;shutter_speed&quot;:&quot;0.00355871886121&quot;,&quot;title&quot;:&quot;&quot;,&quot;orientation&quot;:&quot;1&quot;}\" data-image-title=\"IMG-3376\" data-image-description=\"&lt;p&gt;Mandal, gjestehavn&lt;\/p&gt;\n\" data-image-caption=\"\" data-large-file=\"https:\/\/i0.wp.com\/pequod.nesodd1.no\/wp-content\/uploads\/2018\/10\/IMG-3376.jpg?fit=800%2C600&amp;ssl=1\" class=\"size-medium wp-image-15027 alignright\" src=\"https:\/\/i0.wp.com\/pequod.nesodd1.no\/wp-content\/uploads\/2018\/10\/IMG-3376-300x225.jpg?resize=300%2C225\" alt=\"\" width=\"300\" height=\"225\" srcset=\"https:\/\/i0.wp.com\/pequod.nesodd1.no\/wp-content\/uploads\/2018\/10\/IMG-3376.jpg?resize=300%2C225&amp;ssl=1 300w, https:\/\/i0.wp.com\/pequod.nesodd1.no\/wp-content\/uploads\/2018\/10\/IMG-3376.jpg?resize=100%2C75&amp;ssl=1 100w, https:\/\/i0.wp.com\/pequod.nesodd1.no\/wp-content\/uploads\/2018\/10\/IMG-3376.jpg?resize=768%2C576&amp;ssl=1 768w, https:\/\/i0.wp.com\/pequod.nesodd1.no\/wp-content\/uploads\/2018\/10\/IMG-3376.jpg?w=800&amp;ssl=1 800w\" sizes=\"auto, (max-width: 300px) 100vw, 300px\" \/><\/a>Siden gjestehavna ligger s\u00e5 sentralt er det kort vei til det meste, og du ser det nye kulturhuset, den nye gangbroa over til huset (som visst ogs\u00e5 rommer kino), og ikke minst den ber\u00f8mte rogna, fra der du ligger.<\/p>\n<p>Jeg kan anbefale b\u00e5de fiskekakene og laksewrapsene som du f\u00e5r kj\u00f8pt i fiskehallen som ligger like ved siden av pir 1 &#8211; eller mellom pir 1 og pir 2 om du vil. Det smakte utmerket!<\/p>\n<p><strong>OPPDATERING:&nbsp;<em>&nbsp;<\/em><\/strong><em>I 2021 er utsalget lagt ned og flyttet til Malm\u00f8. Uforst\u00e5elig! Sommeren 2023 var det is-kiosk i lokalene. Fiskeutsalget skal antakelig tilbake til havneomr\u00e5det etter hvert.<\/em><\/p>\n<p><a href=\"https:\/\/i0.wp.com\/pequod.nesodd1.no\/wp-content\/uploads\/2020\/03\/IMG-3420.jpg?ssl=1\"><img data-recalc-dims=\"1\" loading=\"lazy\" decoding=\"async\" data-attachment-id=\"17634\" data-permalink=\"https:\/\/pequod.nesodd1.no\/?attachment_id=17634\" data-orig-file=\"https:\/\/i0.wp.com\/pequod.nesodd1.no\/wp-content\/uploads\/2020\/03\/IMG-3420.jpg?fit=800%2C600&amp;ssl=1\" data-orig-size=\"800,600\" data-comments-opened=\"1\" data-image-meta=\"{&quot;aperture&quot;:&quot;1.8&quot;,&quot;credit&quot;:&quot;&quot;,&quot;camera&quot;:&quot;iPhone 8 Plus&quot;,&quot;caption&quot;:&quot;&quot;,&quot;created_timestamp&quot;:&quot;1535114481&quot;,&quot;copyright&quot;:&quot;&quot;,&quot;focal_length&quot;:&quot;3.99&quot;,&quot;iso&quot;:&quot;20&quot;,&quot;shutter_speed&quot;:&quot;0.0010626992561105&quot;,&quot;title&quot;:&quot;&quot;,&quot;orientation&quot;:&quot;1&quot;}\" data-image-title=\"IMG-3420\" data-image-description=\"&lt;p&gt;Mandal, Salvesen, blankis, skipperlue&lt;\/p&gt;\n\" data-image-caption=\"\" data-large-file=\"https:\/\/i0.wp.com\/pequod.nesodd1.no\/wp-content\/uploads\/2020\/03\/IMG-3420.jpg?fit=800%2C600&amp;ssl=1\" class=\"alignleft size-medium wp-image-17634\" src=\"https:\/\/i0.wp.com\/pequod.nesodd1.no\/wp-content\/uploads\/2020\/03\/IMG-3420.jpg?resize=300%2C225&#038;ssl=1\" alt=\"\" width=\"300\" height=\"225\" srcset=\"https:\/\/i0.wp.com\/pequod.nesodd1.no\/wp-content\/uploads\/2020\/03\/IMG-3420.jpg?resize=300%2C225&amp;ssl=1 300w, https:\/\/i0.wp.com\/pequod.nesodd1.no\/wp-content\/uploads\/2020\/03\/IMG-3420.jpg?resize=100%2C75&amp;ssl=1 100w, https:\/\/i0.wp.com\/pequod.nesodd1.no\/wp-content\/uploads\/2020\/03\/IMG-3420.jpg?resize=768%2C576&amp;ssl=1 768w, https:\/\/i0.wp.com\/pequod.nesodd1.no\/wp-content\/uploads\/2020\/03\/IMG-3420.jpg?w=800&amp;ssl=1 800w\" sizes=\"auto, (max-width: 300px) 100vw, 300px\" \/><\/a>Mandal er en veldig koselig by og et sted jeg gjerne kommer tilbake til.<\/p>\n<p>Et bes\u00f8k i butikken hos Salvesen er et must. Masse fiskeutstyr og b\u00e5tutstyr &#8211; og ser du ikke det du leter etter s\u00e5 er det bare \u00e5 sp\u00f8rre, og de kan finne det meste!&nbsp;<\/p>\n<p>Selv kj\u00f8pte jeg en ordentlig skipperlue &#8211; en &laquo;blankis&raquo; &#8211; som jeg foretrekker framfor den hvite karnevalsluen med kapteinsstriper og anker p\u00e5&#8230;<\/p>\n<p><strong>OPPDATERING:&nbsp;<\/strong>Mitt andre bes\u00f8k her var i m\u00e5nedskiftet mai-juni 2020, hvor jeg l\u00e5 her tre dager i pinsen. Fortsatt halv pris p\u00e5 havneavgiften.&nbsp; Da jeg var her to m\u00e5neder senere var det vanlig pris.&nbsp;<\/p>\n<p><strong>OPPDATERING 2021:&nbsp;<\/strong>I 2021 har noen av pirene med flytebrygger blitt oppgradert, blant annet med flere str\u00f8mstolper, noe som er veldig bra ettersom det var for f\u00e5 stolper tidligere, s\u00e5 man kunne legge seg til med flere b\u00e5splasser ledige, men oppleve at det ikke var noen ledige str\u00f8muttak.<\/p>\n<p><strong>OPPDATERING 2023:&nbsp;<\/strong>Ved dette bes\u00f8ket brukte jeg serviceanlegget b\u00e5de til vask og dusj og kan opplyse at det ser veldig bra ut. Ogs\u00e5 veldig praktisk at man bare fyller opp penger p\u00e5 havnekortet og slipper \u00e5 ha et lager med 20-kroninger og 10-kroninger&#8230;&nbsp;<\/p>\n<p>Havna er dog blitt noe dyrere og de tar et tillegg for str\u00f8m (som er forst\u00e5elig med de galopperende str\u00f8mprisene), men fortsatt er den ganske billig, i alle fall utenfor hovedsesongen. Er en av mine favoritthavner p\u00e5 S\u00f8rlandet. N\u00e5 er det iskiosk i de gamle lokalene til fiskeutsalget, som n\u00e5 er malt knall rosa. Bygningen skal rives etter hvert.<\/p>\n<figure id=\"attachment_29297\" aria-describedby=\"caption-attachment-29297\" style=\"width: 300px\" class=\"wp-caption alignright\"><a href=\"https:\/\/i0.wp.com\/pequod.nesodd1.no\/wp-content\/uploads\/2024\/09\/IMG_9903.jpg?ssl=1\"><img data-recalc-dims=\"1\" loading=\"lazy\" decoding=\"async\" data-attachment-id=\"29297\" data-permalink=\"https:\/\/pequod.nesodd1.no\/?attachment_id=29297\" data-orig-file=\"https:\/\/i0.wp.com\/pequod.nesodd1.no\/wp-content\/uploads\/2024\/09\/IMG_9903.jpg?fit=960%2C720&amp;ssl=1\" data-orig-size=\"960,720\" data-comments-opened=\"1\" data-image-meta=\"{&quot;aperture&quot;:&quot;0&quot;,&quot;credit&quot;:&quot;&quot;,&quot;camera&quot;:&quot;&quot;,&quot;caption&quot;:&quot;&quot;,&quot;created_timestamp&quot;:&quot;1725637689&quot;,&quot;copyright&quot;:&quot;&quot;,&quot;focal_length&quot;:&quot;0&quot;,&quot;iso&quot;:&quot;0&quot;,&quot;shutter_speed&quot;:&quot;0&quot;,&quot;title&quot;:&quot;&quot;,&quot;orientation&quot;:&quot;1&quot;}\" data-image-title=\"IMG_9903\" data-image-description=\"&lt;p&gt;Mandal, gjestebrygge&lt;\/p&gt;\n\" data-image-caption=\"&lt;p&gt;Pir 0&lt;\/p&gt;\n\" data-large-file=\"https:\/\/i0.wp.com\/pequod.nesodd1.no\/wp-content\/uploads\/2024\/09\/IMG_9903.jpg?fit=940%2C705&amp;ssl=1\" class=\"wp-image-29297 size-medium\" src=\"https:\/\/i0.wp.com\/pequod.nesodd1.no\/wp-content\/uploads\/2024\/09\/IMG_9903.jpg?resize=300%2C225&#038;ssl=1\" alt=\"\" width=\"300\" height=\"225\" srcset=\"https:\/\/i0.wp.com\/pequod.nesodd1.no\/wp-content\/uploads\/2024\/09\/IMG_9903.jpg?resize=300%2C225&amp;ssl=1 300w, https:\/\/i0.wp.com\/pequod.nesodd1.no\/wp-content\/uploads\/2024\/09\/IMG_9903.jpg?resize=100%2C75&amp;ssl=1 100w, https:\/\/i0.wp.com\/pequod.nesodd1.no\/wp-content\/uploads\/2024\/09\/IMG_9903.jpg?resize=768%2C576&amp;ssl=1 768w, https:\/\/i0.wp.com\/pequod.nesodd1.no\/wp-content\/uploads\/2024\/09\/IMG_9903.jpg?w=960&amp;ssl=1 960w\" sizes=\"auto, (max-width: 300px) 100vw, 300px\" \/><\/a><figcaption id=\"caption-attachment-29297\" class=\"wp-caption-text\">Pir 0<\/figcaption><\/figure>\n<p><strong>OPPDATERING 2024: <\/strong>Noen kroner dyrere enn i fjor i lavsesongen, 135 kroner uten str\u00f8m mot 129 i fjor. Siden prisene p\u00e5 hjemmesidene ikke er oppdatert med \u00e5rets priser enn\u00e5 (per september 2024!), s\u00e5 vet jeg ikke hva prisen i hovedsesongen er n\u00e5 i \u00e5r&#8230; Ellers er alt stort sett det samme her, bortsett fra at de har f\u00e5tt litt fancy skilt p\u00e5 bryggene som opplyser hvilken pir det er og at dette er Norges sydligste gjestehavn.<\/p>\n<p>I tillegg har det kommet en liten gjestebrygge til, tror jeg, jeg la i alle fall ikke merke til den i fjor. Den har f\u00e5tt navnet Pir 0 (ettersom pir 1 er den f\u00f8rste gjestebrygga man kommer til og der man kun ligger langsides. Pir 0 ligger til styrbord n\u00e5r du er p\u00e5 vei inn p\u00e5 innsiden av Pir 1, alts\u00e5 n\u00e6rmere Extra-butikken, og er en kort b\u00e5sbrygge for mindre b\u00e5ter.<\/p>\n<figure id=\"attachment_18838\" aria-describedby=\"caption-attachment-18838\" style=\"width: 960px\" class=\"wp-caption aligncenter\"><a href=\"https:\/\/i0.wp.com\/pequod.nesodd1.no\/wp-content\/uploads\/2020\/06\/101555705_10157022323767032_482767170317582336_n.jpg?ssl=1\"><img data-recalc-dims=\"1\" loading=\"lazy\" decoding=\"async\" data-attachment-id=\"18838\" data-permalink=\"https:\/\/pequod.nesodd1.no\/?attachment_id=18838\" data-orig-file=\"https:\/\/i0.wp.com\/pequod.nesodd1.no\/wp-content\/uploads\/2020\/06\/101555705_10157022323767032_482767170317582336_n.jpg?fit=960%2C720&amp;ssl=1\" data-orig-size=\"960,720\" data-comments-opened=\"1\" data-image-meta=\"{&quot;aperture&quot;:&quot;0&quot;,&quot;credit&quot;:&quot;&quot;,&quot;camera&quot;:&quot;&quot;,&quot;caption&quot;:&quot;&quot;,&quot;created_timestamp&quot;:&quot;0&quot;,&quot;copyright&quot;:&quot;&quot;,&quot;focal_length&quot;:&quot;0&quot;,&quot;iso&quot;:&quot;0&quot;,&quot;shutter_speed&quot;:&quot;0&quot;,&quot;title&quot;:&quot;&quot;,&quot;orientation&quot;:&quot;0&quot;}\" data-image-title=\"101555705_10157022323767032_482767170317582336_n\" data-image-description=\"&lt;p&gt;Mandal&lt;\/p&gt;\n\" data-image-caption=\"&lt;p&gt;Mandal&lt;\/p&gt;\n\" data-large-file=\"https:\/\/i0.wp.com\/pequod.nesodd1.no\/wp-content\/uploads\/2020\/06\/101555705_10157022323767032_482767170317582336_n.jpg?fit=940%2C705&amp;ssl=1\" class=\"size-full wp-image-18838\" src=\"https:\/\/i0.wp.com\/pequod.nesodd1.no\/wp-content\/uploads\/2020\/06\/101555705_10157022323767032_482767170317582336_n.jpg?resize=940%2C705&#038;ssl=1\" alt=\"\" width=\"940\" height=\"705\" srcset=\"https:\/\/i0.wp.com\/pequod.nesodd1.no\/wp-content\/uploads\/2020\/06\/101555705_10157022323767032_482767170317582336_n.jpg?w=960&amp;ssl=1 960w, https:\/\/i0.wp.com\/pequod.nesodd1.no\/wp-content\/uploads\/2020\/06\/101555705_10157022323767032_482767170317582336_n.jpg?resize=300%2C225&amp;ssl=1 300w, https:\/\/i0.wp.com\/pequod.nesodd1.no\/wp-content\/uploads\/2020\/06\/101555705_10157022323767032_482767170317582336_n.jpg?resize=100%2C75&amp;ssl=1 100w, https:\/\/i0.wp.com\/pequod.nesodd1.no\/wp-content\/uploads\/2020\/06\/101555705_10157022323767032_482767170317582336_n.jpg?resize=768%2C576&amp;ssl=1 768w\" sizes=\"auto, (max-width: 940px) 100vw, 940px\" \/><\/a><figcaption id=\"caption-attachment-18838\" class=\"wp-caption-text\">Mandal<\/figcaption><\/figure>\n<p>&nbsp;<\/p>\n<h3>Related Images:<\/h3>","protected":false},"excerpt":{"rendered":"<p>Vurdering (5 anker er best): Posisjon: 58\u00b01&#8217;28.2&#8243;N 7\u00b027&#8217;8.9&#8243;E Bes\u00f8kt antall ganger: 12 Sist bes\u00f8kt: September 2025.&nbsp; Webkamera: Nei. Hjemmeside Fasiliteter: Servicebygg med dusj, toaletter og vaskemaskin\/t\u00f8rketromler (60\/40). Str\u00f8m og vann. S\u00f8ppel. WiFi. Septikt\u00f8mming og diesel i n\u00e6rheten (styrbord side ved innseilingen til elva), Dagligvarebutikker, kj\u00f8pesenter, restauranter og puber og det meste du kan forlange i &hellip;<br \/><a href=\"https:\/\/pequod.nesodd1.no\/?page_id=14467\" class=\"more-link pen_element_default pen_icon_arrow_double\">Les<\/a><\/p>\n","protected":false},"author":1,"featured_media":19607,"parent":5493,"menu_order":0,"comment_status":"closed","ping_status":"closed","template":"","meta":{"_crdt_document":"","ngg_post_thumbnail":0,"jetpack_post_was_ever_published":false,"footnotes":""},"class_list":["post-14467","page","type-page","status-publish","has-post-thumbnail","hentry"],"jetpack_shortlink":"https:\/\/wp.me\/P3Zd9b-3Ll","jetpack_sharing_enabled":true,"jetpack_likes_enabled":true,"jetpack-related-posts":[],"_links":{"self":[{"href":"https:\/\/pequod.nesodd1.no\/index.php?rest_route=\/wp\/v2\/pages\/14467","targetHints":{"allow":["GET"]}}],"collection":[{"href":"https:\/\/pequod.nesodd1.no\/index.php?rest_route=\/wp\/v2\/pages"}],"about":[{"href":"https:\/\/pequod.nesodd1.no\/index.php?rest_route=\/wp\/v2\/types\/page"}],"author":[{"embeddable":true,"href":"https:\/\/pequod.nesodd1.no\/index.php?rest_route=\/wp\/v2\/users\/1"}],"replies":[{"embeddable":true,"href":"https:\/\/pequod.nesodd1.no\/index.php?rest_route=%2Fwp%2Fv2%2Fcomments&post=14467"}],"version-history":[{"count":31,"href":"https:\/\/pequod.nesodd1.no\/index.php?rest_route=\/wp\/v2\/pages\/14467\/revisions"}],"predecessor-version":[{"id":30783,"href":"https:\/\/pequod.nesodd1.no\/index.php?rest_route=\/wp\/v2\/pages\/14467\/revisions\/30783"}],"up":[{"embeddable":true,"href":"https:\/\/pequod.nesodd1.no\/index.php?rest_route=\/wp\/v2\/pages\/5493"}],"wp:featuredmedia":[{"embeddable":true,"href":"https:\/\/pequod.nesodd1.no\/index.php?rest_route=\/wp\/v2\/media\/19607"}],"wp:attachment":[{"href":"https:\/\/pequod.nesodd1.no\/index.php?rest_route=%2Fwp%2Fv2%2Fmedia&parent=14467"}],"curies":[{"name":"wp","href":"https:\/\/api.w.org\/{rel}","templated":true}]}}