{"id":14472,"date":"2018-09-03T21:08:21","date_gmt":"2018-09-03T19:08:21","guid":{"rendered":"https:\/\/pequod.nesodd1.no\/?page_id=14472"},"modified":"2025-09-16T09:22:26","modified_gmt":"2025-09-16T07:22:26","slug":"arendal-gjestehavn","status":"publish","type":"page","link":"https:\/\/pequod.nesodd1.no\/?page_id=14472","title":{"rendered":"Arendal gjestehavn"},"content":{"rendered":"<p><strong>Vurdering (5 anker er best): <a href=\"https:\/\/i0.wp.com\/pequod.nesodd1.no\/wp-content\/uploads\/2019\/10\/klistremerker-anker-og-tau-design.jpg.jpg?ssl=1\"><img data-recalc-dims=\"1\" loading=\"lazy\" decoding=\"async\" data-attachment-id=\"16489\" data-permalink=\"https:\/\/pequod.nesodd1.no\/?attachment_id=16489\" data-orig-file=\"https:\/\/i0.wp.com\/pequod.nesodd1.no\/wp-content\/uploads\/2019\/10\/klistremerker-anker-og-tau-design.jpg.jpg?fit=25%2C25&amp;ssl=1\" data-orig-size=\"25,25\" data-comments-opened=\"1\" data-image-meta=\"{&quot;aperture&quot;:&quot;0&quot;,&quot;credit&quot;:&quot;tribalium81&quot;,&quot;camera&quot;:&quot;&quot;,&quot;caption&quot;:&quot;&quot;,&quot;created_timestamp&quot;:&quot;0&quot;,&quot;copyright&quot;:&quot;tribalium81&quot;,&quot;focal_length&quot;:&quot;0&quot;,&quot;iso&quot;:&quot;0&quot;,&quot;shutter_speed&quot;:&quot;0&quot;,&quot;title&quot;:&quot;anchor and rope design&quot;,&quot;orientation&quot;:&quot;1&quot;}\" data-image-title=\"anchor and rope design\" data-image-description=\"\" data-image-caption=\"\" data-large-file=\"https:\/\/i0.wp.com\/pequod.nesodd1.no\/wp-content\/uploads\/2019\/10\/klistremerker-anker-og-tau-design.jpg.jpg?fit=25%2C25&amp;ssl=1\" class=\"alignnone size-full wp-image-16489\" src=\"https:\/\/i0.wp.com\/pequod.nesodd1.no\/wp-content\/uploads\/2019\/10\/klistremerker-anker-og-tau-design.jpg.jpg?resize=25%2C25&#038;ssl=1\" alt=\"\" width=\"25\" height=\"25\"><\/a><a href=\"https:\/\/i0.wp.com\/pequod.nesodd1.no\/wp-content\/uploads\/2019\/10\/klistremerker-anker-og-tau-design.jpg.jpg?ssl=1\"><img data-recalc-dims=\"1\" loading=\"lazy\" decoding=\"async\" data-attachment-id=\"16489\" data-permalink=\"https:\/\/pequod.nesodd1.no\/?attachment_id=16489\" data-orig-file=\"https:\/\/i0.wp.com\/pequod.nesodd1.no\/wp-content\/uploads\/2019\/10\/klistremerker-anker-og-tau-design.jpg.jpg?fit=25%2C25&amp;ssl=1\" data-orig-size=\"25,25\" data-comments-opened=\"1\" data-image-meta=\"{&quot;aperture&quot;:&quot;0&quot;,&quot;credit&quot;:&quot;tribalium81&quot;,&quot;camera&quot;:&quot;&quot;,&quot;caption&quot;:&quot;&quot;,&quot;created_timestamp&quot;:&quot;0&quot;,&quot;copyright&quot;:&quot;tribalium81&quot;,&quot;focal_length&quot;:&quot;0&quot;,&quot;iso&quot;:&quot;0&quot;,&quot;shutter_speed&quot;:&quot;0&quot;,&quot;title&quot;:&quot;anchor and rope design&quot;,&quot;orientation&quot;:&quot;1&quot;}\" data-image-title=\"anchor and rope design\" data-image-description=\"\" data-image-caption=\"\" data-large-file=\"https:\/\/i0.wp.com\/pequod.nesodd1.no\/wp-content\/uploads\/2019\/10\/klistremerker-anker-og-tau-design.jpg.jpg?fit=25%2C25&amp;ssl=1\" class=\"alignnone size-full wp-image-16489\" src=\"https:\/\/i0.wp.com\/pequod.nesodd1.no\/wp-content\/uploads\/2019\/10\/klistremerker-anker-og-tau-design.jpg.jpg?resize=25%2C25&#038;ssl=1\" alt=\"\" width=\"25\" height=\"25\"><\/a><a href=\"https:\/\/i0.wp.com\/pequod.nesodd1.no\/wp-content\/uploads\/2019\/10\/klistremerker-anker-og-tau-design.jpg.jpg?ssl=1\"><img data-recalc-dims=\"1\" loading=\"lazy\" decoding=\"async\" data-attachment-id=\"16489\" data-permalink=\"https:\/\/pequod.nesodd1.no\/?attachment_id=16489\" data-orig-file=\"https:\/\/i0.wp.com\/pequod.nesodd1.no\/wp-content\/uploads\/2019\/10\/klistremerker-anker-og-tau-design.jpg.jpg?fit=25%2C25&amp;ssl=1\" data-orig-size=\"25,25\" data-comments-opened=\"1\" data-image-meta=\"{&quot;aperture&quot;:&quot;0&quot;,&quot;credit&quot;:&quot;tribalium81&quot;,&quot;camera&quot;:&quot;&quot;,&quot;caption&quot;:&quot;&quot;,&quot;created_timestamp&quot;:&quot;0&quot;,&quot;copyright&quot;:&quot;tribalium81&quot;,&quot;focal_length&quot;:&quot;0&quot;,&quot;iso&quot;:&quot;0&quot;,&quot;shutter_speed&quot;:&quot;0&quot;,&quot;title&quot;:&quot;anchor and rope design&quot;,&quot;orientation&quot;:&quot;1&quot;}\" data-image-title=\"anchor and rope design\" data-image-description=\"\" data-image-caption=\"\" data-large-file=\"https:\/\/i0.wp.com\/pequod.nesodd1.no\/wp-content\/uploads\/2019\/10\/klistremerker-anker-og-tau-design.jpg.jpg?fit=25%2C25&amp;ssl=1\" class=\"alignnone size-full wp-image-16489\" src=\"https:\/\/i0.wp.com\/pequod.nesodd1.no\/wp-content\/uploads\/2019\/10\/klistremerker-anker-og-tau-design.jpg.jpg?resize=25%2C25&#038;ssl=1\" alt=\"\" width=\"25\" height=\"25\"><\/a><\/strong><br \/>\n<b>Posisjon: <\/b>58\u00b027&#8217;23.1&#8243;N 8\u00b045&#8217;48.3&#8243;E<br \/>\n<b>Bes\u00f8kt antall ganger:<\/b> 8&nbsp;<b> Sist bes\u00f8kt:<\/b> September 2025 <strong>Webkamera:<\/strong> Nei.&nbsp; <a href=\"https:\/\/gjestehavna.no\/\" target=\"_blank\" rel=\"noopener noreferrer\">Hjemmeside<\/a><br \/>\n<b>Fasiliteter:<\/b> Servicebygg med dusj, toaletter og vaskemaskin. Str\u00f8m og vann. S\u00f8ppel. WiFi (veldig d\u00e5rlig!). Badebasseng.<br \/>\n<b>Havneavgift (for 29-foter): 425 kroner! (2025)<\/b>. <b>S\u00f8rlandets dyreste! <\/b> Inkluderer 25 kwt str\u00f8m. Ekstra str\u00f8m i tillegg. Dusj og vaskemaskin m\u00e5 ogs\u00e5 kj\u00f8pes i tillegg. Havneweb-app. Etter 1.9 65 kroner &#8211; paradoksalt nok en av landets rimeligste!<br \/>\n<strong>Fort\u00f8yning:<\/strong> Langsides innerste og ytterste flytebrygge (utsiden) samt b\u00e5ser p\u00e5 innsiden og p\u00e5 utsiden mot nord. Kan ogs\u00e5 bruke langsides i Pollen.<br \/>\n<b>Tilrettelagt for funksjonshemmede:&nbsp; <\/b>Ja. Det er rullestolrampe opp fra flytebryggene (ikke i Pollen). Ogs\u00e5 eget handicaptoalett (som jeg ikke sjekket).<\/p>\n<p><a href=\"https:\/\/pequod.nesodd1.no\/?attachment_id=14509\" rel=\"attachment wp-att-14509\"><img data-recalc-dims=\"1\" loading=\"lazy\" decoding=\"async\" data-attachment-id=\"14509\" data-permalink=\"https:\/\/pequod.nesodd1.no\/?attachment_id=14509\" data-orig-file=\"https:\/\/i0.wp.com\/pequod.nesodd1.no\/wp-content\/uploads\/2018\/09\/3112.jpg?fit=800%2C600&amp;ssl=1\" data-orig-size=\"800,600\" data-comments-opened=\"1\" data-image-meta=\"{&quot;aperture&quot;:&quot;1.8&quot;,&quot;credit&quot;:&quot;&quot;,&quot;camera&quot;:&quot;iPhone 8 Plus&quot;,&quot;caption&quot;:&quot;&quot;,&quot;created_timestamp&quot;:&quot;1535537740&quot;,&quot;copyright&quot;:&quot;&quot;,&quot;focal_length&quot;:&quot;3.99&quot;,&quot;iso&quot;:&quot;20&quot;,&quot;shutter_speed&quot;:&quot;0.00152207001522&quot;,&quot;title&quot;:&quot;&quot;,&quot;orientation&quot;:&quot;1&quot;}\" data-image-title=\"3112\" data-image-description=\"\" data-image-caption=\"\" data-large-file=\"https:\/\/i0.wp.com\/pequod.nesodd1.no\/wp-content\/uploads\/2018\/09\/3112.jpg?fit=800%2C600&amp;ssl=1\" class=\"alignleft size-medium wp-image-14509\" src=\"https:\/\/i0.wp.com\/pequod.nesodd1.no\/wp-content\/uploads\/2018\/09\/3112-300x225.jpg?resize=300%2C225\" alt=\"\" width=\"300\" height=\"225\" srcset=\"https:\/\/i0.wp.com\/pequod.nesodd1.no\/wp-content\/uploads\/2018\/09\/3112.jpg?resize=300%2C225&amp;ssl=1 300w, https:\/\/i0.wp.com\/pequod.nesodd1.no\/wp-content\/uploads\/2018\/09\/3112.jpg?resize=100%2C75&amp;ssl=1 100w, https:\/\/i0.wp.com\/pequod.nesodd1.no\/wp-content\/uploads\/2018\/09\/3112.jpg?resize=768%2C576&amp;ssl=1 768w, https:\/\/i0.wp.com\/pequod.nesodd1.no\/wp-content\/uploads\/2018\/09\/3112.jpg?w=800&amp;ssl=1 800w\" sizes=\"auto, (max-width: 300px) 100vw, 300px\" \/><\/a>Sentralt plassert i Arendal sentrum med gangavstand til Pollen (der du ogs\u00e5 kan ligge langsides). Serviceanlegget var rent og pent. Fin havn, men noe over i pris i forhold til de andre p\u00e5 S\u00f8rlandet som jeg har bes\u00f8kt. Faktisk den dyreste jeg har v\u00e6rt borte i bortsett fra Aker Brygge.<\/p>\n<p>Str\u00f8msystemet var ogs\u00e5 uvant for meg. Her er n\u00e5 100 kw\/t inkludert i prisen fra 2024 (var bare 25 f\u00f8r), men man kan kj\u00f8pe mer om man trenger det. For mitt behov var det mer enn nok str\u00f8m. Har ikke sett dette andre steder f\u00f8r.<\/p>\n<p>Str\u00f8mmen p\u00e5 stolpene kobles ikke til f\u00f8r det er betalt, da f\u00e5r man beskjed p\u00e5 SMS eller papirkvittering (hvis man velger det) hvilken stolpekontakt som man skal benytte. Viktig da at man husker hvilken kaiplass man la seg p\u00e5. Mye av det samme som Horten.<\/p>\n<p><a href=\"https:\/\/i0.wp.com\/pequod.nesodd1.no\/wp-content\/uploads\/2020\/04\/IMG-9015.jpg?ssl=1\"><img data-recalc-dims=\"1\" loading=\"lazy\" decoding=\"async\" data-attachment-id=\"18153\" data-permalink=\"https:\/\/pequod.nesodd1.no\/?attachment_id=18153\" data-orig-file=\"https:\/\/i0.wp.com\/pequod.nesodd1.no\/wp-content\/uploads\/2020\/04\/IMG-9015.jpg?fit=800%2C600&amp;ssl=1\" data-orig-size=\"800,600\" data-comments-opened=\"1\" data-image-meta=\"{&quot;aperture&quot;:&quot;1.8&quot;,&quot;credit&quot;:&quot;&quot;,&quot;camera&quot;:&quot;iPhone 8 Plus&quot;,&quot;caption&quot;:&quot;&quot;,&quot;created_timestamp&quot;:&quot;1557650709&quot;,&quot;copyright&quot;:&quot;&quot;,&quot;focal_length&quot;:&quot;3.99&quot;,&quot;iso&quot;:&quot;20&quot;,&quot;shutter_speed&quot;:&quot;0.0005&quot;,&quot;title&quot;:&quot;&quot;,&quot;orientation&quot;:&quot;1&quot;}\" data-image-title=\"IMG-9015\" data-image-description=\"&lt;p&gt;Arendal, gjestehavn&lt;\/p&gt;\n\" data-image-caption=\"\" data-large-file=\"https:\/\/i0.wp.com\/pequod.nesodd1.no\/wp-content\/uploads\/2020\/04\/IMG-9015.jpg?fit=800%2C600&amp;ssl=1\" class=\"size-medium wp-image-18153 alignright\" src=\"https:\/\/i0.wp.com\/pequod.nesodd1.no\/wp-content\/uploads\/2020\/04\/IMG-9015.jpg?resize=300%2C225&#038;ssl=1\" alt=\"\" width=\"300\" height=\"225\" srcset=\"https:\/\/i0.wp.com\/pequod.nesodd1.no\/wp-content\/uploads\/2020\/04\/IMG-9015.jpg?resize=300%2C225&amp;ssl=1 300w, https:\/\/i0.wp.com\/pequod.nesodd1.no\/wp-content\/uploads\/2020\/04\/IMG-9015.jpg?resize=100%2C75&amp;ssl=1 100w, https:\/\/i0.wp.com\/pequod.nesodd1.no\/wp-content\/uploads\/2020\/04\/IMG-9015.jpg?resize=768%2C576&amp;ssl=1 768w, https:\/\/i0.wp.com\/pequod.nesodd1.no\/wp-content\/uploads\/2020\/04\/IMG-9015.jpg?w=800&amp;ssl=1 800w\" sizes=\"auto, (max-width: 300px) 100vw, 300px\" \/><\/a>Str\u00f8mmen st\u00e5r p\u00e5 til kl. 13 dagen etter, da kobles den automatisk ut. Noe som er litt merkelig og irriterende ettersom man kan ligge til kl. 14 n\u00e5r man betaler d\u00f8gnleie, s\u00e5 hva som er logikken med at str\u00f8mmen sl\u00e5s av \u00e9n time f\u00f8r, er vanskelig \u00e5 forst\u00e5!<\/p>\n<p>Rett ved siden av gjestehavna, helt innerst, er det et stort basseng med oppvarmet vann (tror jeg). Sikkert popul\u00e6rt b\u00e5de blant store og sm\u00e5 p\u00e5 dager med ordentlig sommerv\u00e6r.<\/p>\n<p>Du ligger noe utsatt til for passerende b\u00e5ttrafikk og min erfaring er ogs\u00e5 at det, spesielt i helgene, er mye fyll og spetakkel fra mange av b\u00e5tene, uten at det blir sl\u00e5tt ned p\u00e5 av havnevaktene, som uansett stort sett er ungdommer som ikke har noe de skal ha sagt.&nbsp;<\/p>\n<p>Var innom for andre gang i mai 2019. Hovedsesongen var ikke startet opp, s\u00e5 jeg betalte bare 40 kroner for \u00e5 ligge der (uten str\u00f8m). Etter det har jeg v\u00e6rt der flere ganger, men unng\u00e5r som regel \u00e5 legge meg her til overnatting.<\/p>\n<p>Denne gjestehavna er nemlig veldig dyr med 400 kroner for alle b\u00e5ter under 32 fot. Dermed ikke en gjestehavn jeg blir lenge i. Da m\u00e5 det v\u00e6re et n\u00f8dstilfelle. Stopper stort sett bare her hvis jeg m\u00e5 proviantere og blir her bare noen f\u00e5 timer. Drar vanligvis rett forbi. Og er glatt S\u00f8rlandets dyreste!&nbsp;<\/p>\n<p>I august 2024 betalte jeg for eksempel 200 i Ris\u00f8r, 220 i Grimstad, og 250 i Tvedestrand! Arendal er ikke verdt prisen!<\/p>\n<figure id=\"attachment_17195\" aria-describedby=\"caption-attachment-17195\" style=\"width: 800px\" class=\"wp-caption aligncenter\"><a href=\"https:\/\/i0.wp.com\/pequod.nesodd1.no\/wp-content\/uploads\/2020\/03\/IMG-0505.jpg?ssl=1\"><img data-recalc-dims=\"1\" loading=\"lazy\" decoding=\"async\" data-attachment-id=\"17195\" data-permalink=\"https:\/\/pequod.nesodd1.no\/?attachment_id=17195\" data-orig-file=\"https:\/\/i0.wp.com\/pequod.nesodd1.no\/wp-content\/uploads\/2020\/03\/IMG-0505.jpg?fit=800%2C600&amp;ssl=1\" data-orig-size=\"800,600\" data-comments-opened=\"1\" data-image-meta=\"{&quot;aperture&quot;:&quot;1.8&quot;,&quot;credit&quot;:&quot;&quot;,&quot;camera&quot;:&quot;iPhone 8 Plus&quot;,&quot;caption&quot;:&quot;&quot;,&quot;created_timestamp&quot;:&quot;1564663836&quot;,&quot;copyright&quot;:&quot;&quot;,&quot;focal_length&quot;:&quot;3.99&quot;,&quot;iso&quot;:&quot;20&quot;,&quot;shutter_speed&quot;:&quot;0.00033300033300033&quot;,&quot;title&quot;:&quot;&quot;,&quot;orientation&quot;:&quot;1&quot;}\" data-image-title=\"IMG-0505\" data-image-description=\"&lt;p&gt;Arendal, gjestehavn&lt;\/p&gt;\n\" data-image-caption=\"&lt;p&gt;Arendal gjestehavn&lt;\/p&gt;\n\" data-large-file=\"https:\/\/i0.wp.com\/pequod.nesodd1.no\/wp-content\/uploads\/2020\/03\/IMG-0505.jpg?fit=800%2C600&amp;ssl=1\" class=\"size-full wp-image-17195\" src=\"https:\/\/i0.wp.com\/pequod.nesodd1.no\/wp-content\/uploads\/2020\/03\/IMG-0505.jpg?resize=800%2C600&#038;ssl=1\" alt=\"\" width=\"800\" height=\"600\" srcset=\"https:\/\/i0.wp.com\/pequod.nesodd1.no\/wp-content\/uploads\/2020\/03\/IMG-0505.jpg?w=800&amp;ssl=1 800w, https:\/\/i0.wp.com\/pequod.nesodd1.no\/wp-content\/uploads\/2020\/03\/IMG-0505.jpg?resize=300%2C225&amp;ssl=1 300w, https:\/\/i0.wp.com\/pequod.nesodd1.no\/wp-content\/uploads\/2020\/03\/IMG-0505.jpg?resize=100%2C75&amp;ssl=1 100w, https:\/\/i0.wp.com\/pequod.nesodd1.no\/wp-content\/uploads\/2020\/03\/IMG-0505.jpg?resize=768%2C576&amp;ssl=1 768w\" sizes=\"auto, (max-width: 800px) 100vw, 800px\" \/><\/a><figcaption id=\"caption-attachment-17195\" class=\"wp-caption-text\">Arendal gjestehavn<\/figcaption><\/figure>\n<p>&nbsp;<\/p>\n<h3>Related Images:<\/h3>","protected":false},"excerpt":{"rendered":"<p>Vurdering (5 anker er best): Posisjon: 58\u00b027&#8217;23.1&#8243;N 8\u00b045&#8217;48.3&#8243;E Bes\u00f8kt antall ganger: 8&nbsp; Sist bes\u00f8kt: September 2025 Webkamera: Nei.&nbsp; Hjemmeside Fasiliteter: Servicebygg med dusj, toaletter og vaskemaskin. Str\u00f8m og vann. S\u00f8ppel. WiFi (veldig d\u00e5rlig!). Badebasseng. Havneavgift (for 29-foter): 425 kroner! (2025). S\u00f8rlandets dyreste! Inkluderer 25 kwt str\u00f8m. Ekstra str\u00f8m i tillegg. Dusj og vaskemaskin m\u00e5 ogs\u00e5 &hellip;<br \/><a href=\"https:\/\/pequod.nesodd1.no\/?page_id=14472\" class=\"more-link pen_element_default pen_icon_arrow_double\">Les<\/a><\/p>\n","protected":false},"author":1,"featured_media":19670,"parent":5493,"menu_order":0,"comment_status":"closed","ping_status":"closed","template":"","meta":{"_crdt_document":"","ngg_post_thumbnail":0,"jetpack_post_was_ever_published":false,"footnotes":""},"class_list":["post-14472","page","type-page","status-publish","has-post-thumbnail","hentry"],"jetpack_shortlink":"https:\/\/wp.me\/P3Zd9b-3Lq","jetpack_sharing_enabled":true,"jetpack_likes_enabled":true,"jetpack-related-posts":[],"_links":{"self":[{"href":"https:\/\/pequod.nesodd1.no\/index.php?rest_route=\/wp\/v2\/pages\/14472","targetHints":{"allow":["GET"]}}],"collection":[{"href":"https:\/\/pequod.nesodd1.no\/index.php?rest_route=\/wp\/v2\/pages"}],"about":[{"href":"https:\/\/pequod.nesodd1.no\/index.php?rest_route=\/wp\/v2\/types\/page"}],"author":[{"embeddable":true,"href":"https:\/\/pequod.nesodd1.no\/index.php?rest_route=\/wp\/v2\/users\/1"}],"replies":[{"embeddable":true,"href":"https:\/\/pequod.nesodd1.no\/index.php?rest_route=%2Fwp%2Fv2%2Fcomments&post=14472"}],"version-history":[{"count":27,"href":"https:\/\/pequod.nesodd1.no\/index.php?rest_route=\/wp\/v2\/pages\/14472\/revisions"}],"predecessor-version":[{"id":30788,"href":"https:\/\/pequod.nesodd1.no\/index.php?rest_route=\/wp\/v2\/pages\/14472\/revisions\/30788"}],"up":[{"embeddable":true,"href":"https:\/\/pequod.nesodd1.no\/index.php?rest_route=\/wp\/v2\/pages\/5493"}],"wp:featuredmedia":[{"embeddable":true,"href":"https:\/\/pequod.nesodd1.no\/index.php?rest_route=\/wp\/v2\/media\/19670"}],"wp:attachment":[{"href":"https:\/\/pequod.nesodd1.no\/index.php?rest_route=%2Fwp%2Fv2%2Fmedia&parent=14472"}],"curies":[{"name":"wp","href":"https:\/\/api.w.org\/{rel}","templated":true}]}}