{"id":14474,"date":"2019-03-21T13:00:06","date_gmt":"2019-03-21T12:00:06","guid":{"rendered":"https:\/\/pequod.nesodd1.no\/?page_id=14474"},"modified":"2020-10-23T16:58:39","modified_gmt":"2020-10-23T14:58:39","slug":"brekkesto","status":"publish","type":"page","link":"https:\/\/pequod.nesodd1.no\/?page_id=14474","title":{"rendered":"Brekkest\u00f8"},"content":{"rendered":"<p><strong>Vurdering (5 anker er best): <a href=\"https:\/\/i0.wp.com\/pequod.nesodd1.no\/wp-content\/uploads\/2019\/10\/klistremerker-anker-og-tau-design.jpg.jpg?ssl=1\"><img data-recalc-dims=\"1\" loading=\"lazy\" decoding=\"async\" data-attachment-id=\"16489\" data-permalink=\"https:\/\/pequod.nesodd1.no\/?attachment_id=16489\" data-orig-file=\"https:\/\/i0.wp.com\/pequod.nesodd1.no\/wp-content\/uploads\/2019\/10\/klistremerker-anker-og-tau-design.jpg.jpg?fit=25%2C25&amp;ssl=1\" data-orig-size=\"25,25\" data-comments-opened=\"1\" data-image-meta=\"{&quot;aperture&quot;:&quot;0&quot;,&quot;credit&quot;:&quot;tribalium81&quot;,&quot;camera&quot;:&quot;&quot;,&quot;caption&quot;:&quot;&quot;,&quot;created_timestamp&quot;:&quot;0&quot;,&quot;copyright&quot;:&quot;tribalium81&quot;,&quot;focal_length&quot;:&quot;0&quot;,&quot;iso&quot;:&quot;0&quot;,&quot;shutter_speed&quot;:&quot;0&quot;,&quot;title&quot;:&quot;anchor and rope design&quot;,&quot;orientation&quot;:&quot;1&quot;}\" data-image-title=\"anchor and rope design\" data-image-description=\"\" data-image-caption=\"\" data-large-file=\"https:\/\/i0.wp.com\/pequod.nesodd1.no\/wp-content\/uploads\/2019\/10\/klistremerker-anker-og-tau-design.jpg.jpg?fit=25%2C25&amp;ssl=1\" class=\"alignnone size-full wp-image-16489\" src=\"https:\/\/i0.wp.com\/pequod.nesodd1.no\/wp-content\/uploads\/2019\/10\/klistremerker-anker-og-tau-design.jpg.jpg?resize=25%2C25&#038;ssl=1\" alt=\"\" width=\"25\" height=\"25\"><\/a><a href=\"https:\/\/i0.wp.com\/pequod.nesodd1.no\/wp-content\/uploads\/2019\/10\/klistremerker-anker-og-tau-design.jpg.jpg?ssl=1\"><img data-recalc-dims=\"1\" loading=\"lazy\" decoding=\"async\" data-attachment-id=\"16489\" data-permalink=\"https:\/\/pequod.nesodd1.no\/?attachment_id=16489\" data-orig-file=\"https:\/\/i0.wp.com\/pequod.nesodd1.no\/wp-content\/uploads\/2019\/10\/klistremerker-anker-og-tau-design.jpg.jpg?fit=25%2C25&amp;ssl=1\" data-orig-size=\"25,25\" data-comments-opened=\"1\" data-image-meta=\"{&quot;aperture&quot;:&quot;0&quot;,&quot;credit&quot;:&quot;tribalium81&quot;,&quot;camera&quot;:&quot;&quot;,&quot;caption&quot;:&quot;&quot;,&quot;created_timestamp&quot;:&quot;0&quot;,&quot;copyright&quot;:&quot;tribalium81&quot;,&quot;focal_length&quot;:&quot;0&quot;,&quot;iso&quot;:&quot;0&quot;,&quot;shutter_speed&quot;:&quot;0&quot;,&quot;title&quot;:&quot;anchor and rope design&quot;,&quot;orientation&quot;:&quot;1&quot;}\" data-image-title=\"anchor and rope design\" data-image-description=\"\" data-image-caption=\"\" data-large-file=\"https:\/\/i0.wp.com\/pequod.nesodd1.no\/wp-content\/uploads\/2019\/10\/klistremerker-anker-og-tau-design.jpg.jpg?fit=25%2C25&amp;ssl=1\" class=\"alignnone size-full wp-image-16489\" src=\"https:\/\/i0.wp.com\/pequod.nesodd1.no\/wp-content\/uploads\/2019\/10\/klistremerker-anker-og-tau-design.jpg.jpg?resize=25%2C25&#038;ssl=1\" alt=\"\" width=\"25\" height=\"25\"><\/a><\/strong><br \/>\n<strong>Posisjon:<\/strong> 58\u00b011&#8217;40.4&#8243;N 8\u00b020&#8217;47.3&#8243;E<br \/>\n<strong>Antall bes\u00f8k:<\/strong>&nbsp;1&nbsp;<strong>Sist bes\u00f8kt:<\/strong> 26.08.2018.<br \/>\n<strong>Fasiliteter:<\/strong> Drivstoff. Kiosk, butikk, kaf\u00e9 om sommeren i h\u00f8ysesongen.<br \/>\n<b>Havneavgift:&nbsp;<\/b>Tror ikke det er noe slikt her. Mulig i toppsesongen. Bryggen er vel laget kun for korte bes\u00f8k. Ikke noe vann eller str\u00f8m p\u00e5 den.<strong><br \/>\nFort\u00f8yning:<\/strong> Langsides. Baug mot brygge og anker.<br \/>\n<strong>Tilrettelagt for funksjonshemmede:<\/strong> Delvis&nbsp; Kommer man seg opp p\u00e5 flytebrygga er det grei adgang til land og kort avstand til kiosk og butikk.<\/p>\n<figure id=\"attachment_14983\" aria-describedby=\"caption-attachment-14983\" style=\"width: 300px\" class=\"wp-caption alignleft\"><img data-recalc-dims=\"1\" loading=\"lazy\" decoding=\"async\" data-attachment-id=\"14983\" data-permalink=\"https:\/\/pequod.nesodd1.no\/?attachment_id=14983\" data-orig-file=\"https:\/\/i0.wp.com\/pequod.nesodd1.no\/wp-content\/uploads\/2018\/10\/2678.jpg?fit=800%2C600&amp;ssl=1\" data-orig-size=\"800,600\" data-comments-opened=\"1\" data-image-meta=\"{&quot;aperture&quot;:&quot;1.8&quot;,&quot;credit&quot;:&quot;&quot;,&quot;camera&quot;:&quot;iPhone 8 Plus&quot;,&quot;caption&quot;:&quot;&quot;,&quot;created_timestamp&quot;:&quot;1535296689&quot;,&quot;copyright&quot;:&quot;&quot;,&quot;focal_length&quot;:&quot;3.99&quot;,&quot;iso&quot;:&quot;20&quot;,&quot;shutter_speed&quot;:&quot;0.000478927203065&quot;,&quot;title&quot;:&quot;&quot;,&quot;orientation&quot;:&quot;1&quot;}\" data-image-title=\"2678\" data-image-description=\"&lt;p&gt;Brekkest\u00f8&lt;\/p&gt;\n\" data-image-caption=\"&lt;p&gt;Brekekst\u00f8, ikke mye plass p\u00e5 brygga! P\u00e5 dette bildet hadde dog vinden l\u00f8yet kraftig.&lt;\/p&gt;\n\" data-large-file=\"https:\/\/i0.wp.com\/pequod.nesodd1.no\/wp-content\/uploads\/2018\/10\/2678.jpg?fit=800%2C600&amp;ssl=1\" class=\"size-medium wp-image-14983\" src=\"https:\/\/i0.wp.com\/pequod.nesodd1.no\/wp-content\/uploads\/2018\/10\/2678.jpg?resize=300%2C225&#038;ssl=1\" alt=\"\" width=\"300\" height=\"225\" srcset=\"https:\/\/i0.wp.com\/pequod.nesodd1.no\/wp-content\/uploads\/2018\/10\/2678.jpg?resize=300%2C225&amp;ssl=1 300w, https:\/\/i0.wp.com\/pequod.nesodd1.no\/wp-content\/uploads\/2018\/10\/2678.jpg?resize=100%2C75&amp;ssl=1 100w, https:\/\/i0.wp.com\/pequod.nesodd1.no\/wp-content\/uploads\/2018\/10\/2678.jpg?resize=768%2C576&amp;ssl=1 768w, https:\/\/i0.wp.com\/pequod.nesodd1.no\/wp-content\/uploads\/2018\/10\/2678.jpg?w=800&amp;ssl=1 800w\" sizes=\"auto, (max-width: 300px) 100vw, 300px\" \/><figcaption id=\"caption-attachment-14983\" class=\"wp-caption-text\">Brekkest\u00f8, ikke mye plass p\u00e5 brygga!&nbsp;<\/figcaption><\/figure>\n<p>Jeg bes\u00f8kte Brekkest\u00f8 i bare noen f\u00e5 timer og etter at hovedsesongen var over. Vet derfor ikke om man m\u00e5 betale for \u00e5 ligge der, men regner vel nesten med det i sommersesongen? Brygga var s\u00e5 full at halve b\u00e5ten ble liggende utenfor &#8211; men jeg SKULLE p\u00e5 land!<\/p>\n<p>Siden alt var stengt fikk jeg ikke pr\u00f8ve den kjempesv\u00e6re isen som kiosken p\u00e5 stedet er ber\u00f8mt for. B\u00e5de kiosk, butikk og kunstutsalg var nemlig stengt for sesongen.<\/p>\n<p>Jeg tok derfor bare en rusletur rundt og tittet p\u00e5 stedets eldste hus, som familien til en jobbkollega eier, og kom meg opp til utsiktspunktet. Det var en ganske dr\u00f8y tur for en med protese og krykke &#8211; hadde ikke klart meg uten krykka. P\u00e5 toppen var det en liten varmestua som man kunne g\u00e5 inn og sette seg i, omtrent som i Port\u00f8r. Men i Port\u00f8r var det stengt, her var den \u00e5pen. Var noen oppslag som fortalte litt om historien til stedet.<\/p>\n<figure id=\"attachment_14982\" aria-describedby=\"caption-attachment-14982\" style=\"width: 300px\" class=\"wp-caption alignright\"><img data-recalc-dims=\"1\" loading=\"lazy\" decoding=\"async\" data-attachment-id=\"14982\" data-permalink=\"https:\/\/pequod.nesodd1.no\/?attachment_id=14982\" data-orig-file=\"https:\/\/i0.wp.com\/pequod.nesodd1.no\/wp-content\/uploads\/2018\/10\/2668.jpg?fit=800%2C600&amp;ssl=1\" data-orig-size=\"800,600\" data-comments-opened=\"1\" data-image-meta=\"{&quot;aperture&quot;:&quot;1.8&quot;,&quot;credit&quot;:&quot;&quot;,&quot;camera&quot;:&quot;iPhone 8 Plus&quot;,&quot;caption&quot;:&quot;&quot;,&quot;created_timestamp&quot;:&quot;1535296212&quot;,&quot;copyright&quot;:&quot;&quot;,&quot;focal_length&quot;:&quot;3.99&quot;,&quot;iso&quot;:&quot;20&quot;,&quot;shutter_speed&quot;:&quot;0.00112485939258&quot;,&quot;title&quot;:&quot;&quot;,&quot;orientation&quot;:&quot;1&quot;}\" data-image-title=\"2668\" data-image-description=\"&lt;p&gt;Brekkest\u00f8&lt;\/p&gt;\n\" data-image-caption=\"&lt;p&gt;Brekkest\u00f8s eldste hus&lt;\/p&gt;\n\" data-large-file=\"https:\/\/i0.wp.com\/pequod.nesodd1.no\/wp-content\/uploads\/2018\/10\/2668.jpg?fit=800%2C600&amp;ssl=1\" class=\"size-medium wp-image-14982\" src=\"https:\/\/i0.wp.com\/pequod.nesodd1.no\/wp-content\/uploads\/2018\/10\/2668.jpg?resize=300%2C225&#038;ssl=1\" alt=\"\" width=\"300\" height=\"225\" srcset=\"https:\/\/i0.wp.com\/pequod.nesodd1.no\/wp-content\/uploads\/2018\/10\/2668.jpg?resize=300%2C225&amp;ssl=1 300w, https:\/\/i0.wp.com\/pequod.nesodd1.no\/wp-content\/uploads\/2018\/10\/2668.jpg?resize=100%2C75&amp;ssl=1 100w, https:\/\/i0.wp.com\/pequod.nesodd1.no\/wp-content\/uploads\/2018\/10\/2668.jpg?resize=768%2C576&amp;ssl=1 768w, https:\/\/i0.wp.com\/pequod.nesodd1.no\/wp-content\/uploads\/2018\/10\/2668.jpg?w=800&amp;ssl=1 800w\" sizes=\"auto, (max-width: 300px) 100vw, 300px\" \/><figcaption id=\"caption-attachment-14982\" class=\"wp-caption-text\">Brekkest\u00f8s eldste hus. Eies av familien til en jobbkollega. Skal v\u00e6re fra 1709.<\/figcaption><\/figure>\n<p>P\u00e5 veien tilbake til b\u00e5ten traff jeg p\u00e5 et par tyske sykkelturister som spurte om veien til utsiktspunktet, da kunne jeg faktisk fortelle dem det! Ikke verst \u00e5 gj\u00f8re debut som lokal guide etter \u00e5 ha v\u00e6rt p\u00e5 stedet for f\u00f8rste gang!<\/p>\n<p>Deretter var det bare \u00e5 kaste loss og komme seg videre.<\/p>\n<p>Gjestebrygga er liten og jeg kan tenke meg at det fort blir stappfullt der i h\u00f8ysesongen.<\/p>\n<p>Selve stedet var idyllisk som f\u00e5 og jeg kan tenke meg at det er et yrende liv der om sommeren.&nbsp;<\/p>\n<p>Jeg m\u00e5 tilbake en gang for \u00e5 f\u00e5 smake p\u00e5 den ber\u00f8mte isen!<\/p>\n<p>&nbsp;<\/p>\n<figure id=\"attachment_14984\" aria-describedby=\"caption-attachment-14984\" style=\"width: 800px\" class=\"wp-caption aligncenter\"><a href=\"https:\/\/i0.wp.com\/pequod.nesodd1.no\/wp-content\/uploads\/2018\/10\/2684.jpg?ssl=1\"><img data-recalc-dims=\"1\" loading=\"lazy\" decoding=\"async\" data-attachment-id=\"14984\" data-permalink=\"https:\/\/pequod.nesodd1.no\/?attachment_id=14984\" data-orig-file=\"https:\/\/i0.wp.com\/pequod.nesodd1.no\/wp-content\/uploads\/2018\/10\/2684.jpg?fit=800%2C600&amp;ssl=1\" data-orig-size=\"800,600\" data-comments-opened=\"1\" data-image-meta=\"{&quot;aperture&quot;:&quot;2.8&quot;,&quot;credit&quot;:&quot;&quot;,&quot;camera&quot;:&quot;iPhone 8 Plus&quot;,&quot;caption&quot;:&quot;&quot;,&quot;created_timestamp&quot;:&quot;1535297092&quot;,&quot;copyright&quot;:&quot;&quot;,&quot;focal_length&quot;:&quot;6.6&quot;,&quot;iso&quot;:&quot;20&quot;,&quot;shutter_speed&quot;:&quot;0.0006038647343&quot;,&quot;title&quot;:&quot;&quot;,&quot;orientation&quot;:&quot;1&quot;}\" data-image-title=\"2684\" data-image-description=\"&lt;p&gt;Brekkest\u00f8&lt;\/p&gt;\n\" data-image-caption=\"&lt;p&gt;Utsikt fra Brekkest\u00f8&lt;\/p&gt;\n\" data-large-file=\"https:\/\/i0.wp.com\/pequod.nesodd1.no\/wp-content\/uploads\/2018\/10\/2684.jpg?fit=800%2C600&amp;ssl=1\" class=\"size-full wp-image-14984\" src=\"https:\/\/i0.wp.com\/pequod.nesodd1.no\/wp-content\/uploads\/2018\/10\/2684.jpg?resize=800%2C600&#038;ssl=1\" alt=\"\" width=\"800\" height=\"600\" srcset=\"https:\/\/i0.wp.com\/pequod.nesodd1.no\/wp-content\/uploads\/2018\/10\/2684.jpg?w=800&amp;ssl=1 800w, https:\/\/i0.wp.com\/pequod.nesodd1.no\/wp-content\/uploads\/2018\/10\/2684.jpg?resize=100%2C75&amp;ssl=1 100w, https:\/\/i0.wp.com\/pequod.nesodd1.no\/wp-content\/uploads\/2018\/10\/2684.jpg?resize=300%2C225&amp;ssl=1 300w, https:\/\/i0.wp.com\/pequod.nesodd1.no\/wp-content\/uploads\/2018\/10\/2684.jpg?resize=768%2C576&amp;ssl=1 768w\" sizes=\"auto, (max-width: 800px) 100vw, 800px\" \/><\/a><figcaption id=\"caption-attachment-14984\" class=\"wp-caption-text\">Utsikt fra Brekkest\u00f8<\/figcaption><\/figure>\n<h3>Related Images:<\/h3>","protected":false},"excerpt":{"rendered":"<p>Vurdering (5 anker er best): Posisjon: 58\u00b011&#8217;40.4&#8243;N 8\u00b020&#8217;47.3&#8243;E Antall bes\u00f8k:&nbsp;1&nbsp;Sist bes\u00f8kt: 26.08.2018. Fasiliteter: Drivstoff. Kiosk, butikk, kaf\u00e9 om sommeren i h\u00f8ysesongen. Havneavgift:&nbsp;Tror ikke det er noe slikt her. Mulig i toppsesongen. Bryggen er vel laget kun for korte bes\u00f8k. Ikke noe vann eller str\u00f8m p\u00e5 den. Fort\u00f8yning: Langsides. Baug mot brygge og anker. Tilrettelagt for &hellip;<br \/><a href=\"https:\/\/pequod.nesodd1.no\/?page_id=14474\" class=\"more-link pen_element_default pen_icon_arrow_double\">Les<\/a><\/p>\n","protected":false},"author":1,"featured_media":14981,"parent":5495,"menu_order":0,"comment_status":"closed","ping_status":"closed","template":"","meta":{"_crdt_document":"","ngg_post_thumbnail":0,"jetpack_post_was_ever_published":false,"footnotes":""},"class_list":["post-14474","page","type-page","status-publish","has-post-thumbnail","hentry"],"jetpack_shortlink":"https:\/\/wp.me\/P3Zd9b-3Ls","jetpack_sharing_enabled":true,"jetpack_likes_enabled":true,"jetpack-related-posts":[],"_links":{"self":[{"href":"https:\/\/pequod.nesodd1.no\/index.php?rest_route=\/wp\/v2\/pages\/14474","targetHints":{"allow":["GET"]}}],"collection":[{"href":"https:\/\/pequod.nesodd1.no\/index.php?rest_route=\/wp\/v2\/pages"}],"about":[{"href":"https:\/\/pequod.nesodd1.no\/index.php?rest_route=\/wp\/v2\/types\/page"}],"author":[{"embeddable":true,"href":"https:\/\/pequod.nesodd1.no\/index.php?rest_route=\/wp\/v2\/users\/1"}],"replies":[{"embeddable":true,"href":"https:\/\/pequod.nesodd1.no\/index.php?rest_route=%2Fwp%2Fv2%2Fcomments&post=14474"}],"version-history":[{"count":14,"href":"https:\/\/pequod.nesodd1.no\/index.php?rest_route=\/wp\/v2\/pages\/14474\/revisions"}],"predecessor-version":[{"id":20406,"href":"https:\/\/pequod.nesodd1.no\/index.php?rest_route=\/wp\/v2\/pages\/14474\/revisions\/20406"}],"up":[{"embeddable":true,"href":"https:\/\/pequod.nesodd1.no\/index.php?rest_route=\/wp\/v2\/pages\/5495"}],"wp:featuredmedia":[{"embeddable":true,"href":"https:\/\/pequod.nesodd1.no\/index.php?rest_route=\/wp\/v2\/media\/14981"}],"wp:attachment":[{"href":"https:\/\/pequod.nesodd1.no\/index.php?rest_route=%2Fwp%2Fv2%2Fmedia&parent=14474"}],"curies":[{"name":"wp","href":"https:\/\/api.w.org\/{rel}","templated":true}]}}