{"id":14478,"date":"2019-03-21T12:09:24","date_gmt":"2019-03-21T11:09:24","guid":{"rendered":"https:\/\/pequod.nesodd1.no\/?page_id=14478"},"modified":"2024-09-17T21:57:30","modified_gmt":"2024-09-17T19:57:30","slug":"portor-urene","status":"publish","type":"page","link":"https:\/\/pequod.nesodd1.no\/?page_id=14478","title":{"rendered":"Port\u00f8r (Urene)"},"content":{"rendered":"<p><strong>Vurdering (5 anker er best): <a href=\"https:\/\/i0.wp.com\/pequod.nesodd1.no\/wp-content\/uploads\/2019\/10\/klistremerker-anker-og-tau-design.jpg.jpg?ssl=1\"><img data-recalc-dims=\"1\" loading=\"lazy\" decoding=\"async\" data-attachment-id=\"16489\" data-permalink=\"https:\/\/pequod.nesodd1.no\/?attachment_id=16489\" data-orig-file=\"https:\/\/i0.wp.com\/pequod.nesodd1.no\/wp-content\/uploads\/2019\/10\/klistremerker-anker-og-tau-design.jpg.jpg?fit=25%2C25&amp;ssl=1\" data-orig-size=\"25,25\" data-comments-opened=\"1\" data-image-meta=\"{&quot;aperture&quot;:&quot;0&quot;,&quot;credit&quot;:&quot;tribalium81&quot;,&quot;camera&quot;:&quot;&quot;,&quot;caption&quot;:&quot;&quot;,&quot;created_timestamp&quot;:&quot;0&quot;,&quot;copyright&quot;:&quot;tribalium81&quot;,&quot;focal_length&quot;:&quot;0&quot;,&quot;iso&quot;:&quot;0&quot;,&quot;shutter_speed&quot;:&quot;0&quot;,&quot;title&quot;:&quot;anchor and rope design&quot;,&quot;orientation&quot;:&quot;1&quot;}\" data-image-title=\"anchor and rope design\" data-image-description=\"\" data-image-caption=\"\" data-large-file=\"https:\/\/i0.wp.com\/pequod.nesodd1.no\/wp-content\/uploads\/2019\/10\/klistremerker-anker-og-tau-design.jpg.jpg?fit=25%2C25&amp;ssl=1\" class=\"alignnone size-full wp-image-16489\" src=\"https:\/\/i0.wp.com\/pequod.nesodd1.no\/wp-content\/uploads\/2019\/10\/klistremerker-anker-og-tau-design.jpg.jpg?resize=25%2C25&#038;ssl=1\" alt=\"\" width=\"25\" height=\"25\"><\/a><a href=\"https:\/\/i0.wp.com\/pequod.nesodd1.no\/wp-content\/uploads\/2019\/10\/klistremerker-anker-og-tau-design.jpg.jpg?ssl=1\"><img data-recalc-dims=\"1\" loading=\"lazy\" decoding=\"async\" data-attachment-id=\"16489\" data-permalink=\"https:\/\/pequod.nesodd1.no\/?attachment_id=16489\" data-orig-file=\"https:\/\/i0.wp.com\/pequod.nesodd1.no\/wp-content\/uploads\/2019\/10\/klistremerker-anker-og-tau-design.jpg.jpg?fit=25%2C25&amp;ssl=1\" data-orig-size=\"25,25\" data-comments-opened=\"1\" data-image-meta=\"{&quot;aperture&quot;:&quot;0&quot;,&quot;credit&quot;:&quot;tribalium81&quot;,&quot;camera&quot;:&quot;&quot;,&quot;caption&quot;:&quot;&quot;,&quot;created_timestamp&quot;:&quot;0&quot;,&quot;copyright&quot;:&quot;tribalium81&quot;,&quot;focal_length&quot;:&quot;0&quot;,&quot;iso&quot;:&quot;0&quot;,&quot;shutter_speed&quot;:&quot;0&quot;,&quot;title&quot;:&quot;anchor and rope design&quot;,&quot;orientation&quot;:&quot;1&quot;}\" data-image-title=\"anchor and rope design\" data-image-description=\"\" data-image-caption=\"\" data-large-file=\"https:\/\/i0.wp.com\/pequod.nesodd1.no\/wp-content\/uploads\/2019\/10\/klistremerker-anker-og-tau-design.jpg.jpg?fit=25%2C25&amp;ssl=1\" class=\"alignnone size-full wp-image-16489\" src=\"https:\/\/i0.wp.com\/pequod.nesodd1.no\/wp-content\/uploads\/2019\/10\/klistremerker-anker-og-tau-design.jpg.jpg?resize=25%2C25&#038;ssl=1\" alt=\"\" width=\"25\" height=\"25\"><\/a><a href=\"https:\/\/i0.wp.com\/pequod.nesodd1.no\/wp-content\/uploads\/2019\/10\/klistremerker-anker-og-tau-design.jpg.jpg?ssl=1\"><img data-recalc-dims=\"1\" loading=\"lazy\" decoding=\"async\" data-attachment-id=\"16489\" data-permalink=\"https:\/\/pequod.nesodd1.no\/?attachment_id=16489\" data-orig-file=\"https:\/\/i0.wp.com\/pequod.nesodd1.no\/wp-content\/uploads\/2019\/10\/klistremerker-anker-og-tau-design.jpg.jpg?fit=25%2C25&amp;ssl=1\" data-orig-size=\"25,25\" data-comments-opened=\"1\" data-image-meta=\"{&quot;aperture&quot;:&quot;0&quot;,&quot;credit&quot;:&quot;tribalium81&quot;,&quot;camera&quot;:&quot;&quot;,&quot;caption&quot;:&quot;&quot;,&quot;created_timestamp&quot;:&quot;0&quot;,&quot;copyright&quot;:&quot;tribalium81&quot;,&quot;focal_length&quot;:&quot;0&quot;,&quot;iso&quot;:&quot;0&quot;,&quot;shutter_speed&quot;:&quot;0&quot;,&quot;title&quot;:&quot;anchor and rope design&quot;,&quot;orientation&quot;:&quot;1&quot;}\" data-image-title=\"anchor and rope design\" data-image-description=\"\" data-image-caption=\"\" data-large-file=\"https:\/\/i0.wp.com\/pequod.nesodd1.no\/wp-content\/uploads\/2019\/10\/klistremerker-anker-og-tau-design.jpg.jpg?fit=25%2C25&amp;ssl=1\" class=\"alignnone size-full wp-image-16489\" src=\"https:\/\/i0.wp.com\/pequod.nesodd1.no\/wp-content\/uploads\/2019\/10\/klistremerker-anker-og-tau-design.jpg.jpg?resize=25%2C25&#038;ssl=1\" alt=\"\" width=\"25\" height=\"25\"><\/a><\/strong><br \/>\n<strong>Posisjon:<\/strong> 58\u00b048&#8217;14.7&#8243;N 9\u00b026&#8217;1.0&#8243;E<br \/>\n<strong>Antall bes\u00f8k:<\/strong> 2 <strong>Sist bes\u00f8kt:<\/strong> September 2024<br \/>\n<strong>Fasiliteter:<\/strong> Sittebenker i kaiomr\u00e5det. Grillplass. Port\u00f8r Pensjonat har overnattings- og mattilbud i toppsesongen n\u00e5r du g\u00e5r stien opp til veien. Servicebygg med vaskemaskin, t\u00f8rketrommel, dusjer og toaletter i pensjonatet.<br \/>\n<strong>Havneavgift:&nbsp;<\/strong>100 kr per d\u00f8gn i perioden 15. mai til 15. august. Vippses. Maks ligged\u00f8gn i denne perioden er to.<br \/>\n<strong>Fort\u00f8yning:<\/strong> Langsides. Mulig man ligger med baug og anker i toppsesongen.<br \/>\n<strong>Tilrettelagt for funksjonshemmede:<\/strong> Nei.&nbsp; Har man en lav b\u00e5t er det vanskelig \u00e5 komme seg p\u00e5 bryggene til og med ved flo sj\u00f8 ettersom de er ganske h\u00f8ye. Kommer man seg opp p\u00e5 brygga er det veldig ulendt terreng hvis man har tenkt \u00e5 pr\u00f8ve \u00e5 se seg rundt. Fra den kanten jeg la til var det vanskelig nok som protesebruker, m\u00e5tte bruke krykke til hjelp og hoppe litt. P\u00e5 brygga som l\u00e5 ut mot \u00f8st var det noe lettere. Noe ulendt turterreng f\u00f8r man kommer opp til asfaltert vei og kan se seg mer om.<\/p>\n<figure id=\"attachment_15320\" aria-describedby=\"caption-attachment-15320\" style=\"width: 300px\" class=\"wp-caption alignleft\"><img data-recalc-dims=\"1\" loading=\"lazy\" decoding=\"async\" data-attachment-id=\"15320\" data-permalink=\"https:\/\/pequod.nesodd1.no\/?attachment_id=15320\" data-orig-file=\"https:\/\/i0.wp.com\/pequod.nesodd1.no\/wp-content\/uploads\/2019\/02\/IMG-4766.jpg?fit=4032%2C3024&amp;ssl=1\" data-orig-size=\"4032,3024\" data-comments-opened=\"1\" data-image-meta=\"{&quot;aperture&quot;:&quot;2.8&quot;,&quot;credit&quot;:&quot;&quot;,&quot;camera&quot;:&quot;iPhone 8 Plus&quot;,&quot;caption&quot;:&quot;&quot;,&quot;created_timestamp&quot;:&quot;1535649167&quot;,&quot;copyright&quot;:&quot;&quot;,&quot;focal_length&quot;:&quot;6.6&quot;,&quot;iso&quot;:&quot;20&quot;,&quot;shutter_speed&quot;:&quot;0.00104166666667&quot;,&quot;title&quot;:&quot;&quot;,&quot;orientation&quot;:&quot;1&quot;}\" data-image-title=\"IMG-4766\" data-image-description=\"&lt;p&gt;Port\u00f8r&lt;\/p&gt;\n\" data-image-caption=\"&lt;p&gt;Flott utsikt!&lt;\/p&gt;\n\" data-large-file=\"https:\/\/i0.wp.com\/pequod.nesodd1.no\/wp-content\/uploads\/2019\/02\/IMG-4766.jpg?fit=940%2C705&amp;ssl=1\" class=\"size-medium wp-image-15320\" src=\"https:\/\/i0.wp.com\/pequod.nesodd1.no\/wp-content\/uploads\/2019\/02\/IMG-4766.jpg?resize=300%2C225&#038;ssl=1\" alt=\"\" width=\"300\" height=\"225\" srcset=\"https:\/\/i0.wp.com\/pequod.nesodd1.no\/wp-content\/uploads\/2019\/02\/IMG-4766.jpg?resize=300%2C225&amp;ssl=1 300w, https:\/\/i0.wp.com\/pequod.nesodd1.no\/wp-content\/uploads\/2019\/02\/IMG-4766.jpg?resize=100%2C75&amp;ssl=1 100w, https:\/\/i0.wp.com\/pequod.nesodd1.no\/wp-content\/uploads\/2019\/02\/IMG-4766.jpg?resize=768%2C576&amp;ssl=1 768w, https:\/\/i0.wp.com\/pequod.nesodd1.no\/wp-content\/uploads\/2019\/02\/IMG-4766.jpg?resize=1024%2C768&amp;ssl=1 1024w, https:\/\/i0.wp.com\/pequod.nesodd1.no\/wp-content\/uploads\/2019\/02\/IMG-4766.jpg?w=1880&amp;ssl=1 1880w, https:\/\/i0.wp.com\/pequod.nesodd1.no\/wp-content\/uploads\/2019\/02\/IMG-4766.jpg?w=2820&amp;ssl=1 2820w\" sizes=\"auto, (max-width: 300px) 100vw, 300px\" \/><figcaption id=\"caption-attachment-15320\" class=\"wp-caption-text\">Flott utsikt!<\/figcaption><\/figure>\n<p>Halv\u00f8ya Port\u00f8r er et popul\u00e6rt stopp p\u00e5 veien til og fra S\u00f8rlandet, og den siste skikkelige havna f\u00f8r du krysser grense fra Telemark til Aust-Agder. Et lite og koselig sted som ikke har noen gjestehavn, men der man kan legge til litt her og der, s\u00e5vidt jeg har forst\u00e5tt.<\/p>\n<p>D\u00f8trene mine har fortalt meg at det er p\u00e5 Port\u00f8r at innspillingene til TV-serien &laquo;Camp Kulinaris&raquo; er blitt gjort. Har aldri sett den serien, men stoler p\u00e5 dem. De har til og med pekt ut huset hvor deltakerne var!<\/p>\n<p>Jeg la til ved stedet som blir kalt for Urene og som er en lun liten bukt der det er anlagt noen brygger og sitteplasser for b\u00e5tfolket. Den ligger p\u00e5 styrbord side rett f\u00f8r du krysser ut i \u00e5pent hav.<\/p>\n<p>Synes det s\u00e5 ganske grunt ut der og da jeg var p\u00e5 tur med nyb\u00e5ten i 2019 feiget jeg ut og bakket ut fra brygga da jeg pr\u00f8vde \u00e5 legge til. Var fremdeles s\u00e5 fersk og ukjent med den at jeg ikke tok sjansen. Mulig jeg skulle ha pr\u00f8vd meg p\u00e5 den andre brygga p\u00e5 \u00f8stsiden&#8230;<\/p>\n<p>Usikker p\u00e5 om det er kommunen som st\u00e5r bak, men et skilt fra Skj\u00e6rg\u00e5rdstjenesten gir info om betaling og slikt.<\/p>\n<figure id=\"attachment_29381\" aria-describedby=\"caption-attachment-29381\" style=\"width: 300px\" class=\"wp-caption alignleft\"><a href=\"https:\/\/i0.wp.com\/pequod.nesodd1.no\/wp-content\/uploads\/2024\/09\/IMG_1043.jpeg.d3b5ab9086f3a11c49944cb9052c06fe.jpeg?ssl=1\"><img data-recalc-dims=\"1\" loading=\"lazy\" decoding=\"async\" data-attachment-id=\"29381\" data-permalink=\"https:\/\/pequod.nesodd1.no\/?attachment_id=29381\" data-orig-file=\"https:\/\/i0.wp.com\/pequod.nesodd1.no\/wp-content\/uploads\/2024\/09\/IMG_1043.jpeg.d3b5ab9086f3a11c49944cb9052c06fe.jpeg?fit=1000%2C750&amp;ssl=1\" data-orig-size=\"1000,750\" data-comments-opened=\"1\" data-image-meta=\"{&quot;aperture&quot;:&quot;0&quot;,&quot;credit&quot;:&quot;&quot;,&quot;camera&quot;:&quot;&quot;,&quot;caption&quot;:&quot;&quot;,&quot;created_timestamp&quot;:&quot;0&quot;,&quot;copyright&quot;:&quot;&quot;,&quot;focal_length&quot;:&quot;0&quot;,&quot;iso&quot;:&quot;0&quot;,&quot;shutter_speed&quot;:&quot;0&quot;,&quot;title&quot;:&quot;&quot;,&quot;orientation&quot;:&quot;0&quot;}\" data-image-title=\"IMG_1043.jpeg.d3b5ab9086f3a11c49944cb9052c06fe\" data-image-description=\"&lt;p&gt;Port\u00f8r, Urene&lt;\/p&gt;\n\" data-image-caption=\"&lt;p&gt;Tresfjorden p\u00e5 plass i 2024.&lt;\/p&gt;\n\" data-large-file=\"https:\/\/i0.wp.com\/pequod.nesodd1.no\/wp-content\/uploads\/2024\/09\/IMG_1043.jpeg.d3b5ab9086f3a11c49944cb9052c06fe.jpeg?fit=940%2C705&amp;ssl=1\" class=\"wp-image-29381 size-medium\" src=\"https:\/\/i0.wp.com\/pequod.nesodd1.no\/wp-content\/uploads\/2024\/09\/IMG_1043.jpeg.d3b5ab9086f3a11c49944cb9052c06fe.jpeg?resize=300%2C225&#038;ssl=1\" alt=\"\" width=\"300\" height=\"225\" srcset=\"https:\/\/i0.wp.com\/pequod.nesodd1.no\/wp-content\/uploads\/2024\/09\/IMG_1043.jpeg.d3b5ab9086f3a11c49944cb9052c06fe.jpeg?resize=300%2C225&amp;ssl=1 300w, https:\/\/i0.wp.com\/pequod.nesodd1.no\/wp-content\/uploads\/2024\/09\/IMG_1043.jpeg.d3b5ab9086f3a11c49944cb9052c06fe.jpeg?resize=100%2C75&amp;ssl=1 100w, https:\/\/i0.wp.com\/pequod.nesodd1.no\/wp-content\/uploads\/2024\/09\/IMG_1043.jpeg.d3b5ab9086f3a11c49944cb9052c06fe.jpeg?resize=768%2C576&amp;ssl=1 768w, https:\/\/i0.wp.com\/pequod.nesodd1.no\/wp-content\/uploads\/2024\/09\/IMG_1043.jpeg.d3b5ab9086f3a11c49944cb9052c06fe.jpeg?w=1000&amp;ssl=1 1000w\" sizes=\"auto, (max-width: 300px) 100vw, 300px\" \/><\/a><figcaption id=\"caption-attachment-29381\" class=\"wp-caption-text\">Tresfjorden p\u00e5 plass i 2024.<\/figcaption><\/figure>\n<p>Det var stille og idyllisk de timene jeg l\u00e5 der, og jeg var eneste b\u00e5t i slutten av august.<\/p>\n<p>Tok en tur i nabolaget og klarte \u00e5 komme meg opp p\u00e5 toppen av Vakthusheia der du har en fantastisk utsikt!<\/p>\n<p><strong>OPPDATERING 2024:&nbsp;<\/strong>Mitt andre bes\u00f8k ble foretatt seks \u00e5r senere, da med Tresfjorden. Ble da overnatting i tillegg. Fant da ut at det er god dybde litt lenger inn p\u00e5 den kaia jeg l\u00e5 p\u00e5 f\u00f8rste gang, og god dybde p\u00e5 den \u00f8stre kaia ogs\u00e5 ganske langt inn.<\/p>\n<p>Jeg fant ogs\u00e5 ut at servicebygget ligger i pensjonatet som du kommer til hvis du g\u00e5r til venstre n\u00e5r du kommer opp p\u00e5 den asfalterte veien. Det koster 50kr for en vask og det samme for en t\u00f8rk, mens dusjen koster 20kr. Alt med kort.<\/p>\n<figure id=\"attachment_15113\" aria-describedby=\"caption-attachment-15113\" style=\"width: 800px\" class=\"wp-caption aligncenter\"><a href=\"https:\/\/i0.wp.com\/pequod.nesodd1.no\/wp-content\/uploads\/2018\/10\/AIMG-4720.jpg?ssl=1\"><img data-recalc-dims=\"1\" loading=\"lazy\" decoding=\"async\" data-attachment-id=\"15113\" data-permalink=\"https:\/\/pequod.nesodd1.no\/?attachment_id=15113\" data-orig-file=\"https:\/\/i0.wp.com\/pequod.nesodd1.no\/wp-content\/uploads\/2018\/10\/AIMG-4720.jpg?fit=800%2C600&amp;ssl=1\" data-orig-size=\"800,600\" data-comments-opened=\"1\" data-image-meta=\"{&quot;aperture&quot;:&quot;1.8&quot;,&quot;credit&quot;:&quot;&quot;,&quot;camera&quot;:&quot;iPhone 8 Plus&quot;,&quot;caption&quot;:&quot;&quot;,&quot;created_timestamp&quot;:&quot;1535649440&quot;,&quot;copyright&quot;:&quot;&quot;,&quot;focal_length&quot;:&quot;3.99&quot;,&quot;iso&quot;:&quot;20&quot;,&quot;shutter_speed&quot;:&quot;0.0006038647343&quot;,&quot;title&quot;:&quot;&quot;,&quot;orientation&quot;:&quot;1&quot;}\" data-image-title=\"AIMG-4720\" data-image-description=\"&lt;p&gt;Port\u00f8r, Urene&lt;\/p&gt;\n\" data-image-caption=\"&lt;p&gt;Port\u00f8r. Brygga jeg l\u00e5 ved er p\u00e5 motsatt side av den du ser p\u00e5 bildet.&lt;\/p&gt;\n\" data-large-file=\"https:\/\/i0.wp.com\/pequod.nesodd1.no\/wp-content\/uploads\/2018\/10\/AIMG-4720.jpg?fit=800%2C600&amp;ssl=1\" class=\"size-full wp-image-15113\" src=\"https:\/\/i0.wp.com\/pequod.nesodd1.no\/wp-content\/uploads\/2018\/10\/AIMG-4720.jpg?resize=800%2C600&#038;ssl=1\" alt=\"\" width=\"800\" height=\"600\" srcset=\"https:\/\/i0.wp.com\/pequod.nesodd1.no\/wp-content\/uploads\/2018\/10\/AIMG-4720.jpg?w=800&amp;ssl=1 800w, https:\/\/i0.wp.com\/pequod.nesodd1.no\/wp-content\/uploads\/2018\/10\/AIMG-4720.jpg?resize=100%2C75&amp;ssl=1 100w, https:\/\/i0.wp.com\/pequod.nesodd1.no\/wp-content\/uploads\/2018\/10\/AIMG-4720.jpg?resize=300%2C225&amp;ssl=1 300w, https:\/\/i0.wp.com\/pequod.nesodd1.no\/wp-content\/uploads\/2018\/10\/AIMG-4720.jpg?resize=768%2C576&amp;ssl=1 768w\" sizes=\"auto, (max-width: 800px) 100vw, 800px\" \/><\/a><figcaption id=\"caption-attachment-15113\" class=\"wp-caption-text\">Port\u00f8r. Brygga jeg l\u00e5 ved er p\u00e5 motsatt side av den du ser p\u00e5 bildet. Bryggene helt til venstre i bildet er private.<\/figcaption><\/figure>\n<h3>Related Images:<\/h3>","protected":false},"excerpt":{"rendered":"<p>Vurdering (5 anker er best): Posisjon: 58\u00b048&#8217;14.7&#8243;N 9\u00b026&#8217;1.0&#8243;E Antall bes\u00f8k: 2 Sist bes\u00f8kt: September 2024 Fasiliteter: Sittebenker i kaiomr\u00e5det. Grillplass. Port\u00f8r Pensjonat har overnattings- og mattilbud i toppsesongen n\u00e5r du g\u00e5r stien opp til veien. Servicebygg med vaskemaskin, t\u00f8rketrommel, dusjer og toaletter i pensjonatet. Havneavgift:&nbsp;100 kr per d\u00f8gn i perioden 15. mai til 15. august. &hellip;<br \/><a href=\"https:\/\/pequod.nesodd1.no\/?page_id=14478\" class=\"more-link pen_element_default pen_icon_arrow_double\">Les<\/a><\/p>\n","protected":false},"author":1,"featured_media":15110,"parent":5495,"menu_order":0,"comment_status":"closed","ping_status":"closed","template":"","meta":{"_crdt_document":"","ngg_post_thumbnail":0,"jetpack_post_was_ever_published":false,"footnotes":""},"class_list":["post-14478","page","type-page","status-publish","has-post-thumbnail","hentry"],"jetpack_shortlink":"https:\/\/wp.me\/P3Zd9b-3Lw","jetpack_sharing_enabled":true,"jetpack_likes_enabled":true,"jetpack-related-posts":[],"_links":{"self":[{"href":"https:\/\/pequod.nesodd1.no\/index.php?rest_route=\/wp\/v2\/pages\/14478","targetHints":{"allow":["GET"]}}],"collection":[{"href":"https:\/\/pequod.nesodd1.no\/index.php?rest_route=\/wp\/v2\/pages"}],"about":[{"href":"https:\/\/pequod.nesodd1.no\/index.php?rest_route=\/wp\/v2\/types\/page"}],"author":[{"embeddable":true,"href":"https:\/\/pequod.nesodd1.no\/index.php?rest_route=\/wp\/v2\/users\/1"}],"replies":[{"embeddable":true,"href":"https:\/\/pequod.nesodd1.no\/index.php?rest_route=%2Fwp%2Fv2%2Fcomments&post=14478"}],"version-history":[{"count":12,"href":"https:\/\/pequod.nesodd1.no\/index.php?rest_route=\/wp\/v2\/pages\/14478\/revisions"}],"predecessor-version":[{"id":29382,"href":"https:\/\/pequod.nesodd1.no\/index.php?rest_route=\/wp\/v2\/pages\/14478\/revisions\/29382"}],"up":[{"embeddable":true,"href":"https:\/\/pequod.nesodd1.no\/index.php?rest_route=\/wp\/v2\/pages\/5495"}],"wp:featuredmedia":[{"embeddable":true,"href":"https:\/\/pequod.nesodd1.no\/index.php?rest_route=\/wp\/v2\/media\/15110"}],"wp:attachment":[{"href":"https:\/\/pequod.nesodd1.no\/index.php?rest_route=%2Fwp%2Fv2%2Fmedia&parent=14478"}],"curies":[{"name":"wp","href":"https:\/\/api.w.org\/{rel}","templated":true}]}}