{"id":14955,"date":"2018-10-15T09:50:30","date_gmt":"2018-10-15T07:50:30","guid":{"rendered":"https:\/\/pequod.nesodd1.no\/?page_id=14955"},"modified":"2020-10-25T12:50:27","modified_gmt":"2020-10-25T11:50:27","slug":"langoyene","status":"publish","type":"page","link":"https:\/\/pequod.nesodd1.no\/?page_id=14955","title":{"rendered":"Lang\u00f8yene"},"content":{"rendered":"<p><strong>Vurdering (5 anker er best): <a href=\"https:\/\/i0.wp.com\/pequod.nesodd1.no\/wp-content\/uploads\/2019\/10\/klistremerker-anker-og-tau-design.jpg.jpg?ssl=1\"><img data-recalc-dims=\"1\" loading=\"lazy\" decoding=\"async\" data-attachment-id=\"16489\" data-permalink=\"https:\/\/pequod.nesodd1.no\/?attachment_id=16489\" data-orig-file=\"https:\/\/i0.wp.com\/pequod.nesodd1.no\/wp-content\/uploads\/2019\/10\/klistremerker-anker-og-tau-design.jpg.jpg?fit=25%2C25&amp;ssl=1\" data-orig-size=\"25,25\" data-comments-opened=\"1\" data-image-meta=\"{&quot;aperture&quot;:&quot;0&quot;,&quot;credit&quot;:&quot;tribalium81&quot;,&quot;camera&quot;:&quot;&quot;,&quot;caption&quot;:&quot;&quot;,&quot;created_timestamp&quot;:&quot;0&quot;,&quot;copyright&quot;:&quot;tribalium81&quot;,&quot;focal_length&quot;:&quot;0&quot;,&quot;iso&quot;:&quot;0&quot;,&quot;shutter_speed&quot;:&quot;0&quot;,&quot;title&quot;:&quot;anchor and rope design&quot;,&quot;orientation&quot;:&quot;1&quot;}\" data-image-title=\"anchor and rope design\" data-image-description=\"\" data-image-caption=\"\" data-large-file=\"https:\/\/i0.wp.com\/pequod.nesodd1.no\/wp-content\/uploads\/2019\/10\/klistremerker-anker-og-tau-design.jpg.jpg?fit=25%2C25&amp;ssl=1\" class=\"alignnone size-full wp-image-16489\" src=\"https:\/\/i0.wp.com\/pequod.nesodd1.no\/wp-content\/uploads\/2019\/10\/klistremerker-anker-og-tau-design.jpg.jpg?resize=25%2C25&#038;ssl=1\" alt=\"\" width=\"25\" height=\"25\"><\/a><a href=\"https:\/\/i0.wp.com\/pequod.nesodd1.no\/wp-content\/uploads\/2019\/10\/klistremerker-anker-og-tau-design.jpg.jpg?ssl=1\"><img data-recalc-dims=\"1\" loading=\"lazy\" decoding=\"async\" data-attachment-id=\"16489\" data-permalink=\"https:\/\/pequod.nesodd1.no\/?attachment_id=16489\" data-orig-file=\"https:\/\/i0.wp.com\/pequod.nesodd1.no\/wp-content\/uploads\/2019\/10\/klistremerker-anker-og-tau-design.jpg.jpg?fit=25%2C25&amp;ssl=1\" data-orig-size=\"25,25\" data-comments-opened=\"1\" data-image-meta=\"{&quot;aperture&quot;:&quot;0&quot;,&quot;credit&quot;:&quot;tribalium81&quot;,&quot;camera&quot;:&quot;&quot;,&quot;caption&quot;:&quot;&quot;,&quot;created_timestamp&quot;:&quot;0&quot;,&quot;copyright&quot;:&quot;tribalium81&quot;,&quot;focal_length&quot;:&quot;0&quot;,&quot;iso&quot;:&quot;0&quot;,&quot;shutter_speed&quot;:&quot;0&quot;,&quot;title&quot;:&quot;anchor and rope design&quot;,&quot;orientation&quot;:&quot;1&quot;}\" data-image-title=\"anchor and rope design\" data-image-description=\"\" data-image-caption=\"\" data-large-file=\"https:\/\/i0.wp.com\/pequod.nesodd1.no\/wp-content\/uploads\/2019\/10\/klistremerker-anker-og-tau-design.jpg.jpg?fit=25%2C25&amp;ssl=1\" class=\"alignnone size-full wp-image-16489\" src=\"https:\/\/i0.wp.com\/pequod.nesodd1.no\/wp-content\/uploads\/2019\/10\/klistremerker-anker-og-tau-design.jpg.jpg?resize=25%2C25&#038;ssl=1\" alt=\"\" width=\"25\" height=\"25\"><\/a><\/strong><br \/>\n<strong>Posisjon: <\/strong>59\u00b052&#8217;16.9&#8243;N 10\u00b043&#8217;32.2&#8243;E<br \/>\n<strong>Totalt antall bes\u00f8k:<\/strong> 1 <strong>Sist bes\u00f8kt:<\/strong>&nbsp;7.10.2018<br \/>\n<strong>Fasiliteter:<\/strong> Kiosk, toaletter (kun i sommersesongen).<br \/>\n<strong>Fort\u00f8yning:&nbsp;<\/strong>Langsides<br \/>\n<strong>Tilrettelagt for funksjonshemmede:<\/strong> Delvis. Kommer du med egen b\u00e5t og legger til ved siden av der Ruter-b\u00e5ten legger til, s\u00e5 er det rullestolramper opp til bakkeniv\u00e5 fra brygga. F\u00f8rst og fremst tenkt p\u00e5 til Ruterfergene.&nbsp;Stiene\/gangveiene rundt om p\u00e5 \u00f8ya er ogs\u00e5 greie \u00e5 ferdes p\u00e5 s\u00e5 lenge du ikke skal opp til teltomr\u00e5dene p\u00e5 Nordre Lang\u00f8ya.<\/p>\n<p><a href=\"https:\/\/pequod.nesodd1.no\/?attachment_id=14956\" rel=\"attachment wp-att-14956\"><img data-recalc-dims=\"1\" loading=\"lazy\" decoding=\"async\" data-attachment-id=\"14956\" data-permalink=\"https:\/\/pequod.nesodd1.no\/?attachment_id=14956\" data-orig-file=\"https:\/\/i0.wp.com\/pequod.nesodd1.no\/wp-content\/uploads\/2018\/10\/43331105_2156793464574795_1841575345371742208_n.jpg?fit=960%2C720&amp;ssl=1\" data-orig-size=\"960,720\" data-comments-opened=\"1\" data-image-meta=\"{&quot;aperture&quot;:&quot;0&quot;,&quot;credit&quot;:&quot;&quot;,&quot;camera&quot;:&quot;&quot;,&quot;caption&quot;:&quot;&quot;,&quot;created_timestamp&quot;:&quot;0&quot;,&quot;copyright&quot;:&quot;&quot;,&quot;focal_length&quot;:&quot;0&quot;,&quot;iso&quot;:&quot;0&quot;,&quot;shutter_speed&quot;:&quot;0&quot;,&quot;title&quot;:&quot;&quot;,&quot;orientation&quot;:&quot;0&quot;}\" data-image-title=\"43331105_2156793464574795_1841575345371742208_n\" data-image-description=\"&lt;p&gt;Lang\u00f8yene&lt;\/p&gt;\n\" data-image-caption=\"\" data-large-file=\"https:\/\/i0.wp.com\/pequod.nesodd1.no\/wp-content\/uploads\/2018\/10\/43331105_2156793464574795_1841575345371742208_n.jpg?fit=940%2C705&amp;ssl=1\" class=\"alignleft size-medium wp-image-14956\" src=\"https:\/\/i0.wp.com\/pequod.nesodd1.no\/wp-content\/uploads\/2018\/10\/43331105_2156793464574795_1841575345371742208_n-300x225.jpg?resize=300%2C225\" alt=\"\" width=\"300\" height=\"225\" srcset=\"https:\/\/i0.wp.com\/pequod.nesodd1.no\/wp-content\/uploads\/2018\/10\/43331105_2156793464574795_1841575345371742208_n.jpg?resize=300%2C225&amp;ssl=1 300w, https:\/\/i0.wp.com\/pequod.nesodd1.no\/wp-content\/uploads\/2018\/10\/43331105_2156793464574795_1841575345371742208_n.jpg?resize=100%2C75&amp;ssl=1 100w, https:\/\/i0.wp.com\/pequod.nesodd1.no\/wp-content\/uploads\/2018\/10\/43331105_2156793464574795_1841575345371742208_n.jpg?resize=768%2C576&amp;ssl=1 768w, https:\/\/i0.wp.com\/pequod.nesodd1.no\/wp-content\/uploads\/2018\/10\/43331105_2156793464574795_1841575345371742208_n.jpg?w=960&amp;ssl=1 960w\" sizes=\"auto, (max-width: 300px) 100vw, 300px\" \/><\/a>Det tok meg nesten fem \u00e5r \u00e5 komme meg til Lang\u00f8yene med egen b\u00e5t. En av \u00e5rsakene er at det ikke finnes noen fort\u00f8yningsteder for privatb\u00e5ter der. Jeg m\u00e5, p\u00e5 grunn av at jeg er amputert,&nbsp; helst legge til ved en eller annen form for brygge for \u00e5 komme meg i land, i alle fall n\u00e5r jeg er alene. Brygga jeg la til ved er da ogs\u00e5 merket med fort\u00f8yning forbudt, men jeg tok sjansen i oktober!<\/p>\n<p>Jeg var der strengt tatt for f\u00f8rste gang litt tidligere p\u00e5 sommeren, men det var fordi jeg fungerte som en slags skyssb\u00e5t for ungdommene mine, som hadde overnatting der. Hentet en b\u00f8ling i Oslo f\u00f8rst og plukket deretter opp den siste p\u00e5 Nesodden.<\/p>\n<p>Men dette var alts\u00e5 f\u00f8rste gang jeg gikk i land selv.<\/p>\n<p>Jeg la meg derfor til ytterst p\u00e5 brygga der Ruter-fergene legger til om sommeren. Siden det var oktober hadde da ogs\u00e5 Ruterb\u00e5tene sluttet \u00e5 g\u00e5 dit, s\u00e5 jeg kunne gj\u00f8re det uten fare for \u00e5 v\u00e6re i veien eller utsatt for propellstr\u00f8mmene fra Oslofergene.<\/p>\n<p>Jeg ble m\u00f8tt av en annen mann som hadde tatt turen ut til \u00f8ya i en liten RIB. Han fortalte om alt s\u00f8plet han hadde sett flyte opp og ristet p\u00e5 hodet over at det i det hele tatt var lov til \u00e5 bade der.<\/p>\n<p><img data-recalc-dims=\"1\" loading=\"lazy\" decoding=\"async\" data-attachment-id=\"14957\" data-permalink=\"https:\/\/pequod.nesodd1.no\/?attachment_id=14957\" data-orig-file=\"https:\/\/i0.wp.com\/pequod.nesodd1.no\/wp-content\/uploads\/2018\/10\/43286855_2156793517908123_4524075501702086656_n.jpg?fit=960%2C720&amp;ssl=1\" data-orig-size=\"960,720\" data-comments-opened=\"1\" data-image-meta=\"{&quot;aperture&quot;:&quot;0&quot;,&quot;credit&quot;:&quot;&quot;,&quot;camera&quot;:&quot;&quot;,&quot;caption&quot;:&quot;&quot;,&quot;created_timestamp&quot;:&quot;0&quot;,&quot;copyright&quot;:&quot;&quot;,&quot;focal_length&quot;:&quot;0&quot;,&quot;iso&quot;:&quot;0&quot;,&quot;shutter_speed&quot;:&quot;0&quot;,&quot;title&quot;:&quot;&quot;,&quot;orientation&quot;:&quot;0&quot;}\" data-image-title=\"43286855_2156793517908123_4524075501702086656_n\" data-image-description=\"&lt;p&gt;Lang\u00f8yene&lt;\/p&gt;\n\" data-image-caption=\"\" data-large-file=\"https:\/\/i0.wp.com\/pequod.nesodd1.no\/wp-content\/uploads\/2018\/10\/43286855_2156793517908123_4524075501702086656_n.jpg?fit=940%2C705&amp;ssl=1\" class=\"alignleft size-medium wp-image-14957\" src=\"https:\/\/i0.wp.com\/pequod.nesodd1.no\/wp-content\/uploads\/2018\/10\/43286855_2156793517908123_4524075501702086656_n-300x225.jpg?resize=300%2C225\" alt=\"\" width=\"300\" height=\"225\" srcset=\"https:\/\/i0.wp.com\/pequod.nesodd1.no\/wp-content\/uploads\/2018\/10\/43286855_2156793517908123_4524075501702086656_n.jpg?resize=300%2C225&amp;ssl=1 300w, https:\/\/i0.wp.com\/pequod.nesodd1.no\/wp-content\/uploads\/2018\/10\/43286855_2156793517908123_4524075501702086656_n.jpg?resize=100%2C75&amp;ssl=1 100w, https:\/\/i0.wp.com\/pequod.nesodd1.no\/wp-content\/uploads\/2018\/10\/43286855_2156793517908123_4524075501702086656_n.jpg?resize=768%2C576&amp;ssl=1 768w, https:\/\/i0.wp.com\/pequod.nesodd1.no\/wp-content\/uploads\/2018\/10\/43286855_2156793517908123_4524075501702086656_n.jpg?w=960&amp;ssl=1 960w\" sizes=\"auto, (max-width: 300px) 100vw, 300px\" \/><\/p>\n<p>Lang\u00f8yene best\u00e5r jo som kjent av to \u00f8yer, Nordre Lang\u00f8ya og S\u00f8ndre Lang\u00f8ya. Omr\u00e5det imellom er Oslos gamle s\u00f8ppelplass som var i bruk fra 1904 og fram til etter andre verdenskrig.<\/p>\n<p>Gasser og forurensning fra \u00abgammel moro\u00bb har v\u00e6rt et problem siden da, og for f\u00e5 \u00e5r siden stengte Oslo kommune \u00f8ya. I dag er bading kun tillatt fra den stranda som vender mot Nesoddlandet.<\/p>\n<p>Resten av omr\u00e5det er ferdsel forbudt, og det var vel p\u00e5 dette omr\u00e5det det fl\u00f8t opp s\u00f8ppel, men jeg fikk ikke sjekket det siden jeg bare tok meg en kort spasertur opp til den \u00e5pne badeplassen ved kiosken og tilbake. Jeg har vel ikke v\u00e6rt her siden p\u00e5 midten av 90-tallet.<\/p>\n<p>Det er et flott sted dog, idyllisk, men forurensningen gj\u00f8r at jeg er litt tvilsom til \u00e5 opps\u00f8ke den om sommeren, og siden det er s\u00e5 vanskelig med egen b\u00e5t, s\u00e5 blir det vel kanskje med dette ene bes\u00f8ket?<\/p>\n<p><span style=\"color: #ff0000;\"><strong>OPPDATERING: Lang\u00f8yene er STENGT sommeren 2020 og 2021 p\u00e5 grunn av opprenskningsarbeider.<\/strong><\/span><\/p>\n<p><a href=\"https:\/\/i0.wp.com\/pequod.nesodd1.no\/wp-content\/uploads\/2018\/10\/IMG-6162.jpg?ssl=1\"><img data-recalc-dims=\"1\" loading=\"lazy\" decoding=\"async\" data-attachment-id=\"15087\" data-permalink=\"https:\/\/pequod.nesodd1.no\/?attachment_id=15087\" data-orig-file=\"https:\/\/i0.wp.com\/pequod.nesodd1.no\/wp-content\/uploads\/2018\/10\/IMG-6162.jpg?fit=800%2C600&amp;ssl=1\" data-orig-size=\"800,600\" data-comments-opened=\"1\" data-image-meta=\"{&quot;aperture&quot;:&quot;1.8&quot;,&quot;credit&quot;:&quot;&quot;,&quot;camera&quot;:&quot;iPhone 8 Plus&quot;,&quot;caption&quot;:&quot;&quot;,&quot;created_timestamp&quot;:&quot;1538934477&quot;,&quot;copyright&quot;:&quot;&quot;,&quot;focal_length&quot;:&quot;3.99&quot;,&quot;iso&quot;:&quot;50&quot;,&quot;shutter_speed&quot;:&quot;0.00833333333333&quot;,&quot;title&quot;:&quot;&quot;,&quot;orientation&quot;:&quot;1&quot;}\" data-image-title=\"IMG-6162\" data-image-description=\"&lt;p&gt;Lang\u00f8yene&lt;\/p&gt;\n\" data-image-caption=\"\" data-large-file=\"https:\/\/i0.wp.com\/pequod.nesodd1.no\/wp-content\/uploads\/2018\/10\/IMG-6162.jpg?fit=800%2C600&amp;ssl=1\" class=\"aligncenter size-full wp-image-15087\" src=\"https:\/\/i0.wp.com\/pequod.nesodd1.no\/wp-content\/uploads\/2018\/10\/IMG-6162.jpg?resize=800%2C600&#038;ssl=1\" alt=\"\" width=\"800\" height=\"600\" srcset=\"https:\/\/i0.wp.com\/pequod.nesodd1.no\/wp-content\/uploads\/2018\/10\/IMG-6162.jpg?w=800&amp;ssl=1 800w, https:\/\/i0.wp.com\/pequod.nesodd1.no\/wp-content\/uploads\/2018\/10\/IMG-6162.jpg?resize=100%2C75&amp;ssl=1 100w, https:\/\/i0.wp.com\/pequod.nesodd1.no\/wp-content\/uploads\/2018\/10\/IMG-6162.jpg?resize=300%2C225&amp;ssl=1 300w, https:\/\/i0.wp.com\/pequod.nesodd1.no\/wp-content\/uploads\/2018\/10\/IMG-6162.jpg?resize=768%2C576&amp;ssl=1 768w\" sizes=\"auto, (max-width: 800px) 100vw, 800px\" \/><\/a><\/p>\n<h3>Related Images:<\/h3>","protected":false},"excerpt":{"rendered":"<p>Vurdering (5 anker er best): Posisjon: 59\u00b052&#8217;16.9&#8243;N 10\u00b043&#8217;32.2&#8243;E Totalt antall bes\u00f8k: 1 Sist bes\u00f8kt:&nbsp;7.10.2018 Fasiliteter: Kiosk, toaletter (kun i sommersesongen). Fort\u00f8yning:&nbsp;Langsides Tilrettelagt for funksjonshemmede: Delvis. Kommer du med egen b\u00e5t og legger til ved siden av der Ruter-b\u00e5ten legger til, s\u00e5 er det rullestolramper opp til bakkeniv\u00e5 fra brygga. F\u00f8rst og fremst tenkt p\u00e5 til &hellip;<br \/><a href=\"https:\/\/pequod.nesodd1.no\/?page_id=14955\" class=\"more-link pen_element_default pen_icon_arrow_double\">Les<\/a><\/p>\n","protected":false},"author":1,"featured_media":14958,"parent":5656,"menu_order":0,"comment_status":"closed","ping_status":"closed","template":"","meta":{"_crdt_document":"","ngg_post_thumbnail":0,"jetpack_post_was_ever_published":false,"footnotes":""},"class_list":["post-14955","page","type-page","status-publish","has-post-thumbnail","hentry"],"jetpack_shortlink":"https:\/\/wp.me\/P3Zd9b-3Td","jetpack_sharing_enabled":true,"jetpack_likes_enabled":true,"jetpack-related-posts":[],"_links":{"self":[{"href":"https:\/\/pequod.nesodd1.no\/index.php?rest_route=\/wp\/v2\/pages\/14955","targetHints":{"allow":["GET"]}}],"collection":[{"href":"https:\/\/pequod.nesodd1.no\/index.php?rest_route=\/wp\/v2\/pages"}],"about":[{"href":"https:\/\/pequod.nesodd1.no\/index.php?rest_route=\/wp\/v2\/types\/page"}],"author":[{"embeddable":true,"href":"https:\/\/pequod.nesodd1.no\/index.php?rest_route=\/wp\/v2\/users\/1"}],"replies":[{"embeddable":true,"href":"https:\/\/pequod.nesodd1.no\/index.php?rest_route=%2Fwp%2Fv2%2Fcomments&post=14955"}],"version-history":[{"count":8,"href":"https:\/\/pequod.nesodd1.no\/index.php?rest_route=\/wp\/v2\/pages\/14955\/revisions"}],"predecessor-version":[{"id":20448,"href":"https:\/\/pequod.nesodd1.no\/index.php?rest_route=\/wp\/v2\/pages\/14955\/revisions\/20448"}],"up":[{"embeddable":true,"href":"https:\/\/pequod.nesodd1.no\/index.php?rest_route=\/wp\/v2\/pages\/5656"}],"wp:featuredmedia":[{"embeddable":true,"href":"https:\/\/pequod.nesodd1.no\/index.php?rest_route=\/wp\/v2\/media\/14958"}],"wp:attachment":[{"href":"https:\/\/pequod.nesodd1.no\/index.php?rest_route=%2Fwp%2Fv2%2Fmedia&parent=14955"}],"curies":[{"name":"wp","href":"https:\/\/api.w.org\/{rel}","templated":true}]}}