{"id":15672,"date":"2019-05-02T18:37:37","date_gmt":"2019-05-02T16:37:37","guid":{"rendered":"https:\/\/pequod.nesodd1.no\/?page_id=15672"},"modified":"2021-03-24T02:12:37","modified_gmt":"2021-03-24T01:12:37","slug":"om-tresfjord","status":"publish","type":"page","link":"https:\/\/pequod.nesodd1.no\/?page_id=15672","title":{"rendered":"Om Tresfjord"},"content":{"rendered":"<p>&nbsp;<\/p>\n<p>Det er ikke like lett \u00e5 finne informasjon om den nye b\u00e5ten p\u00e5 nett, i alle fall ikke like lett som Nidelv, der man f\u00e5r opp og i mente med opplysninger og statistikk. Informasjonen om Tresfjord er faktisk litt vanskeligere \u00e5 finne.<\/p>\n<p>Men noe har man da klart \u00e5 skrape fram!<\/p>\n<p><a href=\"https:\/\/i0.wp.com\/pequod.nesodd1.no\/wp-content\/uploads\/2020\/10\/122132541_10157369844822032_6468741863827756082_n.jpg?ssl=1\"><img data-recalc-dims=\"1\" loading=\"lazy\" decoding=\"async\" data-attachment-id=\"20304\" data-permalink=\"https:\/\/pequod.nesodd1.no\/?attachment_id=20304\" data-orig-file=\"https:\/\/i0.wp.com\/pequod.nesodd1.no\/wp-content\/uploads\/2020\/10\/122132541_10157369844822032_6468741863827756082_n.jpg?fit=960%2C720&amp;ssl=1\" data-orig-size=\"960,720\" data-comments-opened=\"1\" data-image-meta=\"{&quot;aperture&quot;:&quot;0&quot;,&quot;credit&quot;:&quot;&quot;,&quot;camera&quot;:&quot;&quot;,&quot;caption&quot;:&quot;&quot;,&quot;created_timestamp&quot;:&quot;0&quot;,&quot;copyright&quot;:&quot;&quot;,&quot;focal_length&quot;:&quot;0&quot;,&quot;iso&quot;:&quot;0&quot;,&quot;shutter_speed&quot;:&quot;0&quot;,&quot;title&quot;:&quot;&quot;,&quot;orientation&quot;:&quot;0&quot;}\" data-image-title=\"122132541_10157369844822032_6468741863827756082_n\" data-image-description=\"&lt;p&gt;S\u00e6tre, Tresfjord&lt;\/p&gt;\n\" data-image-caption=\"\" data-large-file=\"https:\/\/i0.wp.com\/pequod.nesodd1.no\/wp-content\/uploads\/2020\/10\/122132541_10157369844822032_6468741863827756082_n.jpg?fit=940%2C705&amp;ssl=1\" class=\"alignleft size-medium wp-image-20304\" src=\"https:\/\/i0.wp.com\/pequod.nesodd1.no\/wp-content\/uploads\/2020\/10\/122132541_10157369844822032_6468741863827756082_n.jpg?resize=300%2C225&#038;ssl=1\" alt=\"\" width=\"300\" height=\"225\" srcset=\"https:\/\/i0.wp.com\/pequod.nesodd1.no\/wp-content\/uploads\/2020\/10\/122132541_10157369844822032_6468741863827756082_n.jpg?resize=300%2C225&amp;ssl=1 300w, https:\/\/i0.wp.com\/pequod.nesodd1.no\/wp-content\/uploads\/2020\/10\/122132541_10157369844822032_6468741863827756082_n.jpg?resize=100%2C75&amp;ssl=1 100w, https:\/\/i0.wp.com\/pequod.nesodd1.no\/wp-content\/uploads\/2020\/10\/122132541_10157369844822032_6468741863827756082_n.jpg?resize=768%2C576&amp;ssl=1 768w, https:\/\/i0.wp.com\/pequod.nesodd1.no\/wp-content\/uploads\/2020\/10\/122132541_10157369844822032_6468741863827756082_n.jpg?w=960&amp;ssl=1 960w\" sizes=\"auto, (max-width: 300px) 100vw, 300px\" \/><\/a><\/p>\n<p>Tresfjord 29 er bygget p\u00e5 K. J. Skorgenes B\u00e5tbyggeri AS p\u00e5 Vestnes i M\u00f8re og Romsdal. Vestnes ligger ved utl\u00f8pet av selve Tresfjorden, som b\u00e5ttypen har f\u00e5tt navnet sitt fra.<\/p>\n<p>Den f\u00f8rste b\u00e5ten fra Skorgenes ble bygget allerede i 1914 og p\u00e5 50-tallet ble Tresjord-dorryene godt kjente. B\u00e5tbyggeriet har tradisjon for \u00e5 bygge solide b\u00e5ter med tanke p\u00e5 sildefisket p\u00e5 Vestlandet denne perioden, og en Tresfjord er derfor en sv\u00e6rt solid bygget b\u00e5t.<\/p>\n<p>&nbsp;Plastb\u00e5tproduksjonen begynte i 1968 og den f\u00f8rste rene lystb\u00e5ten var en Tresfjord Lux 26. I 1974 ble b\u00e5ten vi ser til venstre p\u00e5 bildet under, Tresfjord 28, lansert. Den videref\u00f8rte de flotte linjene fra tresnekka til en moderne plastsnekke. Tresfjord 28 var en suksess og ble videref\u00f8rt med Tresfjord 28 Combi, Tresfjord 29 og Tresfjord 29 Combi. Senere lanserte verftet ogs\u00e5 en serie planende b\u00e5ter.<\/p>\n<p><a href=\"https:\/\/i0.wp.com\/pequod.nesodd1.no\/wp-content\/uploads\/2021\/03\/Tresfjord_28.jpg?ssl=1\"><img data-recalc-dims=\"1\" loading=\"lazy\" decoding=\"async\" data-attachment-id=\"21393\" data-permalink=\"https:\/\/pequod.nesodd1.no\/?attachment_id=21393\" data-orig-file=\"https:\/\/i0.wp.com\/pequod.nesodd1.no\/wp-content\/uploads\/2021\/03\/Tresfjord_28.jpg?fit=1280%2C960&amp;ssl=1\" data-orig-size=\"1280,960\" data-comments-opened=\"1\" data-image-meta=\"{&quot;aperture&quot;:&quot;0&quot;,&quot;credit&quot;:&quot;&quot;,&quot;camera&quot;:&quot;&quot;,&quot;caption&quot;:&quot;&quot;,&quot;created_timestamp&quot;:&quot;0&quot;,&quot;copyright&quot;:&quot;&quot;,&quot;focal_length&quot;:&quot;0&quot;,&quot;iso&quot;:&quot;0&quot;,&quot;shutter_speed&quot;:&quot;0&quot;,&quot;title&quot;:&quot;&quot;,&quot;orientation&quot;:&quot;1&quot;}\" data-image-title=\"Tresfjord_28\" data-image-description=\"&lt;p&gt;Tresfjord, brosjyre&lt;\/p&gt;\n\" data-image-caption=\"\" data-large-file=\"https:\/\/i0.wp.com\/pequod.nesodd1.no\/wp-content\/uploads\/2021\/03\/Tresfjord_28.jpg?fit=940%2C705&amp;ssl=1\" class=\"aligncenter size-large wp-image-21393\" src=\"https:\/\/i0.wp.com\/pequod.nesodd1.no\/wp-content\/uploads\/2021\/03\/Tresfjord_28.jpg?resize=940%2C705&#038;ssl=1\" alt=\"\" width=\"940\" height=\"705\" srcset=\"https:\/\/i0.wp.com\/pequod.nesodd1.no\/wp-content\/uploads\/2021\/03\/Tresfjord_28.jpg?resize=1024%2C768&amp;ssl=1 1024w, https:\/\/i0.wp.com\/pequod.nesodd1.no\/wp-content\/uploads\/2021\/03\/Tresfjord_28.jpg?resize=300%2C225&amp;ssl=1 300w, https:\/\/i0.wp.com\/pequod.nesodd1.no\/wp-content\/uploads\/2021\/03\/Tresfjord_28.jpg?resize=100%2C75&amp;ssl=1 100w, https:\/\/i0.wp.com\/pequod.nesodd1.no\/wp-content\/uploads\/2021\/03\/Tresfjord_28.jpg?resize=768%2C576&amp;ssl=1 768w, https:\/\/i0.wp.com\/pequod.nesodd1.no\/wp-content\/uploads\/2021\/03\/Tresfjord_28.jpg?w=1280&amp;ssl=1 1280w\" sizes=\"auto, (max-width: 940px) 100vw, 940px\" \/><\/a><\/p>\n<p>Tovan-familien, med r\u00f8tter fra Kristiansund, var sentrale personer i Skorgenes B\u00e5tbyggeri i denne perioden. Terje Tovan, som var markedssjef og senere leder av bedriften, var p\u00e5driveren for utviklingen av mange av disse klassiske plastb\u00e5tene.<\/p>\n<p>I 1978 ble den f\u00f8rste hallen for st\u00f8ping av plastb\u00e5ter bygd. Den var p\u00e5 700 kvadratmeter.<\/p>\n<p><a href=\"https:\/\/i0.wp.com\/pequod.nesodd1.no\/wp-content\/uploads\/2021\/03\/93307304_10156860708042032_4280972041986768896_n.jpg?ssl=1\"><img data-recalc-dims=\"1\" loading=\"lazy\" decoding=\"async\" data-attachment-id=\"21396\" data-permalink=\"https:\/\/pequod.nesodd1.no\/?attachment_id=21396\" data-orig-file=\"https:\/\/i0.wp.com\/pequod.nesodd1.no\/wp-content\/uploads\/2021\/03\/93307304_10156860708042032_4280972041986768896_n.jpg?fit=800%2C600&amp;ssl=1\" data-orig-size=\"800,600\" data-comments-opened=\"1\" data-image-meta=\"{&quot;aperture&quot;:&quot;0&quot;,&quot;credit&quot;:&quot;&quot;,&quot;camera&quot;:&quot;&quot;,&quot;caption&quot;:&quot;&quot;,&quot;created_timestamp&quot;:&quot;0&quot;,&quot;copyright&quot;:&quot;&quot;,&quot;focal_length&quot;:&quot;0&quot;,&quot;iso&quot;:&quot;0&quot;,&quot;shutter_speed&quot;:&quot;0&quot;,&quot;title&quot;:&quot;&quot;,&quot;orientation&quot;:&quot;0&quot;}\" data-image-title=\"93307304_10156860708042032_4280972041986768896_n\" data-image-description=\"&lt;p&gt;Tresfjord, servise, kopp, kaffe, logo&lt;\/p&gt;\n\" data-image-caption=\"&lt;p&gt;Kopp med slike hanker er vanskelig \u00e5 finne&lt;\/p&gt;\n\" data-large-file=\"https:\/\/i0.wp.com\/pequod.nesodd1.no\/wp-content\/uploads\/2021\/03\/93307304_10156860708042032_4280972041986768896_n.jpg?fit=800%2C600&amp;ssl=1\" class=\"alignleft size-medium wp-image-21396\" src=\"https:\/\/i0.wp.com\/pequod.nesodd1.no\/wp-content\/uploads\/2021\/03\/93307304_10156860708042032_4280972041986768896_n.jpg?resize=300%2C225&#038;ssl=1\" alt=\"\" width=\"300\" height=\"225\" srcset=\"https:\/\/i0.wp.com\/pequod.nesodd1.no\/wp-content\/uploads\/2021\/03\/93307304_10156860708042032_4280972041986768896_n.jpg?resize=300%2C225&amp;ssl=1 300w, https:\/\/i0.wp.com\/pequod.nesodd1.no\/wp-content\/uploads\/2021\/03\/93307304_10156860708042032_4280972041986768896_n.jpg?resize=100%2C75&amp;ssl=1 100w, https:\/\/i0.wp.com\/pequod.nesodd1.no\/wp-content\/uploads\/2021\/03\/93307304_10156860708042032_4280972041986768896_n.jpg?resize=768%2C576&amp;ssl=1 768w, https:\/\/i0.wp.com\/pequod.nesodd1.no\/wp-content\/uploads\/2021\/03\/93307304_10156860708042032_4280972041986768896_n.jpg?w=800&amp;ssl=1 800w\" sizes=\"auto, (max-width: 300px) 100vw, 300px\" \/><\/a>Driftsselskapet Tresfjord Boats AS ble stiftet i 1982 og var heleid av K. J. Skorgenes B\u00e5tbyggeri AS. Tresfjord Boats klarte seg bra fram til 1988 da sm\u00e5b\u00e5tbransjen \u201cm\u00f8tte veggen\u201d. Markedet i Norge og Skandinavia falt helt sammen og mye av norsk plastb\u00e5tproduksjon ble konsentrert om import til utlandet, og dermed ogs\u00e5 en ny og annerledes design. Dette krevde imidlertid store investeringer og i 1989 inngikk selskapet et samarbeide med Mosvold Shipping, men det nye selskapet med navnet Mosvold Boats gikk allerede i 1991 konkurs. Deretter ble det foretatt en refinansiering av selskapet under navnet Tresfjord Boats, men allerede i 1992 var det slutt for godt.<\/p>\n<p>Formene og tegningene ble kj\u00f8pt opp av svenskene da produksjonen i Norge opph\u00f8rte. Mange av Tresfjord-skrogene ble senere produsert under andre navn som Skorgenes og Westfjord.<\/p>\n<p>Dagens Tresfjord-b\u00e5ter er svenske, og produseres i Estland under navnet Westfjord.&nbsp; De svenske utgavene er noe modifisert ut fra de originale tegningene, blant annet med dollbord som ogs\u00e5 g\u00e5r rundt akterdekk, noe som ikke finnes p\u00e5 nye Bergtatt. Callanders b\u00e5tverft i Marstrand selger og driver service p\u00e5 disse b\u00e5tene n\u00e5.<\/p>\n<p><a href=\"https:\/\/i0.wp.com\/pequod.nesodd1.no\/wp-content\/uploads\/2019\/05\/12295361_539143996235547_3437111748321236138_n.jpg?ssl=1\"><img data-recalc-dims=\"1\" loading=\"lazy\" decoding=\"async\" data-attachment-id=\"15694\" data-permalink=\"https:\/\/pequod.nesodd1.no\/?attachment_id=15694\" data-orig-file=\"https:\/\/i0.wp.com\/pequod.nesodd1.no\/wp-content\/uploads\/2019\/05\/12295361_539143996235547_3437111748321236138_n.jpg?fit=960%2C653&amp;ssl=1\" data-orig-size=\"960,653\" data-comments-opened=\"1\" data-image-meta=\"{&quot;aperture&quot;:&quot;0&quot;,&quot;credit&quot;:&quot;&quot;,&quot;camera&quot;:&quot;&quot;,&quot;caption&quot;:&quot;&quot;,&quot;created_timestamp&quot;:&quot;0&quot;,&quot;copyright&quot;:&quot;&quot;,&quot;focal_length&quot;:&quot;0&quot;,&quot;iso&quot;:&quot;0&quot;,&quot;shutter_speed&quot;:&quot;0&quot;,&quot;title&quot;:&quot;&quot;,&quot;orientation&quot;:&quot;0&quot;}\" data-image-title=\"12295361_539143996235547_3437111748321236138_n\" data-image-description=\"&lt;p&gt;Tresfjord, Skorgenes, 1959&lt;\/p&gt;\n\" data-image-caption=\"\" data-large-file=\"https:\/\/i0.wp.com\/pequod.nesodd1.no\/wp-content\/uploads\/2019\/05\/12295361_539143996235547_3437111748321236138_n.jpg?fit=940%2C639&amp;ssl=1\" class=\"aligncenter size-full wp-image-15694\" src=\"https:\/\/i0.wp.com\/pequod.nesodd1.no\/wp-content\/uploads\/2019\/05\/12295361_539143996235547_3437111748321236138_n.jpg?resize=940%2C639&#038;ssl=1\" alt=\"\" width=\"940\" height=\"639\" srcset=\"https:\/\/i0.wp.com\/pequod.nesodd1.no\/wp-content\/uploads\/2019\/05\/12295361_539143996235547_3437111748321236138_n.jpg?w=960&amp;ssl=1 960w, https:\/\/i0.wp.com\/pequod.nesodd1.no\/wp-content\/uploads\/2019\/05\/12295361_539143996235547_3437111748321236138_n.jpg?resize=100%2C68&amp;ssl=1 100w, https:\/\/i0.wp.com\/pequod.nesodd1.no\/wp-content\/uploads\/2019\/05\/12295361_539143996235547_3437111748321236138_n.jpg?resize=300%2C204&amp;ssl=1 300w, https:\/\/i0.wp.com\/pequod.nesodd1.no\/wp-content\/uploads\/2019\/05\/12295361_539143996235547_3437111748321236138_n.jpg?resize=768%2C522&amp;ssl=1 768w\" sizes=\"auto, (max-width: 940px) 100vw, 940px\" \/><\/a><\/p>\n<p>Bildet over er et flyfoto av b\u00e5tbyggeriet til Kristen J. Skorgenes i 1959. Det var her den f\u00f8rste produksjonen av plastb\u00e5ter begynte i slutten av 60-\u00e5ra. I begynnelsen ble det bygget mange treb\u00e5ter fra de enkle sm\u00e5b\u00e5tene til store havseilere. Fram til 1990 var det bygget rundt 9.100 b\u00e5ter her. (Bilde og info er hentet fra boken \u201cB\u00e5t- og skipsbygging i Vestnes\u201d av Henry Vike og fra Facebook-sidene til&nbsp; <a href=\"https:\/\/www.facebook.com\/Tresfjord-Museum-419084598241488\/\" target=\"_blank\" rel=\"noopener noreferrer\">Tresfjord Museum.<\/a>)<\/p>\n<p>Det b\u00f8r vel tas med at <strong>Skorgenes<\/strong> vel kanskje er mest kjent for de b\u00e5tmodellene som er produsert under eget navn. De lages ikke lenger i Norge, men i Litauen, men designes s\u00e5 vidt jeg vet fra kontoret i Norge. Jeg m\u00e5 innr\u00f8mme at jeg egentlig ikke liker de moderne b\u00e5tene de lager n\u00e5, jeg har mer sansen for den litt mer klassiske utformingen som Tresfjorden er den del av. Du finner uansett mer info om <a href=\"http:\/\/www.skorgenes.org\/\" target=\"_blank\" rel=\"noopener noreferrer\">Skorgenes her.<\/a> Vil du ta en titt p\u00e5 hvordan b\u00e5tene ser ut n\u00e5, kan du sjekke <a href=\"http:\/\/www.carlandersbatvarv.se\/westfjord-29-ac\/\" target=\"_blank\" rel=\"noopener noreferrer\">denne linken.<\/a><\/p>\n<p>Se originalbrosjyren fra 1981 som fulgte med b\u00e5ten (ikke skannet, bare tatt bilder av med iPhone &#8211; skal skanne n\u00e5r jeg f\u00e5r tid) : <a href=\"https:\/\/pequod.nesodd1.no\/?page_id=15674\">https:\/\/pequod.nesodd1.no\/?page_id=15674<\/a><\/p>\n<p>&nbsp;<\/p>\n<p><a href=\"https:\/\/i0.wp.com\/pequod.nesodd1.no\/wp-content\/uploads\/2019\/05\/IMG-8862-1.jpg?ssl=1\"><img data-recalc-dims=\"1\" loading=\"lazy\" decoding=\"async\" data-attachment-id=\"15685\" data-permalink=\"https:\/\/pequod.nesodd1.no\/?attachment_id=15685\" data-orig-file=\"https:\/\/i0.wp.com\/pequod.nesodd1.no\/wp-content\/uploads\/2019\/05\/IMG-8862-1.jpg?fit=2956%2C1863&amp;ssl=1\" data-orig-size=\"2956,1863\" data-comments-opened=\"1\" data-image-meta=\"{&quot;aperture&quot;:&quot;1.8&quot;,&quot;credit&quot;:&quot;&quot;,&quot;camera&quot;:&quot;iPhone 8 Plus&quot;,&quot;caption&quot;:&quot;&quot;,&quot;created_timestamp&quot;:&quot;1556743473&quot;,&quot;copyright&quot;:&quot;&quot;,&quot;focal_length&quot;:&quot;3.99&quot;,&quot;iso&quot;:&quot;25&quot;,&quot;shutter_speed&quot;:&quot;0.025&quot;,&quot;title&quot;:&quot;&quot;,&quot;orientation&quot;:&quot;0&quot;}\" data-image-title=\"IMG-8862 (1)\" data-image-description=\"&lt;p&gt;Tresfjord 29&lt;\/p&gt;\n\" data-image-caption=\"\" data-large-file=\"https:\/\/i0.wp.com\/pequod.nesodd1.no\/wp-content\/uploads\/2019\/05\/IMG-8862-1.jpg?fit=940%2C592&amp;ssl=1\" class=\"aligncenter size-large wp-image-15685\" src=\"https:\/\/i0.wp.com\/pequod.nesodd1.no\/wp-content\/uploads\/2019\/05\/IMG-8862-1.jpg?resize=940%2C592&#038;ssl=1\" alt=\"\" width=\"940\" height=\"592\" srcset=\"https:\/\/i0.wp.com\/pequod.nesodd1.no\/wp-content\/uploads\/2019\/05\/IMG-8862-1.jpg?resize=1024%2C645&amp;ssl=1 1024w, https:\/\/i0.wp.com\/pequod.nesodd1.no\/wp-content\/uploads\/2019\/05\/IMG-8862-1.jpg?resize=100%2C63&amp;ssl=1 100w, https:\/\/i0.wp.com\/pequod.nesodd1.no\/wp-content\/uploads\/2019\/05\/IMG-8862-1.jpg?resize=300%2C189&amp;ssl=1 300w, https:\/\/i0.wp.com\/pequod.nesodd1.no\/wp-content\/uploads\/2019\/05\/IMG-8862-1.jpg?resize=768%2C484&amp;ssl=1 768w, https:\/\/i0.wp.com\/pequod.nesodd1.no\/wp-content\/uploads\/2019\/05\/IMG-8862-1.jpg?w=1880&amp;ssl=1 1880w, https:\/\/i0.wp.com\/pequod.nesodd1.no\/wp-content\/uploads\/2019\/05\/IMG-8862-1.jpg?w=2820&amp;ssl=1 2820w\" sizes=\"auto, (max-width: 940px) 100vw, 940px\" \/><\/a><\/p>\n<h3>Related Images:<\/h3>","protected":false},"excerpt":{"rendered":"<p>&nbsp; Det er ikke like lett \u00e5 finne informasjon om den nye b\u00e5ten p\u00e5 nett, i alle fall ikke like lett som Nidelv, der man f\u00e5r opp og i mente med opplysninger og statistikk. Informasjonen om Tresfjord er faktisk litt vanskeligere \u00e5 finne. Men noe har man da klart \u00e5 skrape fram! Tresfjord 29 er &hellip;<br \/><a href=\"https:\/\/pequod.nesodd1.no\/?page_id=15672\" class=\"more-link pen_element_default pen_icon_arrow_double\">Les<\/a><\/p>\n","protected":false},"author":1,"featured_media":20737,"parent":419,"menu_order":0,"comment_status":"closed","ping_status":"closed","template":"","meta":{"_crdt_document":"","ngg_post_thumbnail":0,"jetpack_post_was_ever_published":false,"footnotes":""},"class_list":["post-15672","page","type-page","status-publish","has-post-thumbnail","hentry"],"jetpack_shortlink":"https:\/\/wp.me\/P3Zd9b-44M","jetpack_sharing_enabled":true,"jetpack_likes_enabled":true,"jetpack-related-posts":[],"_links":{"self":[{"href":"https:\/\/pequod.nesodd1.no\/index.php?rest_route=\/wp\/v2\/pages\/15672","targetHints":{"allow":["GET"]}}],"collection":[{"href":"https:\/\/pequod.nesodd1.no\/index.php?rest_route=\/wp\/v2\/pages"}],"about":[{"href":"https:\/\/pequod.nesodd1.no\/index.php?rest_route=\/wp\/v2\/types\/page"}],"author":[{"embeddable":true,"href":"https:\/\/pequod.nesodd1.no\/index.php?rest_route=\/wp\/v2\/users\/1"}],"replies":[{"embeddable":true,"href":"https:\/\/pequod.nesodd1.no\/index.php?rest_route=%2Fwp%2Fv2%2Fcomments&post=15672"}],"version-history":[{"count":19,"href":"https:\/\/pequod.nesodd1.no\/index.php?rest_route=\/wp\/v2\/pages\/15672\/revisions"}],"predecessor-version":[{"id":21397,"href":"https:\/\/pequod.nesodd1.no\/index.php?rest_route=\/wp\/v2\/pages\/15672\/revisions\/21397"}],"up":[{"embeddable":true,"href":"https:\/\/pequod.nesodd1.no\/index.php?rest_route=\/wp\/v2\/pages\/419"}],"wp:featuredmedia":[{"embeddable":true,"href":"https:\/\/pequod.nesodd1.no\/index.php?rest_route=\/wp\/v2\/media\/20737"}],"wp:attachment":[{"href":"https:\/\/pequod.nesodd1.no\/index.php?rest_route=%2Fwp%2Fv2%2Fmedia&parent=15672"}],"curies":[{"name":"wp","href":"https:\/\/api.w.org\/{rel}","templated":true}]}}