{"id":16143,"date":"2019-08-03T16:02:29","date_gmt":"2019-08-03T14:02:29","guid":{"rendered":"https:\/\/pequod.nesodd1.no\/?page_id=16143"},"modified":"2025-09-17T16:17:18","modified_gmt":"2025-09-17T14:17:18","slug":"tvedestrand-gjestehavn","status":"publish","type":"page","link":"https:\/\/pequod.nesodd1.no\/?page_id=16143","title":{"rendered":"Tvedestrand gjestehavn"},"content":{"rendered":"<p><strong>Vurdering (5 anker er best): <a href=\"https:\/\/i0.wp.com\/pequod.nesodd1.no\/wp-content\/uploads\/2019\/10\/klistremerker-anker-og-tau-design.jpg.jpg?ssl=1\"><img data-recalc-dims=\"1\" loading=\"lazy\" decoding=\"async\" data-attachment-id=\"16489\" data-permalink=\"https:\/\/pequod.nesodd1.no\/?attachment_id=16489\" data-orig-file=\"https:\/\/i0.wp.com\/pequod.nesodd1.no\/wp-content\/uploads\/2019\/10\/klistremerker-anker-og-tau-design.jpg.jpg?fit=25%2C25&amp;ssl=1\" data-orig-size=\"25,25\" data-comments-opened=\"1\" data-image-meta=\"{&quot;aperture&quot;:&quot;0&quot;,&quot;credit&quot;:&quot;tribalium81&quot;,&quot;camera&quot;:&quot;&quot;,&quot;caption&quot;:&quot;&quot;,&quot;created_timestamp&quot;:&quot;0&quot;,&quot;copyright&quot;:&quot;tribalium81&quot;,&quot;focal_length&quot;:&quot;0&quot;,&quot;iso&quot;:&quot;0&quot;,&quot;shutter_speed&quot;:&quot;0&quot;,&quot;title&quot;:&quot;anchor and rope design&quot;,&quot;orientation&quot;:&quot;1&quot;}\" data-image-title=\"anchor and rope design\" data-image-description=\"\" data-image-caption=\"\" data-medium-file=\"https:\/\/i0.wp.com\/pequod.nesodd1.no\/wp-content\/uploads\/2019\/10\/klistremerker-anker-og-tau-design.jpg.jpg?fit=25%2C25&amp;ssl=1\" data-large-file=\"https:\/\/i0.wp.com\/pequod.nesodd1.no\/wp-content\/uploads\/2019\/10\/klistremerker-anker-og-tau-design.jpg.jpg?fit=25%2C25&amp;ssl=1\" class=\"alignnone size-full wp-image-16489\" src=\"https:\/\/i0.wp.com\/pequod.nesodd1.no\/wp-content\/uploads\/2019\/10\/klistremerker-anker-og-tau-design.jpg.jpg?resize=25%2C25&#038;ssl=1\" alt=\"\" width=\"25\" height=\"25\"><\/a><a href=\"https:\/\/i0.wp.com\/pequod.nesodd1.no\/wp-content\/uploads\/2019\/10\/klistremerker-anker-og-tau-design.jpg.jpg?ssl=1\"><img data-recalc-dims=\"1\" loading=\"lazy\" decoding=\"async\" data-attachment-id=\"16489\" data-permalink=\"https:\/\/pequod.nesodd1.no\/?attachment_id=16489\" data-orig-file=\"https:\/\/i0.wp.com\/pequod.nesodd1.no\/wp-content\/uploads\/2019\/10\/klistremerker-anker-og-tau-design.jpg.jpg?fit=25%2C25&amp;ssl=1\" data-orig-size=\"25,25\" data-comments-opened=\"1\" data-image-meta=\"{&quot;aperture&quot;:&quot;0&quot;,&quot;credit&quot;:&quot;tribalium81&quot;,&quot;camera&quot;:&quot;&quot;,&quot;caption&quot;:&quot;&quot;,&quot;created_timestamp&quot;:&quot;0&quot;,&quot;copyright&quot;:&quot;tribalium81&quot;,&quot;focal_length&quot;:&quot;0&quot;,&quot;iso&quot;:&quot;0&quot;,&quot;shutter_speed&quot;:&quot;0&quot;,&quot;title&quot;:&quot;anchor and rope design&quot;,&quot;orientation&quot;:&quot;1&quot;}\" data-image-title=\"anchor and rope design\" data-image-description=\"\" data-image-caption=\"\" data-medium-file=\"https:\/\/i0.wp.com\/pequod.nesodd1.no\/wp-content\/uploads\/2019\/10\/klistremerker-anker-og-tau-design.jpg.jpg?fit=25%2C25&amp;ssl=1\" data-large-file=\"https:\/\/i0.wp.com\/pequod.nesodd1.no\/wp-content\/uploads\/2019\/10\/klistremerker-anker-og-tau-design.jpg.jpg?fit=25%2C25&amp;ssl=1\" class=\"alignnone size-full wp-image-16489\" src=\"https:\/\/i0.wp.com\/pequod.nesodd1.no\/wp-content\/uploads\/2019\/10\/klistremerker-anker-og-tau-design.jpg.jpg?resize=25%2C25&#038;ssl=1\" alt=\"\" width=\"25\" height=\"25\"><\/a><a href=\"https:\/\/i0.wp.com\/pequod.nesodd1.no\/wp-content\/uploads\/2019\/10\/klistremerker-anker-og-tau-design.jpg.jpg?ssl=1\"><img data-recalc-dims=\"1\" loading=\"lazy\" decoding=\"async\" data-attachment-id=\"16489\" data-permalink=\"https:\/\/pequod.nesodd1.no\/?attachment_id=16489\" data-orig-file=\"https:\/\/i0.wp.com\/pequod.nesodd1.no\/wp-content\/uploads\/2019\/10\/klistremerker-anker-og-tau-design.jpg.jpg?fit=25%2C25&amp;ssl=1\" data-orig-size=\"25,25\" data-comments-opened=\"1\" data-image-meta=\"{&quot;aperture&quot;:&quot;0&quot;,&quot;credit&quot;:&quot;tribalium81&quot;,&quot;camera&quot;:&quot;&quot;,&quot;caption&quot;:&quot;&quot;,&quot;created_timestamp&quot;:&quot;0&quot;,&quot;copyright&quot;:&quot;tribalium81&quot;,&quot;focal_length&quot;:&quot;0&quot;,&quot;iso&quot;:&quot;0&quot;,&quot;shutter_speed&quot;:&quot;0&quot;,&quot;title&quot;:&quot;anchor and rope design&quot;,&quot;orientation&quot;:&quot;1&quot;}\" data-image-title=\"anchor and rope design\" data-image-description=\"\" data-image-caption=\"\" data-medium-file=\"https:\/\/i0.wp.com\/pequod.nesodd1.no\/wp-content\/uploads\/2019\/10\/klistremerker-anker-og-tau-design.jpg.jpg?fit=25%2C25&amp;ssl=1\" data-large-file=\"https:\/\/i0.wp.com\/pequod.nesodd1.no\/wp-content\/uploads\/2019\/10\/klistremerker-anker-og-tau-design.jpg.jpg?fit=25%2C25&amp;ssl=1\" class=\"alignnone size-full wp-image-16489\" src=\"https:\/\/i0.wp.com\/pequod.nesodd1.no\/wp-content\/uploads\/2019\/10\/klistremerker-anker-og-tau-design.jpg.jpg?resize=25%2C25&#038;ssl=1\" alt=\"\" width=\"25\" height=\"25\"><\/a><\/strong><br \/>\n<strong>Posisjon:<\/strong> 58\u00b037&#8217;16.5&#8243;N 8\u00b055&#8217;57.8&#8243;E<br \/>\n<strong>Antall bes\u00f8k:<\/strong> 8 <strong>Sist bes\u00f8kt:<\/strong> September 2025 <strong>Webkamera:<\/strong> Nei <a href=\"https:\/\/www.tvedestrand.kommune.no\/tjenester\/vei-parkering-bredband-og-havn\/tvedestrand-gjestehavn\/om-tvedestrand-gjestehavn\/\" target=\"_blank\" rel=\"noopener noreferrer\">Hjemmeside<\/a><br \/>\n<strong>Fasiliteter:<\/strong> Toalett, dusj, str\u00f8m og vann. Kafeer og butikker (spesielt antikvariater og bokhandlere!) i umiddelbar n\u00e6rhet.<br \/>\n<strong>Havneavgift (for 29-foter):<\/strong> 250 NOK\/d\u00f8gn inkl. str\u00f8m. (50,- fra 1. september). Betales via appen GoMarina eller p\u00e5 turistkontoret (der du ogs\u00e5 f\u00e5r kj\u00f8pt poletter til dusjen for 20 kroner\/fem minutter.) N\u00e5r turistkontoret stenger tar verten ogs\u00e5 en tur rundt i gjestehavna og sjekker at alle har betalt\/tar imot betaling. Det har ogs\u00e5 kommet toalett\/dusj-kontainere ved de ytterste flytebryggene. Disse har jeg ikke benyttet.<br \/>\n<strong>Fort\u00f8yning:<\/strong> Langsides og i b\u00e5s.<br \/>\n<strong>Tilrettelagt for funksjonshemmede:<\/strong> Nei, ikke spesielt. Standard opplegg med flytebrygge og landgang som man kan skyve opp en rullestol. Ved flo kan det bli bratt. Tungt \u00e5 komme seg oppover i byen, skulle jeg tro. Men veldig koselig rundt havneomr\u00e5det.<\/p>\n<p><a href=\"https:\/\/i0.wp.com\/pequod.nesodd1.no\/wp-content\/uploads\/2019\/09\/IMG-0482.jpg?ssl=1\"><img data-recalc-dims=\"1\" loading=\"lazy\" decoding=\"async\" data-attachment-id=\"16396\" data-permalink=\"https:\/\/pequod.nesodd1.no\/?attachment_id=16396\" data-orig-file=\"https:\/\/i0.wp.com\/pequod.nesodd1.no\/wp-content\/uploads\/2019\/09\/IMG-0482.jpg?fit=800%2C600&amp;ssl=1\" data-orig-size=\"800,600\" data-comments-opened=\"1\" data-image-meta=\"{&quot;aperture&quot;:&quot;1.8&quot;,&quot;credit&quot;:&quot;&quot;,&quot;camera&quot;:&quot;iPhone 8 Plus&quot;,&quot;caption&quot;:&quot;&quot;,&quot;created_timestamp&quot;:&quot;1564503759&quot;,&quot;copyright&quot;:&quot;&quot;,&quot;focal_length&quot;:&quot;3.99&quot;,&quot;iso&quot;:&quot;20&quot;,&quot;shutter_speed&quot;:&quot;0.0040485829959514&quot;,&quot;title&quot;:&quot;&quot;,&quot;orientation&quot;:&quot;1&quot;}\" data-image-title=\"IMG-0482\" data-image-description=\"&lt;p&gt;Tvedestrand&lt;\/p&gt;\n\" data-image-caption=\"\" data-medium-file=\"https:\/\/i0.wp.com\/pequod.nesodd1.no\/wp-content\/uploads\/2019\/09\/IMG-0482.jpg?fit=300%2C225&amp;ssl=1\" data-large-file=\"https:\/\/i0.wp.com\/pequod.nesodd1.no\/wp-content\/uploads\/2019\/09\/IMG-0482.jpg?fit=800%2C600&amp;ssl=1\" class=\"alignleft size-medium wp-image-16396\" src=\"https:\/\/i0.wp.com\/pequod.nesodd1.no\/wp-content\/uploads\/2019\/09\/IMG-0482.jpg?resize=300%2C225&#038;ssl=1\" alt=\"\" width=\"300\" height=\"225\" srcset=\"https:\/\/i0.wp.com\/pequod.nesodd1.no\/wp-content\/uploads\/2019\/09\/IMG-0482.jpg?resize=300%2C225&amp;ssl=1 300w, https:\/\/i0.wp.com\/pequod.nesodd1.no\/wp-content\/uploads\/2019\/09\/IMG-0482.jpg?resize=100%2C75&amp;ssl=1 100w, https:\/\/i0.wp.com\/pequod.nesodd1.no\/wp-content\/uploads\/2019\/09\/IMG-0482.jpg?resize=768%2C576&amp;ssl=1 768w, https:\/\/i0.wp.com\/pequod.nesodd1.no\/wp-content\/uploads\/2019\/09\/IMG-0482.jpg?w=800&amp;ssl=1 800w\" sizes=\"auto, (max-width: 300px) 100vw, 300px\" \/><\/a>Sanit\u00e6ranlegget ligger p\u00e5 baksiden av turistkontoret og det er et lite stykke \u00e5 g\u00e5 hvis du ligger p\u00e5 en av de ytterste bryggene. Standarden er ikke mer enn OK. D\u00e5rlig trykk p\u00e5 vannet i dusjene. P\u00e5 dusjen til h\u00f8yre sl\u00e5r lyset seg av hvis du bruker for lang tid. Bevegelsessensoren virker tydeligvis ikke. Men det er lys p\u00e5 selve bryteren slik at du famler deg fram til knappen og f\u00e5r sl\u00e5tt p\u00e5 lyset igjen.<\/p>\n<p>Det har etter hvert ogs\u00e5 kommet toaletter i containere ved de ytterste flytebryggene. Er plassert ved siden av Dags pub og spiseri.<\/p>\n<p>Mange gidder kanskje ikke \u00e5 ta turen innom Tvedestrand siden stedet ligger innerst i Tvedestrandsfjorden og er en omvei hvis du kj\u00f8rer innaskj\u00e6rs p\u00e5 vei til Arendal, men da g\u00e5r de glipp av en hel del! Omveien er verdt det!<\/p>\n<p>Andre gang jeg var der var i toppsesongen\/slutten av fellesferien, og det var stappfullt i b\u00e5de Krager\u00f8 og Ris\u00f8r og rapportene sa det samme om Arendal, s\u00e5 jeg valgte \u00e5 dra inn til Tvedestrand der det var plass. Kanskje et tips? Det var omtrent fullt ogs\u00e5 i den popul\u00e6re uthavna p\u00e5 Fur\u00f8ya. Tror jeg hadde flaks, for det tok ikke lang tid etter at vi var kommet f\u00f8r havna var fylt opp.<\/p>\n<figure id=\"attachment_15077\" aria-describedby=\"caption-attachment-15077\" style=\"width: 300px\" class=\"wp-caption alignleft\"><a href=\"https:\/\/i0.wp.com\/pequod.nesodd1.no\/wp-content\/uploads\/2018\/10\/696D5087-3746-412F-B1B2-F18EB3C8913A.jpeg.e02b52668e5162e3841bf16faf9b65cb.jpeg?ssl=1\"><img data-recalc-dims=\"1\" loading=\"lazy\" decoding=\"async\" data-attachment-id=\"15077\" data-permalink=\"https:\/\/pequod.nesodd1.no\/?attachment_id=15077\" data-orig-file=\"https:\/\/i0.wp.com\/pequod.nesodd1.no\/wp-content\/uploads\/2018\/10\/696D5087-3746-412F-B1B2-F18EB3C8913A.jpeg.e02b52668e5162e3841bf16faf9b65cb.jpeg?fit=1000%2C750&amp;ssl=1\" data-orig-size=\"1000,750\" data-comments-opened=\"1\" data-image-meta=\"{&quot;aperture&quot;:&quot;0&quot;,&quot;credit&quot;:&quot;&quot;,&quot;camera&quot;:&quot;&quot;,&quot;caption&quot;:&quot;&quot;,&quot;created_timestamp&quot;:&quot;0&quot;,&quot;copyright&quot;:&quot;&quot;,&quot;focal_length&quot;:&quot;0&quot;,&quot;iso&quot;:&quot;0&quot;,&quot;shutter_speed&quot;:&quot;0&quot;,&quot;title&quot;:&quot;&quot;,&quot;orientation&quot;:&quot;0&quot;}\" data-image-title=\"696D5087-3746-412F-B1B2-F18EB3C8913A.jpeg.e02b52668e5162e3841bf16faf9b65cb\" data-image-description=\"&lt;p&gt;Tvedestrand&lt;\/p&gt;\n\" data-image-caption=\"&lt;p&gt;Burger &amp;#038; Shakes&lt;\/p&gt;\n\" data-medium-file=\"https:\/\/i0.wp.com\/pequod.nesodd1.no\/wp-content\/uploads\/2018\/10\/696D5087-3746-412F-B1B2-F18EB3C8913A.jpeg.e02b52668e5162e3841bf16faf9b65cb.jpeg?fit=300%2C225&amp;ssl=1\" data-large-file=\"https:\/\/i0.wp.com\/pequod.nesodd1.no\/wp-content\/uploads\/2018\/10\/696D5087-3746-412F-B1B2-F18EB3C8913A.jpeg.e02b52668e5162e3841bf16faf9b65cb.jpeg?fit=940%2C705&amp;ssl=1\" class=\"size-medium wp-image-15077\" src=\"https:\/\/i0.wp.com\/pequod.nesodd1.no\/wp-content\/uploads\/2018\/10\/696D5087-3746-412F-B1B2-F18EB3C8913A.jpeg.e02b52668e5162e3841bf16faf9b65cb.jpeg?resize=300%2C225&#038;ssl=1\" alt=\"\" width=\"300\" height=\"225\" srcset=\"https:\/\/i0.wp.com\/pequod.nesodd1.no\/wp-content\/uploads\/2018\/10\/696D5087-3746-412F-B1B2-F18EB3C8913A.jpeg.e02b52668e5162e3841bf16faf9b65cb.jpeg?resize=300%2C225&amp;ssl=1 300w, https:\/\/i0.wp.com\/pequod.nesodd1.no\/wp-content\/uploads\/2018\/10\/696D5087-3746-412F-B1B2-F18EB3C8913A.jpeg.e02b52668e5162e3841bf16faf9b65cb.jpeg?resize=100%2C75&amp;ssl=1 100w, https:\/\/i0.wp.com\/pequod.nesodd1.no\/wp-content\/uploads\/2018\/10\/696D5087-3746-412F-B1B2-F18EB3C8913A.jpeg.e02b52668e5162e3841bf16faf9b65cb.jpeg?resize=768%2C576&amp;ssl=1 768w, https:\/\/i0.wp.com\/pequod.nesodd1.no\/wp-content\/uploads\/2018\/10\/696D5087-3746-412F-B1B2-F18EB3C8913A.jpeg.e02b52668e5162e3841bf16faf9b65cb.jpeg?w=1000&amp;ssl=1 1000w\" sizes=\"auto, (max-width: 300px) 100vw, 300px\" \/><\/a><figcaption id=\"caption-attachment-15077\" class=\"wp-caption-text\">Burger &amp; Shakes<\/figcaption><\/figure>\n<p>Foruten en hel haug med bokhandlere og antikvariater, er det mange koselige spisesteder rett ved gjestebryggene. Selv har jeg bare kj\u00f8pt meget godt bakverk fra Broms (inn til venstre n\u00e5r du kommer til det sv\u00e6rt skjeve huset n\u00e5r du spaserer innover langs bryggekanten) og burger og milkshakes p\u00e5 Burger &amp; Shakes &#8211; som er innredet som en amerikansk retro burgersjappe.<\/p>\n<p>Sv\u00e6rt gode burgere fra lokal kj\u00f8ttprodusent og noen av de beste milkshakene jeg har smakt &#8211; der du kan velge smak basert p\u00e5 hva de har av is i isdisken.<\/p>\n<p><strong>OPPDATERING 2020:<\/strong> OBS: Flere av serveringstedene ved havna er kun \u00e5pne i sommersesongen. Broms var stengt da jeg var der 31.8 &#8211; og Burger &amp; Shakes stengte noen dager senere. Noen er dog \u00e5pne kun i helgene om sensommeren.<\/p>\n<p>G\u00e5r du lenger opp kommer du til en koselig g\u00e5gate med butikker og deretter b\u00e5de apotek og Kiwi innen grei rekkevidde.<\/p>\n<p>Siden Tvedestrand stort sett bare best\u00e5r av trebygninger er det restriksjoner p\u00e5 hvor tett b\u00e5tene kan ligge ved bryggene.<\/p>\n<p>Kommer gjerne tilbake hit flere ganger.<\/p>\n<p><strong>OPPDATERING 2023:&nbsp;<\/strong> Tok en liten pustepause i Tvedestrand for \u00e5 vente p\u00e5 at vinden utaskj\u00e6rs skulle l\u00f8ye, og tenkte jeg kunne gj\u00f8re det her siden det var tre \u00e5r siden jeg bes\u00f8kte Tvedestrand sist. Det er n\u00e5 kommet vanlig tre-pins bryggestr\u00f8m p\u00e5 de to ytterste flytebryggene, noe som manglet ved mitt siste bes\u00f8k.<\/p>\n<p>P\u00e5 den innerste av de tre flytebryggene du f\u00e5r p\u00e5 babord side er det gjesteplasser longside, mens b\u00e5sene p\u00e5 den andre siden tror jeg er private plasser.&nbsp;P\u00e5 denne brygga er det kun vanlige &laquo;kj\u00f8kkenkontakter&raquo; til str\u00f8m. Hvordan det er helt innerst i bukta vet jeg ikke. Det er dog tre-pins-kontakter p\u00e5 stolper p\u00e5 kaisidene, s\u00e5 legger du inntil n\u00e6rmest kaia eller har lang landstr\u00f8mkabel s\u00e5 g\u00e5r det greit. Jeg har uansett en overgang som jeg bruker i slike tilfeller.<\/p>\n<p>Siden mitt forrige bes\u00f8k er ogs\u00e5 Kiwi-butikken byttet ut med en Joker-butikk. Kiwi-butikken er flyttet til et kj\u00f8pesenter som i alle fall ikke er i gangavstand fra gjestehavna&#8230;<\/p>\n<p><a href=\"https:\/\/i0.wp.com\/pequod.nesodd1.no\/wp-content\/uploads\/2020\/06\/IMG-6148.jpg?ssl=1\"><br \/>\n<img data-recalc-dims=\"1\" loading=\"lazy\" decoding=\"async\" data-attachment-id=\"19037\" data-permalink=\"https:\/\/pequod.nesodd1.no\/?attachment_id=19037\" data-orig-file=\"https:\/\/i0.wp.com\/pequod.nesodd1.no\/wp-content\/uploads\/2020\/06\/IMG-6148.jpg?fit=800%2C600&amp;ssl=1\" data-orig-size=\"800,600\" data-comments-opened=\"1\" data-image-meta=\"{&quot;aperture&quot;:&quot;1.8&quot;,&quot;credit&quot;:&quot;&quot;,&quot;camera&quot;:&quot;iPhone 8 Plus&quot;,&quot;caption&quot;:&quot;&quot;,&quot;created_timestamp&quot;:&quot;1592585032&quot;,&quot;copyright&quot;:&quot;&quot;,&quot;focal_length&quot;:&quot;3.99&quot;,&quot;iso&quot;:&quot;20&quot;,&quot;shutter_speed&quot;:&quot;0.00033300033300033&quot;,&quot;title&quot;:&quot;&quot;,&quot;orientation&quot;:&quot;1&quot;}\" data-image-title=\"IMG-6148\" data-image-description=\"&lt;p&gt;Tvedestrand&lt;\/p&gt;\n\" data-image-caption=\"&lt;p&gt;Gjemmekontor i Tvedestrand&lt;\/p&gt;\n\" data-medium-file=\"https:\/\/i0.wp.com\/pequod.nesodd1.no\/wp-content\/uploads\/2020\/06\/IMG-6148.jpg?fit=300%2C225&amp;ssl=1\" data-large-file=\"https:\/\/i0.wp.com\/pequod.nesodd1.no\/wp-content\/uploads\/2020\/06\/IMG-6148.jpg?fit=800%2C600&amp;ssl=1\" class=\"aligncenter size-full wp-image-19037\" src=\"https:\/\/i0.wp.com\/pequod.nesodd1.no\/wp-content\/uploads\/2020\/06\/IMG-6148.jpg?resize=800%2C600&#038;ssl=1\" alt=\"\" width=\"800\" height=\"600\" srcset=\"https:\/\/i0.wp.com\/pequod.nesodd1.no\/wp-content\/uploads\/2020\/06\/IMG-6148.jpg?w=800&amp;ssl=1 800w, https:\/\/i0.wp.com\/pequod.nesodd1.no\/wp-content\/uploads\/2020\/06\/IMG-6148.jpg?resize=300%2C225&amp;ssl=1 300w, https:\/\/i0.wp.com\/pequod.nesodd1.no\/wp-content\/uploads\/2020\/06\/IMG-6148.jpg?resize=100%2C75&amp;ssl=1 100w, https:\/\/i0.wp.com\/pequod.nesodd1.no\/wp-content\/uploads\/2020\/06\/IMG-6148.jpg?resize=768%2C576&amp;ssl=1 768w\" sizes=\"auto, (max-width: 800px) 100vw, 800px\" \/><\/a><\/p>\n<p>&nbsp;<\/p>\n<h3>Related Images:<\/h3>","protected":false},"excerpt":{"rendered":"<p>Vurdering (5 anker er best): Posisjon: 58\u00b037&#8217;16.5&#8243;N 8\u00b055&#8217;57.8&#8243;E Antall bes\u00f8k: 8 Sist bes\u00f8kt: September 2025 Webkamera: Nei Hjemmeside Fasiliteter: Toalett, dusj, str\u00f8m og vann. Kafeer og butikker (spesielt antikvariater og bokhandlere!) i umiddelbar n\u00e6rhet. Havneavgift (for 29-foter): 250 NOK\/d\u00f8gn inkl. str\u00f8m. (50,- fra 1. september). Betales via appen GoMarina eller p\u00e5 turistkontoret (der du ogs\u00e5 &hellip;<br \/><a href=\"https:\/\/pequod.nesodd1.no\/?page_id=16143\" class=\"more-link pen_element_default pen_icon_arrow_double\">Les<\/a><\/p>\n","protected":false},"author":1,"featured_media":19041,"parent":5493,"menu_order":0,"comment_status":"closed","ping_status":"closed","template":"","meta":{"_crdt_document":"","ngg_post_thumbnail":0,"jetpack_post_was_ever_published":false,"footnotes":""},"class_list":["post-16143","page","type-page","status-publish","has-post-thumbnail","hentry"],"jetpack_shortlink":"https:\/\/wp.me\/P3Zd9b-4cn","jetpack_sharing_enabled":true,"jetpack_likes_enabled":true,"jetpack-related-posts":[],"_links":{"self":[{"href":"https:\/\/pequod.nesodd1.no\/index.php?rest_route=\/wp\/v2\/pages\/16143","targetHints":{"allow":["GET"]}}],"collection":[{"href":"https:\/\/pequod.nesodd1.no\/index.php?rest_route=\/wp\/v2\/pages"}],"about":[{"href":"https:\/\/pequod.nesodd1.no\/index.php?rest_route=\/wp\/v2\/types\/page"}],"author":[{"embeddable":true,"href":"https:\/\/pequod.nesodd1.no\/index.php?rest_route=\/wp\/v2\/users\/1"}],"replies":[{"embeddable":true,"href":"https:\/\/pequod.nesodd1.no\/index.php?rest_route=%2Fwp%2Fv2%2Fcomments&post=16143"}],"version-history":[{"count":21,"href":"https:\/\/pequod.nesodd1.no\/index.php?rest_route=\/wp\/v2\/pages\/16143\/revisions"}],"predecessor-version":[{"id":30804,"href":"https:\/\/pequod.nesodd1.no\/index.php?rest_route=\/wp\/v2\/pages\/16143\/revisions\/30804"}],"up":[{"embeddable":true,"href":"https:\/\/pequod.nesodd1.no\/index.php?rest_route=\/wp\/v2\/pages\/5493"}],"wp:featuredmedia":[{"embeddable":true,"href":"https:\/\/pequod.nesodd1.no\/index.php?rest_route=\/wp\/v2\/media\/19041"}],"wp:attachment":[{"href":"https:\/\/pequod.nesodd1.no\/index.php?rest_route=%2Fwp%2Fv2%2Fmedia&parent=16143"}],"curies":[{"name":"wp","href":"https:\/\/api.w.org\/{rel}","templated":true}]}}