{"id":16234,"date":"2019-09-03T15:05:56","date_gmt":"2019-09-03T13:05:56","guid":{"rendered":"https:\/\/pequod.nesodd1.no\/?page_id=16234"},"modified":"2024-10-05T16:40:20","modified_gmt":"2024-10-05T14:40:20","slug":"kallo-knippla-sverige","status":"publish","type":"page","link":"https:\/\/pequod.nesodd1.no\/?page_id=16234","title":{"rendered":"K\u00e4ll\u00f6-Knippla (Sverige)"},"content":{"rendered":"<p><strong>Vurdering (5 anker er best): <a href=\"https:\/\/i0.wp.com\/pequod.nesodd1.no\/wp-content\/uploads\/2019\/10\/klistremerker-anker-og-tau-design.jpg.jpg?ssl=1\"><img data-recalc-dims=\"1\" loading=\"lazy\" decoding=\"async\" data-attachment-id=\"16489\" data-permalink=\"https:\/\/pequod.nesodd1.no\/?attachment_id=16489\" data-orig-file=\"https:\/\/i0.wp.com\/pequod.nesodd1.no\/wp-content\/uploads\/2019\/10\/klistremerker-anker-og-tau-design.jpg.jpg?fit=25%2C25&amp;ssl=1\" data-orig-size=\"25,25\" data-comments-opened=\"1\" data-image-meta=\"{&quot;aperture&quot;:&quot;0&quot;,&quot;credit&quot;:&quot;tribalium81&quot;,&quot;camera&quot;:&quot;&quot;,&quot;caption&quot;:&quot;&quot;,&quot;created_timestamp&quot;:&quot;0&quot;,&quot;copyright&quot;:&quot;tribalium81&quot;,&quot;focal_length&quot;:&quot;0&quot;,&quot;iso&quot;:&quot;0&quot;,&quot;shutter_speed&quot;:&quot;0&quot;,&quot;title&quot;:&quot;anchor and rope design&quot;,&quot;orientation&quot;:&quot;1&quot;}\" data-image-title=\"anchor and rope design\" data-image-description=\"\" data-image-caption=\"\" data-medium-file=\"https:\/\/i0.wp.com\/pequod.nesodd1.no\/wp-content\/uploads\/2019\/10\/klistremerker-anker-og-tau-design.jpg.jpg?fit=25%2C25&amp;ssl=1\" data-large-file=\"https:\/\/i0.wp.com\/pequod.nesodd1.no\/wp-content\/uploads\/2019\/10\/klistremerker-anker-og-tau-design.jpg.jpg?fit=25%2C25&amp;ssl=1\" class=\"alignnone size-full wp-image-16489\" src=\"https:\/\/i0.wp.com\/pequod.nesodd1.no\/wp-content\/uploads\/2019\/10\/klistremerker-anker-og-tau-design.jpg.jpg?resize=25%2C25&#038;ssl=1\" alt=\"\" width=\"25\" height=\"25\"><\/a><a href=\"https:\/\/i0.wp.com\/pequod.nesodd1.no\/wp-content\/uploads\/2019\/10\/klistremerker-anker-og-tau-design.jpg.jpg?ssl=1\"><img data-recalc-dims=\"1\" loading=\"lazy\" decoding=\"async\" data-attachment-id=\"16489\" data-permalink=\"https:\/\/pequod.nesodd1.no\/?attachment_id=16489\" data-orig-file=\"https:\/\/i0.wp.com\/pequod.nesodd1.no\/wp-content\/uploads\/2019\/10\/klistremerker-anker-og-tau-design.jpg.jpg?fit=25%2C25&amp;ssl=1\" data-orig-size=\"25,25\" data-comments-opened=\"1\" data-image-meta=\"{&quot;aperture&quot;:&quot;0&quot;,&quot;credit&quot;:&quot;tribalium81&quot;,&quot;camera&quot;:&quot;&quot;,&quot;caption&quot;:&quot;&quot;,&quot;created_timestamp&quot;:&quot;0&quot;,&quot;copyright&quot;:&quot;tribalium81&quot;,&quot;focal_length&quot;:&quot;0&quot;,&quot;iso&quot;:&quot;0&quot;,&quot;shutter_speed&quot;:&quot;0&quot;,&quot;title&quot;:&quot;anchor and rope design&quot;,&quot;orientation&quot;:&quot;1&quot;}\" data-image-title=\"anchor and rope design\" data-image-description=\"\" data-image-caption=\"\" data-medium-file=\"https:\/\/i0.wp.com\/pequod.nesodd1.no\/wp-content\/uploads\/2019\/10\/klistremerker-anker-og-tau-design.jpg.jpg?fit=25%2C25&amp;ssl=1\" data-large-file=\"https:\/\/i0.wp.com\/pequod.nesodd1.no\/wp-content\/uploads\/2019\/10\/klistremerker-anker-og-tau-design.jpg.jpg?fit=25%2C25&amp;ssl=1\" class=\"alignnone size-full wp-image-16489\" src=\"https:\/\/i0.wp.com\/pequod.nesodd1.no\/wp-content\/uploads\/2019\/10\/klistremerker-anker-og-tau-design.jpg.jpg?resize=25%2C25&#038;ssl=1\" alt=\"\" width=\"25\" height=\"25\"><\/a><a href=\"https:\/\/i0.wp.com\/pequod.nesodd1.no\/wp-content\/uploads\/2019\/10\/klistremerker-anker-og-tau-design.jpg.jpg?ssl=1\"><img data-recalc-dims=\"1\" loading=\"lazy\" decoding=\"async\" data-attachment-id=\"16489\" data-permalink=\"https:\/\/pequod.nesodd1.no\/?attachment_id=16489\" data-orig-file=\"https:\/\/i0.wp.com\/pequod.nesodd1.no\/wp-content\/uploads\/2019\/10\/klistremerker-anker-og-tau-design.jpg.jpg?fit=25%2C25&amp;ssl=1\" data-orig-size=\"25,25\" data-comments-opened=\"1\" data-image-meta=\"{&quot;aperture&quot;:&quot;0&quot;,&quot;credit&quot;:&quot;tribalium81&quot;,&quot;camera&quot;:&quot;&quot;,&quot;caption&quot;:&quot;&quot;,&quot;created_timestamp&quot;:&quot;0&quot;,&quot;copyright&quot;:&quot;tribalium81&quot;,&quot;focal_length&quot;:&quot;0&quot;,&quot;iso&quot;:&quot;0&quot;,&quot;shutter_speed&quot;:&quot;0&quot;,&quot;title&quot;:&quot;anchor and rope design&quot;,&quot;orientation&quot;:&quot;1&quot;}\" data-image-title=\"anchor and rope design\" data-image-description=\"\" data-image-caption=\"\" data-medium-file=\"https:\/\/i0.wp.com\/pequod.nesodd1.no\/wp-content\/uploads\/2019\/10\/klistremerker-anker-og-tau-design.jpg.jpg?fit=25%2C25&amp;ssl=1\" data-large-file=\"https:\/\/i0.wp.com\/pequod.nesodd1.no\/wp-content\/uploads\/2019\/10\/klistremerker-anker-og-tau-design.jpg.jpg?fit=25%2C25&amp;ssl=1\" class=\"alignnone size-full wp-image-16489\" src=\"https:\/\/i0.wp.com\/pequod.nesodd1.no\/wp-content\/uploads\/2019\/10\/klistremerker-anker-og-tau-design.jpg.jpg?resize=25%2C25&#038;ssl=1\" alt=\"\" width=\"25\" height=\"25\"><\/a><a href=\"https:\/\/i0.wp.com\/pequod.nesodd1.no\/wp-content\/uploads\/2019\/10\/klistremerker-anker-og-tau-design.jpg.jpg?ssl=1\"><img data-recalc-dims=\"1\" loading=\"lazy\" decoding=\"async\" data-attachment-id=\"16489\" data-permalink=\"https:\/\/pequod.nesodd1.no\/?attachment_id=16489\" data-orig-file=\"https:\/\/i0.wp.com\/pequod.nesodd1.no\/wp-content\/uploads\/2019\/10\/klistremerker-anker-og-tau-design.jpg.jpg?fit=25%2C25&amp;ssl=1\" data-orig-size=\"25,25\" data-comments-opened=\"1\" data-image-meta=\"{&quot;aperture&quot;:&quot;0&quot;,&quot;credit&quot;:&quot;tribalium81&quot;,&quot;camera&quot;:&quot;&quot;,&quot;caption&quot;:&quot;&quot;,&quot;created_timestamp&quot;:&quot;0&quot;,&quot;copyright&quot;:&quot;tribalium81&quot;,&quot;focal_length&quot;:&quot;0&quot;,&quot;iso&quot;:&quot;0&quot;,&quot;shutter_speed&quot;:&quot;0&quot;,&quot;title&quot;:&quot;anchor and rope design&quot;,&quot;orientation&quot;:&quot;1&quot;}\" data-image-title=\"anchor and rope design\" data-image-description=\"\" data-image-caption=\"\" data-medium-file=\"https:\/\/i0.wp.com\/pequod.nesodd1.no\/wp-content\/uploads\/2019\/10\/klistremerker-anker-og-tau-design.jpg.jpg?fit=25%2C25&amp;ssl=1\" data-large-file=\"https:\/\/i0.wp.com\/pequod.nesodd1.no\/wp-content\/uploads\/2019\/10\/klistremerker-anker-og-tau-design.jpg.jpg?fit=25%2C25&amp;ssl=1\" class=\"alignnone size-full wp-image-16489\" src=\"https:\/\/i0.wp.com\/pequod.nesodd1.no\/wp-content\/uploads\/2019\/10\/klistremerker-anker-og-tau-design.jpg.jpg?resize=25%2C25&#038;ssl=1\" alt=\"\" width=\"25\" height=\"25\"><\/a><\/strong><br \/>\n<b>Posisjon:<\/b> 57\u00b045&#8217;1.4&#8243;N 11\u00b039&#8217;12.0&#8243;E<br \/>\n<b>Bes\u00f8kt antall ganger:&nbsp;<\/b>4 <b>Sist bes\u00f8kt:<\/b> Oktober 2024. <strong>Webkamera:<\/strong> Nei&nbsp; <a href=\"https:\/\/www.knippla.se\/gasthamn\" target=\"_blank\" rel=\"noopener noreferrer\">Hjemmeside.<\/a><br \/>\n<b>Fasiliteter:<\/b> Str\u00f8m, vann, toalett, dusj, s\u00f8ppel, septikkt\u00f8mming, wifi, grillplasser. Drivstoff. En butikk med litt begrensede \u00e5pningstider utenom sesongen. En liten kafe, samt en litt st\u00f8rre pub\/restaurant, et pizzeria, samt ei vogn med thaimat.<br \/>\n<b>Havneavgift (for 29-foter):&nbsp;<\/b>Betalte 280 kroner. Inkludert str\u00f8m og vann. Automat plassert ved de to servicebyggene, en ved kafeen og en i indre havn like ved thaimatvogna.<br \/>\n<strong>Fort\u00f8yning:<\/strong> B\u00e5s, b\u00f8ye og langsides. Ved flytebryggene innerst er det kun gangbare utriggere helt ytterst. men flere av bryggene er utstyrt med slike &laquo;trappetrinnskasser&raquo; for b\u00e5ter som legger til med baugen inn.<br \/>\n<b>Tilrettelagt for funksjonshemmede:<\/b>: Ja. En egen flytebrygge for handicappede, den ligger dog p\u00e5 utsiden av moloen og er veldig utsatt for vind fra nord og \u00f8st. Men p\u00e5 flytebryggene innerst er det solide trappetrinn satt opp, og legger man til langsides p\u00e5 den nordligste er den ogs\u00e5 en grei plass.<\/p>\n<p><strong><a href=\"https:\/\/i0.wp.com\/pequod.nesodd1.no\/wp-content\/uploads\/2023\/06\/354553652_10159105209002032_2882663601344253007_n.jpg?ssl=1\"><img data-recalc-dims=\"1\" loading=\"lazy\" decoding=\"async\" data-attachment-id=\"27061\" data-permalink=\"https:\/\/pequod.nesodd1.no\/?attachment_id=27061\" data-orig-file=\"https:\/\/i0.wp.com\/pequod.nesodd1.no\/wp-content\/uploads\/2023\/06\/354553652_10159105209002032_2882663601344253007_n.jpg?fit=2048%2C1536&amp;ssl=1\" data-orig-size=\"2048,1536\" data-comments-opened=\"1\" data-image-meta=\"{&quot;aperture&quot;:&quot;0&quot;,&quot;credit&quot;:&quot;&quot;,&quot;camera&quot;:&quot;&quot;,&quot;caption&quot;:&quot;&quot;,&quot;created_timestamp&quot;:&quot;0&quot;,&quot;copyright&quot;:&quot;&quot;,&quot;focal_length&quot;:&quot;0&quot;,&quot;iso&quot;:&quot;0&quot;,&quot;shutter_speed&quot;:&quot;0&quot;,&quot;title&quot;:&quot;&quot;,&quot;orientation&quot;:&quot;0&quot;}\" data-image-title=\"354553652_10159105209002032_2882663601344253007_n\" data-image-description=\"&lt;p&gt;K\u00e4llo-Knippla&lt;\/p&gt;\n\" data-image-caption=\"\" data-medium-file=\"https:\/\/i0.wp.com\/pequod.nesodd1.no\/wp-content\/uploads\/2023\/06\/354553652_10159105209002032_2882663601344253007_n.jpg?fit=300%2C225&amp;ssl=1\" data-large-file=\"https:\/\/i0.wp.com\/pequod.nesodd1.no\/wp-content\/uploads\/2023\/06\/354553652_10159105209002032_2882663601344253007_n.jpg?fit=940%2C705&amp;ssl=1\" class=\"alignleft size-medium wp-image-27061\" src=\"https:\/\/i0.wp.com\/pequod.nesodd1.no\/wp-content\/uploads\/2023\/06\/354553652_10159105209002032_2882663601344253007_n.jpg?resize=300%2C225&#038;ssl=1\" alt=\"\" width=\"300\" height=\"225\" srcset=\"https:\/\/i0.wp.com\/pequod.nesodd1.no\/wp-content\/uploads\/2023\/06\/354553652_10159105209002032_2882663601344253007_n.jpg?resize=300%2C225&amp;ssl=1 300w, https:\/\/i0.wp.com\/pequod.nesodd1.no\/wp-content\/uploads\/2023\/06\/354553652_10159105209002032_2882663601344253007_n.jpg?resize=1024%2C768&amp;ssl=1 1024w, https:\/\/i0.wp.com\/pequod.nesodd1.no\/wp-content\/uploads\/2023\/06\/354553652_10159105209002032_2882663601344253007_n.jpg?resize=100%2C75&amp;ssl=1 100w, https:\/\/i0.wp.com\/pequod.nesodd1.no\/wp-content\/uploads\/2023\/06\/354553652_10159105209002032_2882663601344253007_n.jpg?resize=768%2C576&amp;ssl=1 768w, https:\/\/i0.wp.com\/pequod.nesodd1.no\/wp-content\/uploads\/2023\/06\/354553652_10159105209002032_2882663601344253007_n.jpg?resize=1536%2C1152&amp;ssl=1 1536w, https:\/\/i0.wp.com\/pequod.nesodd1.no\/wp-content\/uploads\/2023\/06\/354553652_10159105209002032_2882663601344253007_n.jpg?w=2048&amp;ssl=1 2048w, https:\/\/i0.wp.com\/pequod.nesodd1.no\/wp-content\/uploads\/2023\/06\/354553652_10159105209002032_2882663601344253007_n.jpg?w=1880&amp;ssl=1 1880w\" sizes=\"auto, (max-width: 300px) 100vw, 300px\" \/><\/a>OPPDATERING 2023:<\/strong><\/p>\n<p>Fremdeles den samme, fine prisen og like hyggelig som alltid! Etter en brann i fjor er b\u00e5de restauranten, biblioteket og dagligvarebutikken borte, men ved servicebygget innerst i havna har Coop etablert seg med en midlertidig butikkl\u00f8sning som kommer til \u00e5 vare i rundt to \u00e5r mens det skal bygges nytt p\u00e5 branntomta.<\/p>\n<p>Anbefaler ogs\u00e5 \u00e5 ta en tur p\u00e5 naturstien &laquo;Slingan&raquo; som snor seg gjennom nordre del av \u00f8ya og tilbake. Flere fine utsiktspunkter og masse benker \u00e5 hvile seg p\u00e5. G\u00e5r ogs\u00e5 innom flere badeplasser. F\u00e5 med deg utsiktspunktet Wideringen!<\/p>\n<p><strong>OPPDATERING 2022:<\/strong><\/p>\n<p>Ved mitt andre bes\u00f8k ble jeg liggende i en b\u00e5s innerst i havna.<\/p>\n<p>Selv med full havn og midtsommarfest synes jeg ikke det var s\u00e5 mye br\u00e5k som jeg hadde ventet. Kanskje denne havna er mer familieorientert?<\/p>\n<p>Denne gangen fikk jeg ogs\u00e5 bes\u00f8kt en ganske velutstyrt butikk, samt smakt helt glimrende thaimat fra vogna innerst i havna, som kan anbefales p\u00e5 det varmeste. Kjempegodt og store porsjoner til en rimelig penge.&nbsp;<\/p>\n<p>&#8212;-<\/p>\n<p><a href=\"https:\/\/i0.wp.com\/pequod.nesodd1.no\/wp-content\/uploads\/2019\/09\/68529439_2349551408632332_5389824841379479552_n.jpg?ssl=1\"><img data-recalc-dims=\"1\" loading=\"lazy\" decoding=\"async\" data-attachment-id=\"16302\" data-permalink=\"https:\/\/pequod.nesodd1.no\/?attachment_id=16302\" data-orig-file=\"https:\/\/i0.wp.com\/pequod.nesodd1.no\/wp-content\/uploads\/2019\/09\/68529439_2349551408632332_5389824841379479552_n.jpg?fit=960%2C720&amp;ssl=1\" data-orig-size=\"960,720\" data-comments-opened=\"1\" data-image-meta=\"{&quot;aperture&quot;:&quot;0&quot;,&quot;credit&quot;:&quot;&quot;,&quot;camera&quot;:&quot;&quot;,&quot;caption&quot;:&quot;&quot;,&quot;created_timestamp&quot;:&quot;0&quot;,&quot;copyright&quot;:&quot;&quot;,&quot;focal_length&quot;:&quot;0&quot;,&quot;iso&quot;:&quot;0&quot;,&quot;shutter_speed&quot;:&quot;0&quot;,&quot;title&quot;:&quot;&quot;,&quot;orientation&quot;:&quot;0&quot;}\" data-image-title=\"68529439_2349551408632332_5389824841379479552_n\" data-image-description=\"&lt;p&gt;K\u00e4ll\u00f6-Knippla, Sverige&lt;\/p&gt;\n\" data-image-caption=\"&lt;p&gt;K\u00e4ll\u00f6-Knippla bes\u00f8ker jeg gjerne igjen.&lt;\/p&gt;\n\" data-medium-file=\"https:\/\/i0.wp.com\/pequod.nesodd1.no\/wp-content\/uploads\/2019\/09\/68529439_2349551408632332_5389824841379479552_n.jpg?fit=300%2C225&amp;ssl=1\" data-large-file=\"https:\/\/i0.wp.com\/pequod.nesodd1.no\/wp-content\/uploads\/2019\/09\/68529439_2349551408632332_5389824841379479552_n.jpg?fit=940%2C705&amp;ssl=1\" class=\"size-medium wp-image-16302 alignright\" src=\"https:\/\/i0.wp.com\/pequod.nesodd1.no\/wp-content\/uploads\/2019\/09\/68529439_2349551408632332_5389824841379479552_n.jpg?resize=300%2C225&#038;ssl=1\" alt=\"\" width=\"300\" height=\"225\" srcset=\"https:\/\/i0.wp.com\/pequod.nesodd1.no\/wp-content\/uploads\/2019\/09\/68529439_2349551408632332_5389824841379479552_n.jpg?resize=300%2C225&amp;ssl=1 300w, https:\/\/i0.wp.com\/pequod.nesodd1.no\/wp-content\/uploads\/2019\/09\/68529439_2349551408632332_5389824841379479552_n.jpg?resize=100%2C75&amp;ssl=1 100w, https:\/\/i0.wp.com\/pequod.nesodd1.no\/wp-content\/uploads\/2019\/09\/68529439_2349551408632332_5389824841379479552_n.jpg?resize=768%2C576&amp;ssl=1 768w, https:\/\/i0.wp.com\/pequod.nesodd1.no\/wp-content\/uploads\/2019\/09\/68529439_2349551408632332_5389824841379479552_n.jpg?w=960&amp;ssl=1 960w\" sizes=\"auto, (max-width: 300px) 100vw, 300px\" \/><\/a>K\u00e4ll\u00f6-Knippla ligger et par timer (i rundt 8-9 knop) fra G\u00f6teborg og er et rolig og koselig sted &#8211; i alle fall n\u00e5r jeg var der. Jeg l\u00e5 rett ovenfor restauranten Martins Brygga &#8211; som er noe ber\u00f8mt s\u00e5 vidt jeg har f\u00e5tt med meg &#8211; men den var stengt da jeg kom torsdag og det viste seg at den n\u00e5 bare var \u00e5pen i helgene. Men jeg kan tenke meg at det kommer en del st\u00f8y fra den i toppsesongen med uteserveringen.<\/p>\n<p>Innerste del av gjestehavna ligger veldig godt beskyttet for v\u00e6r og vind, men jeg la meg p\u00e5 f\u00f8rste og beste ledige longsideplass n\u00e5r jeg kom inn. Hadde jeg v\u00e6rt mer kjent ville jeg kanskje ha dratt lenger inn, men det gikk helt greit, l\u00e5 godt i le der ogs\u00e5.<\/p>\n<p>Jeg la meg til her etter at toppsesongen var over, og da var det som sagt ganske stille. Det var en liten kafe i tilknytning til servicebygget, men jeg gikk aldri innom der. Havna som s\u00e5dan var ellers koselig og et sted jeg gjerne kommer tilbake til.<\/p>\n<p><a href=\"https:\/\/i0.wp.com\/pequod.nesodd1.no\/wp-content\/uploads\/2019\/09\/68812115_2349551431965663_7035894447963373568_n.jpg?ssl=1\"><img data-recalc-dims=\"1\" loading=\"lazy\" decoding=\"async\" data-attachment-id=\"16303\" data-permalink=\"https:\/\/pequod.nesodd1.no\/?attachment_id=16303\" data-orig-file=\"https:\/\/i0.wp.com\/pequod.nesodd1.no\/wp-content\/uploads\/2019\/09\/68812115_2349551431965663_7035894447963373568_n.jpg?fit=960%2C720&amp;ssl=1\" data-orig-size=\"960,720\" data-comments-opened=\"1\" data-image-meta=\"{&quot;aperture&quot;:&quot;0&quot;,&quot;credit&quot;:&quot;&quot;,&quot;camera&quot;:&quot;&quot;,&quot;caption&quot;:&quot;&quot;,&quot;created_timestamp&quot;:&quot;0&quot;,&quot;copyright&quot;:&quot;&quot;,&quot;focal_length&quot;:&quot;0&quot;,&quot;iso&quot;:&quot;0&quot;,&quot;shutter_speed&quot;:&quot;0&quot;,&quot;title&quot;:&quot;&quot;,&quot;orientation&quot;:&quot;0&quot;}\" data-image-title=\"68812115_2349551431965663_7035894447963373568_n\" data-image-description=\"&lt;p&gt;K\u00e4ll\u00f6-Knippla, Sverige&lt;\/p&gt;\n\" data-image-caption=\"\" data-medium-file=\"https:\/\/i0.wp.com\/pequod.nesodd1.no\/wp-content\/uploads\/2019\/09\/68812115_2349551431965663_7035894447963373568_n.jpg?fit=300%2C225&amp;ssl=1\" data-large-file=\"https:\/\/i0.wp.com\/pequod.nesodd1.no\/wp-content\/uploads\/2019\/09\/68812115_2349551431965663_7035894447963373568_n.jpg?fit=940%2C705&amp;ssl=1\" class=\"size-medium wp-image-16303 alignleft\" src=\"https:\/\/i0.wp.com\/pequod.nesodd1.no\/wp-content\/uploads\/2019\/09\/68812115_2349551431965663_7035894447963373568_n.jpg?resize=300%2C225&#038;ssl=1\" alt=\"\" width=\"300\" height=\"225\" srcset=\"https:\/\/i0.wp.com\/pequod.nesodd1.no\/wp-content\/uploads\/2019\/09\/68812115_2349551431965663_7035894447963373568_n.jpg?resize=300%2C225&amp;ssl=1 300w, https:\/\/i0.wp.com\/pequod.nesodd1.no\/wp-content\/uploads\/2019\/09\/68812115_2349551431965663_7035894447963373568_n.jpg?resize=100%2C75&amp;ssl=1 100w, https:\/\/i0.wp.com\/pequod.nesodd1.no\/wp-content\/uploads\/2019\/09\/68812115_2349551431965663_7035894447963373568_n.jpg?resize=768%2C576&amp;ssl=1 768w, https:\/\/i0.wp.com\/pequod.nesodd1.no\/wp-content\/uploads\/2019\/09\/68812115_2349551431965663_7035894447963373568_n.jpg?w=960&amp;ssl=1 960w\" sizes=\"auto, (max-width: 300px) 100vw, 300px\" \/><\/a>Traff havneverten p\u00e5 sykkel da jeg gikk og s\u00e5 meg om (hadde ringt p\u00e5 forh\u00e5nd for \u00e5 h\u00f8re om det var ledige longsideplasser og f\u00e5tt bekreftet det). Han hilste p\u00e5 meg og tipset meg om en fotballkamp som fant sted om kort tid. Vet ikke hvilken divisjon Knippla spiller i, men det er nok ganske langt ned i systemet. Hadde v\u00e6ret v\u00e6rt litt mer stabilt og jeg litt mindre sliten ville det v\u00e6rt morsomt \u00e5 ha sett den, men jeg f\u00e5r ha det til gode. Veldig blid og hyggelig fyr.<\/p>\n<p>Butikken rakk jeg heller ikke innom f\u00f8r den stengte, men den l\u00e5 i kortere avstand fra gjestehavna enn jeg trodde. Det er for \u00f8vrig ikke lov \u00e5 grille selv p\u00e5 land, men det er satt opp flere store, faste griller ved gjestehavna som er til fri benyttelse. Ogs\u00e5 mange benker \u00e5 sette seg ned p\u00e5.<\/p>\n<p>Et veldig koselig sted som jeg gjerne kommer tilbake til neste gang jeg er p\u00e5 disse kanter.<\/p>\n<figure id=\"attachment_16591\" aria-describedby=\"caption-attachment-16591\" style=\"width: 800px\" class=\"wp-caption aligncenter\"><a href=\"https:\/\/i0.wp.com\/pequod.nesodd1.no\/wp-content\/uploads\/2019\/10\/939A7677.jpg?ssl=1\"><img data-recalc-dims=\"1\" loading=\"lazy\" decoding=\"async\" data-attachment-id=\"16591\" data-permalink=\"https:\/\/pequod.nesodd1.no\/?attachment_id=16591\" data-orig-file=\"https:\/\/i0.wp.com\/pequod.nesodd1.no\/wp-content\/uploads\/2019\/10\/939A7677.jpg?fit=800%2C533&amp;ssl=1\" data-orig-size=\"800,533\" data-comments-opened=\"1\" data-image-meta=\"{&quot;aperture&quot;:&quot;4.5&quot;,&quot;credit&quot;:&quot;&quot;,&quot;camera&quot;:&quot;Canon EOS 5D Mark IV&quot;,&quot;caption&quot;:&quot;&quot;,&quot;created_timestamp&quot;:&quot;1565891982&quot;,&quot;copyright&quot;:&quot;&quot;,&quot;focal_length&quot;:&quot;85&quot;,&quot;iso&quot;:&quot;100&quot;,&quot;shutter_speed&quot;:&quot;0.005&quot;,&quot;title&quot;:&quot;&quot;,&quot;orientation&quot;:&quot;1&quot;}\" data-image-title=\"939A7677\" data-image-description=\"&lt;p&gt;K\u00e4ll\u00f6-Knippla, Sverige&lt;\/p&gt;\n\" data-image-caption=\"&lt;p&gt;K\u00e4ll\u00f6-Knippla&lt;\/p&gt;\n\" data-medium-file=\"https:\/\/i0.wp.com\/pequod.nesodd1.no\/wp-content\/uploads\/2019\/10\/939A7677.jpg?fit=300%2C200&amp;ssl=1\" data-large-file=\"https:\/\/i0.wp.com\/pequod.nesodd1.no\/wp-content\/uploads\/2019\/10\/939A7677.jpg?fit=800%2C533&amp;ssl=1\" class=\"size-full wp-image-16591\" src=\"https:\/\/i0.wp.com\/pequod.nesodd1.no\/wp-content\/uploads\/2019\/10\/939A7677.jpg?resize=800%2C533&#038;ssl=1\" alt=\"\" width=\"800\" height=\"533\" srcset=\"https:\/\/i0.wp.com\/pequod.nesodd1.no\/wp-content\/uploads\/2019\/10\/939A7677.jpg?w=800&amp;ssl=1 800w, https:\/\/i0.wp.com\/pequod.nesodd1.no\/wp-content\/uploads\/2019\/10\/939A7677.jpg?resize=100%2C67&amp;ssl=1 100w, https:\/\/i0.wp.com\/pequod.nesodd1.no\/wp-content\/uploads\/2019\/10\/939A7677.jpg?resize=300%2C200&amp;ssl=1 300w, https:\/\/i0.wp.com\/pequod.nesodd1.no\/wp-content\/uploads\/2019\/10\/939A7677.jpg?resize=768%2C512&amp;ssl=1 768w\" sizes=\"auto, (max-width: 800px) 100vw, 800px\" \/><\/a><figcaption id=\"caption-attachment-16591\" class=\"wp-caption-text\">K\u00e4ll\u00f6-Knippla<\/figcaption><\/figure>\n<h3>Related Images:<\/h3>","protected":false},"excerpt":{"rendered":"<p>Vurdering (5 anker er best): Posisjon: 57\u00b045&#8217;1.4&#8243;N 11\u00b039&#8217;12.0&#8243;E Bes\u00f8kt antall ganger:&nbsp;4 Sist bes\u00f8kt: Oktober 2024. Webkamera: Nei&nbsp; Hjemmeside. Fasiliteter: Str\u00f8m, vann, toalett, dusj, s\u00f8ppel, septikkt\u00f8mming, wifi, grillplasser. Drivstoff. En butikk med litt begrensede \u00e5pningstider utenom sesongen. En liten kafe, samt en litt st\u00f8rre pub\/restaurant, et pizzeria, samt ei vogn med thaimat. Havneavgift (for 29-foter):&nbsp;Betalte 280 &hellip;<br \/><a href=\"https:\/\/pequod.nesodd1.no\/?page_id=16234\" class=\"more-link pen_element_default pen_icon_arrow_double\">Les<\/a><\/p>\n","protected":false},"author":1,"featured_media":20444,"parent":5493,"menu_order":0,"comment_status":"closed","ping_status":"closed","template":"","meta":{"_crdt_document":"","ngg_post_thumbnail":0,"jetpack_post_was_ever_published":false,"footnotes":""},"class_list":["post-16234","page","type-page","status-publish","has-post-thumbnail","hentry"],"jetpack_shortlink":"https:\/\/wp.me\/P3Zd9b-4dQ","jetpack_sharing_enabled":true,"jetpack_likes_enabled":true,"jetpack-related-posts":[],"_links":{"self":[{"href":"https:\/\/pequod.nesodd1.no\/index.php?rest_route=\/wp\/v2\/pages\/16234","targetHints":{"allow":["GET"]}}],"collection":[{"href":"https:\/\/pequod.nesodd1.no\/index.php?rest_route=\/wp\/v2\/pages"}],"about":[{"href":"https:\/\/pequod.nesodd1.no\/index.php?rest_route=\/wp\/v2\/types\/page"}],"author":[{"embeddable":true,"href":"https:\/\/pequod.nesodd1.no\/index.php?rest_route=\/wp\/v2\/users\/1"}],"replies":[{"embeddable":true,"href":"https:\/\/pequod.nesodd1.no\/index.php?rest_route=%2Fwp%2Fv2%2Fcomments&post=16234"}],"version-history":[{"count":19,"href":"https:\/\/pequod.nesodd1.no\/index.php?rest_route=\/wp\/v2\/pages\/16234\/revisions"}],"predecessor-version":[{"id":29561,"href":"https:\/\/pequod.nesodd1.no\/index.php?rest_route=\/wp\/v2\/pages\/16234\/revisions\/29561"}],"up":[{"embeddable":true,"href":"https:\/\/pequod.nesodd1.no\/index.php?rest_route=\/wp\/v2\/pages\/5493"}],"wp:featuredmedia":[{"embeddable":true,"href":"https:\/\/pequod.nesodd1.no\/index.php?rest_route=\/wp\/v2\/media\/20444"}],"wp:attachment":[{"href":"https:\/\/pequod.nesodd1.no\/index.php?rest_route=%2Fwp%2Fv2%2Fmedia&parent=16234"}],"curies":[{"name":"wp","href":"https:\/\/api.w.org\/{rel}","templated":true}]}}