{"id":16238,"date":"2019-08-26T17:28:00","date_gmt":"2019-08-26T15:28:00","guid":{"rendered":"https:\/\/pequod.nesodd1.no\/?page_id=16238"},"modified":"2025-09-29T17:42:29","modified_gmt":"2025-09-29T15:42:29","slug":"lysekil-havsbadet-sverige","status":"publish","type":"page","link":"https:\/\/pequod.nesodd1.no\/?page_id=16238","title":{"rendered":"Lysekil &#8211; Havsbadet (Sverige)"},"content":{"rendered":"<p><strong>Vurdering (5 anker er best): <a href=\"https:\/\/i0.wp.com\/pequod.nesodd1.no\/wp-content\/uploads\/2019\/10\/klistremerker-anker-og-tau-design.jpg.jpg?ssl=1\"><img data-recalc-dims=\"1\" loading=\"lazy\" decoding=\"async\" data-attachment-id=\"16489\" data-permalink=\"https:\/\/pequod.nesodd1.no\/?attachment_id=16489\" data-orig-file=\"https:\/\/i0.wp.com\/pequod.nesodd1.no\/wp-content\/uploads\/2019\/10\/klistremerker-anker-og-tau-design.jpg.jpg?fit=25%2C25&amp;ssl=1\" data-orig-size=\"25,25\" data-comments-opened=\"1\" data-image-meta=\"{&quot;aperture&quot;:&quot;0&quot;,&quot;credit&quot;:&quot;tribalium81&quot;,&quot;camera&quot;:&quot;&quot;,&quot;caption&quot;:&quot;&quot;,&quot;created_timestamp&quot;:&quot;0&quot;,&quot;copyright&quot;:&quot;tribalium81&quot;,&quot;focal_length&quot;:&quot;0&quot;,&quot;iso&quot;:&quot;0&quot;,&quot;shutter_speed&quot;:&quot;0&quot;,&quot;title&quot;:&quot;anchor and rope design&quot;,&quot;orientation&quot;:&quot;1&quot;}\" data-image-title=\"anchor and rope design\" data-image-description=\"\" data-image-caption=\"\" data-medium-file=\"https:\/\/i0.wp.com\/pequod.nesodd1.no\/wp-content\/uploads\/2019\/10\/klistremerker-anker-og-tau-design.jpg.jpg?fit=25%2C25&amp;ssl=1\" data-large-file=\"https:\/\/i0.wp.com\/pequod.nesodd1.no\/wp-content\/uploads\/2019\/10\/klistremerker-anker-og-tau-design.jpg.jpg?fit=25%2C25&amp;ssl=1\" class=\"alignnone size-full wp-image-16489\" src=\"https:\/\/i0.wp.com\/pequod.nesodd1.no\/wp-content\/uploads\/2019\/10\/klistremerker-anker-og-tau-design.jpg.jpg?resize=25%2C25&#038;ssl=1\" alt=\"\" width=\"25\" height=\"25\"><\/a><a href=\"https:\/\/i0.wp.com\/pequod.nesodd1.no\/wp-content\/uploads\/2019\/10\/klistremerker-anker-og-tau-design.jpg.jpg?ssl=1\"><img data-recalc-dims=\"1\" loading=\"lazy\" decoding=\"async\" data-attachment-id=\"16489\" data-permalink=\"https:\/\/pequod.nesodd1.no\/?attachment_id=16489\" data-orig-file=\"https:\/\/i0.wp.com\/pequod.nesodd1.no\/wp-content\/uploads\/2019\/10\/klistremerker-anker-og-tau-design.jpg.jpg?fit=25%2C25&amp;ssl=1\" data-orig-size=\"25,25\" data-comments-opened=\"1\" data-image-meta=\"{&quot;aperture&quot;:&quot;0&quot;,&quot;credit&quot;:&quot;tribalium81&quot;,&quot;camera&quot;:&quot;&quot;,&quot;caption&quot;:&quot;&quot;,&quot;created_timestamp&quot;:&quot;0&quot;,&quot;copyright&quot;:&quot;tribalium81&quot;,&quot;focal_length&quot;:&quot;0&quot;,&quot;iso&quot;:&quot;0&quot;,&quot;shutter_speed&quot;:&quot;0&quot;,&quot;title&quot;:&quot;anchor and rope design&quot;,&quot;orientation&quot;:&quot;1&quot;}\" data-image-title=\"anchor and rope design\" data-image-description=\"\" data-image-caption=\"\" data-medium-file=\"https:\/\/i0.wp.com\/pequod.nesodd1.no\/wp-content\/uploads\/2019\/10\/klistremerker-anker-og-tau-design.jpg.jpg?fit=25%2C25&amp;ssl=1\" data-large-file=\"https:\/\/i0.wp.com\/pequod.nesodd1.no\/wp-content\/uploads\/2019\/10\/klistremerker-anker-og-tau-design.jpg.jpg?fit=25%2C25&amp;ssl=1\" class=\"alignnone size-full wp-image-16489\" src=\"https:\/\/i0.wp.com\/pequod.nesodd1.no\/wp-content\/uploads\/2019\/10\/klistremerker-anker-og-tau-design.jpg.jpg?resize=25%2C25&#038;ssl=1\" alt=\"\" width=\"25\" height=\"25\"><\/a><\/strong><br \/>\n<b>Posisjon:<\/b> 58\u00b016&#8217;14.6&#8243;N 11\u00b026&#8217;14.3&#8243;E<br \/>\n<b>Bes\u00f8kt antall ganger:&nbsp;<\/b>2 <strong>F\u00f8rst<\/strong><b>&nbsp;bes\u00f8kt:<\/b> August 2019. <b>Sist bes\u00f8kt: <\/b>September 2025. <a href=\"https:\/\/assets3.webcam.io\/w\/MEaexM\/latest_hd.jpg?e=1751228642084\" target=\"_blank\" rel=\"noopener\">Webkamera<\/a>&nbsp;&nbsp;<a href=\"https:\/\/hamn.lysekil.se\/sv\/\" target=\"_blank\" rel=\"noopener noreferrer\">Hjemmeside<\/a>&nbsp;<br \/>\n<b>Fasiliteter:<\/b> Str\u00f8m, vann, toalett, dusj, s\u00f8ppel, septikt\u00f8mming, vaskemaskiner, Butikker og restauranter i gangavstand.&nbsp;<br \/>\n<b>Havneavgift (for 29-foter):&nbsp;<\/b>Betalte 200 kroner da jeg var innom i 2019, et avslag p\u00e5 en femtilapp i forhold til toppsesongen, I 2025 l\u00e5 jeg bare noen timer og betalte dagtakst p\u00e5 60 SEK. Betaling via hjemmesiden. Str\u00f8m i tillegg. Kode til dusj og toaletter p\u00e5 kvitteringen som du kan f\u00e5 p\u00e5 SMS eller\/og epost. Brukte ikke serviceanlegget, s\u00e5 jeg kan ikke si noe om standarden.<br \/>\n<strong>Fort\u00f8yning:<\/strong> Langsides, b\u00e5s<br \/>\n<b>Tilrettelagt for funksjonshemmede:<\/b>: Det er egne b\u00e5tplasser som er tilpasset funksjonshemmede\/bevegelseshemmede, og det er eget handicaptoalett. Brukte ingen av dem da jeg la meg p\u00e5 f\u00f8rste tilgjengelige longsideplass&#8230;<\/p>\n<p><a href=\"https:\/\/i0.wp.com\/pequod.nesodd1.no\/wp-content\/uploads\/2019\/08\/IMG-1475.jpg?ssl=1\"><img data-recalc-dims=\"1\" loading=\"lazy\" decoding=\"async\" data-attachment-id=\"16258\" data-permalink=\"https:\/\/pequod.nesodd1.no\/?attachment_id=16258\" data-orig-file=\"https:\/\/i0.wp.com\/pequod.nesodd1.no\/wp-content\/uploads\/2019\/08\/IMG-1475.jpg?fit=800%2C600&amp;ssl=1\" data-orig-size=\"800,600\" data-comments-opened=\"1\" data-image-meta=\"{&quot;aperture&quot;:&quot;1.8&quot;,&quot;credit&quot;:&quot;&quot;,&quot;camera&quot;:&quot;iPhone 8 Plus&quot;,&quot;caption&quot;:&quot;&quot;,&quot;created_timestamp&quot;:&quot;1566245740&quot;,&quot;copyright&quot;:&quot;&quot;,&quot;focal_length&quot;:&quot;3.99&quot;,&quot;iso&quot;:&quot;20&quot;,&quot;shutter_speed&quot;:&quot;0.0029154518950437&quot;,&quot;title&quot;:&quot;&quot;,&quot;orientation&quot;:&quot;1&quot;}\" data-image-title=\"IMG-1475\" data-image-description=\"\" data-image-caption=\"\" data-medium-file=\"https:\/\/i0.wp.com\/pequod.nesodd1.no\/wp-content\/uploads\/2019\/08\/IMG-1475.jpg?fit=300%2C225&amp;ssl=1\" data-large-file=\"https:\/\/i0.wp.com\/pequod.nesodd1.no\/wp-content\/uploads\/2019\/08\/IMG-1475.jpg?fit=800%2C600&amp;ssl=1\" class=\"alignleft size-medium wp-image-16258\" src=\"https:\/\/i0.wp.com\/pequod.nesodd1.no\/wp-content\/uploads\/2019\/08\/IMG-1475.jpg?resize=300%2C225&#038;ssl=1\" alt=\"\" width=\"300\" height=\"225\" srcset=\"https:\/\/i0.wp.com\/pequod.nesodd1.no\/wp-content\/uploads\/2019\/08\/IMG-1475.jpg?resize=300%2C225&amp;ssl=1 300w, https:\/\/i0.wp.com\/pequod.nesodd1.no\/wp-content\/uploads\/2019\/08\/IMG-1475.jpg?resize=100%2C75&amp;ssl=1 100w, https:\/\/i0.wp.com\/pequod.nesodd1.no\/wp-content\/uploads\/2019\/08\/IMG-1475.jpg?resize=768%2C576&amp;ssl=1 768w, https:\/\/i0.wp.com\/pequod.nesodd1.no\/wp-content\/uploads\/2019\/08\/IMG-1475.jpg?w=800&amp;ssl=1 800w\" sizes=\"auto, (max-width: 300px) 100vw, 300px\" \/><\/a>Lysekil valgte jeg fordi det var kort vei fra Fiskeb\u00e4ckkil, der jeg egentlig hadde tenkt \u00e5 ligge, men der jeg ikke fant noen plass.&nbsp;<\/p>\n<p>Lysekil ligger rett over fjorden og har en forholdsvis stor gjestehavn. Her var det masse plass. Jeg kom jo p\u00e5 tampen av sesongen en regnv\u00e5t kveld, og her var det stille. Veldig stille. Var heller ikke direkte koselig her, akkurat. La meg til ved f\u00f8rste og beste, ved en kai jeg senere fant ut het T-bryggen.<\/p>\n<p>M\u00e5tte g\u00e5 en omvei til n\u00e6rmeste butikk ettersom et st\u00f8rre omr\u00e5de var avsperret av politiet. Viste seg at en person var blitt knivstukket der bare et par timer tidligere&#8230;<\/p>\n<p><a href=\"https:\/\/i0.wp.com\/pequod.nesodd1.no\/wp-content\/uploads\/2019\/08\/IMG-1483.jpg?ssl=1\"><img data-recalc-dims=\"1\" loading=\"lazy\" decoding=\"async\" data-attachment-id=\"16260\" data-permalink=\"https:\/\/pequod.nesodd1.no\/?attachment_id=16260\" data-orig-file=\"https:\/\/i0.wp.com\/pequod.nesodd1.no\/wp-content\/uploads\/2019\/08\/IMG-1483.jpg?fit=800%2C600&amp;ssl=1\" data-orig-size=\"800,600\" data-comments-opened=\"1\" data-image-meta=\"{&quot;aperture&quot;:&quot;1.8&quot;,&quot;credit&quot;:&quot;&quot;,&quot;camera&quot;:&quot;iPhone 8 Plus&quot;,&quot;caption&quot;:&quot;&quot;,&quot;created_timestamp&quot;:&quot;1566246120&quot;,&quot;copyright&quot;:&quot;&quot;,&quot;focal_length&quot;:&quot;3.99&quot;,&quot;iso&quot;:&quot;20&quot;,&quot;shutter_speed&quot;:&quot;0.0056497175141243&quot;,&quot;title&quot;:&quot;&quot;,&quot;orientation&quot;:&quot;1&quot;}\" data-image-title=\"IMG-1483\" data-image-description=\"&lt;p&gt;Lysekil, Sverige&lt;\/p&gt;\n\" data-image-caption=\"\" data-medium-file=\"https:\/\/i0.wp.com\/pequod.nesodd1.no\/wp-content\/uploads\/2019\/08\/IMG-1483.jpg?fit=300%2C225&amp;ssl=1\" data-large-file=\"https:\/\/i0.wp.com\/pequod.nesodd1.no\/wp-content\/uploads\/2019\/08\/IMG-1483.jpg?fit=800%2C600&amp;ssl=1\" class=\"size-medium wp-image-16260 alignright\" src=\"https:\/\/i0.wp.com\/pequod.nesodd1.no\/wp-content\/uploads\/2019\/08\/IMG-1483.jpg?resize=300%2C225&#038;ssl=1\" alt=\"\" width=\"300\" height=\"225\" srcset=\"https:\/\/i0.wp.com\/pequod.nesodd1.no\/wp-content\/uploads\/2019\/08\/IMG-1483.jpg?resize=300%2C225&amp;ssl=1 300w, https:\/\/i0.wp.com\/pequod.nesodd1.no\/wp-content\/uploads\/2019\/08\/IMG-1483.jpg?resize=100%2C75&amp;ssl=1 100w, https:\/\/i0.wp.com\/pequod.nesodd1.no\/wp-content\/uploads\/2019\/08\/IMG-1483.jpg?resize=768%2C576&amp;ssl=1 768w, https:\/\/i0.wp.com\/pequod.nesodd1.no\/wp-content\/uploads\/2019\/08\/IMG-1483.jpg?w=800&amp;ssl=1 800w\" sizes=\"auto, (max-width: 300px) 100vw, 300px\" \/><\/a>Den nordre delen av Lysekil skal visstnok v\u00e6re mer hyggelig enn der jeg l\u00e5. Skal ikke mye til&#8230;Kanskje jeg pr\u00f8ver den en annen gang.<\/p>\n<p>Ble advart p\u00e5 forh\u00e5nd om at det ikke var noe koselig sted, og det stemte. Likte ikke helt stemningen her, kommer neppe tilbake. Det m\u00e5 i s\u00e5 fall v\u00e6re hvis det nok en gang er fullt andre steder&#8230;<\/p>\n<p>M\u00e5 selvsagt ogs\u00e5 ta i betraktning at jeg kom p\u00e5 bes\u00f8k langt etter hovedsesongen med alle steder stengt og lite bes\u00f8k. Mulig det er koseligere her om sommeren.<\/p>\n<p>En svenske som jeg l\u00e5 ved siden av i Str\u00f6mstad uka f\u00f8r anbefalte en av restaurantene der for meg, men alt var jo stengt n\u00e5r jeg var der&#8230;<\/p>\n<figure id=\"attachment_16665\" aria-describedby=\"caption-attachment-16665\" style=\"width: 800px\" class=\"wp-caption aligncenter\"><a href=\"https:\/\/i0.wp.com\/pequod.nesodd1.no\/wp-content\/uploads\/2019\/11\/IMG-1477.jpg?ssl=1\"><img data-recalc-dims=\"1\" loading=\"lazy\" decoding=\"async\" data-attachment-id=\"16665\" data-permalink=\"https:\/\/pequod.nesodd1.no\/?attachment_id=16665\" data-orig-file=\"https:\/\/i0.wp.com\/pequod.nesodd1.no\/wp-content\/uploads\/2019\/11\/IMG-1477.jpg?fit=800%2C600&amp;ssl=1\" data-orig-size=\"800,600\" data-comments-opened=\"1\" data-image-meta=\"{&quot;aperture&quot;:&quot;1.8&quot;,&quot;credit&quot;:&quot;&quot;,&quot;camera&quot;:&quot;iPhone 8 Plus&quot;,&quot;caption&quot;:&quot;&quot;,&quot;created_timestamp&quot;:&quot;1566245759&quot;,&quot;copyright&quot;:&quot;&quot;,&quot;focal_length&quot;:&quot;3.99&quot;,&quot;iso&quot;:&quot;20&quot;,&quot;shutter_speed&quot;:&quot;0.0055865921787709&quot;,&quot;title&quot;:&quot;&quot;,&quot;orientation&quot;:&quot;1&quot;}\" data-image-title=\"IMG-1477\" data-image-description=\"&lt;p&gt;Lysekil, S\u00f6dra hamnen&lt;\/p&gt;\n\" data-image-caption=\"&lt;p&gt;P\u00e5 plass i Lysekil&lt;\/p&gt;\n\" data-medium-file=\"https:\/\/i0.wp.com\/pequod.nesodd1.no\/wp-content\/uploads\/2019\/11\/IMG-1477.jpg?fit=300%2C225&amp;ssl=1\" data-large-file=\"https:\/\/i0.wp.com\/pequod.nesodd1.no\/wp-content\/uploads\/2019\/11\/IMG-1477.jpg?fit=800%2C600&amp;ssl=1\" class=\"size-full wp-image-16665\" src=\"https:\/\/i0.wp.com\/pequod.nesodd1.no\/wp-content\/uploads\/2019\/11\/IMG-1477.jpg?resize=800%2C600&#038;ssl=1\" alt=\"\" width=\"800\" height=\"600\" srcset=\"https:\/\/i0.wp.com\/pequod.nesodd1.no\/wp-content\/uploads\/2019\/11\/IMG-1477.jpg?w=800&amp;ssl=1 800w, https:\/\/i0.wp.com\/pequod.nesodd1.no\/wp-content\/uploads\/2019\/11\/IMG-1477.jpg?resize=100%2C75&amp;ssl=1 100w, https:\/\/i0.wp.com\/pequod.nesodd1.no\/wp-content\/uploads\/2019\/11\/IMG-1477.jpg?resize=300%2C225&amp;ssl=1 300w, https:\/\/i0.wp.com\/pequod.nesodd1.no\/wp-content\/uploads\/2019\/11\/IMG-1477.jpg?resize=768%2C576&amp;ssl=1 768w\" sizes=\"auto, (max-width: 800px) 100vw, 800px\" \/><\/a><figcaption id=\"caption-attachment-16665\" class=\"wp-caption-text\">P\u00e5 plass i Lysekil<\/figcaption><\/figure>\n<p>&nbsp;<\/p>\n<h3>Related Images:<\/h3>","protected":false},"excerpt":{"rendered":"<p>Vurdering (5 anker er best): Posisjon: 58\u00b016&#8217;14.6&#8243;N 11\u00b026&#8217;14.3&#8243;E Bes\u00f8kt antall ganger:&nbsp;2 F\u00f8rst&nbsp;bes\u00f8kt: August 2019. Sist bes\u00f8kt: September 2025. Webkamera&nbsp;&nbsp;Hjemmeside&nbsp; Fasiliteter: Str\u00f8m, vann, toalett, dusj, s\u00f8ppel, septikt\u00f8mming, vaskemaskiner, Butikker og restauranter i gangavstand.&nbsp; Havneavgift (for 29-foter):&nbsp;Betalte 200 kroner da jeg var innom i 2019, et avslag p\u00e5 en femtilapp i forhold til toppsesongen, I 2025 l\u00e5 &hellip;<br \/><a href=\"https:\/\/pequod.nesodd1.no\/?page_id=16238\" class=\"more-link pen_element_default pen_icon_arrow_double\">Les<\/a><\/p>\n","protected":false},"author":1,"featured_media":20445,"parent":5493,"menu_order":0,"comment_status":"closed","ping_status":"closed","template":"","meta":{"_crdt_document":"","ngg_post_thumbnail":0,"jetpack_post_was_ever_published":false,"footnotes":""},"class_list":["post-16238","page","type-page","status-publish","has-post-thumbnail","hentry"],"jetpack_shortlink":"https:\/\/wp.me\/P3Zd9b-4dU","jetpack_sharing_enabled":true,"jetpack_likes_enabled":true,"jetpack-related-posts":[],"_links":{"self":[{"href":"https:\/\/pequod.nesodd1.no\/index.php?rest_route=\/wp\/v2\/pages\/16238","targetHints":{"allow":["GET"]}}],"collection":[{"href":"https:\/\/pequod.nesodd1.no\/index.php?rest_route=\/wp\/v2\/pages"}],"about":[{"href":"https:\/\/pequod.nesodd1.no\/index.php?rest_route=\/wp\/v2\/types\/page"}],"author":[{"embeddable":true,"href":"https:\/\/pequod.nesodd1.no\/index.php?rest_route=\/wp\/v2\/users\/1"}],"replies":[{"embeddable":true,"href":"https:\/\/pequod.nesodd1.no\/index.php?rest_route=%2Fwp%2Fv2%2Fcomments&post=16238"}],"version-history":[{"count":15,"href":"https:\/\/pequod.nesodd1.no\/index.php?rest_route=\/wp\/v2\/pages\/16238\/revisions"}],"predecessor-version":[{"id":30924,"href":"https:\/\/pequod.nesodd1.no\/index.php?rest_route=\/wp\/v2\/pages\/16238\/revisions\/30924"}],"up":[{"embeddable":true,"href":"https:\/\/pequod.nesodd1.no\/index.php?rest_route=\/wp\/v2\/pages\/5493"}],"wp:featuredmedia":[{"embeddable":true,"href":"https:\/\/pequod.nesodd1.no\/index.php?rest_route=\/wp\/v2\/media\/20445"}],"wp:attachment":[{"href":"https:\/\/pequod.nesodd1.no\/index.php?rest_route=%2Fwp%2Fv2%2Fmedia&parent=16238"}],"curies":[{"name":"wp","href":"https:\/\/api.w.org\/{rel}","templated":true}]}}