{"id":1627,"date":"2013-12-30T22:27:17","date_gmt":"2013-12-30T21:27:17","guid":{"rendered":"https:\/\/pequod.nesodd1.no\/?page_id=1627"},"modified":"2014-11-29T04:09:09","modified_gmt":"2014-11-29T03:09:09","slug":"arets-siste-tur-30-12-2013","status":"publish","type":"page","link":"https:\/\/pequod.nesodd1.no\/?page_id=1627","title":{"rendered":"\u00c5rets siste tur 30.12.2013?"},"content":{"rendered":"<p>Jeg regner med at dette ble \u00e5rets siste, men har l\u00e6rt meg \u00e5 aldri si aldri&#8230; Etter \u00e5 heist opp b\u00e5ten, fjernet tau fra propellen og sjekket for skader, s\u00e5 ble det en liten tur ut p\u00e5 fjorden, rundet Nakholmen og tilbake. Flott v\u00e6r, litt s\u00f8rpeis.<\/p>\n<p>&nbsp;<\/p>\n\n            \n<h3>Related Images:<\/h3>","protected":false},"excerpt":{"rendered":"<p>Jeg regner med at dette ble \u00e5rets siste, men har l\u00e6rt meg \u00e5 aldri si aldri&#8230; Etter \u00e5 heist opp b\u00e5ten, fjernet tau fra propellen og sjekket for skader, s\u00e5 ble det en liten tur ut p\u00e5 fjorden, rundet Nakholmen og tilbake. Flott v\u00e6r, litt s\u00f8rpeis. &nbsp; Related Images:<\/p>\n","protected":false},"author":1,"featured_media":0,"parent":122,"menu_order":0,"comment_status":"open","ping_status":"open","template":"","meta":{"_crdt_document":"","ngg_post_thumbnail":0,"jetpack_post_was_ever_published":false,"footnotes":""},"class_list":["post-1627","page","type-page","status-publish","hentry"],"jetpack_shortlink":"https:\/\/wp.me\/P3Zd9b-qf","jetpack_sharing_enabled":true,"jetpack_likes_enabled":true,"jetpack-related-posts":[],"_links":{"self":[{"href":"https:\/\/pequod.nesodd1.no\/index.php?rest_route=\/wp\/v2\/pages\/1627","targetHints":{"allow":["GET"]}}],"collection":[{"href":"https:\/\/pequod.nesodd1.no\/index.php?rest_route=\/wp\/v2\/pages"}],"about":[{"href":"https:\/\/pequod.nesodd1.no\/index.php?rest_route=\/wp\/v2\/types\/page"}],"author":[{"embeddable":true,"href":"https:\/\/pequod.nesodd1.no\/index.php?rest_route=\/wp\/v2\/users\/1"}],"replies":[{"embeddable":true,"href":"https:\/\/pequod.nesodd1.no\/index.php?rest_route=%2Fwp%2Fv2%2Fcomments&post=1627"}],"version-history":[{"count":2,"href":"https:\/\/pequod.nesodd1.no\/index.php?rest_route=\/wp\/v2\/pages\/1627\/revisions"}],"predecessor-version":[{"id":6314,"href":"https:\/\/pequod.nesodd1.no\/index.php?rest_route=\/wp\/v2\/pages\/1627\/revisions\/6314"}],"up":[{"embeddable":true,"href":"https:\/\/pequod.nesodd1.no\/index.php?rest_route=\/wp\/v2\/pages\/122"}],"wp:attachment":[{"href":"https:\/\/pequod.nesodd1.no\/index.php?rest_route=%2Fwp%2Fv2%2Fmedia&parent=1627"}],"curies":[{"name":"wp","href":"https:\/\/api.w.org\/{rel}","templated":true}]}}