{"id":17366,"date":"2020-03-17T13:50:11","date_gmt":"2020-03-17T12:50:11","guid":{"rendered":"https:\/\/pequod.nesodd1.no\/?page_id=17366"},"modified":"2025-09-22T19:06:21","modified_gmt":"2025-09-22T17:06:21","slug":"valle-gjestehavn-bamble","status":"publish","type":"page","link":"https:\/\/pequod.nesodd1.no\/?page_id=17366","title":{"rendered":"Valle Gjestehavn (Bamble)"},"content":{"rendered":"<p><strong>Vurdering (5 anker er best):&nbsp;<a href=\"https:\/\/i0.wp.com\/pequod.nesodd1.no\/wp-content\/uploads\/2019\/10\/klistremerker-anker-og-tau-design.jpg.jpg?ssl=1\"><img loading=\"lazy\" decoding=\"async\" data-attachment-id=\"16489\" data-permalink=\"https:\/\/pequod.nesodd1.no\/?attachment_id=16489\" data-orig-file=\"https:\/\/i0.wp.com\/pequod.nesodd1.no\/wp-content\/uploads\/2019\/10\/klistremerker-anker-og-tau-design.jpg.jpg?fit=25%2C25&amp;ssl=1\" data-orig-size=\"25,25\" data-comments-opened=\"1\" data-image-meta=\"{&quot;aperture&quot;:&quot;0&quot;,&quot;credit&quot;:&quot;tribalium81&quot;,&quot;camera&quot;:&quot;&quot;,&quot;caption&quot;:&quot;&quot;,&quot;created_timestamp&quot;:&quot;0&quot;,&quot;copyright&quot;:&quot;tribalium81&quot;,&quot;focal_length&quot;:&quot;0&quot;,&quot;iso&quot;:&quot;0&quot;,&quot;shutter_speed&quot;:&quot;0&quot;,&quot;title&quot;:&quot;anchor and rope design&quot;,&quot;orientation&quot;:&quot;1&quot;}\" data-image-title=\"anchor and rope design\" data-image-description=\"\" data-image-caption=\"\" data-large-file=\"https:\/\/i0.wp.com\/pequod.nesodd1.no\/wp-content\/uploads\/2019\/10\/klistremerker-anker-og-tau-design.jpg.jpg?fit=25%2C25&amp;ssl=1\" class=\"alignnone size-full wp-image-16489 jetpack-lazy-image jetpack-lazy-image--handled\" src=\"https:\/\/i0.wp.com\/pequod.nesodd1.no\/wp-content\/uploads\/2019\/10\/klistremerker-anker-og-tau-design.jpg.jpg?resize=25%2C25&amp;ssl=1\" alt=\"\" width=\"25\" height=\"25\" data-attachment-id=\"16489\" data-permalink=\"https:\/\/pequod.nesodd1.no\/?attachment_id=16489\" data-orig-file=\"https:\/\/i0.wp.com\/pequod.nesodd1.no\/wp-content\/uploads\/2019\/10\/klistremerker-anker-og-tau-design.jpg.jpg?fit=25%2C25&amp;ssl=1\" data-orig-size=\"25,25\" data-comments-opened=\"1\" data-image-meta=\"{&quot;aperture&quot;:&quot;0&quot;,&quot;credit&quot;:&quot;tribalium81&quot;,&quot;camera&quot;:&quot;&quot;,&quot;caption&quot;:&quot;&quot;,&quot;created_timestamp&quot;:&quot;0&quot;,&quot;copyright&quot;:&quot;tribalium81&quot;,&quot;focal_length&quot;:&quot;0&quot;,&quot;iso&quot;:&quot;0&quot;,&quot;shutter_speed&quot;:&quot;0&quot;,&quot;title&quot;:&quot;anchor and rope design&quot;,&quot;orientation&quot;:&quot;1&quot;}\" data-image-title=\"anchor and rope design\" data-image-description=\"\" data-medium-file=\"https:\/\/i0.wp.com\/pequod.nesodd1.no\/wp-content\/uploads\/2019\/10\/klistremerker-anker-og-tau-design.jpg.jpg?fit=25%2C25&amp;ssl=1\" data-large-file=\"https:\/\/i0.wp.com\/pequod.nesodd1.no\/wp-content\/uploads\/2019\/10\/klistremerker-anker-og-tau-design.jpg.jpg?fit=25%2C25&amp;ssl=1\" data-recalc-dims=\"1\" data-lazy-loaded=\"1\"><\/a><a href=\"https:\/\/i0.wp.com\/pequod.nesodd1.no\/wp-content\/uploads\/2019\/10\/klistremerker-anker-og-tau-design.jpg.jpg?ssl=1\"><img loading=\"lazy\" decoding=\"async\" data-attachment-id=\"16489\" data-permalink=\"https:\/\/pequod.nesodd1.no\/?attachment_id=16489\" data-orig-file=\"https:\/\/i0.wp.com\/pequod.nesodd1.no\/wp-content\/uploads\/2019\/10\/klistremerker-anker-og-tau-design.jpg.jpg?fit=25%2C25&amp;ssl=1\" data-orig-size=\"25,25\" data-comments-opened=\"1\" data-image-meta=\"{&quot;aperture&quot;:&quot;0&quot;,&quot;credit&quot;:&quot;tribalium81&quot;,&quot;camera&quot;:&quot;&quot;,&quot;caption&quot;:&quot;&quot;,&quot;created_timestamp&quot;:&quot;0&quot;,&quot;copyright&quot;:&quot;tribalium81&quot;,&quot;focal_length&quot;:&quot;0&quot;,&quot;iso&quot;:&quot;0&quot;,&quot;shutter_speed&quot;:&quot;0&quot;,&quot;title&quot;:&quot;anchor and rope design&quot;,&quot;orientation&quot;:&quot;1&quot;}\" data-image-title=\"anchor and rope design\" data-image-description=\"\" data-image-caption=\"\" data-large-file=\"https:\/\/i0.wp.com\/pequod.nesodd1.no\/wp-content\/uploads\/2019\/10\/klistremerker-anker-og-tau-design.jpg.jpg?fit=25%2C25&amp;ssl=1\" class=\"alignnone size-full wp-image-16489 jetpack-lazy-image jetpack-lazy-image--handled\" src=\"https:\/\/i0.wp.com\/pequod.nesodd1.no\/wp-content\/uploads\/2019\/10\/klistremerker-anker-og-tau-design.jpg.jpg?resize=25%2C25&amp;ssl=1\" alt=\"\" width=\"25\" height=\"25\" data-attachment-id=\"16489\" data-permalink=\"https:\/\/pequod.nesodd1.no\/?attachment_id=16489\" data-orig-file=\"https:\/\/i0.wp.com\/pequod.nesodd1.no\/wp-content\/uploads\/2019\/10\/klistremerker-anker-og-tau-design.jpg.jpg?fit=25%2C25&amp;ssl=1\" data-orig-size=\"25,25\" data-comments-opened=\"1\" data-image-meta=\"{&quot;aperture&quot;:&quot;0&quot;,&quot;credit&quot;:&quot;tribalium81&quot;,&quot;camera&quot;:&quot;&quot;,&quot;caption&quot;:&quot;&quot;,&quot;created_timestamp&quot;:&quot;0&quot;,&quot;copyright&quot;:&quot;tribalium81&quot;,&quot;focal_length&quot;:&quot;0&quot;,&quot;iso&quot;:&quot;0&quot;,&quot;shutter_speed&quot;:&quot;0&quot;,&quot;title&quot;:&quot;anchor and rope design&quot;,&quot;orientation&quot;:&quot;1&quot;}\" data-image-title=\"anchor and rope design\" data-image-description=\"\" data-medium-file=\"https:\/\/i0.wp.com\/pequod.nesodd1.no\/wp-content\/uploads\/2019\/10\/klistremerker-anker-og-tau-design.jpg.jpg?fit=25%2C25&amp;ssl=1\" data-large-file=\"https:\/\/i0.wp.com\/pequod.nesodd1.no\/wp-content\/uploads\/2019\/10\/klistremerker-anker-og-tau-design.jpg.jpg?fit=25%2C25&amp;ssl=1\" data-recalc-dims=\"1\" data-lazy-loaded=\"1\"><\/a><\/strong><br \/>\n<b>Posisjon: <\/b>58\u00b055&#8217;47.7&#8243;N 9\u00b033&#8217;42.5&#8243;E<br \/>\n<b>Bes\u00f8kt antall ganger:<\/b> 7<b>&nbsp;Sist bes\u00f8kt:<\/b> September 2025&nbsp; <strong>Webkamera:<\/strong> Nei<br \/>\n<b>Fasiliteter:<\/b> Servicebygg med dusj, toaletter og vaskemaskin. Str\u00f8m og vann. S\u00f8ppel. Restaurant, isbar, blomsterbutikk, klesbutikk, dagligvarebutikk, b\u00e5tutstyrsbutikk. Lekestativer for barn. Drivstoff (dyrt!).<br \/>\n<b>Havneavgift (for 29-foter):&nbsp;<\/b>300 NOK inkl. str\u00f8m fram til 30.9.&nbsp;Betales via QR-kode til nettside eller i Sj\u00f8bua.<br \/>\n<strong>Fort\u00f8yning:<\/strong> Langsides og i b\u00e5s.<br \/>\n<b>Tilrettelagt for funksjonshemmede:&nbsp;&nbsp;<\/b>Ja. Det er rullestolrampe opp fra flytebryggene. Ogs\u00e5 eget handicaptoalett (som jeg ikke sjekket).<\/p>\n<figure id=\"attachment_16393\" aria-describedby=\"caption-attachment-16393\" style=\"width: 300px\" class=\"wp-caption alignleft\"><a href=\"https:\/\/i0.wp.com\/pequod.nesodd1.no\/wp-content\/uploads\/2019\/09\/IMG-0434.jpg?ssl=1\"><img data-recalc-dims=\"1\" loading=\"lazy\" decoding=\"async\" data-attachment-id=\"16393\" data-permalink=\"https:\/\/pequod.nesodd1.no\/?attachment_id=16393\" data-orig-file=\"https:\/\/i0.wp.com\/pequod.nesodd1.no\/wp-content\/uploads\/2019\/09\/IMG-0434.jpg?fit=800%2C600&amp;ssl=1\" data-orig-size=\"800,600\" data-comments-opened=\"1\" data-image-meta=\"{&quot;aperture&quot;:&quot;1.8&quot;,&quot;credit&quot;:&quot;&quot;,&quot;camera&quot;:&quot;iPhone 8 Plus&quot;,&quot;caption&quot;:&quot;&quot;,&quot;created_timestamp&quot;:&quot;1564441636&quot;,&quot;copyright&quot;:&quot;&quot;,&quot;focal_length&quot;:&quot;3.99&quot;,&quot;iso&quot;:&quot;320&quot;,&quot;shutter_speed&quot;:&quot;0.25&quot;,&quot;title&quot;:&quot;&quot;,&quot;orientation&quot;:&quot;1&quot;}\" data-image-title=\"IMG-0434\" data-image-description=\"&lt;p&gt;Valle&lt;\/p&gt;\n\" data-image-caption=\"&lt;p&gt;Valle by night&amp;#8230;&lt;\/p&gt;\n\" data-large-file=\"https:\/\/i0.wp.com\/pequod.nesodd1.no\/wp-content\/uploads\/2019\/09\/IMG-0434.jpg?fit=800%2C600&amp;ssl=1\" class=\"size-medium wp-image-16393\" src=\"https:\/\/i0.wp.com\/pequod.nesodd1.no\/wp-content\/uploads\/2019\/09\/IMG-0434.jpg?resize=300%2C225&#038;ssl=1\" alt=\"\" width=\"300\" height=\"225\" srcset=\"https:\/\/i0.wp.com\/pequod.nesodd1.no\/wp-content\/uploads\/2019\/09\/IMG-0434.jpg?resize=300%2C225&amp;ssl=1 300w, https:\/\/i0.wp.com\/pequod.nesodd1.no\/wp-content\/uploads\/2019\/09\/IMG-0434.jpg?resize=100%2C75&amp;ssl=1 100w, https:\/\/i0.wp.com\/pequod.nesodd1.no\/wp-content\/uploads\/2019\/09\/IMG-0434.jpg?resize=768%2C576&amp;ssl=1 768w, https:\/\/i0.wp.com\/pequod.nesodd1.no\/wp-content\/uploads\/2019\/09\/IMG-0434.jpg?w=800&amp;ssl=1 800w\" sizes=\"auto, (max-width: 300px) 100vw, 300px\" \/><\/a><figcaption id=\"caption-attachment-16393\" class=\"wp-caption-text\">Valle by night&#8230;<\/figcaption><\/figure>\n<p>Det var fullt i Stavern, s\u00e5 vi valgte \u00e5 krysse Langesundbukta. Siden dette (for en gangs skyld n\u00e5r det gjelder meg) var i fellesferien (sist i juli) regnet jeg nesten med at det var fullt i Krager\u00f8 ogs\u00e5, men vi m\u00e5tte jo finne et sted \u00e5 overnatte. Vi overveide et par uthavner, men endte opp her.<\/p>\n<p>Etter \u00e5 ha sjekket havneguider og f\u00e5tt tips p\u00e5 sosiale medier, valgte vi \u00e5 pr\u00f8ve tipset om Valle, som ligger p\u00e5 innsiden av V\u00e5g\u00f8ya. P\u00e5 styrbord side for deg n\u00e5r du er p\u00e5 vei fra Stavern til Krager\u00f8 og har passert Langesundbukta og kommet inn i skj\u00e6rg\u00e5rden for \u00e5 dra gjennom Kreppa.<\/p>\n<p>Gjestehavna ligger litt bortgjemt innerst i V\u00e5g\u00f8yfjorden og vi ankom den etter at det var blitt m\u00f8rkt. Faktisk s\u00e5pass m\u00f8rkt at vi ikke fikk \u00f8ye p\u00e5 den ytterste flytebrygga f\u00f8r vi n\u00e6rmest var tett p\u00e5 den. Det var nemlig ikke noe lys p\u00e5 den ytterste brygga (senere forstod vi det \u00e5penbare: Det var fordi det ikke var str\u00f8m p\u00e5 den, og da heller ikke p\u00e5 str\u00f8mstolpene), og siden jeg ikke hadde v\u00e6rt der f\u00f8r, s\u00e5 la vi oss p\u00e5 den f\u00f8rste og beste plassen p\u00e5 den n\u00e6rmeste brygga.<\/p>\n<p>Klokka var n\u00e6rmere 23 p\u00e5 kvelden og restauranten var i ferd med \u00e5 stenge. Alt annet var ogs\u00e5 stengt, men vi ruslet n\u00e5 da litt rundt p\u00e5 stedet &#8211; fikk brukt toalettene og konstatert at det var et slags mini-senter med flere butikker. Isbaren s\u00e5 veldig fristende ut, men siden det var meldt kraftig vind utover dagen neste dag, s\u00e5 hadde vi bestemt oss for \u00e5 dra avg\u00e5rde s\u00e5 tidlig som mulig, helst i sekstiden, s\u00e5 vi fikk aldri pr\u00f8vd den.<\/p>\n<figure id=\"attachment_16172\" aria-describedby=\"caption-attachment-16172\" style=\"width: 300px\" class=\"wp-caption alignleft\"><a href=\"https:\/\/i0.wp.com\/pequod.nesodd1.no\/wp-content\/uploads\/2019\/08\/IMG-0443.jpg?ssl=1\"><img data-recalc-dims=\"1\" loading=\"lazy\" decoding=\"async\" data-attachment-id=\"16172\" data-permalink=\"https:\/\/pequod.nesodd1.no\/?attachment_id=16172\" data-orig-file=\"https:\/\/i0.wp.com\/pequod.nesodd1.no\/wp-content\/uploads\/2019\/08\/IMG-0443.jpg?fit=4032%2C3024&amp;ssl=1\" data-orig-size=\"4032,3024\" data-comments-opened=\"1\" data-image-meta=\"{&quot;aperture&quot;:&quot;1.8&quot;,&quot;credit&quot;:&quot;&quot;,&quot;camera&quot;:&quot;iPhone 8 Plus&quot;,&quot;caption&quot;:&quot;&quot;,&quot;created_timestamp&quot;:&quot;1564466499&quot;,&quot;copyright&quot;:&quot;&quot;,&quot;focal_length&quot;:&quot;3.99&quot;,&quot;iso&quot;:&quot;20&quot;,&quot;shutter_speed&quot;:&quot;0.0055555555555556&quot;,&quot;title&quot;:&quot;&quot;,&quot;orientation&quot;:&quot;1&quot;}\" data-image-title=\"IMG-0443\" data-image-description=\"&lt;p&gt;Valle, Stathelle&lt;\/p&gt;\n\" data-image-caption=\"&lt;p&gt;Valle by early morning&amp;#8230;&lt;\/p&gt;\n\" data-large-file=\"https:\/\/i0.wp.com\/pequod.nesodd1.no\/wp-content\/uploads\/2019\/08\/IMG-0443.jpg?fit=940%2C705&amp;ssl=1\" class=\"size-medium wp-image-16172\" src=\"https:\/\/i0.wp.com\/pequod.nesodd1.no\/wp-content\/uploads\/2019\/08\/IMG-0443.jpg?resize=300%2C225&#038;ssl=1\" alt=\"\" width=\"300\" height=\"225\" srcset=\"https:\/\/i0.wp.com\/pequod.nesodd1.no\/wp-content\/uploads\/2019\/08\/IMG-0443.jpg?resize=300%2C225&amp;ssl=1 300w, https:\/\/i0.wp.com\/pequod.nesodd1.no\/wp-content\/uploads\/2019\/08\/IMG-0443.jpg?resize=100%2C75&amp;ssl=1 100w, https:\/\/i0.wp.com\/pequod.nesodd1.no\/wp-content\/uploads\/2019\/08\/IMG-0443.jpg?resize=768%2C576&amp;ssl=1 768w, https:\/\/i0.wp.com\/pequod.nesodd1.no\/wp-content\/uploads\/2019\/08\/IMG-0443.jpg?resize=1024%2C768&amp;ssl=1 1024w, https:\/\/i0.wp.com\/pequod.nesodd1.no\/wp-content\/uploads\/2019\/08\/IMG-0443.jpg?w=1880&amp;ssl=1 1880w, https:\/\/i0.wp.com\/pequod.nesodd1.no\/wp-content\/uploads\/2019\/08\/IMG-0443.jpg?w=2820&amp;ssl=1 2820w\" sizes=\"auto, (max-width: 300px) 100vw, 300px\" \/><\/a><figcaption id=\"caption-attachment-16172\" class=\"wp-caption-text\">Valle by early morning&#8230;<\/figcaption><\/figure>\n<p>I ettertid har jeg forst\u00e5tt at denne gjestehavna skal v\u00e6re sv\u00e6rt popul\u00e6r, men alts\u00e5 helt ukjent for meg fram til dette bes\u00f8ket. Stedet virket rolig og fint, og isbaren m\u00e5 jo pr\u00f8ves en gang! Overraskende nok til \u00e5 v\u00e6re midt i fellesferien var det mange ledige plasser der ogs\u00e5.<\/p>\n<p>Dieselen var dog ikke spesielt billig &#8211; jeg fylte ikke denne gangen &#8211; men s\u00e5 p\u00e5 sosiale medier at den faktisk l\u00e5 over Stavern i pris, og jeg synes Stavern var dyr nok fra f\u00f8r.<\/p>\n<p>Jeg gir tre anker under tvil, ettersom jeg jo ikke har pr\u00f8vd ut tilbudet til denne gjestehavna ordentlig, men jeg s\u00e5 jo at den s\u00e5 fin og ordentlig ut, og idyllisk, da vi fikk se den i dagslys da vi dro ti over seks p\u00e5 morgenen dagen etter.<\/p>\n<p>Negativt m\u00e5 v\u00e6re at str\u00f8mmen p\u00e5 den brygga vi la til ikke virket. M\u00f8tte for\u00f8vrig B\u00e5rd Hoksrud (Frp) p\u00e5 brygga p\u00e5 kvelden. Syntes jeg hadde sett ham f\u00f8r, s\u00e5 jeg sa hei og han smilte og sa hei tilbake. F\u00f8rst en stund etterp\u00e5 husket jeg hvem han var&#8230;<\/p>\n<p><strong>OPPDATERING:&nbsp;<\/strong>Har n\u00e5 v\u00e6rt her to ganger. Prisen p\u00e5 dieselen var hyggeligere n\u00e5, men fortsatt et par kroner over enkelte andre steder i innerste Oslofjord. Av en eller annen grunn la jeg meg ved omtrent samme sted som forrige gang, selv om det var nok av plass andre steder. Og utrolig nok: Str\u00f8mmen p\u00e5 denne flytebrygga <strong>virker fremdeles ikke!&nbsp;<\/strong>Ingenting har alts\u00e5 skjedd p\u00e5 et helt \u00e5r??? Hvordan er det mulig? Ekstra irriterende at det faktisk er lys p\u00e5 str\u00f8mstolpene, men ingen str\u00f8m i kontaktene? Selv om det er rolig og hyggelig her, vitner ikke akkurat dette om seri\u00f8sitet, sp\u00f8r du meg. Dette gj\u00f8r at stedet mister et anker fra meg, og at det fremdeles bare er en n\u00f8dl\u00f8sning for meg. Potensialet er st\u00f8rre, men at man ikke klarer \u00e5 fikse str\u00f8m p\u00e5 stolpene n\u00e5r man har ett \u00e5r p\u00e5 seg, det er helt elendig!<\/p>\n<figure id=\"attachment_19703\" aria-describedby=\"caption-attachment-19703\" style=\"width: 300px\" class=\"wp-caption alignleft\"><a href=\"https:\/\/i0.wp.com\/pequod.nesodd1.no\/wp-content\/uploads\/2020\/09\/IMG-9706.jpg?ssl=1\"><img data-recalc-dims=\"1\" loading=\"lazy\" decoding=\"async\" data-attachment-id=\"19703\" data-permalink=\"https:\/\/pequod.nesodd1.no\/?attachment_id=19703\" data-orig-file=\"https:\/\/i0.wp.com\/pequod.nesodd1.no\/wp-content\/uploads\/2020\/09\/IMG-9706.jpg?fit=800%2C600&amp;ssl=1\" data-orig-size=\"800,600\" data-comments-opened=\"1\" data-image-meta=\"{&quot;aperture&quot;:&quot;1.8&quot;,&quot;credit&quot;:&quot;&quot;,&quot;camera&quot;:&quot;iPhone 8 Plus&quot;,&quot;caption&quot;:&quot;&quot;,&quot;created_timestamp&quot;:&quot;1599306555&quot;,&quot;copyright&quot;:&quot;&quot;,&quot;focal_length&quot;:&quot;3.99&quot;,&quot;iso&quot;:&quot;20&quot;,&quot;shutter_speed&quot;:&quot;0.00041597337770383&quot;,&quot;title&quot;:&quot;&quot;,&quot;orientation&quot;:&quot;1&quot;}\" data-image-title=\"IMG-9706\" data-image-description=\"&lt;p&gt;Valle&lt;\/p&gt;\n\" data-image-caption=\"&lt;p&gt;Valle by day&amp;#8230; med str\u00f8m!&lt;\/p&gt;\n\" data-large-file=\"https:\/\/i0.wp.com\/pequod.nesodd1.no\/wp-content\/uploads\/2020\/09\/IMG-9706.jpg?fit=800%2C600&amp;ssl=1\" class=\"size-medium wp-image-19703\" src=\"https:\/\/i0.wp.com\/pequod.nesodd1.no\/wp-content\/uploads\/2020\/09\/IMG-9706.jpg?resize=300%2C225&#038;ssl=1\" alt=\"\" width=\"300\" height=\"225\" srcset=\"https:\/\/i0.wp.com\/pequod.nesodd1.no\/wp-content\/uploads\/2020\/09\/IMG-9706.jpg?resize=300%2C225&amp;ssl=1 300w, https:\/\/i0.wp.com\/pequod.nesodd1.no\/wp-content\/uploads\/2020\/09\/IMG-9706.jpg?resize=100%2C75&amp;ssl=1 100w, https:\/\/i0.wp.com\/pequod.nesodd1.no\/wp-content\/uploads\/2020\/09\/IMG-9706.jpg?resize=768%2C576&amp;ssl=1 768w, https:\/\/i0.wp.com\/pequod.nesodd1.no\/wp-content\/uploads\/2020\/09\/IMG-9706.jpg?w=800&amp;ssl=1 800w\" sizes=\"auto, (max-width: 300px) 100vw, 300px\" \/><\/a><figcaption id=\"caption-attachment-19703\" class=\"wp-caption-text\">Valle by day&#8230; med str\u00f8m!<\/figcaption><\/figure>\n<p><strong>NY OPPDATERING:<\/strong> N\u00e5 har jeg f\u00e5tt beskjed i ettertid fra andre som har v\u00e6rt der at utsiden av flytebrygga egentlig er ment som en slags ventebrygge, enten hvis man bare skal inn p\u00e5 land for \u00e5 handle eller spise, eller for \u00e5 vente p\u00e5 eventuell ledig plass i gjestehavna eller kanskje foran dieselpumpa. Det forklarer jo en del, men da kunne det ha st\u00e5tt et skilt om det &#8211; n\u00e5r det b\u00e5de er str\u00f8mstolper og lys p\u00e5 brygga, s\u00e5 regner man jo med at de virker?<\/p>\n<p>Ved mitt tredje bes\u00f8k der la jeg meg p\u00e5 innsiden i en av b\u00e5sene og fikk str\u00f8m. Men betalte full pris inne i b\u00e5tbutikken som fungerer som gjestehavnskontor, selv om det sto p\u00e5 et oppslag ved brygga at det var halv pris etter 1. september&#8230; Men gadd ikke krangle p\u00e5 det, 200 kroner er helt greit.<\/p>\n<p>For\u00f8vrig anbefaler jeg \u00e5 pr\u00f8ve taco-baguetten p\u00e5 Spar-butikken, den er blitt en favoritt!<\/p>\n<p>&nbsp;<\/p>\n<p><strong>OPPDATERING 2023:<\/strong><\/p>\n<p>Valle har tradisjonelt sett v\u00e6rt mitt rimelige og foretrukne sted \u00e5 legge meg f\u00f8r jeg krysser Langesundbukta. Koseligere og rimeligere enn Krager\u00f8 &#8211; som jeg av prinsipp unng\u00e5r hvis jeg kan. Men n\u00e5 er det slutt p\u00e5 det. Selv om prisen i 2023 ikke er s\u00e5 verst med tanke p\u00e5 at str\u00f8m og vann er inkludert, s\u00e5 har marinaen g\u00e5tt til det usympatiske trekk \u00e5 la prisen gjelde hele \u00e5ret! Alts\u00e5 ikke noe rabatt i lavsesong. Prisen er den samme som i Krager\u00f8 &#8211; som kj\u00f8rer hovedsesong og full pris fra 15. mars til 1. november &#8211; men Valle lar alts\u00e5 hovedsesongen vare \u00e5ret rundt! I tillegg er vel ogs\u00e5 de dyrest p\u00e5 vask og t\u00f8rk &#8211; hele 75 kroner per stk. Dusjen er imidlertid rimelig: 10 kroner for 6 minutter (myntinnkast).<\/p>\n<p>Krager\u00f8 og Valle er dermed de eneste gjestehavnene i Norge som i praksis tar fullt betalt hele \u00e5ret &#8211; direkte usympatisk! S\u00e5 n\u00e5 er ogs\u00e5 Valle blitt en havn jeg unng\u00e5r hvis jeg kan &#8211; til n\u00f8d kun for en kort stopp. Valle er ogs\u00e5 dyr p\u00e5 dieselen, ved mitt bes\u00f8k siste uka i september l\u00e5 prisen 2 kroner over Nevlunghavn!<\/p>\n<p><strong>OPPDATERING 2025:&nbsp;<\/strong>Det har skjedd noen endringer i prispolitikken. Prisen er n\u00e5 300 kroner i hovedsesongen, som varer ut september. Deretter er det redusert pris, tror det var 200. Likevel en dr\u00f8y sesong, sp\u00f8r du meg, men bedre en utsugerne i nabokommunen Krager\u00f8.. P\u00e5 den positive siden er serviceanlegget ogs\u00e5 \u00e5pent ut september, og det er jo flere som har stengt dette.&nbsp;<\/p>\n<h3>Related Images:<\/h3>","protected":false},"excerpt":{"rendered":"<p>Vurdering (5 anker er best):&nbsp; Posisjon: 58\u00b055&#8217;47.7&#8243;N 9\u00b033&#8217;42.5&#8243;E Bes\u00f8kt antall ganger: 7&nbsp;Sist bes\u00f8kt: September 2025&nbsp; Webkamera: Nei Fasiliteter: Servicebygg med dusj, toaletter og vaskemaskin. Str\u00f8m og vann. S\u00f8ppel. Restaurant, isbar, blomsterbutikk, klesbutikk, dagligvarebutikk, b\u00e5tutstyrsbutikk. Lekestativer for barn. Drivstoff (dyrt!). Havneavgift (for 29-foter):&nbsp;300 NOK inkl. str\u00f8m fram til 30.9.&nbsp;Betales via QR-kode til nettside eller i Sj\u00f8bua. &hellip;<br \/><a href=\"https:\/\/pequod.nesodd1.no\/?page_id=17366\" class=\"more-link pen_element_default pen_icon_arrow_double\">Les<\/a><\/p>\n","protected":false},"author":1,"featured_media":18816,"parent":5493,"menu_order":0,"comment_status":"closed","ping_status":"closed","template":"","meta":{"_crdt_document":"","ngg_post_thumbnail":0,"jetpack_post_was_ever_published":false,"footnotes":""},"class_list":["post-17366","page","type-page","status-publish","has-post-thumbnail","hentry"],"jetpack_shortlink":"https:\/\/wp.me\/P3Zd9b-4w6","jetpack_sharing_enabled":true,"jetpack_likes_enabled":true,"jetpack-related-posts":[],"_links":{"self":[{"href":"https:\/\/pequod.nesodd1.no\/index.php?rest_route=\/wp\/v2\/pages\/17366","targetHints":{"allow":["GET"]}}],"collection":[{"href":"https:\/\/pequod.nesodd1.no\/index.php?rest_route=\/wp\/v2\/pages"}],"about":[{"href":"https:\/\/pequod.nesodd1.no\/index.php?rest_route=\/wp\/v2\/types\/page"}],"author":[{"embeddable":true,"href":"https:\/\/pequod.nesodd1.no\/index.php?rest_route=\/wp\/v2\/users\/1"}],"replies":[{"embeddable":true,"href":"https:\/\/pequod.nesodd1.no\/index.php?rest_route=%2Fwp%2Fv2%2Fcomments&post=17366"}],"version-history":[{"count":17,"href":"https:\/\/pequod.nesodd1.no\/index.php?rest_route=\/wp\/v2\/pages\/17366\/revisions"}],"predecessor-version":[{"id":30869,"href":"https:\/\/pequod.nesodd1.no\/index.php?rest_route=\/wp\/v2\/pages\/17366\/revisions\/30869"}],"up":[{"embeddable":true,"href":"https:\/\/pequod.nesodd1.no\/index.php?rest_route=\/wp\/v2\/pages\/5493"}],"wp:featuredmedia":[{"embeddable":true,"href":"https:\/\/pequod.nesodd1.no\/index.php?rest_route=\/wp\/v2\/media\/18816"}],"wp:attachment":[{"href":"https:\/\/pequod.nesodd1.no\/index.php?rest_route=%2Fwp%2Fv2%2Fmedia&parent=17366"}],"curies":[{"name":"wp","href":"https:\/\/api.w.org\/{rel}","templated":true}]}}