{"id":17778,"date":"2020-03-27T13:49:57","date_gmt":"2020-03-27T12:49:57","guid":{"rendered":"https:\/\/pequod.nesodd1.no\/?page_id=17778"},"modified":"2020-10-25T12:46:36","modified_gmt":"2020-10-25T11:46:36","slug":"hovedoya","status":"publish","type":"page","link":"https:\/\/pequod.nesodd1.no\/?page_id=17778","title":{"rendered":"Hoved\u00f8ya"},"content":{"rendered":"<p><strong>Vurdering (5 anker er best): <a href=\"https:\/\/i0.wp.com\/pequod.nesodd1.no\/wp-content\/uploads\/2019\/10\/klistremerker-anker-og-tau-design.jpg.jpg?ssl=1\"><img data-recalc-dims=\"1\" loading=\"lazy\" decoding=\"async\" data-attachment-id=\"16489\" data-permalink=\"https:\/\/pequod.nesodd1.no\/?attachment_id=16489\" data-orig-file=\"https:\/\/i0.wp.com\/pequod.nesodd1.no\/wp-content\/uploads\/2019\/10\/klistremerker-anker-og-tau-design.jpg.jpg?fit=25%2C25&amp;ssl=1\" data-orig-size=\"25,25\" data-comments-opened=\"1\" data-image-meta=\"{&quot;aperture&quot;:&quot;0&quot;,&quot;credit&quot;:&quot;tribalium81&quot;,&quot;camera&quot;:&quot;&quot;,&quot;caption&quot;:&quot;&quot;,&quot;created_timestamp&quot;:&quot;0&quot;,&quot;copyright&quot;:&quot;tribalium81&quot;,&quot;focal_length&quot;:&quot;0&quot;,&quot;iso&quot;:&quot;0&quot;,&quot;shutter_speed&quot;:&quot;0&quot;,&quot;title&quot;:&quot;anchor and rope design&quot;,&quot;orientation&quot;:&quot;1&quot;}\" data-image-title=\"anchor and rope design\" data-image-description=\"\" data-image-caption=\"\" data-large-file=\"https:\/\/i0.wp.com\/pequod.nesodd1.no\/wp-content\/uploads\/2019\/10\/klistremerker-anker-og-tau-design.jpg.jpg?fit=25%2C25&amp;ssl=1\" class=\"alignnone size-full wp-image-16489\" src=\"https:\/\/i0.wp.com\/pequod.nesodd1.no\/wp-content\/uploads\/2019\/10\/klistremerker-anker-og-tau-design.jpg.jpg?resize=25%2C25&#038;ssl=1\" alt=\"\" width=\"25\" height=\"25\"><\/a><\/strong><br \/>\n<strong>Posisjon: <\/strong>59\u00b053&#8217;56.9&#8243;N 10\u00b044&#8217;4.1&#8243;E<br \/>\n<b>Totalt antall bes\u00f8k<\/b> 1&nbsp;<b>Sist bes\u00f8kt:<\/b> Februar 2015<br \/>\n<b>Fasiliteter:<\/b> Kro i sommersesongen hvis du legger til ved gjestebrygga til kroa.<br \/>\n<b>Tilrettelagt for funksjonshemmede:<\/b> Nei.<\/p>\n<p><a href=\"https:\/\/i0.wp.com\/pequod.nesodd1.no\/wp-content\/uploads\/2020\/03\/11034293_10152593825167032_8783005724370233634_n-1.jpg?ssl=1\"><img data-recalc-dims=\"1\" loading=\"lazy\" decoding=\"async\" data-attachment-id=\"17780\" data-permalink=\"https:\/\/pequod.nesodd1.no\/?attachment_id=17780\" data-orig-file=\"https:\/\/i0.wp.com\/pequod.nesodd1.no\/wp-content\/uploads\/2020\/03\/11034293_10152593825167032_8783005724370233634_n-1.jpg?fit=640%2C640&amp;ssl=1\" data-orig-size=\"640,640\" data-comments-opened=\"1\" data-image-meta=\"{&quot;aperture&quot;:&quot;0&quot;,&quot;credit&quot;:&quot;&quot;,&quot;camera&quot;:&quot;&quot;,&quot;caption&quot;:&quot;&quot;,&quot;created_timestamp&quot;:&quot;0&quot;,&quot;copyright&quot;:&quot;&quot;,&quot;focal_length&quot;:&quot;0&quot;,&quot;iso&quot;:&quot;0&quot;,&quot;shutter_speed&quot;:&quot;0&quot;,&quot;title&quot;:&quot;&quot;,&quot;orientation&quot;:&quot;0&quot;}\" data-image-title=\"11034293_10152593825167032_8783005724370233634_n\" data-image-description=\"&lt;p&gt;Hoved\u00f8ya&lt;\/p&gt;\n\" data-image-caption=\"&lt;p&gt;Forrige bes\u00f8k p\u00e5 Hoved\u00f8ya i 2015&amp;#8230;&lt;\/p&gt;\n\" data-large-file=\"https:\/\/i0.wp.com\/pequod.nesodd1.no\/wp-content\/uploads\/2020\/03\/11034293_10152593825167032_8783005724370233634_n-1.jpg?fit=640%2C640&amp;ssl=1\" class=\"alignleft size-medium wp-image-17780\" src=\"https:\/\/i0.wp.com\/pequod.nesodd1.no\/wp-content\/uploads\/2020\/03\/11034293_10152593825167032_8783005724370233634_n-1.jpg?resize=300%2C300&#038;ssl=1\" alt=\"\" width=\"300\" height=\"300\" srcset=\"https:\/\/i0.wp.com\/pequod.nesodd1.no\/wp-content\/uploads\/2020\/03\/11034293_10152593825167032_8783005724370233634_n-1.jpg?resize=300%2C300&amp;ssl=1 300w, https:\/\/i0.wp.com\/pequod.nesodd1.no\/wp-content\/uploads\/2020\/03\/11034293_10152593825167032_8783005724370233634_n-1.jpg?resize=80%2C80&amp;ssl=1 80w, https:\/\/i0.wp.com\/pequod.nesodd1.no\/wp-content\/uploads\/2020\/03\/11034293_10152593825167032_8783005724370233634_n-1.jpg?w=640&amp;ssl=1 640w\" sizes=\"auto, (max-width: 300px) 100vw, 300px\" \/><\/a>Hoved\u00f8ya er en \u00f8y det er vanskelig \u00e5 komme til med egen b\u00e5t. Det er rett og slett ingen relevante steder \u00e5 legge til!<\/p>\n<p>P\u00e5 s\u00f8rsiden er det er st\u00f8rre kai som brukes av Oslo Havn, mens det p\u00e5 nordvestsiden kun er kaia som brukes av Oslofergene.<\/p>\n<p>Jeg har likevel bes\u00f8kt Hoved\u00f8ya \u00e9n gang. Da la jeg til p\u00e5 gjestebryggene til Revierhavnen Kro &#8211; brygger det er omtrent umulig \u00e5 f\u00e5 plass p\u00e5 om sommeren, s\u00e5 jeg har ikke spist der enn\u00e5&#8230;<\/p>\n<p>Dette langt utenom hovedsesongen, (i februar!), og kroa var uansett stengt. Jeg trodde jeg hadde funnet p\u00e5 noe lurt, men det viste det seg at jeg ikke hadde, for det eneste omr\u00e5det jeg fikk ruslet rundt p\u00e5, var rundt selve kroa og deler av b\u00e5tforeningens omr\u00e5de.<\/p>\n<p>Jeg endte opp ved en port som riktignok kunne gi adgang til resten av \u00f8ya, men den var selvsagt l\u00e5st, og gjerdet s\u00e5 h\u00f8yt at det uansett ikke var mulig for meg \u00e5 komme over.<\/p>\n<p>Hoved\u00f8ya kommer du dermed kun til p\u00e5 ved \u00e5 ta Oslofergen, eller ved \u00e5 ha b\u00e5t hos b\u00e5tforeningen&#8230;<\/p>\n<p>M\u00e5 ta et forbehold om at det er mulig \u00e5 legge til p\u00e5 andre siden av b\u00e5thavna, der Oslo Sj\u00f8skole ligger &#8211; kanskje det er mulig \u00e5 komme seg rundt p\u00e5 \u00f8ya da? Mulig jeg unders\u00f8ker det ved en annen anledning&#8230;<\/p>\n<p>&nbsp;<\/p>\n<h3>Related Images:<\/h3>","protected":false},"excerpt":{"rendered":"<p>Vurdering (5 anker er best): Posisjon: 59\u00b053&#8217;56.9&#8243;N 10\u00b044&#8217;4.1&#8243;E Totalt antall bes\u00f8k 1&nbsp;Sist bes\u00f8kt: Februar 2015 Fasiliteter: Kro i sommersesongen hvis du legger til ved gjestebrygga til kroa. Tilrettelagt for funksjonshemmede: Nei. Hoved\u00f8ya er en \u00f8y det er vanskelig \u00e5 komme til med egen b\u00e5t. Det er rett og slett ingen relevante steder \u00e5 legge til! &hellip;<br \/><a href=\"https:\/\/pequod.nesodd1.no\/?page_id=17778\" class=\"more-link pen_element_default pen_icon_arrow_double\">Les<\/a><\/p>\n","protected":false},"author":1,"featured_media":15023,"parent":5656,"menu_order":0,"comment_status":"closed","ping_status":"closed","template":"","meta":{"_crdt_document":"","ngg_post_thumbnail":0,"jetpack_post_was_ever_published":false,"footnotes":""},"class_list":["post-17778","page","type-page","status-publish","has-post-thumbnail","hentry"],"jetpack_shortlink":"https:\/\/wp.me\/P3Zd9b-4CK","jetpack_sharing_enabled":true,"jetpack_likes_enabled":true,"jetpack-related-posts":[],"_links":{"self":[{"href":"https:\/\/pequod.nesodd1.no\/index.php?rest_route=\/wp\/v2\/pages\/17778","targetHints":{"allow":["GET"]}}],"collection":[{"href":"https:\/\/pequod.nesodd1.no\/index.php?rest_route=\/wp\/v2\/pages"}],"about":[{"href":"https:\/\/pequod.nesodd1.no\/index.php?rest_route=\/wp\/v2\/types\/page"}],"author":[{"embeddable":true,"href":"https:\/\/pequod.nesodd1.no\/index.php?rest_route=\/wp\/v2\/users\/1"}],"replies":[{"embeddable":true,"href":"https:\/\/pequod.nesodd1.no\/index.php?rest_route=%2Fwp%2Fv2%2Fcomments&post=17778"}],"version-history":[{"count":6,"href":"https:\/\/pequod.nesodd1.no\/index.php?rest_route=\/wp\/v2\/pages\/17778\/revisions"}],"predecessor-version":[{"id":17898,"href":"https:\/\/pequod.nesodd1.no\/index.php?rest_route=\/wp\/v2\/pages\/17778\/revisions\/17898"}],"up":[{"embeddable":true,"href":"https:\/\/pequod.nesodd1.no\/index.php?rest_route=\/wp\/v2\/pages\/5656"}],"wp:featuredmedia":[{"embeddable":true,"href":"https:\/\/pequod.nesodd1.no\/index.php?rest_route=\/wp\/v2\/media\/15023"}],"wp:attachment":[{"href":"https:\/\/pequod.nesodd1.no\/index.php?rest_route=%2Fwp%2Fv2%2Fmedia&parent=17778"}],"curies":[{"name":"wp","href":"https:\/\/api.w.org\/{rel}","templated":true}]}}