{"id":17862,"date":"2020-03-29T01:34:45","date_gmt":"2020-03-29T00:34:45","guid":{"rendered":"https:\/\/pequod.nesodd1.no\/?page_id=17862"},"modified":"2022-08-25T09:46:47","modified_gmt":"2022-08-25T07:46:47","slug":"flatskjaera-stromtangen","status":"publish","type":"page","link":"https:\/\/pequod.nesodd1.no\/?page_id=17862","title":{"rendered":"Flatskj\u00e6ra (Str\u00f8mtangen)"},"content":{"rendered":"<p><strong>Vurdering (5 anker er best)<\/strong>: <a href=\"https:\/\/i0.wp.com\/pequod.nesodd1.no\/wp-content\/uploads\/2019\/10\/klistremerker-anker-og-tau-design.jpg.jpg?ssl=1\"><img data-recalc-dims=\"1\" loading=\"lazy\" decoding=\"async\" data-attachment-id=\"16489\" data-permalink=\"https:\/\/pequod.nesodd1.no\/?attachment_id=16489\" data-orig-file=\"https:\/\/i0.wp.com\/pequod.nesodd1.no\/wp-content\/uploads\/2019\/10\/klistremerker-anker-og-tau-design.jpg.jpg?fit=25%2C25&amp;ssl=1\" data-orig-size=\"25,25\" data-comments-opened=\"1\" data-image-meta=\"{&quot;aperture&quot;:&quot;0&quot;,&quot;credit&quot;:&quot;tribalium81&quot;,&quot;camera&quot;:&quot;&quot;,&quot;caption&quot;:&quot;&quot;,&quot;created_timestamp&quot;:&quot;0&quot;,&quot;copyright&quot;:&quot;tribalium81&quot;,&quot;focal_length&quot;:&quot;0&quot;,&quot;iso&quot;:&quot;0&quot;,&quot;shutter_speed&quot;:&quot;0&quot;,&quot;title&quot;:&quot;anchor and rope design&quot;,&quot;orientation&quot;:&quot;1&quot;}\" data-image-title=\"anchor and rope design\" data-image-description=\"\" data-image-caption=\"\" data-large-file=\"https:\/\/i0.wp.com\/pequod.nesodd1.no\/wp-content\/uploads\/2019\/10\/klistremerker-anker-og-tau-design.jpg.jpg?fit=25%2C25&amp;ssl=1\" class=\"alignnone size-full wp-image-16489\" src=\"https:\/\/i0.wp.com\/pequod.nesodd1.no\/wp-content\/uploads\/2019\/10\/klistremerker-anker-og-tau-design.jpg.jpg?resize=25%2C25&#038;ssl=1\" alt=\"\" width=\"25\" height=\"25\"><\/a><a href=\"https:\/\/i0.wp.com\/pequod.nesodd1.no\/wp-content\/uploads\/2019\/10\/klistremerker-anker-og-tau-design.jpg.jpg?ssl=1\"><img data-recalc-dims=\"1\" loading=\"lazy\" decoding=\"async\" data-attachment-id=\"16489\" data-permalink=\"https:\/\/pequod.nesodd1.no\/?attachment_id=16489\" data-orig-file=\"https:\/\/i0.wp.com\/pequod.nesodd1.no\/wp-content\/uploads\/2019\/10\/klistremerker-anker-og-tau-design.jpg.jpg?fit=25%2C25&amp;ssl=1\" data-orig-size=\"25,25\" data-comments-opened=\"1\" data-image-meta=\"{&quot;aperture&quot;:&quot;0&quot;,&quot;credit&quot;:&quot;tribalium81&quot;,&quot;camera&quot;:&quot;&quot;,&quot;caption&quot;:&quot;&quot;,&quot;created_timestamp&quot;:&quot;0&quot;,&quot;copyright&quot;:&quot;tribalium81&quot;,&quot;focal_length&quot;:&quot;0&quot;,&quot;iso&quot;:&quot;0&quot;,&quot;shutter_speed&quot;:&quot;0&quot;,&quot;title&quot;:&quot;anchor and rope design&quot;,&quot;orientation&quot;:&quot;1&quot;}\" data-image-title=\"anchor and rope design\" data-image-description=\"\" data-image-caption=\"\" data-large-file=\"https:\/\/i0.wp.com\/pequod.nesodd1.no\/wp-content\/uploads\/2019\/10\/klistremerker-anker-og-tau-design.jpg.jpg?fit=25%2C25&amp;ssl=1\" class=\"alignnone size-full wp-image-16489\" src=\"https:\/\/i0.wp.com\/pequod.nesodd1.no\/wp-content\/uploads\/2019\/10\/klistremerker-anker-og-tau-design.jpg.jpg?resize=25%2C25&#038;ssl=1\" alt=\"\" width=\"25\" height=\"25\"><\/a><br \/>\n<strong>Posisjon:<\/strong> 59\u00b09&#8217;37.5&#8243;N 10\u00b048&#8217;39.2&#8243;E<br \/>\n<strong>Antall bes\u00f8k:<\/strong> 1 <strong>Sist bes\u00f8kt:<\/strong> 16.08.2017.<br \/>\n<strong>Fasiliteter:<\/strong> Flere sittebenker p\u00e5 kaia. Ellers intet.<br \/>\n<strong>Havneavgift:<\/strong> Nei.<br \/>\n<strong>Fort\u00f8yning:<\/strong> Langsides, baug og anker. Det er to sm\u00e5 brygger, en p\u00e5 hver holme. Jeg la meg til langsides p\u00e5 den \u00f8stre siden jeg var eneste b\u00e5t der.&nbsp;<br \/>\n<strong>Tilrettelagt for funksjonshemmede:<\/strong> Nei. Du kan nok komme deg opp p\u00e5 trebrygga, men lenger kommer du ikke.<\/p>\n<p>Flatskj\u00e6ra ligger i n\u00e6rheten av Str\u00f8mtangen fyr utenfor Fredrikstad. Det er rett og slett to mindre holmer som ligger ganske tett inntil hverandre og i sundet mellom dem (Fanterenna) er det popul\u00e6rt \u00e5 legge seg til.<\/p>\n<p>I selve sundet kan man ankre opp, mens det er to mindre brygger p\u00e5 begge holmene. Man ligger ganske s\u00e5 godt beskyttet&nbsp; her.<\/p>\n<p>Dette er et sted som skal v\u00e6re veldig popul\u00e6rt om sommeren, men da jeg ankom midt i august var det tomt der, selv om det var flott v\u00e6r. Jeg breiet meg derfor godt og la til langsides med snekka mi, som vel fylte nesten hele brygga, s\u00e5 stor er den ikke. Her ligger nok b\u00e5tene med baug mot brygga og anker akter n\u00e5r det er flere her.&nbsp;<\/p>\n<p>Det er ganske bra med dybde i selve sundet og langs land p\u00e5 den \u00f8stre holmen der jeg l\u00e5, mens det er grunt flere steder langs den vestre holmen.<\/p>\n<p>Her kunne jeg glatt ha overnattet hvis jeg \u00f8nsket meg litt fred og ro! Nydelig sted \u00e5 slappe av p\u00e5.&nbsp;<\/p>\n<p>Jeg pr\u00f8vde \u00e5 g\u00e5 litt rundt p\u00e5 holmen, men det var litt vanskelig for en skipper med protese og en krykke. Holmen er ganske kupert, s\u00e5 navnet er litt misvisende! Det sto en liten bu der som jeg ikke s\u00e5 n\u00e6rmere p\u00e5, kanskje det var en utedo?<\/p>\n<p><a href=\"https:\/\/i0.wp.com\/pequod.nesodd1.no\/wp-content\/uploads\/2017\/10\/IMG_5994.jpg?ssl=1\"><img data-recalc-dims=\"1\" loading=\"lazy\" decoding=\"async\" data-attachment-id=\"12922\" data-permalink=\"https:\/\/pequod.nesodd1.no\/?attachment_id=12922\" data-orig-file=\"https:\/\/i0.wp.com\/pequod.nesodd1.no\/wp-content\/uploads\/2017\/10\/IMG_5994.jpg?fit=640%2C480&amp;ssl=1\" data-orig-size=\"640,480\" data-comments-opened=\"1\" data-image-meta=\"{&quot;aperture&quot;:&quot;1.8&quot;,&quot;credit&quot;:&quot;&quot;,&quot;camera&quot;:&quot;iPhone 7&quot;,&quot;caption&quot;:&quot;&quot;,&quot;created_timestamp&quot;:&quot;1502883027&quot;,&quot;copyright&quot;:&quot;&quot;,&quot;focal_length&quot;:&quot;3.99&quot;,&quot;iso&quot;:&quot;20&quot;,&quot;shutter_speed&quot;:&quot;0.00029197080292&quot;,&quot;title&quot;:&quot;&quot;,&quot;orientation&quot;:&quot;1&quot;}\" data-image-title=\"IMG_5994\" data-image-description=\"&lt;p&gt;Flatskj\u00e6ra&lt;\/p&gt;\n\" data-image-caption=\"\" data-large-file=\"https:\/\/i0.wp.com\/pequod.nesodd1.no\/wp-content\/uploads\/2017\/10\/IMG_5994.jpg?fit=640%2C480&amp;ssl=1\" class=\"aligncenter size-full wp-image-12922\" src=\"https:\/\/i0.wp.com\/pequod.nesodd1.no\/wp-content\/uploads\/2017\/10\/IMG_5994.jpg?resize=640%2C480&#038;ssl=1\" alt=\"\" width=\"640\" height=\"480\" srcset=\"https:\/\/i0.wp.com\/pequod.nesodd1.no\/wp-content\/uploads\/2017\/10\/IMG_5994.jpg?w=640&amp;ssl=1 640w, https:\/\/i0.wp.com\/pequod.nesodd1.no\/wp-content\/uploads\/2017\/10\/IMG_5994.jpg?resize=100%2C75&amp;ssl=1 100w, https:\/\/i0.wp.com\/pequod.nesodd1.no\/wp-content\/uploads\/2017\/10\/IMG_5994.jpg?resize=300%2C225&amp;ssl=1 300w\" sizes=\"auto, (max-width: 640px) 100vw, 640px\" \/><\/a><\/p>\n<p>&nbsp;<\/p>\n<p>&nbsp;<\/p>\n<h3>Related Images:<\/h3>","protected":false},"excerpt":{"rendered":"<p>Vurdering (5 anker er best): Posisjon: 59\u00b09&#8217;37.5&#8243;N 10\u00b048&#8217;39.2&#8243;E Antall bes\u00f8k: 1 Sist bes\u00f8kt: 16.08.2017. Fasiliteter: Flere sittebenker p\u00e5 kaia. Ellers intet. Havneavgift: Nei. Fort\u00f8yning: Langsides, baug og anker. Det er to sm\u00e5 brygger, en p\u00e5 hver holme. Jeg la meg til langsides p\u00e5 den \u00f8stre siden jeg var eneste b\u00e5t der.&nbsp; Tilrettelagt for funksjonshemmede: Nei. &hellip;<br \/><a href=\"https:\/\/pequod.nesodd1.no\/?page_id=17862\" class=\"more-link pen_element_default pen_icon_arrow_double\">Les<\/a><\/p>\n","protected":false},"author":1,"featured_media":12921,"parent":5495,"menu_order":0,"comment_status":"closed","ping_status":"closed","template":"","meta":{"_crdt_document":"","ngg_post_thumbnail":0,"jetpack_post_was_ever_published":false,"footnotes":""},"class_list":["post-17862","page","type-page","status-publish","has-post-thumbnail","hentry"],"jetpack_shortlink":"https:\/\/wp.me\/P3Zd9b-4E6","jetpack_sharing_enabled":true,"jetpack_likes_enabled":true,"jetpack-related-posts":[],"_links":{"self":[{"href":"https:\/\/pequod.nesodd1.no\/index.php?rest_route=\/wp\/v2\/pages\/17862","targetHints":{"allow":["GET"]}}],"collection":[{"href":"https:\/\/pequod.nesodd1.no\/index.php?rest_route=\/wp\/v2\/pages"}],"about":[{"href":"https:\/\/pequod.nesodd1.no\/index.php?rest_route=\/wp\/v2\/types\/page"}],"author":[{"embeddable":true,"href":"https:\/\/pequod.nesodd1.no\/index.php?rest_route=\/wp\/v2\/users\/1"}],"replies":[{"embeddable":true,"href":"https:\/\/pequod.nesodd1.no\/index.php?rest_route=%2Fwp%2Fv2%2Fcomments&post=17862"}],"version-history":[{"count":4,"href":"https:\/\/pequod.nesodd1.no\/index.php?rest_route=\/wp\/v2\/pages\/17862\/revisions"}],"predecessor-version":[{"id":25050,"href":"https:\/\/pequod.nesodd1.no\/index.php?rest_route=\/wp\/v2\/pages\/17862\/revisions\/25050"}],"up":[{"embeddable":true,"href":"https:\/\/pequod.nesodd1.no\/index.php?rest_route=\/wp\/v2\/pages\/5495"}],"wp:featuredmedia":[{"embeddable":true,"href":"https:\/\/pequod.nesodd1.no\/index.php?rest_route=\/wp\/v2\/media\/12921"}],"wp:attachment":[{"href":"https:\/\/pequod.nesodd1.no\/index.php?rest_route=%2Fwp%2Fv2%2Fmedia&parent=17862"}],"curies":[{"name":"wp","href":"https:\/\/api.w.org\/{rel}","templated":true}]}}