{"id":17870,"date":"2020-03-29T15:47:50","date_gmt":"2020-03-29T13:47:50","guid":{"rendered":"https:\/\/pequod.nesodd1.no\/?page_id=17870"},"modified":"2023-03-07T15:15:44","modified_gmt":"2023-03-07T14:15:44","slug":"sandvika-gjestehavn-kadettangen","status":"publish","type":"page","link":"https:\/\/pequod.nesodd1.no\/?page_id=17870","title":{"rendered":"Sandvika gjestehavn (Kadettangen)"},"content":{"rendered":"<p><strong>Vurdering (5 anker er best):&nbsp;<a href=\"https:\/\/i0.wp.com\/pequod.nesodd1.no\/wp-content\/uploads\/2019\/10\/klistremerker-anker-og-tau-design.jpg.jpg?ssl=1\"><img loading=\"lazy\" decoding=\"async\" data-attachment-id=\"16489\" data-permalink=\"https:\/\/pequod.nesodd1.no\/?attachment_id=16489\" data-orig-file=\"https:\/\/i0.wp.com\/pequod.nesodd1.no\/wp-content\/uploads\/2019\/10\/klistremerker-anker-og-tau-design.jpg.jpg?fit=25%2C25&amp;ssl=1\" data-orig-size=\"25,25\" data-comments-opened=\"1\" data-image-meta=\"{&quot;aperture&quot;:&quot;0&quot;,&quot;credit&quot;:&quot;tribalium81&quot;,&quot;camera&quot;:&quot;&quot;,&quot;caption&quot;:&quot;&quot;,&quot;created_timestamp&quot;:&quot;0&quot;,&quot;copyright&quot;:&quot;tribalium81&quot;,&quot;focal_length&quot;:&quot;0&quot;,&quot;iso&quot;:&quot;0&quot;,&quot;shutter_speed&quot;:&quot;0&quot;,&quot;title&quot;:&quot;anchor and rope design&quot;,&quot;orientation&quot;:&quot;1&quot;}\" data-image-title=\"anchor and rope design\" data-image-description=\"\" data-image-caption=\"\" data-large-file=\"https:\/\/i0.wp.com\/pequod.nesodd1.no\/wp-content\/uploads\/2019\/10\/klistremerker-anker-og-tau-design.jpg.jpg?fit=25%2C25&amp;ssl=1\" class=\"alignnone size-full wp-image-16489 jetpack-lazy-image jetpack-lazy-image--handled\" src=\"https:\/\/i0.wp.com\/pequod.nesodd1.no\/wp-content\/uploads\/2019\/10\/klistremerker-anker-og-tau-design.jpg.jpg?resize=25%2C25&amp;ssl=1\" alt=\"\" width=\"25\" height=\"25\" data-attachment-id=\"16489\" data-permalink=\"https:\/\/pequod.nesodd1.no\/?attachment_id=16489\" data-orig-file=\"https:\/\/i0.wp.com\/pequod.nesodd1.no\/wp-content\/uploads\/2019\/10\/klistremerker-anker-og-tau-design.jpg.jpg?fit=25%2C25&amp;ssl=1\" data-orig-size=\"25,25\" data-comments-opened=\"1\" data-image-meta=\"{&quot;aperture&quot;:&quot;0&quot;,&quot;credit&quot;:&quot;tribalium81&quot;,&quot;camera&quot;:&quot;&quot;,&quot;caption&quot;:&quot;&quot;,&quot;created_timestamp&quot;:&quot;0&quot;,&quot;copyright&quot;:&quot;tribalium81&quot;,&quot;focal_length&quot;:&quot;0&quot;,&quot;iso&quot;:&quot;0&quot;,&quot;shutter_speed&quot;:&quot;0&quot;,&quot;title&quot;:&quot;anchor and rope design&quot;,&quot;orientation&quot;:&quot;1&quot;}\" data-image-title=\"anchor and rope design\" data-image-description=\"\" data-medium-file=\"https:\/\/i0.wp.com\/pequod.nesodd1.no\/wp-content\/uploads\/2019\/10\/klistremerker-anker-og-tau-design.jpg.jpg?fit=25%2C25&amp;ssl=1\" data-large-file=\"https:\/\/i0.wp.com\/pequod.nesodd1.no\/wp-content\/uploads\/2019\/10\/klistremerker-anker-og-tau-design.jpg.jpg?fit=25%2C25&amp;ssl=1\" data-recalc-dims=\"1\" data-lazy-loaded=\"1\"><\/a><\/strong><br \/>\n<strong>Posisjon:<\/strong> 59\u00b053&#8217;9.8&#8243;N 10\u00b031&#8217;54.7&#8243;E<br \/>\n<strong>Bes\u00f8kt antall ganger:<\/strong> 2 <strong>Sist bes\u00f8kt:<\/strong> 24.08.2019 <strong>Webkamera:<\/strong> Nei&nbsp;<br \/>\n<strong>Fasiliteter:<\/strong> Str\u00f8m, vann, toalett, dusj, s\u00f8ppel, septikt\u00f8mming, badeplass. Butikker og restauranter i umiddelbar n\u00e6rhet.<br \/>\n<strong>Havneavgift<\/strong> (for 29-foter): NOK 160<br \/>\n<strong>Fort\u00f8yning:<\/strong> Langsides.<br \/>\n<b>Tilrettelagt for funksjonshemmede:<\/b> Nei. H\u00f8ye brygger.<\/p>\n<p><a href=\"https:\/\/i0.wp.com\/pequod.nesodd1.no\/wp-content\/uploads\/2019\/12\/IMG-1629.jpg?ssl=1\"><img data-recalc-dims=\"1\" loading=\"lazy\" decoding=\"async\" data-attachment-id=\"16743\" data-permalink=\"https:\/\/pequod.nesodd1.no\/?attachment_id=16743\" data-orig-file=\"https:\/\/i0.wp.com\/pequod.nesodd1.no\/wp-content\/uploads\/2019\/12\/IMG-1629.jpg?fit=800%2C600&amp;ssl=1\" data-orig-size=\"800,600\" data-comments-opened=\"1\" data-image-meta=\"{&quot;aperture&quot;:&quot;1.8&quot;,&quot;credit&quot;:&quot;&quot;,&quot;camera&quot;:&quot;iPhone 8 Plus&quot;,&quot;caption&quot;:&quot;&quot;,&quot;created_timestamp&quot;:&quot;1566654696&quot;,&quot;copyright&quot;:&quot;&quot;,&quot;focal_length&quot;:&quot;3.99&quot;,&quot;iso&quot;:&quot;20&quot;,&quot;shutter_speed&quot;:&quot;0.00025&quot;,&quot;title&quot;:&quot;&quot;,&quot;orientation&quot;:&quot;1&quot;}\" data-image-title=\"IMG-1629\" data-image-description=\"&lt;p&gt;Sandvika, Kadettangen&lt;\/p&gt;\n\" data-image-caption=\"\" data-large-file=\"https:\/\/i0.wp.com\/pequod.nesodd1.no\/wp-content\/uploads\/2019\/12\/IMG-1629.jpg?fit=800%2C600&amp;ssl=1\" class=\"alignleft size-medium wp-image-16743\" src=\"https:\/\/i0.wp.com\/pequod.nesodd1.no\/wp-content\/uploads\/2019\/12\/IMG-1629.jpg?resize=300%2C225&#038;ssl=1\" alt=\"\" width=\"300\" height=\"225\" srcset=\"https:\/\/i0.wp.com\/pequod.nesodd1.no\/wp-content\/uploads\/2019\/12\/IMG-1629.jpg?resize=300%2C225&amp;ssl=1 300w, https:\/\/i0.wp.com\/pequod.nesodd1.no\/wp-content\/uploads\/2019\/12\/IMG-1629.jpg?resize=100%2C75&amp;ssl=1 100w, https:\/\/i0.wp.com\/pequod.nesodd1.no\/wp-content\/uploads\/2019\/12\/IMG-1629.jpg?resize=768%2C576&amp;ssl=1 768w, https:\/\/i0.wp.com\/pequod.nesodd1.no\/wp-content\/uploads\/2019\/12\/IMG-1629.jpg?w=800&amp;ssl=1 800w\" sizes=\"auto, (max-width: 300px) 100vw, 300px\" \/><\/a>Sandvika gjestehavn ligger helt ute ved Kadettangen &#8211; et omr\u00e5de som har blitt pusset opp og gjort mye med de siste \u00e5rene.<\/p>\n<p>Jeg har kun v\u00e6rt her et par ganger, og da for \u00e5 plukke opp folk, ikke for \u00e5 ligge der over tid.&nbsp;<\/p>\n<p>B\u00e5tplassene er alle langsides langs kaia innover elva. Det er ganske h\u00f8ye kaier, med snekka ble det ganske h\u00f8yt \u00e5 krabbe opp, med Tresfjorden g\u00e5r det kanskje litt lettere (har ikke pr\u00f8vd enn\u00e5), men ideelt er det ikke.<\/p>\n<p>Lenger inn er bryggene litt lavere, men der har jeg ikke v\u00e6rt. Dybdeforholdene er ganske varierende, f\u00f8lg n\u00f8ye med og hold deg n\u00e6rmest kaiene, for det er grunner midt p\u00e5. Ogs\u00e5 under innseilingen b\u00f8r du f\u00f8lge n\u00f8ye med. Med snekka mi kunne jeg komme meg under brua som g\u00e5r over til Kalv\u00f8ya, men med Tresfjorden g\u00e5r ikke det.<\/p>\n<p>Sist gang fort\u00f8yde jeg ved enden, ikke langs kaia. Ventet p\u00e5 passasjerer og den er lavere enn langsmed elva, s\u00e5 da var det greit \u00e5 gj\u00f8re det slik, men enden er nok ikke beregnet p\u00e5 fort\u00f8yning, men til av- og p\u00e5lessing ettersom det ikke er noen fort\u00f8yningspunkter der. Kaia er ogs\u00e5 ganske sliten og treverket \u00f8delagt flere steder. Men det holdt til \u00e5 ligge og vente en halvtime p\u00e5 han som var forsinket.<\/p>\n<p>Lenger inn er det toaletter og dusj. Benyttet ikke disse, s\u00e5 vet ikke hvilken stand de er i. Betalte heller ikke noe avgift siden jeg l\u00e5 der i kort tid.<\/p>\n<p>Gjestehavna\/gjestebrygga ligger jo midt i sm\u00f8r\u00f8yet, men er ikke noe sted jeg kommer til \u00e5 benytte ofte, ettersom jeg, s\u00e6rlig n\u00e5r jeg er alene, kommer til \u00e5 f\u00e5 litt problemer med \u00e5 komme meg ut av og ned i b\u00e5ten. I tillegg drar jeg jo gjerne litt lenger ut i fjorden n\u00e5r jeg f\u00f8rst er p\u00e5 tur, s\u00e5 det er ikke s\u00e5 naturlig \u00e5 legge seg til for en overnatting her.<\/p>\n<h3>Related Images:<\/h3>","protected":false},"excerpt":{"rendered":"<p>Vurdering (5 anker er best):&nbsp; Posisjon: 59\u00b053&#8217;9.8&#8243;N 10\u00b031&#8217;54.7&#8243;E Bes\u00f8kt antall ganger: 2 Sist bes\u00f8kt: 24.08.2019 Webkamera: Nei&nbsp; Fasiliteter: Str\u00f8m, vann, toalett, dusj, s\u00f8ppel, septikt\u00f8mming, badeplass. Butikker og restauranter i umiddelbar n\u00e6rhet. Havneavgift (for 29-foter): NOK 160 Fort\u00f8yning: Langsides. Tilrettelagt for funksjonshemmede: Nei. H\u00f8ye brygger. Sandvika gjestehavn ligger helt ute ved Kadettangen &#8211; et omr\u00e5de som &hellip;<br \/><a href=\"https:\/\/pequod.nesodd1.no\/?page_id=17870\" class=\"more-link pen_element_default pen_icon_arrow_double\">Les<\/a><\/p>\n","protected":false},"author":1,"featured_media":18342,"parent":5493,"menu_order":0,"comment_status":"closed","ping_status":"closed","template":"","meta":{"_crdt_document":"","ngg_post_thumbnail":0,"jetpack_post_was_ever_published":false,"footnotes":""},"class_list":["post-17870","page","type-page","status-publish","has-post-thumbnail","hentry"],"jetpack_shortlink":"https:\/\/wp.me\/P3Zd9b-4Ee","jetpack_sharing_enabled":true,"jetpack_likes_enabled":true,"jetpack-related-posts":[],"_links":{"self":[{"href":"https:\/\/pequod.nesodd1.no\/index.php?rest_route=\/wp\/v2\/pages\/17870","targetHints":{"allow":["GET"]}}],"collection":[{"href":"https:\/\/pequod.nesodd1.no\/index.php?rest_route=\/wp\/v2\/pages"}],"about":[{"href":"https:\/\/pequod.nesodd1.no\/index.php?rest_route=\/wp\/v2\/types\/page"}],"author":[{"embeddable":true,"href":"https:\/\/pequod.nesodd1.no\/index.php?rest_route=\/wp\/v2\/users\/1"}],"replies":[{"embeddable":true,"href":"https:\/\/pequod.nesodd1.no\/index.php?rest_route=%2Fwp%2Fv2%2Fcomments&post=17870"}],"version-history":[{"count":10,"href":"https:\/\/pequod.nesodd1.no\/index.php?rest_route=\/wp\/v2\/pages\/17870\/revisions"}],"predecessor-version":[{"id":26163,"href":"https:\/\/pequod.nesodd1.no\/index.php?rest_route=\/wp\/v2\/pages\/17870\/revisions\/26163"}],"up":[{"embeddable":true,"href":"https:\/\/pequod.nesodd1.no\/index.php?rest_route=\/wp\/v2\/pages\/5493"}],"wp:featuredmedia":[{"embeddable":true,"href":"https:\/\/pequod.nesodd1.no\/index.php?rest_route=\/wp\/v2\/media\/18342"}],"wp:attachment":[{"href":"https:\/\/pequod.nesodd1.no\/index.php?rest_route=%2Fwp%2Fv2%2Fmedia&parent=17870"}],"curies":[{"name":"wp","href":"https:\/\/api.w.org\/{rel}","templated":true}]}}