{"id":18034,"date":"2020-04-05T01:38:51","date_gmt":"2020-04-04T23:38:51","guid":{"rendered":"https:\/\/pequod.nesodd1.no\/?page_id=18034"},"modified":"2020-04-05T01:39:56","modified_gmt":"2020-04-04T23:39:56","slug":"kongen-marina-oslo","status":"publish","type":"page","link":"https:\/\/pequod.nesodd1.no\/?page_id=18034","title":{"rendered":"Kongen Marina (Oslo)"},"content":{"rendered":"<figure id=\"attachment_6914\" aria-describedby=\"caption-attachment-6914\" style=\"width: 300px\" class=\"wp-caption alignleft\"><a href=\"https:\/\/i0.wp.com\/pequod.nesodd1.no\/wp-content\/uploads\/2015\/07\/bilde-2.jpg?ssl=1\"><img data-recalc-dims=\"1\" loading=\"lazy\" decoding=\"async\" data-attachment-id=\"6914\" data-permalink=\"https:\/\/pequod.nesodd1.no\/?attachment_id=6914\" data-orig-file=\"https:\/\/i0.wp.com\/pequod.nesodd1.no\/wp-content\/uploads\/2015\/07\/bilde-2.jpg?fit=640%2C480&amp;ssl=1\" data-orig-size=\"640,480\" data-comments-opened=\"1\" data-image-meta=\"{&quot;aperture&quot;:&quot;2.2&quot;,&quot;credit&quot;:&quot;&quot;,&quot;camera&quot;:&quot;iPhone 5s&quot;,&quot;caption&quot;:&quot;&quot;,&quot;created_timestamp&quot;:&quot;1435949495&quot;,&quot;copyright&quot;:&quot;&quot;,&quot;focal_length&quot;:&quot;4.12&quot;,&quot;iso&quot;:&quot;32&quot;,&quot;shutter_speed&quot;:&quot;0.00280112044818&quot;,&quot;title&quot;:&quot;&quot;,&quot;orientation&quot;:&quot;1&quot;}\" data-image-title=\"bilde 2\" data-image-description=\"&lt;p&gt;Kongen Marina&lt;\/p&gt;\n\" data-image-caption=\"&lt;p&gt;Kongen Marina&lt;\/p&gt;\n\" data-large-file=\"https:\/\/i0.wp.com\/pequod.nesodd1.no\/wp-content\/uploads\/2015\/07\/bilde-2.jpg?fit=640%2C480&amp;ssl=1\" class=\"size-medium wp-image-6914\" src=\"https:\/\/i0.wp.com\/pequod.nesodd1.no\/wp-content\/uploads\/2015\/07\/bilde-2.jpg?resize=300%2C225&#038;ssl=1\" alt=\"\" width=\"300\" height=\"225\" srcset=\"https:\/\/i0.wp.com\/pequod.nesodd1.no\/wp-content\/uploads\/2015\/07\/bilde-2.jpg?resize=300%2C225&amp;ssl=1 300w, https:\/\/i0.wp.com\/pequod.nesodd1.no\/wp-content\/uploads\/2015\/07\/bilde-2.jpg?w=640&amp;ssl=1 640w\" sizes=\"auto, (max-width: 300px) 100vw, 300px\" \/><\/a><figcaption id=\"caption-attachment-6914\" class=\"wp-caption-text\">Kongen Marina<\/figcaption><\/figure>\n<p><strong>Hvor:<\/strong> Oslo<br \/>\n<strong>Posisjon:<\/strong>59\u00b054&#8217;36.0&#8243;N 10\u00b042&#8217;19.3&#8243;E<br \/>\n<strong>Type drivstoff:<\/strong>&nbsp;Bensin og diesel<br \/>\n<strong>Drivstoffkvalitet:<\/strong>&nbsp;?<br \/>\n<strong>Leverand\u00f8r:<\/strong>&nbsp;\u2013<br \/>\n<strong>Pumpe:<\/strong>&nbsp;24-timers automat som tar bankkort\/Visa\/Mastercard<br \/>\n<strong>Pris (dato sist jeg fylte) :<\/strong>&nbsp;<b>Husker ikke, men dyrt (2015)<\/b><br \/>\n<strong>Kommentar:<\/strong> Her har jeg bare v\u00e6rt et par ganger i begynnelsen av min karriere som b\u00e5teier. Ligger stort sett ganske solid over i pris sammenlignet med andre steder i Oslofjorden. Har en kafe\/restaurant\/kiosk samt en liten butikk med b\u00e5tutstyr. Kafeen er visst et fast treffpunkt s\u00e6rlig for de som bor i b\u00e5t i n\u00e6rheten. Leier ogs\u00e5 ut kajakker og annet vannsportsutstyr. Har f\u00e5tt nye eiere siden sist jeg var p\u00e5 bes\u00f8k. Virker nesten mer som de satser p\u00e5 bar- og restaurantvirksomhet enn p\u00e5 b\u00e5t- og drivstoff. Innr\u00f8mmer til og med p\u00e5 sine egne nettsider at de er dyre, s\u00e5 nei takk!<\/p>\n<p>&nbsp;<\/p>\n<p><a href=\"http:\/\/www.kongenmarina.no\/\" target=\"_blank\" rel=\"noopener noreferrer\">Nettside.<\/a>&nbsp;&nbsp;<a href=\"https:\/\/www.facebook.com\/KongenMarina\/\" target=\"_blank\" rel=\"noopener noreferrer\">Facebook<\/a>.<\/p>\n<h3>Related Images:<\/h3>","protected":false},"excerpt":{"rendered":"<p>Hvor: Oslo Posisjon:59\u00b054&#8217;36.0&#8243;N 10\u00b042&#8217;19.3&#8243;E Type drivstoff:&nbsp;Bensin og diesel Drivstoffkvalitet:&nbsp;? Leverand\u00f8r:&nbsp;\u2013 Pumpe:&nbsp;24-timers automat som tar bankkort\/Visa\/Mastercard Pris (dato sist jeg fylte) :&nbsp;Husker ikke, men dyrt (2015) Kommentar: Her har jeg bare v\u00e6rt et par ganger i begynnelsen av min karriere som b\u00e5teier. Ligger stort sett ganske solid over i pris sammenlignet med andre steder i Oslofjorden. &hellip;<br \/><a href=\"https:\/\/pequod.nesodd1.no\/?page_id=18034\" class=\"more-link pen_element_default pen_icon_arrow_double\">Les<\/a><\/p>\n","protected":false},"author":1,"featured_media":0,"parent":10056,"menu_order":0,"comment_status":"closed","ping_status":"closed","template":"","meta":{"_crdt_document":"","ngg_post_thumbnail":0,"jetpack_post_was_ever_published":false,"footnotes":""},"class_list":["post-18034","page","type-page","status-publish","hentry"],"jetpack_shortlink":"https:\/\/wp.me\/P3Zd9b-4GS","jetpack_sharing_enabled":true,"jetpack_likes_enabled":true,"jetpack-related-posts":[],"_links":{"self":[{"href":"https:\/\/pequod.nesodd1.no\/index.php?rest_route=\/wp\/v2\/pages\/18034","targetHints":{"allow":["GET"]}}],"collection":[{"href":"https:\/\/pequod.nesodd1.no\/index.php?rest_route=\/wp\/v2\/pages"}],"about":[{"href":"https:\/\/pequod.nesodd1.no\/index.php?rest_route=\/wp\/v2\/types\/page"}],"author":[{"embeddable":true,"href":"https:\/\/pequod.nesodd1.no\/index.php?rest_route=\/wp\/v2\/users\/1"}],"replies":[{"embeddable":true,"href":"https:\/\/pequod.nesodd1.no\/index.php?rest_route=%2Fwp%2Fv2%2Fcomments&post=18034"}],"version-history":[{"count":3,"href":"https:\/\/pequod.nesodd1.no\/index.php?rest_route=\/wp\/v2\/pages\/18034\/revisions"}],"predecessor-version":[{"id":18037,"href":"https:\/\/pequod.nesodd1.no\/index.php?rest_route=\/wp\/v2\/pages\/18034\/revisions\/18037"}],"up":[{"embeddable":true,"href":"https:\/\/pequod.nesodd1.no\/index.php?rest_route=\/wp\/v2\/pages\/10056"}],"wp:attachment":[{"href":"https:\/\/pequod.nesodd1.no\/index.php?rest_route=%2Fwp%2Fv2%2Fmedia&parent=18034"}],"curies":[{"name":"wp","href":"https:\/\/api.w.org\/{rel}","templated":true}]}}