{"id":18038,"date":"2020-04-05T01:56:32","date_gmt":"2020-04-04T23:56:32","guid":{"rendered":"https:\/\/pequod.nesodd1.no\/?page_id=18038"},"modified":"2020-10-27T11:57:41","modified_gmt":"2020-10-27T10:57:41","slug":"eydehavn-arendal","status":"publish","type":"page","link":"https:\/\/pequod.nesodd1.no\/?page_id=18038","title":{"rendered":"Eydehavn (Arendal)"},"content":{"rendered":"<p><strong>Hvor:<\/strong> Arendal (Bruvika)<br \/>\n<strong>Posisjon: <\/strong>58\u00b030&#8217;14.0&#8243;N 8\u00b051&#8217;44.1&#8243;E<br \/>\n<strong>Type drivstoff:<\/strong>&nbsp;Bensin og diesel<br \/>\n<strong>Drivstoffkvalitet:<\/strong>&nbsp;?<br \/>\n<strong>Leverand\u00f8r:<\/strong> YX<br \/>\n<strong>Pumpe:<\/strong> 24-timers automat\/betal i butikken<br \/>\n<strong>Pris (dato sist jeg fylte) :<\/strong> <span style=\"color: #ff0000;\"><strong>12.33<\/strong><\/span> (08.08.19) Ikke veldig billig, men synes uansett dieselen er ganske dyr p\u00e5 S\u00f8rlandet sammenlignet med Indre Oslofjord. Var billigere enn Hasseltangen i alle fall.<br \/>\n<strong>Kommentar:<\/strong> Litt kronglete \u00e5 finne f\u00f8rste gang. Kommer du fra Arendal p\u00e5 innsiden av Trom\u00f8ya drar du inn via Vestre Hellesund, Fra motsatt ende kan du dra inn ved P\u00e5lsodden &#8211; der st\u00e5r det ogs\u00e5 et sv\u00e6rt skilt. Egentlig er dette bare en liten brygge som er lagt ut i tilknytning til bensinstasjonen p\u00e5 land (YX). Jeg m\u00e5tte inn p\u00e5 stasjonen for \u00e5 betale, husker ikke i farta om det var automat utenfor \u00e5pningstidene, men jeg tror det. Fungerte fint som en liten pustepause og et iskj\u00f8p f\u00f8r jeg dro videre. Men dog litt kronglete da det er en liten omvei hvis du bare skal forbi Arendal&#8230;<\/p>\n<p><a href=\"https:\/\/www.facebook.com\/eydehavnstasjon\" target=\"_blank\" rel=\"noopener noreferrer\">Facebook.<\/a><\/p>\n<h3>Related Images:<\/h3>","protected":false},"excerpt":{"rendered":"<p>Hvor: Arendal (Bruvika) Posisjon: 58\u00b030&#8217;14.0&#8243;N 8\u00b051&#8217;44.1&#8243;E Type drivstoff:&nbsp;Bensin og diesel Drivstoffkvalitet:&nbsp;? Leverand\u00f8r: YX Pumpe: 24-timers automat\/betal i butikken Pris (dato sist jeg fylte) : 12.33 (08.08.19) Ikke veldig billig, men synes uansett dieselen er ganske dyr p\u00e5 S\u00f8rlandet sammenlignet med Indre Oslofjord. Var billigere enn Hasseltangen i alle fall. Kommentar: Litt kronglete \u00e5 finne f\u00f8rste &hellip;<br \/><a href=\"https:\/\/pequod.nesodd1.no\/?page_id=18038\" class=\"more-link pen_element_default pen_icon_arrow_double\">Les<\/a><\/p>\n","protected":false},"author":1,"featured_media":16447,"parent":10056,"menu_order":0,"comment_status":"closed","ping_status":"closed","template":"","meta":{"_crdt_document":"","ngg_post_thumbnail":0,"jetpack_post_was_ever_published":false,"footnotes":""},"class_list":["post-18038","page","type-page","status-publish","has-post-thumbnail","hentry"],"jetpack_shortlink":"https:\/\/wp.me\/P3Zd9b-4GW","jetpack_sharing_enabled":true,"jetpack_likes_enabled":true,"jetpack-related-posts":[],"_links":{"self":[{"href":"https:\/\/pequod.nesodd1.no\/index.php?rest_route=\/wp\/v2\/pages\/18038","targetHints":{"allow":["GET"]}}],"collection":[{"href":"https:\/\/pequod.nesodd1.no\/index.php?rest_route=\/wp\/v2\/pages"}],"about":[{"href":"https:\/\/pequod.nesodd1.no\/index.php?rest_route=\/wp\/v2\/types\/page"}],"author":[{"embeddable":true,"href":"https:\/\/pequod.nesodd1.no\/index.php?rest_route=\/wp\/v2\/users\/1"}],"replies":[{"embeddable":true,"href":"https:\/\/pequod.nesodd1.no\/index.php?rest_route=%2Fwp%2Fv2%2Fcomments&post=18038"}],"version-history":[{"count":4,"href":"https:\/\/pequod.nesodd1.no\/index.php?rest_route=\/wp\/v2\/pages\/18038\/revisions"}],"predecessor-version":[{"id":20522,"href":"https:\/\/pequod.nesodd1.no\/index.php?rest_route=\/wp\/v2\/pages\/18038\/revisions\/20522"}],"up":[{"embeddable":true,"href":"https:\/\/pequod.nesodd1.no\/index.php?rest_route=\/wp\/v2\/pages\/10056"}],"wp:featuredmedia":[{"embeddable":true,"href":"https:\/\/pequod.nesodd1.no\/index.php?rest_route=\/wp\/v2\/media\/16447"}],"wp:attachment":[{"href":"https:\/\/pequod.nesodd1.no\/index.php?rest_route=%2Fwp%2Fv2%2Fmedia&parent=18038"}],"curies":[{"name":"wp","href":"https:\/\/api.w.org\/{rel}","templated":true}]}}