{"id":18042,"date":"2020-04-18T17:51:12","date_gmt":"2020-04-18T15:51:12","guid":{"rendered":"https:\/\/pequod.nesodd1.no\/?page_id=18042"},"modified":"2020-10-26T08:53:19","modified_gmt":"2020-10-26T07:53:19","slug":"hellviktangen","status":"publish","type":"page","link":"https:\/\/pequod.nesodd1.no\/?page_id=18042","title":{"rendered":"Hellviktangen"},"content":{"rendered":"<p><strong> Vurdering (5 anker er best): <a href=\"https:\/\/i0.wp.com\/pequod.nesodd1.no\/wp-content\/uploads\/2019\/10\/klistremerker-anker-og-tau-design.jpg.jpg?ssl=1\"><img data-recalc-dims=\"1\" loading=\"lazy\" decoding=\"async\" data-attachment-id=\"16489\" data-permalink=\"https:\/\/pequod.nesodd1.no\/?attachment_id=16489\" data-orig-file=\"https:\/\/i0.wp.com\/pequod.nesodd1.no\/wp-content\/uploads\/2019\/10\/klistremerker-anker-og-tau-design.jpg.jpg?fit=25%2C25&amp;ssl=1\" data-orig-size=\"25,25\" data-comments-opened=\"1\" data-image-meta=\"{&quot;aperture&quot;:&quot;0&quot;,&quot;credit&quot;:&quot;tribalium81&quot;,&quot;camera&quot;:&quot;&quot;,&quot;caption&quot;:&quot;&quot;,&quot;created_timestamp&quot;:&quot;0&quot;,&quot;copyright&quot;:&quot;tribalium81&quot;,&quot;focal_length&quot;:&quot;0&quot;,&quot;iso&quot;:&quot;0&quot;,&quot;shutter_speed&quot;:&quot;0&quot;,&quot;title&quot;:&quot;anchor and rope design&quot;,&quot;orientation&quot;:&quot;1&quot;}\" data-image-title=\"anchor and rope design\" data-image-description=\"\" data-image-caption=\"\" data-large-file=\"https:\/\/i0.wp.com\/pequod.nesodd1.no\/wp-content\/uploads\/2019\/10\/klistremerker-anker-og-tau-design.jpg.jpg?fit=25%2C25&amp;ssl=1\" class=\"alignnone size-full wp-image-16489\" src=\"https:\/\/i0.wp.com\/pequod.nesodd1.no\/wp-content\/uploads\/2019\/10\/klistremerker-anker-og-tau-design.jpg.jpg?resize=25%2C25&#038;ssl=1\" alt=\"\" width=\"25\" height=\"25\"><\/a><\/strong><br \/>\n<strong>Posisjon:<\/strong>&nbsp;59\u00b049\u20191.1\u2033N 10\u00b036\u201955.7\u2033E<br \/>\n<b>Antall bes\u00f8k:<\/b> 1&nbsp;<b>Sist bes\u00f8kt:<\/b> 2014<br \/>\n<b>Fasiliteter:<\/b> Ingen. Men kafe p\u00e5 land.<br \/>\n<strong>Fort\u00f8yning:&nbsp;<\/strong>Langsides..<br \/>\n<b>Tilrettelagt for funksjonshemmede:<\/b> Delvis. H\u00f8y brygge, men kommer du deg i land er det greit \u00e5 ta seg fram.<\/p>\n<p>Dette er egentlig ikke en brygge som er ment \u00e5 v\u00e6re til gjestende b\u00e5ter &#8211; hvis du ikke har avtalt p\u00e5 forh\u00e5nd.<\/p>\n<p>Brygga er solid og ganske ny, men er nok beregnet p\u00e5 st\u00f8rre b\u00e5ter som bringer med seg gjester som skal p\u00e5 et arrangement p\u00e5 Hellviktangen &#8211; som bryllup og lignende. Det er ganske grunt i omr\u00e5det, mellom to og fem meter med noen skj\u00e6r i tillegg.<\/p>\n<p>Jeg kom imidlertid innom i min dav\u00e6rende snekke sent p\u00e5 h\u00f8sten og kunne legge til i fred og ro. Om sommeren er det nok en annen sak. P\u00e5 den annen side sto det ingenting om fort\u00f8yning forbudt der heller&#8230;<\/p>\n<p>Har ikke v\u00e6rt der siden 2014, men bildene er tatt i 2018 og 2020.<\/p>\n<figure id=\"attachment_18241\" aria-describedby=\"caption-attachment-18241\" style=\"width: 559px\" class=\"wp-caption aligncenter\"><a href=\"https:\/\/i0.wp.com\/pequod.nesodd1.no\/wp-content\/uploads\/2020\/04\/IMG-4402.jpg?ssl=1\"><img data-recalc-dims=\"1\" loading=\"lazy\" decoding=\"async\" data-attachment-id=\"18241\" data-permalink=\"https:\/\/pequod.nesodd1.no\/?attachment_id=18241\" data-orig-file=\"https:\/\/i0.wp.com\/pequod.nesodd1.no\/wp-content\/uploads\/2020\/04\/IMG-4402.jpg?fit=559%2C380&amp;ssl=1\" data-orig-size=\"559,380\" data-comments-opened=\"1\" data-image-meta=\"{&quot;aperture&quot;:&quot;1.8&quot;,&quot;credit&quot;:&quot;&quot;,&quot;camera&quot;:&quot;iPhone 8 Plus&quot;,&quot;caption&quot;:&quot;&quot;,&quot;created_timestamp&quot;:&quot;1587217732&quot;,&quot;copyright&quot;:&quot;&quot;,&quot;focal_length&quot;:&quot;3.99&quot;,&quot;iso&quot;:&quot;20&quot;,&quot;shutter_speed&quot;:&quot;0.00029103608847497&quot;,&quot;title&quot;:&quot;&quot;,&quot;orientation&quot;:&quot;1&quot;}\" data-image-title=\"IMG-4402\" data-image-description=\"&lt;p&gt;Hellviktangen&lt;\/p&gt;\n\" data-image-caption=\"\" data-large-file=\"https:\/\/i0.wp.com\/pequod.nesodd1.no\/wp-content\/uploads\/2020\/04\/IMG-4402.jpg?fit=559%2C380&amp;ssl=1\" class=\"wp-image-18241 size-full\" src=\"https:\/\/i0.wp.com\/pequod.nesodd1.no\/wp-content\/uploads\/2020\/04\/IMG-4402.jpg?resize=559%2C380&#038;ssl=1\" alt=\"\" width=\"559\" height=\"380\" srcset=\"https:\/\/i0.wp.com\/pequod.nesodd1.no\/wp-content\/uploads\/2020\/04\/IMG-4402.jpg?w=559&amp;ssl=1 559w, https:\/\/i0.wp.com\/pequod.nesodd1.no\/wp-content\/uploads\/2020\/04\/IMG-4402.jpg?resize=300%2C204&amp;ssl=1 300w, https:\/\/i0.wp.com\/pequod.nesodd1.no\/wp-content\/uploads\/2020\/04\/IMG-4402.jpg?resize=100%2C68&amp;ssl=1 100w\" sizes=\"auto, (max-width: 559px) 100vw, 559px\" \/><\/a><figcaption id=\"caption-attachment-18241\" class=\"wp-caption-text\">Hellviktangen kafe helt til h\u00f8yre i bildet.<\/figcaption><\/figure>\n<p>&nbsp;<\/p>\n<h3>Related Images:<\/h3>","protected":false},"excerpt":{"rendered":"<p>Vurdering (5 anker er best): Posisjon:&nbsp;59\u00b049\u20191.1\u2033N 10\u00b036\u201955.7\u2033E Antall bes\u00f8k: 1&nbsp;Sist bes\u00f8kt: 2014 Fasiliteter: Ingen. Men kafe p\u00e5 land. Fort\u00f8yning:&nbsp;Langsides.. Tilrettelagt for funksjonshemmede: Delvis. H\u00f8y brygge, men kommer du deg i land er det greit \u00e5 ta seg fram. Dette er egentlig ikke en brygge som er ment \u00e5 v\u00e6re til gjestende b\u00e5ter &#8211; hvis du &hellip;<br \/><a href=\"https:\/\/pequod.nesodd1.no\/?page_id=18042\" class=\"more-link pen_element_default pen_icon_arrow_double\">Les<\/a><\/p>\n","protected":false},"author":1,"featured_media":18242,"parent":5665,"menu_order":0,"comment_status":"closed","ping_status":"closed","template":"","meta":{"_crdt_document":"","ngg_post_thumbnail":0,"jetpack_post_was_ever_published":false,"footnotes":""},"class_list":["post-18042","page","type-page","status-publish","has-post-thumbnail","hentry"],"jetpack_shortlink":"https:\/\/wp.me\/P3Zd9b-4H0","jetpack_sharing_enabled":true,"jetpack_likes_enabled":true,"jetpack-related-posts":[],"_links":{"self":[{"href":"https:\/\/pequod.nesodd1.no\/index.php?rest_route=\/wp\/v2\/pages\/18042","targetHints":{"allow":["GET"]}}],"collection":[{"href":"https:\/\/pequod.nesodd1.no\/index.php?rest_route=\/wp\/v2\/pages"}],"about":[{"href":"https:\/\/pequod.nesodd1.no\/index.php?rest_route=\/wp\/v2\/types\/page"}],"author":[{"embeddable":true,"href":"https:\/\/pequod.nesodd1.no\/index.php?rest_route=\/wp\/v2\/users\/1"}],"replies":[{"embeddable":true,"href":"https:\/\/pequod.nesodd1.no\/index.php?rest_route=%2Fwp%2Fv2%2Fcomments&post=18042"}],"version-history":[{"count":6,"href":"https:\/\/pequod.nesodd1.no\/index.php?rest_route=\/wp\/v2\/pages\/18042\/revisions"}],"predecessor-version":[{"id":20472,"href":"https:\/\/pequod.nesodd1.no\/index.php?rest_route=\/wp\/v2\/pages\/18042\/revisions\/20472"}],"up":[{"embeddable":true,"href":"https:\/\/pequod.nesodd1.no\/index.php?rest_route=\/wp\/v2\/pages\/5665"}],"wp:featuredmedia":[{"embeddable":true,"href":"https:\/\/pequod.nesodd1.no\/index.php?rest_route=\/wp\/v2\/media\/18242"}],"wp:attachment":[{"href":"https:\/\/pequod.nesodd1.no\/index.php?rest_route=%2Fwp%2Fv2%2Fmedia&parent=18042"}],"curies":[{"name":"wp","href":"https:\/\/api.w.org\/{rel}","templated":true}]}}