{"id":18048,"date":"2020-04-05T14:51:30","date_gmt":"2020-04-05T12:51:30","guid":{"rendered":"https:\/\/pequod.nesodd1.no\/?page_id=18048"},"modified":"2020-10-27T12:00:24","modified_gmt":"2020-10-27T11:00:24","slug":"hasseltangen-marex","status":"publish","type":"page","link":"https:\/\/pequod.nesodd1.no\/?page_id=18048","title":{"rendered":"Hasseltangen (Marex)"},"content":{"rendered":"<p><strong>Hvor:<\/strong> Fevik<br \/>\n<strong>Posisjon: <\/strong>58\u00b023&#8217;33.1&#8243;N 8\u00b043&#8217;8.4&#8243;E<br \/>\n<strong>Type drivstoff:<\/strong>&nbsp;Bensin og diesel<br \/>\n<strong>Drivstoffkvalitet:<\/strong>&nbsp;?<br \/>\n<strong>Leverand\u00f8r:<\/strong>&nbsp;\u2013<br \/>\n<strong>Pumpe:<\/strong> 24-timers automat<br \/>\n<strong>Pris (dato sist jeg fylte) :<\/strong> <strong>10.49<\/strong> (08.08.20) Ikke veldig billig, men synes uansett dieselen er ganske dyr p\u00e5 S\u00f8rlandet sammenlignet med Indre Oslofjord. Var noen \u00f8re billigere i Eydehavn.<br \/>\n<strong>Kommentar:<\/strong> Marex lager ikke b\u00e5tene sine i Norge lenger, og dette er de gamle produksjonslokalene som n\u00e5 brukes til vinteropplag av b\u00e5ter. Jeg kjenner noen som har b\u00e5ten sin inne i varmehallen her om vinteren. Utenfor bygningene er det ogs\u00e5 opplagsplasser, samt en liten brygge som jeg er usikker p\u00e5 er privat eller venteplasser for de som kommer med b\u00e5t som skal i opplag der? Her er ogs\u00e5 en b\u00e5tutstyrsbutikk og verksted. I tillegg er det alts\u00e5 drivstoffylling her. Ligger greit plassert hvis du er p\u00e5 vei fra eller til Arendal, ikke langt fra der du kommer ut\/skal inn hvis du kj\u00f8rer indre lei via Nidelva. Har fylt her flere ganger, en gang med snekka og flere ganger med nyb\u00e5ten. Siste gang var prisen to kroner billigere enn p\u00e5 samme tid \u00e5ret f\u00f8r-<\/p>\n<p><a href=\"https:\/\/www.marexservicesenter.no\/\" target=\"_blank\" rel=\"noopener noreferrer\">Nettside<\/a><\/p>\n<p><a href=\"https:\/\/i0.wp.com\/pequod.nesodd1.no\/wp-content\/uploads\/2020\/04\/IMG-0511.jpg?ssl=1\"><img data-recalc-dims=\"1\" loading=\"lazy\" decoding=\"async\" data-attachment-id=\"18050\" data-permalink=\"https:\/\/pequod.nesodd1.no\/?attachment_id=18050\" data-orig-file=\"https:\/\/i0.wp.com\/pequod.nesodd1.no\/wp-content\/uploads\/2020\/04\/IMG-0511.jpg?fit=800%2C600&amp;ssl=1\" data-orig-size=\"800,600\" data-comments-opened=\"1\" data-image-meta=\"{&quot;aperture&quot;:&quot;1.8&quot;,&quot;credit&quot;:&quot;&quot;,&quot;camera&quot;:&quot;iPhone 8 Plus&quot;,&quot;caption&quot;:&quot;&quot;,&quot;created_timestamp&quot;:&quot;1564668911&quot;,&quot;copyright&quot;:&quot;&quot;,&quot;focal_length&quot;:&quot;3.99&quot;,&quot;iso&quot;:&quot;20&quot;,&quot;shutter_speed&quot;:&quot;0.00029103608847497&quot;,&quot;title&quot;:&quot;&quot;,&quot;orientation&quot;:&quot;1&quot;}\" data-image-title=\"IMG-0511\" data-image-description=\"&lt;p&gt;Marex, Hasseltangen, Fevik&lt;\/p&gt;\n\" data-image-caption=\"\" data-large-file=\"https:\/\/i0.wp.com\/pequod.nesodd1.no\/wp-content\/uploads\/2020\/04\/IMG-0511.jpg?fit=800%2C600&amp;ssl=1\" class=\"aligncenter size-full wp-image-18050\" src=\"https:\/\/i0.wp.com\/pequod.nesodd1.no\/wp-content\/uploads\/2020\/04\/IMG-0511.jpg?resize=800%2C600&#038;ssl=1\" alt=\"\" width=\"800\" height=\"600\" srcset=\"https:\/\/i0.wp.com\/pequod.nesodd1.no\/wp-content\/uploads\/2020\/04\/IMG-0511.jpg?w=800&amp;ssl=1 800w, https:\/\/i0.wp.com\/pequod.nesodd1.no\/wp-content\/uploads\/2020\/04\/IMG-0511.jpg?resize=300%2C225&amp;ssl=1 300w, https:\/\/i0.wp.com\/pequod.nesodd1.no\/wp-content\/uploads\/2020\/04\/IMG-0511.jpg?resize=100%2C75&amp;ssl=1 100w, https:\/\/i0.wp.com\/pequod.nesodd1.no\/wp-content\/uploads\/2020\/04\/IMG-0511.jpg?resize=768%2C576&amp;ssl=1 768w\" sizes=\"auto, (max-width: 800px) 100vw, 800px\" \/><\/a><\/p>\n<h3>Related Images:<\/h3>","protected":false},"excerpt":{"rendered":"<p>Hvor: Fevik Posisjon: 58\u00b023&#8217;33.1&#8243;N 8\u00b043&#8217;8.4&#8243;E Type drivstoff:&nbsp;Bensin og diesel Drivstoffkvalitet:&nbsp;? Leverand\u00f8r:&nbsp;\u2013 Pumpe: 24-timers automat Pris (dato sist jeg fylte) : 10.49 (08.08.20) Ikke veldig billig, men synes uansett dieselen er ganske dyr p\u00e5 S\u00f8rlandet sammenlignet med Indre Oslofjord. Var noen \u00f8re billigere i Eydehavn. Kommentar: Marex lager ikke b\u00e5tene sine i Norge lenger, og dette &hellip;<br \/><a href=\"https:\/\/pequod.nesodd1.no\/?page_id=18048\" class=\"more-link pen_element_default pen_icon_arrow_double\">Les<\/a><\/p>\n","protected":false},"author":1,"featured_media":18049,"parent":10056,"menu_order":0,"comment_status":"closed","ping_status":"closed","template":"","meta":{"_crdt_document":"","ngg_post_thumbnail":0,"jetpack_post_was_ever_published":false,"footnotes":""},"class_list":["post-18048","page","type-page","status-publish","has-post-thumbnail","hentry"],"jetpack_shortlink":"https:\/\/wp.me\/P3Zd9b-4H6","jetpack_sharing_enabled":true,"jetpack_likes_enabled":true,"jetpack-related-posts":[],"_links":{"self":[{"href":"https:\/\/pequod.nesodd1.no\/index.php?rest_route=\/wp\/v2\/pages\/18048","targetHints":{"allow":["GET"]}}],"collection":[{"href":"https:\/\/pequod.nesodd1.no\/index.php?rest_route=\/wp\/v2\/pages"}],"about":[{"href":"https:\/\/pequod.nesodd1.no\/index.php?rest_route=\/wp\/v2\/types\/page"}],"author":[{"embeddable":true,"href":"https:\/\/pequod.nesodd1.no\/index.php?rest_route=\/wp\/v2\/users\/1"}],"replies":[{"embeddable":true,"href":"https:\/\/pequod.nesodd1.no\/index.php?rest_route=%2Fwp%2Fv2%2Fcomments&post=18048"}],"version-history":[{"count":5,"href":"https:\/\/pequod.nesodd1.no\/index.php?rest_route=\/wp\/v2\/pages\/18048\/revisions"}],"predecessor-version":[{"id":20524,"href":"https:\/\/pequod.nesodd1.no\/index.php?rest_route=\/wp\/v2\/pages\/18048\/revisions\/20524"}],"up":[{"embeddable":true,"href":"https:\/\/pequod.nesodd1.no\/index.php?rest_route=\/wp\/v2\/pages\/10056"}],"wp:featuredmedia":[{"embeddable":true,"href":"https:\/\/pequod.nesodd1.no\/index.php?rest_route=\/wp\/v2\/media\/18049"}],"wp:attachment":[{"href":"https:\/\/pequod.nesodd1.no\/index.php?rest_route=%2Fwp%2Fv2%2Fmedia&parent=18048"}],"curies":[{"name":"wp","href":"https:\/\/api.w.org\/{rel}","templated":true}]}}