{"id":18141,"date":"2020-04-13T10:09:54","date_gmt":"2020-04-13T08:09:54","guid":{"rendered":"https:\/\/pequod.nesodd1.no\/?page_id=18141"},"modified":"2020-04-13T15:15:33","modified_gmt":"2020-04-13T13:15:33","slug":"bjorko-sverige","status":"publish","type":"page","link":"https:\/\/pequod.nesodd1.no\/?page_id=18141","title":{"rendered":"Bj\u00f6rk\u00f6 (Sverige)"},"content":{"rendered":"<figure id=\"attachment_18143\" aria-describedby=\"caption-attachment-18143\" style=\"width: 300px\" class=\"wp-caption alignleft\"><a href=\"https:\/\/i0.wp.com\/pequod.nesodd1.no\/wp-content\/uploads\/2020\/04\/IMG-1273.jpg?ssl=1\"><img data-recalc-dims=\"1\" loading=\"lazy\" decoding=\"async\" data-attachment-id=\"18143\" data-permalink=\"https:\/\/pequod.nesodd1.no\/?attachment_id=18143\" data-orig-file=\"https:\/\/i0.wp.com\/pequod.nesodd1.no\/wp-content\/uploads\/2020\/04\/IMG-1273.jpg?fit=800%2C600&amp;ssl=1\" data-orig-size=\"800,600\" data-comments-opened=\"1\" data-image-meta=\"{&quot;aperture&quot;:&quot;1.8&quot;,&quot;credit&quot;:&quot;&quot;,&quot;camera&quot;:&quot;iPhone 8 Plus&quot;,&quot;caption&quot;:&quot;&quot;,&quot;created_timestamp&quot;:&quot;1565968144&quot;,&quot;copyright&quot;:&quot;&quot;,&quot;focal_length&quot;:&quot;3.99&quot;,&quot;iso&quot;:&quot;20&quot;,&quot;shutter_speed&quot;:&quot;0.001187648456057&quot;,&quot;title&quot;:&quot;&quot;,&quot;orientation&quot;:&quot;1&quot;}\" data-image-title=\"IMG-1273\" data-image-description=\"&lt;p&gt;Bj\u00f6rk\u00f6&lt;\/p&gt;\n\" data-image-caption=\"&lt;p&gt;Bj\u00f6rk\u00f6&lt;\/p&gt;\n\" data-large-file=\"https:\/\/i0.wp.com\/pequod.nesodd1.no\/wp-content\/uploads\/2020\/04\/IMG-1273.jpg?fit=800%2C600&amp;ssl=1\" class=\"size-medium wp-image-18143\" src=\"https:\/\/i0.wp.com\/pequod.nesodd1.no\/wp-content\/uploads\/2020\/04\/IMG-1273.jpg?resize=300%2C225&#038;ssl=1\" alt=\"\" width=\"300\" height=\"225\" srcset=\"https:\/\/i0.wp.com\/pequod.nesodd1.no\/wp-content\/uploads\/2020\/04\/IMG-1273.jpg?resize=300%2C225&amp;ssl=1 300w, https:\/\/i0.wp.com\/pequod.nesodd1.no\/wp-content\/uploads\/2020\/04\/IMG-1273.jpg?resize=100%2C75&amp;ssl=1 100w, https:\/\/i0.wp.com\/pequod.nesodd1.no\/wp-content\/uploads\/2020\/04\/IMG-1273.jpg?resize=768%2C576&amp;ssl=1 768w, https:\/\/i0.wp.com\/pequod.nesodd1.no\/wp-content\/uploads\/2020\/04\/IMG-1273.jpg?w=800&amp;ssl=1 800w\" sizes=\"auto, (max-width: 300px) 100vw, 300px\" \/><\/a><figcaption id=\"caption-attachment-18143\" class=\"wp-caption-text\">Bj\u00f6rk\u00f6<\/figcaption><\/figure>\n<p><strong>Hvor:<\/strong> Bj\u00f6rk\u00f6 utenfor G\u00f6teborg<br \/>\n<strong>Posisjon:<\/strong>57\u00b044&#8217;2.0&#8243;N 11\u00b040&#8217;17.8&#8243;E<br \/>\n<strong>Type drivstoff:<\/strong>&nbsp;Bensin og diesel<br \/>\n<strong>Drivstoffkvalitet:<\/strong>&nbsp;?<br \/>\n<strong>Leverand\u00f8r:&nbsp;<\/strong>Gulf<br \/>\n<strong>Pumpe:<\/strong>&nbsp;24-timers automat\/betal i butikken<br \/>\n<strong>Pris (dato sist jeg fylte) :<\/strong> <b>16.89<\/b>&nbsp;SEK (16.08.19) Dyreste diesel jeg noengang har fylt!<br \/>\n<strong>Kommentar:<\/strong> F\u00f8rste og forel\u00f8pig eneste gang jeg har fylt diesel i Sverige. Frister ikke til gjentakelse, for \u00e5 si det slik. Men jeg var forberedt p\u00e5 at det er dyrere diesel i Sverige enn i Norge, s\u00e5 veldig sjokkert ble jeg ikke. Men jeg var nok litt uheldig med valg av sted, ettersom jeg leste p\u00e5 baatplassen.no at det var billigere steder i n\u00e6rheten, s\u00e5 jeg kunne ha kommet ned i rundt 12-13 kroner hvis jeg hadde valgt &laquo;riktig&raquo; sted.<\/p>\n<p>Men jeg \u00f8nsket \u00e5 toppe tanken slik at jeg hadde nok til resten av Sverigeturen, og da jeg dro ut fra nabo\u00f8ya K\u00e4ll\u00f6-Knippla valgte jeg den som l\u00e5 n\u00e6rmest. Fyller nok ikke her neste gang jeg er i omr\u00e5det, for \u00e5 si det slik.<\/p>\n<p>Selve Bj\u00f6rk\u00f6 kunne jeg fors\u00e5vidt ha tenkte meg \u00e5 ta en n\u00e6rmere titt p\u00e5 en annen gang, men denne gangen var jeg p\u00e5 vei inn til G\u00f6teborg og var allerede litt sent ute. I tillegg s\u00e5 det ut som om det ikke var s\u00e5 mange ledige plasser til gjestende b\u00e5ter heller.<\/p>\n<p>Drivstoffanlegget for b\u00e5ter er samlokalisert med en vanlig bensinstasjon, og jeg m\u00e5tte inn p\u00e5 stasjonen for \u00e5 betale. Hyggelige folk bak disken, men som sagt, noe i overkant dyrt.<\/p>\n<figure id=\"attachment_18142\" aria-describedby=\"caption-attachment-18142\" style=\"width: 800px\" class=\"wp-caption aligncenter\"><a href=\"https:\/\/i0.wp.com\/pequod.nesodd1.no\/wp-content\/uploads\/2020\/04\/IMG-1272.jpg?ssl=1\"><img data-recalc-dims=\"1\" loading=\"lazy\" decoding=\"async\" data-attachment-id=\"18142\" data-permalink=\"https:\/\/pequod.nesodd1.no\/?attachment_id=18142\" data-orig-file=\"https:\/\/i0.wp.com\/pequod.nesodd1.no\/wp-content\/uploads\/2020\/04\/IMG-1272.jpg?fit=800%2C600&amp;ssl=1\" data-orig-size=\"800,600\" data-comments-opened=\"1\" data-image-meta=\"{&quot;aperture&quot;:&quot;1.8&quot;,&quot;credit&quot;:&quot;&quot;,&quot;camera&quot;:&quot;iPhone 8 Plus&quot;,&quot;caption&quot;:&quot;&quot;,&quot;created_timestamp&quot;:&quot;1565968139&quot;,&quot;copyright&quot;:&quot;&quot;,&quot;focal_length&quot;:&quot;3.99&quot;,&quot;iso&quot;:&quot;20&quot;,&quot;shutter_speed&quot;:&quot;0.00031201248049922&quot;,&quot;title&quot;:&quot;&quot;,&quot;orientation&quot;:&quot;1&quot;}\" data-image-title=\"IMG-1272\" data-image-description=\"&lt;p&gt;Bj\u00f6rk\u00f6&lt;\/p&gt;\n\" data-image-caption=\"&lt;p&gt;Bj\u00f6rk\u00f6 &amp;#8211; fylte for nesten 17 svenske literen der i 2019 &amp;#8211; t\u00f8r ikke tenke p\u00e5 hva prisen er der i \u00e5r&amp;#8230;&lt;\/p&gt;\n\" data-large-file=\"https:\/\/i0.wp.com\/pequod.nesodd1.no\/wp-content\/uploads\/2020\/04\/IMG-1272.jpg?fit=800%2C600&amp;ssl=1\" class=\"size-full wp-image-18142\" src=\"https:\/\/i0.wp.com\/pequod.nesodd1.no\/wp-content\/uploads\/2020\/04\/IMG-1272.jpg?resize=800%2C600&#038;ssl=1\" alt=\"\" width=\"800\" height=\"600\" srcset=\"https:\/\/i0.wp.com\/pequod.nesodd1.no\/wp-content\/uploads\/2020\/04\/IMG-1272.jpg?w=800&amp;ssl=1 800w, https:\/\/i0.wp.com\/pequod.nesodd1.no\/wp-content\/uploads\/2020\/04\/IMG-1272.jpg?resize=300%2C225&amp;ssl=1 300w, https:\/\/i0.wp.com\/pequod.nesodd1.no\/wp-content\/uploads\/2020\/04\/IMG-1272.jpg?resize=100%2C75&amp;ssl=1 100w, https:\/\/i0.wp.com\/pequod.nesodd1.no\/wp-content\/uploads\/2020\/04\/IMG-1272.jpg?resize=768%2C576&amp;ssl=1 768w\" sizes=\"auto, (max-width: 800px) 100vw, 800px\" \/><\/a><figcaption id=\"caption-attachment-18142\" class=\"wp-caption-text\">Bj\u00f6rk\u00f6<\/figcaption><\/figure>\n<h3>Related Images:<\/h3>","protected":false},"excerpt":{"rendered":"<p>Hvor: Bj\u00f6rk\u00f6 utenfor G\u00f6teborg Posisjon:57\u00b044&#8217;2.0&#8243;N 11\u00b040&#8217;17.8&#8243;E Type drivstoff:&nbsp;Bensin og diesel Drivstoffkvalitet:&nbsp;? Leverand\u00f8r:&nbsp;Gulf Pumpe:&nbsp;24-timers automat\/betal i butikken Pris (dato sist jeg fylte) : 16.89&nbsp;SEK (16.08.19) Dyreste diesel jeg noengang har fylt! Kommentar: F\u00f8rste og forel\u00f8pig eneste gang jeg har fylt diesel i Sverige. Frister ikke til gjentakelse, for \u00e5 si det slik. Men jeg var forberedt &hellip;<br \/><a href=\"https:\/\/pequod.nesodd1.no\/?page_id=18141\" class=\"more-link pen_element_default pen_icon_arrow_double\">Les<\/a><\/p>\n","protected":false},"author":1,"featured_media":0,"parent":10056,"menu_order":0,"comment_status":"closed","ping_status":"closed","template":"","meta":{"_crdt_document":"","ngg_post_thumbnail":0,"jetpack_post_was_ever_published":false,"footnotes":""},"class_list":["post-18141","page","type-page","status-publish","hentry"],"jetpack_shortlink":"https:\/\/wp.me\/P3Zd9b-4IB","jetpack_sharing_enabled":true,"jetpack_likes_enabled":true,"jetpack-related-posts":[],"_links":{"self":[{"href":"https:\/\/pequod.nesodd1.no\/index.php?rest_route=\/wp\/v2\/pages\/18141","targetHints":{"allow":["GET"]}}],"collection":[{"href":"https:\/\/pequod.nesodd1.no\/index.php?rest_route=\/wp\/v2\/pages"}],"about":[{"href":"https:\/\/pequod.nesodd1.no\/index.php?rest_route=\/wp\/v2\/types\/page"}],"author":[{"embeddable":true,"href":"https:\/\/pequod.nesodd1.no\/index.php?rest_route=\/wp\/v2\/users\/1"}],"replies":[{"embeddable":true,"href":"https:\/\/pequod.nesodd1.no\/index.php?rest_route=%2Fwp%2Fv2%2Fcomments&post=18141"}],"version-history":[{"count":4,"href":"https:\/\/pequod.nesodd1.no\/index.php?rest_route=\/wp\/v2\/pages\/18141\/revisions"}],"predecessor-version":[{"id":18168,"href":"https:\/\/pequod.nesodd1.no\/index.php?rest_route=\/wp\/v2\/pages\/18141\/revisions\/18168"}],"up":[{"embeddable":true,"href":"https:\/\/pequod.nesodd1.no\/index.php?rest_route=\/wp\/v2\/pages\/10056"}],"wp:attachment":[{"href":"https:\/\/pequod.nesodd1.no\/index.php?rest_route=%2Fwp%2Fv2%2Fmedia&parent=18141"}],"curies":[{"name":"wp","href":"https:\/\/api.w.org\/{rel}","templated":true}]}}