{"id":18150,"date":"2020-04-26T20:50:32","date_gmt":"2020-04-26T18:50:32","guid":{"rendered":"https:\/\/pequod.nesodd1.no\/?page_id=18150"},"modified":"2020-10-27T09:50:38","modified_gmt":"2020-10-27T08:50:38","slug":"solvik-hovik","status":"publish","type":"page","link":"https:\/\/pequod.nesodd1.no\/?page_id=18150","title":{"rendered":"Solvik (H\u00f8vik)"},"content":{"rendered":"<p><strong>Hvor:<\/strong> Solvikbukta i B\u00e6rum<br \/>\n<strong>Posisjon: <\/strong>59\u00b053&#8217;26.7&#8243;N 10\u00b032&#8217;55.7&#8243;E<br \/>\n<strong>Type drivstoff:<\/strong>&nbsp;Bensin og diesel<br \/>\n<strong>Drivstoffkvalitet:<\/strong>&nbsp;?<br \/>\n<strong>Leverand\u00f8r:&nbsp;<\/strong>&#8211;<br \/>\n<strong>Pumpe:<\/strong> 24-timers automat<br \/>\n<strong>Pris (dato sist jeg fylte) :<\/strong> <b>11.99&nbsp;<\/b>(26.09.19)<br \/>\n<strong>Kommentar:<\/strong> Tanket her et par ganger mens jeg hadde midlertidig plass p\u00e5 Lakseberget i Sandvika. \u00c5pent bare i hovedsesongen if\u00f8lge oppslag. Ser ut som det er en slags kiosk i tilknytning til pumpene, men i september var det nok stengt.<\/p>\n<p>Siden Oksen\u00f8ya bruker \u00e5 ligge minst et par kroner under Solvik, s\u00e5 har jeg ikke tanket her f\u00f8r, men prisen var ikke s\u00e5 ille denne gangen, og det var greit \u00e5 f\u00e5 fylt toppet tanken f\u00f8r jeg skulle videre, s\u00e5 jeg tok n\u00e6rmeste mulighet, ogs\u00e5 for \u00e5 sjekke hvordan det var der.<\/p>\n<p>Men det blir nok ikke noe stamsted ut av det, diesel er mye billigere andre steder. Litt rart egentlig, at det er marked for et sted som ligger flere kroner over et annet og rimeligere alterantiv som bare ligger noen f\u00e5 minutters tur fra dette&#8230; Men slik er det vel i Frognerkilen ogs\u00e5, Kongen er adskillig dyrere enn Dronningen. (Har ikke v\u00e6rt p\u00e5 sistnevnte, men det er i alle fall inntrykket jeg f\u00e5r fra omtale i sosiale medier).<\/p>\n<h3>Related Images:<\/h3>","protected":false},"excerpt":{"rendered":"<p>Hvor: Solvikbukta i B\u00e6rum Posisjon: 59\u00b053&#8217;26.7&#8243;N 10\u00b032&#8217;55.7&#8243;E Type drivstoff:&nbsp;Bensin og diesel Drivstoffkvalitet:&nbsp;? Leverand\u00f8r:&nbsp;&#8211; Pumpe: 24-timers automat Pris (dato sist jeg fylte) : 11.99&nbsp;(26.09.19) Kommentar: Tanket her et par ganger mens jeg hadde midlertidig plass p\u00e5 Lakseberget i Sandvika. \u00c5pent bare i hovedsesongen if\u00f8lge oppslag. Ser ut som det er en slags kiosk i tilknytning til &hellip;<br \/><a href=\"https:\/\/pequod.nesodd1.no\/?page_id=18150\" class=\"more-link pen_element_default pen_icon_arrow_double\">Les<\/a><\/p>\n","protected":false},"author":1,"featured_media":18347,"parent":10056,"menu_order":0,"comment_status":"closed","ping_status":"closed","template":"","meta":{"_crdt_document":"","ngg_post_thumbnail":0,"footnotes":""},"class_list":["post-18150","page","type-page","status-publish","has-post-thumbnail","hentry"],"jetpack_shortlink":"https:\/\/wp.me\/P3Zd9b-4IK","jetpack_sharing_enabled":true,"jetpack_likes_enabled":true,"jetpack-related-posts":[],"_links":{"self":[{"href":"https:\/\/pequod.nesodd1.no\/index.php?rest_route=\/wp\/v2\/pages\/18150","targetHints":{"allow":["GET"]}}],"collection":[{"href":"https:\/\/pequod.nesodd1.no\/index.php?rest_route=\/wp\/v2\/pages"}],"about":[{"href":"https:\/\/pequod.nesodd1.no\/index.php?rest_route=\/wp\/v2\/types\/page"}],"author":[{"embeddable":true,"href":"https:\/\/pequod.nesodd1.no\/index.php?rest_route=\/wp\/v2\/users\/1"}],"replies":[{"embeddable":true,"href":"https:\/\/pequod.nesodd1.no\/index.php?rest_route=%2Fwp%2Fv2%2Fcomments&post=18150"}],"version-history":[{"count":6,"href":"https:\/\/pequod.nesodd1.no\/index.php?rest_route=\/wp\/v2\/pages\/18150\/revisions"}],"predecessor-version":[{"id":20518,"href":"https:\/\/pequod.nesodd1.no\/index.php?rest_route=\/wp\/v2\/pages\/18150\/revisions\/20518"}],"up":[{"embeddable":true,"href":"https:\/\/pequod.nesodd1.no\/index.php?rest_route=\/wp\/v2\/pages\/10056"}],"wp:featuredmedia":[{"embeddable":true,"href":"https:\/\/pequod.nesodd1.no\/index.php?rest_route=\/wp\/v2\/media\/18347"}],"wp:attachment":[{"href":"https:\/\/pequod.nesodd1.no\/index.php?rest_route=%2Fwp%2Fv2%2Fmedia&parent=18150"}],"curies":[{"name":"wp","href":"https:\/\/api.w.org\/{rel}","templated":true}]}}