{"id":18158,"date":"2020-04-13T14:36:44","date_gmt":"2020-04-13T12:36:44","guid":{"rendered":"https:\/\/pequod.nesodd1.no\/?page_id=18158"},"modified":"2024-09-08T12:16:41","modified_gmt":"2024-09-08T10:16:41","slug":"skottevik-brygga-restaurant","status":"publish","type":"page","link":"https:\/\/pequod.nesodd1.no\/?page_id=18158","title":{"rendered":"Skottevik (Brygga Restaurant)"},"content":{"rendered":"<p><strong> Vurdering (5 anker er best):<\/strong>&nbsp;<a href=\"https:\/\/i0.wp.com\/pequod.nesodd1.no\/wp-content\/uploads\/2019\/10\/klistremerker-anker-og-tau-design.jpg.jpg?ssl=1\"><img loading=\"lazy\" decoding=\"async\" data-attachment-id=\"16489\" data-permalink=\"https:\/\/pequod.nesodd1.no\/?attachment_id=16489\" data-orig-file=\"https:\/\/i0.wp.com\/pequod.nesodd1.no\/wp-content\/uploads\/2019\/10\/klistremerker-anker-og-tau-design.jpg.jpg?fit=25%2C25&amp;ssl=1\" data-orig-size=\"25,25\" data-comments-opened=\"1\" data-image-meta=\"{&quot;aperture&quot;:&quot;0&quot;,&quot;credit&quot;:&quot;tribalium81&quot;,&quot;camera&quot;:&quot;&quot;,&quot;caption&quot;:&quot;&quot;,&quot;created_timestamp&quot;:&quot;0&quot;,&quot;copyright&quot;:&quot;tribalium81&quot;,&quot;focal_length&quot;:&quot;0&quot;,&quot;iso&quot;:&quot;0&quot;,&quot;shutter_speed&quot;:&quot;0&quot;,&quot;title&quot;:&quot;anchor and rope design&quot;,&quot;orientation&quot;:&quot;1&quot;}\" data-image-title=\"anchor and rope design\" data-image-description=\"\" data-image-caption=\"\" data-medium-file=\"https:\/\/i0.wp.com\/pequod.nesodd1.no\/wp-content\/uploads\/2019\/10\/klistremerker-anker-og-tau-design.jpg.jpg?fit=25%2C25&amp;ssl=1\" data-large-file=\"https:\/\/i0.wp.com\/pequod.nesodd1.no\/wp-content\/uploads\/2019\/10\/klistremerker-anker-og-tau-design.jpg.jpg?fit=25%2C25&amp;ssl=1\" class=\"alignnone size-full wp-image-16489 jetpack-lazy-image jetpack-lazy-image--handled\" src=\"https:\/\/i0.wp.com\/pequod.nesodd1.no\/wp-content\/uploads\/2019\/10\/klistremerker-anker-og-tau-design.jpg.jpg?resize=25%2C25&amp;ssl=1\" alt=\"\" width=\"25\" height=\"25\" data-attachment-id=\"16489\" data-permalink=\"https:\/\/pequod.nesodd1.no\/?attachment_id=16489\" data-orig-file=\"https:\/\/i0.wp.com\/pequod.nesodd1.no\/wp-content\/uploads\/2019\/10\/klistremerker-anker-og-tau-design.jpg.jpg?fit=25%2C25&amp;ssl=1\" data-orig-size=\"25,25\" data-comments-opened=\"1\" data-image-meta=\"{&quot;aperture&quot;:&quot;0&quot;,&quot;credit&quot;:&quot;tribalium81&quot;,&quot;camera&quot;:&quot;&quot;,&quot;caption&quot;:&quot;&quot;,&quot;created_timestamp&quot;:&quot;0&quot;,&quot;copyright&quot;:&quot;tribalium81&quot;,&quot;focal_length&quot;:&quot;0&quot;,&quot;iso&quot;:&quot;0&quot;,&quot;shutter_speed&quot;:&quot;0&quot;,&quot;title&quot;:&quot;anchor and rope design&quot;,&quot;orientation&quot;:&quot;1&quot;}\" data-image-title=\"anchor and rope design\" data-image-description=\"\" data-medium-file=\"https:\/\/i0.wp.com\/pequod.nesodd1.no\/wp-content\/uploads\/2019\/10\/klistremerker-anker-og-tau-design.jpg.jpg?fit=25%2C25&amp;ssl=1\" data-large-file=\"https:\/\/i0.wp.com\/pequod.nesodd1.no\/wp-content\/uploads\/2019\/10\/klistremerker-anker-og-tau-design.jpg.jpg?fit=25%2C25&amp;ssl=1\" data-recalc-dims=\"1\" data-lazy-loaded=\"1\"><\/a><a href=\"https:\/\/i0.wp.com\/pequod.nesodd1.no\/wp-content\/uploads\/2019\/10\/klistremerker-anker-og-tau-design.jpg.jpg?ssl=1\"><img loading=\"lazy\" decoding=\"async\" data-attachment-id=\"16489\" data-permalink=\"https:\/\/pequod.nesodd1.no\/?attachment_id=16489\" data-orig-file=\"https:\/\/i0.wp.com\/pequod.nesodd1.no\/wp-content\/uploads\/2019\/10\/klistremerker-anker-og-tau-design.jpg.jpg?fit=25%2C25&amp;ssl=1\" data-orig-size=\"25,25\" data-comments-opened=\"1\" data-image-meta=\"{&quot;aperture&quot;:&quot;0&quot;,&quot;credit&quot;:&quot;tribalium81&quot;,&quot;camera&quot;:&quot;&quot;,&quot;caption&quot;:&quot;&quot;,&quot;created_timestamp&quot;:&quot;0&quot;,&quot;copyright&quot;:&quot;tribalium81&quot;,&quot;focal_length&quot;:&quot;0&quot;,&quot;iso&quot;:&quot;0&quot;,&quot;shutter_speed&quot;:&quot;0&quot;,&quot;title&quot;:&quot;anchor and rope design&quot;,&quot;orientation&quot;:&quot;1&quot;}\" data-image-title=\"anchor and rope design\" data-image-description=\"\" data-image-caption=\"\" data-medium-file=\"https:\/\/i0.wp.com\/pequod.nesodd1.no\/wp-content\/uploads\/2019\/10\/klistremerker-anker-og-tau-design.jpg.jpg?fit=25%2C25&amp;ssl=1\" data-large-file=\"https:\/\/i0.wp.com\/pequod.nesodd1.no\/wp-content\/uploads\/2019\/10\/klistremerker-anker-og-tau-design.jpg.jpg?fit=25%2C25&amp;ssl=1\" class=\"alignnone size-full wp-image-16489 jetpack-lazy-image jetpack-lazy-image--handled\" src=\"https:\/\/i0.wp.com\/pequod.nesodd1.no\/wp-content\/uploads\/2019\/10\/klistremerker-anker-og-tau-design.jpg.jpg?resize=25%2C25&amp;ssl=1\" alt=\"\" width=\"25\" height=\"25\" data-attachment-id=\"16489\" data-permalink=\"https:\/\/pequod.nesodd1.no\/?attachment_id=16489\" data-orig-file=\"https:\/\/i0.wp.com\/pequod.nesodd1.no\/wp-content\/uploads\/2019\/10\/klistremerker-anker-og-tau-design.jpg.jpg?fit=25%2C25&amp;ssl=1\" data-orig-size=\"25,25\" data-comments-opened=\"1\" data-image-meta=\"{&quot;aperture&quot;:&quot;0&quot;,&quot;credit&quot;:&quot;tribalium81&quot;,&quot;camera&quot;:&quot;&quot;,&quot;caption&quot;:&quot;&quot;,&quot;created_timestamp&quot;:&quot;0&quot;,&quot;copyright&quot;:&quot;tribalium81&quot;,&quot;focal_length&quot;:&quot;0&quot;,&quot;iso&quot;:&quot;0&quot;,&quot;shutter_speed&quot;:&quot;0&quot;,&quot;title&quot;:&quot;anchor and rope design&quot;,&quot;orientation&quot;:&quot;1&quot;}\" data-image-title=\"anchor and rope design\" data-image-description=\"\" data-medium-file=\"https:\/\/i0.wp.com\/pequod.nesodd1.no\/wp-content\/uploads\/2019\/10\/klistremerker-anker-og-tau-design.jpg.jpg?fit=25%2C25&amp;ssl=1\" data-large-file=\"https:\/\/i0.wp.com\/pequod.nesodd1.no\/wp-content\/uploads\/2019\/10\/klistremerker-anker-og-tau-design.jpg.jpg?fit=25%2C25&amp;ssl=1\" data-recalc-dims=\"1\" data-lazy-loaded=\"1\"><\/a><br \/>\n<strong>Posisjon:<\/strong> 58\u00b07&#8217;22.9&#8243;N 8\u00b013&#8217;57.9&#8243;E<br \/>\n<b>Antall bes\u00f8k:<\/b> 12 <b>Sist bes\u00f8kt:<\/b> August 2024<br \/>\n<b>Fasiliteter:<\/b> Ingen, og to ankere kun p\u00e5 grunn av det. Men veldig god mat i restauranten og toaletter der. Mulig man kan bruke dusjanlegget p\u00e5 selve feriesenteret mot betaling, men dette er ikke et sted beregnet p\u00e5 overnatting eller langtidsopphold med b\u00e5t.<br \/>\n<strong>Fort\u00f8yning:<\/strong> Baug mot brygge og anker. Langsides.<br \/>\n<b>Tilrettelagt for funksjonshemmede:<\/b> Nei. Ganske h\u00f8y brygge.<\/p>\n<p>Denne litt bortgjemte brygga er vel kanskje ikke ment s\u00e5 veldig mye for b\u00e5tgjester med tanke p\u00e5 overnatting. Tilh\u00f8rer restauranten som ligger i tilknytning til Skottevik Feriesenter, og er vel f\u00f8rst og fremst ment for restaurantgjester og for gjester p\u00e5 feriesenteret &#8211; som har en god del dykkere p\u00e5 bes\u00f8k. Derfor ogs\u00e5 en flaggstang like ved som hovedsakelig brukes til \u00e5 heise dykkerflagget. Men ser at de har ganske hyppig bes\u00f8k av lokale hyttegjester som kommer med b\u00e5t ogs\u00e5.<\/p>\n<figure id=\"attachment_15930\" aria-describedby=\"caption-attachment-15930\" style=\"width: 300px\" class=\"wp-caption alignleft\"><a href=\"https:\/\/i0.wp.com\/pequod.nesodd1.no\/wp-content\/uploads\/2019\/06\/58978531_1138162969724357_7483332054822682624_o.jpg?ssl=1\"><img data-recalc-dims=\"1\" loading=\"lazy\" decoding=\"async\" data-attachment-id=\"15930\" data-permalink=\"https:\/\/pequod.nesodd1.no\/?attachment_id=15930\" data-orig-file=\"https:\/\/i0.wp.com\/pequod.nesodd1.no\/wp-content\/uploads\/2019\/06\/58978531_1138162969724357_7483332054822682624_o.jpg?fit=2048%2C1536&amp;ssl=1\" data-orig-size=\"2048,1536\" data-comments-opened=\"1\" data-image-meta=\"{&quot;aperture&quot;:&quot;0&quot;,&quot;credit&quot;:&quot;&quot;,&quot;camera&quot;:&quot;&quot;,&quot;caption&quot;:&quot;&quot;,&quot;created_timestamp&quot;:&quot;0&quot;,&quot;copyright&quot;:&quot;&quot;,&quot;focal_length&quot;:&quot;0&quot;,&quot;iso&quot;:&quot;0&quot;,&quot;shutter_speed&quot;:&quot;0&quot;,&quot;title&quot;:&quot;&quot;,&quot;orientation&quot;:&quot;0&quot;}\" data-image-title=\"58978531_1138162969724357_7483332054822682624_o\" data-image-description=\"&lt;p&gt;Brygga restaurant, Skottevik&lt;\/p&gt;\n\" data-image-caption=\"&lt;p&gt;Luftfoto av Brygga Restaurant&lt;\/p&gt;\n\" data-medium-file=\"https:\/\/i0.wp.com\/pequod.nesodd1.no\/wp-content\/uploads\/2019\/06\/58978531_1138162969724357_7483332054822682624_o.jpg?fit=300%2C225&amp;ssl=1\" data-large-file=\"https:\/\/i0.wp.com\/pequod.nesodd1.no\/wp-content\/uploads\/2019\/06\/58978531_1138162969724357_7483332054822682624_o.jpg?fit=940%2C705&amp;ssl=1\" class=\"size-medium wp-image-15930\" src=\"https:\/\/i0.wp.com\/pequod.nesodd1.no\/wp-content\/uploads\/2019\/06\/58978531_1138162969724357_7483332054822682624_o.jpg?resize=300%2C225&#038;ssl=1\" alt=\"\" width=\"300\" height=\"225\" srcset=\"https:\/\/i0.wp.com\/pequod.nesodd1.no\/wp-content\/uploads\/2019\/06\/58978531_1138162969724357_7483332054822682624_o.jpg?resize=300%2C225&amp;ssl=1 300w, https:\/\/i0.wp.com\/pequod.nesodd1.no\/wp-content\/uploads\/2019\/06\/58978531_1138162969724357_7483332054822682624_o.jpg?resize=100%2C75&amp;ssl=1 100w, https:\/\/i0.wp.com\/pequod.nesodd1.no\/wp-content\/uploads\/2019\/06\/58978531_1138162969724357_7483332054822682624_o.jpg?resize=768%2C576&amp;ssl=1 768w, https:\/\/i0.wp.com\/pequod.nesodd1.no\/wp-content\/uploads\/2019\/06\/58978531_1138162969724357_7483332054822682624_o.jpg?resize=1024%2C768&amp;ssl=1 1024w, https:\/\/i0.wp.com\/pequod.nesodd1.no\/wp-content\/uploads\/2019\/06\/58978531_1138162969724357_7483332054822682624_o.jpg?w=2048&amp;ssl=1 2048w, https:\/\/i0.wp.com\/pequod.nesodd1.no\/wp-content\/uploads\/2019\/06\/58978531_1138162969724357_7483332054822682624_o.jpg?w=1880&amp;ssl=1 1880w\" sizes=\"auto, (max-width: 300px) 100vw, 300px\" \/><\/a><figcaption id=\"caption-attachment-15930\" class=\"wp-caption-text\"><em>Dronefoto av Brygga Restaurant.<\/em><\/figcaption><\/figure>\n<p>Brygga er liten og det stikker ut grunner p\u00e5 begge sider, men grei dybde ellers. To mindre b\u00e5ter (+\/- 30 fot) kan vel ligge ved siden av hverandre langsides, men det er nok baug mot brygge og anker akter som er best, da kan det vel bli plass til to-tre-fire b\u00e5ter, avhengig av bredde. Har ligget der med b\u00e5de snekka og nyb\u00e5ten uten problemer.&nbsp;<\/p>\n<p>Men n\u00e5r det har v\u00e6rt dykkere der som skal fraktes ut har det av og til v\u00e6rt litt trangt om plassen slik at jeg har m\u00e5ttet forhale b\u00e5ten s\u00e5 langt forover som mulig. Det har g\u00e5tt bra, men jeg sp\u00f8r n\u00e5 om de har dykkerbes\u00f8k n\u00e5r jeg legger meg der, slik at jeg kan legge meg s\u00e5 langt forover p\u00e5 brygga som mulig!<\/p>\n<p>Har sett p\u00e5 bilder fra stedet at det har ligget adskillig st\u00f8rre b\u00e5ter enn min langsetter brygga, sikkert mellom 40 og 50 fot!<\/p>\n<p>Ligger litt bortgjemt og noe trangt til p\u00e5 landsiden i det som p\u00e5 sj\u00f8kartet heter Slurkehola. Du f\u00e5r stedet p\u00e5 styrbord side f\u00f8r Ulv\u00f8ysund og Kv\u00e5sefjorden i retning mot Kristiansand. Ligger litt utsatt til med vind fra vest\/nordvest, blir fort svell der,<\/p>\n<figure id=\"attachment_19010\" aria-describedby=\"caption-attachment-19010\" style=\"width: 300px\" class=\"wp-caption alignright\"><a href=\"https:\/\/i0.wp.com\/pequod.nesodd1.no\/wp-content\/uploads\/2020\/06\/372A3E42-738B-4DB0-A70A-6AC72DCDAE78.jpeg.8003ad42e7b34786471b784215fd2b3f.jpeg?ssl=1\"><img data-recalc-dims=\"1\" loading=\"lazy\" decoding=\"async\" data-attachment-id=\"19010\" data-permalink=\"https:\/\/pequod.nesodd1.no\/?attachment_id=19010\" data-orig-file=\"https:\/\/i0.wp.com\/pequod.nesodd1.no\/wp-content\/uploads\/2020\/06\/372A3E42-738B-4DB0-A70A-6AC72DCDAE78.jpeg.8003ad42e7b34786471b784215fd2b3f.jpeg?fit=1000%2C750&amp;ssl=1\" data-orig-size=\"1000,750\" data-comments-opened=\"1\" data-image-meta=\"{&quot;aperture&quot;:&quot;0&quot;,&quot;credit&quot;:&quot;&quot;,&quot;camera&quot;:&quot;&quot;,&quot;caption&quot;:&quot;&quot;,&quot;created_timestamp&quot;:&quot;0&quot;,&quot;copyright&quot;:&quot;&quot;,&quot;focal_length&quot;:&quot;0&quot;,&quot;iso&quot;:&quot;0&quot;,&quot;shutter_speed&quot;:&quot;0&quot;,&quot;title&quot;:&quot;&quot;,&quot;orientation&quot;:&quot;0&quot;}\" data-image-title=\"372A3E42-738B-4DB0-A70A-6AC72DCDAE78.jpeg.8003ad42e7b34786471b784215fd2b3f\" data-image-description=\"&lt;p&gt;Brygga Restaurant,\u00a0Skottevik&lt;\/p&gt;\n\" data-image-caption=\"&lt;p&gt;God mat til greie priser!&lt;\/p&gt;\n\" data-medium-file=\"https:\/\/i0.wp.com\/pequod.nesodd1.no\/wp-content\/uploads\/2020\/06\/372A3E42-738B-4DB0-A70A-6AC72DCDAE78.jpeg.8003ad42e7b34786471b784215fd2b3f.jpeg?fit=300%2C225&amp;ssl=1\" data-large-file=\"https:\/\/i0.wp.com\/pequod.nesodd1.no\/wp-content\/uploads\/2020\/06\/372A3E42-738B-4DB0-A70A-6AC72DCDAE78.jpeg.8003ad42e7b34786471b784215fd2b3f.jpeg?fit=940%2C705&amp;ssl=1\" class=\"wp-image-19010 size-medium\" src=\"https:\/\/i0.wp.com\/pequod.nesodd1.no\/wp-content\/uploads\/2020\/06\/372A3E42-738B-4DB0-A70A-6AC72DCDAE78.jpeg.8003ad42e7b34786471b784215fd2b3f.jpeg?resize=300%2C225&#038;ssl=1\" alt=\"\" width=\"300\" height=\"225\" srcset=\"https:\/\/i0.wp.com\/pequod.nesodd1.no\/wp-content\/uploads\/2020\/06\/372A3E42-738B-4DB0-A70A-6AC72DCDAE78.jpeg.8003ad42e7b34786471b784215fd2b3f.jpeg?resize=300%2C225&amp;ssl=1 300w, https:\/\/i0.wp.com\/pequod.nesodd1.no\/wp-content\/uploads\/2020\/06\/372A3E42-738B-4DB0-A70A-6AC72DCDAE78.jpeg.8003ad42e7b34786471b784215fd2b3f.jpeg?resize=100%2C75&amp;ssl=1 100w, https:\/\/i0.wp.com\/pequod.nesodd1.no\/wp-content\/uploads\/2020\/06\/372A3E42-738B-4DB0-A70A-6AC72DCDAE78.jpeg.8003ad42e7b34786471b784215fd2b3f.jpeg?resize=768%2C576&amp;ssl=1 768w, https:\/\/i0.wp.com\/pequod.nesodd1.no\/wp-content\/uploads\/2020\/06\/372A3E42-738B-4DB0-A70A-6AC72DCDAE78.jpeg.8003ad42e7b34786471b784215fd2b3f.jpeg?w=1000&amp;ssl=1 1000w\" sizes=\"auto, (max-width: 300px) 100vw, 300px\" \/><\/a><figcaption id=\"caption-attachment-19010\" class=\"wp-caption-text\"><em>God mat til greie priser!<\/em><\/figcaption><\/figure>\n<p>Er du lei maten om bord kan du f\u00e5 god mat p\u00e5 land hvis restauranten\/kroa er \u00e5pen (fra rundt p\u00e5ske til ut i august &#8211; avhengig av v\u00e6r og bes\u00f8k) og kanskje treffer du p\u00e5 broren min i det ene hj\u00f8rnet der han musiserer (har v\u00e6rt profesjonell musiker), det er vel stort sett i helgene. De har Aass \u00f8l p\u00e5 fat og alle rettigheter!<\/p>\n<p>Jeg er vel kanskje ikke helt uhildet, men jeg synes i alle fall at maten (som kona hans stort sett st\u00e5r for) er veldig god der. Hun finner alltid p\u00e5 en liten vri p\u00e5 menyen foran hver sesong, virker det som. I h\u00f8ysesongen i juni\/juli har de innleid ekstra kokk og \u00f8vrig bemanning, ellers er det bare de to som s\u00f8rger for det meste.<\/p>\n<p>Mulig du f\u00e5r en kaffekopp ekstra hvis du nevner at du leste om dem her i b\u00e5tbloggen&#8230;hvem vet? \ud83d\ude42 (Har ikke avtalt noe med dem, alts\u00e5!)<\/p>\n<p>De har begge litt seilerfaring fra f\u00f8r og tar gjerne imot tampen hvis de har tid. Telefonnummeret st\u00e5r p\u00e5 nettsiden, s\u00e5 trenger du hjelp eller vil sp\u00f8rre om det er plass, s\u00e5 er ikke det noe problem.<\/p>\n<p><a href=\"https:\/\/skottevik.no\/fasiliteter\/restaurant\/\" target=\"_blank\" rel=\"noopener noreferrer\">Brygga Restaurant<\/a><\/p>\n<p><a href=\"https:\/\/www.facebook.com\/bryggarestaurantskottevik\/\" target=\"_blank\" rel=\"noopener noreferrer\">Brygga Restaurant p\u00e5 Facebook<\/a><\/p>\n<p><a href=\"https:\/\/skottevik.no\/\" target=\"_blank\" rel=\"noopener noreferrer\">Skottevik Feriesenter<\/a><\/p>\n<p>&nbsp;<\/p>\n<p><a href=\"https:\/\/i0.wp.com\/pequod.nesodd1.no\/wp-content\/uploads\/2020\/06\/DFD1BDF4-CA14-444E-93D7-BAF001D66281.jpeg.06212104c8b89f3ae19a3df08a1b74a3.jpeg?ssl=1\"><img data-recalc-dims=\"1\" loading=\"lazy\" decoding=\"async\" data-attachment-id=\"19011\" data-permalink=\"https:\/\/pequod.nesodd1.no\/?attachment_id=19011\" data-orig-file=\"https:\/\/i0.wp.com\/pequod.nesodd1.no\/wp-content\/uploads\/2020\/06\/DFD1BDF4-CA14-444E-93D7-BAF001D66281.jpeg.06212104c8b89f3ae19a3df08a1b74a3.jpeg?fit=1000%2C750&amp;ssl=1\" data-orig-size=\"1000,750\" data-comments-opened=\"1\" data-image-meta=\"{&quot;aperture&quot;:&quot;0&quot;,&quot;credit&quot;:&quot;&quot;,&quot;camera&quot;:&quot;&quot;,&quot;caption&quot;:&quot;&quot;,&quot;created_timestamp&quot;:&quot;0&quot;,&quot;copyright&quot;:&quot;&quot;,&quot;focal_length&quot;:&quot;0&quot;,&quot;iso&quot;:&quot;0&quot;,&quot;shutter_speed&quot;:&quot;0&quot;,&quot;title&quot;:&quot;&quot;,&quot;orientation&quot;:&quot;0&quot;}\" data-image-title=\"DFD1BDF4-CA14-444E-93D7-BAF001D66281.jpeg.06212104c8b89f3ae19a3df08a1b74a3\" data-image-description=\"&lt;p&gt;Brygga Restaurant,\u00a0Skottevik&lt;\/p&gt;\n\" data-image-caption=\"\" data-medium-file=\"https:\/\/i0.wp.com\/pequod.nesodd1.no\/wp-content\/uploads\/2020\/06\/DFD1BDF4-CA14-444E-93D7-BAF001D66281.jpeg.06212104c8b89f3ae19a3df08a1b74a3.jpeg?fit=300%2C225&amp;ssl=1\" data-large-file=\"https:\/\/i0.wp.com\/pequod.nesodd1.no\/wp-content\/uploads\/2020\/06\/DFD1BDF4-CA14-444E-93D7-BAF001D66281.jpeg.06212104c8b89f3ae19a3df08a1b74a3.jpeg?fit=940%2C705&amp;ssl=1\" class=\"aligncenter size-full wp-image-19011\" src=\"https:\/\/i0.wp.com\/pequod.nesodd1.no\/wp-content\/uploads\/2020\/06\/DFD1BDF4-CA14-444E-93D7-BAF001D66281.jpeg.06212104c8b89f3ae19a3df08a1b74a3.jpeg?resize=940%2C705&#038;ssl=1\" alt=\"\" width=\"940\" height=\"705\" srcset=\"https:\/\/i0.wp.com\/pequod.nesodd1.no\/wp-content\/uploads\/2020\/06\/DFD1BDF4-CA14-444E-93D7-BAF001D66281.jpeg.06212104c8b89f3ae19a3df08a1b74a3.jpeg?w=1000&amp;ssl=1 1000w, https:\/\/i0.wp.com\/pequod.nesodd1.no\/wp-content\/uploads\/2020\/06\/DFD1BDF4-CA14-444E-93D7-BAF001D66281.jpeg.06212104c8b89f3ae19a3df08a1b74a3.jpeg?resize=300%2C225&amp;ssl=1 300w, https:\/\/i0.wp.com\/pequod.nesodd1.no\/wp-content\/uploads\/2020\/06\/DFD1BDF4-CA14-444E-93D7-BAF001D66281.jpeg.06212104c8b89f3ae19a3df08a1b74a3.jpeg?resize=100%2C75&amp;ssl=1 100w, https:\/\/i0.wp.com\/pequod.nesodd1.no\/wp-content\/uploads\/2020\/06\/DFD1BDF4-CA14-444E-93D7-BAF001D66281.jpeg.06212104c8b89f3ae19a3df08a1b74a3.jpeg?resize=768%2C576&amp;ssl=1 768w\" sizes=\"auto, (max-width: 940px) 100vw, 940px\" \/><\/a><\/p>\n<h3>Related Images:<\/h3>","protected":false},"excerpt":{"rendered":"<p>Vurdering (5 anker er best):&nbsp; Posisjon: 58\u00b07&#8217;22.9&#8243;N 8\u00b013&#8217;57.9&#8243;E Antall bes\u00f8k: 12 Sist bes\u00f8kt: August 2024 Fasiliteter: Ingen, og to ankere kun p\u00e5 grunn av det. Men veldig god mat i restauranten og toaletter der. Mulig man kan bruke dusjanlegget p\u00e5 selve feriesenteret mot betaling, men dette er ikke et sted beregnet p\u00e5 overnatting eller langtidsopphold &hellip;<br \/><a href=\"https:\/\/pequod.nesodd1.no\/?page_id=18158\" class=\"more-link pen_element_default pen_icon_arrow_double\">Les<\/a><\/p>\n","protected":false},"author":1,"featured_media":18161,"parent":5665,"menu_order":0,"comment_status":"closed","ping_status":"closed","template":"","meta":{"_crdt_document":"","ngg_post_thumbnail":0,"jetpack_post_was_ever_published":false,"footnotes":""},"class_list":["post-18158","page","type-page","status-publish","has-post-thumbnail","hentry"],"jetpack_shortlink":"https:\/\/wp.me\/P3Zd9b-4IS","jetpack_sharing_enabled":true,"jetpack_likes_enabled":true,"jetpack-related-posts":[],"_links":{"self":[{"href":"https:\/\/pequod.nesodd1.no\/index.php?rest_route=\/wp\/v2\/pages\/18158","targetHints":{"allow":["GET"]}}],"collection":[{"href":"https:\/\/pequod.nesodd1.no\/index.php?rest_route=\/wp\/v2\/pages"}],"about":[{"href":"https:\/\/pequod.nesodd1.no\/index.php?rest_route=\/wp\/v2\/types\/page"}],"author":[{"embeddable":true,"href":"https:\/\/pequod.nesodd1.no\/index.php?rest_route=\/wp\/v2\/users\/1"}],"replies":[{"embeddable":true,"href":"https:\/\/pequod.nesodd1.no\/index.php?rest_route=%2Fwp%2Fv2%2Fcomments&post=18158"}],"version-history":[{"count":23,"href":"https:\/\/pequod.nesodd1.no\/index.php?rest_route=\/wp\/v2\/pages\/18158\/revisions"}],"predecessor-version":[{"id":29296,"href":"https:\/\/pequod.nesodd1.no\/index.php?rest_route=\/wp\/v2\/pages\/18158\/revisions\/29296"}],"up":[{"embeddable":true,"href":"https:\/\/pequod.nesodd1.no\/index.php?rest_route=\/wp\/v2\/pages\/5665"}],"wp:featuredmedia":[{"embeddable":true,"href":"https:\/\/pequod.nesodd1.no\/index.php?rest_route=\/wp\/v2\/media\/18161"}],"wp:attachment":[{"href":"https:\/\/pequod.nesodd1.no\/index.php?rest_route=%2Fwp%2Fv2%2Fmedia&parent=18158"}],"curies":[{"name":"wp","href":"https:\/\/api.w.org\/{rel}","templated":true}]}}